{"id":2575,"date":"2017-05-08T22:35:20","date_gmt":"2017-05-08T20:35:20","guid":{"rendered":"https:\/\/anasounds.com\/mentions-legales\/"},"modified":"2022-02-07T23:41:46","modified_gmt":"2022-02-07T22:41:46","slug":"mentions-legales","status":"publish","type":"page","link":"https:\/\/anasounds.com\/fr\/contact\/mentions-legales\/","title":{"rendered":"mentions l\u00e9gales"},"content":{"rendered":"<h1 style=\"text-align: center;\">mentions l\u00e9gales<\/h1>\n<p style=\"text-align: center;\">Anasounds, soci\u00e9t\u00e9 par action simplifi\u00e9 au capital de 30.000\u20ac<\/p>\n<p style=\"text-align: center;\">Si\u00e8ge social : 9 rue Jean-Baptiste Spinetta ; 06000 Nice<\/p>\n<p style=\"text-align: center;\">Atelier de fabrication : 9 rue Jean-Baptiste Spinetta ; 06000 Nice<\/p>\n<p style=\"text-align: center;\">Email : contact@anasounds.com<\/p>\n<p style=\"text-align: center;\">T\u00e9l\u00e9phone : +33 607318248<\/p>\n<p style=\"text-align: center;\">Num\u00e9ro de TVA Intracom : fr32817666001<\/p>\n<p style=\"text-align: center;\">H\u00e9bergeur du site : Kinsta<\/p>\n<p style=\"text-align: center;\"><a href=\"https:\/\/anasounds.com\/fr\/conditions-generales-de-vente\/\">Conditions g\u00e9n\u00e9rales de vente<\/a><\/p>\n<p style=\"text-align: center;\">Num\u00e9ro de d\u00e9claration simplifi\u00e9e CNIL : 2093849<\/p>\n","protected":false},"excerpt":{"rendered":"<p>mentions l\u00e9gales Anasounds, soci\u00e9t\u00e9 par action simplifi\u00e9 au capital de 30.000\u20ac Si\u00e8ge social : 9 rue Jean-Baptiste Spinetta ; 06000 Nice Atelier de fabrication : 9 rue Jean-Baptiste Spinetta ; 06000 Nice Email : contact@anasounds.com T\u00e9l\u00e9phone : +33 607318248 Num\u00e9ro de TVA Intracom : fr32817666001 H\u00e9bergeur du site : Kinsta Conditions g\u00e9n\u00e9rales de vente Num\u00e9ro &hellip;<\/p>\n","protected":false},"author":2,"featured_media":0,"parent":3105,"menu_order":3,"comment_status":"closed","ping_status":"closed","template":"","meta":{"footnotes":"","_wp_rev_ctl_limit":""},"class_list":["post-2575","page","type-page","status-publish","hentry"],"yoast_head":"<!-- This site is optimized with the Yoast SEO plugin v26.5 - https:\/\/yoast.com\/wordpress\/plugins\/seo\/ -->\n<title>mentions l\u00e9gales | Anasounds<\/title>\n<meta name=\"robots\" content=\"index, follow, max-snippet:-1, max-image-preview:large, max-video-preview:-1\" \/>\n<link rel=\"canonical\" href=\"https:\/\/anasounds.com\/fr\/contact\/mentions-legales\/\" \/>\n<meta property=\"og:locale\" content=\"fr_FR\" \/>\n<meta property=\"og:type\" content=\"article\" \/>\n<meta property=\"og:title\" content=\"mentions l\u00e9gales | Anasounds\" \/>\n<meta property=\"og:description\" content=\"mentions l\u00e9gales Anasounds, soci\u00e9t\u00e9 par action simplifi\u00e9 au capital de 30.000\u20ac Si\u00e8ge social : 9 rue Jean-Baptiste Spinetta ; 06000 Nice Atelier de fabrication : 9 rue Jean-Baptiste Spinetta ; 06000 Nice Email : contact@anasounds.com T\u00e9l\u00e9phone : +33 607318248 Num\u00e9ro de TVA Intracom : fr32817666001 H\u00e9bergeur du site : Kinsta Conditions g\u00e9n\u00e9rales de vente Num\u00e9ro &hellip;\" \/>\n<meta property=\"og:url\" content=\"https:\/\/anasounds.com\/fr\/contact\/mentions-legales\/\" \/>\n<meta property=\"og:site_name\" content=\"Anasounds\" \/>\n<meta property=\"article:publisher\" content=\"https:\/\/www.facebook.com\/AnasoundsFX\/\" \/>\n<meta property=\"article:modified_time\" content=\"2022-02-07T22:41:46+00:00\" \/>\n<meta name=\"twitter:card\" content=\"summary_large_image\" \/>\n<meta name=\"twitter:label1\" content=\"Dur\u00e9e de lecture estim\u00e9e\" \/>\n\t<meta name=\"twitter:data1\" content=\"1 minute\" \/>\n<script type=\"application\/ld+json\" class=\"yoast-schema-graph\">{\"@context\":\"https:\/\/schema.org\",\"@graph\":[{\"@type\":\"WebPage\",\"@id\":\"https:\/\/anasounds.com\/fr\/contact\/mentions-legales\/\",\"url\":\"https:\/\/anasounds.com\/fr\/contact\/mentions-legales\/\",\"name\":\"mentions l\u00e9gales | Anasounds\",\"isPartOf\":{\"@id\":\"https:\/\/anasounds.com\/#website\"},\"datePublished\":\"2017-05-08T20:35:20+00:00\",\"dateModified\":\"2022-02-07T22:41:46+00:00\",\"breadcrumb\":{\"@id\":\"https:\/\/anasounds.com\/fr\/contact\/mentions-legales\/#breadcrumb\"},\"inLanguage\":\"fr-FR\",\"potentialAction\":[{\"@type\":\"ReadAction\",\"target\":[\"https:\/\/anasounds.com\/fr\/contact\/mentions-legales\/\"]}]},{\"@type\":\"BreadcrumbList\",\"@id\":\"https:\/\/anasounds.com\/fr\/contact\/mentions-legales\/#breadcrumb\",\"itemListElement\":[{\"@type\":\"ListItem\",\"position\":1,\"name\":\"Home\",\"item\":\"https:\/\/anasounds.com\/fr\/\"},{\"@type\":\"ListItem\",\"position\":2,\"name\":\"contact\",\"item\":\"https:\/\/anasounds.com\/fr\/contact\/\"},{\"@type\":\"ListItem\",\"position\":3,\"name\":\"mentions l\u00e9gales\"}]},{\"@type\":\"WebSite\",\"@id\":\"https:\/\/anasounds.com\/#website\",\"url\":\"https:\/\/anasounds.com\/\",\"name\":\"Anasounds\",\"description\":\"P\u00e9dales \u00e0 la Fran\u00e7aise\",\"publisher\":{\"@id\":\"https:\/\/anasounds.com\/#organization\"},\"potentialAction\":[{\"@type\":\"SearchAction\",\"target\":{\"@type\":\"EntryPoint\",\"urlTemplate\":\"https:\/\/anasounds.com\/?s={search_term_string}\"},\"query-input\":{\"@type\":\"PropertyValueSpecification\",\"valueRequired\":true,\"valueName\":\"search_term_string\"}}],\"inLanguage\":\"fr-FR\"},{\"@type\":\"Organization\",\"@id\":\"https:\/\/anasounds.com\/#organization\",\"name\":\"Anasounds\",\"url\":\"https:\/\/anasounds.com\/\",\"logo\":{\"@type\":\"ImageObject\",\"inLanguage\":\"fr-FR\",\"@id\":\"https:\/\/anasounds.com\/#\/schema\/logo\/image\/\",\"url\":\"https:\/\/anasounds.com\/wp-content\/uploads\/2017\/10\/Logomadeinfrnoirblc.png\",\"contentUrl\":\"https:\/\/anasounds.com\/wp-content\/uploads\/2017\/10\/Logomadeinfrnoirblc.png\",\"width\":300,\"height\":300,\"caption\":\"Anasounds\"},\"image\":{\"@id\":\"https:\/\/anasounds.com\/#\/schema\/logo\/image\/\"},\"sameAs\":[\"https:\/\/www.facebook.com\/AnasoundsFX\/\",\"https:\/\/www.instagram.com\/anasounds\/\",\"https:\/\/www.youtube.com\/user\/AnaSoundsFR\"]}]}<\/script>\n<!-- \/ Yoast SEO plugin. -->","yoast_head_json":{"title":"mentions l\u00e9gales | Anasounds","robots":{"index":"index","follow":"follow","max-snippet":"max-snippet:-1","max-image-preview":"max-image-preview:large","max-video-preview":"max-video-preview:-1"},"canonical":"https:\/\/anasounds.com\/fr\/contact\/mentions-legales\/","og_locale":"fr_FR","og_type":"article","og_title":"mentions l\u00e9gales | Anasounds","og_description":"mentions l\u00e9gales Anasounds, soci\u00e9t\u00e9 par action simplifi\u00e9 au capital de 30.000\u20ac Si\u00e8ge social : 9 rue Jean-Baptiste Spinetta ; 06000 Nice Atelier de fabrication : 9 rue Jean-Baptiste Spinetta ; 06000 Nice Email : contact@anasounds.com T\u00e9l\u00e9phone : +33 607318248 Num\u00e9ro de TVA Intracom : fr32817666001 H\u00e9bergeur du site : Kinsta Conditions g\u00e9n\u00e9rales de vente Num\u00e9ro &hellip;","og_url":"https:\/\/anasounds.com\/fr\/contact\/mentions-legales\/","og_site_name":"Anasounds","article_publisher":"https:\/\/www.facebook.com\/AnasoundsFX\/","article_modified_time":"2022-02-07T22:41:46+00:00","twitter_card":"summary_large_image","twitter_misc":{"Dur\u00e9e de lecture estim\u00e9e":"1 minute"},"schema":{"@context":"https:\/\/schema.org","@graph":[{"@type":"WebPage","@id":"https:\/\/anasounds.com\/fr\/contact\/mentions-legales\/","url":"https:\/\/anasounds.com\/fr\/contact\/mentions-legales\/","name":"mentions l\u00e9gales | Anasounds","isPartOf":{"@id":"https:\/\/anasounds.com\/#website"},"datePublished":"2017-05-08T20:35:20+00:00","dateModified":"2022-02-07T22:41:46+00:00","breadcrumb":{"@id":"https:\/\/anasounds.com\/fr\/contact\/mentions-legales\/#breadcrumb"},"inLanguage":"fr-FR","potentialAction":[{"@type":"ReadAction","target":["https:\/\/anasounds.com\/fr\/contact\/mentions-legales\/"]}]},{"@type":"BreadcrumbList","@id":"https:\/\/anasounds.com\/fr\/contact\/mentions-legales\/#breadcrumb","itemListElement":[{"@type":"ListItem","position":1,"name":"Home","item":"https:\/\/anasounds.com\/fr\/"},{"@type":"ListItem","position":2,"name":"contact","item":"https:\/\/anasounds.com\/fr\/contact\/"},{"@type":"ListItem","position":3,"name":"mentions l\u00e9gales"}]},{"@type":"WebSite","@id":"https:\/\/anasounds.com\/#website","url":"https:\/\/anasounds.com\/","name":"Anasounds","description":"P\u00e9dales \u00e0 la Fran\u00e7aise","publisher":{"@id":"https:\/\/anasounds.com\/#organization"},"potentialAction":[{"@type":"SearchAction","target":{"@type":"EntryPoint","urlTemplate":"https:\/\/anasounds.com\/?s={search_term_string}"},"query-input":{"@type":"PropertyValueSpecification","valueRequired":true,"valueName":"search_term_string"}}],"inLanguage":"fr-FR"},{"@type":"Organization","@id":"https:\/\/anasounds.com\/#organization","name":"Anasounds","url":"https:\/\/anasounds.com\/","logo":{"@type":"ImageObject","inLanguage":"fr-FR","@id":"https:\/\/anasounds.com\/#\/schema\/logo\/image\/","url":"https:\/\/anasounds.com\/wp-content\/uploads\/2017\/10\/Logomadeinfrnoirblc.png","contentUrl":"https:\/\/anasounds.com\/wp-content\/uploads\/2017\/10\/Logomadeinfrnoirblc.png","width":300,"height":300,"caption":"Anasounds"},"image":{"@id":"https:\/\/anasounds.com\/#\/schema\/logo\/image\/"},"sameAs":["https:\/\/www.facebook.com\/AnasoundsFX\/","https:\/\/www.instagram.com\/anasounds\/","https:\/\/www.youtube.com\/user\/AnaSoundsFR"]}]}},"_links":{"self":[{"href":"https:\/\/anasounds.com\/fr\/wp-json\/wp\/v2\/pages\/2575","targetHints":{"allow":["GET"]}}],"collection":[{"href":"https:\/\/anasounds.com\/fr\/wp-json\/wp\/v2\/pages"}],"about":[{"href":"https:\/\/anasounds.com\/fr\/wp-json\/wp\/v2\/types\/page"}],"author":[{"embeddable":true,"href":"https:\/\/anasounds.com\/fr\/wp-json\/wp\/v2\/users\/2"}],"replies":[{"embeddable":true,"href":"https:\/\/anasounds.com\/fr\/wp-json\/wp\/v2\/comments?post=2575"}],"version-history":[{"count":2,"href":"https:\/\/anasounds.com\/fr\/wp-json\/wp\/v2\/pages\/2575\/revisions"}],"predecessor-version":[{"id":81411,"href":"https:\/\/anasounds.com\/fr\/wp-json\/wp\/v2\/pages\/2575\/revisions\/81411"}],"up":[{"embeddable":true,"href":"https:\/\/anasounds.com\/fr\/wp-json\/wp\/v2\/pages\/3105"}],"wp:attachment":[{"href":"https:\/\/anasounds.com\/fr\/wp-json\/wp\/v2\/media?parent=2575"}],"curies":[{"name":"wp","href":"https:\/\/api.w.org\/{rel}","templated":true}]}}