{"id":2689,"date":"2017-08-14T15:27:45","date_gmt":"2017-08-14T13:27:45","guid":{"rendered":"https:\/\/anasounds.com\/produits\/utilitaires\/"},"modified":"2019-04-25T14:43:13","modified_gmt":"2019-04-25T12:43:13","slug":"utilitaires","status":"publish","type":"page","link":"https:\/\/anasounds.com\/fr\/produits\/utilitaires\/","title":{"rendered":"utilities"},"content":{"rendered":"<div class=\"wpb-content-wrapper\"><p>[vc_row][vc_column width=\u00a0\u00bb2\/3&Prime; css=\u00a0\u00bb.vc_custom_1505131603568{padding-top: 2px !important;}\u00a0\u00bb offset=\u00a0\u00bbvc_hidden-md vc_hidden-sm vc_hidden-xs\u00a0\u00bb][vc_column_text]<\/p>\n<h1 style=\"text-align: left;\">anasounds utilities<\/h1>\n<p>[\/vc_column_text][\/vc_column][vc_column width=\u00a0\u00bb1\/3&Prime; offset=\u00a0\u00bbvc_hidden-md vc_hidden-sm vc_hidden-xs\u00a0\u00bb css=\u00a0\u00bb.vc_custom_1507473685977{padding-top: 13px !important;}\u00a0\u00bb][vc_single_image image=\u00a0\u00bb3793&Prime; img_size=\u00a0\u00bb30&#215;37,5&Prime; alignment=\u00a0\u00bbright\u00a0\u00bb onclick=\u00a0\u00bbcustom_link\u00a0\u00bb img_link_target=\u00a0\u00bb_blank\u00a0\u00bb link=\u00a0\u00bbhttps:\/\/anasounds.com\/shop\/anasounds-origins\/bitoun-fuzz\/\u00a0\u00bb][\/vc_column][\/vc_row][vc_row][vc_column offset=\u00a0\u00bbvc_hidden-md vc_hidden-sm vc_hidden-xs\u00a0\u00bb][vc_separator][\/vc_column][\/vc_row][vc_row][vc_column][vc_empty_space][\/vc_column][\/vc_row][vc_row type=\u00a0\u00bbfull-nopad\u00a0\u00bb][vc_column][vc_column_text]<\/p>\n<h1 style=\"text-align: center;\">jouez en toute tranquillit\u00e9<\/h1>\n<p>&nbsp;<\/p>\n<p style=\"text-align: center;\">Pourquoi lancer notre gramme d&rsquo;utilitaires ? Afin de vous permettre de prot\u00e9ger votre signal de toutes perturbations (<a href=\"https:\/\/anasounds.com\/fr\/produits\/origins-pedals\/bumper\/\" target=\"_blank\" rel=\"noopener noreferrer\">bumper<\/a>),<\/p>\n<p style=\"text-align: center;\">Le but \u00e9tant aussi de vous offrir un contr\u00f4le total de vos p\u00e9dales\/ampli sur sc\u00e8ne (<a href=\"https:\/\/anasounds.com\/fr\/produit\/chicken-waffle-switcher\/\" target=\"_blank\" rel=\"noopener noreferrer\">switcher<\/a>)!<\/p>\n<p>&nbsp;<\/p>\n<h1 style=\"text-align: center;\">d\u00e9couvrez la gamme utilities<\/h1>\n<p>&nbsp;<\/p>\n<p style=\"text-align: center;\">\r\n<div class=\"fat-portfolio-shortcode fat-shortcode-59d65c7504498 clearfix fat-padding-0 filter-ajax thumb-title-cat-hover  layout-carousel \" id=\"fat-portfolio-shortcode-59d65c7504498\"\r\n     data-sc-name=\"utilities-fr\"\r\n     data-animation=\"none\"\r\n     data-animation-duration=\"200\"\r\n     data-fat-col=\"3\"\r\n     data-title-image-popup=\"portfolio_title\"\r\n>\r\n    <div class=\"fat-portfolio-tabs\">\r\n            <div\r\n                class=\"tab-wrapper line-height-1 center \">\r\n            <ul class=\"fat-mg-bottom-50 center\"\r\n                data-sc-id=\"59d65c7504498\">\r\n\r\n                                    <li>\r\n                        <a class=\"ladda-button active transition-slow letter-space\"\r\n                           data-category=\"switcher-fr,buffer-fr\" data-style=\"zoom-out\"\r\n                           data-spinner-color=\"#343434\"\r\n                           data-all-category=\"1\"\r\n                           href=\"javascript:\">\r\n                            ALL                        <\/a>\r\n                    <\/li>\r\n                \r\n                                        <li>\r\n                            <a class=\"ladda-button  letter-space \"\r\n                               data-category=\"switcher-fr\"\r\n                               data-style=\"zoom-out\" data-spinner-color=\"#343434\"\r\n                               href=\"javascript:\"\r\n                            >\r\n                                switcher                            <\/a>\r\n                        <\/li>\r\n                                                <li>\r\n                            <a class=\"ladda-button  letter-space \"\r\n                               data-category=\"buffer-fr\"\r\n                               data-style=\"zoom-out\" data-spinner-color=\"#343434\"\r\n                               href=\"javascript:\"\r\n                            >\r\n                                buffer                            <\/a>\r\n                        <\/li>\r\n                                    <\/ul>\r\n        <\/div>\r\n        <\/div>\r\n    <div class=\"fat-item-wrap owl-carousel\" data-owl-options=\"{&quot;responsive&quot;:{&quot;1300&quot;:{&quot;items&quot;:&quot;4&quot;},&quot;1200&quot;:{&quot;items&quot;:&quot;4&quot;},&quot;980&quot;:{&quot;items&quot;:&quot;4&quot;},&quot;768&quot;:{&quot;items&quot;:&quot;3&quot;},&quot;480&quot;:{&quot;items&quot;:&quot;2&quot;},&quot;320&quot;:{&quot;items&quot;:&quot;1&quot;}},&quot;margin&quot;:0,&quot;dots&quot;:true,&quot;nav&quot;:true,&quot;autoHeight&quot;:&quot;true&quot;,&quot;autoplay&quot;:false,&quot;autoplayTimeout&quot;:2000,&quot;rtl&quot;:false,&quot;loop&quot;:false}\">\r\n        \r\n<div class=\"fat-portfolio-item fat-col-md-3 fat-col-sm-6 fat-col-xs-6 switcher-fr   thumb-title-cat-hover https:\/\/anasounds.com\/fr\/product\/chicken-waffle-switcher\/\">\r\n    <div class=\"fat-thumbnail\" id=\"fat-thumbnail-3784\">\r\n                    <img loading=\"lazy\" decoding=\"async\" src=\"https:\/\/anasounds.com\/wp-content\/uploads\/2017\/08\/switcherfaced\u00e9tour\u00e9-350x350.jpg\" alt=\"chicken &#038; waffle switcher\" width=\"350\"\r\n                 height=\"350\"\r\n            >\r\n                <div class=\"fat-hover-wrap transition-slow\">\r\n            <a href=\"https:\/\/anasounds.com\/fr\/product\/chicken-waffle-switcher\/\" class=\"image-click-able \"><\/a>\r\n            <div class=\"fat-hover-inner transition-slow\">\r\n                <div class=\"title\">\r\n                    <a href=\"https:\/\/anasounds.com\/fr\/product\/chicken-waffle-switcher\/\" title=\"chicken &#038; waffle switcher\" class=\"\">\r\n                        chicken &#038; waffle switcher                    <\/a>\r\n                <\/div>\r\n                <div class=\"category\">\r\n                    switcher                <\/div>\r\n            <\/div>\r\n        <\/div>\r\n    <\/div>\r\n<\/div>\r\n\r\n<div class=\"fat-portfolio-item fat-col-md-3 fat-col-sm-6 fat-col-xs-6 switcher-fr   thumb-title-cat-hover \">\r\n    <div class=\"fat-thumbnail\" id=\"fat-thumbnail-4576\">\r\n                    <img loading=\"lazy\" decoding=\"async\" src=\"https:\/\/anasounds.com\/wp-content\/uploads\/2017\/10\/squicherfaced\u00e9tour\u00e9-350x350.jpg\" alt=\"squicher\" width=\"350\"\r\n                 height=\"350\"\r\n            >\r\n                <div class=\"fat-hover-wrap transition-slow\">\r\n            <a href=\"https:\/\/anasounds.com\/fr\/product\/squicher-simple-switcher\/\" class=\"image-click-able \"><\/a>\r\n            <div class=\"fat-hover-inner transition-slow\">\r\n                <div class=\"title\">\r\n                    <a href=\"https:\/\/anasounds.com\/fr\/product\/squicher-simple-switcher\/\" title=\"squicher\" class=\"\">\r\n                        squicher                    <\/a>\r\n                <\/div>\r\n                <div class=\"category\">\r\n                    switcher                <\/div>\r\n            <\/div>\r\n        <\/div>\r\n    <\/div>\r\n<\/div>\r\n\r\n<div class=\"fat-portfolio-item fat-col-md-3 fat-col-sm-6 fat-col-xs-6 buffer-fr   thumb-title-cat-hover \">\r\n    <div class=\"fat-thumbnail\" id=\"fat-thumbnail-3744\">\r\n                    <img loading=\"lazy\" decoding=\"async\" src=\"https:\/\/anasounds.com\/wp-content\/uploads\/2017\/07\/bumperface-350x350.jpg\" alt=\"bumper\" width=\"350\"\r\n                 height=\"350\"\r\n            >\r\n                <div class=\"fat-hover-wrap transition-slow\">\r\n            <a href=\"https:\/\/anasounds.com\/fr\/produits\/origins-pedals\/bumper\/\" class=\"image-click-able \"><\/a>\r\n            <div class=\"fat-hover-inner transition-slow\">\r\n                <div class=\"title\">\r\n                    <a href=\"https:\/\/anasounds.com\/fr\/produits\/origins-pedals\/bumper\/\" title=\"bumper\" class=\"\">\r\n                        bumper                    <\/a>\r\n                <\/div>\r\n                <div class=\"category\">\r\n                    buffer                <\/div>\r\n            <\/div>\r\n        <\/div>\r\n    <\/div>\r\n<\/div>\r\n    <\/div>\r\n<\/div>\n<p>[\/vc_column_text][vc_empty_space height=\u00a0\u00bb120px\u00a0\u00bb][\/vc_column][\/vc_row]<\/p>\n<\/div>","protected":false},"excerpt":{"rendered":"<p>[vc_row][vc_column width=\u00a0\u00bb2\/3&Prime; css=\u00a0\u00bb.vc_custom_1505131603568{padding-top: 2px !important;}\u00a0\u00bb offset=\u00a0\u00bbvc_hidden-md vc_hidden-sm vc_hidden-xs\u00a0\u00bb][vc_column_text] anasounds utilities [\/vc_column_text][\/vc_column][vc_column width=\u00a0\u00bb1\/3&Prime; offset=\u00a0\u00bbvc_hidden-md vc_hidden-sm vc_hidden-xs\u00a0\u00bb css=\u00a0\u00bb.vc_custom_1507473685977{padding-top: 13px !important;}\u00a0\u00bb][vc_single_image image=\u00a0\u00bb3793&Prime; img_size=\u00a0\u00bb30&#215;37,5&Prime; alignment=\u00a0\u00bbright\u00a0\u00bb onclick=\u00a0\u00bbcustom_link\u00a0\u00bb img_link_target=\u00a0\u00bb_blank\u00a0\u00bb link=\u00a0\u00bbhttps:\/\/anasounds.com\/shop\/anasounds-origins\/bitoun-fuzz\/\u00a0\u00bb][\/vc_column][\/vc_row][vc_row][vc_column offset=\u00a0\u00bbvc_hidden-md vc_hidden-sm vc_hidden-xs\u00a0\u00bb][vc_separator][\/vc_column][\/vc_row][vc_row][vc_column][vc_empty_space][\/vc_column][\/vc_row][vc_row type=\u00a0\u00bbfull-nopad\u00a0\u00bb][vc_column][vc_column_text] jouez en toute tranquillit\u00e9 &nbsp; Pourquoi lancer notre gramme d&rsquo;utilitaires ? Afin de vous permettre de prot\u00e9ger votre signal de toutes perturbations (bumper), Le but \u00e9tant aussi &hellip;<\/p>\n","protected":false},"author":2,"featured_media":0,"parent":2683,"menu_order":0,"comment_status":"closed","ping_status":"closed","template":"","meta":{"footnotes":"","_wp_rev_ctl_limit":""},"class_list":["post-2689","page","type-page","status-publish","hentry"],"yoast_head":"<!-- This site is optimized with the Yoast SEO plugin v26.5 - https:\/\/yoast.com\/wordpress\/plugins\/seo\/ -->\n<title>utilities | Anasounds<\/title>\n<meta name=\"robots\" content=\"index, follow, max-snippet:-1, max-image-preview:large, max-video-preview:-1\" \/>\n<link rel=\"canonical\" href=\"https:\/\/anasounds.com\/fr\/produits\/utilitaires\/\" \/>\n<meta property=\"og:locale\" content=\"fr_FR\" \/>\n<meta property=\"og:type\" content=\"article\" \/>\n<meta property=\"og:title\" content=\"utilities | Anasounds\" \/>\n<meta property=\"og:description\" content=\"[vc_row][vc_column width=\u00a0\u00bb2\/3&Prime; css=\u00a0\u00bb.vc_custom_1505131603568{padding-top: 2px !important;}\u00a0\u00bb offset=\u00a0\u00bbvc_hidden-md vc_hidden-sm vc_hidden-xs\u00a0\u00bb][vc_column_text] anasounds utilities [\/vc_column_text][\/vc_column][vc_column width=\u00a0\u00bb1\/3&Prime; offset=\u00a0\u00bbvc_hidden-md vc_hidden-sm vc_hidden-xs\u00a0\u00bb css=\u00a0\u00bb.vc_custom_1507473685977{padding-top: 13px !important;}\u00a0\u00bb][vc_single_image image=\u00a0\u00bb3793&Prime; img_size=\u00a0\u00bb30&#215;37,5&Prime; alignment=\u00a0\u00bbright\u00a0\u00bb onclick=\u00a0\u00bbcustom_link\u00a0\u00bb img_link_target=\u00a0\u00bb_blank\u00a0\u00bb link=\u00a0\u00bbhttps:\/\/anasounds.com\/shop\/anasounds-origins\/bitoun-fuzz\/\u00a0\u00bb][\/vc_column][\/vc_row][vc_row][vc_column offset=\u00a0\u00bbvc_hidden-md vc_hidden-sm vc_hidden-xs\u00a0\u00bb][vc_separator][\/vc_column][\/vc_row][vc_row][vc_column][vc_empty_space][\/vc_column][\/vc_row][vc_row type=\u00a0\u00bbfull-nopad\u00a0\u00bb][vc_column][vc_column_text] jouez en toute tranquillit\u00e9 &nbsp; Pourquoi lancer notre gramme d&rsquo;utilitaires ? Afin de vous permettre de prot\u00e9ger votre signal de toutes perturbations (bumper), Le but \u00e9tant aussi &hellip;\" \/>\n<meta property=\"og:url\" content=\"https:\/\/anasounds.com\/fr\/produits\/utilitaires\/\" \/>\n<meta property=\"og:site_name\" content=\"Anasounds\" \/>\n<meta property=\"article:publisher\" content=\"https:\/\/www.facebook.com\/AnasoundsFX\/\" \/>\n<meta property=\"article:modified_time\" content=\"2019-04-25T12:43:13+00:00\" \/>\n<meta name=\"twitter:card\" content=\"summary_large_image\" \/>\n<meta name=\"twitter:label1\" content=\"Dur\u00e9e de lecture estim\u00e9e\" \/>\n\t<meta name=\"twitter:data1\" content=\"1 minute\" \/>\n<script type=\"application\/ld+json\" class=\"yoast-schema-graph\">{\"@context\":\"https:\/\/schema.org\",\"@graph\":[{\"@type\":\"WebPage\",\"@id\":\"https:\/\/anasounds.com\/fr\/produits\/utilitaires\/\",\"url\":\"https:\/\/anasounds.com\/fr\/produits\/utilitaires\/\",\"name\":\"utilities | Anasounds\",\"isPartOf\":{\"@id\":\"https:\/\/anasounds.com\/#website\"},\"datePublished\":\"2017-08-14T13:27:45+00:00\",\"dateModified\":\"2019-04-25T12:43:13+00:00\",\"breadcrumb\":{\"@id\":\"https:\/\/anasounds.com\/fr\/produits\/utilitaires\/#breadcrumb\"},\"inLanguage\":\"fr-FR\",\"potentialAction\":[{\"@type\":\"ReadAction\",\"target\":[\"https:\/\/anasounds.com\/fr\/produits\/utilitaires\/\"]}]},{\"@type\":\"BreadcrumbList\",\"@id\":\"https:\/\/anasounds.com\/fr\/produits\/utilitaires\/#breadcrumb\",\"itemListElement\":[{\"@type\":\"ListItem\",\"position\":1,\"name\":\"Home\",\"item\":\"https:\/\/anasounds.com\/fr\/\"},{\"@type\":\"ListItem\",\"position\":2,\"name\":\"produits\",\"item\":\"https:\/\/anasounds.com\/fr\/produits\/\"},{\"@type\":\"ListItem\",\"position\":3,\"name\":\"utilities\"}]},{\"@type\":\"WebSite\",\"@id\":\"https:\/\/anasounds.com\/#website\",\"url\":\"https:\/\/anasounds.com\/\",\"name\":\"Anasounds\",\"description\":\"P\u00e9dales \u00e0 la Fran\u00e7aise\",\"publisher\":{\"@id\":\"https:\/\/anasounds.com\/#organization\"},\"potentialAction\":[{\"@type\":\"SearchAction\",\"target\":{\"@type\":\"EntryPoint\",\"urlTemplate\":\"https:\/\/anasounds.com\/?s={search_term_string}\"},\"query-input\":{\"@type\":\"PropertyValueSpecification\",\"valueRequired\":true,\"valueName\":\"search_term_string\"}}],\"inLanguage\":\"fr-FR\"},{\"@type\":\"Organization\",\"@id\":\"https:\/\/anasounds.com\/#organization\",\"name\":\"Anasounds\",\"url\":\"https:\/\/anasounds.com\/\",\"logo\":{\"@type\":\"ImageObject\",\"inLanguage\":\"fr-FR\",\"@id\":\"https:\/\/anasounds.com\/#\/schema\/logo\/image\/\",\"url\":\"https:\/\/anasounds.com\/wp-content\/uploads\/2017\/10\/Logomadeinfrnoirblc.png\",\"contentUrl\":\"https:\/\/anasounds.com\/wp-content\/uploads\/2017\/10\/Logomadeinfrnoirblc.png\",\"width\":300,\"height\":300,\"caption\":\"Anasounds\"},\"image\":{\"@id\":\"https:\/\/anasounds.com\/#\/schema\/logo\/image\/\"},\"sameAs\":[\"https:\/\/www.facebook.com\/AnasoundsFX\/\",\"https:\/\/www.instagram.com\/anasounds\/\",\"https:\/\/www.youtube.com\/user\/AnaSoundsFR\"]}]}<\/script>\n<!-- \/ Yoast SEO plugin. -->","yoast_head_json":{"title":"utilities | Anasounds","robots":{"index":"index","follow":"follow","max-snippet":"max-snippet:-1","max-image-preview":"max-image-preview:large","max-video-preview":"max-video-preview:-1"},"canonical":"https:\/\/anasounds.com\/fr\/produits\/utilitaires\/","og_locale":"fr_FR","og_type":"article","og_title":"utilities | Anasounds","og_description":"[vc_row][vc_column width=\u00a0\u00bb2\/3&Prime; css=\u00a0\u00bb.vc_custom_1505131603568{padding-top: 2px !important;}\u00a0\u00bb offset=\u00a0\u00bbvc_hidden-md vc_hidden-sm vc_hidden-xs\u00a0\u00bb][vc_column_text] anasounds utilities [\/vc_column_text][\/vc_column][vc_column width=\u00a0\u00bb1\/3&Prime; offset=\u00a0\u00bbvc_hidden-md vc_hidden-sm vc_hidden-xs\u00a0\u00bb css=\u00a0\u00bb.vc_custom_1507473685977{padding-top: 13px !important;}\u00a0\u00bb][vc_single_image image=\u00a0\u00bb3793&Prime; img_size=\u00a0\u00bb30&#215;37,5&Prime; alignment=\u00a0\u00bbright\u00a0\u00bb onclick=\u00a0\u00bbcustom_link\u00a0\u00bb img_link_target=\u00a0\u00bb_blank\u00a0\u00bb link=\u00a0\u00bbhttps:\/\/anasounds.com\/shop\/anasounds-origins\/bitoun-fuzz\/\u00a0\u00bb][\/vc_column][\/vc_row][vc_row][vc_column offset=\u00a0\u00bbvc_hidden-md vc_hidden-sm vc_hidden-xs\u00a0\u00bb][vc_separator][\/vc_column][\/vc_row][vc_row][vc_column][vc_empty_space][\/vc_column][\/vc_row][vc_row type=\u00a0\u00bbfull-nopad\u00a0\u00bb][vc_column][vc_column_text] jouez en toute tranquillit\u00e9 &nbsp; Pourquoi lancer notre gramme d&rsquo;utilitaires ? Afin de vous permettre de prot\u00e9ger votre signal de toutes perturbations (bumper), Le but \u00e9tant aussi &hellip;","og_url":"https:\/\/anasounds.com\/fr\/produits\/utilitaires\/","og_site_name":"Anasounds","article_publisher":"https:\/\/www.facebook.com\/AnasoundsFX\/","article_modified_time":"2019-04-25T12:43:13+00:00","twitter_card":"summary_large_image","twitter_misc":{"Dur\u00e9e de lecture estim\u00e9e":"1 minute"},"schema":{"@context":"https:\/\/schema.org","@graph":[{"@type":"WebPage","@id":"https:\/\/anasounds.com\/fr\/produits\/utilitaires\/","url":"https:\/\/anasounds.com\/fr\/produits\/utilitaires\/","name":"utilities | Anasounds","isPartOf":{"@id":"https:\/\/anasounds.com\/#website"},"datePublished":"2017-08-14T13:27:45+00:00","dateModified":"2019-04-25T12:43:13+00:00","breadcrumb":{"@id":"https:\/\/anasounds.com\/fr\/produits\/utilitaires\/#breadcrumb"},"inLanguage":"fr-FR","potentialAction":[{"@type":"ReadAction","target":["https:\/\/anasounds.com\/fr\/produits\/utilitaires\/"]}]},{"@type":"BreadcrumbList","@id":"https:\/\/anasounds.com\/fr\/produits\/utilitaires\/#breadcrumb","itemListElement":[{"@type":"ListItem","position":1,"name":"Home","item":"https:\/\/anasounds.com\/fr\/"},{"@type":"ListItem","position":2,"name":"produits","item":"https:\/\/anasounds.com\/fr\/produits\/"},{"@type":"ListItem","position":3,"name":"utilities"}]},{"@type":"WebSite","@id":"https:\/\/anasounds.com\/#website","url":"https:\/\/anasounds.com\/","name":"Anasounds","description":"P\u00e9dales \u00e0 la Fran\u00e7aise","publisher":{"@id":"https:\/\/anasounds.com\/#organization"},"potentialAction":[{"@type":"SearchAction","target":{"@type":"EntryPoint","urlTemplate":"https:\/\/anasounds.com\/?s={search_term_string}"},"query-input":{"@type":"PropertyValueSpecification","valueRequired":true,"valueName":"search_term_string"}}],"inLanguage":"fr-FR"},{"@type":"Organization","@id":"https:\/\/anasounds.com\/#organization","name":"Anasounds","url":"https:\/\/anasounds.com\/","logo":{"@type":"ImageObject","inLanguage":"fr-FR","@id":"https:\/\/anasounds.com\/#\/schema\/logo\/image\/","url":"https:\/\/anasounds.com\/wp-content\/uploads\/2017\/10\/Logomadeinfrnoirblc.png","contentUrl":"https:\/\/anasounds.com\/wp-content\/uploads\/2017\/10\/Logomadeinfrnoirblc.png","width":300,"height":300,"caption":"Anasounds"},"image":{"@id":"https:\/\/anasounds.com\/#\/schema\/logo\/image\/"},"sameAs":["https:\/\/www.facebook.com\/AnasoundsFX\/","https:\/\/www.instagram.com\/anasounds\/","https:\/\/www.youtube.com\/user\/AnaSoundsFR"]}]}},"_links":{"self":[{"href":"https:\/\/anasounds.com\/fr\/wp-json\/wp\/v2\/pages\/2689","targetHints":{"allow":["GET"]}}],"collection":[{"href":"https:\/\/anasounds.com\/fr\/wp-json\/wp\/v2\/pages"}],"about":[{"href":"https:\/\/anasounds.com\/fr\/wp-json\/wp\/v2\/types\/page"}],"author":[{"embeddable":true,"href":"https:\/\/anasounds.com\/fr\/wp-json\/wp\/v2\/users\/2"}],"replies":[{"embeddable":true,"href":"https:\/\/anasounds.com\/fr\/wp-json\/wp\/v2\/comments?post=2689"}],"version-history":[{"count":0,"href":"https:\/\/anasounds.com\/fr\/wp-json\/wp\/v2\/pages\/2689\/revisions"}],"up":[{"embeddable":true,"href":"https:\/\/anasounds.com\/fr\/wp-json\/wp\/v2\/pages\/2683"}],"wp:attachment":[{"href":"https:\/\/anasounds.com\/fr\/wp-json\/wp\/v2\/media?parent=2689"}],"curies":[{"name":"wp","href":"https:\/\/api.w.org\/{rel}","templated":true}]}}