{"id":3057,"date":"2017-07-30T11:39:07","date_gmt":"2017-07-30T09:39:07","guid":{"rendered":"https:\/\/anasounds.com\/?page_id=3057"},"modified":"2019-05-09T12:21:43","modified_gmt":"2019-05-09T10:21:43","slug":"custom-shop","status":"publish","type":"page","link":"https:\/\/anasounds.com\/fr\/custom-shop\/","title":{"rendered":"custom shop"},"content":{"rendered":"<div class=\"wpb-content-wrapper\"><p>[vc_row][vc_column width=\u00a0\u00bb5\/6&Prime; css=\u00a0\u00bb.vc_custom_1502830805456{padding-top: 10px !important;}\u00a0\u00bb offset=\u00a0\u00bbvc_hidden-md vc_hidden-sm vc_hidden-xs\u00a0\u00bb][vc_column_text 0=\u00a0\u00bb\u00a0\u00bb]<\/p>\n<h1>anasounds custom shop<\/h1>\n<p>[\/vc_column_text][\/vc_column][vc_column width=\u00a0\u00bb1\/6&Prime; css=\u00a0\u00bb.vc_custom_1502830813158{padding-top: 15px !important;}\u00a0\u00bb offset=\u00a0\u00bbvc_hidden-md vc_hidden-sm vc_hidden-xs\u00a0\u00bb][vc_column_text 0=\u00a0\u00bb\u00a0\u00bb]<ul class=\"nm-social-profiles icon-size-medium align-right\"><li><a href=\"https:\/\/www.facebook.com\/AnasoundsFX\/\" target=\"_blank\" title=\"Facebook\" class=\"dark\" rel=\"nofollow\"><i class=\"nm-font nm-font-nm-font nm-font-facebook\"><\/i><\/a><\/li><li><a href=\"https:\/\/www.instagram.com\/anasounds\/\" target=\"_blank\" title=\"Instagram\" class=\"dark\" rel=\"nofollow\"><i class=\"nm-font nm-font-nm-font nm-font-instagram-filled\"><\/i><\/a><\/li><li><a href=\"https:\/\/www.youtube.com\/channel\/UCwOZ2vCY0WIRkNsbzE5PKjg\" target=\"_blank\" title=\"YouTube\" class=\"dark\" rel=\"nofollow\"><i class=\"nm-font nm-font-nm-font nm-font-youtube\"><\/i><\/a><\/li><\/ul>[\/vc_column_text][\/vc_column][\/vc_row][vc_row][vc_column offset=\u00a0\u00bbvc_hidden-md vc_hidden-sm vc_hidden-xs\u00a0\u00bb][vc_separator accent_color=\u00a0\u00bb#c1c1c1&Prime;][\/vc_column][\/vc_row][vc_row][vc_column offset=\u00a0\u00bbvc_hidden-md vc_hidden-sm vc_hidden-xs\u00a0\u00bb][vc_empty_space][vc_column_text]<\/p>\n<h1 style=\"text-align: center;\">une p\u00e9dale d&rsquo;effet qui vous ressemble<\/h1>\n<p>[\/vc_column_text][vc_empty_space][vc_single_image image=\u00a0\u00bb15209&Prime; img_size=\u00a0\u00bbfull\u00a0\u00bb alignment=\u00a0\u00bbcenter\u00a0\u00bb][vc_empty_space][vc_column_text]<\/p>\n<p style=\"text-align: center;\">Avec le custom shop d&rsquo;Anasounds, cr\u00e9ez la p\u00e9dale de vos r\u00eaves.<br \/>\nChoisissez parmi une dizaine de mat\u00e9riaux la couleur ou le style qui vous convient,<br \/>\nenvoyez nous vos graphiques et choix artistiques, nous en tiendrons compte.<br \/>\nVous souhaitez plus de r\u00e9glages sur votre p\u00e9dale? Aucuns soucis !<\/p>\n<p>[\/vc_column_text][vc_empty_space][\/vc_column][\/vc_row][vc_row][vc_column]\r\n\t\t\t<div class=\"nm_btn_align_center\">\r\n\t\t\t\t<a href=\"https:\/\/anasounds.com\/fr\/pedales-deffet-sur-mesure\/\" class=\"nm_btn nm_btn_lg nm_btn_filled\"target=\"_blank\">\r\n\t\t\t\t\t<span class=\"nm_btn_title\">cr\u00e9er ma p\u00e9dale en ligne<\/span>\r\n\t\t\t\t\t<span class=\"nm_btn_bg\" style=\"background-color:#000000;\"><\/span>\r\n\t\t\t\t<\/a>\r\n\t\t\t<\/div>[\/vc_column][\/vc_row][vc_row type=\u00a0\u00bbfull-nopad\u00a0\u00bb][vc_column][vc_empty_space][vc_empty_space][vc_separator accent_color=\u00a0\u00bbrgba(0,0,0,0.69)\u00a0\u00bb][vc_empty_space][vc_column_text]<\/p>\n<h1 style=\"text-align: center;\">d\u00e9couvrez nos \u00e9ditions limit\u00e9es<\/h1>\n<p>&nbsp;<\/p>\n<p style=\"text-align: center;\"><img loading=\"lazy\" decoding=\"async\" class=\"aligncenter size-full wp-image-5560\" src=\"https:\/\/anasounds.com\/wp-content\/uploads\/2018\/01\/webaffichelimitededition_Plan-de-travail-1-e1515238189467.jpg\" alt=\"\" width=\"3200\" height=\"1320\" srcset=\"https:\/\/anasounds.com\/wp-content\/uploads\/2018\/01\/webaffichelimitededition_Plan-de-travail-1-e1515238189467.jpg 2560w, https:\/\/anasounds.com\/wp-content\/uploads\/2018\/01\/webaffichelimitededition_Plan-de-travail-1-e1515238189467-1209x499.jpg 1209w, https:\/\/anasounds.com\/wp-content\/uploads\/2018\/01\/webaffichelimitededition_Plan-de-travail-1-e1515238189467-700x289.jpg 700w, https:\/\/anasounds.com\/wp-content\/uploads\/2018\/01\/webaffichelimitededition_Plan-de-travail-1-e1515238189467-768x317.jpg 768w, https:\/\/anasounds.com\/wp-content\/uploads\/2018\/01\/webaffichelimitededition_Plan-de-travail-1-e1515238189467-1200x495.jpg 1200w, https:\/\/anasounds.com\/wp-content\/uploads\/2018\/01\/webaffichelimitededition_Plan-de-travail-1-e1515238189467-680x281.jpg 680w\" sizes=\"auto, (max-width: 3200px) 100vw, 3200px\" \/><\/p>\n<h1 style=\"text-align: center;\"><\/h1>\n<p>&nbsp;<\/p>\n<p style=\"text-align: center;\">Magali adore laisser libre cours \u00e0 sa cr\u00e9ativit\u00e9 et voil\u00e0 tout l&rsquo;int\u00e9r\u00eat des \u00e9ditions limit\u00e9es, pour notre, et votre, plus grand plaisir.<\/p>\n<p style=\"text-align: center;\">D\u00e9couvrez des design uniques, grav\u00e9s sur divers rev\u00eatements, certains r\u00e9glages externes\/internes ajout\u00e9s\/enlev\u00e9s, des bo\u00eetiers color\u00e9s<\/p>\n<p style=\"text-align: center;\">bref, ici, tout\u00a0est permis&#8230;<\/p>\n<p style=\"text-align: center;\">Qui dit \u00e9ditions limit\u00e9es dit proc\u00e9d\u00e9s de fabrication diff\u00e9rents des produits Anasounds classique, voila pourquoi la production se limite en<\/p>\n<p style=\"text-align: center;\">g\u00e9n\u00e9ral \u00a0\u00e0 25 pi\u00e8ces maximum, alors si coup de coeur est ! Foncez !<\/p>\n<p>[\/vc_column_text][vc_empty_space]\r\n\t\t\t<div class=\"nm_btn_align_center\">\r\n\t\t\t\t<a href=\"https:\/\/anasounds.com\/fr\/categorie-produit\/custom-shop-fr\/series-limitees\/\" class=\"nm_btn nm_btn_lg nm_btn_filled\"target=\"_blank\">\r\n\t\t\t\t\t<span class=\"nm_btn_title\">d\u00e9couvrir nos \u00e9ditions limit\u00e9es<\/span>\r\n\t\t\t\t\t<span class=\"nm_btn_bg\" style=\"background-color:#000000;\"><\/span>\r\n\t\t\t\t<\/a>\r\n\t\t\t<\/div>[vc_empty_space][\/vc_column][\/vc_row][vc_row][vc_column][vc_empty_space][vc_separator accent_color=\u00a0\u00bbrgba(0,0,0,0.69)\u00a0\u00bb][vc_empty_space][vc_column_text]<\/p>\n<h1 style=\"text-align: center;\">la solution l\u00e9g\u00e8re et compacte<\/h1>\n<p>[\/vc_column_text][vc_empty_space][vc_single_image image=\u00a0\u00bb15226&Prime; img_size=\u00a0\u00bblarge\u00a0\u00bb alignment=\u00a0\u00bbcenter\u00a0\u00bb][vc_empty_space][vc_column_text]<\/p>\n<p style=\"text-align: center;\">3 formats ! 2 effets, 3 effets ou 5 effets dans une seule bo\u00eete.<br \/>\nChoisissez parmi vos p\u00e9dales favorites de notre gamme et regroupez les dans un seul boitier, plus pratique et plus l\u00e9ger !<br \/>\nEnsuite, branchez simplement une alimentation 9V DC qui s&rsquo;occupera d&rsquo;alimenter toutes vos p\u00e9dales.<br \/>\nSi vous souhaitez par la suite rajouter des effets, des inserts permettront de nouvelles p\u00e9dales au syst\u00e8me.<br \/>\nL&rsquo;entr\u00e9e et la sortie sont bufferis\u00e9es afin d&rsquo;\u00e9viter toute perte de ligne et de se soucier que d&rsquo;une seule chose, jouer de la guitare !<\/p>\n<p>[\/vc_column_text][vc_empty_space]\r\n\t\t\t<div class=\"nm_btn_align_center\">\r\n\t\t\t\t<a href=\"https:\/\/anasounds.com\/fr\/pedalboard-custom-shop\/\" class=\"nm_btn nm_btn_lg nm_btn_filled\"target=\"_blank\">\r\n\t\t\t\t\t<span class=\"nm_btn_title\">cr\u00e9er mon pedalboard<\/span>\r\n\t\t\t\t\t<span class=\"nm_btn_bg\" style=\"background-color:#000000;\"><\/span>\r\n\t\t\t\t<\/a>\r\n\t\t\t<\/div>[vc_empty_space][vc_empty_space][\/vc_column][\/vc_row]<\/p>\n<\/div>","protected":false},"excerpt":{"rendered":"<p>[vc_row][vc_column width=\u00a0\u00bb5\/6&Prime; css=\u00a0\u00bb.vc_custom_1502830805456{padding-top: 10px !important;}\u00a0\u00bb offset=\u00a0\u00bbvc_hidden-md vc_hidden-sm vc_hidden-xs\u00a0\u00bb][vc_column_text 0=\u00a0\u00bb\u00a0\u00bb] anasounds custom shop [\/vc_column_text][\/vc_column][vc_column width=\u00a0\u00bb1\/6&Prime; css=\u00a0\u00bb.vc_custom_1502830813158{padding-top: 15px !important;}\u00a0\u00bb offset=\u00a0\u00bbvc_hidden-md vc_hidden-sm vc_hidden-xs\u00a0\u00bb][vc_column_text 0=\u00a0\u00bb\u00a0\u00bb][\/vc_column_text][\/vc_column][\/vc_row][vc_row][vc_column offset=\u00a0\u00bbvc_hidden-md vc_hidden-sm vc_hidden-xs\u00a0\u00bb][vc_separator accent_color=\u00a0\u00bb#c1c1c1&Prime;][\/vc_column][\/vc_row][vc_row][vc_column offset=\u00a0\u00bbvc_hidden-md vc_hidden-sm vc_hidden-xs\u00a0\u00bb][vc_empty_space][vc_column_text] une p\u00e9dale d&rsquo;effet qui vous ressemble [\/vc_column_text][vc_empty_space][vc_single_image image=\u00a0\u00bb15209&Prime; img_size=\u00a0\u00bbfull\u00a0\u00bb alignment=\u00a0\u00bbcenter\u00a0\u00bb][vc_empty_space][vc_column_text] Avec le custom shop d&rsquo;Anasounds, cr\u00e9ez la p\u00e9dale de vos r\u00eaves. Choisissez parmi une dizaine de mat\u00e9riaux &hellip;<\/p>\n","protected":false},"author":3,"featured_media":0,"parent":0,"menu_order":0,"comment_status":"closed","ping_status":"closed","template":"templates\/page-full.php","meta":{"footnotes":"","_wp_rev_ctl_limit":""},"class_list":["post-3057","page","type-page","status-publish","hentry"],"yoast_head":"<!-- This site is optimized with the Yoast SEO plugin v26.5 - https:\/\/yoast.com\/wordpress\/plugins\/seo\/ -->\n<title>Custom shop Anasounds - Cr\u00e9ez votre propre p\u00e9dale!<\/title>\n<meta name=\"description\" content=\"Gr\u00e2ce \u00e0 notre service de personnalisation vous pouvez d\u00e8s \u00e0 pr\u00e9sent configurer votre propre p\u00e9dale! Choisissez vos mat\u00e9riaux, gravures, inscriptions...\" \/>\n<meta name=\"robots\" content=\"index, follow, max-snippet:-1, max-image-preview:large, max-video-preview:-1\" \/>\n<link rel=\"canonical\" href=\"https:\/\/anasounds.com\/fr\/custom-shop\/\" \/>\n<meta property=\"og:locale\" content=\"fr_FR\" \/>\n<meta property=\"og:type\" content=\"article\" \/>\n<meta property=\"og:title\" content=\"Custom shop Anasounds - Cr\u00e9ez votre propre p\u00e9dale!\" \/>\n<meta property=\"og:description\" content=\"Gr\u00e2ce \u00e0 notre service de personnalisation vous pouvez d\u00e8s \u00e0 pr\u00e9sent configurer votre propre p\u00e9dale! Choisissez vos mat\u00e9riaux, gravures, inscriptions...\" \/>\n<meta property=\"og:url\" content=\"https:\/\/anasounds.com\/fr\/custom-shop\/\" \/>\n<meta property=\"og:site_name\" content=\"Anasounds\" \/>\n<meta property=\"article:publisher\" content=\"https:\/\/www.facebook.com\/AnasoundsFX\/\" \/>\n<meta property=\"article:modified_time\" content=\"2019-05-09T10:21:43+00:00\" \/>\n<meta property=\"og:image\" content=\"https:\/\/anasounds.com\/wp-content\/uploads\/2018\/01\/webaffichelimitededition_Plan-de-travail-1-e1515238189467.jpg\" \/>\n\t<meta property=\"og:image:width\" content=\"2560\" \/>\n\t<meta property=\"og:image:height\" content=\"1056\" \/>\n\t<meta property=\"og:image:type\" content=\"image\/jpeg\" \/>\n<meta name=\"twitter:card\" content=\"summary_large_image\" \/>\n<meta name=\"twitter:label1\" content=\"Dur\u00e9e de lecture estim\u00e9e\" \/>\n\t<meta name=\"twitter:data1\" content=\"3 minutes\" \/>\n<script type=\"application\/ld+json\" class=\"yoast-schema-graph\">{\"@context\":\"https:\/\/schema.org\",\"@graph\":[{\"@type\":\"WebPage\",\"@id\":\"https:\/\/anasounds.com\/fr\/custom-shop\/\",\"url\":\"https:\/\/anasounds.com\/fr\/custom-shop\/\",\"name\":\"Custom shop Anasounds - Cr\u00e9ez votre propre p\u00e9dale!\",\"isPartOf\":{\"@id\":\"https:\/\/anasounds.com\/#website\"},\"primaryImageOfPage\":{\"@id\":\"https:\/\/anasounds.com\/fr\/custom-shop\/#primaryimage\"},\"image\":{\"@id\":\"https:\/\/anasounds.com\/fr\/custom-shop\/#primaryimage\"},\"thumbnailUrl\":\"https:\/\/anasounds.com\/wp-content\/uploads\/2018\/01\/webaffichelimitededition_Plan-de-travail-1-e1515238189467.jpg\",\"datePublished\":\"2017-07-30T09:39:07+00:00\",\"dateModified\":\"2019-05-09T10:21:43+00:00\",\"description\":\"Gr\u00e2ce \u00e0 notre service de personnalisation vous pouvez d\u00e8s \u00e0 pr\u00e9sent configurer votre propre p\u00e9dale! Choisissez vos mat\u00e9riaux, gravures, inscriptions...\",\"breadcrumb\":{\"@id\":\"https:\/\/anasounds.com\/fr\/custom-shop\/#breadcrumb\"},\"inLanguage\":\"fr-FR\",\"potentialAction\":[{\"@type\":\"ReadAction\",\"target\":[\"https:\/\/anasounds.com\/fr\/custom-shop\/\"]}]},{\"@type\":\"ImageObject\",\"inLanguage\":\"fr-FR\",\"@id\":\"https:\/\/anasounds.com\/fr\/custom-shop\/#primaryimage\",\"url\":\"https:\/\/anasounds.com\/wp-content\/uploads\/2018\/01\/webaffichelimitededition_Plan-de-travail-1-e1515238189467.jpg\",\"contentUrl\":\"https:\/\/anasounds.com\/wp-content\/uploads\/2018\/01\/webaffichelimitededition_Plan-de-travail-1-e1515238189467.jpg\"},{\"@type\":\"BreadcrumbList\",\"@id\":\"https:\/\/anasounds.com\/fr\/custom-shop\/#breadcrumb\",\"itemListElement\":[{\"@type\":\"ListItem\",\"position\":1,\"name\":\"Home\",\"item\":\"https:\/\/anasounds.com\/fr\/\"},{\"@type\":\"ListItem\",\"position\":2,\"name\":\"custom shop\"}]},{\"@type\":\"WebSite\",\"@id\":\"https:\/\/anasounds.com\/#website\",\"url\":\"https:\/\/anasounds.com\/\",\"name\":\"Anasounds\",\"description\":\"P\u00e9dales \u00e0 la Fran\u00e7aise\",\"publisher\":{\"@id\":\"https:\/\/anasounds.com\/#organization\"},\"potentialAction\":[{\"@type\":\"SearchAction\",\"target\":{\"@type\":\"EntryPoint\",\"urlTemplate\":\"https:\/\/anasounds.com\/?s={search_term_string}\"},\"query-input\":{\"@type\":\"PropertyValueSpecification\",\"valueRequired\":true,\"valueName\":\"search_term_string\"}}],\"inLanguage\":\"fr-FR\"},{\"@type\":\"Organization\",\"@id\":\"https:\/\/anasounds.com\/#organization\",\"name\":\"Anasounds\",\"url\":\"https:\/\/anasounds.com\/\",\"logo\":{\"@type\":\"ImageObject\",\"inLanguage\":\"fr-FR\",\"@id\":\"https:\/\/anasounds.com\/#\/schema\/logo\/image\/\",\"url\":\"https:\/\/anasounds.com\/wp-content\/uploads\/2017\/10\/Logomadeinfrnoirblc.png\",\"contentUrl\":\"https:\/\/anasounds.com\/wp-content\/uploads\/2017\/10\/Logomadeinfrnoirblc.png\",\"width\":300,\"height\":300,\"caption\":\"Anasounds\"},\"image\":{\"@id\":\"https:\/\/anasounds.com\/#\/schema\/logo\/image\/\"},\"sameAs\":[\"https:\/\/www.facebook.com\/AnasoundsFX\/\",\"https:\/\/www.instagram.com\/anasounds\/\",\"https:\/\/www.youtube.com\/user\/AnaSoundsFR\"]}]}<\/script>\n<!-- \/ Yoast SEO plugin. -->","yoast_head_json":{"title":"Custom shop Anasounds - Cr\u00e9ez votre propre p\u00e9dale!","description":"Gr\u00e2ce \u00e0 notre service de personnalisation vous pouvez d\u00e8s \u00e0 pr\u00e9sent configurer votre propre p\u00e9dale! Choisissez vos mat\u00e9riaux, gravures, inscriptions...","robots":{"index":"index","follow":"follow","max-snippet":"max-snippet:-1","max-image-preview":"max-image-preview:large","max-video-preview":"max-video-preview:-1"},"canonical":"https:\/\/anasounds.com\/fr\/custom-shop\/","og_locale":"fr_FR","og_type":"article","og_title":"Custom shop Anasounds - Cr\u00e9ez votre propre p\u00e9dale!","og_description":"Gr\u00e2ce \u00e0 notre service de personnalisation vous pouvez d\u00e8s \u00e0 pr\u00e9sent configurer votre propre p\u00e9dale! Choisissez vos mat\u00e9riaux, gravures, inscriptions...","og_url":"https:\/\/anasounds.com\/fr\/custom-shop\/","og_site_name":"Anasounds","article_publisher":"https:\/\/www.facebook.com\/AnasoundsFX\/","article_modified_time":"2019-05-09T10:21:43+00:00","og_image":[{"width":2560,"height":1056,"url":"https:\/\/anasounds.com\/wp-content\/uploads\/2018\/01\/webaffichelimitededition_Plan-de-travail-1-e1515238189467.jpg","type":"image\/jpeg"}],"twitter_card":"summary_large_image","twitter_misc":{"Dur\u00e9e de lecture estim\u00e9e":"3 minutes"},"schema":{"@context":"https:\/\/schema.org","@graph":[{"@type":"WebPage","@id":"https:\/\/anasounds.com\/fr\/custom-shop\/","url":"https:\/\/anasounds.com\/fr\/custom-shop\/","name":"Custom shop Anasounds - Cr\u00e9ez votre propre p\u00e9dale!","isPartOf":{"@id":"https:\/\/anasounds.com\/#website"},"primaryImageOfPage":{"@id":"https:\/\/anasounds.com\/fr\/custom-shop\/#primaryimage"},"image":{"@id":"https:\/\/anasounds.com\/fr\/custom-shop\/#primaryimage"},"thumbnailUrl":"https:\/\/anasounds.com\/wp-content\/uploads\/2018\/01\/webaffichelimitededition_Plan-de-travail-1-e1515238189467.jpg","datePublished":"2017-07-30T09:39:07+00:00","dateModified":"2019-05-09T10:21:43+00:00","description":"Gr\u00e2ce \u00e0 notre service de personnalisation vous pouvez d\u00e8s \u00e0 pr\u00e9sent configurer votre propre p\u00e9dale! Choisissez vos mat\u00e9riaux, gravures, inscriptions...","breadcrumb":{"@id":"https:\/\/anasounds.com\/fr\/custom-shop\/#breadcrumb"},"inLanguage":"fr-FR","potentialAction":[{"@type":"ReadAction","target":["https:\/\/anasounds.com\/fr\/custom-shop\/"]}]},{"@type":"ImageObject","inLanguage":"fr-FR","@id":"https:\/\/anasounds.com\/fr\/custom-shop\/#primaryimage","url":"https:\/\/anasounds.com\/wp-content\/uploads\/2018\/01\/webaffichelimitededition_Plan-de-travail-1-e1515238189467.jpg","contentUrl":"https:\/\/anasounds.com\/wp-content\/uploads\/2018\/01\/webaffichelimitededition_Plan-de-travail-1-e1515238189467.jpg"},{"@type":"BreadcrumbList","@id":"https:\/\/anasounds.com\/fr\/custom-shop\/#breadcrumb","itemListElement":[{"@type":"ListItem","position":1,"name":"Home","item":"https:\/\/anasounds.com\/fr\/"},{"@type":"ListItem","position":2,"name":"custom shop"}]},{"@type":"WebSite","@id":"https:\/\/anasounds.com\/#website","url":"https:\/\/anasounds.com\/","name":"Anasounds","description":"P\u00e9dales \u00e0 la Fran\u00e7aise","publisher":{"@id":"https:\/\/anasounds.com\/#organization"},"potentialAction":[{"@type":"SearchAction","target":{"@type":"EntryPoint","urlTemplate":"https:\/\/anasounds.com\/?s={search_term_string}"},"query-input":{"@type":"PropertyValueSpecification","valueRequired":true,"valueName":"search_term_string"}}],"inLanguage":"fr-FR"},{"@type":"Organization","@id":"https:\/\/anasounds.com\/#organization","name":"Anasounds","url":"https:\/\/anasounds.com\/","logo":{"@type":"ImageObject","inLanguage":"fr-FR","@id":"https:\/\/anasounds.com\/#\/schema\/logo\/image\/","url":"https:\/\/anasounds.com\/wp-content\/uploads\/2017\/10\/Logomadeinfrnoirblc.png","contentUrl":"https:\/\/anasounds.com\/wp-content\/uploads\/2017\/10\/Logomadeinfrnoirblc.png","width":300,"height":300,"caption":"Anasounds"},"image":{"@id":"https:\/\/anasounds.com\/#\/schema\/logo\/image\/"},"sameAs":["https:\/\/www.facebook.com\/AnasoundsFX\/","https:\/\/www.instagram.com\/anasounds\/","https:\/\/www.youtube.com\/user\/AnaSoundsFR"]}]}},"_links":{"self":[{"href":"https:\/\/anasounds.com\/fr\/wp-json\/wp\/v2\/pages\/3057","targetHints":{"allow":["GET"]}}],"collection":[{"href":"https:\/\/anasounds.com\/fr\/wp-json\/wp\/v2\/pages"}],"about":[{"href":"https:\/\/anasounds.com\/fr\/wp-json\/wp\/v2\/types\/page"}],"author":[{"embeddable":true,"href":"https:\/\/anasounds.com\/fr\/wp-json\/wp\/v2\/users\/3"}],"replies":[{"embeddable":true,"href":"https:\/\/anasounds.com\/fr\/wp-json\/wp\/v2\/comments?post=3057"}],"version-history":[{"count":0,"href":"https:\/\/anasounds.com\/fr\/wp-json\/wp\/v2\/pages\/3057\/revisions"}],"wp:attachment":[{"href":"https:\/\/anasounds.com\/fr\/wp-json\/wp\/v2\/media?parent=3057"}],"curies":[{"name":"wp","href":"https:\/\/api.w.org\/{rel}","templated":true}]}}