{"id":3107,"date":"2017-05-08T22:32:17","date_gmt":"2017-05-08T20:32:17","guid":{"rendered":"https:\/\/anasounds.com\/?page_id=3107"},"modified":"2025-01-17T15:19:41","modified_gmt":"2025-01-17T14:19:41","slug":"contactez-nous","status":"publish","type":"page","link":"https:\/\/anasounds.com\/fr\/contact\/contactez-nous\/","title":{"rendered":"contactez-nous"},"content":{"rendered":"<div class=\"wpb-content-wrapper\"><p>[vc_row][vc_column width=\u00a0\u00bb5\/6&Prime; css=\u00a0\u00bb.vc_custom_1502229133495{padding-top: 10px !important;}\u00a0\u00bb offset=\u00a0\u00bbvc_hidden-md vc_hidden-sm vc_hidden-xs\u00a0\u00bb][vc_column_text 0=\u00a0\u00bb\u00a0\u00bb]<\/p>\n<h1>un service rapide et sans bavures<\/h1>\n<p>[\/vc_column_text][\/vc_column][vc_column width=\u00a0\u00bb1\/6&Prime; css=\u00a0\u00bb.vc_custom_1502229141987{padding-top: 15px !important;}\u00a0\u00bb offset=\u00a0\u00bbvc_hidden-md vc_hidden-sm vc_hidden-xs\u00a0\u00bb][vc_column_text 0=\u00a0\u00bb\u00a0\u00bb]<ul class=\"nm-social-profiles icon-size-medium align-right\"><li><a href=\"https:\/\/www.facebook.com\/AnasoundsFX\/\" target=\"_blank\" title=\"Facebook\" class=\"dark\" rel=\"nofollow\"><i class=\"nm-font nm-font-nm-font nm-font-facebook\"><\/i><\/a><\/li><li><a href=\"https:\/\/www.instagram.com\/anasounds\/\" target=\"_blank\" title=\"Instagram\" class=\"dark\" rel=\"nofollow\"><i class=\"nm-font nm-font-nm-font nm-font-instagram-filled\"><\/i><\/a><\/li><li><a href=\"https:\/\/www.youtube.com\/channel\/UCwOZ2vCY0WIRkNsbzE5PKjg\" target=\"_blank\" title=\"YouTube\" class=\"dark\" rel=\"nofollow\"><i class=\"nm-font nm-font-nm-font nm-font-youtube\"><\/i><\/a><\/li><\/ul>[\/vc_column_text][\/vc_column][\/vc_row][vc_row][vc_column offset=\u00a0\u00bbvc_hidden-md vc_hidden-sm vc_hidden-xs\u00a0\u00bb][vc_separator][vc_empty_space][\/vc_column][\/vc_row][vc_row][vc_column][vc_column_text css=\u00a0\u00bb\u00a0\u00bb]<\/p>\n<h1 style=\"text-align: center;\">anasounds c&rsquo;est bien \u00e0 nice, en france!<\/h1>\n<p style=\"text-align: center;\"><iframe loading=\"lazy\" style=\"border: 0;\" src=\"https:\/\/www.google.com\/maps\/embed?pb=!1m18!1m12!1m3!1d2884.8552321966768!2d7.236633315914931!3d43.69277297911986!2m3!1f0!2f0!3f0!3m2!1i1024!2i768!4f13.1!3m3!1m2!1s0x12cdd0412ee1f933%3A0x90563ff44f798d15!2sAnasounds!5e0!3m2!1sfr!2sfr!4v1500236870788\" width=\"1920\" height=\"500\" frameborder=\"0\" allowfullscreen=\"allowfullscreen\"><\/iframe><\/p>\n<hr \/>\n<p>&nbsp;<\/p>\n<h1 style=\"text-align: center;\">infos pratiques<\/h1>\n<p>&nbsp;<\/p>\n<p style=\"text-align: center;\">Questions fr\u00e9quentes <a href=\"https:\/\/anasounds.com\/contact\/faq\/\">ici<\/a><\/p>\n<p style=\"text-align: center;\">Besoin d&rsquo;un SAV ? <a href=\"https:\/\/anasounds.com\/contact\/aftersales-repairs\/\">SAV<\/a><\/p>\n<p style=\"text-align: center;\">\u00c9crivez-nous : 9 rue Jean-Baptiste Spinetta, 06000, Nice, France<\/p>\n<p style=\"text-align: center;\">Visitez nos atelier : 9 rue Jean-Baptiste Spinetta, 06000, Nice, France<\/p>\n<p style=\"text-align: center;\">Vous \u00eates le bienvenu pour venir nous rendre visite \u00e0 toutes les p\u00e9riodes de l&rsquo;ann\u00e9e ! Veuillez simplement nous laisser un message ou nous appeler afin d&rsquo;\u00eatre s\u00fbrs d&rsquo;avoir le temps de vous recevoir.<\/p>\n<p>&nbsp;<\/p>\n<hr \/>\n<p>&nbsp;<\/p>\n<h1 style=\"text-align: center;\">laissez nous un message<\/h1>\n<p style=\"text-align: center;\"><a href=\"https:\/\/anasounds.com\/contact-form\/\">Formulaire de contact<\/a><\/p>\n<p>[\/vc_column_text][vc_empty_space][vc_empty_space][\/vc_column][\/vc_row]<\/p>\n<\/div>","protected":false},"excerpt":{"rendered":"<p>[vc_row][vc_column width=\u00a0\u00bb5\/6&Prime; css=\u00a0\u00bb.vc_custom_1502229133495{padding-top: 10px !important;}\u00a0\u00bb offset=\u00a0\u00bbvc_hidden-md vc_hidden-sm vc_hidden-xs\u00a0\u00bb][vc_column_text 0=\u00a0\u00bb\u00a0\u00bb] un service rapide et sans bavures [\/vc_column_text][\/vc_column][vc_column width=\u00a0\u00bb1\/6&Prime; css=\u00a0\u00bb.vc_custom_1502229141987{padding-top: 15px !important;}\u00a0\u00bb offset=\u00a0\u00bbvc_hidden-md vc_hidden-sm vc_hidden-xs\u00a0\u00bb][vc_column_text 0=\u00a0\u00bb\u00a0\u00bb][\/vc_column_text][\/vc_column][\/vc_row][vc_row][vc_column offset=\u00a0\u00bbvc_hidden-md vc_hidden-sm vc_hidden-xs\u00a0\u00bb][vc_separator][vc_empty_space][\/vc_column][\/vc_row][vc_row][vc_column][vc_column_text css=\u00a0\u00bb\u00a0\u00bb] anasounds c&rsquo;est bien \u00e0 nice, en france! &nbsp; infos pratiques &nbsp; Questions fr\u00e9quentes ici Besoin d&rsquo;un SAV ? SAV \u00c9crivez-nous : 9 rue Jean-Baptiste Spinetta, 06000, Nice, &hellip;<\/p>\n","protected":false},"author":2,"featured_media":0,"parent":3105,"menu_order":1,"comment_status":"closed","ping_status":"closed","template":"","meta":{"footnotes":"","_wp_rev_ctl_limit":""},"class_list":["post-3107","page","type-page","status-publish","hentry"],"yoast_head":"<!-- This site is optimized with the Yoast SEO plugin v26.5 - https:\/\/yoast.com\/wordpress\/plugins\/seo\/ -->\n<title>contactez-nous | Anasounds<\/title>\n<meta name=\"robots\" content=\"index, follow, max-snippet:-1, max-image-preview:large, max-video-preview:-1\" \/>\n<link rel=\"canonical\" href=\"https:\/\/anasounds.com\/fr\/contact\/contactez-nous\/\" \/>\n<meta property=\"og:locale\" content=\"fr_FR\" \/>\n<meta property=\"og:type\" content=\"article\" \/>\n<meta property=\"og:title\" content=\"contactez-nous | Anasounds\" \/>\n<meta property=\"og:description\" content=\"[vc_row][vc_column width=\u00a0\u00bb5\/6&Prime; css=\u00a0\u00bb.vc_custom_1502229133495{padding-top: 10px !important;}\u00a0\u00bb offset=\u00a0\u00bbvc_hidden-md vc_hidden-sm vc_hidden-xs\u00a0\u00bb][vc_column_text 0=\u00a0\u00bb\u00a0\u00bb] un service rapide et sans bavures [\/vc_column_text][\/vc_column][vc_column width=\u00a0\u00bb1\/6&Prime; css=\u00a0\u00bb.vc_custom_1502229141987{padding-top: 15px !important;}\u00a0\u00bb offset=\u00a0\u00bbvc_hidden-md vc_hidden-sm vc_hidden-xs\u00a0\u00bb][vc_column_text 0=\u00a0\u00bb\u00a0\u00bb][\/vc_column_text][\/vc_column][\/vc_row][vc_row][vc_column offset=\u00a0\u00bbvc_hidden-md vc_hidden-sm vc_hidden-xs\u00a0\u00bb][vc_separator][vc_empty_space][\/vc_column][\/vc_row][vc_row][vc_column][vc_column_text css=\u00a0\u00bb\u00a0\u00bb] anasounds c&rsquo;est bien \u00e0 nice, en france! &nbsp; infos pratiques &nbsp; Questions fr\u00e9quentes ici Besoin d&rsquo;un SAV ? SAV \u00c9crivez-nous : 9 rue Jean-Baptiste Spinetta, 06000, Nice, &hellip;\" \/>\n<meta property=\"og:url\" content=\"https:\/\/anasounds.com\/fr\/contact\/contactez-nous\/\" \/>\n<meta property=\"og:site_name\" content=\"Anasounds\" \/>\n<meta property=\"article:publisher\" content=\"https:\/\/www.facebook.com\/AnasoundsFX\/\" \/>\n<meta property=\"article:modified_time\" content=\"2025-01-17T14:19:41+00:00\" \/>\n<meta name=\"twitter:card\" content=\"summary_large_image\" \/>\n<meta name=\"twitter:label1\" content=\"Dur\u00e9e de lecture estim\u00e9e\" \/>\n\t<meta name=\"twitter:data1\" content=\"1 minute\" \/>\n<script type=\"application\/ld+json\" class=\"yoast-schema-graph\">{\"@context\":\"https:\/\/schema.org\",\"@graph\":[{\"@type\":\"WebPage\",\"@id\":\"https:\/\/anasounds.com\/fr\/contact\/contactez-nous\/\",\"url\":\"https:\/\/anasounds.com\/fr\/contact\/contactez-nous\/\",\"name\":\"contactez-nous | Anasounds\",\"isPartOf\":{\"@id\":\"https:\/\/anasounds.com\/#website\"},\"datePublished\":\"2017-05-08T20:32:17+00:00\",\"dateModified\":\"2025-01-17T14:19:41+00:00\",\"breadcrumb\":{\"@id\":\"https:\/\/anasounds.com\/fr\/contact\/contactez-nous\/#breadcrumb\"},\"inLanguage\":\"fr-FR\",\"potentialAction\":[{\"@type\":\"ReadAction\",\"target\":[\"https:\/\/anasounds.com\/fr\/contact\/contactez-nous\/\"]}]},{\"@type\":\"BreadcrumbList\",\"@id\":\"https:\/\/anasounds.com\/fr\/contact\/contactez-nous\/#breadcrumb\",\"itemListElement\":[{\"@type\":\"ListItem\",\"position\":1,\"name\":\"Home\",\"item\":\"https:\/\/anasounds.com\/fr\/\"},{\"@type\":\"ListItem\",\"position\":2,\"name\":\"contact\",\"item\":\"https:\/\/anasounds.com\/fr\/contact\/\"},{\"@type\":\"ListItem\",\"position\":3,\"name\":\"contactez-nous\"}]},{\"@type\":\"WebSite\",\"@id\":\"https:\/\/anasounds.com\/#website\",\"url\":\"https:\/\/anasounds.com\/\",\"name\":\"Anasounds\",\"description\":\"P\u00e9dales \u00e0 la Fran\u00e7aise\",\"publisher\":{\"@id\":\"https:\/\/anasounds.com\/#organization\"},\"potentialAction\":[{\"@type\":\"SearchAction\",\"target\":{\"@type\":\"EntryPoint\",\"urlTemplate\":\"https:\/\/anasounds.com\/?s={search_term_string}\"},\"query-input\":{\"@type\":\"PropertyValueSpecification\",\"valueRequired\":true,\"valueName\":\"search_term_string\"}}],\"inLanguage\":\"fr-FR\"},{\"@type\":\"Organization\",\"@id\":\"https:\/\/anasounds.com\/#organization\",\"name\":\"Anasounds\",\"url\":\"https:\/\/anasounds.com\/\",\"logo\":{\"@type\":\"ImageObject\",\"inLanguage\":\"fr-FR\",\"@id\":\"https:\/\/anasounds.com\/#\/schema\/logo\/image\/\",\"url\":\"https:\/\/anasounds.com\/wp-content\/uploads\/2017\/10\/Logomadeinfrnoirblc.png\",\"contentUrl\":\"https:\/\/anasounds.com\/wp-content\/uploads\/2017\/10\/Logomadeinfrnoirblc.png\",\"width\":300,\"height\":300,\"caption\":\"Anasounds\"},\"image\":{\"@id\":\"https:\/\/anasounds.com\/#\/schema\/logo\/image\/\"},\"sameAs\":[\"https:\/\/www.facebook.com\/AnasoundsFX\/\",\"https:\/\/www.instagram.com\/anasounds\/\",\"https:\/\/www.youtube.com\/user\/AnaSoundsFR\"]}]}<\/script>\n<!-- \/ Yoast SEO plugin. -->","yoast_head_json":{"title":"contactez-nous | Anasounds","robots":{"index":"index","follow":"follow","max-snippet":"max-snippet:-1","max-image-preview":"max-image-preview:large","max-video-preview":"max-video-preview:-1"},"canonical":"https:\/\/anasounds.com\/fr\/contact\/contactez-nous\/","og_locale":"fr_FR","og_type":"article","og_title":"contactez-nous | Anasounds","og_description":"[vc_row][vc_column width=\u00a0\u00bb5\/6&Prime; css=\u00a0\u00bb.vc_custom_1502229133495{padding-top: 10px !important;}\u00a0\u00bb offset=\u00a0\u00bbvc_hidden-md vc_hidden-sm vc_hidden-xs\u00a0\u00bb][vc_column_text 0=\u00a0\u00bb\u00a0\u00bb] un service rapide et sans bavures [\/vc_column_text][\/vc_column][vc_column width=\u00a0\u00bb1\/6&Prime; css=\u00a0\u00bb.vc_custom_1502229141987{padding-top: 15px !important;}\u00a0\u00bb offset=\u00a0\u00bbvc_hidden-md vc_hidden-sm vc_hidden-xs\u00a0\u00bb][vc_column_text 0=\u00a0\u00bb\u00a0\u00bb][\/vc_column_text][\/vc_column][\/vc_row][vc_row][vc_column offset=\u00a0\u00bbvc_hidden-md vc_hidden-sm vc_hidden-xs\u00a0\u00bb][vc_separator][vc_empty_space][\/vc_column][\/vc_row][vc_row][vc_column][vc_column_text css=\u00a0\u00bb\u00a0\u00bb] anasounds c&rsquo;est bien \u00e0 nice, en france! &nbsp; infos pratiques &nbsp; Questions fr\u00e9quentes ici Besoin d&rsquo;un SAV ? SAV \u00c9crivez-nous : 9 rue Jean-Baptiste Spinetta, 06000, Nice, &hellip;","og_url":"https:\/\/anasounds.com\/fr\/contact\/contactez-nous\/","og_site_name":"Anasounds","article_publisher":"https:\/\/www.facebook.com\/AnasoundsFX\/","article_modified_time":"2025-01-17T14:19:41+00:00","twitter_card":"summary_large_image","twitter_misc":{"Dur\u00e9e de lecture estim\u00e9e":"1 minute"},"schema":{"@context":"https:\/\/schema.org","@graph":[{"@type":"WebPage","@id":"https:\/\/anasounds.com\/fr\/contact\/contactez-nous\/","url":"https:\/\/anasounds.com\/fr\/contact\/contactez-nous\/","name":"contactez-nous | Anasounds","isPartOf":{"@id":"https:\/\/anasounds.com\/#website"},"datePublished":"2017-05-08T20:32:17+00:00","dateModified":"2025-01-17T14:19:41+00:00","breadcrumb":{"@id":"https:\/\/anasounds.com\/fr\/contact\/contactez-nous\/#breadcrumb"},"inLanguage":"fr-FR","potentialAction":[{"@type":"ReadAction","target":["https:\/\/anasounds.com\/fr\/contact\/contactez-nous\/"]}]},{"@type":"BreadcrumbList","@id":"https:\/\/anasounds.com\/fr\/contact\/contactez-nous\/#breadcrumb","itemListElement":[{"@type":"ListItem","position":1,"name":"Home","item":"https:\/\/anasounds.com\/fr\/"},{"@type":"ListItem","position":2,"name":"contact","item":"https:\/\/anasounds.com\/fr\/contact\/"},{"@type":"ListItem","position":3,"name":"contactez-nous"}]},{"@type":"WebSite","@id":"https:\/\/anasounds.com\/#website","url":"https:\/\/anasounds.com\/","name":"Anasounds","description":"P\u00e9dales \u00e0 la Fran\u00e7aise","publisher":{"@id":"https:\/\/anasounds.com\/#organization"},"potentialAction":[{"@type":"SearchAction","target":{"@type":"EntryPoint","urlTemplate":"https:\/\/anasounds.com\/?s={search_term_string}"},"query-input":{"@type":"PropertyValueSpecification","valueRequired":true,"valueName":"search_term_string"}}],"inLanguage":"fr-FR"},{"@type":"Organization","@id":"https:\/\/anasounds.com\/#organization","name":"Anasounds","url":"https:\/\/anasounds.com\/","logo":{"@type":"ImageObject","inLanguage":"fr-FR","@id":"https:\/\/anasounds.com\/#\/schema\/logo\/image\/","url":"https:\/\/anasounds.com\/wp-content\/uploads\/2017\/10\/Logomadeinfrnoirblc.png","contentUrl":"https:\/\/anasounds.com\/wp-content\/uploads\/2017\/10\/Logomadeinfrnoirblc.png","width":300,"height":300,"caption":"Anasounds"},"image":{"@id":"https:\/\/anasounds.com\/#\/schema\/logo\/image\/"},"sameAs":["https:\/\/www.facebook.com\/AnasoundsFX\/","https:\/\/www.instagram.com\/anasounds\/","https:\/\/www.youtube.com\/user\/AnaSoundsFR"]}]}},"_links":{"self":[{"href":"https:\/\/anasounds.com\/fr\/wp-json\/wp\/v2\/pages\/3107","targetHints":{"allow":["GET"]}}],"collection":[{"href":"https:\/\/anasounds.com\/fr\/wp-json\/wp\/v2\/pages"}],"about":[{"href":"https:\/\/anasounds.com\/fr\/wp-json\/wp\/v2\/types\/page"}],"author":[{"embeddable":true,"href":"https:\/\/anasounds.com\/fr\/wp-json\/wp\/v2\/users\/2"}],"replies":[{"embeddable":true,"href":"https:\/\/anasounds.com\/fr\/wp-json\/wp\/v2\/comments?post=3107"}],"version-history":[{"count":4,"href":"https:\/\/anasounds.com\/fr\/wp-json\/wp\/v2\/pages\/3107\/revisions"}],"predecessor-version":[{"id":96121,"href":"https:\/\/anasounds.com\/fr\/wp-json\/wp\/v2\/pages\/3107\/revisions\/96121"}],"up":[{"embeddable":true,"href":"https:\/\/anasounds.com\/fr\/wp-json\/wp\/v2\/pages\/3105"}],"wp:attachment":[{"href":"https:\/\/anasounds.com\/fr\/wp-json\/wp\/v2\/media?parent=3107"}],"curies":[{"name":"wp","href":"https:\/\/api.w.org\/{rel}","templated":true}]}}