{"id":11568,"date":"2019-01-24T01:48:18","date_gmt":"2019-01-24T00:48:18","guid":{"rendered":"https:\/\/anasounds.com\/?post_type=product&#038;p=11568"},"modified":"2026-04-16T11:55:49","modified_gmt":"2026-04-16T09:55:49","slug":"element-analog-spring-reverb","status":"publish","type":"product","link":"https:\/\/anasounds.com\/fr\/produit\/element-analog-spring-reverb\/","title":{"rendered":"element &#8211; analog spring reverb"},"content":{"rendered":"<h1 style=\"text-align: center;\">pr\u00e9sentation<\/h1>\n<p style=\"text-align: center;\">la element est une p\u00e9dale qui reprend l\u2019essence m\u00eame de la reverb analogique,<br \/>\ncelle qui est obtenue en stimulant physiquement des ressorts gr\u00e2ce au signal de guitare.<br \/>\ntout simplement. sans artifices. sans calculs.<br \/>\nde la belle m\u00e9canique coupl\u00e9e \u00e0 du traitement analogique du signal.<\/p>\n<p style=\"text-align: center;\"><a href=\"https:\/\/anasounds.com\/fr\/element-spring-reverb\/\">pour une pr\u00e9sentation compl\u00e8te de la p\u00e9dale element et de ses accessoires<\/a><\/p>\n<h1 style=\"text-align: center;\">utilisation<\/h1>\n<p style=\"text-align: center;\">il s\u2019agit d\u2019une p\u00e9dale standard, de la m\u00eame taille que toutes les p\u00e9dales anasounds.<br \/>\nvous pouvez l\u2019installer sur votre pedalboard avec du velcro.<br \/>\nelle a un jack d\u2019entr\u00e9e, un jack de sortie et un jack d\u2019alimentation 9v.<br \/>\nJusque l\u00e0, rien de nouveau !<\/p>\n<p style=\"text-align: center;\"><a href=\"https:\/\/anasounds.com\/wp-content\/uploads\/2019\/01\/plug_1.gif\"><img loading=\"lazy\" decoding=\"async\" class=\"alignnone size-full wp-image-11553\" src=\"https:\/\/anasounds.com\/wp-content\/uploads\/2019\/01\/plug_1.gif\" alt=\"\" width=\"480\" height=\"270\" \/><\/a><\/p>\n<p style=\"text-align: center;\">ce qu\u2019elle a en plus, c\u2019est un c\u00e2ble mini jack qui vient se brancher \u00e0 l\u2019arri\u00e8re de la p\u00e9dale.<br \/>\ncelui-ci va se connecter de l\u2019autre c\u00f4t\u00e9 en rca \u00e0 une bo\u00eete pleine de ressorts que l\u2019on appelle un tank.<br \/>\nce tank est indispensable car c\u2019est lui qui permet de g\u00e9n\u00e9rer un effet de reverb de mani\u00e8re analogique.<\/p>\n<p style=\"text-align: center;\"><a href=\"\/?product_cat=anasounds-origins-fr\/reverb-element\">pour d\u00e9couvrir nos tanks qui sont n\u00e9cessaires au bon fonctionnement de la p\u00e9dale<\/a><\/p>\n<h1 style=\"text-align: center;\">dimensions<\/h1>\n<p style=\"text-align: center;\">La p\u00e9dale Element : 12.5 x 6.5 x 5.7 cm.<br \/>\nLe tank Le Bon : 18 x 6 x 4 cm.<br \/>\nLe tank La Brute : 23.5 x 8.4 x 4 cm.<br \/>\nLe tank Le Truand : 42.5 x 10.9 x 4 cm.<\/p>\n","protected":false},"excerpt":{"rendered":"<p style=\"text-align: center;\">une reverb analogique qui utilise de vrais ressorts !<\/p>\n","protected":false},"featured_media":91631,"comment_status":"open","ping_status":"closed","template":"","meta":[],"product_brand":[],"product_cat":[466],"product_tag":[226,477,478],"class_list":{"0":"post-11568","1":"product","2":"type-product","3":"status-publish","4":"has-post-thumbnail","6":"product_cat-reverb-element","7":"product_tag-anasounds","8":"product_tag-element","9":"product_tag-reverb","11":"first","12":"instock","13":"taxable","14":"shipping-taxable","15":"purchasable","16":"product-type-simple"},"supplier_id":83515,"supplier_sku":"","barcode":null,"atum_controlled":true,"out_stock_date":null,"out_stock_threshold":null,"inheritable":false,"inbound_stock":0,"stock_on_hold":0,"sold_today":0,"sales_last_days":0,"reserved_stock":0,"customer_returns":0,"warehouse_damage":0,"lost_in_post":0,"other_logs":0,"out_stock_days":0,"lost_sales":0,"has_location":false,"update_date":"2026-04-19T01:10:42","atum_locations":[],"atum_stock_status":"instock","restock_status":false,"low_stock_amount":"","sales_update_date":"2026-04-19T01:10:42","calc_backorders":0,"yoast_head":"<!-- This site is optimized with the Yoast SEO plugin v26.5 - https:\/\/yoast.com\/wordpress\/plugins\/seo\/ -->\n<title>element - analog spring reverb | Anasounds<\/title>\n<meta name=\"description\" content=\"La Element est une p\u00e9dale qui reprend l\u2019essence m\u00eame de la reverb analogique, celle qui est obtenue en stimulant physiquement des ressorts gr\u00e2ce au signal de guitare. Tout simplement. Sans artifices. Sans calculs. De la belle m\u00e9canique coupl\u00e9e \u00e0 du traitement analogique du signal.\" \/>\n<meta name=\"robots\" content=\"index, follow, max-snippet:-1, max-image-preview:large, max-video-preview:-1\" \/>\n<link rel=\"canonical\" href=\"https:\/\/anasounds.com\/fr\/produit\/element-analog-spring-reverb\/\" \/>\n<meta property=\"og:locale\" content=\"fr_FR\" \/>\n<meta property=\"og:type\" content=\"article\" \/>\n<meta property=\"og:title\" content=\"element - analog spring reverb | Anasounds\" \/>\n<meta property=\"og:description\" content=\"La Element est une p\u00e9dale qui reprend l\u2019essence m\u00eame de la reverb analogique, celle qui est obtenue en stimulant physiquement des ressorts gr\u00e2ce au signal de guitare. Tout simplement. Sans artifices. Sans calculs. De la belle m\u00e9canique coupl\u00e9e \u00e0 du traitement analogique du signal.\" \/>\n<meta property=\"og:url\" content=\"https:\/\/anasounds.com\/fr\/produit\/element-analog-spring-reverb\/\" \/>\n<meta property=\"og:site_name\" content=\"Anasounds\" \/>\n<meta property=\"article:publisher\" content=\"https:\/\/www.facebook.com\/AnasoundsFX\/\" \/>\n<meta property=\"article:modified_time\" content=\"2026-04-16T09:55:49+00:00\" \/>\n<meta property=\"og:image\" content=\"https:\/\/anasounds.com\/wp-content\/uploads\/2019\/01\/Anasounds_element.jpg\" \/>\n\t<meta property=\"og:image:width\" content=\"1500\" \/>\n\t<meta property=\"og:image:height\" content=\"1500\" \/>\n\t<meta property=\"og:image:type\" content=\"image\/jpeg\" \/>\n<meta name=\"twitter:card\" content=\"summary_large_image\" \/>\n<meta name=\"twitter:label1\" content=\"Dur\u00e9e de lecture estim\u00e9e\" \/>\n\t<meta name=\"twitter:data1\" content=\"2 minutes\" \/>\n<script type=\"application\/ld+json\" class=\"yoast-schema-graph\">{\"@context\":\"https:\/\/schema.org\",\"@graph\":[{\"@type\":\"WebPage\",\"@id\":\"https:\/\/anasounds.com\/fr\/produit\/element-analog-spring-reverb\/\",\"url\":\"https:\/\/anasounds.com\/fr\/produit\/element-analog-spring-reverb\/\",\"name\":\"element - analog spring reverb | Anasounds\",\"isPartOf\":{\"@id\":\"https:\/\/anasounds.com\/#website\"},\"primaryImageOfPage\":{\"@id\":\"https:\/\/anasounds.com\/fr\/produit\/element-analog-spring-reverb\/#primaryimage\"},\"image\":{\"@id\":\"https:\/\/anasounds.com\/fr\/produit\/element-analog-spring-reverb\/#primaryimage\"},\"thumbnailUrl\":\"https:\/\/anasounds.com\/wp-content\/uploads\/2019\/01\/Anasounds_element.jpg\",\"datePublished\":\"2019-01-24T00:48:18+00:00\",\"dateModified\":\"2026-04-16T09:55:49+00:00\",\"description\":\"La Element est une p\u00e9dale qui reprend l\u2019essence m\u00eame de la reverb analogique, celle qui est obtenue en stimulant physiquement des ressorts gr\u00e2ce au signal de guitare. Tout simplement. Sans artifices. Sans calculs. De la belle m\u00e9canique coupl\u00e9e \u00e0 du traitement analogique du signal.\",\"breadcrumb\":{\"@id\":\"https:\/\/anasounds.com\/fr\/produit\/element-analog-spring-reverb\/#breadcrumb\"},\"inLanguage\":\"fr-FR\",\"potentialAction\":[{\"@type\":\"ReadAction\",\"target\":[\"https:\/\/anasounds.com\/fr\/produit\/element-analog-spring-reverb\/\"]}]},{\"@type\":\"ImageObject\",\"inLanguage\":\"fr-FR\",\"@id\":\"https:\/\/anasounds.com\/fr\/produit\/element-analog-spring-reverb\/#primaryimage\",\"url\":\"https:\/\/anasounds.com\/wp-content\/uploads\/2019\/01\/Anasounds_element.jpg\",\"contentUrl\":\"https:\/\/anasounds.com\/wp-content\/uploads\/2019\/01\/Anasounds_element.jpg\",\"width\":1500,\"height\":1500},{\"@type\":\"BreadcrumbList\",\"@id\":\"https:\/\/anasounds.com\/fr\/produit\/element-analog-spring-reverb\/#breadcrumb\",\"itemListElement\":[{\"@type\":\"ListItem\",\"position\":1,\"name\":\"Home\",\"item\":\"https:\/\/anasounds.com\/fr\/\"},{\"@type\":\"ListItem\",\"position\":2,\"name\":\"boutique\",\"item\":\"https:\/\/anasounds.com\/fr\/shop\/\"},{\"@type\":\"ListItem\",\"position\":3,\"name\":\"element &#8211; analog spring reverb\"}]},{\"@type\":\"WebSite\",\"@id\":\"https:\/\/anasounds.com\/#website\",\"url\":\"https:\/\/anasounds.com\/\",\"name\":\"Anasounds\",\"description\":\"P\u00e9dales \u00e0 la Fran\u00e7aise\",\"publisher\":{\"@id\":\"https:\/\/anasounds.com\/#organization\"},\"potentialAction\":[{\"@type\":\"SearchAction\",\"target\":{\"@type\":\"EntryPoint\",\"urlTemplate\":\"https:\/\/anasounds.com\/?s={search_term_string}\"},\"query-input\":{\"@type\":\"PropertyValueSpecification\",\"valueRequired\":true,\"valueName\":\"search_term_string\"}}],\"inLanguage\":\"fr-FR\"},{\"@type\":\"Organization\",\"@id\":\"https:\/\/anasounds.com\/#organization\",\"name\":\"Anasounds\",\"url\":\"https:\/\/anasounds.com\/\",\"logo\":{\"@type\":\"ImageObject\",\"inLanguage\":\"fr-FR\",\"@id\":\"https:\/\/anasounds.com\/#\/schema\/logo\/image\/\",\"url\":\"https:\/\/anasounds.com\/wp-content\/uploads\/2017\/10\/Logomadeinfrnoirblc.png\",\"contentUrl\":\"https:\/\/anasounds.com\/wp-content\/uploads\/2017\/10\/Logomadeinfrnoirblc.png\",\"width\":300,\"height\":300,\"caption\":\"Anasounds\"},\"image\":{\"@id\":\"https:\/\/anasounds.com\/#\/schema\/logo\/image\/\"},\"sameAs\":[\"https:\/\/www.facebook.com\/AnasoundsFX\/\",\"https:\/\/www.instagram.com\/anasounds\/\",\"https:\/\/www.youtube.com\/user\/AnaSoundsFR\"]}]}<\/script>\n<!-- \/ Yoast SEO plugin. -->","yoast_head_json":{"title":"element - analog spring reverb | Anasounds","description":"La Element est une p\u00e9dale qui reprend l\u2019essence m\u00eame de la reverb analogique, celle qui est obtenue en stimulant physiquement des ressorts gr\u00e2ce au signal de guitare. Tout simplement. Sans artifices. Sans calculs. De la belle m\u00e9canique coupl\u00e9e \u00e0 du traitement analogique du signal.","robots":{"index":"index","follow":"follow","max-snippet":"max-snippet:-1","max-image-preview":"max-image-preview:large","max-video-preview":"max-video-preview:-1"},"canonical":"https:\/\/anasounds.com\/fr\/produit\/element-analog-spring-reverb\/","og_locale":"fr_FR","og_type":"article","og_title":"element - analog spring reverb | Anasounds","og_description":"La Element est une p\u00e9dale qui reprend l\u2019essence m\u00eame de la reverb analogique, celle qui est obtenue en stimulant physiquement des ressorts gr\u00e2ce au signal de guitare. Tout simplement. Sans artifices. Sans calculs. De la belle m\u00e9canique coupl\u00e9e \u00e0 du traitement analogique du signal.","og_url":"https:\/\/anasounds.com\/fr\/produit\/element-analog-spring-reverb\/","og_site_name":"Anasounds","article_publisher":"https:\/\/www.facebook.com\/AnasoundsFX\/","article_modified_time":"2026-04-16T09:55:49+00:00","og_image":[{"width":1500,"height":1500,"url":"https:\/\/anasounds.com\/wp-content\/uploads\/2019\/01\/Anasounds_element.jpg","type":"image\/jpeg"}],"twitter_card":"summary_large_image","twitter_misc":{"Dur\u00e9e de lecture estim\u00e9e":"2 minutes"},"schema":{"@context":"https:\/\/schema.org","@graph":[{"@type":"WebPage","@id":"https:\/\/anasounds.com\/fr\/produit\/element-analog-spring-reverb\/","url":"https:\/\/anasounds.com\/fr\/produit\/element-analog-spring-reverb\/","name":"element - analog spring reverb | Anasounds","isPartOf":{"@id":"https:\/\/anasounds.com\/#website"},"primaryImageOfPage":{"@id":"https:\/\/anasounds.com\/fr\/produit\/element-analog-spring-reverb\/#primaryimage"},"image":{"@id":"https:\/\/anasounds.com\/fr\/produit\/element-analog-spring-reverb\/#primaryimage"},"thumbnailUrl":"https:\/\/anasounds.com\/wp-content\/uploads\/2019\/01\/Anasounds_element.jpg","datePublished":"2019-01-24T00:48:18+00:00","dateModified":"2026-04-16T09:55:49+00:00","description":"La Element est une p\u00e9dale qui reprend l\u2019essence m\u00eame de la reverb analogique, celle qui est obtenue en stimulant physiquement des ressorts gr\u00e2ce au signal de guitare. Tout simplement. Sans artifices. Sans calculs. De la belle m\u00e9canique coupl\u00e9e \u00e0 du traitement analogique du signal.","breadcrumb":{"@id":"https:\/\/anasounds.com\/fr\/produit\/element-analog-spring-reverb\/#breadcrumb"},"inLanguage":"fr-FR","potentialAction":[{"@type":"ReadAction","target":["https:\/\/anasounds.com\/fr\/produit\/element-analog-spring-reverb\/"]}]},{"@type":"ImageObject","inLanguage":"fr-FR","@id":"https:\/\/anasounds.com\/fr\/produit\/element-analog-spring-reverb\/#primaryimage","url":"https:\/\/anasounds.com\/wp-content\/uploads\/2019\/01\/Anasounds_element.jpg","contentUrl":"https:\/\/anasounds.com\/wp-content\/uploads\/2019\/01\/Anasounds_element.jpg","width":1500,"height":1500},{"@type":"BreadcrumbList","@id":"https:\/\/anasounds.com\/fr\/produit\/element-analog-spring-reverb\/#breadcrumb","itemListElement":[{"@type":"ListItem","position":1,"name":"Home","item":"https:\/\/anasounds.com\/fr\/"},{"@type":"ListItem","position":2,"name":"boutique","item":"https:\/\/anasounds.com\/fr\/shop\/"},{"@type":"ListItem","position":3,"name":"element &#8211; analog spring reverb"}]},{"@type":"WebSite","@id":"https:\/\/anasounds.com\/#website","url":"https:\/\/anasounds.com\/","name":"Anasounds","description":"P\u00e9dales \u00e0 la Fran\u00e7aise","publisher":{"@id":"https:\/\/anasounds.com\/#organization"},"potentialAction":[{"@type":"SearchAction","target":{"@type":"EntryPoint","urlTemplate":"https:\/\/anasounds.com\/?s={search_term_string}"},"query-input":{"@type":"PropertyValueSpecification","valueRequired":true,"valueName":"search_term_string"}}],"inLanguage":"fr-FR"},{"@type":"Organization","@id":"https:\/\/anasounds.com\/#organization","name":"Anasounds","url":"https:\/\/anasounds.com\/","logo":{"@type":"ImageObject","inLanguage":"fr-FR","@id":"https:\/\/anasounds.com\/#\/schema\/logo\/image\/","url":"https:\/\/anasounds.com\/wp-content\/uploads\/2017\/10\/Logomadeinfrnoirblc.png","contentUrl":"https:\/\/anasounds.com\/wp-content\/uploads\/2017\/10\/Logomadeinfrnoirblc.png","width":300,"height":300,"caption":"Anasounds"},"image":{"@id":"https:\/\/anasounds.com\/#\/schema\/logo\/image\/"},"sameAs":["https:\/\/www.facebook.com\/AnasoundsFX\/","https:\/\/www.instagram.com\/anasounds\/","https:\/\/www.youtube.com\/user\/AnaSoundsFR"]}]}},"_links":{"self":[{"href":"https:\/\/anasounds.com\/fr\/wp-json\/wp\/v2\/product\/11568","targetHints":{"allow":["GET"]}}],"collection":[{"href":"https:\/\/anasounds.com\/fr\/wp-json\/wp\/v2\/product"}],"about":[{"href":"https:\/\/anasounds.com\/fr\/wp-json\/wp\/v2\/types\/product"}],"replies":[{"embeddable":true,"href":"https:\/\/anasounds.com\/fr\/wp-json\/wp\/v2\/comments?post=11568"}],"wp:featuredmedia":[{"embeddable":true,"href":"https:\/\/anasounds.com\/fr\/wp-json\/wp\/v2\/media\/91631"}],"wp:attachment":[{"href":"https:\/\/anasounds.com\/fr\/wp-json\/wp\/v2\/media?parent=11568"}],"wp:term":[{"taxonomy":"product_brand","embeddable":true,"href":"https:\/\/anasounds.com\/fr\/wp-json\/wp\/v2\/product_brand?post=11568"},{"taxonomy":"product_cat","embeddable":true,"href":"https:\/\/anasounds.com\/fr\/wp-json\/wp\/v2\/product_cat?post=11568"},{"taxonomy":"product_tag","embeddable":true,"href":"https:\/\/anasounds.com\/fr\/wp-json\/wp\/v2\/product_tag?post=11568"}],"curies":[{"name":"wp","href":"https:\/\/api.w.org\/{rel}","templated":true}]}}