{"id":17643,"date":"2019-05-30T11:24:57","date_gmt":"2019-05-30T09:24:57","guid":{"rendered":"https:\/\/anasounds.com\/?post_type=product&#038;p=17643"},"modified":"2025-07-07T10:53:48","modified_gmt":"2025-07-07T08:53:48","slug":"1-alimentation-dc-pour-8-sorties-true-tone-cl-multi-8","status":"publish","type":"product","link":"https:\/\/anasounds.com\/fr\/produit\/1-alimentation-dc-pour-8-sorties-true-tone-cl-multi-8\/","title":{"rendered":"Araign\u00e9e | 1 alimentation qui en fait 8 ! | True Tone CL-Multi 8"},"content":{"rendered":"<h3 style=\"text-align: center;\">la solution de l&rsquo;araign\u00e9e<\/h3>\n<p style=\"text-align: center;\">Une solution assez commune mais tr\u00e8s efficace, partez d&rsquo;une alimentation <a href=\"https:\/\/anasounds.com\/fr\/produit\/1spot-alim9v\/\" target=\"_blank\" rel=\"noopener noreferrer\">1 Spot<\/a> ou toute autre source DC et branchez la dans cette araign\u00e9e,<br \/>\nvous aurez \u00e0 pr\u00e9sent 8 alimentations pour seulement quelques euros de plus !<\/p>\n<p style=\"text-align: center;\">Ce que l&rsquo;araign\u00e9e fait c&rsquo;est que chaque entr\u00e9e d&rsquo;alimentation de vos p\u00e9dales se retrouve en parall\u00e8le.<br \/>\nVous pouvez le faire avec la plupart des p\u00e9dales analogiques. Et encore plus avec les notre car on a int\u00e9gr\u00e9 une pseudo isolation \u00e0 l&rsquo;entr\u00e9e de notre \u00e9tage d&rsquo;alimentation !<br \/>\nOn a aussi une <a href=\"https:\/\/anasounds.com\/fr\/produit\/araignee-true-tone-mc5-pour-alimenter-5-pedales-analogiques\/\">araign\u00e9e pour 5 p\u00e9dales,\u00a0<\/a>qui est largement suffisante dans la plupart des cas.<\/p>\n<p style=\"text-align: center;\">N\u00e9anmoins, il sera conseill\u00e9 de voir cette m\u00e9thode comme un d\u00e9pannage rapide et sans trop de frais \u00e0 engager. En particulier sur un pedalboard de qualit\u00e9 avec des p\u00e9dales plus \u00e9nergivores.<\/p>\n<p style=\"text-align: center;\">Quand vous connaitrez exactement vos besoins en tension d&rsquo;alimentation et courant, il sera bien s\u00fbr pr\u00e9f\u00e9rable de s&rsquo;orienter vers un bloc d&rsquo;alimentation de qualit\u00e9.<br \/>\nPour \u00e7a, on a fait un <a href=\"https:\/\/anasounds.com\/fr\/guide-pour-choisir-son-alimentation-de-pedales-effets\/\">article<\/a> pour savoir exactement quel type d&rsquo;alimentation choisir selon les besoins, et trouver la solution id\u00e9ale pour alimenter un pedalboard.<br \/>\nMais ne nous voilons pas la face, tous ceux qui ont des blocs sont \u00e0 90% pass\u00e9s par ce syst\u00e8me qui a fait ses preuves dans bien des cas !<\/p>\n","protected":false},"excerpt":{"rendered":"<p style=\"text-align: center;\">Une solution assez commune mais tr\u00e8s efficace, partez d&rsquo;une alimentation <a href=\"https:\/\/anasounds.com\/fr\/produit\/1spot-alim9v\/\" target=\"_blank\" rel=\"noopener noreferrer\">1 Spot<\/a> ou toute autre source DC et branchez la dans cette araign\u00e9e, vous aurez \u00e0 pr\u00e9sent 8 alimentations pour seulement quelques euros de plus !<\/p>\n","protected":false},"featured_media":17640,"comment_status":"open","ping_status":"closed","template":"","meta":[],"product_brand":[],"product_cat":[510,871],"product_tag":[],"class_list":{"0":"post-17643","1":"product","2":"type-product","3":"status-publish","4":"has-post-thumbnail","6":"product_cat-alimentations","7":"product_cat-1-spot-fr","9":"first","10":"instock","11":"taxable","12":"shipping-taxable","13":"purchasable","14":"product-type-simple"},"supplier_id":83731,"supplier_sku":"","barcode":null,"atum_controlled":true,"out_stock_date":null,"out_stock_threshold":null,"inheritable":false,"inbound_stock":0,"stock_on_hold":0,"sold_today":0,"sales_last_days":0,"reserved_stock":0,"customer_returns":0,"warehouse_damage":0,"lost_in_post":0,"other_logs":0,"out_stock_days":0,"lost_sales":0,"has_location":false,"update_date":"2026-04-09T01:02:05","atum_locations":[],"atum_stock_status":"instock","restock_status":false,"low_stock_amount":"","sales_update_date":"2026-04-09T01:02:05","calc_backorders":0,"yoast_head":"<!-- This site is optimized with the Yoast SEO plugin v26.5 - https:\/\/yoast.com\/wordpress\/plugins\/seo\/ -->\n<title>Araign\u00e9e | 1 alimentation qui en fait 8 ! | True Tone CL-Multi 8 | Anasounds<\/title>\n<meta name=\"description\" content=\"Partez d&#039;une alimentation 1 Spot ou toute autre source DC et branchez la dans cette araign\u00e9e, vous aurez \u00e0 pr\u00e9sent 8 alim pour quelques euros de plus !\" \/>\n<meta name=\"robots\" content=\"index, follow, max-snippet:-1, max-image-preview:large, max-video-preview:-1\" \/>\n<link rel=\"canonical\" href=\"https:\/\/anasounds.com\/fr\/produit\/1-alimentation-dc-pour-8-sorties-true-tone-cl-multi-8\/\" \/>\n<meta property=\"og:locale\" content=\"fr_FR\" \/>\n<meta property=\"og:type\" content=\"article\" \/>\n<meta property=\"og:title\" content=\"Araign\u00e9e | 1 alimentation qui en fait 8 ! | True Tone CL-Multi 8 | Anasounds\" \/>\n<meta property=\"og:description\" content=\"Partez d&#039;une alimentation 1 Spot ou toute autre source DC et branchez la dans cette araign\u00e9e, vous aurez \u00e0 pr\u00e9sent 8 alim pour quelques euros de plus !\" \/>\n<meta property=\"og:url\" content=\"https:\/\/anasounds.com\/fr\/produit\/1-alimentation-dc-pour-8-sorties-true-tone-cl-multi-8\/\" \/>\n<meta property=\"og:site_name\" content=\"Anasounds\" \/>\n<meta property=\"article:publisher\" content=\"https:\/\/www.facebook.com\/AnasoundsFX\/\" \/>\n<meta property=\"article:modified_time\" content=\"2025-07-07T08:53:48+00:00\" \/>\n<meta property=\"og:image\" content=\"https:\/\/anasounds.com\/wp-content\/uploads\/2019\/05\/CLMULTI8.jpg\" \/>\n\t<meta property=\"og:image:width\" content=\"1200\" \/>\n\t<meta property=\"og:image:height\" content=\"1200\" \/>\n\t<meta property=\"og:image:type\" content=\"image\/jpeg\" \/>\n<meta name=\"twitter:card\" content=\"summary_large_image\" \/>\n<meta name=\"twitter:label1\" content=\"Dur\u00e9e de lecture estim\u00e9e\" \/>\n\t<meta name=\"twitter:data1\" content=\"1 minute\" \/>\n<script type=\"application\/ld+json\" class=\"yoast-schema-graph\">{\"@context\":\"https:\/\/schema.org\",\"@graph\":[{\"@type\":\"WebPage\",\"@id\":\"https:\/\/anasounds.com\/fr\/produit\/1-alimentation-dc-pour-8-sorties-true-tone-cl-multi-8\/\",\"url\":\"https:\/\/anasounds.com\/fr\/produit\/1-alimentation-dc-pour-8-sorties-true-tone-cl-multi-8\/\",\"name\":\"Araign\u00e9e | 1 alimentation qui en fait 8 ! | True Tone CL-Multi 8 | Anasounds\",\"isPartOf\":{\"@id\":\"https:\/\/anasounds.com\/#website\"},\"primaryImageOfPage\":{\"@id\":\"https:\/\/anasounds.com\/fr\/produit\/1-alimentation-dc-pour-8-sorties-true-tone-cl-multi-8\/#primaryimage\"},\"image\":{\"@id\":\"https:\/\/anasounds.com\/fr\/produit\/1-alimentation-dc-pour-8-sorties-true-tone-cl-multi-8\/#primaryimage\"},\"thumbnailUrl\":\"https:\/\/anasounds.com\/wp-content\/uploads\/2019\/05\/CLMULTI8.jpg\",\"datePublished\":\"2019-05-30T09:24:57+00:00\",\"dateModified\":\"2025-07-07T08:53:48+00:00\",\"description\":\"Partez d'une alimentation 1 Spot ou toute autre source DC et branchez la dans cette araign\u00e9e, vous aurez \u00e0 pr\u00e9sent 8 alim pour quelques euros de plus !\",\"breadcrumb\":{\"@id\":\"https:\/\/anasounds.com\/fr\/produit\/1-alimentation-dc-pour-8-sorties-true-tone-cl-multi-8\/#breadcrumb\"},\"inLanguage\":\"fr-FR\",\"potentialAction\":[{\"@type\":\"ReadAction\",\"target\":[\"https:\/\/anasounds.com\/fr\/produit\/1-alimentation-dc-pour-8-sorties-true-tone-cl-multi-8\/\"]}]},{\"@type\":\"ImageObject\",\"inLanguage\":\"fr-FR\",\"@id\":\"https:\/\/anasounds.com\/fr\/produit\/1-alimentation-dc-pour-8-sorties-true-tone-cl-multi-8\/#primaryimage\",\"url\":\"https:\/\/anasounds.com\/wp-content\/uploads\/2019\/05\/CLMULTI8.jpg\",\"contentUrl\":\"https:\/\/anasounds.com\/wp-content\/uploads\/2019\/05\/CLMULTI8.jpg\",\"width\":1200,\"height\":1200},{\"@type\":\"BreadcrumbList\",\"@id\":\"https:\/\/anasounds.com\/fr\/produit\/1-alimentation-dc-pour-8-sorties-true-tone-cl-multi-8\/#breadcrumb\",\"itemListElement\":[{\"@type\":\"ListItem\",\"position\":1,\"name\":\"Home\",\"item\":\"https:\/\/anasounds.com\/fr\/\"},{\"@type\":\"ListItem\",\"position\":2,\"name\":\"boutique\",\"item\":\"https:\/\/anasounds.com\/fr\/shop\/\"},{\"@type\":\"ListItem\",\"position\":3,\"name\":\"Araign\u00e9e | 1 alimentation qui en fait 8 ! | True Tone CL-Multi 8\"}]},{\"@type\":\"WebSite\",\"@id\":\"https:\/\/anasounds.com\/#website\",\"url\":\"https:\/\/anasounds.com\/\",\"name\":\"Anasounds\",\"description\":\"P\u00e9dales \u00e0 la Fran\u00e7aise\",\"publisher\":{\"@id\":\"https:\/\/anasounds.com\/#organization\"},\"potentialAction\":[{\"@type\":\"SearchAction\",\"target\":{\"@type\":\"EntryPoint\",\"urlTemplate\":\"https:\/\/anasounds.com\/?s={search_term_string}\"},\"query-input\":{\"@type\":\"PropertyValueSpecification\",\"valueRequired\":true,\"valueName\":\"search_term_string\"}}],\"inLanguage\":\"fr-FR\"},{\"@type\":\"Organization\",\"@id\":\"https:\/\/anasounds.com\/#organization\",\"name\":\"Anasounds\",\"url\":\"https:\/\/anasounds.com\/\",\"logo\":{\"@type\":\"ImageObject\",\"inLanguage\":\"fr-FR\",\"@id\":\"https:\/\/anasounds.com\/#\/schema\/logo\/image\/\",\"url\":\"https:\/\/anasounds.com\/wp-content\/uploads\/2017\/10\/Logomadeinfrnoirblc.png\",\"contentUrl\":\"https:\/\/anasounds.com\/wp-content\/uploads\/2017\/10\/Logomadeinfrnoirblc.png\",\"width\":300,\"height\":300,\"caption\":\"Anasounds\"},\"image\":{\"@id\":\"https:\/\/anasounds.com\/#\/schema\/logo\/image\/\"},\"sameAs\":[\"https:\/\/www.facebook.com\/AnasoundsFX\/\",\"https:\/\/www.instagram.com\/anasounds\/\",\"https:\/\/www.youtube.com\/user\/AnaSoundsFR\"]}]}<\/script>\n<!-- \/ Yoast SEO plugin. -->","yoast_head_json":{"title":"Araign\u00e9e | 1 alimentation qui en fait 8 ! | True Tone CL-Multi 8 | Anasounds","description":"Partez d'une alimentation 1 Spot ou toute autre source DC et branchez la dans cette araign\u00e9e, vous aurez \u00e0 pr\u00e9sent 8 alim pour quelques euros de plus !","robots":{"index":"index","follow":"follow","max-snippet":"max-snippet:-1","max-image-preview":"max-image-preview:large","max-video-preview":"max-video-preview:-1"},"canonical":"https:\/\/anasounds.com\/fr\/produit\/1-alimentation-dc-pour-8-sorties-true-tone-cl-multi-8\/","og_locale":"fr_FR","og_type":"article","og_title":"Araign\u00e9e | 1 alimentation qui en fait 8 ! | True Tone CL-Multi 8 | Anasounds","og_description":"Partez d'une alimentation 1 Spot ou toute autre source DC et branchez la dans cette araign\u00e9e, vous aurez \u00e0 pr\u00e9sent 8 alim pour quelques euros de plus !","og_url":"https:\/\/anasounds.com\/fr\/produit\/1-alimentation-dc-pour-8-sorties-true-tone-cl-multi-8\/","og_site_name":"Anasounds","article_publisher":"https:\/\/www.facebook.com\/AnasoundsFX\/","article_modified_time":"2025-07-07T08:53:48+00:00","og_image":[{"width":1200,"height":1200,"url":"https:\/\/anasounds.com\/wp-content\/uploads\/2019\/05\/CLMULTI8.jpg","type":"image\/jpeg"}],"twitter_card":"summary_large_image","twitter_misc":{"Dur\u00e9e de lecture estim\u00e9e":"1 minute"},"schema":{"@context":"https:\/\/schema.org","@graph":[{"@type":"WebPage","@id":"https:\/\/anasounds.com\/fr\/produit\/1-alimentation-dc-pour-8-sorties-true-tone-cl-multi-8\/","url":"https:\/\/anasounds.com\/fr\/produit\/1-alimentation-dc-pour-8-sorties-true-tone-cl-multi-8\/","name":"Araign\u00e9e | 1 alimentation qui en fait 8 ! | True Tone CL-Multi 8 | Anasounds","isPartOf":{"@id":"https:\/\/anasounds.com\/#website"},"primaryImageOfPage":{"@id":"https:\/\/anasounds.com\/fr\/produit\/1-alimentation-dc-pour-8-sorties-true-tone-cl-multi-8\/#primaryimage"},"image":{"@id":"https:\/\/anasounds.com\/fr\/produit\/1-alimentation-dc-pour-8-sorties-true-tone-cl-multi-8\/#primaryimage"},"thumbnailUrl":"https:\/\/anasounds.com\/wp-content\/uploads\/2019\/05\/CLMULTI8.jpg","datePublished":"2019-05-30T09:24:57+00:00","dateModified":"2025-07-07T08:53:48+00:00","description":"Partez d'une alimentation 1 Spot ou toute autre source DC et branchez la dans cette araign\u00e9e, vous aurez \u00e0 pr\u00e9sent 8 alim pour quelques euros de plus !","breadcrumb":{"@id":"https:\/\/anasounds.com\/fr\/produit\/1-alimentation-dc-pour-8-sorties-true-tone-cl-multi-8\/#breadcrumb"},"inLanguage":"fr-FR","potentialAction":[{"@type":"ReadAction","target":["https:\/\/anasounds.com\/fr\/produit\/1-alimentation-dc-pour-8-sorties-true-tone-cl-multi-8\/"]}]},{"@type":"ImageObject","inLanguage":"fr-FR","@id":"https:\/\/anasounds.com\/fr\/produit\/1-alimentation-dc-pour-8-sorties-true-tone-cl-multi-8\/#primaryimage","url":"https:\/\/anasounds.com\/wp-content\/uploads\/2019\/05\/CLMULTI8.jpg","contentUrl":"https:\/\/anasounds.com\/wp-content\/uploads\/2019\/05\/CLMULTI8.jpg","width":1200,"height":1200},{"@type":"BreadcrumbList","@id":"https:\/\/anasounds.com\/fr\/produit\/1-alimentation-dc-pour-8-sorties-true-tone-cl-multi-8\/#breadcrumb","itemListElement":[{"@type":"ListItem","position":1,"name":"Home","item":"https:\/\/anasounds.com\/fr\/"},{"@type":"ListItem","position":2,"name":"boutique","item":"https:\/\/anasounds.com\/fr\/shop\/"},{"@type":"ListItem","position":3,"name":"Araign\u00e9e | 1 alimentation qui en fait 8 ! | True Tone CL-Multi 8"}]},{"@type":"WebSite","@id":"https:\/\/anasounds.com\/#website","url":"https:\/\/anasounds.com\/","name":"Anasounds","description":"P\u00e9dales \u00e0 la Fran\u00e7aise","publisher":{"@id":"https:\/\/anasounds.com\/#organization"},"potentialAction":[{"@type":"SearchAction","target":{"@type":"EntryPoint","urlTemplate":"https:\/\/anasounds.com\/?s={search_term_string}"},"query-input":{"@type":"PropertyValueSpecification","valueRequired":true,"valueName":"search_term_string"}}],"inLanguage":"fr-FR"},{"@type":"Organization","@id":"https:\/\/anasounds.com\/#organization","name":"Anasounds","url":"https:\/\/anasounds.com\/","logo":{"@type":"ImageObject","inLanguage":"fr-FR","@id":"https:\/\/anasounds.com\/#\/schema\/logo\/image\/","url":"https:\/\/anasounds.com\/wp-content\/uploads\/2017\/10\/Logomadeinfrnoirblc.png","contentUrl":"https:\/\/anasounds.com\/wp-content\/uploads\/2017\/10\/Logomadeinfrnoirblc.png","width":300,"height":300,"caption":"Anasounds"},"image":{"@id":"https:\/\/anasounds.com\/#\/schema\/logo\/image\/"},"sameAs":["https:\/\/www.facebook.com\/AnasoundsFX\/","https:\/\/www.instagram.com\/anasounds\/","https:\/\/www.youtube.com\/user\/AnaSoundsFR"]}]}},"_links":{"self":[{"href":"https:\/\/anasounds.com\/fr\/wp-json\/wp\/v2\/product\/17643","targetHints":{"allow":["GET"]}}],"collection":[{"href":"https:\/\/anasounds.com\/fr\/wp-json\/wp\/v2\/product"}],"about":[{"href":"https:\/\/anasounds.com\/fr\/wp-json\/wp\/v2\/types\/product"}],"replies":[{"embeddable":true,"href":"https:\/\/anasounds.com\/fr\/wp-json\/wp\/v2\/comments?post=17643"}],"wp:featuredmedia":[{"embeddable":true,"href":"https:\/\/anasounds.com\/fr\/wp-json\/wp\/v2\/media\/17640"}],"wp:attachment":[{"href":"https:\/\/anasounds.com\/fr\/wp-json\/wp\/v2\/media?parent=17643"}],"wp:term":[{"taxonomy":"product_brand","embeddable":true,"href":"https:\/\/anasounds.com\/fr\/wp-json\/wp\/v2\/product_brand?post=17643"},{"taxonomy":"product_cat","embeddable":true,"href":"https:\/\/anasounds.com\/fr\/wp-json\/wp\/v2\/product_cat?post=17643"},{"taxonomy":"product_tag","embeddable":true,"href":"https:\/\/anasounds.com\/fr\/wp-json\/wp\/v2\/product_tag?post=17643"}],"curies":[{"name":"wp","href":"https:\/\/api.w.org\/{rel}","templated":true}]}}