{"id":17966,"date":"2019-06-12T16:17:32","date_gmt":"2019-06-12T14:17:32","guid":{"rendered":"https:\/\/anasounds.com\/?post_type=product&#038;p=17966"},"modified":"2026-02-18T15:34:25","modified_gmt":"2026-02-18T14:34:25","slug":"outils-pour-pedale-deffet","status":"publish","type":"product","link":"https:\/\/anasounds.com\/fr\/produit\/outils-pour-pedale-deffet\/","title":{"rendered":"Outils pour p\u00e9dales d&rsquo;effet, mallette compl\u00e8te | Niveau : D\u00e9butant &#8211; Amateur"},"content":{"rendered":"<h2 style=\"text-align: center;\">kit d&rsquo;outils pour p\u00e9dale d&rsquo;effet<\/h2>\n<p style=\"text-align: center;\">Dans cette mallette tu as des outils pour p\u00e9dale d&rsquo;effet te permettant de r\u00e9aliser la plupart de nos projets,<br \/>\net d\u00e9marrer ton aventure dans de bonnes conditions !<\/p>\n<p style=\"text-align: center;\">Il est adapt\u00e9 pour une utilisation occasionnelle voir l\u00e9g\u00e8rement fr\u00e9quente,<br \/>\nc&rsquo;est \u00e0 dire qu&rsquo;on le conseil pour un maker qui r\u00e9alise jusqu&rsquo;\u00e0 2-3 p\u00e9dales par semaine.<br \/>\nAu del\u00e0, en fait ce kit permettra toujours de faire de belles soudures et de bien assembler tes p\u00e9dales,<br \/>\nmais tu sentiras vite que les outils ne seront pas assez bien dimensionn\u00e9s pour aller plus vite et faire de plus grand volumes.<\/p>\n<p style=\"text-align: center;\">Bref, si \u00e0 l&rsquo;\u00e9poque quand je d\u00e9marrais j&rsquo;avais eu la chance de m&rsquo;offrir cette mallette j&rsquo;aurais gagn\u00e9 beaucoup de temps \u00e0 faire du bon travail et \u00e0 \u00e9viter de jeter du mat\u00e9riel low cost trouv\u00e9 sur la toile.<\/p>\n<h2 style=\"text-align: center;\">contenu du kit<\/h2>\n<p style=\"text-align: center;\">Un <a href=\"http:\/\/bit.ly\/2Xi11cu\" target=\"_blank\" rel=\"noopener noreferrer\">fer \u00e0 souder<\/a> de la marque Japonaise, Goot. 30W. Enti\u00e8rement d\u00e9montable, r\u00e9visable et garanti par notre fournisseur.<br \/>\nIl marche tr\u00e8s bien pour de la soudure sans plomb et les pannes tiennent dans le temps.<br \/>\nSa limite c&rsquo;est le temps de chauffe qui fait que les soudures sont plus longues \u00e0 r\u00e9aliser qu&rsquo;avec une vraie station professionnelle.<br \/>\nMais on l&rsquo;a choisi car la qualit\u00e9 est au rendez-vous !<br \/>\nC&rsquo;est beaucoup mieux que ces fers qui chauffent \u00e0 burne puis qu&rsquo;on retrouve 5min plus tard avec une panne toute cram\u00e9e.<\/p>\n<p style=\"text-align: center;\">De l&rsquo;<a href=\"http:\/\/bit.ly\/2RkjBex\" target=\"_blank\" rel=\"noopener noreferrer\">\u00e9tain sans plomb, 50g<\/a>, Sn99.3 Cu0.7 de 1mm de diam\u00e8tre.<br \/>\nTest\u00e9 et approuv\u00e9 pour un bon r\u00e9sultat sans prise de t\u00eate.<\/p>\n<p style=\"text-align: center;\">Un <a href=\"http:\/\/bit.ly\/2WP8WOR\" target=\"_blank\" rel=\"noopener noreferrer\">support de fer \u00e0 souder universel<\/a>. C&rsquo;est vital si on veut \u00e9viter de se cramer.<\/p>\n<p style=\"text-align: center;\">Une <a href=\"http:\/\/bit.ly\/2WM1yPz\" target=\"_blank\" rel=\"noopener noreferrer\">pompe \u00e0 dessouder<\/a> avec manchon d&rsquo;aspiration rempla\u00e7able.<br \/>\nIl marche tr\u00e8s tr\u00e8s bien pour une entr\u00e9e de gamme.<\/p>\n<p style=\"text-align: center;\">Une <a href=\"http:\/\/bit.ly\/2LflBoi\" target=\"_blank\" rel=\"noopener noreferrer\">pince coupante<\/a>. Rien de particulier mais fait son travail.<\/p>\n<p style=\"text-align: center;\">Une <a href=\"http:\/\/bit.ly\/2XIr5yk\" target=\"_blank\" rel=\"noopener noreferrer\">pince \u00e0 bec<\/a> 1\/2 ronds. Tr\u00e8s bien pour une entr\u00e9e de gamme, on l&rsquo;utilise aussi r\u00e9guli\u00e8rement.<\/p>\n<p style=\"text-align: center;\">Un <a href=\"http:\/\/bit.ly\/2Lnab1S\" target=\"_blank\" rel=\"noopener noreferrer\">tournevis plat<\/a>. Un tournevis quoi. Tu dois d\u00e9j\u00e0 en avoir 10 ou 12 \u00e0 la maison mais \u00e7a se perd aussi vite que les m\u00e9diators !<\/p>\n<p style=\"text-align: center;\">Un <a href=\"http:\/\/bit.ly\/2WNy7wm\" target=\"_blank\" rel=\"noopener noreferrer\">tournevis Phillips<\/a> PHOO. Tu savais qu&rsquo;on dit souvent cruciforme \u00e0 tord, alors que c&rsquo;est une t\u00eate Phillips ?<\/p>\n<p style=\"text-align: center;\">Depuis le 02\/05\/20 on rajoute une <a href=\"https:\/\/anasounds.com\/fr\/produit\/panne-tournevis-de-rechange-pour-cxr41\/\" target=\"_blank\" rel=\"noopener noreferrer\">panne plate<\/a> pour ton <a href=\"https:\/\/anasounds.com\/fr\/produit\/fer-a-souder-pour-fx-maker-confirme\/\" target=\"_blank\" rel=\"noopener noreferrer\">fer \u00e0 souder CXR41<\/a> car on consid\u00e8re que c&rsquo;est vital !<\/p>\n<h2 style=\"text-align: center;\">origine des produits<\/h2>\n<p style=\"text-align: center;\">Les outils sont forc\u00e9ment fabriqu\u00e9s dans une usine asiatique mais l\u00e0 o\u00f9 on a fait fort,<br \/>\nc&rsquo;est que l&rsquo;importateur est en France et il assurera pour nous le SAV, ce qui montre leur engagement concernant la qualit\u00e9 de ce mat\u00e9riel.<\/p>\n<p style=\"text-align: center;\">Nous avons choisi ce kit car il contient le fer Goot <a href=\"http:\/\/bit.ly\/2Xi11cu\" target=\"_blank\" rel=\"noopener noreferrer\">CXR41<\/a> de 30W que nous avons test\u00e9 et compar\u00e9 avec pr\u00e8s d&rsquo;une douzaine de fers diff\u00e9rents.<br \/>\nIl est \u00e9galement accompagn\u00e9 d&rsquo;accessoires de qualit\u00e9 permettant de r\u00e9aliser tous nos kits sans soucis !<\/p>\n<p style=\"text-align: center;\">Le tout est conditionn\u00e9 dans une mallette de transport tr\u00e8s pratique,<br \/>\nde quoi venir nous rejoindre facilement lors d&rsquo;une masterclass ou de cr\u00e9er des effets dans ton salon avec tes potes !<\/p>\n","protected":false},"excerpt":{"rendered":"<p style=\"text-align: left;\">Avec ce kit tu peux r\u00e9aliser la plupart de nos tutos et d\u00e9marrer avec du matos de qualit\u00e9 !<br \/>\nIl est adapt\u00e9 pour une utilisation occasionnelle voir l\u00e9g\u00e8rement fr\u00e9quente, c&rsquo;est \u00e0 dire jusqu&rsquo;\u00e0 2-3 p\u00e9dales par semaine.<\/p>\n","protected":false},"featured_media":20359,"comment_status":"open","ping_status":"closed","template":"","meta":[],"product_brand":[],"product_cat":[522,1047,1049],"product_tag":[533,523,532,535,531,527,534,528],"class_list":{"0":"post-17966","1":"product","2":"type-product","3":"status-publish","4":"has-post-thumbnail","6":"product_cat-outils-fx-teacher","7":"product_cat-outils-pour-pedales","8":"product_cat-packs-doutils","9":"product_tag-etain","10":"product_tag-fer-a-souder","11":"product_tag-kit-demarrage","12":"product_tag-mallette","13":"product_tag-outils","14":"product_tag-pince","15":"product_tag-pompe","16":"product_tag-soudure","18":"first","19":"instock","20":"taxable","21":"shipping-taxable","22":"purchasable","23":"product-type-simple"},"supplier_id":83520,"supplier_sku":"","barcode":null,"atum_controlled":true,"out_stock_date":null,"out_stock_threshold":null,"inheritable":false,"inbound_stock":12,"stock_on_hold":0,"sold_today":0,"sales_last_days":0,"reserved_stock":0,"customer_returns":0,"warehouse_damage":0,"lost_in_post":0,"other_logs":0,"out_stock_days":0,"lost_sales":0,"has_location":false,"update_date":"2026-05-07T01:20:51","atum_locations":[],"atum_stock_status":"instock","restock_status":false,"low_stock_amount":"","sales_update_date":"2026-05-07T01:20:51","calc_backorders":0,"yoast_head":"<!-- This site is optimized with the Yoast SEO plugin v26.5 - https:\/\/yoast.com\/wordpress\/plugins\/seo\/ -->\n<title>Outils pour p\u00e9dale d&#039;effet, mallette compl\u00e8te | Anasounds<\/title>\n<meta name=\"description\" content=\"Une mallette contenant fer \u00e0 souder, pinces, pompe \u00e0 dessouder, \u00e9tain, etc... Tous les outils pour r\u00e9aliser ta premi\u00e8re p\u00e9dale d&#039;effet !\" \/>\n<meta name=\"robots\" content=\"index, follow, max-snippet:-1, max-image-preview:large, max-video-preview:-1\" \/>\n<link rel=\"canonical\" href=\"https:\/\/anasounds.com\/fr\/produit\/outils-pour-pedale-deffet\/\" \/>\n<meta property=\"og:locale\" content=\"fr_FR\" \/>\n<meta property=\"og:type\" content=\"article\" \/>\n<meta property=\"og:title\" content=\"Outils pour p\u00e9dale d&#039;effet, mallette compl\u00e8te | Anasounds\" \/>\n<meta property=\"og:description\" content=\"Une mallette contenant fer \u00e0 souder, pinces, pompe \u00e0 dessouder, \u00e9tain, etc... Tous les outils pour r\u00e9aliser ta premi\u00e8re p\u00e9dale d&#039;effet !\" \/>\n<meta property=\"og:url\" content=\"https:\/\/anasounds.com\/fr\/produit\/outils-pour-pedale-deffet\/\" \/>\n<meta property=\"og:site_name\" content=\"Anasounds\" \/>\n<meta property=\"article:publisher\" content=\"https:\/\/www.facebook.com\/AnasoundsFX\/\" \/>\n<meta property=\"article:modified_time\" content=\"2026-02-18T14:34:25+00:00\" \/>\n<meta property=\"og:image\" content=\"https:\/\/anasounds.com\/wp-content\/uploads\/2019\/06\/malette-outils1.jpg\" \/>\n\t<meta property=\"og:image:width\" content=\"1500\" \/>\n\t<meta property=\"og:image:height\" content=\"1000\" \/>\n\t<meta property=\"og:image:type\" content=\"image\/jpeg\" \/>\n<meta name=\"twitter:card\" content=\"summary_large_image\" \/>\n<meta name=\"twitter:label1\" content=\"Dur\u00e9e de lecture estim\u00e9e\" \/>\n\t<meta name=\"twitter:data1\" content=\"3 minutes\" \/>\n<script type=\"application\/ld+json\" class=\"yoast-schema-graph\">{\"@context\":\"https:\/\/schema.org\",\"@graph\":[{\"@type\":\"WebPage\",\"@id\":\"https:\/\/anasounds.com\/fr\/produit\/outils-pour-pedale-deffet\/\",\"url\":\"https:\/\/anasounds.com\/fr\/produit\/outils-pour-pedale-deffet\/\",\"name\":\"Outils pour p\u00e9dale d'effet, mallette compl\u00e8te | Anasounds\",\"isPartOf\":{\"@id\":\"https:\/\/anasounds.com\/#website\"},\"primaryImageOfPage\":{\"@id\":\"https:\/\/anasounds.com\/fr\/produit\/outils-pour-pedale-deffet\/#primaryimage\"},\"image\":{\"@id\":\"https:\/\/anasounds.com\/fr\/produit\/outils-pour-pedale-deffet\/#primaryimage\"},\"thumbnailUrl\":\"https:\/\/anasounds.com\/wp-content\/uploads\/2019\/06\/malette-outils1.jpg\",\"datePublished\":\"2019-06-12T14:17:32+00:00\",\"dateModified\":\"2026-02-18T14:34:25+00:00\",\"description\":\"Une mallette contenant fer \u00e0 souder, pinces, pompe \u00e0 dessouder, \u00e9tain, etc... Tous les outils pour r\u00e9aliser ta premi\u00e8re p\u00e9dale d'effet !\",\"breadcrumb\":{\"@id\":\"https:\/\/anasounds.com\/fr\/produit\/outils-pour-pedale-deffet\/#breadcrumb\"},\"inLanguage\":\"fr-FR\",\"potentialAction\":[{\"@type\":\"ReadAction\",\"target\":[\"https:\/\/anasounds.com\/fr\/produit\/outils-pour-pedale-deffet\/\"]}]},{\"@type\":\"ImageObject\",\"inLanguage\":\"fr-FR\",\"@id\":\"https:\/\/anasounds.com\/fr\/produit\/outils-pour-pedale-deffet\/#primaryimage\",\"url\":\"https:\/\/anasounds.com\/wp-content\/uploads\/2019\/06\/malette-outils1.jpg\",\"contentUrl\":\"https:\/\/anasounds.com\/wp-content\/uploads\/2019\/06\/malette-outils1.jpg\",\"width\":1500,\"height\":1000,\"caption\":\"malette-outils1\"},{\"@type\":\"BreadcrumbList\",\"@id\":\"https:\/\/anasounds.com\/fr\/produit\/outils-pour-pedale-deffet\/#breadcrumb\",\"itemListElement\":[{\"@type\":\"ListItem\",\"position\":1,\"name\":\"Home\",\"item\":\"https:\/\/anasounds.com\/fr\/\"},{\"@type\":\"ListItem\",\"position\":2,\"name\":\"boutique\",\"item\":\"https:\/\/anasounds.com\/fr\/shop\/\"},{\"@type\":\"ListItem\",\"position\":3,\"name\":\"Outils pour p\u00e9dales d&#8217;effet, mallette compl\u00e8te | Niveau : D\u00e9butant &#8211; Amateur\"}]},{\"@type\":\"WebSite\",\"@id\":\"https:\/\/anasounds.com\/#website\",\"url\":\"https:\/\/anasounds.com\/\",\"name\":\"Anasounds\",\"description\":\"P\u00e9dales \u00e0 la Fran\u00e7aise\",\"publisher\":{\"@id\":\"https:\/\/anasounds.com\/#organization\"},\"potentialAction\":[{\"@type\":\"SearchAction\",\"target\":{\"@type\":\"EntryPoint\",\"urlTemplate\":\"https:\/\/anasounds.com\/?s={search_term_string}\"},\"query-input\":{\"@type\":\"PropertyValueSpecification\",\"valueRequired\":true,\"valueName\":\"search_term_string\"}}],\"inLanguage\":\"fr-FR\"},{\"@type\":\"Organization\",\"@id\":\"https:\/\/anasounds.com\/#organization\",\"name\":\"Anasounds\",\"url\":\"https:\/\/anasounds.com\/\",\"logo\":{\"@type\":\"ImageObject\",\"inLanguage\":\"fr-FR\",\"@id\":\"https:\/\/anasounds.com\/#\/schema\/logo\/image\/\",\"url\":\"https:\/\/anasounds.com\/wp-content\/uploads\/2017\/10\/Logomadeinfrnoirblc.png\",\"contentUrl\":\"https:\/\/anasounds.com\/wp-content\/uploads\/2017\/10\/Logomadeinfrnoirblc.png\",\"width\":300,\"height\":300,\"caption\":\"Anasounds\"},\"image\":{\"@id\":\"https:\/\/anasounds.com\/#\/schema\/logo\/image\/\"},\"sameAs\":[\"https:\/\/www.facebook.com\/AnasoundsFX\/\",\"https:\/\/www.instagram.com\/anasounds\/\",\"https:\/\/www.youtube.com\/user\/AnaSoundsFR\"]}]}<\/script>\n<!-- \/ Yoast SEO plugin. -->","yoast_head_json":{"title":"Outils pour p\u00e9dale d'effet, mallette compl\u00e8te | Anasounds","description":"Une mallette contenant fer \u00e0 souder, pinces, pompe \u00e0 dessouder, \u00e9tain, etc... Tous les outils pour r\u00e9aliser ta premi\u00e8re p\u00e9dale d'effet !","robots":{"index":"index","follow":"follow","max-snippet":"max-snippet:-1","max-image-preview":"max-image-preview:large","max-video-preview":"max-video-preview:-1"},"canonical":"https:\/\/anasounds.com\/fr\/produit\/outils-pour-pedale-deffet\/","og_locale":"fr_FR","og_type":"article","og_title":"Outils pour p\u00e9dale d'effet, mallette compl\u00e8te | Anasounds","og_description":"Une mallette contenant fer \u00e0 souder, pinces, pompe \u00e0 dessouder, \u00e9tain, etc... Tous les outils pour r\u00e9aliser ta premi\u00e8re p\u00e9dale d'effet !","og_url":"https:\/\/anasounds.com\/fr\/produit\/outils-pour-pedale-deffet\/","og_site_name":"Anasounds","article_publisher":"https:\/\/www.facebook.com\/AnasoundsFX\/","article_modified_time":"2026-02-18T14:34:25+00:00","og_image":[{"width":1500,"height":1000,"url":"https:\/\/anasounds.com\/wp-content\/uploads\/2019\/06\/malette-outils1.jpg","type":"image\/jpeg"}],"twitter_card":"summary_large_image","twitter_misc":{"Dur\u00e9e de lecture estim\u00e9e":"3 minutes"},"schema":{"@context":"https:\/\/schema.org","@graph":[{"@type":"WebPage","@id":"https:\/\/anasounds.com\/fr\/produit\/outils-pour-pedale-deffet\/","url":"https:\/\/anasounds.com\/fr\/produit\/outils-pour-pedale-deffet\/","name":"Outils pour p\u00e9dale d'effet, mallette compl\u00e8te | Anasounds","isPartOf":{"@id":"https:\/\/anasounds.com\/#website"},"primaryImageOfPage":{"@id":"https:\/\/anasounds.com\/fr\/produit\/outils-pour-pedale-deffet\/#primaryimage"},"image":{"@id":"https:\/\/anasounds.com\/fr\/produit\/outils-pour-pedale-deffet\/#primaryimage"},"thumbnailUrl":"https:\/\/anasounds.com\/wp-content\/uploads\/2019\/06\/malette-outils1.jpg","datePublished":"2019-06-12T14:17:32+00:00","dateModified":"2026-02-18T14:34:25+00:00","description":"Une mallette contenant fer \u00e0 souder, pinces, pompe \u00e0 dessouder, \u00e9tain, etc... Tous les outils pour r\u00e9aliser ta premi\u00e8re p\u00e9dale d'effet !","breadcrumb":{"@id":"https:\/\/anasounds.com\/fr\/produit\/outils-pour-pedale-deffet\/#breadcrumb"},"inLanguage":"fr-FR","potentialAction":[{"@type":"ReadAction","target":["https:\/\/anasounds.com\/fr\/produit\/outils-pour-pedale-deffet\/"]}]},{"@type":"ImageObject","inLanguage":"fr-FR","@id":"https:\/\/anasounds.com\/fr\/produit\/outils-pour-pedale-deffet\/#primaryimage","url":"https:\/\/anasounds.com\/wp-content\/uploads\/2019\/06\/malette-outils1.jpg","contentUrl":"https:\/\/anasounds.com\/wp-content\/uploads\/2019\/06\/malette-outils1.jpg","width":1500,"height":1000,"caption":"malette-outils1"},{"@type":"BreadcrumbList","@id":"https:\/\/anasounds.com\/fr\/produit\/outils-pour-pedale-deffet\/#breadcrumb","itemListElement":[{"@type":"ListItem","position":1,"name":"Home","item":"https:\/\/anasounds.com\/fr\/"},{"@type":"ListItem","position":2,"name":"boutique","item":"https:\/\/anasounds.com\/fr\/shop\/"},{"@type":"ListItem","position":3,"name":"Outils pour p\u00e9dales d&#8217;effet, mallette compl\u00e8te | Niveau : D\u00e9butant &#8211; Amateur"}]},{"@type":"WebSite","@id":"https:\/\/anasounds.com\/#website","url":"https:\/\/anasounds.com\/","name":"Anasounds","description":"P\u00e9dales \u00e0 la Fran\u00e7aise","publisher":{"@id":"https:\/\/anasounds.com\/#organization"},"potentialAction":[{"@type":"SearchAction","target":{"@type":"EntryPoint","urlTemplate":"https:\/\/anasounds.com\/?s={search_term_string}"},"query-input":{"@type":"PropertyValueSpecification","valueRequired":true,"valueName":"search_term_string"}}],"inLanguage":"fr-FR"},{"@type":"Organization","@id":"https:\/\/anasounds.com\/#organization","name":"Anasounds","url":"https:\/\/anasounds.com\/","logo":{"@type":"ImageObject","inLanguage":"fr-FR","@id":"https:\/\/anasounds.com\/#\/schema\/logo\/image\/","url":"https:\/\/anasounds.com\/wp-content\/uploads\/2017\/10\/Logomadeinfrnoirblc.png","contentUrl":"https:\/\/anasounds.com\/wp-content\/uploads\/2017\/10\/Logomadeinfrnoirblc.png","width":300,"height":300,"caption":"Anasounds"},"image":{"@id":"https:\/\/anasounds.com\/#\/schema\/logo\/image\/"},"sameAs":["https:\/\/www.facebook.com\/AnasoundsFX\/","https:\/\/www.instagram.com\/anasounds\/","https:\/\/www.youtube.com\/user\/AnaSoundsFR"]}]}},"_links":{"self":[{"href":"https:\/\/anasounds.com\/fr\/wp-json\/wp\/v2\/product\/17966","targetHints":{"allow":["GET"]}}],"collection":[{"href":"https:\/\/anasounds.com\/fr\/wp-json\/wp\/v2\/product"}],"about":[{"href":"https:\/\/anasounds.com\/fr\/wp-json\/wp\/v2\/types\/product"}],"replies":[{"embeddable":true,"href":"https:\/\/anasounds.com\/fr\/wp-json\/wp\/v2\/comments?post=17966"}],"wp:featuredmedia":[{"embeddable":true,"href":"https:\/\/anasounds.com\/fr\/wp-json\/wp\/v2\/media\/20359"}],"wp:attachment":[{"href":"https:\/\/anasounds.com\/fr\/wp-json\/wp\/v2\/media?parent=17966"}],"wp:term":[{"taxonomy":"product_brand","embeddable":true,"href":"https:\/\/anasounds.com\/fr\/wp-json\/wp\/v2\/product_brand?post=17966"},{"taxonomy":"product_cat","embeddable":true,"href":"https:\/\/anasounds.com\/fr\/wp-json\/wp\/v2\/product_cat?post=17966"},{"taxonomy":"product_tag","embeddable":true,"href":"https:\/\/anasounds.com\/fr\/wp-json\/wp\/v2\/product_tag?post=17966"}],"curies":[{"name":"wp","href":"https:\/\/api.w.org\/{rel}","templated":true}]}}