{"id":17971,"date":"2019-06-12T16:51:57","date_gmt":"2019-06-12T14:51:57","guid":{"rendered":"https:\/\/anasounds.com\/?post_type=product&#038;p=17971"},"modified":"2026-04-07T00:50:58","modified_gmt":"2026-04-06T22:50:58","slug":"fer-a-souder-pour-fx-maker-confirme","status":"publish","type":"product","link":"https:\/\/anasounds.com\/fr\/produit\/fer-a-souder-pour-fx-maker-confirme\/","title":{"rendered":"Fer \u00e0 souder Goot 30W, CXR41 | Made in Japan | Niveau : D\u00e9butant &#8211; Amateur"},"content":{"rendered":"<h2 style=\"text-align: center;\">fer \u00e0 souder goot 30w<\/h2>\n<p style=\"text-align: center;\">Avec ce fer \u00e0 souder, tu peux r\u00e9aliser la plupart de nos projets et d\u00e9marrer ton aventure avec un \u00e9quipement de qualit\u00e9 !<\/p>\n<p style=\"text-align: center;\">Il est adapt\u00e9 pour une utilisation occasionnelle voire l\u00e9g\u00e8rement fr\u00e9quente,<br \/>\nc&rsquo;est \u00e0 dire qu&rsquo;on le conseille pour un maker qui r\u00e9alise jusqu&rsquo;\u00e0 2-3 p\u00e9dales par semaine.<br \/>\nAu del\u00e0, en fait il arrivera toujours \u00e0 faire de belles soudures mais,<br \/>\ntu sentiras vite qu&rsquo;il ne va pas assez vite car il n&rsquo;est pas trop puissant et dimensionn\u00e9 pour une vraie production.<\/p>\n<p style=\"text-align: center;\">Mais bon, j&rsquo;ai l&rsquo;impression que si tu es sur cette page aujourd&rsquo;hui,<br \/>\nc&rsquo;est que ton objectif est d\u00e9j\u00e0 de faire quelques p\u00e9dales de temps en temps et pas d&rsquo;ouvrir une usine.<br \/>\nDans ce cas, tu es donc tr\u00e8s bien tomb\u00e9 !<\/p>\n<h2 style=\"text-align: center;\">description technique<\/h2>\n<p style=\"text-align: center;\">Il s&rsquo;agit d&rsquo;un fer \u00e0 souder de la marque Japonaise, Goot. 30W.<br \/>\nIl est livr\u00e9 avec une panne pointue c&rsquo;est ce que le fabricant pr\u00e9conise pour des applications d\u00e9licates.<br \/>\nJe l&rsquo;ai test\u00e9 et approuv\u00e9 avec cette panne mais depuis que j&rsquo;ai mis une <a href=\"http:\/\/bit.ly\/2Im4OgE\" target=\"_blank\" rel=\"noopener noreferrer\">panne tournevis<\/a>, \u00e7a n&rsquo;a plus rien \u00e0 voir !<\/p>\n<p style=\"text-align: center;\">Il est enti\u00e8rement d\u00e9montable, r\u00e9visable et garanti par notre fournisseur.<br \/>\nIl marche tr\u00e8s bien pour de la soudure sans plomb et les pannes tiennent dans le temps.<br \/>\nSa limite c&rsquo;est que le temps de chauffe est un peu plus important qu&rsquo;avec une vraie <a href=\"http:\/\/bit.ly\/2XlAQBF\" target=\"_blank\" rel=\"noopener noreferrer\">station professionnelle<\/a>.<br \/>\nMais on l&rsquo;a choisi car la qualit\u00e9 est au rendez-vous !<br \/>\nC&rsquo;est beaucoup mieux que ces fers qui chauffent \u00e0 burne puis qu&rsquo;on retrouve 5min plus tard avec une panne toute cram\u00e9e.<\/p>\n<h2 style=\"text-align: center;\">origine de ce fer \u00e0 souder<\/h2>\n<p style=\"text-align: center;\">Le fer est fabriqu\u00e9 par Goot au Japon puis le SAV est g\u00e9r\u00e9 par notre fournisseur en France.<\/p>\n<p style=\"text-align: center;\">Nous avons choisi le fer Goot CXR41 de 30W apr\u00e8s que notre \u00e9quipe ait compar\u00e9 pr\u00e8s d&rsquo;une douzaine de fers diff\u00e9rents.<br \/>\nIl est \u00e9galement accompagn\u00e9 d&rsquo;accessoires de qualit\u00e9 permettant de r\u00e9aliser nos kits sans soucis !<\/p>\n<h2 style=\"text-align: center;\">accessoires pour fer \u00e0 souder<\/h2>\n<p style=\"text-align: center;\">Tu ne veux pas te cramer les doigts ou ta table ? Regarde notre s\u00e9lection de <a href=\"http:\/\/bit.ly\/2SgNQn4\" target=\"_blank\" rel=\"noopener noreferrer\">supports pour fer \u00e0 souder.<\/a><\/p>\n<p style=\"text-align: center;\">Un fer \u00e0 souder c&rsquo;est bien beau mais si tu n&rsquo;as pas l&rsquo;\u00e9tain qui va avec, \u00e7a sert strictement \u00e0 rien !<br \/>\nFais comme nous et pense \u00e0 notre environnement, pars sur de l<a href=\"http:\/\/bit.ly\/2Imi3xJ\" target=\"_blank\" rel=\"noopener noreferrer\">&lsquo;\u00e9tain sans plomb<\/a> !<\/p>\n<p style=\"text-align: center;\">Je suis s\u00fbr qu&rsquo;\u00e0 l&rsquo;\u00e9cole on t&rsquo;as appris \u00e0 nettoyer ton fer sur une \u00e9ponge humide&#8230; L<a href=\"http:\/\/bit.ly\/2L1PE1A\" target=\"_blank\" rel=\"noopener noreferrer\">&lsquo;\u00e9ponge m\u00e9tallique<\/a> c&rsquo;est bien plus classe et efficace !<\/p>\n<p style=\"text-align: center;\">Tu as d\u00e9j\u00e0 vu une panne toute noire ? C&rsquo;est apr\u00e8s plusieurs heures d&rsquo;utilisation ou quelques minutes pour un fer trouv\u00e9 sur Alibaba !<br \/>\nUilise le <a href=\"http:\/\/bit.ly\/2x1kCPf\" target=\"_blank\" rel=\"noopener noreferrer\">r\u00e9novateur de pannes<\/a> toujours de chez nos amis Japonais, Goot. Tu trempes ton fer \u00e0 chaud dedans et elle est comme neuve.<\/p>\n<p style=\"text-align: center;\">Bon et bien s\u00fbr une panne c&rsquo;est pas invincible donc ce serait pas mal d&rsquo;avoir acc\u00e8s \u00e0 des <a href=\"http:\/\/bit.ly\/2Im4OgE\" target=\"_blank\" rel=\"noopener noreferrer\">pannes de rechange.<\/a><br \/>\nA ben tiens elles sont l\u00e0 et en plus ce sont des pannes en forme tournevis qui sont selon moi les plus adapt\u00e9es \u00e0 ce qu&rsquo;on cr\u00e9er ici !<\/p>\n","protected":false},"excerpt":{"rendered":"<p>L&rsquo;outil indispensable de tous FX Maker<\/p>\n","protected":false},"featured_media":20355,"comment_status":"open","ping_status":"closed","template":"","meta":[],"product_brand":[],"product_cat":[522,1047,1048],"product_tag":[536,523],"class_list":{"0":"post-17971","1":"product","2":"type-product","3":"status-publish","4":"has-post-thumbnail","6":"product_cat-outils-fx-teacher","7":"product_cat-outils-pour-pedales","8":"product_cat-outils-pour-cables-diy","9":"product_tag-confirme","10":"product_tag-fer-a-souder","12":"first","13":"instock","14":"taxable","15":"shipping-taxable","16":"purchasable","17":"product-type-simple"},"supplier_id":83520,"supplier_sku":"","barcode":null,"atum_controlled":true,"out_stock_date":null,"out_stock_threshold":null,"inheritable":false,"inbound_stock":0,"stock_on_hold":0,"sold_today":0,"sales_last_days":0,"reserved_stock":0,"customer_returns":0,"warehouse_damage":0,"lost_in_post":0,"other_logs":0,"out_stock_days":0,"lost_sales":0,"has_location":false,"update_date":"2026-04-15T01:08:07","atum_locations":[],"atum_stock_status":"instock","restock_status":false,"low_stock_amount":"","sales_update_date":"2026-04-15T01:08:06","calc_backorders":0,"yoast_head":"<!-- This site is optimized with the Yoast SEO plugin v26.5 - https:\/\/yoast.com\/wordpress\/plugins\/seo\/ -->\n<title>Fer \u00e0 souder Goot CXR41, 30W | Made in Japan | Anasounds<\/title>\n<meta name=\"description\" content=\"Fer \u00e0 souder d&#039;excellente qualit\u00e9 pour d\u00e9marrer ! Il se d\u00e9fend tr\u00e8s bien pour un 1er prix m\u00eame si on d\u00e9cide de souder en sans plomb !\" \/>\n<meta name=\"robots\" content=\"index, follow, max-snippet:-1, max-image-preview:large, max-video-preview:-1\" \/>\n<link rel=\"canonical\" href=\"https:\/\/anasounds.com\/fr\/produit\/fer-a-souder-pour-fx-maker-confirme\/\" \/>\n<meta property=\"og:locale\" content=\"fr_FR\" \/>\n<meta property=\"og:type\" content=\"article\" \/>\n<meta property=\"og:title\" content=\"Fer \u00e0 souder Goot CXR41, 30W | Made in Japan | Anasounds\" \/>\n<meta property=\"og:description\" content=\"Fer \u00e0 souder d&#039;excellente qualit\u00e9 pour d\u00e9marrer ! Il se d\u00e9fend tr\u00e8s bien pour un 1er prix m\u00eame si on d\u00e9cide de souder en sans plomb !\" \/>\n<meta property=\"og:url\" content=\"https:\/\/anasounds.com\/fr\/produit\/fer-a-souder-pour-fx-maker-confirme\/\" \/>\n<meta property=\"og:site_name\" content=\"Anasounds\" \/>\n<meta property=\"article:publisher\" content=\"https:\/\/www.facebook.com\/AnasoundsFX\/\" \/>\n<meta property=\"article:modified_time\" content=\"2026-04-06T22:50:58+00:00\" \/>\n<meta property=\"og:image\" content=\"https:\/\/anasounds.com\/wp-content\/uploads\/2019\/06\/CXR41-1.jpg\" \/>\n\t<meta property=\"og:image:width\" content=\"1000\" \/>\n\t<meta property=\"og:image:height\" content=\"1500\" \/>\n\t<meta property=\"og:image:type\" content=\"image\/jpeg\" \/>\n<meta name=\"twitter:card\" content=\"summary_large_image\" \/>\n<meta name=\"twitter:label1\" content=\"Dur\u00e9e de lecture estim\u00e9e\" \/>\n\t<meta name=\"twitter:data1\" content=\"3 minutes\" \/>\n<script type=\"application\/ld+json\" class=\"yoast-schema-graph\">{\"@context\":\"https:\/\/schema.org\",\"@graph\":[{\"@type\":\"WebPage\",\"@id\":\"https:\/\/anasounds.com\/fr\/produit\/fer-a-souder-pour-fx-maker-confirme\/\",\"url\":\"https:\/\/anasounds.com\/fr\/produit\/fer-a-souder-pour-fx-maker-confirme\/\",\"name\":\"Fer \u00e0 souder Goot CXR41, 30W | Made in Japan | Anasounds\",\"isPartOf\":{\"@id\":\"https:\/\/anasounds.com\/#website\"},\"primaryImageOfPage\":{\"@id\":\"https:\/\/anasounds.com\/fr\/produit\/fer-a-souder-pour-fx-maker-confirme\/#primaryimage\"},\"image\":{\"@id\":\"https:\/\/anasounds.com\/fr\/produit\/fer-a-souder-pour-fx-maker-confirme\/#primaryimage\"},\"thumbnailUrl\":\"https:\/\/anasounds.com\/wp-content\/uploads\/2019\/06\/CXR41-1.jpg\",\"datePublished\":\"2019-06-12T14:51:57+00:00\",\"dateModified\":\"2026-04-06T22:50:58+00:00\",\"description\":\"Fer \u00e0 souder d'excellente qualit\u00e9 pour d\u00e9marrer ! Il se d\u00e9fend tr\u00e8s bien pour un 1er prix m\u00eame si on d\u00e9cide de souder en sans plomb !\",\"breadcrumb\":{\"@id\":\"https:\/\/anasounds.com\/fr\/produit\/fer-a-souder-pour-fx-maker-confirme\/#breadcrumb\"},\"inLanguage\":\"fr-FR\",\"potentialAction\":[{\"@type\":\"ReadAction\",\"target\":[\"https:\/\/anasounds.com\/fr\/produit\/fer-a-souder-pour-fx-maker-confirme\/\"]}]},{\"@type\":\"ImageObject\",\"inLanguage\":\"fr-FR\",\"@id\":\"https:\/\/anasounds.com\/fr\/produit\/fer-a-souder-pour-fx-maker-confirme\/#primaryimage\",\"url\":\"https:\/\/anasounds.com\/wp-content\/uploads\/2019\/06\/CXR41-1.jpg\",\"contentUrl\":\"https:\/\/anasounds.com\/wp-content\/uploads\/2019\/06\/CXR41-1.jpg\",\"width\":1000,\"height\":1500,\"caption\":\"CXR41-1\"},{\"@type\":\"BreadcrumbList\",\"@id\":\"https:\/\/anasounds.com\/fr\/produit\/fer-a-souder-pour-fx-maker-confirme\/#breadcrumb\",\"itemListElement\":[{\"@type\":\"ListItem\",\"position\":1,\"name\":\"Home\",\"item\":\"https:\/\/anasounds.com\/fr\/\"},{\"@type\":\"ListItem\",\"position\":2,\"name\":\"boutique\",\"item\":\"https:\/\/anasounds.com\/fr\/shop\/\"},{\"@type\":\"ListItem\",\"position\":3,\"name\":\"Fer \u00e0 souder Goot 30W, CXR41 | Made in Japan | Niveau : D\u00e9butant &#8211; Amateur\"}]},{\"@type\":\"WebSite\",\"@id\":\"https:\/\/anasounds.com\/#website\",\"url\":\"https:\/\/anasounds.com\/\",\"name\":\"Anasounds\",\"description\":\"P\u00e9dales \u00e0 la Fran\u00e7aise\",\"publisher\":{\"@id\":\"https:\/\/anasounds.com\/#organization\"},\"potentialAction\":[{\"@type\":\"SearchAction\",\"target\":{\"@type\":\"EntryPoint\",\"urlTemplate\":\"https:\/\/anasounds.com\/?s={search_term_string}\"},\"query-input\":{\"@type\":\"PropertyValueSpecification\",\"valueRequired\":true,\"valueName\":\"search_term_string\"}}],\"inLanguage\":\"fr-FR\"},{\"@type\":\"Organization\",\"@id\":\"https:\/\/anasounds.com\/#organization\",\"name\":\"Anasounds\",\"url\":\"https:\/\/anasounds.com\/\",\"logo\":{\"@type\":\"ImageObject\",\"inLanguage\":\"fr-FR\",\"@id\":\"https:\/\/anasounds.com\/#\/schema\/logo\/image\/\",\"url\":\"https:\/\/anasounds.com\/wp-content\/uploads\/2017\/10\/Logomadeinfrnoirblc.png\",\"contentUrl\":\"https:\/\/anasounds.com\/wp-content\/uploads\/2017\/10\/Logomadeinfrnoirblc.png\",\"width\":300,\"height\":300,\"caption\":\"Anasounds\"},\"image\":{\"@id\":\"https:\/\/anasounds.com\/#\/schema\/logo\/image\/\"},\"sameAs\":[\"https:\/\/www.facebook.com\/AnasoundsFX\/\",\"https:\/\/www.instagram.com\/anasounds\/\",\"https:\/\/www.youtube.com\/user\/AnaSoundsFR\"]}]}<\/script>\n<!-- \/ Yoast SEO plugin. -->","yoast_head_json":{"title":"Fer \u00e0 souder Goot CXR41, 30W | Made in Japan | Anasounds","description":"Fer \u00e0 souder d'excellente qualit\u00e9 pour d\u00e9marrer ! Il se d\u00e9fend tr\u00e8s bien pour un 1er prix m\u00eame si on d\u00e9cide de souder en sans plomb !","robots":{"index":"index","follow":"follow","max-snippet":"max-snippet:-1","max-image-preview":"max-image-preview:large","max-video-preview":"max-video-preview:-1"},"canonical":"https:\/\/anasounds.com\/fr\/produit\/fer-a-souder-pour-fx-maker-confirme\/","og_locale":"fr_FR","og_type":"article","og_title":"Fer \u00e0 souder Goot CXR41, 30W | Made in Japan | Anasounds","og_description":"Fer \u00e0 souder d'excellente qualit\u00e9 pour d\u00e9marrer ! Il se d\u00e9fend tr\u00e8s bien pour un 1er prix m\u00eame si on d\u00e9cide de souder en sans plomb !","og_url":"https:\/\/anasounds.com\/fr\/produit\/fer-a-souder-pour-fx-maker-confirme\/","og_site_name":"Anasounds","article_publisher":"https:\/\/www.facebook.com\/AnasoundsFX\/","article_modified_time":"2026-04-06T22:50:58+00:00","og_image":[{"width":1000,"height":1500,"url":"https:\/\/anasounds.com\/wp-content\/uploads\/2019\/06\/CXR41-1.jpg","type":"image\/jpeg"}],"twitter_card":"summary_large_image","twitter_misc":{"Dur\u00e9e de lecture estim\u00e9e":"3 minutes"},"schema":{"@context":"https:\/\/schema.org","@graph":[{"@type":"WebPage","@id":"https:\/\/anasounds.com\/fr\/produit\/fer-a-souder-pour-fx-maker-confirme\/","url":"https:\/\/anasounds.com\/fr\/produit\/fer-a-souder-pour-fx-maker-confirme\/","name":"Fer \u00e0 souder Goot CXR41, 30W | Made in Japan | Anasounds","isPartOf":{"@id":"https:\/\/anasounds.com\/#website"},"primaryImageOfPage":{"@id":"https:\/\/anasounds.com\/fr\/produit\/fer-a-souder-pour-fx-maker-confirme\/#primaryimage"},"image":{"@id":"https:\/\/anasounds.com\/fr\/produit\/fer-a-souder-pour-fx-maker-confirme\/#primaryimage"},"thumbnailUrl":"https:\/\/anasounds.com\/wp-content\/uploads\/2019\/06\/CXR41-1.jpg","datePublished":"2019-06-12T14:51:57+00:00","dateModified":"2026-04-06T22:50:58+00:00","description":"Fer \u00e0 souder d'excellente qualit\u00e9 pour d\u00e9marrer ! Il se d\u00e9fend tr\u00e8s bien pour un 1er prix m\u00eame si on d\u00e9cide de souder en sans plomb !","breadcrumb":{"@id":"https:\/\/anasounds.com\/fr\/produit\/fer-a-souder-pour-fx-maker-confirme\/#breadcrumb"},"inLanguage":"fr-FR","potentialAction":[{"@type":"ReadAction","target":["https:\/\/anasounds.com\/fr\/produit\/fer-a-souder-pour-fx-maker-confirme\/"]}]},{"@type":"ImageObject","inLanguage":"fr-FR","@id":"https:\/\/anasounds.com\/fr\/produit\/fer-a-souder-pour-fx-maker-confirme\/#primaryimage","url":"https:\/\/anasounds.com\/wp-content\/uploads\/2019\/06\/CXR41-1.jpg","contentUrl":"https:\/\/anasounds.com\/wp-content\/uploads\/2019\/06\/CXR41-1.jpg","width":1000,"height":1500,"caption":"CXR41-1"},{"@type":"BreadcrumbList","@id":"https:\/\/anasounds.com\/fr\/produit\/fer-a-souder-pour-fx-maker-confirme\/#breadcrumb","itemListElement":[{"@type":"ListItem","position":1,"name":"Home","item":"https:\/\/anasounds.com\/fr\/"},{"@type":"ListItem","position":2,"name":"boutique","item":"https:\/\/anasounds.com\/fr\/shop\/"},{"@type":"ListItem","position":3,"name":"Fer \u00e0 souder Goot 30W, CXR41 | Made in Japan | Niveau : D\u00e9butant &#8211; Amateur"}]},{"@type":"WebSite","@id":"https:\/\/anasounds.com\/#website","url":"https:\/\/anasounds.com\/","name":"Anasounds","description":"P\u00e9dales \u00e0 la Fran\u00e7aise","publisher":{"@id":"https:\/\/anasounds.com\/#organization"},"potentialAction":[{"@type":"SearchAction","target":{"@type":"EntryPoint","urlTemplate":"https:\/\/anasounds.com\/?s={search_term_string}"},"query-input":{"@type":"PropertyValueSpecification","valueRequired":true,"valueName":"search_term_string"}}],"inLanguage":"fr-FR"},{"@type":"Organization","@id":"https:\/\/anasounds.com\/#organization","name":"Anasounds","url":"https:\/\/anasounds.com\/","logo":{"@type":"ImageObject","inLanguage":"fr-FR","@id":"https:\/\/anasounds.com\/#\/schema\/logo\/image\/","url":"https:\/\/anasounds.com\/wp-content\/uploads\/2017\/10\/Logomadeinfrnoirblc.png","contentUrl":"https:\/\/anasounds.com\/wp-content\/uploads\/2017\/10\/Logomadeinfrnoirblc.png","width":300,"height":300,"caption":"Anasounds"},"image":{"@id":"https:\/\/anasounds.com\/#\/schema\/logo\/image\/"},"sameAs":["https:\/\/www.facebook.com\/AnasoundsFX\/","https:\/\/www.instagram.com\/anasounds\/","https:\/\/www.youtube.com\/user\/AnaSoundsFR"]}]}},"_links":{"self":[{"href":"https:\/\/anasounds.com\/fr\/wp-json\/wp\/v2\/product\/17971","targetHints":{"allow":["GET"]}}],"collection":[{"href":"https:\/\/anasounds.com\/fr\/wp-json\/wp\/v2\/product"}],"about":[{"href":"https:\/\/anasounds.com\/fr\/wp-json\/wp\/v2\/types\/product"}],"replies":[{"embeddable":true,"href":"https:\/\/anasounds.com\/fr\/wp-json\/wp\/v2\/comments?post=17971"}],"wp:featuredmedia":[{"embeddable":true,"href":"https:\/\/anasounds.com\/fr\/wp-json\/wp\/v2\/media\/20355"}],"wp:attachment":[{"href":"https:\/\/anasounds.com\/fr\/wp-json\/wp\/v2\/media?parent=17971"}],"wp:term":[{"taxonomy":"product_brand","embeddable":true,"href":"https:\/\/anasounds.com\/fr\/wp-json\/wp\/v2\/product_brand?post=17971"},{"taxonomy":"product_cat","embeddable":true,"href":"https:\/\/anasounds.com\/fr\/wp-json\/wp\/v2\/product_cat?post=17971"},{"taxonomy":"product_tag","embeddable":true,"href":"https:\/\/anasounds.com\/fr\/wp-json\/wp\/v2\/product_tag?post=17971"}],"curies":[{"name":"wp","href":"https:\/\/api.w.org\/{rel}","templated":true}]}}