{"id":17975,"date":"2019-06-12T17:10:01","date_gmt":"2019-06-12T15:10:01","guid":{"rendered":"https:\/\/anasounds.com\/?post_type=product&#038;p=17975"},"modified":"2026-04-07T00:50:59","modified_gmt":"2026-04-06T22:50:59","slug":"panne-tournevis-de-rechange-pour-cxr41","status":"publish","type":"product","link":"https:\/\/anasounds.com\/fr\/produit\/panne-tournevis-de-rechange-pour-cxr41\/","title":{"rendered":"Panne de rechange pour CXR41"},"content":{"rendered":"<h2 style=\"text-align: center;\">panne de rechange pour cxr41<\/h2>\n<p style=\"text-align: center;\">Tu viens de finir de construire ta <strong>24\u00e8me p\u00e9dale<\/strong> avec l&rsquo;aide de ton <a href=\"http:\/\/bit.ly\/2Xi11cu\" target=\"_blank\" rel=\"noopener noreferrer\"><strong>CXR41<\/strong><\/a> ?<br \/>\nTu as envie de construire la 25\u00e8me mais ton fer \u00e0 souder commence \u00e0 faire des siennes ?<br \/>\nPas de panique ! Il te suffit juste de te procurer une panne de rechange pour CXR41, \u00e7a donnera un bon coup de boost \u00e0 ton fer \u00e0 souder !<\/p>\n<h2 style=\"text-align: center;\">ce qui est livr\u00e9<\/h2>\n<p style=\"text-align: center;\">Compar\u00e9 \u00e0 la panne qui \u00e9tait fournie avec ton fer, je vais te faire d\u00e9couvrir une petite solution miracle,<br \/>\ncette panne est en forme de <strong>tournevis<\/strong> avec 1.6 mm de largeur alors qu&rsquo;avant tu \u00e9tais sur une pointe !<br \/>\nL&rsquo;avantage c&rsquo;est que ta surface d&rsquo;application entre le pad et la patte du composant sera plus grande,<br \/>\ndu coup ton d\u00e9gagement thermique sera plus rapide et efficace. Ta soudure se fera mieux et plus vite.<\/p>\n<p style=\"text-align: center;\">Panne compatible avec le fer \u00e0 souder <a href=\"http:\/\/bit.ly\/2Xi11cu\" target=\"_blank\" rel=\"noopener noreferrer\">CXR41<\/a> pr\u00e9sent dans le kit de d\u00e9marrage ou vendu s\u00e9par\u00e9ment.<\/p>\n","protected":false},"excerpt":{"rendered":"<p>Un coup de neuf pour ton fer \u00e0 souder !<\/p>\n","protected":false},"featured_media":20353,"comment_status":"open","ping_status":"closed","template":"","meta":[],"product_brand":[],"product_cat":[522,1047,1048],"product_tag":[537,526,538],"class_list":{"0":"post-17975","1":"product","2":"type-product","3":"status-publish","4":"has-post-thumbnail","6":"product_cat-outils-fx-teacher","7":"product_cat-outils-pour-pedales","8":"product_cat-outils-pour-cables-diy","9":"product_tag-cxr41","10":"product_tag-panne","11":"product_tag-rechange-fer-a-souder","13":"first","14":"instock","15":"taxable","16":"shipping-taxable","17":"purchasable","18":"product-type-simple"},"supplier_id":83520,"supplier_sku":"","barcode":null,"atum_controlled":true,"out_stock_date":null,"out_stock_threshold":null,"inheritable":false,"inbound_stock":20,"stock_on_hold":0,"sold_today":0,"sales_last_days":0,"reserved_stock":0,"customer_returns":0,"warehouse_damage":0,"lost_in_post":0,"other_logs":0,"out_stock_days":0,"lost_sales":0,"has_location":false,"update_date":"2026-04-16T01:08:10","atum_locations":[],"atum_stock_status":"instock","restock_status":false,"low_stock_amount":"","sales_update_date":"2026-04-16T01:08:09","calc_backorders":0,"yoast_head":"<!-- This site is optimized with the Yoast SEO plugin v26.5 - https:\/\/yoast.com\/wordpress\/plugins\/seo\/ -->\n<title>Panne de rechange pour CXR41 | Anasounds<\/title>\n<meta name=\"description\" content=\"Panne de rechange pour le fer \u00e0 souder CXR41 de la marque Goot, made in Japan. La forme est tournevis pour une meilleure soudure !\" \/>\n<meta name=\"robots\" content=\"index, follow, max-snippet:-1, max-image-preview:large, max-video-preview:-1\" \/>\n<link rel=\"canonical\" href=\"https:\/\/anasounds.com\/fr\/produit\/panne-tournevis-de-rechange-pour-cxr41\/\" \/>\n<meta property=\"og:locale\" content=\"fr_FR\" \/>\n<meta property=\"og:type\" content=\"article\" \/>\n<meta property=\"og:title\" content=\"Panne de rechange pour CXR41 | Anasounds\" \/>\n<meta property=\"og:description\" content=\"Panne de rechange pour le fer \u00e0 souder CXR41 de la marque Goot, made in Japan. La forme est tournevis pour une meilleure soudure !\" \/>\n<meta property=\"og:url\" content=\"https:\/\/anasounds.com\/fr\/produit\/panne-tournevis-de-rechange-pour-cxr41\/\" \/>\n<meta property=\"og:site_name\" content=\"Anasounds\" \/>\n<meta property=\"article:publisher\" content=\"https:\/\/www.facebook.com\/AnasoundsFX\/\" \/>\n<meta property=\"article:modified_time\" content=\"2026-04-06T22:50:59+00:00\" \/>\n<meta property=\"og:image\" content=\"https:\/\/anasounds.com\/wp-content\/uploads\/2019\/06\/CXR41-panne-tournevis-1.jpg\" \/>\n\t<meta property=\"og:image:width\" content=\"1000\" \/>\n\t<meta property=\"og:image:height\" content=\"1500\" \/>\n\t<meta property=\"og:image:type\" content=\"image\/jpeg\" \/>\n<meta name=\"twitter:card\" content=\"summary_large_image\" \/>\n<meta name=\"twitter:label1\" content=\"Dur\u00e9e de lecture estim\u00e9e\" \/>\n\t<meta name=\"twitter:data1\" content=\"1 minute\" \/>\n<script type=\"application\/ld+json\" class=\"yoast-schema-graph\">{\"@context\":\"https:\/\/schema.org\",\"@graph\":[{\"@type\":\"WebPage\",\"@id\":\"https:\/\/anasounds.com\/fr\/produit\/panne-tournevis-de-rechange-pour-cxr41\/\",\"url\":\"https:\/\/anasounds.com\/fr\/produit\/panne-tournevis-de-rechange-pour-cxr41\/\",\"name\":\"Panne de rechange pour CXR41 | Anasounds\",\"isPartOf\":{\"@id\":\"https:\/\/anasounds.com\/#website\"},\"primaryImageOfPage\":{\"@id\":\"https:\/\/anasounds.com\/fr\/produit\/panne-tournevis-de-rechange-pour-cxr41\/#primaryimage\"},\"image\":{\"@id\":\"https:\/\/anasounds.com\/fr\/produit\/panne-tournevis-de-rechange-pour-cxr41\/#primaryimage\"},\"thumbnailUrl\":\"https:\/\/anasounds.com\/wp-content\/uploads\/2019\/06\/CXR41-panne-tournevis-1.jpg\",\"datePublished\":\"2019-06-12T15:10:01+00:00\",\"dateModified\":\"2026-04-06T22:50:59+00:00\",\"description\":\"Panne de rechange pour le fer \u00e0 souder CXR41 de la marque Goot, made in Japan. La forme est tournevis pour une meilleure soudure !\",\"breadcrumb\":{\"@id\":\"https:\/\/anasounds.com\/fr\/produit\/panne-tournevis-de-rechange-pour-cxr41\/#breadcrumb\"},\"inLanguage\":\"fr-FR\",\"potentialAction\":[{\"@type\":\"ReadAction\",\"target\":[\"https:\/\/anasounds.com\/fr\/produit\/panne-tournevis-de-rechange-pour-cxr41\/\"]}]},{\"@type\":\"ImageObject\",\"inLanguage\":\"fr-FR\",\"@id\":\"https:\/\/anasounds.com\/fr\/produit\/panne-tournevis-de-rechange-pour-cxr41\/#primaryimage\",\"url\":\"https:\/\/anasounds.com\/wp-content\/uploads\/2019\/06\/CXR41-panne-tournevis-1.jpg\",\"contentUrl\":\"https:\/\/anasounds.com\/wp-content\/uploads\/2019\/06\/CXR41-panne-tournevis-1.jpg\",\"width\":1000,\"height\":1500,\"caption\":\"CXR41-panne-tournevis-1\"},{\"@type\":\"BreadcrumbList\",\"@id\":\"https:\/\/anasounds.com\/fr\/produit\/panne-tournevis-de-rechange-pour-cxr41\/#breadcrumb\",\"itemListElement\":[{\"@type\":\"ListItem\",\"position\":1,\"name\":\"Home\",\"item\":\"https:\/\/anasounds.com\/fr\/\"},{\"@type\":\"ListItem\",\"position\":2,\"name\":\"boutique\",\"item\":\"https:\/\/anasounds.com\/fr\/shop\/\"},{\"@type\":\"ListItem\",\"position\":3,\"name\":\"Panne de rechange pour CXR41\"}]},{\"@type\":\"WebSite\",\"@id\":\"https:\/\/anasounds.com\/#website\",\"url\":\"https:\/\/anasounds.com\/\",\"name\":\"Anasounds\",\"description\":\"P\u00e9dales \u00e0 la Fran\u00e7aise\",\"publisher\":{\"@id\":\"https:\/\/anasounds.com\/#organization\"},\"potentialAction\":[{\"@type\":\"SearchAction\",\"target\":{\"@type\":\"EntryPoint\",\"urlTemplate\":\"https:\/\/anasounds.com\/?s={search_term_string}\"},\"query-input\":{\"@type\":\"PropertyValueSpecification\",\"valueRequired\":true,\"valueName\":\"search_term_string\"}}],\"inLanguage\":\"fr-FR\"},{\"@type\":\"Organization\",\"@id\":\"https:\/\/anasounds.com\/#organization\",\"name\":\"Anasounds\",\"url\":\"https:\/\/anasounds.com\/\",\"logo\":{\"@type\":\"ImageObject\",\"inLanguage\":\"fr-FR\",\"@id\":\"https:\/\/anasounds.com\/#\/schema\/logo\/image\/\",\"url\":\"https:\/\/anasounds.com\/wp-content\/uploads\/2017\/10\/Logomadeinfrnoirblc.png\",\"contentUrl\":\"https:\/\/anasounds.com\/wp-content\/uploads\/2017\/10\/Logomadeinfrnoirblc.png\",\"width\":300,\"height\":300,\"caption\":\"Anasounds\"},\"image\":{\"@id\":\"https:\/\/anasounds.com\/#\/schema\/logo\/image\/\"},\"sameAs\":[\"https:\/\/www.facebook.com\/AnasoundsFX\/\",\"https:\/\/www.instagram.com\/anasounds\/\",\"https:\/\/www.youtube.com\/user\/AnaSoundsFR\"]}]}<\/script>\n<!-- \/ Yoast SEO plugin. -->","yoast_head_json":{"title":"Panne de rechange pour CXR41 | Anasounds","description":"Panne de rechange pour le fer \u00e0 souder CXR41 de la marque Goot, made in Japan. La forme est tournevis pour une meilleure soudure !","robots":{"index":"index","follow":"follow","max-snippet":"max-snippet:-1","max-image-preview":"max-image-preview:large","max-video-preview":"max-video-preview:-1"},"canonical":"https:\/\/anasounds.com\/fr\/produit\/panne-tournevis-de-rechange-pour-cxr41\/","og_locale":"fr_FR","og_type":"article","og_title":"Panne de rechange pour CXR41 | Anasounds","og_description":"Panne de rechange pour le fer \u00e0 souder CXR41 de la marque Goot, made in Japan. La forme est tournevis pour une meilleure soudure !","og_url":"https:\/\/anasounds.com\/fr\/produit\/panne-tournevis-de-rechange-pour-cxr41\/","og_site_name":"Anasounds","article_publisher":"https:\/\/www.facebook.com\/AnasoundsFX\/","article_modified_time":"2026-04-06T22:50:59+00:00","og_image":[{"width":1000,"height":1500,"url":"https:\/\/anasounds.com\/wp-content\/uploads\/2019\/06\/CXR41-panne-tournevis-1.jpg","type":"image\/jpeg"}],"twitter_card":"summary_large_image","twitter_misc":{"Dur\u00e9e de lecture estim\u00e9e":"1 minute"},"schema":{"@context":"https:\/\/schema.org","@graph":[{"@type":"WebPage","@id":"https:\/\/anasounds.com\/fr\/produit\/panne-tournevis-de-rechange-pour-cxr41\/","url":"https:\/\/anasounds.com\/fr\/produit\/panne-tournevis-de-rechange-pour-cxr41\/","name":"Panne de rechange pour CXR41 | Anasounds","isPartOf":{"@id":"https:\/\/anasounds.com\/#website"},"primaryImageOfPage":{"@id":"https:\/\/anasounds.com\/fr\/produit\/panne-tournevis-de-rechange-pour-cxr41\/#primaryimage"},"image":{"@id":"https:\/\/anasounds.com\/fr\/produit\/panne-tournevis-de-rechange-pour-cxr41\/#primaryimage"},"thumbnailUrl":"https:\/\/anasounds.com\/wp-content\/uploads\/2019\/06\/CXR41-panne-tournevis-1.jpg","datePublished":"2019-06-12T15:10:01+00:00","dateModified":"2026-04-06T22:50:59+00:00","description":"Panne de rechange pour le fer \u00e0 souder CXR41 de la marque Goot, made in Japan. La forme est tournevis pour une meilleure soudure !","breadcrumb":{"@id":"https:\/\/anasounds.com\/fr\/produit\/panne-tournevis-de-rechange-pour-cxr41\/#breadcrumb"},"inLanguage":"fr-FR","potentialAction":[{"@type":"ReadAction","target":["https:\/\/anasounds.com\/fr\/produit\/panne-tournevis-de-rechange-pour-cxr41\/"]}]},{"@type":"ImageObject","inLanguage":"fr-FR","@id":"https:\/\/anasounds.com\/fr\/produit\/panne-tournevis-de-rechange-pour-cxr41\/#primaryimage","url":"https:\/\/anasounds.com\/wp-content\/uploads\/2019\/06\/CXR41-panne-tournevis-1.jpg","contentUrl":"https:\/\/anasounds.com\/wp-content\/uploads\/2019\/06\/CXR41-panne-tournevis-1.jpg","width":1000,"height":1500,"caption":"CXR41-panne-tournevis-1"},{"@type":"BreadcrumbList","@id":"https:\/\/anasounds.com\/fr\/produit\/panne-tournevis-de-rechange-pour-cxr41\/#breadcrumb","itemListElement":[{"@type":"ListItem","position":1,"name":"Home","item":"https:\/\/anasounds.com\/fr\/"},{"@type":"ListItem","position":2,"name":"boutique","item":"https:\/\/anasounds.com\/fr\/shop\/"},{"@type":"ListItem","position":3,"name":"Panne de rechange pour CXR41"}]},{"@type":"WebSite","@id":"https:\/\/anasounds.com\/#website","url":"https:\/\/anasounds.com\/","name":"Anasounds","description":"P\u00e9dales \u00e0 la Fran\u00e7aise","publisher":{"@id":"https:\/\/anasounds.com\/#organization"},"potentialAction":[{"@type":"SearchAction","target":{"@type":"EntryPoint","urlTemplate":"https:\/\/anasounds.com\/?s={search_term_string}"},"query-input":{"@type":"PropertyValueSpecification","valueRequired":true,"valueName":"search_term_string"}}],"inLanguage":"fr-FR"},{"@type":"Organization","@id":"https:\/\/anasounds.com\/#organization","name":"Anasounds","url":"https:\/\/anasounds.com\/","logo":{"@type":"ImageObject","inLanguage":"fr-FR","@id":"https:\/\/anasounds.com\/#\/schema\/logo\/image\/","url":"https:\/\/anasounds.com\/wp-content\/uploads\/2017\/10\/Logomadeinfrnoirblc.png","contentUrl":"https:\/\/anasounds.com\/wp-content\/uploads\/2017\/10\/Logomadeinfrnoirblc.png","width":300,"height":300,"caption":"Anasounds"},"image":{"@id":"https:\/\/anasounds.com\/#\/schema\/logo\/image\/"},"sameAs":["https:\/\/www.facebook.com\/AnasoundsFX\/","https:\/\/www.instagram.com\/anasounds\/","https:\/\/www.youtube.com\/user\/AnaSoundsFR"]}]}},"_links":{"self":[{"href":"https:\/\/anasounds.com\/fr\/wp-json\/wp\/v2\/product\/17975","targetHints":{"allow":["GET"]}}],"collection":[{"href":"https:\/\/anasounds.com\/fr\/wp-json\/wp\/v2\/product"}],"about":[{"href":"https:\/\/anasounds.com\/fr\/wp-json\/wp\/v2\/types\/product"}],"replies":[{"embeddable":true,"href":"https:\/\/anasounds.com\/fr\/wp-json\/wp\/v2\/comments?post=17975"}],"wp:featuredmedia":[{"embeddable":true,"href":"https:\/\/anasounds.com\/fr\/wp-json\/wp\/v2\/media\/20353"}],"wp:attachment":[{"href":"https:\/\/anasounds.com\/fr\/wp-json\/wp\/v2\/media?parent=17975"}],"wp:term":[{"taxonomy":"product_brand","embeddable":true,"href":"https:\/\/anasounds.com\/fr\/wp-json\/wp\/v2\/product_brand?post=17975"},{"taxonomy":"product_cat","embeddable":true,"href":"https:\/\/anasounds.com\/fr\/wp-json\/wp\/v2\/product_cat?post=17975"},{"taxonomy":"product_tag","embeddable":true,"href":"https:\/\/anasounds.com\/fr\/wp-json\/wp\/v2\/product_tag?post=17975"}],"curies":[{"name":"wp","href":"https:\/\/api.w.org\/{rel}","templated":true}]}}