{"id":17980,"date":"2019-06-12T17:30:49","date_gmt":"2019-06-12T15:30:49","guid":{"rendered":"https:\/\/anasounds.com\/?post_type=product&#038;p=17980"},"modified":"2026-02-27T15:50:55","modified_gmt":"2026-02-27T14:50:55","slug":"station-de-soudage-esd-pour-fx-maker-pro","status":"publish","type":"product","link":"https:\/\/anasounds.com\/fr\/produit\/station-de-soudage-esd-pour-fx-maker-pro\/","title":{"rendered":"Station de brasage Goot 72W, RX802AS | Made in Japan | Niveau : Amateur &#8211; Pro"},"content":{"rendered":"<h2 style=\"text-align: center;\">station de brasage goot 72W, RX802AS<\/h2>\n<p style=\"text-align: center;\">Envie de passer \u00e0 la vitesse sup\u00e9rieur et de cr\u00e9er des p\u00e9dales de qualit\u00e9 Anasounds ?<br \/>\nAvec cette station de brasage Goot RX802AS, tu seras en mesure de souder, sans soucis, plus d&rsquo;une 100aine de p\u00e9dales par semaine !<br \/>\nLes soudures sont rapides, propres et durables.<br \/>\nNous utilisons nous m\u00eame ce produit pour r\u00e9aliser nos p\u00e9dales Anasounds.<br \/>\nLe GROS plus de cet outil est que la chaleur est concentr\u00e9e en bout de panne avec un temps de chauffe et une stabilit\u00e9 hors du commun.<br \/>\nAucuns risques de se cramer les doigts m\u00eame apr\u00e8s une journ\u00e9e enti\u00e8re de soudure !<\/p>\n<h2 style=\"text-align: center;\">ce qu&rsquo;on a aim\u00e9<\/h2>\n<p style=\"text-align: center;\">La station de brasage Goot RX802AS est dot\u00e9 d&rsquo;un corps chauffe de 72W.<br \/>\nIl est pilot\u00e9 en num\u00e9rique avec une temp\u00e9rature r\u00e9glable au degr\u00e9 pr\u00e8s !<br \/>\nLa station monte donc en temp\u00e9rature ultra rapidement, c&rsquo;est bluffant.<\/p>\n<p style=\"text-align: center;\">Avec les param\u00e8tres et un thermom\u00e8tre, on peut \u00e9galement calibrer au degr\u00e9 pr\u00e8s la temp\u00e9rature en bout de panne !<br \/>\nOn peut installer plusieurs preset selon ce qu&rsquo;on soude.<br \/>\nEt, en cas d&rsquo;inactivit\u00e9, le corps de chauffe se met en veille tout seule \u00e0 200\u00b0C.<br \/>\nD\u00e8s qu&rsquo;on veut s&rsquo;en resservir, on le pose sur un pad, il d\u00e9tecte la baisse de temp\u00e9rature et se remet \u00e0 chauffer en moins d&rsquo;une seconde !<\/p>\n<p style=\"text-align: center;\">Est \u00e9galement livr\u00e9 le fer ergonomique qui ne chauffe pas en main.<br \/>\nLe remplacement des pannes se fait directement depuis l&rsquo;ext\u00e9rieur du manchon en poussant une tirette.<br \/>\nOn peut donc changer une panne \u00e0 chaud sans d\u00e9visser.<\/p>\n<p style=\"text-align: center;\">Une panne pointue est livr\u00e9e avec et nous proposons toujours notre<a href=\"http:\/\/bit.ly\/2JWGuSf\" target=\"_blank\" rel=\"noopener noreferrer\"> panne pr\u00e9f\u00e9r\u00e9e format tournevis.<\/a><br \/>\nSi il t&rsquo;en faut une autre, il suffit de nous demander !<\/p>\n<h2 style=\"text-align: center;\">encore plus loin<\/h2>\n<p style=\"text-align: center;\">Ce fer ne s&rsquo;adresse pas \u00e0 tous les DIYers, en g\u00e9n\u00e9ral on commence \u00e0 s&rsquo;offrir ce genre d&rsquo;\u00e9quipement quand on a acquis pas mal d&rsquo;exp\u00e9rience.<br \/>\nC&rsquo;est pourquoi on l&rsquo;indique pour amateurs et pro.<br \/>\nMais c&rsquo;est vrai qu&rsquo;on aimerait pouvoir aider les d\u00e9butants \u00e0 d\u00e9marrer dans ces conditions fabuleuses !<\/p>\n<p style=\"text-align: center;\">C&rsquo;est pourquoi, si tu as toi aussi plein d&rsquo;\u00e9quipement ou que tu vas l&rsquo;acqu\u00e9rir prochainement, contacte nous !<br \/>\nOn recherche des ambassadeurs un peu partout dans le monde qui saurait accompagner d&rsquo;autres FX maker qui d\u00e9marrent.<br \/>\nTu pourrais faire partie de de la communaut\u00e9 d&rsquo;ambassadeurs, animer des masterclass voir m\u00eame accueillir d&rsquo;autres maker dans ton atelier !!<\/p>\n","protected":false},"excerpt":{"rendered":"<p>La qualit\u00e9 Japonaise \u00e0 port\u00e9e de main.<\/p>\n","protected":false},"featured_media":20392,"comment_status":"open","ping_status":"closed","template":"","meta":[],"product_brand":[],"product_cat":[522,1047,1048],"product_tag":[540,541,542,539],"class_list":{"0":"post-17980","1":"product","2":"type-product","3":"status-publish","4":"has-post-thumbnail","6":"product_cat-outils-fx-teacher","7":"product_cat-outils-pour-pedales","8":"product_cat-outils-pour-cables-diy","9":"product_tag-esd","10":"product_tag-fx-maker","11":"product_tag-soudure-pro","12":"product_tag-station-soudage","14":"first","15":"instock","16":"taxable","17":"shipping-taxable","18":"purchasable","19":"product-type-simple"},"supplier_id":83520,"supplier_sku":"","barcode":null,"atum_controlled":true,"out_stock_date":null,"out_stock_threshold":null,"inheritable":false,"inbound_stock":0,"stock_on_hold":0,"sold_today":0,"sales_last_days":0,"reserved_stock":0,"customer_returns":0,"warehouse_damage":0,"lost_in_post":0,"other_logs":0,"out_stock_days":0,"lost_sales":0,"has_location":false,"update_date":"2026-04-13T01:05:39","atum_locations":[],"atum_stock_status":"instock","restock_status":false,"low_stock_amount":"","sales_update_date":"2026-04-13T01:05:39","calc_backorders":0,"yoast_head":"<!-- This site is optimized with the Yoast SEO plugin v26.5 - https:\/\/yoast.com\/wordpress\/plugins\/seo\/ -->\n<title>Station de brasage Goot RX802AS 72W | Made in Japan | Anasounds<\/title>\n<meta name=\"description\" content=\"Station de brasage Goot RX802AS 72W, made in Japan. Station fabuleuse pour r\u00e9aliser des soudures de qualit\u00e9 professionnelles et en un temps record !\" \/>\n<meta name=\"robots\" content=\"index, follow, max-snippet:-1, max-image-preview:large, max-video-preview:-1\" \/>\n<link rel=\"canonical\" href=\"https:\/\/anasounds.com\/fr\/produit\/station-de-soudage-esd-pour-fx-maker-pro\/\" \/>\n<meta property=\"og:locale\" content=\"fr_FR\" \/>\n<meta property=\"og:type\" content=\"article\" \/>\n<meta property=\"og:title\" content=\"Station de brasage Goot RX802AS 72W | Made in Japan | Anasounds\" \/>\n<meta property=\"og:description\" content=\"Station de brasage Goot RX802AS 72W, made in Japan. Station fabuleuse pour r\u00e9aliser des soudures de qualit\u00e9 professionnelles et en un temps record !\" \/>\n<meta property=\"og:url\" content=\"https:\/\/anasounds.com\/fr\/produit\/station-de-soudage-esd-pour-fx-maker-pro\/\" \/>\n<meta property=\"og:site_name\" content=\"Anasounds\" \/>\n<meta property=\"article:publisher\" content=\"https:\/\/www.facebook.com\/AnasoundsFX\/\" \/>\n<meta property=\"article:modified_time\" content=\"2026-02-27T14:50:55+00:00\" \/>\n<meta property=\"og:image\" content=\"https:\/\/anasounds.com\/wp-content\/uploads\/2019\/06\/Station-de-brasage-1.jpg\" \/>\n\t<meta property=\"og:image:width\" content=\"800\" \/>\n\t<meta property=\"og:image:height\" content=\"573\" \/>\n\t<meta property=\"og:image:type\" content=\"image\/jpeg\" \/>\n<meta name=\"twitter:card\" content=\"summary_large_image\" \/>\n<meta name=\"twitter:label1\" content=\"Dur\u00e9e de lecture estim\u00e9e\" \/>\n\t<meta name=\"twitter:data1\" content=\"3 minutes\" \/>\n<script type=\"application\/ld+json\" class=\"yoast-schema-graph\">{\"@context\":\"https:\/\/schema.org\",\"@graph\":[{\"@type\":\"WebPage\",\"@id\":\"https:\/\/anasounds.com\/fr\/produit\/station-de-soudage-esd-pour-fx-maker-pro\/\",\"url\":\"https:\/\/anasounds.com\/fr\/produit\/station-de-soudage-esd-pour-fx-maker-pro\/\",\"name\":\"Station de brasage Goot RX802AS 72W | Made in Japan | Anasounds\",\"isPartOf\":{\"@id\":\"https:\/\/anasounds.com\/#website\"},\"primaryImageOfPage\":{\"@id\":\"https:\/\/anasounds.com\/fr\/produit\/station-de-soudage-esd-pour-fx-maker-pro\/#primaryimage\"},\"image\":{\"@id\":\"https:\/\/anasounds.com\/fr\/produit\/station-de-soudage-esd-pour-fx-maker-pro\/#primaryimage\"},\"thumbnailUrl\":\"https:\/\/anasounds.com\/wp-content\/uploads\/2019\/06\/Station-de-brasage-1.jpg\",\"datePublished\":\"2019-06-12T15:30:49+00:00\",\"dateModified\":\"2026-02-27T14:50:55+00:00\",\"description\":\"Station de brasage Goot RX802AS 72W, made in Japan. Station fabuleuse pour r\u00e9aliser des soudures de qualit\u00e9 professionnelles et en un temps record !\",\"breadcrumb\":{\"@id\":\"https:\/\/anasounds.com\/fr\/produit\/station-de-soudage-esd-pour-fx-maker-pro\/#breadcrumb\"},\"inLanguage\":\"fr-FR\",\"potentialAction\":[{\"@type\":\"ReadAction\",\"target\":[\"https:\/\/anasounds.com\/fr\/produit\/station-de-soudage-esd-pour-fx-maker-pro\/\"]}]},{\"@type\":\"ImageObject\",\"inLanguage\":\"fr-FR\",\"@id\":\"https:\/\/anasounds.com\/fr\/produit\/station-de-soudage-esd-pour-fx-maker-pro\/#primaryimage\",\"url\":\"https:\/\/anasounds.com\/wp-content\/uploads\/2019\/06\/Station-de-brasage-1.jpg\",\"contentUrl\":\"https:\/\/anasounds.com\/wp-content\/uploads\/2019\/06\/Station-de-brasage-1.jpg\",\"width\":800,\"height\":573,\"caption\":\"Station-de-brasage-1\"},{\"@type\":\"BreadcrumbList\",\"@id\":\"https:\/\/anasounds.com\/fr\/produit\/station-de-soudage-esd-pour-fx-maker-pro\/#breadcrumb\",\"itemListElement\":[{\"@type\":\"ListItem\",\"position\":1,\"name\":\"Home\",\"item\":\"https:\/\/anasounds.com\/fr\/\"},{\"@type\":\"ListItem\",\"position\":2,\"name\":\"boutique\",\"item\":\"https:\/\/anasounds.com\/fr\/shop\/\"},{\"@type\":\"ListItem\",\"position\":3,\"name\":\"Station de brasage Goot 72W, RX802AS | Made in Japan | Niveau : Amateur &#8211; Pro\"}]},{\"@type\":\"WebSite\",\"@id\":\"https:\/\/anasounds.com\/#website\",\"url\":\"https:\/\/anasounds.com\/\",\"name\":\"Anasounds\",\"description\":\"P\u00e9dales \u00e0 la Fran\u00e7aise\",\"publisher\":{\"@id\":\"https:\/\/anasounds.com\/#organization\"},\"potentialAction\":[{\"@type\":\"SearchAction\",\"target\":{\"@type\":\"EntryPoint\",\"urlTemplate\":\"https:\/\/anasounds.com\/?s={search_term_string}\"},\"query-input\":{\"@type\":\"PropertyValueSpecification\",\"valueRequired\":true,\"valueName\":\"search_term_string\"}}],\"inLanguage\":\"fr-FR\"},{\"@type\":\"Organization\",\"@id\":\"https:\/\/anasounds.com\/#organization\",\"name\":\"Anasounds\",\"url\":\"https:\/\/anasounds.com\/\",\"logo\":{\"@type\":\"ImageObject\",\"inLanguage\":\"fr-FR\",\"@id\":\"https:\/\/anasounds.com\/#\/schema\/logo\/image\/\",\"url\":\"https:\/\/anasounds.com\/wp-content\/uploads\/2017\/10\/Logomadeinfrnoirblc.png\",\"contentUrl\":\"https:\/\/anasounds.com\/wp-content\/uploads\/2017\/10\/Logomadeinfrnoirblc.png\",\"width\":300,\"height\":300,\"caption\":\"Anasounds\"},\"image\":{\"@id\":\"https:\/\/anasounds.com\/#\/schema\/logo\/image\/\"},\"sameAs\":[\"https:\/\/www.facebook.com\/AnasoundsFX\/\",\"https:\/\/www.instagram.com\/anasounds\/\",\"https:\/\/www.youtube.com\/user\/AnaSoundsFR\"]}]}<\/script>\n<!-- \/ Yoast SEO plugin. -->","yoast_head_json":{"title":"Station de brasage Goot RX802AS 72W | Made in Japan | Anasounds","description":"Station de brasage Goot RX802AS 72W, made in Japan. Station fabuleuse pour r\u00e9aliser des soudures de qualit\u00e9 professionnelles et en un temps record !","robots":{"index":"index","follow":"follow","max-snippet":"max-snippet:-1","max-image-preview":"max-image-preview:large","max-video-preview":"max-video-preview:-1"},"canonical":"https:\/\/anasounds.com\/fr\/produit\/station-de-soudage-esd-pour-fx-maker-pro\/","og_locale":"fr_FR","og_type":"article","og_title":"Station de brasage Goot RX802AS 72W | Made in Japan | Anasounds","og_description":"Station de brasage Goot RX802AS 72W, made in Japan. Station fabuleuse pour r\u00e9aliser des soudures de qualit\u00e9 professionnelles et en un temps record !","og_url":"https:\/\/anasounds.com\/fr\/produit\/station-de-soudage-esd-pour-fx-maker-pro\/","og_site_name":"Anasounds","article_publisher":"https:\/\/www.facebook.com\/AnasoundsFX\/","article_modified_time":"2026-02-27T14:50:55+00:00","og_image":[{"width":800,"height":573,"url":"https:\/\/anasounds.com\/wp-content\/uploads\/2019\/06\/Station-de-brasage-1.jpg","type":"image\/jpeg"}],"twitter_card":"summary_large_image","twitter_misc":{"Dur\u00e9e de lecture estim\u00e9e":"3 minutes"},"schema":{"@context":"https:\/\/schema.org","@graph":[{"@type":"WebPage","@id":"https:\/\/anasounds.com\/fr\/produit\/station-de-soudage-esd-pour-fx-maker-pro\/","url":"https:\/\/anasounds.com\/fr\/produit\/station-de-soudage-esd-pour-fx-maker-pro\/","name":"Station de brasage Goot RX802AS 72W | Made in Japan | Anasounds","isPartOf":{"@id":"https:\/\/anasounds.com\/#website"},"primaryImageOfPage":{"@id":"https:\/\/anasounds.com\/fr\/produit\/station-de-soudage-esd-pour-fx-maker-pro\/#primaryimage"},"image":{"@id":"https:\/\/anasounds.com\/fr\/produit\/station-de-soudage-esd-pour-fx-maker-pro\/#primaryimage"},"thumbnailUrl":"https:\/\/anasounds.com\/wp-content\/uploads\/2019\/06\/Station-de-brasage-1.jpg","datePublished":"2019-06-12T15:30:49+00:00","dateModified":"2026-02-27T14:50:55+00:00","description":"Station de brasage Goot RX802AS 72W, made in Japan. Station fabuleuse pour r\u00e9aliser des soudures de qualit\u00e9 professionnelles et en un temps record !","breadcrumb":{"@id":"https:\/\/anasounds.com\/fr\/produit\/station-de-soudage-esd-pour-fx-maker-pro\/#breadcrumb"},"inLanguage":"fr-FR","potentialAction":[{"@type":"ReadAction","target":["https:\/\/anasounds.com\/fr\/produit\/station-de-soudage-esd-pour-fx-maker-pro\/"]}]},{"@type":"ImageObject","inLanguage":"fr-FR","@id":"https:\/\/anasounds.com\/fr\/produit\/station-de-soudage-esd-pour-fx-maker-pro\/#primaryimage","url":"https:\/\/anasounds.com\/wp-content\/uploads\/2019\/06\/Station-de-brasage-1.jpg","contentUrl":"https:\/\/anasounds.com\/wp-content\/uploads\/2019\/06\/Station-de-brasage-1.jpg","width":800,"height":573,"caption":"Station-de-brasage-1"},{"@type":"BreadcrumbList","@id":"https:\/\/anasounds.com\/fr\/produit\/station-de-soudage-esd-pour-fx-maker-pro\/#breadcrumb","itemListElement":[{"@type":"ListItem","position":1,"name":"Home","item":"https:\/\/anasounds.com\/fr\/"},{"@type":"ListItem","position":2,"name":"boutique","item":"https:\/\/anasounds.com\/fr\/shop\/"},{"@type":"ListItem","position":3,"name":"Station de brasage Goot 72W, RX802AS | Made in Japan | Niveau : Amateur &#8211; Pro"}]},{"@type":"WebSite","@id":"https:\/\/anasounds.com\/#website","url":"https:\/\/anasounds.com\/","name":"Anasounds","description":"P\u00e9dales \u00e0 la Fran\u00e7aise","publisher":{"@id":"https:\/\/anasounds.com\/#organization"},"potentialAction":[{"@type":"SearchAction","target":{"@type":"EntryPoint","urlTemplate":"https:\/\/anasounds.com\/?s={search_term_string}"},"query-input":{"@type":"PropertyValueSpecification","valueRequired":true,"valueName":"search_term_string"}}],"inLanguage":"fr-FR"},{"@type":"Organization","@id":"https:\/\/anasounds.com\/#organization","name":"Anasounds","url":"https:\/\/anasounds.com\/","logo":{"@type":"ImageObject","inLanguage":"fr-FR","@id":"https:\/\/anasounds.com\/#\/schema\/logo\/image\/","url":"https:\/\/anasounds.com\/wp-content\/uploads\/2017\/10\/Logomadeinfrnoirblc.png","contentUrl":"https:\/\/anasounds.com\/wp-content\/uploads\/2017\/10\/Logomadeinfrnoirblc.png","width":300,"height":300,"caption":"Anasounds"},"image":{"@id":"https:\/\/anasounds.com\/#\/schema\/logo\/image\/"},"sameAs":["https:\/\/www.facebook.com\/AnasoundsFX\/","https:\/\/www.instagram.com\/anasounds\/","https:\/\/www.youtube.com\/user\/AnaSoundsFR"]}]}},"_links":{"self":[{"href":"https:\/\/anasounds.com\/fr\/wp-json\/wp\/v2\/product\/17980","targetHints":{"allow":["GET"]}}],"collection":[{"href":"https:\/\/anasounds.com\/fr\/wp-json\/wp\/v2\/product"}],"about":[{"href":"https:\/\/anasounds.com\/fr\/wp-json\/wp\/v2\/types\/product"}],"replies":[{"embeddable":true,"href":"https:\/\/anasounds.com\/fr\/wp-json\/wp\/v2\/comments?post=17980"}],"wp:featuredmedia":[{"embeddable":true,"href":"https:\/\/anasounds.com\/fr\/wp-json\/wp\/v2\/media\/20392"}],"wp:attachment":[{"href":"https:\/\/anasounds.com\/fr\/wp-json\/wp\/v2\/media?parent=17980"}],"wp:term":[{"taxonomy":"product_brand","embeddable":true,"href":"https:\/\/anasounds.com\/fr\/wp-json\/wp\/v2\/product_brand?post=17980"},{"taxonomy":"product_cat","embeddable":true,"href":"https:\/\/anasounds.com\/fr\/wp-json\/wp\/v2\/product_cat?post=17980"},{"taxonomy":"product_tag","embeddable":true,"href":"https:\/\/anasounds.com\/fr\/wp-json\/wp\/v2\/product_tag?post=17980"}],"curies":[{"name":"wp","href":"https:\/\/api.w.org\/{rel}","templated":true}]}}