{"id":17983,"date":"2019-06-12T18:07:40","date_gmt":"2019-06-12T16:07:40","guid":{"rendered":"https:\/\/anasounds.com\/?post_type=product&#038;p=17983"},"modified":"2026-01-09T18:37:01","modified_gmt":"2026-01-09T17:37:01","slug":"panne-de-rechange-rx802as","status":"publish","type":"product","link":"https:\/\/anasounds.com\/fr\/produit\/panne-de-rechange-rx802as\/","title":{"rendered":"Panne de rechange RX802AS | Made in Japan"},"content":{"rendered":"<h2 style=\"text-align: center;\">panne de rechange RX802AS<\/h2>\n<p style=\"text-align: center;\">Tu viens de finir de construire ta 499\u00e8me p\u00e9dale ?<br \/>\nTu as envie que la 500\u00e8me soit parfaite et marque le d\u00e9but d&rsquo;une nouvelle \u00e8re ?<br \/>\nRedonne un coup de neuf \u00e0 ton fer \u00e0 souder !<br \/>\nIl te suffit juste de te procurer une panne de rechange <a href=\"http:\/\/bit.ly\/2JWGuSf\" target=\"_blank\" rel=\"noopener noreferrer\">RX802AS<\/a> et tu retrouveras tes soudures d&rsquo;antan !<\/p>\n<p style=\"text-align: center;\">Panne de rechange \u00a0RX802AS forme tournevis de 1.6 mm de diam\u00e8tre, pour des soudures pr\u00e9cises et rapides.<br \/>\nCompatible avec la station de soudure Goot <a href=\"http:\/\/bit.ly\/2XlAQBF\" target=\"_blank\" rel=\"noopener noreferrer\">RX802AS<\/a><\/p>\n","protected":false},"excerpt":{"rendered":"<p>Des soudures impeccables pour ta prochaine p\u00e9dale !<\/p>\n","protected":false},"featured_media":20347,"comment_status":"open","ping_status":"closed","template":"","meta":[],"product_brand":[],"product_cat":[522,1047,1048],"product_tag":[523,544,543],"class_list":{"0":"post-17983","1":"product","2":"type-product","3":"status-publish","4":"has-post-thumbnail","6":"product_cat-outils-fx-teacher","7":"product_cat-outils-pour-pedales","8":"product_cat-outils-pour-cables-diy","9":"product_tag-fer-a-souder","10":"product_tag-panne-rechange","11":"product_tag-rx802as","13":"first","14":"instock","15":"taxable","16":"shipping-taxable","17":"purchasable","18":"product-type-simple"},"supplier_id":83520,"supplier_sku":"","barcode":null,"atum_controlled":true,"out_stock_date":null,"out_stock_threshold":null,"inheritable":false,"inbound_stock":15,"stock_on_hold":0,"sold_today":0,"sales_last_days":0,"reserved_stock":0,"customer_returns":0,"warehouse_damage":0,"lost_in_post":0,"other_logs":0,"out_stock_days":0,"lost_sales":0,"has_location":false,"update_date":"2026-04-28T01:14:59","atum_locations":[],"atum_stock_status":"instock","restock_status":false,"low_stock_amount":"","sales_update_date":"2026-04-28T01:14:59","calc_backorders":0,"yoast_head":"<!-- This site is optimized with the Yoast SEO plugin v26.5 - https:\/\/yoast.com\/wordpress\/plugins\/seo\/ -->\n<title>Panne de rechange RX802AS | Made in Japan | Anasounds<\/title>\n<meta name=\"description\" content=\"Panne de rechange pour RX802AS, la station Goot professionnelle de 72W utilis\u00e9e dans nos ateliers et fabriqu\u00e9e au Japon. Panne forme tournevis !\" \/>\n<meta name=\"robots\" content=\"index, follow, max-snippet:-1, max-image-preview:large, max-video-preview:-1\" \/>\n<link rel=\"canonical\" href=\"https:\/\/anasounds.com\/fr\/produit\/panne-de-rechange-rx802as\/\" \/>\n<meta property=\"og:locale\" content=\"fr_FR\" \/>\n<meta property=\"og:type\" content=\"article\" \/>\n<meta property=\"og:title\" content=\"Panne de rechange RX802AS | Made in Japan | Anasounds\" \/>\n<meta property=\"og:description\" content=\"Panne de rechange pour RX802AS, la station Goot professionnelle de 72W utilis\u00e9e dans nos ateliers et fabriqu\u00e9e au Japon. Panne forme tournevis !\" \/>\n<meta property=\"og:url\" content=\"https:\/\/anasounds.com\/fr\/produit\/panne-de-rechange-rx802as\/\" \/>\n<meta property=\"og:site_name\" content=\"Anasounds\" \/>\n<meta property=\"article:publisher\" content=\"https:\/\/www.facebook.com\/AnasoundsFX\/\" \/>\n<meta property=\"article:modified_time\" content=\"2026-01-09T17:37:01+00:00\" \/>\n<meta property=\"og:image\" content=\"https:\/\/anasounds.com\/wp-content\/uploads\/2019\/06\/panne-RS802-1.jpg\" \/>\n\t<meta property=\"og:image:width\" content=\"1000\" \/>\n\t<meta property=\"og:image:height\" content=\"1500\" \/>\n\t<meta property=\"og:image:type\" content=\"image\/jpeg\" \/>\n<meta name=\"twitter:card\" content=\"summary_large_image\" \/>\n<meta name=\"twitter:label1\" content=\"Dur\u00e9e de lecture estim\u00e9e\" \/>\n\t<meta name=\"twitter:data1\" content=\"1 minute\" \/>\n<script type=\"application\/ld+json\" class=\"yoast-schema-graph\">{\"@context\":\"https:\/\/schema.org\",\"@graph\":[{\"@type\":\"WebPage\",\"@id\":\"https:\/\/anasounds.com\/fr\/produit\/panne-de-rechange-rx802as\/\",\"url\":\"https:\/\/anasounds.com\/fr\/produit\/panne-de-rechange-rx802as\/\",\"name\":\"Panne de rechange RX802AS | Made in Japan | Anasounds\",\"isPartOf\":{\"@id\":\"https:\/\/anasounds.com\/#website\"},\"primaryImageOfPage\":{\"@id\":\"https:\/\/anasounds.com\/fr\/produit\/panne-de-rechange-rx802as\/#primaryimage\"},\"image\":{\"@id\":\"https:\/\/anasounds.com\/fr\/produit\/panne-de-rechange-rx802as\/#primaryimage\"},\"thumbnailUrl\":\"https:\/\/anasounds.com\/wp-content\/uploads\/2019\/06\/panne-RS802-1.jpg\",\"datePublished\":\"2019-06-12T16:07:40+00:00\",\"dateModified\":\"2026-01-09T17:37:01+00:00\",\"description\":\"Panne de rechange pour RX802AS, la station Goot professionnelle de 72W utilis\u00e9e dans nos ateliers et fabriqu\u00e9e au Japon. Panne forme tournevis !\",\"breadcrumb\":{\"@id\":\"https:\/\/anasounds.com\/fr\/produit\/panne-de-rechange-rx802as\/#breadcrumb\"},\"inLanguage\":\"fr-FR\",\"potentialAction\":[{\"@type\":\"ReadAction\",\"target\":[\"https:\/\/anasounds.com\/fr\/produit\/panne-de-rechange-rx802as\/\"]}]},{\"@type\":\"ImageObject\",\"inLanguage\":\"fr-FR\",\"@id\":\"https:\/\/anasounds.com\/fr\/produit\/panne-de-rechange-rx802as\/#primaryimage\",\"url\":\"https:\/\/anasounds.com\/wp-content\/uploads\/2019\/06\/panne-RS802-1.jpg\",\"contentUrl\":\"https:\/\/anasounds.com\/wp-content\/uploads\/2019\/06\/panne-RS802-1.jpg\",\"width\":1000,\"height\":1500,\"caption\":\"panne-RS802-1\"},{\"@type\":\"BreadcrumbList\",\"@id\":\"https:\/\/anasounds.com\/fr\/produit\/panne-de-rechange-rx802as\/#breadcrumb\",\"itemListElement\":[{\"@type\":\"ListItem\",\"position\":1,\"name\":\"Home\",\"item\":\"https:\/\/anasounds.com\/fr\/\"},{\"@type\":\"ListItem\",\"position\":2,\"name\":\"boutique\",\"item\":\"https:\/\/anasounds.com\/fr\/shop\/\"},{\"@type\":\"ListItem\",\"position\":3,\"name\":\"Panne de rechange RX802AS | Made in Japan\"}]},{\"@type\":\"WebSite\",\"@id\":\"https:\/\/anasounds.com\/#website\",\"url\":\"https:\/\/anasounds.com\/\",\"name\":\"Anasounds\",\"description\":\"P\u00e9dales \u00e0 la Fran\u00e7aise\",\"publisher\":{\"@id\":\"https:\/\/anasounds.com\/#organization\"},\"potentialAction\":[{\"@type\":\"SearchAction\",\"target\":{\"@type\":\"EntryPoint\",\"urlTemplate\":\"https:\/\/anasounds.com\/?s={search_term_string}\"},\"query-input\":{\"@type\":\"PropertyValueSpecification\",\"valueRequired\":true,\"valueName\":\"search_term_string\"}}],\"inLanguage\":\"fr-FR\"},{\"@type\":\"Organization\",\"@id\":\"https:\/\/anasounds.com\/#organization\",\"name\":\"Anasounds\",\"url\":\"https:\/\/anasounds.com\/\",\"logo\":{\"@type\":\"ImageObject\",\"inLanguage\":\"fr-FR\",\"@id\":\"https:\/\/anasounds.com\/#\/schema\/logo\/image\/\",\"url\":\"https:\/\/anasounds.com\/wp-content\/uploads\/2017\/10\/Logomadeinfrnoirblc.png\",\"contentUrl\":\"https:\/\/anasounds.com\/wp-content\/uploads\/2017\/10\/Logomadeinfrnoirblc.png\",\"width\":300,\"height\":300,\"caption\":\"Anasounds\"},\"image\":{\"@id\":\"https:\/\/anasounds.com\/#\/schema\/logo\/image\/\"},\"sameAs\":[\"https:\/\/www.facebook.com\/AnasoundsFX\/\",\"https:\/\/www.instagram.com\/anasounds\/\",\"https:\/\/www.youtube.com\/user\/AnaSoundsFR\"]}]}<\/script>\n<!-- \/ Yoast SEO plugin. -->","yoast_head_json":{"title":"Panne de rechange RX802AS | Made in Japan | Anasounds","description":"Panne de rechange pour RX802AS, la station Goot professionnelle de 72W utilis\u00e9e dans nos ateliers et fabriqu\u00e9e au Japon. Panne forme tournevis !","robots":{"index":"index","follow":"follow","max-snippet":"max-snippet:-1","max-image-preview":"max-image-preview:large","max-video-preview":"max-video-preview:-1"},"canonical":"https:\/\/anasounds.com\/fr\/produit\/panne-de-rechange-rx802as\/","og_locale":"fr_FR","og_type":"article","og_title":"Panne de rechange RX802AS | Made in Japan | Anasounds","og_description":"Panne de rechange pour RX802AS, la station Goot professionnelle de 72W utilis\u00e9e dans nos ateliers et fabriqu\u00e9e au Japon. Panne forme tournevis !","og_url":"https:\/\/anasounds.com\/fr\/produit\/panne-de-rechange-rx802as\/","og_site_name":"Anasounds","article_publisher":"https:\/\/www.facebook.com\/AnasoundsFX\/","article_modified_time":"2026-01-09T17:37:01+00:00","og_image":[{"width":1000,"height":1500,"url":"https:\/\/anasounds.com\/wp-content\/uploads\/2019\/06\/panne-RS802-1.jpg","type":"image\/jpeg"}],"twitter_card":"summary_large_image","twitter_misc":{"Dur\u00e9e de lecture estim\u00e9e":"1 minute"},"schema":{"@context":"https:\/\/schema.org","@graph":[{"@type":"WebPage","@id":"https:\/\/anasounds.com\/fr\/produit\/panne-de-rechange-rx802as\/","url":"https:\/\/anasounds.com\/fr\/produit\/panne-de-rechange-rx802as\/","name":"Panne de rechange RX802AS | Made in Japan | Anasounds","isPartOf":{"@id":"https:\/\/anasounds.com\/#website"},"primaryImageOfPage":{"@id":"https:\/\/anasounds.com\/fr\/produit\/panne-de-rechange-rx802as\/#primaryimage"},"image":{"@id":"https:\/\/anasounds.com\/fr\/produit\/panne-de-rechange-rx802as\/#primaryimage"},"thumbnailUrl":"https:\/\/anasounds.com\/wp-content\/uploads\/2019\/06\/panne-RS802-1.jpg","datePublished":"2019-06-12T16:07:40+00:00","dateModified":"2026-01-09T17:37:01+00:00","description":"Panne de rechange pour RX802AS, la station Goot professionnelle de 72W utilis\u00e9e dans nos ateliers et fabriqu\u00e9e au Japon. Panne forme tournevis !","breadcrumb":{"@id":"https:\/\/anasounds.com\/fr\/produit\/panne-de-rechange-rx802as\/#breadcrumb"},"inLanguage":"fr-FR","potentialAction":[{"@type":"ReadAction","target":["https:\/\/anasounds.com\/fr\/produit\/panne-de-rechange-rx802as\/"]}]},{"@type":"ImageObject","inLanguage":"fr-FR","@id":"https:\/\/anasounds.com\/fr\/produit\/panne-de-rechange-rx802as\/#primaryimage","url":"https:\/\/anasounds.com\/wp-content\/uploads\/2019\/06\/panne-RS802-1.jpg","contentUrl":"https:\/\/anasounds.com\/wp-content\/uploads\/2019\/06\/panne-RS802-1.jpg","width":1000,"height":1500,"caption":"panne-RS802-1"},{"@type":"BreadcrumbList","@id":"https:\/\/anasounds.com\/fr\/produit\/panne-de-rechange-rx802as\/#breadcrumb","itemListElement":[{"@type":"ListItem","position":1,"name":"Home","item":"https:\/\/anasounds.com\/fr\/"},{"@type":"ListItem","position":2,"name":"boutique","item":"https:\/\/anasounds.com\/fr\/shop\/"},{"@type":"ListItem","position":3,"name":"Panne de rechange RX802AS | Made in Japan"}]},{"@type":"WebSite","@id":"https:\/\/anasounds.com\/#website","url":"https:\/\/anasounds.com\/","name":"Anasounds","description":"P\u00e9dales \u00e0 la Fran\u00e7aise","publisher":{"@id":"https:\/\/anasounds.com\/#organization"},"potentialAction":[{"@type":"SearchAction","target":{"@type":"EntryPoint","urlTemplate":"https:\/\/anasounds.com\/?s={search_term_string}"},"query-input":{"@type":"PropertyValueSpecification","valueRequired":true,"valueName":"search_term_string"}}],"inLanguage":"fr-FR"},{"@type":"Organization","@id":"https:\/\/anasounds.com\/#organization","name":"Anasounds","url":"https:\/\/anasounds.com\/","logo":{"@type":"ImageObject","inLanguage":"fr-FR","@id":"https:\/\/anasounds.com\/#\/schema\/logo\/image\/","url":"https:\/\/anasounds.com\/wp-content\/uploads\/2017\/10\/Logomadeinfrnoirblc.png","contentUrl":"https:\/\/anasounds.com\/wp-content\/uploads\/2017\/10\/Logomadeinfrnoirblc.png","width":300,"height":300,"caption":"Anasounds"},"image":{"@id":"https:\/\/anasounds.com\/#\/schema\/logo\/image\/"},"sameAs":["https:\/\/www.facebook.com\/AnasoundsFX\/","https:\/\/www.instagram.com\/anasounds\/","https:\/\/www.youtube.com\/user\/AnaSoundsFR"]}]}},"_links":{"self":[{"href":"https:\/\/anasounds.com\/fr\/wp-json\/wp\/v2\/product\/17983","targetHints":{"allow":["GET"]}}],"collection":[{"href":"https:\/\/anasounds.com\/fr\/wp-json\/wp\/v2\/product"}],"about":[{"href":"https:\/\/anasounds.com\/fr\/wp-json\/wp\/v2\/types\/product"}],"replies":[{"embeddable":true,"href":"https:\/\/anasounds.com\/fr\/wp-json\/wp\/v2\/comments?post=17983"}],"wp:featuredmedia":[{"embeddable":true,"href":"https:\/\/anasounds.com\/fr\/wp-json\/wp\/v2\/media\/20347"}],"wp:attachment":[{"href":"https:\/\/anasounds.com\/fr\/wp-json\/wp\/v2\/media?parent=17983"}],"wp:term":[{"taxonomy":"product_brand","embeddable":true,"href":"https:\/\/anasounds.com\/fr\/wp-json\/wp\/v2\/product_brand?post=17983"},{"taxonomy":"product_cat","embeddable":true,"href":"https:\/\/anasounds.com\/fr\/wp-json\/wp\/v2\/product_cat?post=17983"},{"taxonomy":"product_tag","embeddable":true,"href":"https:\/\/anasounds.com\/fr\/wp-json\/wp\/v2\/product_tag?post=17983"}],"curies":[{"name":"wp","href":"https:\/\/api.w.org\/{rel}","templated":true}]}}