{"id":18063,"date":"2019-06-12T18:49:50","date_gmt":"2019-06-12T16:49:50","guid":{"rendered":"https:\/\/anasounds.com\/?post_type=product&#038;p=18063"},"modified":"2026-02-09T12:50:30","modified_gmt":"2026-02-09T11:50:30","slug":"support-fer-a-souder","status":"publish","type":"product","link":"https:\/\/anasounds.com\/fr\/produit\/support-fer-a-souder\/","title":{"rendered":"Support fer \u00e0 souder Goot CXR41 | Made in Japan"},"content":{"rendered":"<h2 style=\"text-align: center;\">support fer \u00e0 souder CXR41<\/h2>\n<p style=\"text-align: center;\">Besoin d&rsquo;un support et de quoi nettoyer ton fer \u00e0 souder\u00a0 ?<br \/>\nOn a exactement ce qu&rsquo;il te faut !<\/p>\n<p style=\"text-align: center;\">Support con\u00e7u pour le fer \u00e0 souder\u00a0<a href=\"https:\/\/anasounds.com\/fr\/produit\/fer-a-souder-pour-fx-maker-confirme\/\" target=\"_blank\" rel=\"noopener noreferrer\">CXR41<\/a> mais compatible avec d&rsquo;autres fers selon leur diam\u00e8tre !<\/p>\n<p style=\"text-align: center;\">Offre toi un peu plus de confort lors de la r\u00e9alisation de ta p\u00e9dale !<br \/>\nCa t&rsquo;\u00e9viteras de te cramer en oubliant o\u00f9 tu avais pos\u00e9 ton fer,<br \/>\nou de te lancer malgr\u00e9 toi dans la pyrogravure de table du salon de madame !<\/p>\n","protected":false},"excerpt":{"rendered":"<p>Un support robuste pour ton CXR41.<\/p>\n","protected":false},"featured_media":20388,"comment_status":"open","ping_status":"closed","template":"","meta":[],"product_brand":[],"product_cat":[522,1047,1048],"product_tag":[537,547],"class_list":{"0":"post-18063","1":"product","2":"type-product","3":"status-publish","4":"has-post-thumbnail","6":"product_cat-outils-fx-teacher","7":"product_cat-outils-pour-pedales","8":"product_cat-outils-pour-cables-diy","9":"product_tag-cxr41","10":"product_tag-support-fer","12":"first","13":"instock","14":"taxable","15":"shipping-taxable","16":"purchasable","17":"product-type-simple"},"supplier_id":83520,"supplier_sku":"","barcode":null,"atum_controlled":true,"out_stock_date":null,"out_stock_threshold":null,"inheritable":false,"inbound_stock":0,"stock_on_hold":0,"sold_today":0,"sales_last_days":0,"reserved_stock":0,"customer_returns":0,"warehouse_damage":0,"lost_in_post":0,"other_logs":0,"out_stock_days":0,"lost_sales":0,"has_location":false,"update_date":"2026-04-25T01:13:21","atum_locations":[],"atum_stock_status":"instock","restock_status":false,"low_stock_amount":"","sales_update_date":"2026-04-25T01:13:21","calc_backorders":0,"yoast_head":"<!-- This site is optimized with the Yoast SEO plugin v26.5 - https:\/\/yoast.com\/wordpress\/plugins\/seo\/ -->\n<title>Support fer \u00e0 souder Goot CXR41 | Made in Japan | Anasounds<\/title>\n<meta name=\"description\" content=\"Support pour le fer \u00e0 souder Goot CXR41, fabriqu\u00e9 au Japon avec un emplacement d\u00e9di\u00e9 au nettoyeur en laiton ou \u00e0 l&#039;\u00e9ponge ! Le top !\" \/>\n<meta name=\"robots\" content=\"index, follow, max-snippet:-1, max-image-preview:large, max-video-preview:-1\" \/>\n<link rel=\"canonical\" href=\"https:\/\/anasounds.com\/fr\/produit\/support-fer-a-souder\/\" \/>\n<meta property=\"og:locale\" content=\"fr_FR\" \/>\n<meta property=\"og:type\" content=\"article\" \/>\n<meta property=\"og:title\" content=\"Support fer \u00e0 souder Goot CXR41 | Made in Japan | Anasounds\" \/>\n<meta property=\"og:description\" content=\"Support pour le fer \u00e0 souder Goot CXR41, fabriqu\u00e9 au Japon avec un emplacement d\u00e9di\u00e9 au nettoyeur en laiton ou \u00e0 l&#039;\u00e9ponge ! Le top !\" \/>\n<meta property=\"og:url\" content=\"https:\/\/anasounds.com\/fr\/produit\/support-fer-a-souder\/\" \/>\n<meta property=\"og:site_name\" content=\"Anasounds\" \/>\n<meta property=\"article:publisher\" content=\"https:\/\/www.facebook.com\/AnasoundsFX\/\" \/>\n<meta property=\"article:modified_time\" content=\"2026-02-09T11:50:30+00:00\" \/>\n<meta property=\"og:image\" content=\"https:\/\/anasounds.com\/wp-content\/uploads\/2019\/06\/ST-27_Eye-catch.jpg\" \/>\n\t<meta property=\"og:image:width\" content=\"321\" \/>\n\t<meta property=\"og:image:height\" content=\"230\" \/>\n\t<meta property=\"og:image:type\" content=\"image\/jpeg\" \/>\n<meta name=\"twitter:card\" content=\"summary_large_image\" \/>\n<script type=\"application\/ld+json\" class=\"yoast-schema-graph\">{\"@context\":\"https:\/\/schema.org\",\"@graph\":[{\"@type\":\"WebPage\",\"@id\":\"https:\/\/anasounds.com\/fr\/produit\/support-fer-a-souder\/\",\"url\":\"https:\/\/anasounds.com\/fr\/produit\/support-fer-a-souder\/\",\"name\":\"Support fer \u00e0 souder Goot CXR41 | Made in Japan | Anasounds\",\"isPartOf\":{\"@id\":\"https:\/\/anasounds.com\/#website\"},\"primaryImageOfPage\":{\"@id\":\"https:\/\/anasounds.com\/fr\/produit\/support-fer-a-souder\/#primaryimage\"},\"image\":{\"@id\":\"https:\/\/anasounds.com\/fr\/produit\/support-fer-a-souder\/#primaryimage\"},\"thumbnailUrl\":\"https:\/\/anasounds.com\/wp-content\/uploads\/2019\/06\/ST-27_Eye-catch.jpg\",\"datePublished\":\"2019-06-12T16:49:50+00:00\",\"dateModified\":\"2026-02-09T11:50:30+00:00\",\"description\":\"Support pour le fer \u00e0 souder Goot CXR41, fabriqu\u00e9 au Japon avec un emplacement d\u00e9di\u00e9 au nettoyeur en laiton ou \u00e0 l'\u00e9ponge ! Le top !\",\"breadcrumb\":{\"@id\":\"https:\/\/anasounds.com\/fr\/produit\/support-fer-a-souder\/#breadcrumb\"},\"inLanguage\":\"fr-FR\",\"potentialAction\":[{\"@type\":\"ReadAction\",\"target\":[\"https:\/\/anasounds.com\/fr\/produit\/support-fer-a-souder\/\"]}]},{\"@type\":\"ImageObject\",\"inLanguage\":\"fr-FR\",\"@id\":\"https:\/\/anasounds.com\/fr\/produit\/support-fer-a-souder\/#primaryimage\",\"url\":\"https:\/\/anasounds.com\/wp-content\/uploads\/2019\/06\/ST-27_Eye-catch.jpg\",\"contentUrl\":\"https:\/\/anasounds.com\/wp-content\/uploads\/2019\/06\/ST-27_Eye-catch.jpg\",\"width\":321,\"height\":230,\"caption\":\"support-de-fer-CXR41\"},{\"@type\":\"BreadcrumbList\",\"@id\":\"https:\/\/anasounds.com\/fr\/produit\/support-fer-a-souder\/#breadcrumb\",\"itemListElement\":[{\"@type\":\"ListItem\",\"position\":1,\"name\":\"Home\",\"item\":\"https:\/\/anasounds.com\/fr\/\"},{\"@type\":\"ListItem\",\"position\":2,\"name\":\"boutique\",\"item\":\"https:\/\/anasounds.com\/fr\/shop\/\"},{\"@type\":\"ListItem\",\"position\":3,\"name\":\"Support fer \u00e0 souder Goot CXR41 | Made in Japan\"}]},{\"@type\":\"WebSite\",\"@id\":\"https:\/\/anasounds.com\/#website\",\"url\":\"https:\/\/anasounds.com\/\",\"name\":\"Anasounds\",\"description\":\"P\u00e9dales \u00e0 la Fran\u00e7aise\",\"publisher\":{\"@id\":\"https:\/\/anasounds.com\/#organization\"},\"potentialAction\":[{\"@type\":\"SearchAction\",\"target\":{\"@type\":\"EntryPoint\",\"urlTemplate\":\"https:\/\/anasounds.com\/?s={search_term_string}\"},\"query-input\":{\"@type\":\"PropertyValueSpecification\",\"valueRequired\":true,\"valueName\":\"search_term_string\"}}],\"inLanguage\":\"fr-FR\"},{\"@type\":\"Organization\",\"@id\":\"https:\/\/anasounds.com\/#organization\",\"name\":\"Anasounds\",\"url\":\"https:\/\/anasounds.com\/\",\"logo\":{\"@type\":\"ImageObject\",\"inLanguage\":\"fr-FR\",\"@id\":\"https:\/\/anasounds.com\/#\/schema\/logo\/image\/\",\"url\":\"https:\/\/anasounds.com\/wp-content\/uploads\/2017\/10\/Logomadeinfrnoirblc.png\",\"contentUrl\":\"https:\/\/anasounds.com\/wp-content\/uploads\/2017\/10\/Logomadeinfrnoirblc.png\",\"width\":300,\"height\":300,\"caption\":\"Anasounds\"},\"image\":{\"@id\":\"https:\/\/anasounds.com\/#\/schema\/logo\/image\/\"},\"sameAs\":[\"https:\/\/www.facebook.com\/AnasoundsFX\/\",\"https:\/\/www.instagram.com\/anasounds\/\",\"https:\/\/www.youtube.com\/user\/AnaSoundsFR\"]}]}<\/script>\n<!-- \/ Yoast SEO plugin. -->","yoast_head_json":{"title":"Support fer \u00e0 souder Goot CXR41 | Made in Japan | Anasounds","description":"Support pour le fer \u00e0 souder Goot CXR41, fabriqu\u00e9 au Japon avec un emplacement d\u00e9di\u00e9 au nettoyeur en laiton ou \u00e0 l'\u00e9ponge ! Le top !","robots":{"index":"index","follow":"follow","max-snippet":"max-snippet:-1","max-image-preview":"max-image-preview:large","max-video-preview":"max-video-preview:-1"},"canonical":"https:\/\/anasounds.com\/fr\/produit\/support-fer-a-souder\/","og_locale":"fr_FR","og_type":"article","og_title":"Support fer \u00e0 souder Goot CXR41 | Made in Japan | Anasounds","og_description":"Support pour le fer \u00e0 souder Goot CXR41, fabriqu\u00e9 au Japon avec un emplacement d\u00e9di\u00e9 au nettoyeur en laiton ou \u00e0 l'\u00e9ponge ! Le top !","og_url":"https:\/\/anasounds.com\/fr\/produit\/support-fer-a-souder\/","og_site_name":"Anasounds","article_publisher":"https:\/\/www.facebook.com\/AnasoundsFX\/","article_modified_time":"2026-02-09T11:50:30+00:00","og_image":[{"width":321,"height":230,"url":"https:\/\/anasounds.com\/wp-content\/uploads\/2019\/06\/ST-27_Eye-catch.jpg","type":"image\/jpeg"}],"twitter_card":"summary_large_image","schema":{"@context":"https:\/\/schema.org","@graph":[{"@type":"WebPage","@id":"https:\/\/anasounds.com\/fr\/produit\/support-fer-a-souder\/","url":"https:\/\/anasounds.com\/fr\/produit\/support-fer-a-souder\/","name":"Support fer \u00e0 souder Goot CXR41 | Made in Japan | Anasounds","isPartOf":{"@id":"https:\/\/anasounds.com\/#website"},"primaryImageOfPage":{"@id":"https:\/\/anasounds.com\/fr\/produit\/support-fer-a-souder\/#primaryimage"},"image":{"@id":"https:\/\/anasounds.com\/fr\/produit\/support-fer-a-souder\/#primaryimage"},"thumbnailUrl":"https:\/\/anasounds.com\/wp-content\/uploads\/2019\/06\/ST-27_Eye-catch.jpg","datePublished":"2019-06-12T16:49:50+00:00","dateModified":"2026-02-09T11:50:30+00:00","description":"Support pour le fer \u00e0 souder Goot CXR41, fabriqu\u00e9 au Japon avec un emplacement d\u00e9di\u00e9 au nettoyeur en laiton ou \u00e0 l'\u00e9ponge ! Le top !","breadcrumb":{"@id":"https:\/\/anasounds.com\/fr\/produit\/support-fer-a-souder\/#breadcrumb"},"inLanguage":"fr-FR","potentialAction":[{"@type":"ReadAction","target":["https:\/\/anasounds.com\/fr\/produit\/support-fer-a-souder\/"]}]},{"@type":"ImageObject","inLanguage":"fr-FR","@id":"https:\/\/anasounds.com\/fr\/produit\/support-fer-a-souder\/#primaryimage","url":"https:\/\/anasounds.com\/wp-content\/uploads\/2019\/06\/ST-27_Eye-catch.jpg","contentUrl":"https:\/\/anasounds.com\/wp-content\/uploads\/2019\/06\/ST-27_Eye-catch.jpg","width":321,"height":230,"caption":"support-de-fer-CXR41"},{"@type":"BreadcrumbList","@id":"https:\/\/anasounds.com\/fr\/produit\/support-fer-a-souder\/#breadcrumb","itemListElement":[{"@type":"ListItem","position":1,"name":"Home","item":"https:\/\/anasounds.com\/fr\/"},{"@type":"ListItem","position":2,"name":"boutique","item":"https:\/\/anasounds.com\/fr\/shop\/"},{"@type":"ListItem","position":3,"name":"Support fer \u00e0 souder Goot CXR41 | Made in Japan"}]},{"@type":"WebSite","@id":"https:\/\/anasounds.com\/#website","url":"https:\/\/anasounds.com\/","name":"Anasounds","description":"P\u00e9dales \u00e0 la Fran\u00e7aise","publisher":{"@id":"https:\/\/anasounds.com\/#organization"},"potentialAction":[{"@type":"SearchAction","target":{"@type":"EntryPoint","urlTemplate":"https:\/\/anasounds.com\/?s={search_term_string}"},"query-input":{"@type":"PropertyValueSpecification","valueRequired":true,"valueName":"search_term_string"}}],"inLanguage":"fr-FR"},{"@type":"Organization","@id":"https:\/\/anasounds.com\/#organization","name":"Anasounds","url":"https:\/\/anasounds.com\/","logo":{"@type":"ImageObject","inLanguage":"fr-FR","@id":"https:\/\/anasounds.com\/#\/schema\/logo\/image\/","url":"https:\/\/anasounds.com\/wp-content\/uploads\/2017\/10\/Logomadeinfrnoirblc.png","contentUrl":"https:\/\/anasounds.com\/wp-content\/uploads\/2017\/10\/Logomadeinfrnoirblc.png","width":300,"height":300,"caption":"Anasounds"},"image":{"@id":"https:\/\/anasounds.com\/#\/schema\/logo\/image\/"},"sameAs":["https:\/\/www.facebook.com\/AnasoundsFX\/","https:\/\/www.instagram.com\/anasounds\/","https:\/\/www.youtube.com\/user\/AnaSoundsFR"]}]}},"_links":{"self":[{"href":"https:\/\/anasounds.com\/fr\/wp-json\/wp\/v2\/product\/18063","targetHints":{"allow":["GET"]}}],"collection":[{"href":"https:\/\/anasounds.com\/fr\/wp-json\/wp\/v2\/product"}],"about":[{"href":"https:\/\/anasounds.com\/fr\/wp-json\/wp\/v2\/types\/product"}],"replies":[{"embeddable":true,"href":"https:\/\/anasounds.com\/fr\/wp-json\/wp\/v2\/comments?post=18063"}],"wp:featuredmedia":[{"embeddable":true,"href":"https:\/\/anasounds.com\/fr\/wp-json\/wp\/v2\/media\/20388"}],"wp:attachment":[{"href":"https:\/\/anasounds.com\/fr\/wp-json\/wp\/v2\/media?parent=18063"}],"wp:term":[{"taxonomy":"product_brand","embeddable":true,"href":"https:\/\/anasounds.com\/fr\/wp-json\/wp\/v2\/product_brand?post=18063"},{"taxonomy":"product_cat","embeddable":true,"href":"https:\/\/anasounds.com\/fr\/wp-json\/wp\/v2\/product_cat?post=18063"},{"taxonomy":"product_tag","embeddable":true,"href":"https:\/\/anasounds.com\/fr\/wp-json\/wp\/v2\/product_tag?post=18063"}],"curies":[{"name":"wp","href":"https:\/\/api.w.org\/{rel}","templated":true}]}}