{"id":18086,"date":"2019-06-13T11:22:10","date_gmt":"2019-06-13T09:22:10","guid":{"rendered":"https:\/\/anasounds.com\/?post_type=product&#038;p=18086"},"modified":"2026-01-19T09:58:10","modified_gmt":"2026-01-19T08:58:10","slug":"embout-pompe-a-dessouder","status":"publish","type":"product","link":"https:\/\/anasounds.com\/fr\/produit\/embout-pompe-a-dessouder\/","title":{"rendered":"Embout pompe \u00e0 dessouder | A remplacer de temps en temps"},"content":{"rendered":"<h2 style=\"text-align: center;\">embout pompe \u00e0 dessouder<\/h2>\n<p style=\"text-align: center;\">Comme l&#8217;embout de ta <a href=\"http:\/\/bit.ly\/2WM1yPz\" target=\"_blank\" rel=\"noopener noreferrer\">pompe \u00e0 dessouder<\/a> sera r\u00e9guli\u00e8rement en contact avec ton fer \u00e0 souder,<br \/>\nla buse va s&rsquo;ab\u00eemer et aura besoin sur le moyen terme d&rsquo;un petit coup de neuf.<\/p>\n<p style=\"text-align: center;\">On a donc pens\u00e9 \u00e0 tout et tu peux retrouver des embouts de rechange ici !<\/p>\n","protected":false},"excerpt":{"rendered":"<p>Un coup de jeune pour ma pompe \u00e0 dessouder.<\/p>\n","protected":false},"featured_media":20320,"comment_status":"open","ping_status":"closed","template":"","meta":[],"product_brand":[],"product_cat":[522,1047,1048],"product_tag":[555,554,552,556],"class_list":{"0":"post-18086","1":"product","2":"type-product","3":"status-publish","4":"has-post-thumbnail","6":"product_cat-outils-fx-teacher","7":"product_cat-outils-pour-pedales","8":"product_cat-outils-pour-cables-diy","9":"product_tag-embout-de-rechange","10":"product_tag-pompe-a-dessouder","11":"product_tag-sh827a","12":"product_tag-t2sh827","14":"first","15":"instock","16":"taxable","17":"shipping-taxable","18":"purchasable","19":"product-type-simple"},"supplier_id":83520,"supplier_sku":"","barcode":null,"atum_controlled":true,"out_stock_date":null,"out_stock_threshold":null,"inheritable":false,"inbound_stock":25,"stock_on_hold":0,"sold_today":0,"sales_last_days":0,"reserved_stock":0,"customer_returns":0,"warehouse_damage":0,"lost_in_post":0,"other_logs":0,"out_stock_days":0,"lost_sales":0,"has_location":false,"update_date":"2026-04-05T01:02:32","atum_locations":[],"atum_stock_status":"instock","restock_status":false,"low_stock_amount":"","sales_update_date":"2026-04-05T01:02:31","calc_backorders":0,"yoast_head":"<!-- This site is optimized with the Yoast SEO plugin v26.5 - https:\/\/yoast.com\/wordpress\/plugins\/seo\/ -->\n<title>Embout pompe \u00e0 dessouder | A remplacer de temps en temps | Anasounds<\/title>\n<meta name=\"description\" content=\"Embout pompe \u00e0 dessouder en rechange pour la pompe qu&#039;on propose. Malheureusement \u00e0 force d&#039;y coller ton fer \u00e0 souder, \u00e7a crame ! Il faut donc le changer.\" \/>\n<meta name=\"robots\" content=\"index, follow, max-snippet:-1, max-image-preview:large, max-video-preview:-1\" \/>\n<link rel=\"canonical\" href=\"https:\/\/anasounds.com\/fr\/produit\/embout-pompe-a-dessouder\/\" \/>\n<meta property=\"og:locale\" content=\"fr_FR\" \/>\n<meta property=\"og:type\" content=\"article\" \/>\n<meta property=\"og:title\" content=\"Embout pompe \u00e0 dessouder | A remplacer de temps en temps | Anasounds\" \/>\n<meta property=\"og:description\" content=\"Embout pompe \u00e0 dessouder en rechange pour la pompe qu&#039;on propose. Malheureusement \u00e0 force d&#039;y coller ton fer \u00e0 souder, \u00e7a crame ! Il faut donc le changer.\" \/>\n<meta property=\"og:url\" content=\"https:\/\/anasounds.com\/fr\/produit\/embout-pompe-a-dessouder\/\" \/>\n<meta property=\"og:site_name\" content=\"Anasounds\" \/>\n<meta property=\"article:publisher\" content=\"https:\/\/www.facebook.com\/AnasoundsFX\/\" \/>\n<meta property=\"article:modified_time\" content=\"2026-01-19T08:58:10+00:00\" \/>\n<meta property=\"og:image\" content=\"https:\/\/anasounds.com\/wp-content\/uploads\/2019\/06\/embout-pompe-1.jpg\" \/>\n\t<meta property=\"og:image:width\" content=\"1000\" \/>\n\t<meta property=\"og:image:height\" content=\"1500\" \/>\n\t<meta property=\"og:image:type\" content=\"image\/jpeg\" \/>\n<meta name=\"twitter:card\" content=\"summary_large_image\" \/>\n<script type=\"application\/ld+json\" class=\"yoast-schema-graph\">{\"@context\":\"https:\/\/schema.org\",\"@graph\":[{\"@type\":\"WebPage\",\"@id\":\"https:\/\/anasounds.com\/fr\/produit\/embout-pompe-a-dessouder\/\",\"url\":\"https:\/\/anasounds.com\/fr\/produit\/embout-pompe-a-dessouder\/\",\"name\":\"Embout pompe \u00e0 dessouder | A remplacer de temps en temps | Anasounds\",\"isPartOf\":{\"@id\":\"https:\/\/anasounds.com\/#website\"},\"primaryImageOfPage\":{\"@id\":\"https:\/\/anasounds.com\/fr\/produit\/embout-pompe-a-dessouder\/#primaryimage\"},\"image\":{\"@id\":\"https:\/\/anasounds.com\/fr\/produit\/embout-pompe-a-dessouder\/#primaryimage\"},\"thumbnailUrl\":\"https:\/\/anasounds.com\/wp-content\/uploads\/2019\/06\/embout-pompe-1.jpg\",\"datePublished\":\"2019-06-13T09:22:10+00:00\",\"dateModified\":\"2026-01-19T08:58:10+00:00\",\"description\":\"Embout pompe \u00e0 dessouder en rechange pour la pompe qu'on propose. Malheureusement \u00e0 force d'y coller ton fer \u00e0 souder, \u00e7a crame ! Il faut donc le changer.\",\"breadcrumb\":{\"@id\":\"https:\/\/anasounds.com\/fr\/produit\/embout-pompe-a-dessouder\/#breadcrumb\"},\"inLanguage\":\"fr-FR\",\"potentialAction\":[{\"@type\":\"ReadAction\",\"target\":[\"https:\/\/anasounds.com\/fr\/produit\/embout-pompe-a-dessouder\/\"]}]},{\"@type\":\"ImageObject\",\"inLanguage\":\"fr-FR\",\"@id\":\"https:\/\/anasounds.com\/fr\/produit\/embout-pompe-a-dessouder\/#primaryimage\",\"url\":\"https:\/\/anasounds.com\/wp-content\/uploads\/2019\/06\/embout-pompe-1.jpg\",\"contentUrl\":\"https:\/\/anasounds.com\/wp-content\/uploads\/2019\/06\/embout-pompe-1.jpg\",\"width\":1000,\"height\":1500,\"caption\":\"embout-pompe-1\"},{\"@type\":\"BreadcrumbList\",\"@id\":\"https:\/\/anasounds.com\/fr\/produit\/embout-pompe-a-dessouder\/#breadcrumb\",\"itemListElement\":[{\"@type\":\"ListItem\",\"position\":1,\"name\":\"Home\",\"item\":\"https:\/\/anasounds.com\/fr\/\"},{\"@type\":\"ListItem\",\"position\":2,\"name\":\"boutique\",\"item\":\"https:\/\/anasounds.com\/fr\/shop\/\"},{\"@type\":\"ListItem\",\"position\":3,\"name\":\"Embout pompe \u00e0 dessouder | A remplacer de temps en temps\"}]},{\"@type\":\"WebSite\",\"@id\":\"https:\/\/anasounds.com\/#website\",\"url\":\"https:\/\/anasounds.com\/\",\"name\":\"Anasounds\",\"description\":\"P\u00e9dales \u00e0 la Fran\u00e7aise\",\"publisher\":{\"@id\":\"https:\/\/anasounds.com\/#organization\"},\"potentialAction\":[{\"@type\":\"SearchAction\",\"target\":{\"@type\":\"EntryPoint\",\"urlTemplate\":\"https:\/\/anasounds.com\/?s={search_term_string}\"},\"query-input\":{\"@type\":\"PropertyValueSpecification\",\"valueRequired\":true,\"valueName\":\"search_term_string\"}}],\"inLanguage\":\"fr-FR\"},{\"@type\":\"Organization\",\"@id\":\"https:\/\/anasounds.com\/#organization\",\"name\":\"Anasounds\",\"url\":\"https:\/\/anasounds.com\/\",\"logo\":{\"@type\":\"ImageObject\",\"inLanguage\":\"fr-FR\",\"@id\":\"https:\/\/anasounds.com\/#\/schema\/logo\/image\/\",\"url\":\"https:\/\/anasounds.com\/wp-content\/uploads\/2017\/10\/Logomadeinfrnoirblc.png\",\"contentUrl\":\"https:\/\/anasounds.com\/wp-content\/uploads\/2017\/10\/Logomadeinfrnoirblc.png\",\"width\":300,\"height\":300,\"caption\":\"Anasounds\"},\"image\":{\"@id\":\"https:\/\/anasounds.com\/#\/schema\/logo\/image\/\"},\"sameAs\":[\"https:\/\/www.facebook.com\/AnasoundsFX\/\",\"https:\/\/www.instagram.com\/anasounds\/\",\"https:\/\/www.youtube.com\/user\/AnaSoundsFR\"]}]}<\/script>\n<!-- \/ Yoast SEO plugin. -->","yoast_head_json":{"title":"Embout pompe \u00e0 dessouder | A remplacer de temps en temps | Anasounds","description":"Embout pompe \u00e0 dessouder en rechange pour la pompe qu'on propose. Malheureusement \u00e0 force d'y coller ton fer \u00e0 souder, \u00e7a crame ! Il faut donc le changer.","robots":{"index":"index","follow":"follow","max-snippet":"max-snippet:-1","max-image-preview":"max-image-preview:large","max-video-preview":"max-video-preview:-1"},"canonical":"https:\/\/anasounds.com\/fr\/produit\/embout-pompe-a-dessouder\/","og_locale":"fr_FR","og_type":"article","og_title":"Embout pompe \u00e0 dessouder | A remplacer de temps en temps | Anasounds","og_description":"Embout pompe \u00e0 dessouder en rechange pour la pompe qu'on propose. Malheureusement \u00e0 force d'y coller ton fer \u00e0 souder, \u00e7a crame ! Il faut donc le changer.","og_url":"https:\/\/anasounds.com\/fr\/produit\/embout-pompe-a-dessouder\/","og_site_name":"Anasounds","article_publisher":"https:\/\/www.facebook.com\/AnasoundsFX\/","article_modified_time":"2026-01-19T08:58:10+00:00","og_image":[{"width":1000,"height":1500,"url":"https:\/\/anasounds.com\/wp-content\/uploads\/2019\/06\/embout-pompe-1.jpg","type":"image\/jpeg"}],"twitter_card":"summary_large_image","schema":{"@context":"https:\/\/schema.org","@graph":[{"@type":"WebPage","@id":"https:\/\/anasounds.com\/fr\/produit\/embout-pompe-a-dessouder\/","url":"https:\/\/anasounds.com\/fr\/produit\/embout-pompe-a-dessouder\/","name":"Embout pompe \u00e0 dessouder | A remplacer de temps en temps | Anasounds","isPartOf":{"@id":"https:\/\/anasounds.com\/#website"},"primaryImageOfPage":{"@id":"https:\/\/anasounds.com\/fr\/produit\/embout-pompe-a-dessouder\/#primaryimage"},"image":{"@id":"https:\/\/anasounds.com\/fr\/produit\/embout-pompe-a-dessouder\/#primaryimage"},"thumbnailUrl":"https:\/\/anasounds.com\/wp-content\/uploads\/2019\/06\/embout-pompe-1.jpg","datePublished":"2019-06-13T09:22:10+00:00","dateModified":"2026-01-19T08:58:10+00:00","description":"Embout pompe \u00e0 dessouder en rechange pour la pompe qu'on propose. Malheureusement \u00e0 force d'y coller ton fer \u00e0 souder, \u00e7a crame ! Il faut donc le changer.","breadcrumb":{"@id":"https:\/\/anasounds.com\/fr\/produit\/embout-pompe-a-dessouder\/#breadcrumb"},"inLanguage":"fr-FR","potentialAction":[{"@type":"ReadAction","target":["https:\/\/anasounds.com\/fr\/produit\/embout-pompe-a-dessouder\/"]}]},{"@type":"ImageObject","inLanguage":"fr-FR","@id":"https:\/\/anasounds.com\/fr\/produit\/embout-pompe-a-dessouder\/#primaryimage","url":"https:\/\/anasounds.com\/wp-content\/uploads\/2019\/06\/embout-pompe-1.jpg","contentUrl":"https:\/\/anasounds.com\/wp-content\/uploads\/2019\/06\/embout-pompe-1.jpg","width":1000,"height":1500,"caption":"embout-pompe-1"},{"@type":"BreadcrumbList","@id":"https:\/\/anasounds.com\/fr\/produit\/embout-pompe-a-dessouder\/#breadcrumb","itemListElement":[{"@type":"ListItem","position":1,"name":"Home","item":"https:\/\/anasounds.com\/fr\/"},{"@type":"ListItem","position":2,"name":"boutique","item":"https:\/\/anasounds.com\/fr\/shop\/"},{"@type":"ListItem","position":3,"name":"Embout pompe \u00e0 dessouder | A remplacer de temps en temps"}]},{"@type":"WebSite","@id":"https:\/\/anasounds.com\/#website","url":"https:\/\/anasounds.com\/","name":"Anasounds","description":"P\u00e9dales \u00e0 la Fran\u00e7aise","publisher":{"@id":"https:\/\/anasounds.com\/#organization"},"potentialAction":[{"@type":"SearchAction","target":{"@type":"EntryPoint","urlTemplate":"https:\/\/anasounds.com\/?s={search_term_string}"},"query-input":{"@type":"PropertyValueSpecification","valueRequired":true,"valueName":"search_term_string"}}],"inLanguage":"fr-FR"},{"@type":"Organization","@id":"https:\/\/anasounds.com\/#organization","name":"Anasounds","url":"https:\/\/anasounds.com\/","logo":{"@type":"ImageObject","inLanguage":"fr-FR","@id":"https:\/\/anasounds.com\/#\/schema\/logo\/image\/","url":"https:\/\/anasounds.com\/wp-content\/uploads\/2017\/10\/Logomadeinfrnoirblc.png","contentUrl":"https:\/\/anasounds.com\/wp-content\/uploads\/2017\/10\/Logomadeinfrnoirblc.png","width":300,"height":300,"caption":"Anasounds"},"image":{"@id":"https:\/\/anasounds.com\/#\/schema\/logo\/image\/"},"sameAs":["https:\/\/www.facebook.com\/AnasoundsFX\/","https:\/\/www.instagram.com\/anasounds\/","https:\/\/www.youtube.com\/user\/AnaSoundsFR"]}]}},"_links":{"self":[{"href":"https:\/\/anasounds.com\/fr\/wp-json\/wp\/v2\/product\/18086","targetHints":{"allow":["GET"]}}],"collection":[{"href":"https:\/\/anasounds.com\/fr\/wp-json\/wp\/v2\/product"}],"about":[{"href":"https:\/\/anasounds.com\/fr\/wp-json\/wp\/v2\/types\/product"}],"replies":[{"embeddable":true,"href":"https:\/\/anasounds.com\/fr\/wp-json\/wp\/v2\/comments?post=18086"}],"wp:featuredmedia":[{"embeddable":true,"href":"https:\/\/anasounds.com\/fr\/wp-json\/wp\/v2\/media\/20320"}],"wp:attachment":[{"href":"https:\/\/anasounds.com\/fr\/wp-json\/wp\/v2\/media?parent=18086"}],"wp:term":[{"taxonomy":"product_brand","embeddable":true,"href":"https:\/\/anasounds.com\/fr\/wp-json\/wp\/v2\/product_brand?post=18086"},{"taxonomy":"product_cat","embeddable":true,"href":"https:\/\/anasounds.com\/fr\/wp-json\/wp\/v2\/product_cat?post=18086"},{"taxonomy":"product_tag","embeddable":true,"href":"https:\/\/anasounds.com\/fr\/wp-json\/wp\/v2\/product_tag?post=18086"}],"curies":[{"name":"wp","href":"https:\/\/api.w.org\/{rel}","templated":true}]}}