{"id":18105,"date":"2019-06-13T14:59:50","date_gmt":"2019-06-13T12:59:50","guid":{"rendered":"https:\/\/anasounds.com\/?post_type=product&#038;p=18105"},"modified":"2026-03-19T14:06:53","modified_gmt":"2026-03-19T13:06:53","slug":"eponge-en-laiton-nettoyeur-de-panne","status":"publish","type":"product","link":"https:\/\/anasounds.com\/fr\/produit\/eponge-en-laiton-nettoyeur-de-panne\/","title":{"rendered":"\u00c9ponge en laiton de remplacement pour nettoyeur de panne"},"content":{"rendered":"<h2 style=\"text-align: center;\">Eponge en laiton pour nettoyeur de pannes<\/h2>\n<p style=\"text-align: center;\">Quand ton \u00e9ponge en laiton n&rsquo;est plus dor\u00e9 car elle est recouverte d&rsquo;\u00e9tain, c&rsquo;est s\u00fbrement qu&rsquo;il est temps de la changer !<br \/>\nTu l&rsquo;as d\u00e9j\u00e0 retourn\u00e9 3 fois, essor\u00e9, agit\u00e9 au dessus de la poubelle&#8230; C&rsquo;est bon c&rsquo;est fini il t&rsquo;en faut une autre !<br \/>\nTu verras \u00e7a marchera nettement mieux !<\/p>\n<p style=\"text-align: center;\">Si tu n&rsquo;as toujours pas de support pour ton \u00e9ponge, que c&rsquo;est cal\u00e9 \u00e0 l&rsquo;arrache sous ton support de fer \u00e0 souder.<br \/>\nArr\u00eate tout !<br \/>\nEt fonce pour cette\u00a0<a href=\"http:\/\/bit.ly\/2L1PE1A\" target=\"_blank\" rel=\"noopener noreferrer\">offre<\/a>\u00a0nettoyeur de panne avec le support et l&rsquo;\u00e9ponge qui va bien !<\/p>\n","protected":false},"excerpt":{"rendered":"<p>Un fer propre, sans r\u00e9sidus d&rsquo;\u00e9tain et pr\u00eat \u00e0 tout d\u00e9zinguer ! Le nettoyeur de panne c&rsquo;est la vie !<\/p>\n","protected":false},"featured_media":20288,"comment_status":"open","ping_status":"closed","template":"","meta":[],"product_brand":[],"product_cat":[522,1047,1048],"product_tag":[574,523,528,573],"class_list":{"0":"post-18105","1":"product","2":"type-product","3":"status-publish","4":"has-post-thumbnail","6":"product_cat-outils-fx-teacher","7":"product_cat-outils-pour-pedales","8":"product_cat-outils-pour-cables-diy","9":"product_tag-eponge-recharge","10":"product_tag-fer-a-souder","11":"product_tag-soudure","12":"product_tag-xy459","14":"first","15":"instock","16":"taxable","17":"shipping-taxable","18":"purchasable","19":"product-type-simple"},"supplier_id":83520,"supplier_sku":"","barcode":null,"atum_controlled":true,"out_stock_date":null,"out_stock_threshold":null,"inheritable":false,"inbound_stock":0,"stock_on_hold":0,"sold_today":0,"sales_last_days":0,"reserved_stock":0,"customer_returns":0,"warehouse_damage":0,"lost_in_post":0,"other_logs":0,"out_stock_days":0,"lost_sales":0,"has_location":false,"update_date":"2026-04-19T01:09:49","atum_locations":[],"atum_stock_status":"instock","restock_status":false,"low_stock_amount":"","sales_update_date":"2026-04-19T01:09:49","calc_backorders":0,"yoast_head":"<!-- This site is optimized with the Yoast SEO plugin v26.5 - https:\/\/yoast.com\/wordpress\/plugins\/seo\/ -->\n<title>\u00c9ponge en laiton de remplacement pour nettoyeur de panne | Anasounds<\/title>\n<meta name=\"description\" content=\"Eponge en laiton de remplacement pour nettoyeur de panne de fer \u00e0 souder sans pour autant l&#039;ab\u00eemer ! Il s&#039;agit d&#039;une recharge \u00e0 placer dans un support.\" \/>\n<meta name=\"robots\" content=\"index, follow, max-snippet:-1, max-image-preview:large, max-video-preview:-1\" \/>\n<link rel=\"canonical\" href=\"https:\/\/anasounds.com\/fr\/produit\/eponge-en-laiton-nettoyeur-de-panne\/\" \/>\n<meta property=\"og:locale\" content=\"fr_FR\" \/>\n<meta property=\"og:type\" content=\"article\" \/>\n<meta property=\"og:title\" content=\"\u00c9ponge en laiton de remplacement pour nettoyeur de panne | Anasounds\" \/>\n<meta property=\"og:description\" content=\"Eponge en laiton de remplacement pour nettoyeur de panne de fer \u00e0 souder sans pour autant l&#039;ab\u00eemer ! Il s&#039;agit d&#039;une recharge \u00e0 placer dans un support.\" \/>\n<meta property=\"og:url\" content=\"https:\/\/anasounds.com\/fr\/produit\/eponge-en-laiton-nettoyeur-de-panne\/\" \/>\n<meta property=\"og:site_name\" content=\"Anasounds\" \/>\n<meta property=\"article:publisher\" content=\"https:\/\/www.facebook.com\/AnasoundsFX\/\" \/>\n<meta property=\"article:modified_time\" content=\"2026-03-19T13:06:53+00:00\" \/>\n<meta property=\"og:image\" content=\"https:\/\/anasounds.com\/wp-content\/uploads\/2019\/06\/e\u0301ponge-nettoyeur-1.jpg\" \/>\n\t<meta property=\"og:image:width\" content=\"1000\" \/>\n\t<meta property=\"og:image:height\" content=\"1500\" \/>\n\t<meta property=\"og:image:type\" content=\"image\/jpeg\" \/>\n<meta name=\"twitter:card\" content=\"summary_large_image\" \/>\n<script type=\"application\/ld+json\" class=\"yoast-schema-graph\">{\"@context\":\"https:\/\/schema.org\",\"@graph\":[{\"@type\":\"WebPage\",\"@id\":\"https:\/\/anasounds.com\/fr\/produit\/eponge-en-laiton-nettoyeur-de-panne\/\",\"url\":\"https:\/\/anasounds.com\/fr\/produit\/eponge-en-laiton-nettoyeur-de-panne\/\",\"name\":\"\u00c9ponge en laiton de remplacement pour nettoyeur de panne | Anasounds\",\"isPartOf\":{\"@id\":\"https:\/\/anasounds.com\/#website\"},\"primaryImageOfPage\":{\"@id\":\"https:\/\/anasounds.com\/fr\/produit\/eponge-en-laiton-nettoyeur-de-panne\/#primaryimage\"},\"image\":{\"@id\":\"https:\/\/anasounds.com\/fr\/produit\/eponge-en-laiton-nettoyeur-de-panne\/#primaryimage\"},\"thumbnailUrl\":\"https:\/\/anasounds.com\/wp-content\/uploads\/2019\/06\/e\u0301ponge-nettoyeur-1.jpg\",\"datePublished\":\"2019-06-13T12:59:50+00:00\",\"dateModified\":\"2026-03-19T13:06:53+00:00\",\"description\":\"Eponge en laiton de remplacement pour nettoyeur de panne de fer \u00e0 souder sans pour autant l'ab\u00eemer ! Il s'agit d'une recharge \u00e0 placer dans un support.\",\"breadcrumb\":{\"@id\":\"https:\/\/anasounds.com\/fr\/produit\/eponge-en-laiton-nettoyeur-de-panne\/#breadcrumb\"},\"inLanguage\":\"fr-FR\",\"potentialAction\":[{\"@type\":\"ReadAction\",\"target\":[\"https:\/\/anasounds.com\/fr\/produit\/eponge-en-laiton-nettoyeur-de-panne\/\"]}]},{\"@type\":\"ImageObject\",\"inLanguage\":\"fr-FR\",\"@id\":\"https:\/\/anasounds.com\/fr\/produit\/eponge-en-laiton-nettoyeur-de-panne\/#primaryimage\",\"url\":\"https:\/\/anasounds.com\/wp-content\/uploads\/2019\/06\/e\u0301ponge-nettoyeur-1.jpg\",\"contentUrl\":\"https:\/\/anasounds.com\/wp-content\/uploads\/2019\/06\/e\u0301ponge-nettoyeur-1.jpg\",\"width\":1000,\"height\":1500,\"caption\":\"e\u0301ponge-nettoyeur-1\"},{\"@type\":\"BreadcrumbList\",\"@id\":\"https:\/\/anasounds.com\/fr\/produit\/eponge-en-laiton-nettoyeur-de-panne\/#breadcrumb\",\"itemListElement\":[{\"@type\":\"ListItem\",\"position\":1,\"name\":\"Home\",\"item\":\"https:\/\/anasounds.com\/fr\/\"},{\"@type\":\"ListItem\",\"position\":2,\"name\":\"boutique\",\"item\":\"https:\/\/anasounds.com\/fr\/shop\/\"},{\"@type\":\"ListItem\",\"position\":3,\"name\":\"\u00c9ponge en laiton de remplacement pour nettoyeur de panne\"}]},{\"@type\":\"WebSite\",\"@id\":\"https:\/\/anasounds.com\/#website\",\"url\":\"https:\/\/anasounds.com\/\",\"name\":\"Anasounds\",\"description\":\"P\u00e9dales \u00e0 la Fran\u00e7aise\",\"publisher\":{\"@id\":\"https:\/\/anasounds.com\/#organization\"},\"potentialAction\":[{\"@type\":\"SearchAction\",\"target\":{\"@type\":\"EntryPoint\",\"urlTemplate\":\"https:\/\/anasounds.com\/?s={search_term_string}\"},\"query-input\":{\"@type\":\"PropertyValueSpecification\",\"valueRequired\":true,\"valueName\":\"search_term_string\"}}],\"inLanguage\":\"fr-FR\"},{\"@type\":\"Organization\",\"@id\":\"https:\/\/anasounds.com\/#organization\",\"name\":\"Anasounds\",\"url\":\"https:\/\/anasounds.com\/\",\"logo\":{\"@type\":\"ImageObject\",\"inLanguage\":\"fr-FR\",\"@id\":\"https:\/\/anasounds.com\/#\/schema\/logo\/image\/\",\"url\":\"https:\/\/anasounds.com\/wp-content\/uploads\/2017\/10\/Logomadeinfrnoirblc.png\",\"contentUrl\":\"https:\/\/anasounds.com\/wp-content\/uploads\/2017\/10\/Logomadeinfrnoirblc.png\",\"width\":300,\"height\":300,\"caption\":\"Anasounds\"},\"image\":{\"@id\":\"https:\/\/anasounds.com\/#\/schema\/logo\/image\/\"},\"sameAs\":[\"https:\/\/www.facebook.com\/AnasoundsFX\/\",\"https:\/\/www.instagram.com\/anasounds\/\",\"https:\/\/www.youtube.com\/user\/AnaSoundsFR\"]}]}<\/script>\n<!-- \/ Yoast SEO plugin. -->","yoast_head_json":{"title":"\u00c9ponge en laiton de remplacement pour nettoyeur de panne | Anasounds","description":"Eponge en laiton de remplacement pour nettoyeur de panne de fer \u00e0 souder sans pour autant l'ab\u00eemer ! Il s'agit d'une recharge \u00e0 placer dans un support.","robots":{"index":"index","follow":"follow","max-snippet":"max-snippet:-1","max-image-preview":"max-image-preview:large","max-video-preview":"max-video-preview:-1"},"canonical":"https:\/\/anasounds.com\/fr\/produit\/eponge-en-laiton-nettoyeur-de-panne\/","og_locale":"fr_FR","og_type":"article","og_title":"\u00c9ponge en laiton de remplacement pour nettoyeur de panne | Anasounds","og_description":"Eponge en laiton de remplacement pour nettoyeur de panne de fer \u00e0 souder sans pour autant l'ab\u00eemer ! Il s'agit d'une recharge \u00e0 placer dans un support.","og_url":"https:\/\/anasounds.com\/fr\/produit\/eponge-en-laiton-nettoyeur-de-panne\/","og_site_name":"Anasounds","article_publisher":"https:\/\/www.facebook.com\/AnasoundsFX\/","article_modified_time":"2026-03-19T13:06:53+00:00","og_image":[{"width":1000,"height":1500,"url":"https:\/\/anasounds.com\/wp-content\/uploads\/2019\/06\/e\u0301ponge-nettoyeur-1.jpg","type":"image\/jpeg"}],"twitter_card":"summary_large_image","schema":{"@context":"https:\/\/schema.org","@graph":[{"@type":"WebPage","@id":"https:\/\/anasounds.com\/fr\/produit\/eponge-en-laiton-nettoyeur-de-panne\/","url":"https:\/\/anasounds.com\/fr\/produit\/eponge-en-laiton-nettoyeur-de-panne\/","name":"\u00c9ponge en laiton de remplacement pour nettoyeur de panne | Anasounds","isPartOf":{"@id":"https:\/\/anasounds.com\/#website"},"primaryImageOfPage":{"@id":"https:\/\/anasounds.com\/fr\/produit\/eponge-en-laiton-nettoyeur-de-panne\/#primaryimage"},"image":{"@id":"https:\/\/anasounds.com\/fr\/produit\/eponge-en-laiton-nettoyeur-de-panne\/#primaryimage"},"thumbnailUrl":"https:\/\/anasounds.com\/wp-content\/uploads\/2019\/06\/e\u0301ponge-nettoyeur-1.jpg","datePublished":"2019-06-13T12:59:50+00:00","dateModified":"2026-03-19T13:06:53+00:00","description":"Eponge en laiton de remplacement pour nettoyeur de panne de fer \u00e0 souder sans pour autant l'ab\u00eemer ! Il s'agit d'une recharge \u00e0 placer dans un support.","breadcrumb":{"@id":"https:\/\/anasounds.com\/fr\/produit\/eponge-en-laiton-nettoyeur-de-panne\/#breadcrumb"},"inLanguage":"fr-FR","potentialAction":[{"@type":"ReadAction","target":["https:\/\/anasounds.com\/fr\/produit\/eponge-en-laiton-nettoyeur-de-panne\/"]}]},{"@type":"ImageObject","inLanguage":"fr-FR","@id":"https:\/\/anasounds.com\/fr\/produit\/eponge-en-laiton-nettoyeur-de-panne\/#primaryimage","url":"https:\/\/anasounds.com\/wp-content\/uploads\/2019\/06\/e\u0301ponge-nettoyeur-1.jpg","contentUrl":"https:\/\/anasounds.com\/wp-content\/uploads\/2019\/06\/e\u0301ponge-nettoyeur-1.jpg","width":1000,"height":1500,"caption":"e\u0301ponge-nettoyeur-1"},{"@type":"BreadcrumbList","@id":"https:\/\/anasounds.com\/fr\/produit\/eponge-en-laiton-nettoyeur-de-panne\/#breadcrumb","itemListElement":[{"@type":"ListItem","position":1,"name":"Home","item":"https:\/\/anasounds.com\/fr\/"},{"@type":"ListItem","position":2,"name":"boutique","item":"https:\/\/anasounds.com\/fr\/shop\/"},{"@type":"ListItem","position":3,"name":"\u00c9ponge en laiton de remplacement pour nettoyeur de panne"}]},{"@type":"WebSite","@id":"https:\/\/anasounds.com\/#website","url":"https:\/\/anasounds.com\/","name":"Anasounds","description":"P\u00e9dales \u00e0 la Fran\u00e7aise","publisher":{"@id":"https:\/\/anasounds.com\/#organization"},"potentialAction":[{"@type":"SearchAction","target":{"@type":"EntryPoint","urlTemplate":"https:\/\/anasounds.com\/?s={search_term_string}"},"query-input":{"@type":"PropertyValueSpecification","valueRequired":true,"valueName":"search_term_string"}}],"inLanguage":"fr-FR"},{"@type":"Organization","@id":"https:\/\/anasounds.com\/#organization","name":"Anasounds","url":"https:\/\/anasounds.com\/","logo":{"@type":"ImageObject","inLanguage":"fr-FR","@id":"https:\/\/anasounds.com\/#\/schema\/logo\/image\/","url":"https:\/\/anasounds.com\/wp-content\/uploads\/2017\/10\/Logomadeinfrnoirblc.png","contentUrl":"https:\/\/anasounds.com\/wp-content\/uploads\/2017\/10\/Logomadeinfrnoirblc.png","width":300,"height":300,"caption":"Anasounds"},"image":{"@id":"https:\/\/anasounds.com\/#\/schema\/logo\/image\/"},"sameAs":["https:\/\/www.facebook.com\/AnasoundsFX\/","https:\/\/www.instagram.com\/anasounds\/","https:\/\/www.youtube.com\/user\/AnaSoundsFR"]}]}},"_links":{"self":[{"href":"https:\/\/anasounds.com\/fr\/wp-json\/wp\/v2\/product\/18105","targetHints":{"allow":["GET"]}}],"collection":[{"href":"https:\/\/anasounds.com\/fr\/wp-json\/wp\/v2\/product"}],"about":[{"href":"https:\/\/anasounds.com\/fr\/wp-json\/wp\/v2\/types\/product"}],"replies":[{"embeddable":true,"href":"https:\/\/anasounds.com\/fr\/wp-json\/wp\/v2\/comments?post=18105"}],"wp:featuredmedia":[{"embeddable":true,"href":"https:\/\/anasounds.com\/fr\/wp-json\/wp\/v2\/media\/20288"}],"wp:attachment":[{"href":"https:\/\/anasounds.com\/fr\/wp-json\/wp\/v2\/media?parent=18105"}],"wp:term":[{"taxonomy":"product_brand","embeddable":true,"href":"https:\/\/anasounds.com\/fr\/wp-json\/wp\/v2\/product_brand?post=18105"},{"taxonomy":"product_cat","embeddable":true,"href":"https:\/\/anasounds.com\/fr\/wp-json\/wp\/v2\/product_cat?post=18105"},{"taxonomy":"product_tag","embeddable":true,"href":"https:\/\/anasounds.com\/fr\/wp-json\/wp\/v2\/product_tag?post=18105"}],"curies":[{"name":"wp","href":"https:\/\/api.w.org\/{rel}","templated":true}]}}