{"id":18227,"date":"2019-06-16T11:29:08","date_gmt":"2019-06-16T09:29:08","guid":{"rendered":"https:\/\/anasounds.com\/?post_type=product&#038;p=18227"},"modified":"2026-01-09T18:37:01","modified_gmt":"2026-01-09T17:37:01","slug":"tournevis-tete-plate","status":"publish","type":"product","link":"https:\/\/anasounds.com\/fr\/produit\/tournevis-tete-plate\/","title":{"rendered":"Tournevis t\u00eate plate"},"content":{"rendered":"<h2 style=\"text-align: center;\">tournevis t\u00eate plate<\/h2>\n<p style=\"text-align: center;\">Un tournevis t\u00eate plate pour vis \u00e0 fente large de 2 mm !<br \/>\nSi jamais tu n&rsquo;en as pas, nous t&rsquo;en proposons un avec un tr\u00e8s bon rapport qualit\u00e9\/prix.<\/p>\n<p style=\"text-align: center;\">Il te servira pour r\u00e9gler tes trimpots et changer les composants sur les borniers.<\/p>\n<p style=\"text-align: center;\">Il n&rsquo;est pas adapt\u00e9 mais \u00e7a marche aussi pour fermer le couvercle de la p\u00e9dale.<br \/>\nUn <a href=\"http:\/\/bit.ly\/2WNy7wm\" target=\"_blank\" rel=\"noopener noreferrer\">cruciforme<\/a> serait plus adapt\u00e9 bien \u00e9videmment.<\/p>\n","protected":false},"excerpt":{"rendered":"<p>Tournevis t\u00eate plate.<\/p>\n","protected":false},"featured_media":20247,"comment_status":"open","ping_status":"closed","template":"","meta":[],"product_brand":[],"product_cat":[522,1047],"product_tag":[598,597,579,596],"class_list":{"0":"post-18227","1":"product","2":"type-product","3":"status-publish","4":"has-post-thumbnail","6":"product_cat-outils-fx-teacher","7":"product_cat-outils-pour-pedales","8":"product_tag-m120075a","9":"product_tag-tete-plate","10":"product_tag-tournevis","11":"product_tag-vis","13":"first","14":"instock","15":"taxable","16":"shipping-taxable","17":"purchasable","18":"product-type-simple"},"supplier_id":83520,"supplier_sku":"","barcode":null,"atum_controlled":true,"out_stock_date":null,"out_stock_threshold":null,"inheritable":false,"inbound_stock":40,"stock_on_hold":0,"sold_today":0,"sales_last_days":0,"reserved_stock":0,"customer_returns":0,"warehouse_damage":0,"lost_in_post":0,"other_logs":0,"out_stock_days":0,"lost_sales":0,"has_location":false,"update_date":"2026-04-04T01:02:10","atum_locations":[],"atum_stock_status":"instock","restock_status":false,"low_stock_amount":"","sales_update_date":"2026-04-04T01:02:10","calc_backorders":0,"yoast_head":"<!-- This site is optimized with the Yoast SEO plugin v26.5 - https:\/\/yoast.com\/wordpress\/plugins\/seo\/ -->\n<title>Tournevis t\u00eate plate pour travaux \u00e9lectroniques | Anasounds<\/title>\n<meta name=\"description\" content=\"Tournevis t\u00eate plate id\u00e9al pour r\u00e9gler tes trimpots et tes borniers. Il peut \u00e9galement refermer et rouvrir le couvercle de ta p\u00e9dale. Plus polyvalent.\" \/>\n<meta name=\"robots\" content=\"index, follow, max-snippet:-1, max-image-preview:large, max-video-preview:-1\" \/>\n<link rel=\"canonical\" href=\"https:\/\/anasounds.com\/fr\/produit\/tournevis-tete-plate\/\" \/>\n<meta property=\"og:locale\" content=\"fr_FR\" \/>\n<meta property=\"og:type\" content=\"article\" \/>\n<meta property=\"og:title\" content=\"Tournevis t\u00eate plate pour travaux \u00e9lectroniques | Anasounds\" \/>\n<meta property=\"og:description\" content=\"Tournevis t\u00eate plate id\u00e9al pour r\u00e9gler tes trimpots et tes borniers. Il peut \u00e9galement refermer et rouvrir le couvercle de ta p\u00e9dale. Plus polyvalent.\" \/>\n<meta property=\"og:url\" content=\"https:\/\/anasounds.com\/fr\/produit\/tournevis-tete-plate\/\" \/>\n<meta property=\"og:site_name\" content=\"Anasounds\" \/>\n<meta property=\"article:publisher\" content=\"https:\/\/www.facebook.com\/AnasoundsFX\/\" \/>\n<meta property=\"article:modified_time\" content=\"2026-01-09T17:37:01+00:00\" \/>\n<meta property=\"og:image\" content=\"https:\/\/anasounds.com\/wp-content\/uploads\/2019\/06\/tournevis-plat-1.jpg\" \/>\n\t<meta property=\"og:image:width\" content=\"1000\" \/>\n\t<meta property=\"og:image:height\" content=\"1500\" \/>\n\t<meta property=\"og:image:type\" content=\"image\/jpeg\" \/>\n<meta name=\"twitter:card\" content=\"summary_large_image\" \/>\n<script type=\"application\/ld+json\" class=\"yoast-schema-graph\">{\"@context\":\"https:\/\/schema.org\",\"@graph\":[{\"@type\":\"WebPage\",\"@id\":\"https:\/\/anasounds.com\/fr\/produit\/tournevis-tete-plate\/\",\"url\":\"https:\/\/anasounds.com\/fr\/produit\/tournevis-tete-plate\/\",\"name\":\"Tournevis t\u00eate plate pour travaux \u00e9lectroniques | Anasounds\",\"isPartOf\":{\"@id\":\"https:\/\/anasounds.com\/#website\"},\"primaryImageOfPage\":{\"@id\":\"https:\/\/anasounds.com\/fr\/produit\/tournevis-tete-plate\/#primaryimage\"},\"image\":{\"@id\":\"https:\/\/anasounds.com\/fr\/produit\/tournevis-tete-plate\/#primaryimage\"},\"thumbnailUrl\":\"https:\/\/anasounds.com\/wp-content\/uploads\/2019\/06\/tournevis-plat-1.jpg\",\"datePublished\":\"2019-06-16T09:29:08+00:00\",\"dateModified\":\"2026-01-09T17:37:01+00:00\",\"description\":\"Tournevis t\u00eate plate id\u00e9al pour r\u00e9gler tes trimpots et tes borniers. Il peut \u00e9galement refermer et rouvrir le couvercle de ta p\u00e9dale. Plus polyvalent.\",\"breadcrumb\":{\"@id\":\"https:\/\/anasounds.com\/fr\/produit\/tournevis-tete-plate\/#breadcrumb\"},\"inLanguage\":\"fr-FR\",\"potentialAction\":[{\"@type\":\"ReadAction\",\"target\":[\"https:\/\/anasounds.com\/fr\/produit\/tournevis-tete-plate\/\"]}]},{\"@type\":\"ImageObject\",\"inLanguage\":\"fr-FR\",\"@id\":\"https:\/\/anasounds.com\/fr\/produit\/tournevis-tete-plate\/#primaryimage\",\"url\":\"https:\/\/anasounds.com\/wp-content\/uploads\/2019\/06\/tournevis-plat-1.jpg\",\"contentUrl\":\"https:\/\/anasounds.com\/wp-content\/uploads\/2019\/06\/tournevis-plat-1.jpg\",\"width\":1000,\"height\":1500,\"caption\":\"tournevis-plat-1\"},{\"@type\":\"BreadcrumbList\",\"@id\":\"https:\/\/anasounds.com\/fr\/produit\/tournevis-tete-plate\/#breadcrumb\",\"itemListElement\":[{\"@type\":\"ListItem\",\"position\":1,\"name\":\"Home\",\"item\":\"https:\/\/anasounds.com\/fr\/\"},{\"@type\":\"ListItem\",\"position\":2,\"name\":\"boutique\",\"item\":\"https:\/\/anasounds.com\/fr\/shop\/\"},{\"@type\":\"ListItem\",\"position\":3,\"name\":\"Tournevis t\u00eate plate\"}]},{\"@type\":\"WebSite\",\"@id\":\"https:\/\/anasounds.com\/#website\",\"url\":\"https:\/\/anasounds.com\/\",\"name\":\"Anasounds\",\"description\":\"P\u00e9dales \u00e0 la Fran\u00e7aise\",\"publisher\":{\"@id\":\"https:\/\/anasounds.com\/#organization\"},\"potentialAction\":[{\"@type\":\"SearchAction\",\"target\":{\"@type\":\"EntryPoint\",\"urlTemplate\":\"https:\/\/anasounds.com\/?s={search_term_string}\"},\"query-input\":{\"@type\":\"PropertyValueSpecification\",\"valueRequired\":true,\"valueName\":\"search_term_string\"}}],\"inLanguage\":\"fr-FR\"},{\"@type\":\"Organization\",\"@id\":\"https:\/\/anasounds.com\/#organization\",\"name\":\"Anasounds\",\"url\":\"https:\/\/anasounds.com\/\",\"logo\":{\"@type\":\"ImageObject\",\"inLanguage\":\"fr-FR\",\"@id\":\"https:\/\/anasounds.com\/#\/schema\/logo\/image\/\",\"url\":\"https:\/\/anasounds.com\/wp-content\/uploads\/2017\/10\/Logomadeinfrnoirblc.png\",\"contentUrl\":\"https:\/\/anasounds.com\/wp-content\/uploads\/2017\/10\/Logomadeinfrnoirblc.png\",\"width\":300,\"height\":300,\"caption\":\"Anasounds\"},\"image\":{\"@id\":\"https:\/\/anasounds.com\/#\/schema\/logo\/image\/\"},\"sameAs\":[\"https:\/\/www.facebook.com\/AnasoundsFX\/\",\"https:\/\/www.instagram.com\/anasounds\/\",\"https:\/\/www.youtube.com\/user\/AnaSoundsFR\"]}]}<\/script>\n<!-- \/ Yoast SEO plugin. -->","yoast_head_json":{"title":"Tournevis t\u00eate plate pour travaux \u00e9lectroniques | Anasounds","description":"Tournevis t\u00eate plate id\u00e9al pour r\u00e9gler tes trimpots et tes borniers. Il peut \u00e9galement refermer et rouvrir le couvercle de ta p\u00e9dale. Plus polyvalent.","robots":{"index":"index","follow":"follow","max-snippet":"max-snippet:-1","max-image-preview":"max-image-preview:large","max-video-preview":"max-video-preview:-1"},"canonical":"https:\/\/anasounds.com\/fr\/produit\/tournevis-tete-plate\/","og_locale":"fr_FR","og_type":"article","og_title":"Tournevis t\u00eate plate pour travaux \u00e9lectroniques | Anasounds","og_description":"Tournevis t\u00eate plate id\u00e9al pour r\u00e9gler tes trimpots et tes borniers. Il peut \u00e9galement refermer et rouvrir le couvercle de ta p\u00e9dale. Plus polyvalent.","og_url":"https:\/\/anasounds.com\/fr\/produit\/tournevis-tete-plate\/","og_site_name":"Anasounds","article_publisher":"https:\/\/www.facebook.com\/AnasoundsFX\/","article_modified_time":"2026-01-09T17:37:01+00:00","og_image":[{"width":1000,"height":1500,"url":"https:\/\/anasounds.com\/wp-content\/uploads\/2019\/06\/tournevis-plat-1.jpg","type":"image\/jpeg"}],"twitter_card":"summary_large_image","schema":{"@context":"https:\/\/schema.org","@graph":[{"@type":"WebPage","@id":"https:\/\/anasounds.com\/fr\/produit\/tournevis-tete-plate\/","url":"https:\/\/anasounds.com\/fr\/produit\/tournevis-tete-plate\/","name":"Tournevis t\u00eate plate pour travaux \u00e9lectroniques | Anasounds","isPartOf":{"@id":"https:\/\/anasounds.com\/#website"},"primaryImageOfPage":{"@id":"https:\/\/anasounds.com\/fr\/produit\/tournevis-tete-plate\/#primaryimage"},"image":{"@id":"https:\/\/anasounds.com\/fr\/produit\/tournevis-tete-plate\/#primaryimage"},"thumbnailUrl":"https:\/\/anasounds.com\/wp-content\/uploads\/2019\/06\/tournevis-plat-1.jpg","datePublished":"2019-06-16T09:29:08+00:00","dateModified":"2026-01-09T17:37:01+00:00","description":"Tournevis t\u00eate plate id\u00e9al pour r\u00e9gler tes trimpots et tes borniers. Il peut \u00e9galement refermer et rouvrir le couvercle de ta p\u00e9dale. Plus polyvalent.","breadcrumb":{"@id":"https:\/\/anasounds.com\/fr\/produit\/tournevis-tete-plate\/#breadcrumb"},"inLanguage":"fr-FR","potentialAction":[{"@type":"ReadAction","target":["https:\/\/anasounds.com\/fr\/produit\/tournevis-tete-plate\/"]}]},{"@type":"ImageObject","inLanguage":"fr-FR","@id":"https:\/\/anasounds.com\/fr\/produit\/tournevis-tete-plate\/#primaryimage","url":"https:\/\/anasounds.com\/wp-content\/uploads\/2019\/06\/tournevis-plat-1.jpg","contentUrl":"https:\/\/anasounds.com\/wp-content\/uploads\/2019\/06\/tournevis-plat-1.jpg","width":1000,"height":1500,"caption":"tournevis-plat-1"},{"@type":"BreadcrumbList","@id":"https:\/\/anasounds.com\/fr\/produit\/tournevis-tete-plate\/#breadcrumb","itemListElement":[{"@type":"ListItem","position":1,"name":"Home","item":"https:\/\/anasounds.com\/fr\/"},{"@type":"ListItem","position":2,"name":"boutique","item":"https:\/\/anasounds.com\/fr\/shop\/"},{"@type":"ListItem","position":3,"name":"Tournevis t\u00eate plate"}]},{"@type":"WebSite","@id":"https:\/\/anasounds.com\/#website","url":"https:\/\/anasounds.com\/","name":"Anasounds","description":"P\u00e9dales \u00e0 la Fran\u00e7aise","publisher":{"@id":"https:\/\/anasounds.com\/#organization"},"potentialAction":[{"@type":"SearchAction","target":{"@type":"EntryPoint","urlTemplate":"https:\/\/anasounds.com\/?s={search_term_string}"},"query-input":{"@type":"PropertyValueSpecification","valueRequired":true,"valueName":"search_term_string"}}],"inLanguage":"fr-FR"},{"@type":"Organization","@id":"https:\/\/anasounds.com\/#organization","name":"Anasounds","url":"https:\/\/anasounds.com\/","logo":{"@type":"ImageObject","inLanguage":"fr-FR","@id":"https:\/\/anasounds.com\/#\/schema\/logo\/image\/","url":"https:\/\/anasounds.com\/wp-content\/uploads\/2017\/10\/Logomadeinfrnoirblc.png","contentUrl":"https:\/\/anasounds.com\/wp-content\/uploads\/2017\/10\/Logomadeinfrnoirblc.png","width":300,"height":300,"caption":"Anasounds"},"image":{"@id":"https:\/\/anasounds.com\/#\/schema\/logo\/image\/"},"sameAs":["https:\/\/www.facebook.com\/AnasoundsFX\/","https:\/\/www.instagram.com\/anasounds\/","https:\/\/www.youtube.com\/user\/AnaSoundsFR"]}]}},"_links":{"self":[{"href":"https:\/\/anasounds.com\/fr\/wp-json\/wp\/v2\/product\/18227","targetHints":{"allow":["GET"]}}],"collection":[{"href":"https:\/\/anasounds.com\/fr\/wp-json\/wp\/v2\/product"}],"about":[{"href":"https:\/\/anasounds.com\/fr\/wp-json\/wp\/v2\/types\/product"}],"replies":[{"embeddable":true,"href":"https:\/\/anasounds.com\/fr\/wp-json\/wp\/v2\/comments?post=18227"}],"wp:featuredmedia":[{"embeddable":true,"href":"https:\/\/anasounds.com\/fr\/wp-json\/wp\/v2\/media\/20247"}],"wp:attachment":[{"href":"https:\/\/anasounds.com\/fr\/wp-json\/wp\/v2\/media?parent=18227"}],"wp:term":[{"taxonomy":"product_brand","embeddable":true,"href":"https:\/\/anasounds.com\/fr\/wp-json\/wp\/v2\/product_brand?post=18227"},{"taxonomy":"product_cat","embeddable":true,"href":"https:\/\/anasounds.com\/fr\/wp-json\/wp\/v2\/product_cat?post=18227"},{"taxonomy":"product_tag","embeddable":true,"href":"https:\/\/anasounds.com\/fr\/wp-json\/wp\/v2\/product_tag?post=18227"}],"curies":[{"name":"wp","href":"https:\/\/api.w.org\/{rel}","templated":true}]}}