{"id":18229,"date":"2019-06-16T11:41:44","date_gmt":"2019-06-16T09:41:44","guid":{"rendered":"https:\/\/anasounds.com\/?post_type=product&#038;p=18229"},"modified":"2026-03-01T17:32:05","modified_gmt":"2026-03-01T16:32:05","slug":"pince-coupante-pour-composants","status":"publish","type":"product","link":"https:\/\/anasounds.com\/fr\/produit\/pince-coupante-pour-composants\/","title":{"rendered":"Pince coupante pour composants \u00e9lectroniques | Niveau : D\u00e9butant &#8211; amateur"},"content":{"rendered":"<h2 style=\"text-align: center;\">pince coupante pour composants \u00e9lectronique<\/h2>\n<p style=\"text-align: center;\">On a tous besoin d&rsquo;une pince coupante pour composants \u00e9lectroniques.<br \/>\nPar exemple, une fois que tu as soud\u00e9e tes composants sur ta carte.<br \/>\nTu peux ensuite d\u00e9couper les pattes qui d\u00e9passent et \u00e9viter les courts-circuits.<\/p>\n<p style=\"text-align: center;\">Voici donc un mod\u00e8le entr\u00e9e de gamme qui te permettra de r\u00e9aliser quelques p\u00e9dales.<br \/>\nEfficace, tu pourras couper avec pr\u00e9cision.<br \/>\nCependant, si tu envisages de garder cette outil sur le long terme, nous te recommandons<br \/>\nde te procurer <a href=\"http:\/\/bit.ly\/2XiMRI4\" target=\"_blank\" rel=\"noopener noreferrer\">celle-ci<\/a> qui est\u00a0de meilleure qualit\u00e9 et qui te servira \u00e0 vie.<\/p>\n<p style=\"text-align: center;\">N&rsquo;oublie pas de prendre \u00e9galement une<a href=\"http:\/\/bit.ly\/2XIr5yk\" target=\"_blank\" rel=\"noopener noreferrer\"> pince \u00e0 bec<\/a> et une <a href=\"https:\/\/amzn.to\/2XQ59gU\" target=\"_blank\" rel=\"noopener noreferrer\">pince \u00e0 d\u00e9nuder<\/a> pour la r\u00e9alisation de ta p\u00e9dale.<\/p>\n","protected":false},"excerpt":{"rendered":"<p>La pince coupante des d\u00e9butants.<\/p>\n","protected":false},"featured_media":20237,"comment_status":"open","ping_status":"closed","template":"","meta":[],"product_brand":[],"product_cat":[522,1047],"product_tag":[601,600,575,599],"class_list":{"0":"post-18229","1":"product","2":"type-product","3":"status-publish","4":"has-post-thumbnail","6":"product_cat-outils-fx-teacher","7":"product_cat-outils-pour-pedales","8":"product_tag-composants-electroniques","9":"product_tag-ct021","10":"product_tag-pince-coupante","11":"product_tag-tete-ovale","13":"first","14":"instock","15":"taxable","16":"shipping-taxable","17":"purchasable","18":"product-type-simple"},"supplier_id":83520,"supplier_sku":"","barcode":null,"atum_controlled":true,"out_stock_date":null,"out_stock_threshold":null,"inheritable":false,"inbound_stock":0,"stock_on_hold":0,"sold_today":0,"sales_last_days":0,"reserved_stock":0,"customer_returns":0,"warehouse_damage":0,"lost_in_post":0,"other_logs":0,"out_stock_days":0,"lost_sales":0,"has_location":false,"update_date":"2026-04-13T01:05:37","atum_locations":[],"atum_stock_status":"instock","restock_status":false,"low_stock_amount":"","sales_update_date":"2026-04-13T01:05:36","calc_backorders":0,"yoast_head":"<!-- This site is optimized with the Yoast SEO plugin v26.5 - https:\/\/yoast.com\/wordpress\/plugins\/seo\/ -->\n<title>Pince coupante pour composants \u00e9lectroniques | Anasounds<\/title>\n<meta name=\"description\" content=\"Une pince coupante pour composants \u00e9lectroniques \u00e0 t\u00eate ovale, tr\u00e8s simple d&#039;utilisation et efficace pour r\u00e9aliser ses premiers projets !\" \/>\n<meta name=\"robots\" content=\"index, follow, max-snippet:-1, max-image-preview:large, max-video-preview:-1\" \/>\n<link rel=\"canonical\" href=\"https:\/\/anasounds.com\/fr\/produit\/pince-coupante-pour-composants\/\" \/>\n<meta property=\"og:locale\" content=\"fr_FR\" \/>\n<meta property=\"og:type\" content=\"article\" \/>\n<meta property=\"og:title\" content=\"Pince coupante pour composants \u00e9lectroniques | Anasounds\" \/>\n<meta property=\"og:description\" content=\"Une pince coupante pour composants \u00e9lectroniques \u00e0 t\u00eate ovale, tr\u00e8s simple d&#039;utilisation et efficace pour r\u00e9aliser ses premiers projets !\" \/>\n<meta property=\"og:url\" content=\"https:\/\/anasounds.com\/fr\/produit\/pince-coupante-pour-composants\/\" \/>\n<meta property=\"og:site_name\" content=\"Anasounds\" \/>\n<meta property=\"article:publisher\" content=\"https:\/\/www.facebook.com\/AnasoundsFX\/\" \/>\n<meta property=\"article:modified_time\" content=\"2026-03-01T16:32:05+00:00\" \/>\n<meta property=\"og:image\" content=\"https:\/\/anasounds.com\/wp-content\/uploads\/2019\/06\/pince-coupante-debutant-1.jpg\" \/>\n\t<meta property=\"og:image:width\" content=\"1000\" \/>\n\t<meta property=\"og:image:height\" content=\"1500\" \/>\n\t<meta property=\"og:image:type\" content=\"image\/jpeg\" \/>\n<meta name=\"twitter:card\" content=\"summary_large_image\" \/>\n<meta name=\"twitter:label1\" content=\"Dur\u00e9e de lecture estim\u00e9e\" \/>\n\t<meta name=\"twitter:data1\" content=\"1 minute\" \/>\n<script type=\"application\/ld+json\" class=\"yoast-schema-graph\">{\"@context\":\"https:\/\/schema.org\",\"@graph\":[{\"@type\":\"WebPage\",\"@id\":\"https:\/\/anasounds.com\/fr\/produit\/pince-coupante-pour-composants\/\",\"url\":\"https:\/\/anasounds.com\/fr\/produit\/pince-coupante-pour-composants\/\",\"name\":\"Pince coupante pour composants \u00e9lectroniques | Anasounds\",\"isPartOf\":{\"@id\":\"https:\/\/anasounds.com\/#website\"},\"primaryImageOfPage\":{\"@id\":\"https:\/\/anasounds.com\/fr\/produit\/pince-coupante-pour-composants\/#primaryimage\"},\"image\":{\"@id\":\"https:\/\/anasounds.com\/fr\/produit\/pince-coupante-pour-composants\/#primaryimage\"},\"thumbnailUrl\":\"https:\/\/anasounds.com\/wp-content\/uploads\/2019\/06\/pince-coupante-debutant-1.jpg\",\"datePublished\":\"2019-06-16T09:41:44+00:00\",\"dateModified\":\"2026-03-01T16:32:05+00:00\",\"description\":\"Une pince coupante pour composants \u00e9lectroniques \u00e0 t\u00eate ovale, tr\u00e8s simple d'utilisation et efficace pour r\u00e9aliser ses premiers projets !\",\"breadcrumb\":{\"@id\":\"https:\/\/anasounds.com\/fr\/produit\/pince-coupante-pour-composants\/#breadcrumb\"},\"inLanguage\":\"fr-FR\",\"potentialAction\":[{\"@type\":\"ReadAction\",\"target\":[\"https:\/\/anasounds.com\/fr\/produit\/pince-coupante-pour-composants\/\"]}]},{\"@type\":\"ImageObject\",\"inLanguage\":\"fr-FR\",\"@id\":\"https:\/\/anasounds.com\/fr\/produit\/pince-coupante-pour-composants\/#primaryimage\",\"url\":\"https:\/\/anasounds.com\/wp-content\/uploads\/2019\/06\/pince-coupante-debutant-1.jpg\",\"contentUrl\":\"https:\/\/anasounds.com\/wp-content\/uploads\/2019\/06\/pince-coupante-debutant-1.jpg\",\"width\":1000,\"height\":1500,\"caption\":\"pince-coupante-debutant-1\"},{\"@type\":\"BreadcrumbList\",\"@id\":\"https:\/\/anasounds.com\/fr\/produit\/pince-coupante-pour-composants\/#breadcrumb\",\"itemListElement\":[{\"@type\":\"ListItem\",\"position\":1,\"name\":\"Home\",\"item\":\"https:\/\/anasounds.com\/fr\/\"},{\"@type\":\"ListItem\",\"position\":2,\"name\":\"boutique\",\"item\":\"https:\/\/anasounds.com\/fr\/shop\/\"},{\"@type\":\"ListItem\",\"position\":3,\"name\":\"Pince coupante pour composants \u00e9lectroniques | Niveau : D\u00e9butant &#8211; amateur\"}]},{\"@type\":\"WebSite\",\"@id\":\"https:\/\/anasounds.com\/#website\",\"url\":\"https:\/\/anasounds.com\/\",\"name\":\"Anasounds\",\"description\":\"P\u00e9dales \u00e0 la Fran\u00e7aise\",\"publisher\":{\"@id\":\"https:\/\/anasounds.com\/#organization\"},\"potentialAction\":[{\"@type\":\"SearchAction\",\"target\":{\"@type\":\"EntryPoint\",\"urlTemplate\":\"https:\/\/anasounds.com\/?s={search_term_string}\"},\"query-input\":{\"@type\":\"PropertyValueSpecification\",\"valueRequired\":true,\"valueName\":\"search_term_string\"}}],\"inLanguage\":\"fr-FR\"},{\"@type\":\"Organization\",\"@id\":\"https:\/\/anasounds.com\/#organization\",\"name\":\"Anasounds\",\"url\":\"https:\/\/anasounds.com\/\",\"logo\":{\"@type\":\"ImageObject\",\"inLanguage\":\"fr-FR\",\"@id\":\"https:\/\/anasounds.com\/#\/schema\/logo\/image\/\",\"url\":\"https:\/\/anasounds.com\/wp-content\/uploads\/2017\/10\/Logomadeinfrnoirblc.png\",\"contentUrl\":\"https:\/\/anasounds.com\/wp-content\/uploads\/2017\/10\/Logomadeinfrnoirblc.png\",\"width\":300,\"height\":300,\"caption\":\"Anasounds\"},\"image\":{\"@id\":\"https:\/\/anasounds.com\/#\/schema\/logo\/image\/\"},\"sameAs\":[\"https:\/\/www.facebook.com\/AnasoundsFX\/\",\"https:\/\/www.instagram.com\/anasounds\/\",\"https:\/\/www.youtube.com\/user\/AnaSoundsFR\"]}]}<\/script>\n<!-- \/ Yoast SEO plugin. -->","yoast_head_json":{"title":"Pince coupante pour composants \u00e9lectroniques | Anasounds","description":"Une pince coupante pour composants \u00e9lectroniques \u00e0 t\u00eate ovale, tr\u00e8s simple d'utilisation et efficace pour r\u00e9aliser ses premiers projets !","robots":{"index":"index","follow":"follow","max-snippet":"max-snippet:-1","max-image-preview":"max-image-preview:large","max-video-preview":"max-video-preview:-1"},"canonical":"https:\/\/anasounds.com\/fr\/produit\/pince-coupante-pour-composants\/","og_locale":"fr_FR","og_type":"article","og_title":"Pince coupante pour composants \u00e9lectroniques | Anasounds","og_description":"Une pince coupante pour composants \u00e9lectroniques \u00e0 t\u00eate ovale, tr\u00e8s simple d'utilisation et efficace pour r\u00e9aliser ses premiers projets !","og_url":"https:\/\/anasounds.com\/fr\/produit\/pince-coupante-pour-composants\/","og_site_name":"Anasounds","article_publisher":"https:\/\/www.facebook.com\/AnasoundsFX\/","article_modified_time":"2026-03-01T16:32:05+00:00","og_image":[{"width":1000,"height":1500,"url":"https:\/\/anasounds.com\/wp-content\/uploads\/2019\/06\/pince-coupante-debutant-1.jpg","type":"image\/jpeg"}],"twitter_card":"summary_large_image","twitter_misc":{"Dur\u00e9e de lecture estim\u00e9e":"1 minute"},"schema":{"@context":"https:\/\/schema.org","@graph":[{"@type":"WebPage","@id":"https:\/\/anasounds.com\/fr\/produit\/pince-coupante-pour-composants\/","url":"https:\/\/anasounds.com\/fr\/produit\/pince-coupante-pour-composants\/","name":"Pince coupante pour composants \u00e9lectroniques | Anasounds","isPartOf":{"@id":"https:\/\/anasounds.com\/#website"},"primaryImageOfPage":{"@id":"https:\/\/anasounds.com\/fr\/produit\/pince-coupante-pour-composants\/#primaryimage"},"image":{"@id":"https:\/\/anasounds.com\/fr\/produit\/pince-coupante-pour-composants\/#primaryimage"},"thumbnailUrl":"https:\/\/anasounds.com\/wp-content\/uploads\/2019\/06\/pince-coupante-debutant-1.jpg","datePublished":"2019-06-16T09:41:44+00:00","dateModified":"2026-03-01T16:32:05+00:00","description":"Une pince coupante pour composants \u00e9lectroniques \u00e0 t\u00eate ovale, tr\u00e8s simple d'utilisation et efficace pour r\u00e9aliser ses premiers projets !","breadcrumb":{"@id":"https:\/\/anasounds.com\/fr\/produit\/pince-coupante-pour-composants\/#breadcrumb"},"inLanguage":"fr-FR","potentialAction":[{"@type":"ReadAction","target":["https:\/\/anasounds.com\/fr\/produit\/pince-coupante-pour-composants\/"]}]},{"@type":"ImageObject","inLanguage":"fr-FR","@id":"https:\/\/anasounds.com\/fr\/produit\/pince-coupante-pour-composants\/#primaryimage","url":"https:\/\/anasounds.com\/wp-content\/uploads\/2019\/06\/pince-coupante-debutant-1.jpg","contentUrl":"https:\/\/anasounds.com\/wp-content\/uploads\/2019\/06\/pince-coupante-debutant-1.jpg","width":1000,"height":1500,"caption":"pince-coupante-debutant-1"},{"@type":"BreadcrumbList","@id":"https:\/\/anasounds.com\/fr\/produit\/pince-coupante-pour-composants\/#breadcrumb","itemListElement":[{"@type":"ListItem","position":1,"name":"Home","item":"https:\/\/anasounds.com\/fr\/"},{"@type":"ListItem","position":2,"name":"boutique","item":"https:\/\/anasounds.com\/fr\/shop\/"},{"@type":"ListItem","position":3,"name":"Pince coupante pour composants \u00e9lectroniques | Niveau : D\u00e9butant &#8211; amateur"}]},{"@type":"WebSite","@id":"https:\/\/anasounds.com\/#website","url":"https:\/\/anasounds.com\/","name":"Anasounds","description":"P\u00e9dales \u00e0 la Fran\u00e7aise","publisher":{"@id":"https:\/\/anasounds.com\/#organization"},"potentialAction":[{"@type":"SearchAction","target":{"@type":"EntryPoint","urlTemplate":"https:\/\/anasounds.com\/?s={search_term_string}"},"query-input":{"@type":"PropertyValueSpecification","valueRequired":true,"valueName":"search_term_string"}}],"inLanguage":"fr-FR"},{"@type":"Organization","@id":"https:\/\/anasounds.com\/#organization","name":"Anasounds","url":"https:\/\/anasounds.com\/","logo":{"@type":"ImageObject","inLanguage":"fr-FR","@id":"https:\/\/anasounds.com\/#\/schema\/logo\/image\/","url":"https:\/\/anasounds.com\/wp-content\/uploads\/2017\/10\/Logomadeinfrnoirblc.png","contentUrl":"https:\/\/anasounds.com\/wp-content\/uploads\/2017\/10\/Logomadeinfrnoirblc.png","width":300,"height":300,"caption":"Anasounds"},"image":{"@id":"https:\/\/anasounds.com\/#\/schema\/logo\/image\/"},"sameAs":["https:\/\/www.facebook.com\/AnasoundsFX\/","https:\/\/www.instagram.com\/anasounds\/","https:\/\/www.youtube.com\/user\/AnaSoundsFR"]}]}},"_links":{"self":[{"href":"https:\/\/anasounds.com\/fr\/wp-json\/wp\/v2\/product\/18229","targetHints":{"allow":["GET"]}}],"collection":[{"href":"https:\/\/anasounds.com\/fr\/wp-json\/wp\/v2\/product"}],"about":[{"href":"https:\/\/anasounds.com\/fr\/wp-json\/wp\/v2\/types\/product"}],"replies":[{"embeddable":true,"href":"https:\/\/anasounds.com\/fr\/wp-json\/wp\/v2\/comments?post=18229"}],"wp:featuredmedia":[{"embeddable":true,"href":"https:\/\/anasounds.com\/fr\/wp-json\/wp\/v2\/media\/20237"}],"wp:attachment":[{"href":"https:\/\/anasounds.com\/fr\/wp-json\/wp\/v2\/media?parent=18229"}],"wp:term":[{"taxonomy":"product_brand","embeddable":true,"href":"https:\/\/anasounds.com\/fr\/wp-json\/wp\/v2\/product_brand?post=18229"},{"taxonomy":"product_cat","embeddable":true,"href":"https:\/\/anasounds.com\/fr\/wp-json\/wp\/v2\/product_cat?post=18229"},{"taxonomy":"product_tag","embeddable":true,"href":"https:\/\/anasounds.com\/fr\/wp-json\/wp\/v2\/product_tag?post=18229"}],"curies":[{"name":"wp","href":"https:\/\/api.w.org\/{rel}","templated":true}]}}