{"id":18243,"date":"2019-06-17T18:06:49","date_gmt":"2019-06-17T16:06:49","guid":{"rendered":"https:\/\/anasounds.com\/?post_type=product&#038;p=18243"},"modified":"2026-04-07T00:50:58","modified_gmt":"2026-04-06T22:50:58","slug":"support-rotatif-pour-pcb-niveau-tous","status":"publish","type":"product","link":"https:\/\/anasounds.com\/fr\/produit\/support-rotatif-pour-pcb-niveau-tous\/","title":{"rendered":"Support rotatif pour PCB | Niveau : Tous"},"content":{"rendered":"<h2 style=\"text-align: center;\">support rotatif pour pcb<\/h2>\n<p style=\"text-align: center;\">On a tous commenc\u00e9 comme \u00e7a un jour, un fer \u00e0 souder une table et un bout d&rsquo;\u00e9tain.<br \/>\nOn s&rsquo;est tous cram\u00e9 les doigts, brul\u00e9 un objet par inadvertance ou m\u00eame son voisin.<br \/>\nJe parle m\u00eame pas des tendinites et du mal de dos \u00e0 force d&rsquo;\u00eatre pli\u00e9 \u00e0 l&rsquo;\u00e9querre !<br \/>\nCe qu&rsquo;on n&rsquo;avait pas \u00e0 l&rsquo;\u00e9poque, c&rsquo;\u00e9tait ce support rotatif pour PCB.<\/p>\n<p style=\"text-align: center;\">Tous les proto qui voient le jour dans notre labo de recherche et d\u00e9veloppement sont pass\u00e9s par cet outil.<br \/>\nIl offre un confort fabuleux dont on ne peut plus se passer ! Sans parler du gain de temps&#8230;<\/p>\n<h2 style=\"text-align: center;\">conseils d&rsquo;utilisation<\/h2>\n<p style=\"text-align: center;\">On commence par bloquer la carte entre les 2 m\u00e2choires afin de bien la tenir.<br \/>\nEnsuite on insert nos composants en lisant bien la BOM.<br \/>\nPendant qu&rsquo;on les insert d&rsquo;un c\u00f4t\u00e9, de l&rsquo;autre on plie les pattes vers l&rsquo;ext\u00e9rieur.<br \/>\nUne fois qu&rsquo;on a mis les composants n\u00e9cessaires, le pivot nous permet de facilement retourner la carte et de souder.<br \/>\nEn plus de cette flexibilit\u00e9, la position et la tenue permettent un confort fabuleux.<\/p>\n<h2 style=\"text-align: center;\">informations compl\u00e9mentaires<\/h2>\n<p style=\"text-align: center;\">L&rsquo;essayer c&rsquo;est l&rsquo;adopter et en plus gr\u00e2ce \u00e0 notre fournisseur Europ\u00e9en, c&rsquo;est encore moins cher que le mod\u00e8le sur <a href=\"https:\/\/amzn.to\/2KSomLb\" target=\"_blank\" rel=\"noopener noreferrer\">Amazon<\/a>.<\/p>\n<p style=\"text-align: center;\">Il est int\u00e9ressant d&rsquo;associer ce support rotatif pour PCB avec une <a href=\"http:\/\/bit.ly\/2InwuBR\" target=\"_blank\" rel=\"noopener noreferrer\">3\u00e8me main<\/a>.<br \/>\nLe support te servira \u00e0 souder tes composants sur les cartes.<br \/>\nLa 3\u00e8me main sera plus utile pour c\u00e2bler les potards, les jacks et les switchs.<br \/>\nAinsi tu es pr\u00eat \u00e0 surmonter tous les challenges !<\/p>\n","protected":false},"excerpt":{"rendered":"<p style=\"text-align: left;\">Un support rotatif pour PCB ce n&rsquo;est pas indispensable mais c&rsquo;est tout de m\u00eame le genre d&rsquo;outils qui peuvent changer la vie d&rsquo;un maker !<\/p>\n","protected":false},"featured_media":20229,"comment_status":"open","ping_status":"closed","template":"","meta":[],"product_brand":[],"product_cat":[522,1047],"product_tag":[603,604,602],"class_list":{"0":"post-18243","1":"product","2":"type-product","3":"status-publish","4":"has-post-thumbnail","6":"product_cat-outils-fx-teacher","7":"product_cat-outils-pour-pedales","8":"product_tag-pcb","9":"product_tag-souder","10":"product_tag-support-pcb-rotatif","12":"first","13":"instock","14":"taxable","15":"shipping-taxable","16":"purchasable","17":"product-type-simple"},"supplier_id":90162,"supplier_sku":"","barcode":null,"atum_controlled":true,"out_stock_date":null,"out_stock_threshold":null,"inheritable":false,"inbound_stock":0,"stock_on_hold":0,"sold_today":0,"sales_last_days":0,"reserved_stock":0,"customer_returns":0,"warehouse_damage":0,"lost_in_post":0,"other_logs":0,"out_stock_days":0,"lost_sales":0,"has_location":false,"update_date":"2026-04-13T01:06:11","atum_locations":[],"atum_stock_status":"instock","restock_status":false,"low_stock_amount":"","sales_update_date":"2026-04-13T01:06:11","calc_backorders":0,"yoast_head":"<!-- This site is optimized with the Yoast SEO plugin v26.5 - https:\/\/yoast.com\/wordpress\/plugins\/seo\/ -->\n<title>Support rotatif pour PCB | Niveau : Tous | Anasounds<\/title>\n<meta name=\"description\" content=\"Un support rotatif pour PCB n&#039;est pas indispensable mais c&#039;est tout de m\u00eame ce genre de plaisirs qu&#039;on doit s&#039;offrir quand on aime bricoler, n&#039;est-ce pas?\" \/>\n<meta name=\"robots\" content=\"index, follow, max-snippet:-1, max-image-preview:large, max-video-preview:-1\" \/>\n<link rel=\"canonical\" href=\"https:\/\/anasounds.com\/fr\/produit\/support-rotatif-pour-pcb-niveau-tous\/\" \/>\n<meta property=\"og:locale\" content=\"fr_FR\" \/>\n<meta property=\"og:type\" content=\"article\" \/>\n<meta property=\"og:title\" content=\"Support rotatif pour PCB | Niveau : Tous | Anasounds\" \/>\n<meta property=\"og:description\" content=\"Un support rotatif pour PCB n&#039;est pas indispensable mais c&#039;est tout de m\u00eame ce genre de plaisirs qu&#039;on doit s&#039;offrir quand on aime bricoler, n&#039;est-ce pas?\" \/>\n<meta property=\"og:url\" content=\"https:\/\/anasounds.com\/fr\/produit\/support-rotatif-pour-pcb-niveau-tous\/\" \/>\n<meta property=\"og:site_name\" content=\"Anasounds\" \/>\n<meta property=\"article:publisher\" content=\"https:\/\/www.facebook.com\/AnasoundsFX\/\" \/>\n<meta property=\"article:modified_time\" content=\"2026-04-06T22:50:58+00:00\" \/>\n<meta property=\"og:image\" content=\"https:\/\/anasounds.com\/wp-content\/uploads\/2019\/06\/support-pcb-rotatif-1.jpg\" \/>\n\t<meta property=\"og:image:width\" content=\"1500\" \/>\n\t<meta property=\"og:image:height\" content=\"1051\" \/>\n\t<meta property=\"og:image:type\" content=\"image\/jpeg\" \/>\n<meta name=\"twitter:card\" content=\"summary_large_image\" \/>\n<meta name=\"twitter:label1\" content=\"Dur\u00e9e de lecture estim\u00e9e\" \/>\n\t<meta name=\"twitter:data1\" content=\"1 minute\" \/>\n<script type=\"application\/ld+json\" class=\"yoast-schema-graph\">{\"@context\":\"https:\/\/schema.org\",\"@graph\":[{\"@type\":\"WebPage\",\"@id\":\"https:\/\/anasounds.com\/fr\/produit\/support-rotatif-pour-pcb-niveau-tous\/\",\"url\":\"https:\/\/anasounds.com\/fr\/produit\/support-rotatif-pour-pcb-niveau-tous\/\",\"name\":\"Support rotatif pour PCB | Niveau : Tous | Anasounds\",\"isPartOf\":{\"@id\":\"https:\/\/anasounds.com\/#website\"},\"primaryImageOfPage\":{\"@id\":\"https:\/\/anasounds.com\/fr\/produit\/support-rotatif-pour-pcb-niveau-tous\/#primaryimage\"},\"image\":{\"@id\":\"https:\/\/anasounds.com\/fr\/produit\/support-rotatif-pour-pcb-niveau-tous\/#primaryimage\"},\"thumbnailUrl\":\"https:\/\/anasounds.com\/wp-content\/uploads\/2019\/06\/support-pcb-rotatif-1.jpg\",\"datePublished\":\"2019-06-17T16:06:49+00:00\",\"dateModified\":\"2026-04-06T22:50:58+00:00\",\"description\":\"Un support rotatif pour PCB n'est pas indispensable mais c'est tout de m\u00eame ce genre de plaisirs qu'on doit s'offrir quand on aime bricoler, n'est-ce pas?\",\"breadcrumb\":{\"@id\":\"https:\/\/anasounds.com\/fr\/produit\/support-rotatif-pour-pcb-niveau-tous\/#breadcrumb\"},\"inLanguage\":\"fr-FR\",\"potentialAction\":[{\"@type\":\"ReadAction\",\"target\":[\"https:\/\/anasounds.com\/fr\/produit\/support-rotatif-pour-pcb-niveau-tous\/\"]}]},{\"@type\":\"ImageObject\",\"inLanguage\":\"fr-FR\",\"@id\":\"https:\/\/anasounds.com\/fr\/produit\/support-rotatif-pour-pcb-niveau-tous\/#primaryimage\",\"url\":\"https:\/\/anasounds.com\/wp-content\/uploads\/2019\/06\/support-pcb-rotatif-1.jpg\",\"contentUrl\":\"https:\/\/anasounds.com\/wp-content\/uploads\/2019\/06\/support-pcb-rotatif-1.jpg\",\"width\":1500,\"height\":1051,\"caption\":\"Support PCB Dessus\"},{\"@type\":\"BreadcrumbList\",\"@id\":\"https:\/\/anasounds.com\/fr\/produit\/support-rotatif-pour-pcb-niveau-tous\/#breadcrumb\",\"itemListElement\":[{\"@type\":\"ListItem\",\"position\":1,\"name\":\"Home\",\"item\":\"https:\/\/anasounds.com\/fr\/\"},{\"@type\":\"ListItem\",\"position\":2,\"name\":\"boutique\",\"item\":\"https:\/\/anasounds.com\/fr\/shop\/\"},{\"@type\":\"ListItem\",\"position\":3,\"name\":\"Support rotatif pour PCB | Niveau : Tous\"}]},{\"@type\":\"WebSite\",\"@id\":\"https:\/\/anasounds.com\/#website\",\"url\":\"https:\/\/anasounds.com\/\",\"name\":\"Anasounds\",\"description\":\"P\u00e9dales \u00e0 la Fran\u00e7aise\",\"publisher\":{\"@id\":\"https:\/\/anasounds.com\/#organization\"},\"potentialAction\":[{\"@type\":\"SearchAction\",\"target\":{\"@type\":\"EntryPoint\",\"urlTemplate\":\"https:\/\/anasounds.com\/?s={search_term_string}\"},\"query-input\":{\"@type\":\"PropertyValueSpecification\",\"valueRequired\":true,\"valueName\":\"search_term_string\"}}],\"inLanguage\":\"fr-FR\"},{\"@type\":\"Organization\",\"@id\":\"https:\/\/anasounds.com\/#organization\",\"name\":\"Anasounds\",\"url\":\"https:\/\/anasounds.com\/\",\"logo\":{\"@type\":\"ImageObject\",\"inLanguage\":\"fr-FR\",\"@id\":\"https:\/\/anasounds.com\/#\/schema\/logo\/image\/\",\"url\":\"https:\/\/anasounds.com\/wp-content\/uploads\/2017\/10\/Logomadeinfrnoirblc.png\",\"contentUrl\":\"https:\/\/anasounds.com\/wp-content\/uploads\/2017\/10\/Logomadeinfrnoirblc.png\",\"width\":300,\"height\":300,\"caption\":\"Anasounds\"},\"image\":{\"@id\":\"https:\/\/anasounds.com\/#\/schema\/logo\/image\/\"},\"sameAs\":[\"https:\/\/www.facebook.com\/AnasoundsFX\/\",\"https:\/\/www.instagram.com\/anasounds\/\",\"https:\/\/www.youtube.com\/user\/AnaSoundsFR\"]}]}<\/script>\n<!-- \/ Yoast SEO plugin. -->","yoast_head_json":{"title":"Support rotatif pour PCB | Niveau : Tous | Anasounds","description":"Un support rotatif pour PCB n'est pas indispensable mais c'est tout de m\u00eame ce genre de plaisirs qu'on doit s'offrir quand on aime bricoler, n'est-ce pas?","robots":{"index":"index","follow":"follow","max-snippet":"max-snippet:-1","max-image-preview":"max-image-preview:large","max-video-preview":"max-video-preview:-1"},"canonical":"https:\/\/anasounds.com\/fr\/produit\/support-rotatif-pour-pcb-niveau-tous\/","og_locale":"fr_FR","og_type":"article","og_title":"Support rotatif pour PCB | Niveau : Tous | Anasounds","og_description":"Un support rotatif pour PCB n'est pas indispensable mais c'est tout de m\u00eame ce genre de plaisirs qu'on doit s'offrir quand on aime bricoler, n'est-ce pas?","og_url":"https:\/\/anasounds.com\/fr\/produit\/support-rotatif-pour-pcb-niveau-tous\/","og_site_name":"Anasounds","article_publisher":"https:\/\/www.facebook.com\/AnasoundsFX\/","article_modified_time":"2026-04-06T22:50:58+00:00","og_image":[{"width":1500,"height":1051,"url":"https:\/\/anasounds.com\/wp-content\/uploads\/2019\/06\/support-pcb-rotatif-1.jpg","type":"image\/jpeg"}],"twitter_card":"summary_large_image","twitter_misc":{"Dur\u00e9e de lecture estim\u00e9e":"1 minute"},"schema":{"@context":"https:\/\/schema.org","@graph":[{"@type":"WebPage","@id":"https:\/\/anasounds.com\/fr\/produit\/support-rotatif-pour-pcb-niveau-tous\/","url":"https:\/\/anasounds.com\/fr\/produit\/support-rotatif-pour-pcb-niveau-tous\/","name":"Support rotatif pour PCB | Niveau : Tous | Anasounds","isPartOf":{"@id":"https:\/\/anasounds.com\/#website"},"primaryImageOfPage":{"@id":"https:\/\/anasounds.com\/fr\/produit\/support-rotatif-pour-pcb-niveau-tous\/#primaryimage"},"image":{"@id":"https:\/\/anasounds.com\/fr\/produit\/support-rotatif-pour-pcb-niveau-tous\/#primaryimage"},"thumbnailUrl":"https:\/\/anasounds.com\/wp-content\/uploads\/2019\/06\/support-pcb-rotatif-1.jpg","datePublished":"2019-06-17T16:06:49+00:00","dateModified":"2026-04-06T22:50:58+00:00","description":"Un support rotatif pour PCB n'est pas indispensable mais c'est tout de m\u00eame ce genre de plaisirs qu'on doit s'offrir quand on aime bricoler, n'est-ce pas?","breadcrumb":{"@id":"https:\/\/anasounds.com\/fr\/produit\/support-rotatif-pour-pcb-niveau-tous\/#breadcrumb"},"inLanguage":"fr-FR","potentialAction":[{"@type":"ReadAction","target":["https:\/\/anasounds.com\/fr\/produit\/support-rotatif-pour-pcb-niveau-tous\/"]}]},{"@type":"ImageObject","inLanguage":"fr-FR","@id":"https:\/\/anasounds.com\/fr\/produit\/support-rotatif-pour-pcb-niveau-tous\/#primaryimage","url":"https:\/\/anasounds.com\/wp-content\/uploads\/2019\/06\/support-pcb-rotatif-1.jpg","contentUrl":"https:\/\/anasounds.com\/wp-content\/uploads\/2019\/06\/support-pcb-rotatif-1.jpg","width":1500,"height":1051,"caption":"Support PCB Dessus"},{"@type":"BreadcrumbList","@id":"https:\/\/anasounds.com\/fr\/produit\/support-rotatif-pour-pcb-niveau-tous\/#breadcrumb","itemListElement":[{"@type":"ListItem","position":1,"name":"Home","item":"https:\/\/anasounds.com\/fr\/"},{"@type":"ListItem","position":2,"name":"boutique","item":"https:\/\/anasounds.com\/fr\/shop\/"},{"@type":"ListItem","position":3,"name":"Support rotatif pour PCB | Niveau : Tous"}]},{"@type":"WebSite","@id":"https:\/\/anasounds.com\/#website","url":"https:\/\/anasounds.com\/","name":"Anasounds","description":"P\u00e9dales \u00e0 la Fran\u00e7aise","publisher":{"@id":"https:\/\/anasounds.com\/#organization"},"potentialAction":[{"@type":"SearchAction","target":{"@type":"EntryPoint","urlTemplate":"https:\/\/anasounds.com\/?s={search_term_string}"},"query-input":{"@type":"PropertyValueSpecification","valueRequired":true,"valueName":"search_term_string"}}],"inLanguage":"fr-FR"},{"@type":"Organization","@id":"https:\/\/anasounds.com\/#organization","name":"Anasounds","url":"https:\/\/anasounds.com\/","logo":{"@type":"ImageObject","inLanguage":"fr-FR","@id":"https:\/\/anasounds.com\/#\/schema\/logo\/image\/","url":"https:\/\/anasounds.com\/wp-content\/uploads\/2017\/10\/Logomadeinfrnoirblc.png","contentUrl":"https:\/\/anasounds.com\/wp-content\/uploads\/2017\/10\/Logomadeinfrnoirblc.png","width":300,"height":300,"caption":"Anasounds"},"image":{"@id":"https:\/\/anasounds.com\/#\/schema\/logo\/image\/"},"sameAs":["https:\/\/www.facebook.com\/AnasoundsFX\/","https:\/\/www.instagram.com\/anasounds\/","https:\/\/www.youtube.com\/user\/AnaSoundsFR"]}]}},"_links":{"self":[{"href":"https:\/\/anasounds.com\/fr\/wp-json\/wp\/v2\/product\/18243","targetHints":{"allow":["GET"]}}],"collection":[{"href":"https:\/\/anasounds.com\/fr\/wp-json\/wp\/v2\/product"}],"about":[{"href":"https:\/\/anasounds.com\/fr\/wp-json\/wp\/v2\/types\/product"}],"replies":[{"embeddable":true,"href":"https:\/\/anasounds.com\/fr\/wp-json\/wp\/v2\/comments?post=18243"}],"wp:featuredmedia":[{"embeddable":true,"href":"https:\/\/anasounds.com\/fr\/wp-json\/wp\/v2\/media\/20229"}],"wp:attachment":[{"href":"https:\/\/anasounds.com\/fr\/wp-json\/wp\/v2\/media?parent=18243"}],"wp:term":[{"taxonomy":"product_brand","embeddable":true,"href":"https:\/\/anasounds.com\/fr\/wp-json\/wp\/v2\/product_brand?post=18243"},{"taxonomy":"product_cat","embeddable":true,"href":"https:\/\/anasounds.com\/fr\/wp-json\/wp\/v2\/product_cat?post=18243"},{"taxonomy":"product_tag","embeddable":true,"href":"https:\/\/anasounds.com\/fr\/wp-json\/wp\/v2\/product_tag?post=18243"}],"curies":[{"name":"wp","href":"https:\/\/api.w.org\/{rel}","templated":true}]}}