{"id":21198,"date":"2019-09-17T04:20:42","date_gmt":"2019-09-17T02:20:42","guid":{"rendered":"https:\/\/anasounds.com\/?post_type=product&#038;p=21198"},"modified":"2024-09-09T18:43:11","modified_gmt":"2024-09-09T16:43:11","slug":"ego-driver-kit-electronique","status":"publish","type":"product","link":"https:\/\/anasounds.com\/fr\/produit\/ego-driver-kit-electronique\/","title":{"rendered":"Ego Driver &#8211; Kit \u00e9lectronique"},"content":{"rendered":"<h1 style=\"text-align: center;\">bien plus qu&rsquo;un simple booster<\/h1>\r\n<h1 style=\"text-align: center;\"><!-- \/wp:post-content --><\/h1>\r\n<p style=\"text-align: center;\"><!-- wp:paragraph -->On connait tous la Tube Screamer, c&rsquo;est pas comme si on en avait tous une \u00e0 la maison !<br \/>On nous a toujours expliqu\u00e9 que c&rsquo;\u00e9tait le meilleur outil pour booster un ampli d\u00e9j\u00e0 crunch\u00e9.<br \/>Le gain \u00e0 0, le volume \u00e0 fond et c&rsquo;est parti !<br \/>On perce le mix, on est sur le devant de la sc\u00e8ne et on \u00e9vite de baver sur le spectre des autres instruments.<br \/>Il y a bien s\u00fbr d&rsquo;autres combinaisons et sonorit\u00e9s \u00e0 exploiter de ce sch\u00e9ma plus que mythique,<br \/>et c&rsquo;est que nous allons \u00e9tudier !<\/p>\r\n<h1 style=\"text-align: center;\">la ego driver<\/h1>\r\n<p style=\"text-align: center;\">Depuis plusieurs ann\u00e9es, notre \u00e9quipe a analys\u00e9 plus d&rsquo;une centaine de sch\u00e9mas inspir\u00e9s de la OD 808.<br \/>Gr\u00e2ce \u00e0 cette base de connaissance, nous avons cr\u00e9\u00e9 une nouvelle p\u00e9dale, la Ego Driver.<br \/>Elle est capable de reproduire toutes ces sonorit\u00e9s vintage, et d&rsquo;aller plus loin en en cr\u00e9ant des nouvelles !<\/p>\r\n<p style=\"text-align: center;\">Pour y arriver c&rsquo;est assez simple, on se focalise sur l&rsquo;\u00e9tage de saturation et, on d\u00e9voile toutes les cl\u00e9s de sa conception.<br \/>En outre, avec la Ego Driver et le projet FX Teacher, tu seras capable de, cr\u00e9er ta propre Tube Screamer, la personnaliser et, comprendre comment mieux la r\u00e9gler pour optimiser ton son !<\/p>\r\n<h1 style=\"text-align: center;\">contenu de ce pack<\/h1>\r\n<p style=\"text-align: center;\">Tout le n\u00e9cessaire pour fabriquer ton Ego Driver de A \u00e0 Z ! C&rsquo;est \u00e0 dire :<\/p>\r\n<p style=\"text-align: center;\">1 kit avec tous les composants n\u00e9cessaires. (resistances, capa, diodes, IC, potards&#8230;)<\/p>\r\n<p style=\"text-align: center;\">1 PCB Ego Driver.<\/p>\r\n<p style=\"text-align: center;\">1 sachet de composants bonus pour mieux la personnaliser.<\/p>\r\n<h1 style=\"text-align: center;\">ce qu&rsquo;il pourrait te manquer pour monter ce kit<\/h1>\r\n<p style=\"text-align: center;\">1<a href=\"https:\/\/anasounds.com\/fr\/?post_type=product&#038;p=21199\" target=\"_blank\" rel=\"noopener noreferrer\"> kit boitier<\/a> Ego Driver ou un <a href=\"https:\/\/anasounds.com\/fr\/produit\/1590n1\/\" target=\"_blank\" rel=\"noopener noreferrer\">boitier vierge<\/a> \u00e0 personnaliser.<\/p>\r\n<p style=\"text-align: center;\">1 kit true bypass \u00e0 <a href=\"https:\/\/anasounds.com\/fr\/produit\/3pdt\/\" target=\"_blank\" rel=\"noopener noreferrer\">3PDT<\/a> ou \u00e0 <a href=\"https:\/\/anasounds.com\/fr\/produit\/kit-true-bypass-relais\/\" target=\"_blank\" rel=\"noopener noreferrer\">relais.<\/a><\/p>\r\n<p style=\"text-align: center;\">1 <a href=\"https:\/\/anasounds.com\/fr\/produit\/testeur-methode-fx-teacher\/\" target=\"_blank\" rel=\"noopener noreferrer\">testeur<\/a> pour suivre la m\u00e9thode de montage FX Teacher.<\/p>\r\n<p style=\"text-align: center;\">Des outils de soudure, voici notre <a href=\"\/?product_cat=outils-2\" target=\"_blank\" rel=\"noopener noreferrer\">selection<\/a> si tu n&rsquo;as pas tout.<\/p>\r\n<h1 style=\"text-align: center;\">infos compl\u00e9mentaires<\/h1>\r\n<p style=\"text-align: center;\">Pour d\u00e9couvrir en d\u00e9tails la Ego Driver, c&rsquo;est sur <a href=\"https:\/\/anasounds.com\/fr\/ego-driver\/\" target=\"_blank\" rel=\"noopener noreferrer\">cette page.<\/a><\/p>\r\n<p style=\"text-align: center;\">Pour la fabriquer c&rsquo;est bien ici. Il suffit d&rsquo;ajouter ce produit au panier puis,<br \/>de suivre le tutoriel d&rsquo;assemblage par <a href=\"http:\/\/anasounds.com\/fr\/assembler-son-ego-driver\/\" target=\"_blank\" rel=\"noopener noreferrer\">ici.<\/a><\/p>\r\n<p style=\"text-align: center;\">Pour la Ego Driver d\u00e9j\u00e0 mont\u00e9e, c&rsquo;est par <a href=\"https:\/\/anasounds.com\/fr\/?post_type=product&#038;p=21194\">ici.<\/a><\/p>\r\n<p style=\"text-align: center;\">\u00a0<\/p>","protected":false},"excerpt":{"rendered":"<p>Le kit \u00e9lectronique uniquement.<\/p>\n","protected":false},"featured_media":21244,"comment_status":"open","ping_status":"closed","template":"","meta":[],"product_brand":[],"product_cat":[267,1557],"product_tag":[],"class_list":{"0":"post-21198","1":"product","2":"type-product","3":"status-publish","4":"has-post-thumbnail","6":"product_cat-fx-teacher","7":"product_cat-kits-pieces-detachees","9":"first","10":"instock","11":"taxable","12":"shipping-taxable","13":"purchasable","14":"product-type-simple"},"supplier_id":83515,"supplier_sku":"","barcode":null,"atum_controlled":true,"out_stock_date":null,"out_stock_threshold":null,"inheritable":false,"inbound_stock":0,"stock_on_hold":0,"sold_today":0,"sales_last_days":0,"reserved_stock":0,"customer_returns":0,"warehouse_damage":0,"lost_in_post":0,"other_logs":0,"out_stock_days":0,"lost_sales":0,"has_location":false,"update_date":"2026-04-13T01:04:08","atum_locations":[],"atum_stock_status":"instock","restock_status":false,"low_stock_amount":"","sales_update_date":"2026-04-13T01:04:08","calc_backorders":0,"yoast_head":"<!-- This site is optimized with the Yoast SEO plugin v26.5 - https:\/\/yoast.com\/wordpress\/plugins\/seo\/ -->\n<title>Ego Driver - Kit \u00e9lectronique | Anasounds<\/title>\n<meta name=\"description\" content=\"Le kit \u00e9lectronique uniquement.\" \/>\n<meta name=\"robots\" content=\"index, follow, max-snippet:-1, max-image-preview:large, max-video-preview:-1\" \/>\n<link rel=\"canonical\" href=\"https:\/\/anasounds.com\/fr\/produit\/ego-driver-kit-electronique\/\" \/>\n<meta property=\"og:locale\" content=\"fr_FR\" \/>\n<meta property=\"og:type\" content=\"article\" \/>\n<meta property=\"og:title\" content=\"Ego Driver - Kit \u00e9lectronique | Anasounds\" \/>\n<meta property=\"og:description\" content=\"Le kit \u00e9lectronique uniquement.\" \/>\n<meta property=\"og:url\" content=\"https:\/\/anasounds.com\/fr\/produit\/ego-driver-kit-electronique\/\" \/>\n<meta property=\"og:site_name\" content=\"Anasounds\" \/>\n<meta property=\"article:publisher\" content=\"https:\/\/www.facebook.com\/AnasoundsFX\/\" \/>\n<meta property=\"article:modified_time\" content=\"2024-09-09T16:43:11+00:00\" \/>\n<meta property=\"og:image\" content=\"https:\/\/anasounds.com\/wp-content\/uploads\/2019\/08\/PCB-cable.jpg\" \/>\n\t<meta property=\"og:image:width\" content=\"1500\" \/>\n\t<meta property=\"og:image:height\" content=\"992\" \/>\n\t<meta property=\"og:image:type\" content=\"image\/jpeg\" \/>\n<meta name=\"twitter:card\" content=\"summary_large_image\" \/>\n<meta name=\"twitter:label1\" content=\"Dur\u00e9e de lecture estim\u00e9e\" \/>\n\t<meta name=\"twitter:data1\" content=\"2 minutes\" \/>\n<script type=\"application\/ld+json\" class=\"yoast-schema-graph\">{\"@context\":\"https:\/\/schema.org\",\"@graph\":[{\"@type\":\"WebPage\",\"@id\":\"https:\/\/anasounds.com\/fr\/produit\/ego-driver-kit-electronique\/\",\"url\":\"https:\/\/anasounds.com\/fr\/produit\/ego-driver-kit-electronique\/\",\"name\":\"Ego Driver - Kit \u00e9lectronique | Anasounds\",\"isPartOf\":{\"@id\":\"https:\/\/anasounds.com\/#website\"},\"primaryImageOfPage\":{\"@id\":\"https:\/\/anasounds.com\/fr\/produit\/ego-driver-kit-electronique\/#primaryimage\"},\"image\":{\"@id\":\"https:\/\/anasounds.com\/fr\/produit\/ego-driver-kit-electronique\/#primaryimage\"},\"thumbnailUrl\":\"https:\/\/anasounds.com\/wp-content\/uploads\/2019\/08\/PCB-cable.jpg\",\"datePublished\":\"2019-09-17T02:20:42+00:00\",\"dateModified\":\"2024-09-09T16:43:11+00:00\",\"description\":\"Le kit \u00e9lectronique uniquement.\",\"breadcrumb\":{\"@id\":\"https:\/\/anasounds.com\/fr\/produit\/ego-driver-kit-electronique\/#breadcrumb\"},\"inLanguage\":\"fr-FR\",\"potentialAction\":[{\"@type\":\"ReadAction\",\"target\":[\"https:\/\/anasounds.com\/fr\/produit\/ego-driver-kit-electronique\/\"]}]},{\"@type\":\"ImageObject\",\"inLanguage\":\"fr-FR\",\"@id\":\"https:\/\/anasounds.com\/fr\/produit\/ego-driver-kit-electronique\/#primaryimage\",\"url\":\"https:\/\/anasounds.com\/wp-content\/uploads\/2019\/08\/PCB-cable.jpg\",\"contentUrl\":\"https:\/\/anasounds.com\/wp-content\/uploads\/2019\/08\/PCB-cable.jpg\",\"width\":1500,\"height\":992},{\"@type\":\"BreadcrumbList\",\"@id\":\"https:\/\/anasounds.com\/fr\/produit\/ego-driver-kit-electronique\/#breadcrumb\",\"itemListElement\":[{\"@type\":\"ListItem\",\"position\":1,\"name\":\"Home\",\"item\":\"https:\/\/anasounds.com\/fr\/\"},{\"@type\":\"ListItem\",\"position\":2,\"name\":\"boutique\",\"item\":\"https:\/\/anasounds.com\/fr\/shop\/\"},{\"@type\":\"ListItem\",\"position\":3,\"name\":\"Ego Driver &#8211; Kit \u00e9lectronique\"}]},{\"@type\":\"WebSite\",\"@id\":\"https:\/\/anasounds.com\/#website\",\"url\":\"https:\/\/anasounds.com\/\",\"name\":\"Anasounds\",\"description\":\"P\u00e9dales \u00e0 la Fran\u00e7aise\",\"publisher\":{\"@id\":\"https:\/\/anasounds.com\/#organization\"},\"potentialAction\":[{\"@type\":\"SearchAction\",\"target\":{\"@type\":\"EntryPoint\",\"urlTemplate\":\"https:\/\/anasounds.com\/?s={search_term_string}\"},\"query-input\":{\"@type\":\"PropertyValueSpecification\",\"valueRequired\":true,\"valueName\":\"search_term_string\"}}],\"inLanguage\":\"fr-FR\"},{\"@type\":\"Organization\",\"@id\":\"https:\/\/anasounds.com\/#organization\",\"name\":\"Anasounds\",\"url\":\"https:\/\/anasounds.com\/\",\"logo\":{\"@type\":\"ImageObject\",\"inLanguage\":\"fr-FR\",\"@id\":\"https:\/\/anasounds.com\/#\/schema\/logo\/image\/\",\"url\":\"https:\/\/anasounds.com\/wp-content\/uploads\/2017\/10\/Logomadeinfrnoirblc.png\",\"contentUrl\":\"https:\/\/anasounds.com\/wp-content\/uploads\/2017\/10\/Logomadeinfrnoirblc.png\",\"width\":300,\"height\":300,\"caption\":\"Anasounds\"},\"image\":{\"@id\":\"https:\/\/anasounds.com\/#\/schema\/logo\/image\/\"},\"sameAs\":[\"https:\/\/www.facebook.com\/AnasoundsFX\/\",\"https:\/\/www.instagram.com\/anasounds\/\",\"https:\/\/www.youtube.com\/user\/AnaSoundsFR\"]}]}<\/script>\n<!-- \/ Yoast SEO plugin. -->","yoast_head_json":{"title":"Ego Driver - Kit \u00e9lectronique | Anasounds","description":"Le kit \u00e9lectronique uniquement.","robots":{"index":"index","follow":"follow","max-snippet":"max-snippet:-1","max-image-preview":"max-image-preview:large","max-video-preview":"max-video-preview:-1"},"canonical":"https:\/\/anasounds.com\/fr\/produit\/ego-driver-kit-electronique\/","og_locale":"fr_FR","og_type":"article","og_title":"Ego Driver - Kit \u00e9lectronique | Anasounds","og_description":"Le kit \u00e9lectronique uniquement.","og_url":"https:\/\/anasounds.com\/fr\/produit\/ego-driver-kit-electronique\/","og_site_name":"Anasounds","article_publisher":"https:\/\/www.facebook.com\/AnasoundsFX\/","article_modified_time":"2024-09-09T16:43:11+00:00","og_image":[{"width":1500,"height":992,"url":"https:\/\/anasounds.com\/wp-content\/uploads\/2019\/08\/PCB-cable.jpg","type":"image\/jpeg"}],"twitter_card":"summary_large_image","twitter_misc":{"Dur\u00e9e de lecture estim\u00e9e":"2 minutes"},"schema":{"@context":"https:\/\/schema.org","@graph":[{"@type":"WebPage","@id":"https:\/\/anasounds.com\/fr\/produit\/ego-driver-kit-electronique\/","url":"https:\/\/anasounds.com\/fr\/produit\/ego-driver-kit-electronique\/","name":"Ego Driver - Kit \u00e9lectronique | Anasounds","isPartOf":{"@id":"https:\/\/anasounds.com\/#website"},"primaryImageOfPage":{"@id":"https:\/\/anasounds.com\/fr\/produit\/ego-driver-kit-electronique\/#primaryimage"},"image":{"@id":"https:\/\/anasounds.com\/fr\/produit\/ego-driver-kit-electronique\/#primaryimage"},"thumbnailUrl":"https:\/\/anasounds.com\/wp-content\/uploads\/2019\/08\/PCB-cable.jpg","datePublished":"2019-09-17T02:20:42+00:00","dateModified":"2024-09-09T16:43:11+00:00","description":"Le kit \u00e9lectronique uniquement.","breadcrumb":{"@id":"https:\/\/anasounds.com\/fr\/produit\/ego-driver-kit-electronique\/#breadcrumb"},"inLanguage":"fr-FR","potentialAction":[{"@type":"ReadAction","target":["https:\/\/anasounds.com\/fr\/produit\/ego-driver-kit-electronique\/"]}]},{"@type":"ImageObject","inLanguage":"fr-FR","@id":"https:\/\/anasounds.com\/fr\/produit\/ego-driver-kit-electronique\/#primaryimage","url":"https:\/\/anasounds.com\/wp-content\/uploads\/2019\/08\/PCB-cable.jpg","contentUrl":"https:\/\/anasounds.com\/wp-content\/uploads\/2019\/08\/PCB-cable.jpg","width":1500,"height":992},{"@type":"BreadcrumbList","@id":"https:\/\/anasounds.com\/fr\/produit\/ego-driver-kit-electronique\/#breadcrumb","itemListElement":[{"@type":"ListItem","position":1,"name":"Home","item":"https:\/\/anasounds.com\/fr\/"},{"@type":"ListItem","position":2,"name":"boutique","item":"https:\/\/anasounds.com\/fr\/shop\/"},{"@type":"ListItem","position":3,"name":"Ego Driver &#8211; Kit \u00e9lectronique"}]},{"@type":"WebSite","@id":"https:\/\/anasounds.com\/#website","url":"https:\/\/anasounds.com\/","name":"Anasounds","description":"P\u00e9dales \u00e0 la Fran\u00e7aise","publisher":{"@id":"https:\/\/anasounds.com\/#organization"},"potentialAction":[{"@type":"SearchAction","target":{"@type":"EntryPoint","urlTemplate":"https:\/\/anasounds.com\/?s={search_term_string}"},"query-input":{"@type":"PropertyValueSpecification","valueRequired":true,"valueName":"search_term_string"}}],"inLanguage":"fr-FR"},{"@type":"Organization","@id":"https:\/\/anasounds.com\/#organization","name":"Anasounds","url":"https:\/\/anasounds.com\/","logo":{"@type":"ImageObject","inLanguage":"fr-FR","@id":"https:\/\/anasounds.com\/#\/schema\/logo\/image\/","url":"https:\/\/anasounds.com\/wp-content\/uploads\/2017\/10\/Logomadeinfrnoirblc.png","contentUrl":"https:\/\/anasounds.com\/wp-content\/uploads\/2017\/10\/Logomadeinfrnoirblc.png","width":300,"height":300,"caption":"Anasounds"},"image":{"@id":"https:\/\/anasounds.com\/#\/schema\/logo\/image\/"},"sameAs":["https:\/\/www.facebook.com\/AnasoundsFX\/","https:\/\/www.instagram.com\/anasounds\/","https:\/\/www.youtube.com\/user\/AnaSoundsFR"]}]}},"_links":{"self":[{"href":"https:\/\/anasounds.com\/fr\/wp-json\/wp\/v2\/product\/21198","targetHints":{"allow":["GET"]}}],"collection":[{"href":"https:\/\/anasounds.com\/fr\/wp-json\/wp\/v2\/product"}],"about":[{"href":"https:\/\/anasounds.com\/fr\/wp-json\/wp\/v2\/types\/product"}],"replies":[{"embeddable":true,"href":"https:\/\/anasounds.com\/fr\/wp-json\/wp\/v2\/comments?post=21198"}],"wp:featuredmedia":[{"embeddable":true,"href":"https:\/\/anasounds.com\/fr\/wp-json\/wp\/v2\/media\/21244"}],"wp:attachment":[{"href":"https:\/\/anasounds.com\/fr\/wp-json\/wp\/v2\/media?parent=21198"}],"wp:term":[{"taxonomy":"product_brand","embeddable":true,"href":"https:\/\/anasounds.com\/fr\/wp-json\/wp\/v2\/product_brand?post=21198"},{"taxonomy":"product_cat","embeddable":true,"href":"https:\/\/anasounds.com\/fr\/wp-json\/wp\/v2\/product_cat?post=21198"},{"taxonomy":"product_tag","embeddable":true,"href":"https:\/\/anasounds.com\/fr\/wp-json\/wp\/v2\/product_tag?post=21198"}],"curies":[{"name":"wp","href":"https:\/\/api.w.org\/{rel}","templated":true}]}}