{"id":21210,"date":"2019-08-13T18:10:00","date_gmt":"2019-08-13T16:10:00","guid":{"rendered":"https:\/\/anasounds.com\/?post_type=product&#038;p=21210"},"modified":"2026-04-08T10:09:22","modified_gmt":"2026-04-08T08:09:22","slug":"kit-true-bypass-relais","status":"publish","type":"product","link":"https:\/\/anasounds.com\/fr\/produit\/kit-true-bypass-relais\/","title":{"rendered":"Kit true bypass v1 &#8211; relais"},"content":{"rendered":"<h2 style=\"text-align: center;\">pourquoi un kit true bypass \u00e0 relais ?<\/h2>\n<p style=\"text-align: center;\">Tu es en train de te monter un kit de p\u00e9dale d&rsquo;effet et tu en es \u00e0 l&rsquo;\u00e9tape du true bypass.<br \/>\n3 options s&rsquo;offrent \u00e0 toi :<\/p>\n<p style=\"text-align: center;\">C\u00e2bler le 3PDT \u00e0 la main<br \/>\nUtiliser un <a href=\"https:\/\/anasounds.com\/fr\/produit\/kit-true-bypass-3pdt\/\" target=\"_blank\" rel=\"noopener noreferrer\">kit 3PDT<\/a><br \/>\nUtiliser un kit true bypass \u00e0 relais<\/p>\n<p style=\"text-align: center;\">L&rsquo;avantage de nos kits c&rsquo;est que tu vas pouvoir gagner du temps et \u00eatre s\u00fbr de ton montage.<br \/>\nFinies les prises de t\u00eate avec les c\u00e2bles qui s&#8217;emm\u00ealent et les pins qui ont trop \u00e9t\u00e9 chauff\u00e9es.<\/p>\n<p style=\"text-align: center;\">Si tu as un peu plus de budget, tu peux aussi partir sur le kit \u00e0 base de relais plut\u00f4t que le 3PDT.<br \/>\nL&rsquo;avantage c&rsquo;est que c&rsquo;est beaucoup plus solide dans le temps et \u00e7a ne clic pas quand on l&rsquo;active !<\/p>\n<p style=\"text-align: center;\">Pour info le kit 3PDT est inclus avec nos kits d&rsquo;effets,<br \/>\nmais ce n&rsquo;est pas le cas de celui \u00e0 relais qu&rsquo;il faudra prendre en option.<\/p>\n<h2 style=\"text-align: center;\">v1 ou v2 ?<\/h2>\n<p style=\"text-align: center;\">Avec nos nouveaux kits FX Teacher, on a d\u00e9cid\u00e9 de faire \u00e9voluer le footswitch.<br \/>\nEn effet, tu as peut \u00eatre envie d&rsquo;upgrader ton kit avec ce true bypass \u00e0 relais, plus r\u00e9sistant et sans clic \u00e0 l&rsquo;activation ?<br \/>\nOu simplement changer un 3PDT cass\u00e9, sans avoir \u00e0 dessouder quoi que ce soit ?<\/p>\n<p style=\"text-align: center;\">Cet ancien kit V1 se soude directement au pcb de la p\u00e9dale, avec des pins pas toujours facile \u00e0 placer correctement.<br \/>\nOn a donc d\u00e9velopp\u00e9 sur les nouveaux kits un syst\u00e8me de footswitch amovible, les true bypass V2, que l&rsquo;on peut remplacer sans rien dessouder !<br \/>\nQue ce soit pour remplacer un footswitch cass\u00e9 ou mal soud\u00e9 sur un kit DIY, ou passer sur un soft switch sans clic \u00e0 relais, le footswitch peut \u00eatre interchang\u00e9 \u00e0 volont\u00e9.<\/p>\n<p style=\"text-align: center;\"><a href=\"https:\/\/anasounds.com\/wp-content\/uploads\/2022\/04\/6T9A1122-1-edited-1.jpg\"><img loading=\"lazy\" decoding=\"async\" class=\"wp-image-82255 alignnone\" src=\"https:\/\/anasounds.com\/wp-content\/uploads\/2022\/04\/6T9A1122-1-edited-1-700x700.jpg\" alt=\"\" width=\"450\" height=\"450\" srcset=\"https:\/\/anasounds.com\/wp-content\/uploads\/2022\/04\/6T9A1122-1-edited-1-700x700.jpg 700w, https:\/\/anasounds.com\/wp-content\/uploads\/2022\/04\/6T9A1122-1-edited-1-1200x1200.jpg 1200w, https:\/\/anasounds.com\/wp-content\/uploads\/2022\/04\/6T9A1122-1-edited-1-500x500.jpg 500w, https:\/\/anasounds.com\/wp-content\/uploads\/2022\/04\/6T9A1122-1-edited-1-768x767.jpg 768w, https:\/\/anasounds.com\/wp-content\/uploads\/2022\/04\/6T9A1122-1-edited-1-1209x1208.jpg 1209w, https:\/\/anasounds.com\/wp-content\/uploads\/2022\/04\/6T9A1122-1-edited-1-100x100.jpg 100w, https:\/\/anasounds.com\/wp-content\/uploads\/2022\/04\/6T9A1122-1-edited-1.jpg 1366w\" sizes=\"auto, (max-width: 450px) 100vw, 450px\" \/>\u00a0 \u00a0 \u00a0 \u00a0 \u00a0 \u00a0 \u00a0 \u00a0 \u00a0 \u00a0 \u00a0<\/a><a href=\"https:\/\/anasounds.com\/wp-content\/uploads\/2022\/09\/pins-true-bypass.jpg\"><img loading=\"lazy\" decoding=\"async\" class=\"wp-image-85542 alignnone\" src=\"https:\/\/anasounds.com\/wp-content\/uploads\/2022\/09\/pins-true-bypass-700x700.jpg\" alt=\"\" width=\"450\" height=\"450\" srcset=\"https:\/\/anasounds.com\/wp-content\/uploads\/2022\/09\/pins-true-bypass-700x700.jpg 700w, https:\/\/anasounds.com\/wp-content\/uploads\/2022\/09\/pins-true-bypass-500x500.jpg 500w, https:\/\/anasounds.com\/wp-content\/uploads\/2022\/09\/pins-true-bypass-768x768.jpg 768w, https:\/\/anasounds.com\/wp-content\/uploads\/2022\/09\/pins-true-bypass-100x100.jpg 100w, https:\/\/anasounds.com\/wp-content\/uploads\/2022\/09\/pins-true-bypass.jpg 1088w\" sizes=\"auto, (max-width: 450px) 100vw, 450px\" \/><\/a><br \/>\n<strong>V1\u00a0 \u00a0 \u00a0 \u00a0 \u00a0 \u00a0 \u00a0 \u00a0 \u00a0 \u00a0 \u00a0 \u00a0 \u00a0 \u00a0 \u00a0 \u00a0 \u00a0 \u00a0 \u00a0 \u00a0 \u00a0 \u00a0 \u00a0 \u00a0 \u00a0 \u00a0 \u00a0 \u00a0 \u00a0 \u00a0 \u00a0 \u00a0 \u00a0 \u00a0 \u00a0 \u00a0 \u00a0 \u00a0 \u00a0 \u00a0 \u00a0 \u00a0 \u00a0 \u00a0 \u00a0 \u00a0 \u00a0 \u00a0 \u00a0 \u00a0 \u00a0 \u00a0 \u00a0 \u00a0 \u00a0 \u00a0 \u00a0 \u00a0 \u00a0 \u00a0 \u00a0 \u00a0 \u00a0 \u00a0 \u00a0 \u00a0 \u00a0 \u00a0 \u00a0 \u00a0 \u00a0 \u00a0 \u00a0 \u00a0 \u00a0 \u00a0 \u00a0 \u00a0 \u00a0 \u00a0 \u00a0 \u00a0 \u00a0 \u00a0 \u00a0 \u00a0 \u00a0 V2<\/strong><\/p>\n<h2 style=\"text-align: center;\">comment l&rsquo;assembler<\/h2>\n<p style=\"text-align: center;\">Suis directement les instructions de notre <a href=\"https:\/\/anasounds.com\/fr\/le-true-bypass\/\" target=\"_blank\" rel=\"noopener noreferrer\">article<\/a> sur le true bypass.<\/p>\n<h2 style=\"text-align: center;\">contenu<\/h2>\n<p style=\"text-align: center;\">1* SPDT ON-ON, bouton poussoir activable au pied<br \/>\n1* PCB pour le kit true bypass relais de FX Teacher<br \/>\n1* relais 5V<br \/>\n2* Jacks femelle st\u00e9r\u00e9o<br \/>\n1* NE555 version CMS d\u00e9j\u00e0 soud\u00e9 sur le PCB<br \/>\nDes fils<br \/>\nToutes les r\u00e9sistances, capa, diodes et transistors dont tu as besoin.<\/p>\n","protected":false},"excerpt":{"rendered":"<p style=\"text-align: center;\">Un kit vraiment puissant pour am\u00e9liorer ta p\u00e9dale DIY<br \/>\nOn te met au d\u00e9fi de le casser une fois sur sc\u00e8ne !<\/p>\n","protected":false},"featured_media":21487,"comment_status":"open","ping_status":"closed","template":"","meta":[],"product_brand":[],"product_cat":[659],"product_tag":[],"class_list":{"0":"post-21210","1":"product","2":"type-product","3":"status-publish","4":"has-post-thumbnail","6":"product_cat-kits-essentiels","8":"first","9":"onbackorder","10":"taxable","11":"shipping-taxable","12":"purchasable","13":"product-type-simple"},"supplier_id":83515,"supplier_sku":"","barcode":null,"atum_controlled":true,"out_stock_date":"2026-04-08 10:09:22","out_stock_threshold":null,"inheritable":false,"inbound_stock":0,"stock_on_hold":0,"sold_today":0,"sales_last_days":0,"reserved_stock":0,"customer_returns":0,"warehouse_damage":0,"lost_in_post":0,"other_logs":0,"out_stock_days":3,"lost_sales":0,"has_location":false,"update_date":"2026-04-12T01:05:39","atum_locations":[],"atum_stock_status":"onbackorder","restock_status":false,"low_stock_amount":"","sales_update_date":"2026-04-12T01:05:38","calc_backorders":0,"yoast_head":"<!-- This site is optimized with the Yoast SEO plugin v26.5 - https:\/\/yoast.com\/wordpress\/plugins\/seo\/ -->\n<title>Kit true bypass v1 - relais | Anasounds<\/title>\n<meta name=\"description\" content=\"Et si on vous promettait un true bypass indestructible une fois sur sc\u00e8ne ? Qui en plus est capable de pr\u00e9server toute la qualit\u00e9 sonore de ton effet...\" \/>\n<meta name=\"robots\" content=\"index, follow, max-snippet:-1, max-image-preview:large, max-video-preview:-1\" \/>\n<link rel=\"canonical\" href=\"https:\/\/anasounds.com\/fr\/produit\/kit-true-bypass-relais\/\" \/>\n<meta property=\"og:locale\" content=\"fr_FR\" \/>\n<meta property=\"og:type\" content=\"article\" \/>\n<meta property=\"og:title\" content=\"Kit true bypass v1 - relais | Anasounds\" \/>\n<meta property=\"og:description\" content=\"Et si on vous promettait un true bypass indestructible une fois sur sc\u00e8ne ? Qui en plus est capable de pr\u00e9server toute la qualit\u00e9 sonore de ton effet...\" \/>\n<meta property=\"og:url\" content=\"https:\/\/anasounds.com\/fr\/produit\/kit-true-bypass-relais\/\" \/>\n<meta property=\"og:site_name\" content=\"Anasounds\" \/>\n<meta property=\"article:publisher\" content=\"https:\/\/www.facebook.com\/AnasoundsFX\/\" \/>\n<meta property=\"article:modified_time\" content=\"2026-04-08T08:09:22+00:00\" \/>\n<meta property=\"og:image\" content=\"https:\/\/anasounds.com\/wp-content\/uploads\/2019\/08\/kit-relay-tbp-assemble-1.jpg\" \/>\n\t<meta property=\"og:image:width\" content=\"1500\" \/>\n\t<meta property=\"og:image:height\" content=\"1000\" \/>\n\t<meta property=\"og:image:type\" content=\"image\/jpeg\" \/>\n<meta name=\"twitter:card\" content=\"summary_large_image\" \/>\n<meta name=\"twitter:label1\" content=\"Dur\u00e9e de lecture estim\u00e9e\" \/>\n\t<meta name=\"twitter:data1\" content=\"2 minutes\" \/>\n<script type=\"application\/ld+json\" class=\"yoast-schema-graph\">{\"@context\":\"https:\/\/schema.org\",\"@graph\":[{\"@type\":\"WebPage\",\"@id\":\"https:\/\/anasounds.com\/fr\/produit\/kit-true-bypass-relais\/\",\"url\":\"https:\/\/anasounds.com\/fr\/produit\/kit-true-bypass-relais\/\",\"name\":\"Kit true bypass v1 - relais | Anasounds\",\"isPartOf\":{\"@id\":\"https:\/\/anasounds.com\/#website\"},\"primaryImageOfPage\":{\"@id\":\"https:\/\/anasounds.com\/fr\/produit\/kit-true-bypass-relais\/#primaryimage\"},\"image\":{\"@id\":\"https:\/\/anasounds.com\/fr\/produit\/kit-true-bypass-relais\/#primaryimage\"},\"thumbnailUrl\":\"https:\/\/anasounds.com\/wp-content\/uploads\/2019\/08\/kit-relay-tbp-assemble-1.jpg\",\"datePublished\":\"2019-08-13T16:10:00+00:00\",\"dateModified\":\"2026-04-08T08:09:22+00:00\",\"description\":\"Et si on vous promettait un true bypass indestructible une fois sur sc\u00e8ne ? Qui en plus est capable de pr\u00e9server toute la qualit\u00e9 sonore de ton effet...\",\"breadcrumb\":{\"@id\":\"https:\/\/anasounds.com\/fr\/produit\/kit-true-bypass-relais\/#breadcrumb\"},\"inLanguage\":\"fr-FR\",\"potentialAction\":[{\"@type\":\"ReadAction\",\"target\":[\"https:\/\/anasounds.com\/fr\/produit\/kit-true-bypass-relais\/\"]}]},{\"@type\":\"ImageObject\",\"inLanguage\":\"fr-FR\",\"@id\":\"https:\/\/anasounds.com\/fr\/produit\/kit-true-bypass-relais\/#primaryimage\",\"url\":\"https:\/\/anasounds.com\/wp-content\/uploads\/2019\/08\/kit-relay-tbp-assemble-1.jpg\",\"contentUrl\":\"https:\/\/anasounds.com\/wp-content\/uploads\/2019\/08\/kit-relay-tbp-assemble-1.jpg\",\"width\":1500,\"height\":1000},{\"@type\":\"BreadcrumbList\",\"@id\":\"https:\/\/anasounds.com\/fr\/produit\/kit-true-bypass-relais\/#breadcrumb\",\"itemListElement\":[{\"@type\":\"ListItem\",\"position\":1,\"name\":\"Home\",\"item\":\"https:\/\/anasounds.com\/fr\/\"},{\"@type\":\"ListItem\",\"position\":2,\"name\":\"boutique\",\"item\":\"https:\/\/anasounds.com\/fr\/shop\/\"},{\"@type\":\"ListItem\",\"position\":3,\"name\":\"Kit true bypass v1 &#8211; relais\"}]},{\"@type\":\"WebSite\",\"@id\":\"https:\/\/anasounds.com\/#website\",\"url\":\"https:\/\/anasounds.com\/\",\"name\":\"Anasounds\",\"description\":\"P\u00e9dales \u00e0 la Fran\u00e7aise\",\"publisher\":{\"@id\":\"https:\/\/anasounds.com\/#organization\"},\"potentialAction\":[{\"@type\":\"SearchAction\",\"target\":{\"@type\":\"EntryPoint\",\"urlTemplate\":\"https:\/\/anasounds.com\/?s={search_term_string}\"},\"query-input\":{\"@type\":\"PropertyValueSpecification\",\"valueRequired\":true,\"valueName\":\"search_term_string\"}}],\"inLanguage\":\"fr-FR\"},{\"@type\":\"Organization\",\"@id\":\"https:\/\/anasounds.com\/#organization\",\"name\":\"Anasounds\",\"url\":\"https:\/\/anasounds.com\/\",\"logo\":{\"@type\":\"ImageObject\",\"inLanguage\":\"fr-FR\",\"@id\":\"https:\/\/anasounds.com\/#\/schema\/logo\/image\/\",\"url\":\"https:\/\/anasounds.com\/wp-content\/uploads\/2017\/10\/Logomadeinfrnoirblc.png\",\"contentUrl\":\"https:\/\/anasounds.com\/wp-content\/uploads\/2017\/10\/Logomadeinfrnoirblc.png\",\"width\":300,\"height\":300,\"caption\":\"Anasounds\"},\"image\":{\"@id\":\"https:\/\/anasounds.com\/#\/schema\/logo\/image\/\"},\"sameAs\":[\"https:\/\/www.facebook.com\/AnasoundsFX\/\",\"https:\/\/www.instagram.com\/anasounds\/\",\"https:\/\/www.youtube.com\/user\/AnaSoundsFR\"]}]}<\/script>\n<!-- \/ Yoast SEO plugin. -->","yoast_head_json":{"title":"Kit true bypass v1 - relais | Anasounds","description":"Et si on vous promettait un true bypass indestructible une fois sur sc\u00e8ne ? Qui en plus est capable de pr\u00e9server toute la qualit\u00e9 sonore de ton effet...","robots":{"index":"index","follow":"follow","max-snippet":"max-snippet:-1","max-image-preview":"max-image-preview:large","max-video-preview":"max-video-preview:-1"},"canonical":"https:\/\/anasounds.com\/fr\/produit\/kit-true-bypass-relais\/","og_locale":"fr_FR","og_type":"article","og_title":"Kit true bypass v1 - relais | Anasounds","og_description":"Et si on vous promettait un true bypass indestructible une fois sur sc\u00e8ne ? Qui en plus est capable de pr\u00e9server toute la qualit\u00e9 sonore de ton effet...","og_url":"https:\/\/anasounds.com\/fr\/produit\/kit-true-bypass-relais\/","og_site_name":"Anasounds","article_publisher":"https:\/\/www.facebook.com\/AnasoundsFX\/","article_modified_time":"2026-04-08T08:09:22+00:00","og_image":[{"width":1500,"height":1000,"url":"https:\/\/anasounds.com\/wp-content\/uploads\/2019\/08\/kit-relay-tbp-assemble-1.jpg","type":"image\/jpeg"}],"twitter_card":"summary_large_image","twitter_misc":{"Dur\u00e9e de lecture estim\u00e9e":"2 minutes"},"schema":{"@context":"https:\/\/schema.org","@graph":[{"@type":"WebPage","@id":"https:\/\/anasounds.com\/fr\/produit\/kit-true-bypass-relais\/","url":"https:\/\/anasounds.com\/fr\/produit\/kit-true-bypass-relais\/","name":"Kit true bypass v1 - relais | Anasounds","isPartOf":{"@id":"https:\/\/anasounds.com\/#website"},"primaryImageOfPage":{"@id":"https:\/\/anasounds.com\/fr\/produit\/kit-true-bypass-relais\/#primaryimage"},"image":{"@id":"https:\/\/anasounds.com\/fr\/produit\/kit-true-bypass-relais\/#primaryimage"},"thumbnailUrl":"https:\/\/anasounds.com\/wp-content\/uploads\/2019\/08\/kit-relay-tbp-assemble-1.jpg","datePublished":"2019-08-13T16:10:00+00:00","dateModified":"2026-04-08T08:09:22+00:00","description":"Et si on vous promettait un true bypass indestructible une fois sur sc\u00e8ne ? Qui en plus est capable de pr\u00e9server toute la qualit\u00e9 sonore de ton effet...","breadcrumb":{"@id":"https:\/\/anasounds.com\/fr\/produit\/kit-true-bypass-relais\/#breadcrumb"},"inLanguage":"fr-FR","potentialAction":[{"@type":"ReadAction","target":["https:\/\/anasounds.com\/fr\/produit\/kit-true-bypass-relais\/"]}]},{"@type":"ImageObject","inLanguage":"fr-FR","@id":"https:\/\/anasounds.com\/fr\/produit\/kit-true-bypass-relais\/#primaryimage","url":"https:\/\/anasounds.com\/wp-content\/uploads\/2019\/08\/kit-relay-tbp-assemble-1.jpg","contentUrl":"https:\/\/anasounds.com\/wp-content\/uploads\/2019\/08\/kit-relay-tbp-assemble-1.jpg","width":1500,"height":1000},{"@type":"BreadcrumbList","@id":"https:\/\/anasounds.com\/fr\/produit\/kit-true-bypass-relais\/#breadcrumb","itemListElement":[{"@type":"ListItem","position":1,"name":"Home","item":"https:\/\/anasounds.com\/fr\/"},{"@type":"ListItem","position":2,"name":"boutique","item":"https:\/\/anasounds.com\/fr\/shop\/"},{"@type":"ListItem","position":3,"name":"Kit true bypass v1 &#8211; relais"}]},{"@type":"WebSite","@id":"https:\/\/anasounds.com\/#website","url":"https:\/\/anasounds.com\/","name":"Anasounds","description":"P\u00e9dales \u00e0 la Fran\u00e7aise","publisher":{"@id":"https:\/\/anasounds.com\/#organization"},"potentialAction":[{"@type":"SearchAction","target":{"@type":"EntryPoint","urlTemplate":"https:\/\/anasounds.com\/?s={search_term_string}"},"query-input":{"@type":"PropertyValueSpecification","valueRequired":true,"valueName":"search_term_string"}}],"inLanguage":"fr-FR"},{"@type":"Organization","@id":"https:\/\/anasounds.com\/#organization","name":"Anasounds","url":"https:\/\/anasounds.com\/","logo":{"@type":"ImageObject","inLanguage":"fr-FR","@id":"https:\/\/anasounds.com\/#\/schema\/logo\/image\/","url":"https:\/\/anasounds.com\/wp-content\/uploads\/2017\/10\/Logomadeinfrnoirblc.png","contentUrl":"https:\/\/anasounds.com\/wp-content\/uploads\/2017\/10\/Logomadeinfrnoirblc.png","width":300,"height":300,"caption":"Anasounds"},"image":{"@id":"https:\/\/anasounds.com\/#\/schema\/logo\/image\/"},"sameAs":["https:\/\/www.facebook.com\/AnasoundsFX\/","https:\/\/www.instagram.com\/anasounds\/","https:\/\/www.youtube.com\/user\/AnaSoundsFR"]}]}},"_links":{"self":[{"href":"https:\/\/anasounds.com\/fr\/wp-json\/wp\/v2\/product\/21210","targetHints":{"allow":["GET"]}}],"collection":[{"href":"https:\/\/anasounds.com\/fr\/wp-json\/wp\/v2\/product"}],"about":[{"href":"https:\/\/anasounds.com\/fr\/wp-json\/wp\/v2\/types\/product"}],"replies":[{"embeddable":true,"href":"https:\/\/anasounds.com\/fr\/wp-json\/wp\/v2\/comments?post=21210"}],"wp:featuredmedia":[{"embeddable":true,"href":"https:\/\/anasounds.com\/fr\/wp-json\/wp\/v2\/media\/21487"}],"wp:attachment":[{"href":"https:\/\/anasounds.com\/fr\/wp-json\/wp\/v2\/media?parent=21210"}],"wp:term":[{"taxonomy":"product_brand","embeddable":true,"href":"https:\/\/anasounds.com\/fr\/wp-json\/wp\/v2\/product_brand?post=21210"},{"taxonomy":"product_cat","embeddable":true,"href":"https:\/\/anasounds.com\/fr\/wp-json\/wp\/v2\/product_cat?post=21210"},{"taxonomy":"product_tag","embeddable":true,"href":"https:\/\/anasounds.com\/fr\/wp-json\/wp\/v2\/product_tag?post=21210"}],"curies":[{"name":"wp","href":"https:\/\/api.w.org\/{rel}","templated":true}]}}