{"id":21211,"date":"2019-08-13T18:17:32","date_gmt":"2019-08-13T16:17:32","guid":{"rendered":"https:\/\/anasounds.com\/?post_type=product&#038;p=21211"},"modified":"2026-03-26T16:52:30","modified_gmt":"2026-03-26T15:52:30","slug":"3pdt","status":"publish","type":"product","link":"https:\/\/anasounds.com\/fr\/produit\/3pdt\/","title":{"rendered":"3pdt"},"content":{"rendered":"<h2 style=\"text-align: center;\">pourquoi un kit true bypass 3pdt ?<\/h2>\n<p style=\"text-align: center;\">Tu es en train de te monter un kit de p\u00e9dale d&rsquo;effet et tu en es \u00e0 l&rsquo;\u00e9tape du true bypass.<br \/>\n3 options s&rsquo;offrent \u00e0 toi :<\/p>\n<p style=\"text-align: center;\">C\u00e2bler le 3PDT \u00e0 la main<br \/>\nUtiliser un <a href=\"https:\/\/anasounds.com\/fr\/produit\/kit-true-bypass-3pdt\/\" target=\"_blank\" rel=\"noopener noreferrer\">kit 3PDT<\/a><br \/>\nUtiliser un <a href=\"https:\/\/anasounds.com\/fr\/produit\/kit-true-bypass-3pdt\/\" target=\"_blank\" rel=\"noopener\">kit true bypass \u00e0 relais<\/a><\/p>\n<p style=\"text-align: center;\">L&rsquo;avantage de nos kits c&rsquo;est que tu vas pouvoir gagner du temps et \u00eatre s\u00fbr de ton montage.<br \/>\nFinies les prises de t\u00eate avec les c\u00e2bles qui s&#8217;emm\u00ealent et les pins qui ont trop \u00e9t\u00e9 chauff\u00e9es.<\/p>\n<p style=\"text-align: center;\">Si tu as un peu plus de budget, tu peux aussi partir sur le <a href=\"https:\/\/anasounds.com\/fr\/produit\/kit-true-bypass-relais\/\" target=\"_blank\" rel=\"noopener noreferrer\">kit \u00e0 base de relais<\/a> plut\u00f4t que le 3PDT.<br \/>\nL&rsquo;avantage c&rsquo;est que c&rsquo;est beaucoup plus solide dans le temps et \u00e7a ne clic pas quand on l&rsquo;active !<\/p>\n<p style=\"text-align: center;\">Pour info le kit 3PDT est inclus avec nos kits d&rsquo;effets,<br \/>\nmais ce n&rsquo;est pas le cas de celui \u00e0 relais qu&rsquo;il faudra prendre en option.<\/p>\n<h2 style=\"text-align: center;\">comment l&rsquo;assembler<\/h2>\n<p style=\"text-align: center;\">Suis directement les instructions de notre <a href=\"https:\/\/anasounds.com\/fr\/le-true-bypass\/\" target=\"_blank\" rel=\"noopener noreferrer\">article<\/a> sur le true bypass.<\/p>\n<h2 style=\"text-align: center;\">contenu<\/h2>\n<p style=\"text-align: center;\">1* 3PDT avec contacts plaqu\u00e9 or<\/p>\n","protected":false},"excerpt":{"rendered":"<p style=\"text-align: center;\">Un simple 3PDT mais il fait le job !<br \/>\nEt les contacts sont plaqu\u00e9s or&#8230;<\/p>\n","protected":false},"featured_media":21274,"comment_status":"open","ping_status":"closed","template":"","meta":[],"product_brand":[],"product_cat":[267,659,662,266],"product_tag":[],"class_list":{"0":"post-21211","1":"product","2":"type-product","3":"status-publish","4":"has-post-thumbnail","6":"product_cat-fx-teacher","7":"product_cat-kits-essentiels","8":"product_cat-composants","9":"product_cat-switcher-fr","11":"first","12":"instock","13":"taxable","14":"shipping-taxable","15":"purchasable","16":"product-type-simple"},"supplier_id":83515,"supplier_sku":"","barcode":null,"atum_controlled":true,"out_stock_date":null,"out_stock_threshold":null,"inheritable":false,"inbound_stock":0,"stock_on_hold":0,"sold_today":0,"sales_last_days":0,"reserved_stock":0,"customer_returns":0,"warehouse_damage":0,"lost_in_post":0,"other_logs":0,"out_stock_days":0,"lost_sales":0,"has_location":false,"update_date":"2026-04-21T01:11:52","atum_locations":[],"atum_stock_status":"instock","restock_status":false,"low_stock_amount":"","sales_update_date":"2026-04-21T01:11:51","calc_backorders":0,"yoast_head":"<!-- This site is optimized with the Yoast SEO plugin v26.5 - https:\/\/yoast.com\/wordpress\/plugins\/seo\/ -->\n<title>3pdt | Anasounds<\/title>\n<meta name=\"description\" content=\"Un simple 3PDT pour c\u00e2bler tes true bypass mais tu as de la chance celui-ci est d&#039;excellente qualit\u00e9 avec des contacts plaqu\u00e9 or !\" \/>\n<meta name=\"robots\" content=\"index, follow, max-snippet:-1, max-image-preview:large, max-video-preview:-1\" \/>\n<link rel=\"canonical\" href=\"https:\/\/anasounds.com\/fr\/produit\/3pdt\/\" \/>\n<meta property=\"og:locale\" content=\"fr_FR\" \/>\n<meta property=\"og:type\" content=\"article\" \/>\n<meta property=\"og:title\" content=\"3pdt | Anasounds\" \/>\n<meta property=\"og:description\" content=\"Un simple 3PDT pour c\u00e2bler tes true bypass mais tu as de la chance celui-ci est d&#039;excellente qualit\u00e9 avec des contacts plaqu\u00e9 or !\" \/>\n<meta property=\"og:url\" content=\"https:\/\/anasounds.com\/fr\/produit\/3pdt\/\" \/>\n<meta property=\"og:site_name\" content=\"Anasounds\" \/>\n<meta property=\"article:publisher\" content=\"https:\/\/www.facebook.com\/AnasoundsFX\/\" \/>\n<meta property=\"article:modified_time\" content=\"2026-03-26T15:52:30+00:00\" \/>\n<meta property=\"og:image\" content=\"https:\/\/anasounds.com\/wp-content\/uploads\/2019\/08\/3PDT-avec-ses-pcbs.jpg\" \/>\n\t<meta property=\"og:image:width\" content=\"1500\" \/>\n\t<meta property=\"og:image:height\" content=\"1006\" \/>\n\t<meta property=\"og:image:type\" content=\"image\/jpeg\" \/>\n<meta name=\"twitter:card\" content=\"summary_large_image\" \/>\n<meta name=\"twitter:label1\" content=\"Dur\u00e9e de lecture estim\u00e9e\" \/>\n\t<meta name=\"twitter:data1\" content=\"1 minute\" \/>\n<script type=\"application\/ld+json\" class=\"yoast-schema-graph\">{\"@context\":\"https:\/\/schema.org\",\"@graph\":[{\"@type\":\"WebPage\",\"@id\":\"https:\/\/anasounds.com\/fr\/produit\/3pdt\/\",\"url\":\"https:\/\/anasounds.com\/fr\/produit\/3pdt\/\",\"name\":\"3pdt | Anasounds\",\"isPartOf\":{\"@id\":\"https:\/\/anasounds.com\/#website\"},\"primaryImageOfPage\":{\"@id\":\"https:\/\/anasounds.com\/fr\/produit\/3pdt\/#primaryimage\"},\"image\":{\"@id\":\"https:\/\/anasounds.com\/fr\/produit\/3pdt\/#primaryimage\"},\"thumbnailUrl\":\"https:\/\/anasounds.com\/wp-content\/uploads\/2019\/08\/3PDT-avec-ses-pcbs.jpg\",\"datePublished\":\"2019-08-13T16:17:32+00:00\",\"dateModified\":\"2026-03-26T15:52:30+00:00\",\"description\":\"Un simple 3PDT pour c\u00e2bler tes true bypass mais tu as de la chance celui-ci est d'excellente qualit\u00e9 avec des contacts plaqu\u00e9 or !\",\"breadcrumb\":{\"@id\":\"https:\/\/anasounds.com\/fr\/produit\/3pdt\/#breadcrumb\"},\"inLanguage\":\"fr-FR\",\"potentialAction\":[{\"@type\":\"ReadAction\",\"target\":[\"https:\/\/anasounds.com\/fr\/produit\/3pdt\/\"]}]},{\"@type\":\"ImageObject\",\"inLanguage\":\"fr-FR\",\"@id\":\"https:\/\/anasounds.com\/fr\/produit\/3pdt\/#primaryimage\",\"url\":\"https:\/\/anasounds.com\/wp-content\/uploads\/2019\/08\/3PDT-avec-ses-pcbs.jpg\",\"contentUrl\":\"https:\/\/anasounds.com\/wp-content\/uploads\/2019\/08\/3PDT-avec-ses-pcbs.jpg\",\"width\":1500,\"height\":1006},{\"@type\":\"BreadcrumbList\",\"@id\":\"https:\/\/anasounds.com\/fr\/produit\/3pdt\/#breadcrumb\",\"itemListElement\":[{\"@type\":\"ListItem\",\"position\":1,\"name\":\"Home\",\"item\":\"https:\/\/anasounds.com\/fr\/\"},{\"@type\":\"ListItem\",\"position\":2,\"name\":\"boutique\",\"item\":\"https:\/\/anasounds.com\/fr\/shop\/\"},{\"@type\":\"ListItem\",\"position\":3,\"name\":\"3pdt\"}]},{\"@type\":\"WebSite\",\"@id\":\"https:\/\/anasounds.com\/#website\",\"url\":\"https:\/\/anasounds.com\/\",\"name\":\"Anasounds\",\"description\":\"P\u00e9dales \u00e0 la Fran\u00e7aise\",\"publisher\":{\"@id\":\"https:\/\/anasounds.com\/#organization\"},\"potentialAction\":[{\"@type\":\"SearchAction\",\"target\":{\"@type\":\"EntryPoint\",\"urlTemplate\":\"https:\/\/anasounds.com\/?s={search_term_string}\"},\"query-input\":{\"@type\":\"PropertyValueSpecification\",\"valueRequired\":true,\"valueName\":\"search_term_string\"}}],\"inLanguage\":\"fr-FR\"},{\"@type\":\"Organization\",\"@id\":\"https:\/\/anasounds.com\/#organization\",\"name\":\"Anasounds\",\"url\":\"https:\/\/anasounds.com\/\",\"logo\":{\"@type\":\"ImageObject\",\"inLanguage\":\"fr-FR\",\"@id\":\"https:\/\/anasounds.com\/#\/schema\/logo\/image\/\",\"url\":\"https:\/\/anasounds.com\/wp-content\/uploads\/2017\/10\/Logomadeinfrnoirblc.png\",\"contentUrl\":\"https:\/\/anasounds.com\/wp-content\/uploads\/2017\/10\/Logomadeinfrnoirblc.png\",\"width\":300,\"height\":300,\"caption\":\"Anasounds\"},\"image\":{\"@id\":\"https:\/\/anasounds.com\/#\/schema\/logo\/image\/\"},\"sameAs\":[\"https:\/\/www.facebook.com\/AnasoundsFX\/\",\"https:\/\/www.instagram.com\/anasounds\/\",\"https:\/\/www.youtube.com\/user\/AnaSoundsFR\"]}]}<\/script>\n<!-- \/ Yoast SEO plugin. -->","yoast_head_json":{"title":"3pdt | Anasounds","description":"Un simple 3PDT pour c\u00e2bler tes true bypass mais tu as de la chance celui-ci est d'excellente qualit\u00e9 avec des contacts plaqu\u00e9 or !","robots":{"index":"index","follow":"follow","max-snippet":"max-snippet:-1","max-image-preview":"max-image-preview:large","max-video-preview":"max-video-preview:-1"},"canonical":"https:\/\/anasounds.com\/fr\/produit\/3pdt\/","og_locale":"fr_FR","og_type":"article","og_title":"3pdt | Anasounds","og_description":"Un simple 3PDT pour c\u00e2bler tes true bypass mais tu as de la chance celui-ci est d'excellente qualit\u00e9 avec des contacts plaqu\u00e9 or !","og_url":"https:\/\/anasounds.com\/fr\/produit\/3pdt\/","og_site_name":"Anasounds","article_publisher":"https:\/\/www.facebook.com\/AnasoundsFX\/","article_modified_time":"2026-03-26T15:52:30+00:00","og_image":[{"width":1500,"height":1006,"url":"https:\/\/anasounds.com\/wp-content\/uploads\/2019\/08\/3PDT-avec-ses-pcbs.jpg","type":"image\/jpeg"}],"twitter_card":"summary_large_image","twitter_misc":{"Dur\u00e9e de lecture estim\u00e9e":"1 minute"},"schema":{"@context":"https:\/\/schema.org","@graph":[{"@type":"WebPage","@id":"https:\/\/anasounds.com\/fr\/produit\/3pdt\/","url":"https:\/\/anasounds.com\/fr\/produit\/3pdt\/","name":"3pdt | Anasounds","isPartOf":{"@id":"https:\/\/anasounds.com\/#website"},"primaryImageOfPage":{"@id":"https:\/\/anasounds.com\/fr\/produit\/3pdt\/#primaryimage"},"image":{"@id":"https:\/\/anasounds.com\/fr\/produit\/3pdt\/#primaryimage"},"thumbnailUrl":"https:\/\/anasounds.com\/wp-content\/uploads\/2019\/08\/3PDT-avec-ses-pcbs.jpg","datePublished":"2019-08-13T16:17:32+00:00","dateModified":"2026-03-26T15:52:30+00:00","description":"Un simple 3PDT pour c\u00e2bler tes true bypass mais tu as de la chance celui-ci est d'excellente qualit\u00e9 avec des contacts plaqu\u00e9 or !","breadcrumb":{"@id":"https:\/\/anasounds.com\/fr\/produit\/3pdt\/#breadcrumb"},"inLanguage":"fr-FR","potentialAction":[{"@type":"ReadAction","target":["https:\/\/anasounds.com\/fr\/produit\/3pdt\/"]}]},{"@type":"ImageObject","inLanguage":"fr-FR","@id":"https:\/\/anasounds.com\/fr\/produit\/3pdt\/#primaryimage","url":"https:\/\/anasounds.com\/wp-content\/uploads\/2019\/08\/3PDT-avec-ses-pcbs.jpg","contentUrl":"https:\/\/anasounds.com\/wp-content\/uploads\/2019\/08\/3PDT-avec-ses-pcbs.jpg","width":1500,"height":1006},{"@type":"BreadcrumbList","@id":"https:\/\/anasounds.com\/fr\/produit\/3pdt\/#breadcrumb","itemListElement":[{"@type":"ListItem","position":1,"name":"Home","item":"https:\/\/anasounds.com\/fr\/"},{"@type":"ListItem","position":2,"name":"boutique","item":"https:\/\/anasounds.com\/fr\/shop\/"},{"@type":"ListItem","position":3,"name":"3pdt"}]},{"@type":"WebSite","@id":"https:\/\/anasounds.com\/#website","url":"https:\/\/anasounds.com\/","name":"Anasounds","description":"P\u00e9dales \u00e0 la Fran\u00e7aise","publisher":{"@id":"https:\/\/anasounds.com\/#organization"},"potentialAction":[{"@type":"SearchAction","target":{"@type":"EntryPoint","urlTemplate":"https:\/\/anasounds.com\/?s={search_term_string}"},"query-input":{"@type":"PropertyValueSpecification","valueRequired":true,"valueName":"search_term_string"}}],"inLanguage":"fr-FR"},{"@type":"Organization","@id":"https:\/\/anasounds.com\/#organization","name":"Anasounds","url":"https:\/\/anasounds.com\/","logo":{"@type":"ImageObject","inLanguage":"fr-FR","@id":"https:\/\/anasounds.com\/#\/schema\/logo\/image\/","url":"https:\/\/anasounds.com\/wp-content\/uploads\/2017\/10\/Logomadeinfrnoirblc.png","contentUrl":"https:\/\/anasounds.com\/wp-content\/uploads\/2017\/10\/Logomadeinfrnoirblc.png","width":300,"height":300,"caption":"Anasounds"},"image":{"@id":"https:\/\/anasounds.com\/#\/schema\/logo\/image\/"},"sameAs":["https:\/\/www.facebook.com\/AnasoundsFX\/","https:\/\/www.instagram.com\/anasounds\/","https:\/\/www.youtube.com\/user\/AnaSoundsFR"]}]}},"_links":{"self":[{"href":"https:\/\/anasounds.com\/fr\/wp-json\/wp\/v2\/product\/21211","targetHints":{"allow":["GET"]}}],"collection":[{"href":"https:\/\/anasounds.com\/fr\/wp-json\/wp\/v2\/product"}],"about":[{"href":"https:\/\/anasounds.com\/fr\/wp-json\/wp\/v2\/types\/product"}],"replies":[{"embeddable":true,"href":"https:\/\/anasounds.com\/fr\/wp-json\/wp\/v2\/comments?post=21211"}],"wp:featuredmedia":[{"embeddable":true,"href":"https:\/\/anasounds.com\/fr\/wp-json\/wp\/v2\/media\/21274"}],"wp:attachment":[{"href":"https:\/\/anasounds.com\/fr\/wp-json\/wp\/v2\/media?parent=21211"}],"wp:term":[{"taxonomy":"product_brand","embeddable":true,"href":"https:\/\/anasounds.com\/fr\/wp-json\/wp\/v2\/product_brand?post=21211"},{"taxonomy":"product_cat","embeddable":true,"href":"https:\/\/anasounds.com\/fr\/wp-json\/wp\/v2\/product_cat?post=21211"},{"taxonomy":"product_tag","embeddable":true,"href":"https:\/\/anasounds.com\/fr\/wp-json\/wp\/v2\/product_tag?post=21211"}],"curies":[{"name":"wp","href":"https:\/\/api.w.org\/{rel}","templated":true}]}}