{"id":2593,"date":"2017-08-14T17:21:48","date_gmt":"2017-08-14T15:21:48","guid":{"rendered":"https:\/\/anasounds.com\/shop\/uncategorized\/chicken-waffle-switcher\/"},"modified":"2023-11-25T22:57:40","modified_gmt":"2023-11-25T21:57:40","slug":"chicken-waffle-switcher","status":"publish","type":"product","link":"https:\/\/anasounds.com\/fr\/produit\/chicken-waffle-switcher\/","title":{"rendered":"chicken &#038; waffle switcher"},"content":{"rendered":"<h1 style=\"text-align: center;\">une gaufre !?<\/h1>\n<p style=\"text-align: center;\">il existe des exp\u00e9riences que l&rsquo;on ne peut oublier.<\/p>\n<p style=\"text-align: center;\">namm 2017, m julien bitoun nous propose de d\u00e9jeuner au fameux \u00ab\u00a0chicken &amp; waffles\u00a0\u00bb d&rsquo;anaheim, los angeles.<\/p>\n<p style=\"text-align: center;\">l&rsquo;un des meilleurs (veuillez comprendre original version am\u00e9ricain) restaurants \u00e0 essayer dans le coin selon lui.<\/p>\n<p style=\"text-align: center;\">une fois sur les lieux, 2 belles gaufres, noy\u00e9es de sirop d&rsquo;\u00e9rable, accompagn\u00e9 de poulet frit et de 2 boules blanches plut\u00f4t \u00e9tranges : du beurre&#8230;apparemment!<\/p>\n<p style=\"text-align: center;\">avec regrets d\u00e9go\u00fbts mais curiosit\u00e9, les premiers crocs sont l\u00e2ch\u00e9s. verdict ? pas si mauvais! ah les aprioris &#8230;<\/p>\n<p style=\"text-align: center;\">julien, lui, en a fait un album (chicken &amp; waffle), qui, bien s\u00fbr, ne parle pas de gauffre mais de blues<\/p>\n<p style=\"text-align: center;\">thierry (des ampli kelt) lui a fait un ampli, le blue waffle, et anasounds, un switcher format p\u00e9dale!<\/p>\n<p style=\"text-align: center;\">en hommage \u00e0 cette douce odeur de sirop d&rsquo;\u00e9rable brais\u00e9e, le bois n&rsquo;est volontairement pas trait\u00e9 apr\u00e8s la gravure, de chaudes senteurs au d\u00e9ballage sont au rendez-vous!<\/p>\n<p>&nbsp;<\/p>\n<h1 style=\"text-align: center;\">ok, mais \u00e0 quoi \u00e7a sert?<\/h1>\n<p style=\"text-align: center;\">on branche un jack st\u00e9r\u00e9o entre le switcher et l&rsquo;entr\u00e9e switch d&rsquo;un ampli puis voil\u00e0 un switcher capable d&rsquo;activer des canaux, d&rsquo;activer une reverb ou autre fantaisie provenant du concepteur de<\/p>\n<p style=\"text-align: center;\">l&rsquo;ampli!<\/p>\n<p style=\"text-align: center;\">sur le blue waffle c&rsquo;est le booster et la reverb!<\/p>\n<p style=\"text-align: center;\">et\u00a0c&rsquo;est tout!<\/p>\n","protected":false},"excerpt":{"rendered":"<p style=\"text-align: center;\">on branche un jack st\u00e9r\u00e9o entre le switcher et l&rsquo;entr\u00e9e switch d&rsquo;un ampli puis on a un switcher capable d&rsquo;activer des canaux, d&rsquo;activer une reverb ou autre fantaisie provenant du concepteur de l&rsquo;ampli!<br \/>\nsur le blue waffle c&rsquo;est le booster et la reverb.<\/p>\n<p style=\"text-align: center;\">c&rsquo;est tout!<\/p>\n","protected":false},"featured_media":2240,"comment_status":"open","ping_status":"closed","template":"","meta":[],"product_brand":[],"product_cat":[264,266],"product_tag":[],"class_list":{"0":"post-2593","1":"product","2":"type-product","3":"status-publish","4":"has-post-thumbnail","6":"product_cat-utilitaires","7":"product_cat-switcher-fr","9":"first","10":"outofstock","11":"taxable","12":"shipping-taxable","13":"purchasable","14":"product-type-simple"},"supplier_id":83515,"supplier_sku":"","barcode":null,"atum_controlled":true,"out_stock_date":"2022-07-05 10:48:08","out_stock_threshold":null,"inheritable":false,"inbound_stock":0,"stock_on_hold":0,"sold_today":0,"sales_last_days":0,"reserved_stock":0,"customer_returns":0,"warehouse_damage":0,"lost_in_post":0,"other_logs":0,"out_stock_days":1375,"lost_sales":0,"has_location":false,"update_date":"2026-04-11T01:02:31","atum_locations":[],"atum_stock_status":"outofstock","restock_status":false,"low_stock_amount":"","sales_update_date":"2026-04-11T01:02:31","calc_backorders":null,"yoast_head":"<!-- This site is optimized with the Yoast SEO plugin v26.5 - https:\/\/yoast.com\/wordpress\/plugins\/seo\/ -->\n<title>chicken &amp; waffle switcher | Anasounds<\/title>\n<meta name=\"robots\" content=\"index, follow, max-snippet:-1, max-image-preview:large, max-video-preview:-1\" \/>\n<link rel=\"canonical\" href=\"https:\/\/anasounds.com\/fr\/produit\/chicken-waffle-switcher\/\" \/>\n<meta property=\"og:locale\" content=\"fr_FR\" \/>\n<meta property=\"og:type\" content=\"article\" \/>\n<meta property=\"og:title\" content=\"chicken &amp; waffle switcher | Anasounds\" \/>\n<meta property=\"og:description\" content=\"on branche un jack st\u00e9r\u00e9o entre le switcher et l&#039;entr\u00e9e switch d&#039;un ampli puis on a un switcher capable d&#039;activer des canaux, d&#039;activer une reverb ou autre fantaisie provenant du concepteur de l&#039;ampli! sur le blue waffle c&#039;est le booster et la reverb. c&#039;est tout!\" \/>\n<meta property=\"og:url\" content=\"https:\/\/anasounds.com\/fr\/produit\/chicken-waffle-switcher\/\" \/>\n<meta property=\"og:site_name\" content=\"Anasounds\" \/>\n<meta property=\"article:publisher\" content=\"https:\/\/www.facebook.com\/AnasoundsFX\/\" \/>\n<meta property=\"article:modified_time\" content=\"2023-11-25T21:57:40+00:00\" \/>\n<meta property=\"og:image\" content=\"https:\/\/anasounds.com\/wp-content\/uploads\/2017\/08\/switcherfaced\u00e9tour\u00e9.jpg\" \/>\n\t<meta property=\"og:image:width\" content=\"2500\" \/>\n\t<meta property=\"og:image:height\" content=\"2500\" \/>\n\t<meta property=\"og:image:type\" content=\"image\/jpeg\" \/>\n<meta name=\"twitter:card\" content=\"summary_large_image\" \/>\n<meta name=\"twitter:label1\" content=\"Dur\u00e9e de lecture estim\u00e9e\" \/>\n\t<meta name=\"twitter:data1\" content=\"2 minutes\" \/>\n<script type=\"application\/ld+json\" class=\"yoast-schema-graph\">{\"@context\":\"https:\/\/schema.org\",\"@graph\":[{\"@type\":\"WebPage\",\"@id\":\"https:\/\/anasounds.com\/fr\/produit\/chicken-waffle-switcher\/\",\"url\":\"https:\/\/anasounds.com\/fr\/produit\/chicken-waffle-switcher\/\",\"name\":\"chicken & waffle switcher | Anasounds\",\"isPartOf\":{\"@id\":\"https:\/\/anasounds.com\/#website\"},\"primaryImageOfPage\":{\"@id\":\"https:\/\/anasounds.com\/fr\/produit\/chicken-waffle-switcher\/#primaryimage\"},\"image\":{\"@id\":\"https:\/\/anasounds.com\/fr\/produit\/chicken-waffle-switcher\/#primaryimage\"},\"thumbnailUrl\":\"https:\/\/anasounds.com\/wp-content\/uploads\/2017\/08\/switcherfaced\u00e9tour\u00e9.jpg\",\"datePublished\":\"2017-08-14T15:21:48+00:00\",\"dateModified\":\"2023-11-25T21:57:40+00:00\",\"breadcrumb\":{\"@id\":\"https:\/\/anasounds.com\/fr\/produit\/chicken-waffle-switcher\/#breadcrumb\"},\"inLanguage\":\"fr-FR\",\"potentialAction\":[{\"@type\":\"ReadAction\",\"target\":[\"https:\/\/anasounds.com\/fr\/produit\/chicken-waffle-switcher\/\"]}]},{\"@type\":\"ImageObject\",\"inLanguage\":\"fr-FR\",\"@id\":\"https:\/\/anasounds.com\/fr\/produit\/chicken-waffle-switcher\/#primaryimage\",\"url\":\"https:\/\/anasounds.com\/wp-content\/uploads\/2017\/08\/switcherfaced\u00e9tour\u00e9.jpg\",\"contentUrl\":\"https:\/\/anasounds.com\/wp-content\/uploads\/2017\/08\/switcherfaced\u00e9tour\u00e9.jpg\",\"width\":2500,\"height\":2500},{\"@type\":\"BreadcrumbList\",\"@id\":\"https:\/\/anasounds.com\/fr\/produit\/chicken-waffle-switcher\/#breadcrumb\",\"itemListElement\":[{\"@type\":\"ListItem\",\"position\":1,\"name\":\"Home\",\"item\":\"https:\/\/anasounds.com\/fr\/\"},{\"@type\":\"ListItem\",\"position\":2,\"name\":\"boutique\",\"item\":\"https:\/\/anasounds.com\/fr\/shop\/\"},{\"@type\":\"ListItem\",\"position\":3,\"name\":\"chicken &#038; waffle switcher\"}]},{\"@type\":\"WebSite\",\"@id\":\"https:\/\/anasounds.com\/#website\",\"url\":\"https:\/\/anasounds.com\/\",\"name\":\"Anasounds\",\"description\":\"P\u00e9dales \u00e0 la Fran\u00e7aise\",\"publisher\":{\"@id\":\"https:\/\/anasounds.com\/#organization\"},\"potentialAction\":[{\"@type\":\"SearchAction\",\"target\":{\"@type\":\"EntryPoint\",\"urlTemplate\":\"https:\/\/anasounds.com\/?s={search_term_string}\"},\"query-input\":{\"@type\":\"PropertyValueSpecification\",\"valueRequired\":true,\"valueName\":\"search_term_string\"}}],\"inLanguage\":\"fr-FR\"},{\"@type\":\"Organization\",\"@id\":\"https:\/\/anasounds.com\/#organization\",\"name\":\"Anasounds\",\"url\":\"https:\/\/anasounds.com\/\",\"logo\":{\"@type\":\"ImageObject\",\"inLanguage\":\"fr-FR\",\"@id\":\"https:\/\/anasounds.com\/#\/schema\/logo\/image\/\",\"url\":\"https:\/\/anasounds.com\/wp-content\/uploads\/2017\/10\/Logomadeinfrnoirblc.png\",\"contentUrl\":\"https:\/\/anasounds.com\/wp-content\/uploads\/2017\/10\/Logomadeinfrnoirblc.png\",\"width\":300,\"height\":300,\"caption\":\"Anasounds\"},\"image\":{\"@id\":\"https:\/\/anasounds.com\/#\/schema\/logo\/image\/\"},\"sameAs\":[\"https:\/\/www.facebook.com\/AnasoundsFX\/\",\"https:\/\/www.instagram.com\/anasounds\/\",\"https:\/\/www.youtube.com\/user\/AnaSoundsFR\"]}]}<\/script>\n<!-- \/ Yoast SEO plugin. -->","yoast_head_json":{"title":"chicken & waffle switcher | Anasounds","robots":{"index":"index","follow":"follow","max-snippet":"max-snippet:-1","max-image-preview":"max-image-preview:large","max-video-preview":"max-video-preview:-1"},"canonical":"https:\/\/anasounds.com\/fr\/produit\/chicken-waffle-switcher\/","og_locale":"fr_FR","og_type":"article","og_title":"chicken & waffle switcher | Anasounds","og_description":"on branche un jack st\u00e9r\u00e9o entre le switcher et l'entr\u00e9e switch d'un ampli puis on a un switcher capable d'activer des canaux, d'activer une reverb ou autre fantaisie provenant du concepteur de l'ampli! sur le blue waffle c'est le booster et la reverb. c'est tout!","og_url":"https:\/\/anasounds.com\/fr\/produit\/chicken-waffle-switcher\/","og_site_name":"Anasounds","article_publisher":"https:\/\/www.facebook.com\/AnasoundsFX\/","article_modified_time":"2023-11-25T21:57:40+00:00","og_image":[{"width":2500,"height":2500,"url":"https:\/\/anasounds.com\/wp-content\/uploads\/2017\/08\/switcherfaced\u00e9tour\u00e9.jpg","type":"image\/jpeg"}],"twitter_card":"summary_large_image","twitter_misc":{"Dur\u00e9e de lecture estim\u00e9e":"2 minutes"},"schema":{"@context":"https:\/\/schema.org","@graph":[{"@type":"WebPage","@id":"https:\/\/anasounds.com\/fr\/produit\/chicken-waffle-switcher\/","url":"https:\/\/anasounds.com\/fr\/produit\/chicken-waffle-switcher\/","name":"chicken & waffle switcher | Anasounds","isPartOf":{"@id":"https:\/\/anasounds.com\/#website"},"primaryImageOfPage":{"@id":"https:\/\/anasounds.com\/fr\/produit\/chicken-waffle-switcher\/#primaryimage"},"image":{"@id":"https:\/\/anasounds.com\/fr\/produit\/chicken-waffle-switcher\/#primaryimage"},"thumbnailUrl":"https:\/\/anasounds.com\/wp-content\/uploads\/2017\/08\/switcherfaced\u00e9tour\u00e9.jpg","datePublished":"2017-08-14T15:21:48+00:00","dateModified":"2023-11-25T21:57:40+00:00","breadcrumb":{"@id":"https:\/\/anasounds.com\/fr\/produit\/chicken-waffle-switcher\/#breadcrumb"},"inLanguage":"fr-FR","potentialAction":[{"@type":"ReadAction","target":["https:\/\/anasounds.com\/fr\/produit\/chicken-waffle-switcher\/"]}]},{"@type":"ImageObject","inLanguage":"fr-FR","@id":"https:\/\/anasounds.com\/fr\/produit\/chicken-waffle-switcher\/#primaryimage","url":"https:\/\/anasounds.com\/wp-content\/uploads\/2017\/08\/switcherfaced\u00e9tour\u00e9.jpg","contentUrl":"https:\/\/anasounds.com\/wp-content\/uploads\/2017\/08\/switcherfaced\u00e9tour\u00e9.jpg","width":2500,"height":2500},{"@type":"BreadcrumbList","@id":"https:\/\/anasounds.com\/fr\/produit\/chicken-waffle-switcher\/#breadcrumb","itemListElement":[{"@type":"ListItem","position":1,"name":"Home","item":"https:\/\/anasounds.com\/fr\/"},{"@type":"ListItem","position":2,"name":"boutique","item":"https:\/\/anasounds.com\/fr\/shop\/"},{"@type":"ListItem","position":3,"name":"chicken &#038; waffle switcher"}]},{"@type":"WebSite","@id":"https:\/\/anasounds.com\/#website","url":"https:\/\/anasounds.com\/","name":"Anasounds","description":"P\u00e9dales \u00e0 la Fran\u00e7aise","publisher":{"@id":"https:\/\/anasounds.com\/#organization"},"potentialAction":[{"@type":"SearchAction","target":{"@type":"EntryPoint","urlTemplate":"https:\/\/anasounds.com\/?s={search_term_string}"},"query-input":{"@type":"PropertyValueSpecification","valueRequired":true,"valueName":"search_term_string"}}],"inLanguage":"fr-FR"},{"@type":"Organization","@id":"https:\/\/anasounds.com\/#organization","name":"Anasounds","url":"https:\/\/anasounds.com\/","logo":{"@type":"ImageObject","inLanguage":"fr-FR","@id":"https:\/\/anasounds.com\/#\/schema\/logo\/image\/","url":"https:\/\/anasounds.com\/wp-content\/uploads\/2017\/10\/Logomadeinfrnoirblc.png","contentUrl":"https:\/\/anasounds.com\/wp-content\/uploads\/2017\/10\/Logomadeinfrnoirblc.png","width":300,"height":300,"caption":"Anasounds"},"image":{"@id":"https:\/\/anasounds.com\/#\/schema\/logo\/image\/"},"sameAs":["https:\/\/www.facebook.com\/AnasoundsFX\/","https:\/\/www.instagram.com\/anasounds\/","https:\/\/www.youtube.com\/user\/AnaSoundsFR"]}]}},"_links":{"self":[{"href":"https:\/\/anasounds.com\/fr\/wp-json\/wp\/v2\/product\/2593","targetHints":{"allow":["GET"]}}],"collection":[{"href":"https:\/\/anasounds.com\/fr\/wp-json\/wp\/v2\/product"}],"about":[{"href":"https:\/\/anasounds.com\/fr\/wp-json\/wp\/v2\/types\/product"}],"replies":[{"embeddable":true,"href":"https:\/\/anasounds.com\/fr\/wp-json\/wp\/v2\/comments?post=2593"}],"wp:featuredmedia":[{"embeddable":true,"href":"https:\/\/anasounds.com\/fr\/wp-json\/wp\/v2\/media\/2240"}],"wp:attachment":[{"href":"https:\/\/anasounds.com\/fr\/wp-json\/wp\/v2\/media?parent=2593"}],"wp:term":[{"taxonomy":"product_brand","embeddable":true,"href":"https:\/\/anasounds.com\/fr\/wp-json\/wp\/v2\/product_brand?post=2593"},{"taxonomy":"product_cat","embeddable":true,"href":"https:\/\/anasounds.com\/fr\/wp-json\/wp\/v2\/product_cat?post=2593"},{"taxonomy":"product_tag","embeddable":true,"href":"https:\/\/anasounds.com\/fr\/wp-json\/wp\/v2\/product_tag?post=2593"}],"curies":[{"name":"wp","href":"https:\/\/api.w.org\/{rel}","templated":true}]}}