{"id":2596,"date":"2017-08-14T15:05:27","date_gmt":"2017-08-14T13:05:27","guid":{"rendered":"https:\/\/anasounds.com\/shop\/uncategorized\/patch-de-50cm\/"},"modified":"2026-04-01T20:00:20","modified_gmt":"2026-04-01T18:00:20","slug":"patch-de-50cm","status":"publish","type":"product","link":"https:\/\/anasounds.com\/fr\/produit\/patch-de-50cm\/","title":{"rendered":"patch de 50cm | pour les pedalboards \u00e0 2 niveaux"},"content":{"rendered":"<h3 style=\"text-align: center;\">des patchs fran\u00e7ais!<\/h3>\n<p style=\"text-align: center;\">On sait \u00e0 quel point un mauvais jack impact la qualit\u00e9 de votre son (pertes d\u2019aigu\u00ebs principalement).<br \/>\nDu coup, on vous a concoct\u00e9 une gamme de c\u00e2bles patchs et jacks ainsi qu\u2019un buffer afin de vous prot\u00e9ger des pertes !<\/p>\n<p style=\"text-align: center;\">La qualit\u00e9 des mat\u00e9riaux utilis\u00e9e est bien \u00e9videmment s\u00e9lectionn\u00e9e, et le tout est assembl\u00e9 \u00e0 la main dans nos locaux.<\/p>\n<h3 style=\"text-align: center;\">composition du patch pancake<\/h3>\n<p style=\"text-align: center;\">Nous pr\u00e9parons tous nos patchs pancake avec du c\u00e2ble <a href=\"http:\/\/sommercable.com\/\" target=\"_blank\" rel=\"noopener noreferrer\">Sommercable<\/a>\u00a0<a href=\"https:\/\/anasounds.com\/fr\/produit\/sommercable-spirit-xxl-cable-only\/\" target=\"_blank\" rel=\"noopener noreferrer\">Spirit XXL<\/a>\u00a0et des connecteurs\u00a0<a href=\"https:\/\/anasounds.com\/fr\/produit\/anasounds-connecteur-pancake-sommercable\/\" target=\"_blank\" rel=\"noopener noreferrer\">Hi-con pancake<\/a>.<br \/>\nOn peut ainsi vous proposer des c\u00e2bles avec des performances parmi les meilleures du march\u00e9 !<\/p>\n<h3 style=\"text-align: center;\">quel patch choisir ?<\/h3>\n<p style=\"text-align: center;\">Ce patch de 50cm est id\u00e9al pour changer de rang\u00e9e sur un petit pedalboard \u00e0 2 niveaux.<\/p>\n<p style=\"text-align: center;\">En revanche, les patchs pancake ne sont pas adapt\u00e9s au c\u00e2blage de switchers ou p\u00e9dales avec des connecteurs trop rapproch\u00e9s.<br \/>\nPour \u00e7a, on conseille de s&rsquo;orienter vers les <a href=\"https:\/\/anasounds.com\/fr\/produit\/patch-bay-mono\/\">patchs bay<\/a>, plus \u00e9troits.<\/p>\n","protected":false},"excerpt":{"rendered":"<p style=\"text-align: center;\">C\u00e2bles patchs pour pedalboard assembl\u00e9s \u00e0 la main avec connecteurs et c\u00e2ble Sommercable.<\/p>\n","protected":false},"featured_media":61735,"comment_status":"open","ping_status":"closed","template":"","meta":[],"product_brand":[],"product_cat":[259,260,1163],"product_tag":[173],"class_list":{"0":"post-2596","1":"product","2":"type-product","3":"status-publish","4":"has-post-thumbnail","6":"product_cat-jacks-fr","7":"product_cat-jacks-anasounds","8":"product_cat-patchs-pancake-mono","9":"product_tag-jack","11":"first","12":"instock","13":"taxable","14":"shipping-taxable","15":"purchasable","16":"product-type-simple"},"supplier_id":83515,"supplier_sku":"","barcode":null,"atum_controlled":true,"out_stock_date":null,"out_stock_threshold":null,"inheritable":false,"inbound_stock":0,"stock_on_hold":0,"sold_today":0,"sales_last_days":0,"reserved_stock":0,"customer_returns":0,"warehouse_damage":0,"lost_in_post":0,"other_logs":0,"out_stock_days":0,"lost_sales":0,"has_location":false,"update_date":"2026-04-12T01:05:15","atum_locations":[],"atum_stock_status":"instock","restock_status":false,"low_stock_amount":"","sales_update_date":"2026-04-12T01:05:14","calc_backorders":0,"yoast_head":"<!-- This site is optimized with the Yoast SEO plugin v26.5 - https:\/\/yoast.com\/wordpress\/plugins\/seo\/ -->\n<title>patch de 50cm | pour les pedalboards \u00e0 2 niveaux | Anasounds<\/title>\n<meta name=\"description\" content=\"On vous a concoct\u00e9 une gamme de c\u00e2bles patchs et jacks ainsi qu&#039;un buffer afin de vous prot\u00e9ger des pertes !\" \/>\n<meta name=\"robots\" content=\"index, follow, max-snippet:-1, max-image-preview:large, max-video-preview:-1\" \/>\n<link rel=\"canonical\" href=\"https:\/\/anasounds.com\/fr\/produit\/patch-de-50cm\/\" \/>\n<meta property=\"og:locale\" content=\"fr_FR\" \/>\n<meta property=\"og:type\" content=\"article\" \/>\n<meta property=\"og:title\" content=\"patch de 50cm | pour les pedalboards \u00e0 2 niveaux | Anasounds\" \/>\n<meta property=\"og:description\" content=\"On vous a concoct\u00e9 une gamme de c\u00e2bles patchs et jacks ainsi qu&#039;un buffer afin de vous prot\u00e9ger des pertes !\" \/>\n<meta property=\"og:url\" content=\"https:\/\/anasounds.com\/fr\/produit\/patch-de-50cm\/\" \/>\n<meta property=\"og:site_name\" content=\"Anasounds\" \/>\n<meta property=\"article:publisher\" content=\"https:\/\/www.facebook.com\/AnasoundsFX\/\" \/>\n<meta property=\"article:modified_time\" content=\"2026-04-01T18:00:20+00:00\" \/>\n<meta property=\"og:image\" content=\"https:\/\/anasounds.com\/wp-content\/uploads\/2017\/08\/patch-jack-50cm-1.jpg\" \/>\n\t<meta property=\"og:image:width\" content=\"2048\" \/>\n\t<meta property=\"og:image:height\" content=\"2048\" \/>\n\t<meta property=\"og:image:type\" content=\"image\/jpeg\" \/>\n<meta name=\"twitter:card\" content=\"summary_large_image\" \/>\n<meta name=\"twitter:label1\" content=\"Dur\u00e9e de lecture estim\u00e9e\" \/>\n\t<meta name=\"twitter:data1\" content=\"1 minute\" \/>\n<script type=\"application\/ld+json\" class=\"yoast-schema-graph\">{\"@context\":\"https:\/\/schema.org\",\"@graph\":[{\"@type\":\"WebPage\",\"@id\":\"https:\/\/anasounds.com\/fr\/produit\/patch-de-50cm\/\",\"url\":\"https:\/\/anasounds.com\/fr\/produit\/patch-de-50cm\/\",\"name\":\"patch de 50cm | pour les pedalboards \u00e0 2 niveaux | Anasounds\",\"isPartOf\":{\"@id\":\"https:\/\/anasounds.com\/#website\"},\"primaryImageOfPage\":{\"@id\":\"https:\/\/anasounds.com\/fr\/produit\/patch-de-50cm\/#primaryimage\"},\"image\":{\"@id\":\"https:\/\/anasounds.com\/fr\/produit\/patch-de-50cm\/#primaryimage\"},\"thumbnailUrl\":\"https:\/\/anasounds.com\/wp-content\/uploads\/2017\/08\/patch-jack-50cm-1.jpg\",\"datePublished\":\"2017-08-14T13:05:27+00:00\",\"dateModified\":\"2026-04-01T18:00:20+00:00\",\"description\":\"On vous a concoct\u00e9 une gamme de c\u00e2bles patchs et jacks ainsi qu'un buffer afin de vous prot\u00e9ger des pertes !\",\"breadcrumb\":{\"@id\":\"https:\/\/anasounds.com\/fr\/produit\/patch-de-50cm\/#breadcrumb\"},\"inLanguage\":\"fr-FR\",\"potentialAction\":[{\"@type\":\"ReadAction\",\"target\":[\"https:\/\/anasounds.com\/fr\/produit\/patch-de-50cm\/\"]}]},{\"@type\":\"ImageObject\",\"inLanguage\":\"fr-FR\",\"@id\":\"https:\/\/anasounds.com\/fr\/produit\/patch-de-50cm\/#primaryimage\",\"url\":\"https:\/\/anasounds.com\/wp-content\/uploads\/2017\/08\/patch-jack-50cm-1.jpg\",\"contentUrl\":\"https:\/\/anasounds.com\/wp-content\/uploads\/2017\/08\/patch-jack-50cm-1.jpg\",\"width\":2048,\"height\":2048},{\"@type\":\"BreadcrumbList\",\"@id\":\"https:\/\/anasounds.com\/fr\/produit\/patch-de-50cm\/#breadcrumb\",\"itemListElement\":[{\"@type\":\"ListItem\",\"position\":1,\"name\":\"Home\",\"item\":\"https:\/\/anasounds.com\/fr\/\"},{\"@type\":\"ListItem\",\"position\":2,\"name\":\"boutique\",\"item\":\"https:\/\/anasounds.com\/fr\/shop\/\"},{\"@type\":\"ListItem\",\"position\":3,\"name\":\"patch de 50cm | pour les pedalboards \u00e0 2 niveaux\"}]},{\"@type\":\"WebSite\",\"@id\":\"https:\/\/anasounds.com\/#website\",\"url\":\"https:\/\/anasounds.com\/\",\"name\":\"Anasounds\",\"description\":\"P\u00e9dales \u00e0 la Fran\u00e7aise\",\"publisher\":{\"@id\":\"https:\/\/anasounds.com\/#organization\"},\"potentialAction\":[{\"@type\":\"SearchAction\",\"target\":{\"@type\":\"EntryPoint\",\"urlTemplate\":\"https:\/\/anasounds.com\/?s={search_term_string}\"},\"query-input\":{\"@type\":\"PropertyValueSpecification\",\"valueRequired\":true,\"valueName\":\"search_term_string\"}}],\"inLanguage\":\"fr-FR\"},{\"@type\":\"Organization\",\"@id\":\"https:\/\/anasounds.com\/#organization\",\"name\":\"Anasounds\",\"url\":\"https:\/\/anasounds.com\/\",\"logo\":{\"@type\":\"ImageObject\",\"inLanguage\":\"fr-FR\",\"@id\":\"https:\/\/anasounds.com\/#\/schema\/logo\/image\/\",\"url\":\"https:\/\/anasounds.com\/wp-content\/uploads\/2017\/10\/Logomadeinfrnoirblc.png\",\"contentUrl\":\"https:\/\/anasounds.com\/wp-content\/uploads\/2017\/10\/Logomadeinfrnoirblc.png\",\"width\":300,\"height\":300,\"caption\":\"Anasounds\"},\"image\":{\"@id\":\"https:\/\/anasounds.com\/#\/schema\/logo\/image\/\"},\"sameAs\":[\"https:\/\/www.facebook.com\/AnasoundsFX\/\",\"https:\/\/www.instagram.com\/anasounds\/\",\"https:\/\/www.youtube.com\/user\/AnaSoundsFR\"]}]}<\/script>\n<!-- \/ Yoast SEO plugin. -->","yoast_head_json":{"title":"patch de 50cm | pour les pedalboards \u00e0 2 niveaux | Anasounds","description":"On vous a concoct\u00e9 une gamme de c\u00e2bles patchs et jacks ainsi qu'un buffer afin de vous prot\u00e9ger des pertes !","robots":{"index":"index","follow":"follow","max-snippet":"max-snippet:-1","max-image-preview":"max-image-preview:large","max-video-preview":"max-video-preview:-1"},"canonical":"https:\/\/anasounds.com\/fr\/produit\/patch-de-50cm\/","og_locale":"fr_FR","og_type":"article","og_title":"patch de 50cm | pour les pedalboards \u00e0 2 niveaux | Anasounds","og_description":"On vous a concoct\u00e9 une gamme de c\u00e2bles patchs et jacks ainsi qu'un buffer afin de vous prot\u00e9ger des pertes !","og_url":"https:\/\/anasounds.com\/fr\/produit\/patch-de-50cm\/","og_site_name":"Anasounds","article_publisher":"https:\/\/www.facebook.com\/AnasoundsFX\/","article_modified_time":"2026-04-01T18:00:20+00:00","og_image":[{"width":2048,"height":2048,"url":"https:\/\/anasounds.com\/wp-content\/uploads\/2017\/08\/patch-jack-50cm-1.jpg","type":"image\/jpeg"}],"twitter_card":"summary_large_image","twitter_misc":{"Dur\u00e9e de lecture estim\u00e9e":"1 minute"},"schema":{"@context":"https:\/\/schema.org","@graph":[{"@type":"WebPage","@id":"https:\/\/anasounds.com\/fr\/produit\/patch-de-50cm\/","url":"https:\/\/anasounds.com\/fr\/produit\/patch-de-50cm\/","name":"patch de 50cm | pour les pedalboards \u00e0 2 niveaux | Anasounds","isPartOf":{"@id":"https:\/\/anasounds.com\/#website"},"primaryImageOfPage":{"@id":"https:\/\/anasounds.com\/fr\/produit\/patch-de-50cm\/#primaryimage"},"image":{"@id":"https:\/\/anasounds.com\/fr\/produit\/patch-de-50cm\/#primaryimage"},"thumbnailUrl":"https:\/\/anasounds.com\/wp-content\/uploads\/2017\/08\/patch-jack-50cm-1.jpg","datePublished":"2017-08-14T13:05:27+00:00","dateModified":"2026-04-01T18:00:20+00:00","description":"On vous a concoct\u00e9 une gamme de c\u00e2bles patchs et jacks ainsi qu'un buffer afin de vous prot\u00e9ger des pertes !","breadcrumb":{"@id":"https:\/\/anasounds.com\/fr\/produit\/patch-de-50cm\/#breadcrumb"},"inLanguage":"fr-FR","potentialAction":[{"@type":"ReadAction","target":["https:\/\/anasounds.com\/fr\/produit\/patch-de-50cm\/"]}]},{"@type":"ImageObject","inLanguage":"fr-FR","@id":"https:\/\/anasounds.com\/fr\/produit\/patch-de-50cm\/#primaryimage","url":"https:\/\/anasounds.com\/wp-content\/uploads\/2017\/08\/patch-jack-50cm-1.jpg","contentUrl":"https:\/\/anasounds.com\/wp-content\/uploads\/2017\/08\/patch-jack-50cm-1.jpg","width":2048,"height":2048},{"@type":"BreadcrumbList","@id":"https:\/\/anasounds.com\/fr\/produit\/patch-de-50cm\/#breadcrumb","itemListElement":[{"@type":"ListItem","position":1,"name":"Home","item":"https:\/\/anasounds.com\/fr\/"},{"@type":"ListItem","position":2,"name":"boutique","item":"https:\/\/anasounds.com\/fr\/shop\/"},{"@type":"ListItem","position":3,"name":"patch de 50cm | pour les pedalboards \u00e0 2 niveaux"}]},{"@type":"WebSite","@id":"https:\/\/anasounds.com\/#website","url":"https:\/\/anasounds.com\/","name":"Anasounds","description":"P\u00e9dales \u00e0 la Fran\u00e7aise","publisher":{"@id":"https:\/\/anasounds.com\/#organization"},"potentialAction":[{"@type":"SearchAction","target":{"@type":"EntryPoint","urlTemplate":"https:\/\/anasounds.com\/?s={search_term_string}"},"query-input":{"@type":"PropertyValueSpecification","valueRequired":true,"valueName":"search_term_string"}}],"inLanguage":"fr-FR"},{"@type":"Organization","@id":"https:\/\/anasounds.com\/#organization","name":"Anasounds","url":"https:\/\/anasounds.com\/","logo":{"@type":"ImageObject","inLanguage":"fr-FR","@id":"https:\/\/anasounds.com\/#\/schema\/logo\/image\/","url":"https:\/\/anasounds.com\/wp-content\/uploads\/2017\/10\/Logomadeinfrnoirblc.png","contentUrl":"https:\/\/anasounds.com\/wp-content\/uploads\/2017\/10\/Logomadeinfrnoirblc.png","width":300,"height":300,"caption":"Anasounds"},"image":{"@id":"https:\/\/anasounds.com\/#\/schema\/logo\/image\/"},"sameAs":["https:\/\/www.facebook.com\/AnasoundsFX\/","https:\/\/www.instagram.com\/anasounds\/","https:\/\/www.youtube.com\/user\/AnaSoundsFR"]}]}},"_links":{"self":[{"href":"https:\/\/anasounds.com\/fr\/wp-json\/wp\/v2\/product\/2596","targetHints":{"allow":["GET"]}}],"collection":[{"href":"https:\/\/anasounds.com\/fr\/wp-json\/wp\/v2\/product"}],"about":[{"href":"https:\/\/anasounds.com\/fr\/wp-json\/wp\/v2\/types\/product"}],"replies":[{"embeddable":true,"href":"https:\/\/anasounds.com\/fr\/wp-json\/wp\/v2\/comments?post=2596"}],"wp:featuredmedia":[{"embeddable":true,"href":"https:\/\/anasounds.com\/fr\/wp-json\/wp\/v2\/media\/61735"}],"wp:attachment":[{"href":"https:\/\/anasounds.com\/fr\/wp-json\/wp\/v2\/media?parent=2596"}],"wp:term":[{"taxonomy":"product_brand","embeddable":true,"href":"https:\/\/anasounds.com\/fr\/wp-json\/wp\/v2\/product_brand?post=2596"},{"taxonomy":"product_cat","embeddable":true,"href":"https:\/\/anasounds.com\/fr\/wp-json\/wp\/v2\/product_cat?post=2596"},{"taxonomy":"product_tag","embeddable":true,"href":"https:\/\/anasounds.com\/fr\/wp-json\/wp\/v2\/product_tag?post=2596"}],"curies":[{"name":"wp","href":"https:\/\/api.w.org\/{rel}","templated":true}]}}