{"id":32025,"date":"2020-01-11T09:43:04","date_gmt":"2020-01-11T08:43:04","guid":{"rendered":"https:\/\/anasounds.com\/?post_type=product&#038;p=32025"},"modified":"2026-03-26T16:27:13","modified_gmt":"2026-03-26T15:27:13","slug":"tremolo-pedale-assemblee","status":"publish","type":"product","link":"https:\/\/anasounds.com\/fr\/produit\/tremolo-pedale-assemblee\/","title":{"rendered":"Tremolo optique | version assembl\u00e9e"},"content":{"rendered":"<h3 style=\"text-align: center;\">des hauts et des bas<\/h3>\n<p style=\"text-align: center;\">Pour dire les choses le plus clairement possible, le tr\u00e9molo est une variation cyclique de volume.<br \/>\nOn part du volume d\u2019origine et on descend (jusqu\u2019\u00e0 un effet extr\u00eame o\u00f9 le son est carr\u00e9ment coup\u00e9 rythmiquement) selon un tempo r\u00e9glable.<br \/>\nLe tr\u00e9molo a \u00e9t\u00e9 le premier effet con\u00e7u sp\u00e9cifiquement pour la guitare \u00e9lectrique, avant m\u00eame la reverb, lorsque la p\u00e9dale DeArmond est sortie en 1948.<br \/>\nLe tr\u00e9molo a ensuite \u00e9t\u00e9 int\u00e9gr\u00e9 \u00e0 de nombreux amplis vintage (avec des circuits tr\u00e8s diff\u00e9rents selon la marque), avant d&rsquo;\u00eatre d\u00e9tr\u00f4n\u00e9 par le phaser et le chorus dans les ann\u00e9es 70 et 80.<br \/>\nFinalement, il est revenu en force \u00e0 la fin des ann\u00e9es 90, devenant alors un outil pr\u00e9cieux pour les guitaristes cherchant \u00e0 sonner roots et authentique.<br \/>\nDepuis, chaque fabricant a pr\u00e9sent\u00e9 sa version avec de nombreuses variations de ce que l&rsquo;on peut en faire.<\/p>\n<h3 style=\"text-align: center;\">tremolo optique<\/h3>\n<p style=\"text-align: center;\">Jusque l\u00e0, Anasounds n\u2019avait pas encore sorti de tr\u00e9molo, pour la bonne raison que nous attendions d\u2019avoir le design qui justifiait de proposer<br \/>\nun tr\u00e9molo de plus dans un march\u00e9 d\u00e9j\u00e0 tr\u00e8s charg\u00e9.<br \/>\nVoici donc le Tr\u00e9molo, un tr\u00e9molo tr\u00e8s performant \u00e0 un prix tr\u00e8s correct, surtout pour une p\u00e9dale fabriqu\u00e9e en France avec des composants de haute qualit\u00e9.<br \/>\nComme toujours, notre premi\u00e8re pr\u00e9occupation lors de la conception du Tr\u00e9molo \u00e9tait de ne pas ruiner le pr\u00e9cieux son que vous avez pass\u00e9 de nombreuses ann\u00e9es \u00e0 essayer de trouver.<br \/>\nVous ne trouverez pas de convertisseur analogique-num\u00e9rique \u00e0 l&rsquo;int\u00e9rieur, votre son ne passe que par un chemin purement analogique.<br \/>\nGarder votre son intact tout en offrant des r\u00e9glages pr\u00e9cis et des possibilit\u00e9s infinies \u00e9tait une t\u00e2che pour le moins ardue.<br \/>\nLes formes d&rsquo;onde sont cr\u00e9\u00e9es par un processeur avant d&rsquo;\u00eatre transmises au circuit optique qui cr\u00e9e l&rsquo;effet de tr\u00e9molo.<br \/>\nLes cartes analogiques et num\u00e9riques ont \u00e9t\u00e9 soigneusement s\u00e9par\u00e9es \u00e0 l&rsquo;int\u00e9rieur du circuit pour faciliter l&rsquo;entretien et permettre les mises \u00e0 jour.<br \/>\nLorsqu&rsquo;une nouvelle puce sortira, vous aurez acc\u00e8s \u00e0 des formes d&rsquo;onde suppl\u00e9mentaires.<br \/>\nVous n&rsquo;aurez jamais fini d&rsquo;explorer les possibilit\u00e9s de votre Tr\u00e9molo.<br \/>\nGr\u00e2ce \u00e0 cette interface hybride, le Tr\u00e9molo dispose d&rsquo;un footswitch Tap Tempo<br \/>\n(qui se double \u00e9galement d&rsquo;un d\u00e9clencheur d&rsquo;auto-oscillation si vous gardez votre pied sur le switch), le moyen id\u00e9al pour faire fuir votre public \u00e0 la fin d&rsquo;un concert.<br \/>\nCela fonctionne exactement comme il se doit : vous choisissez votre subdivision rythmique,<br \/>\nvous tapez du pied sur le switch et la vitesse du tr\u00e9molo est imm\u00e9diatement ajust\u00e9e pour s&rsquo;adapter au rythme de votre chanson,<br \/>\nsans avoir \u00e0 tourner un bouton au milieu d&rsquo;un arp\u00e8ge sympa.<br \/>\nMais ce n&rsquo;est pas tout : vous pouvez \u00e9galement choisir votre forme d&rsquo;onde (sinus, scie, carr\u00e9&#8230;) parmi six pr\u00e9s\u00e9lections via le commutateur situ\u00e9 au centre.<br \/>\nDe plus, le menu Trimpot vous donne acc\u00e8s \u00e0 des r\u00e9glages secondaires qui vous permettront de fa\u00e7onner votre forme d&rsquo;onde<br \/>\naussi pr\u00e9cis\u00e9ment que possible parmi des possibilit\u00e9s quasi infinies.<\/p>\n<p style=\"text-align: center;\">De plus, le Tr\u00e9molo cache \u00e9galement une option killswitch qui s&rsquo;active lorsque vous appuyez sur l&rsquo;interrupteur tap en bypassant la p\u00e9dale.<br \/>\nElle vous permet de couper compl\u00e8tement le son \u00e0 l&rsquo;aide du footswitch tap tempo lorsque le tremolo est d\u00e9sactiv\u00e9, une \u00ab\u00a0arme secr\u00e8te\u00a0\u00bb parfaite pour \u00e9pater votre public.<br \/>\nAjoutez \u00e0 cela des trimpots internes pour r\u00e9gler le biais et le niveau de sortie (gr\u00e2ce au chemin du signal purement analogique, il n&rsquo;y a pas de mauvais r\u00e9glages),<br \/>\net vous obtenez un tr\u00e9molo tr\u00e8s flexible et \u00e9volutif qui conserve le son chaud et puissant de la technologie optique.<br \/>\nEnfin, si vous vous sentez aventureux, il suffit de brancher notre p\u00e9dale d&rsquo;expression Spinner \u00e0 votre Tr\u00e9molo<br \/>\npour obtenir une large gamme de variations suppl\u00e9mentaires contr\u00f4l\u00e9es par la force de votre coup de pied !<\/p>\n","protected":false},"excerpt":{"rendered":"<h3 style=\"text-align: center;\">le son en mouvement<\/h3>\n<p style=\"text-align: center;\">Des plaines d\u00e9sertiques du spaghetti western<br \/>\naux notes hach\u00e9es de la musique \u00e9lectro la plus \u00e9pileptique,<br \/>\nle tr\u00e9molo est partout.<br \/>\nCet effet tr\u00e8s simple trouve naturellement sa place dans n\u2019importe quel contexte,<br \/>\nquel que soit votre style et le reste de votre matos.<\/p>\n<h3 style=\"text-align: center;\">la version d\u00e9j\u00e0 assembl\u00e9e<\/h3>\n","protected":false},"featured_media":60878,"comment_status":"open","ping_status":"closed","template":"","meta":[],"product_brand":[],"product_cat":[1555,276,267,713],"product_tag":[671],"class_list":{"0":"post-32025","1":"product","2":"type-product","3":"status-publish","4":"has-post-thumbnail","6":"product_cat-type-d-effet","7":"product_cat-modulation-fr","8":"product_cat-fx-teacher","9":"product_cat-fx-teacher-assemblee","10":"product_tag-tremolo","12":"first","13":"instock","14":"taxable","15":"shipping-taxable","16":"purchasable","17":"product-type-simple"},"supplier_id":83515,"supplier_sku":"","barcode":null,"atum_controlled":true,"out_stock_date":null,"out_stock_threshold":null,"inheritable":false,"inbound_stock":0,"stock_on_hold":0,"sold_today":0,"sales_last_days":0,"reserved_stock":0,"customer_returns":0,"warehouse_damage":0,"lost_in_post":0,"other_logs":0,"out_stock_days":0,"lost_sales":0,"has_location":false,"update_date":"2026-04-05T01:02:53","atum_locations":[],"atum_stock_status":"instock","restock_status":false,"low_stock_amount":"","sales_update_date":"2026-04-05T01:02:52","calc_backorders":0,"yoast_head":"<!-- This site is optimized with the Yoast SEO plugin v26.5 - https:\/\/yoast.com\/wordpress\/plugins\/seo\/ -->\n<title>Tremolo optique | version assembl\u00e9e | Anasounds<\/title>\n<meta name=\"description\" content=\"Des plaines d\u00e9sertiques du spaghetti westernaux notes hach\u00e9es de la musique \u00e9lectro la plus \u00e9pileptique, le tr\u00e9molo optique est partout.\" \/>\n<meta name=\"robots\" content=\"index, follow, max-snippet:-1, max-image-preview:large, max-video-preview:-1\" \/>\n<link rel=\"canonical\" href=\"https:\/\/anasounds.com\/fr\/produit\/tremolo-pedale-assemblee\/\" \/>\n<meta property=\"og:locale\" content=\"fr_FR\" \/>\n<meta property=\"og:type\" content=\"article\" \/>\n<meta property=\"og:title\" content=\"Tremolo optique | version assembl\u00e9e | Anasounds\" \/>\n<meta property=\"og:description\" content=\"Des plaines d\u00e9sertiques du spaghetti westernaux notes hach\u00e9es de la musique \u00e9lectro la plus \u00e9pileptique, le tr\u00e9molo optique est partout.\" \/>\n<meta property=\"og:url\" content=\"https:\/\/anasounds.com\/fr\/produit\/tremolo-pedale-assemblee\/\" \/>\n<meta property=\"og:site_name\" content=\"Anasounds\" \/>\n<meta property=\"article:publisher\" content=\"https:\/\/www.facebook.com\/AnasoundsFX\/\" \/>\n<meta property=\"article:modified_time\" content=\"2026-03-26T15:27:13+00:00\" \/>\n<meta property=\"og:image\" content=\"https:\/\/anasounds.com\/wp-content\/uploads\/2021\/03\/Tremolo-front-2.png\" \/>\n\t<meta property=\"og:image:width\" content=\"1601\" \/>\n\t<meta property=\"og:image:height\" content=\"1601\" \/>\n\t<meta property=\"og:image:type\" content=\"image\/png\" \/>\n<meta name=\"twitter:card\" content=\"summary_large_image\" \/>\n<meta name=\"twitter:label1\" content=\"Dur\u00e9e de lecture estim\u00e9e\" \/>\n\t<meta name=\"twitter:data1\" content=\"4 minutes\" \/>\n<script type=\"application\/ld+json\" class=\"yoast-schema-graph\">{\"@context\":\"https:\/\/schema.org\",\"@graph\":[{\"@type\":\"WebPage\",\"@id\":\"https:\/\/anasounds.com\/fr\/produit\/tremolo-pedale-assemblee\/\",\"url\":\"https:\/\/anasounds.com\/fr\/produit\/tremolo-pedale-assemblee\/\",\"name\":\"Tremolo optique | version assembl\u00e9e | Anasounds\",\"isPartOf\":{\"@id\":\"https:\/\/anasounds.com\/#website\"},\"primaryImageOfPage\":{\"@id\":\"https:\/\/anasounds.com\/fr\/produit\/tremolo-pedale-assemblee\/#primaryimage\"},\"image\":{\"@id\":\"https:\/\/anasounds.com\/fr\/produit\/tremolo-pedale-assemblee\/#primaryimage\"},\"thumbnailUrl\":\"https:\/\/anasounds.com\/wp-content\/uploads\/2021\/03\/Tremolo-front-2.png\",\"datePublished\":\"2020-01-11T08:43:04+00:00\",\"dateModified\":\"2026-03-26T15:27:13+00:00\",\"description\":\"Des plaines d\u00e9sertiques du spaghetti westernaux notes hach\u00e9es de la musique \u00e9lectro la plus \u00e9pileptique, le tr\u00e9molo optique est partout.\",\"breadcrumb\":{\"@id\":\"https:\/\/anasounds.com\/fr\/produit\/tremolo-pedale-assemblee\/#breadcrumb\"},\"inLanguage\":\"fr-FR\",\"potentialAction\":[{\"@type\":\"ReadAction\",\"target\":[\"https:\/\/anasounds.com\/fr\/produit\/tremolo-pedale-assemblee\/\"]}]},{\"@type\":\"ImageObject\",\"inLanguage\":\"fr-FR\",\"@id\":\"https:\/\/anasounds.com\/fr\/produit\/tremolo-pedale-assemblee\/#primaryimage\",\"url\":\"https:\/\/anasounds.com\/wp-content\/uploads\/2021\/03\/Tremolo-front-2.png\",\"contentUrl\":\"https:\/\/anasounds.com\/wp-content\/uploads\/2021\/03\/Tremolo-front-2.png\",\"width\":1601,\"height\":1601},{\"@type\":\"BreadcrumbList\",\"@id\":\"https:\/\/anasounds.com\/fr\/produit\/tremolo-pedale-assemblee\/#breadcrumb\",\"itemListElement\":[{\"@type\":\"ListItem\",\"position\":1,\"name\":\"Home\",\"item\":\"https:\/\/anasounds.com\/fr\/\"},{\"@type\":\"ListItem\",\"position\":2,\"name\":\"boutique\",\"item\":\"https:\/\/anasounds.com\/fr\/shop\/\"},{\"@type\":\"ListItem\",\"position\":3,\"name\":\"Tremolo optique | version assembl\u00e9e\"}]},{\"@type\":\"WebSite\",\"@id\":\"https:\/\/anasounds.com\/#website\",\"url\":\"https:\/\/anasounds.com\/\",\"name\":\"Anasounds\",\"description\":\"P\u00e9dales \u00e0 la Fran\u00e7aise\",\"publisher\":{\"@id\":\"https:\/\/anasounds.com\/#organization\"},\"potentialAction\":[{\"@type\":\"SearchAction\",\"target\":{\"@type\":\"EntryPoint\",\"urlTemplate\":\"https:\/\/anasounds.com\/?s={search_term_string}\"},\"query-input\":{\"@type\":\"PropertyValueSpecification\",\"valueRequired\":true,\"valueName\":\"search_term_string\"}}],\"inLanguage\":\"fr-FR\"},{\"@type\":\"Organization\",\"@id\":\"https:\/\/anasounds.com\/#organization\",\"name\":\"Anasounds\",\"url\":\"https:\/\/anasounds.com\/\",\"logo\":{\"@type\":\"ImageObject\",\"inLanguage\":\"fr-FR\",\"@id\":\"https:\/\/anasounds.com\/#\/schema\/logo\/image\/\",\"url\":\"https:\/\/anasounds.com\/wp-content\/uploads\/2017\/10\/Logomadeinfrnoirblc.png\",\"contentUrl\":\"https:\/\/anasounds.com\/wp-content\/uploads\/2017\/10\/Logomadeinfrnoirblc.png\",\"width\":300,\"height\":300,\"caption\":\"Anasounds\"},\"image\":{\"@id\":\"https:\/\/anasounds.com\/#\/schema\/logo\/image\/\"},\"sameAs\":[\"https:\/\/www.facebook.com\/AnasoundsFX\/\",\"https:\/\/www.instagram.com\/anasounds\/\",\"https:\/\/www.youtube.com\/user\/AnaSoundsFR\"]}]}<\/script>\n<!-- \/ Yoast SEO plugin. -->","yoast_head_json":{"title":"Tremolo optique | version assembl\u00e9e | Anasounds","description":"Des plaines d\u00e9sertiques du spaghetti westernaux notes hach\u00e9es de la musique \u00e9lectro la plus \u00e9pileptique, le tr\u00e9molo optique est partout.","robots":{"index":"index","follow":"follow","max-snippet":"max-snippet:-1","max-image-preview":"max-image-preview:large","max-video-preview":"max-video-preview:-1"},"canonical":"https:\/\/anasounds.com\/fr\/produit\/tremolo-pedale-assemblee\/","og_locale":"fr_FR","og_type":"article","og_title":"Tremolo optique | version assembl\u00e9e | Anasounds","og_description":"Des plaines d\u00e9sertiques du spaghetti westernaux notes hach\u00e9es de la musique \u00e9lectro la plus \u00e9pileptique, le tr\u00e9molo optique est partout.","og_url":"https:\/\/anasounds.com\/fr\/produit\/tremolo-pedale-assemblee\/","og_site_name":"Anasounds","article_publisher":"https:\/\/www.facebook.com\/AnasoundsFX\/","article_modified_time":"2026-03-26T15:27:13+00:00","og_image":[{"width":1601,"height":1601,"url":"https:\/\/anasounds.com\/wp-content\/uploads\/2021\/03\/Tremolo-front-2.png","type":"image\/png"}],"twitter_card":"summary_large_image","twitter_misc":{"Dur\u00e9e de lecture estim\u00e9e":"4 minutes"},"schema":{"@context":"https:\/\/schema.org","@graph":[{"@type":"WebPage","@id":"https:\/\/anasounds.com\/fr\/produit\/tremolo-pedale-assemblee\/","url":"https:\/\/anasounds.com\/fr\/produit\/tremolo-pedale-assemblee\/","name":"Tremolo optique | version assembl\u00e9e | Anasounds","isPartOf":{"@id":"https:\/\/anasounds.com\/#website"},"primaryImageOfPage":{"@id":"https:\/\/anasounds.com\/fr\/produit\/tremolo-pedale-assemblee\/#primaryimage"},"image":{"@id":"https:\/\/anasounds.com\/fr\/produit\/tremolo-pedale-assemblee\/#primaryimage"},"thumbnailUrl":"https:\/\/anasounds.com\/wp-content\/uploads\/2021\/03\/Tremolo-front-2.png","datePublished":"2020-01-11T08:43:04+00:00","dateModified":"2026-03-26T15:27:13+00:00","description":"Des plaines d\u00e9sertiques du spaghetti westernaux notes hach\u00e9es de la musique \u00e9lectro la plus \u00e9pileptique, le tr\u00e9molo optique est partout.","breadcrumb":{"@id":"https:\/\/anasounds.com\/fr\/produit\/tremolo-pedale-assemblee\/#breadcrumb"},"inLanguage":"fr-FR","potentialAction":[{"@type":"ReadAction","target":["https:\/\/anasounds.com\/fr\/produit\/tremolo-pedale-assemblee\/"]}]},{"@type":"ImageObject","inLanguage":"fr-FR","@id":"https:\/\/anasounds.com\/fr\/produit\/tremolo-pedale-assemblee\/#primaryimage","url":"https:\/\/anasounds.com\/wp-content\/uploads\/2021\/03\/Tremolo-front-2.png","contentUrl":"https:\/\/anasounds.com\/wp-content\/uploads\/2021\/03\/Tremolo-front-2.png","width":1601,"height":1601},{"@type":"BreadcrumbList","@id":"https:\/\/anasounds.com\/fr\/produit\/tremolo-pedale-assemblee\/#breadcrumb","itemListElement":[{"@type":"ListItem","position":1,"name":"Home","item":"https:\/\/anasounds.com\/fr\/"},{"@type":"ListItem","position":2,"name":"boutique","item":"https:\/\/anasounds.com\/fr\/shop\/"},{"@type":"ListItem","position":3,"name":"Tremolo optique | version assembl\u00e9e"}]},{"@type":"WebSite","@id":"https:\/\/anasounds.com\/#website","url":"https:\/\/anasounds.com\/","name":"Anasounds","description":"P\u00e9dales \u00e0 la Fran\u00e7aise","publisher":{"@id":"https:\/\/anasounds.com\/#organization"},"potentialAction":[{"@type":"SearchAction","target":{"@type":"EntryPoint","urlTemplate":"https:\/\/anasounds.com\/?s={search_term_string}"},"query-input":{"@type":"PropertyValueSpecification","valueRequired":true,"valueName":"search_term_string"}}],"inLanguage":"fr-FR"},{"@type":"Organization","@id":"https:\/\/anasounds.com\/#organization","name":"Anasounds","url":"https:\/\/anasounds.com\/","logo":{"@type":"ImageObject","inLanguage":"fr-FR","@id":"https:\/\/anasounds.com\/#\/schema\/logo\/image\/","url":"https:\/\/anasounds.com\/wp-content\/uploads\/2017\/10\/Logomadeinfrnoirblc.png","contentUrl":"https:\/\/anasounds.com\/wp-content\/uploads\/2017\/10\/Logomadeinfrnoirblc.png","width":300,"height":300,"caption":"Anasounds"},"image":{"@id":"https:\/\/anasounds.com\/#\/schema\/logo\/image\/"},"sameAs":["https:\/\/www.facebook.com\/AnasoundsFX\/","https:\/\/www.instagram.com\/anasounds\/","https:\/\/www.youtube.com\/user\/AnaSoundsFR"]}]}},"_links":{"self":[{"href":"https:\/\/anasounds.com\/fr\/wp-json\/wp\/v2\/product\/32025","targetHints":{"allow":["GET"]}}],"collection":[{"href":"https:\/\/anasounds.com\/fr\/wp-json\/wp\/v2\/product"}],"about":[{"href":"https:\/\/anasounds.com\/fr\/wp-json\/wp\/v2\/types\/product"}],"replies":[{"embeddable":true,"href":"https:\/\/anasounds.com\/fr\/wp-json\/wp\/v2\/comments?post=32025"}],"wp:featuredmedia":[{"embeddable":true,"href":"https:\/\/anasounds.com\/fr\/wp-json\/wp\/v2\/media\/60878"}],"wp:attachment":[{"href":"https:\/\/anasounds.com\/fr\/wp-json\/wp\/v2\/media?parent=32025"}],"wp:term":[{"taxonomy":"product_brand","embeddable":true,"href":"https:\/\/anasounds.com\/fr\/wp-json\/wp\/v2\/product_brand?post=32025"},{"taxonomy":"product_cat","embeddable":true,"href":"https:\/\/anasounds.com\/fr\/wp-json\/wp\/v2\/product_cat?post=32025"},{"taxonomy":"product_tag","embeddable":true,"href":"https:\/\/anasounds.com\/fr\/wp-json\/wp\/v2\/product_tag?post=32025"}],"curies":[{"name":"wp","href":"https:\/\/api.w.org\/{rel}","templated":true}]}}