{"id":32158,"date":"2020-01-13T19:51:51","date_gmt":"2020-01-13T18:51:51","guid":{"rendered":"https:\/\/anasounds.com\/?post_type=product&#038;p=32158"},"modified":"2025-02-04T12:49:59","modified_gmt":"2025-02-04T11:49:59","slug":"spinner-pedale-dexpression-kit","status":"publish","type":"product","link":"https:\/\/anasounds.com\/fr\/produit\/spinner-pedale-dexpression-kit\/","title":{"rendered":"Spinner | P\u00e9dale d&rsquo;expression | Version en kit"},"content":{"rendered":"<div class=\"page\" title=\"Page 1\">\n<div class=\"section\">\n<div class=\"layoutArea\">\n<div class=\"column\">\n<h3 style=\"text-align: center;\">silence on tourne<\/h3>\n<p style=\"text-align: center;\">L\u2019existence m\u00eame de la p\u00e9dale d\u2019expression classique vient d\u2019un constat tr\u00e8s simple :<br \/>\nlorsqu\u2019on a les deux mains occup\u00e9es avec une guitare, il est tr\u00e8s compliqu\u00e9 de modifier ses r\u00e9glages.<br \/>\nCombien d\u2019entre nous se sont retrouv\u00e9s \u00e0 attendre le prochain silence avec impatience pour agir sur un bouton ?<br \/>\nDans ces cas de figure, une p\u00e9dale de contr\u00f4le au pied est pr\u00e9cieuse, et les fabricants de p\u00e9dale l\u2019ont bien compris<br \/>\ndepuis la Uni-Vibe de 1969 avec sa p\u00e9dale jusqu\u2019au Helix de Line 6 et ses trois p\u00e9dales de contr\u00f4le.<\/p>\n<p style=\"text-align: center;\">Mais jusqu\u2019ici, personne n\u2019avait con\u00e7u de p\u00e9dale qui permettent vraiment d\u2019\u00e9tendre les possibilit\u00e9s de l\u2019effet principal et de s\u2019exprimer artistiquement.<\/p>\n<p style=\"text-align: center;\">Voici donc le Spinner.<\/p>\n<h3 style=\"text-align: center;\">une p\u00e9dale d&rsquo;expression d&rsquo;un nouveau genre<\/h3>\n<p style=\"text-align: center;\">L\u2019id\u00e9e nous est venue en travaillant sur la p\u00e9dale Ages, alors que nous cherchions des moyens de rendre le simple effet tr\u00e9molo plus vivant et plus excitant.<br \/>\nIl nous a fallu des mois de recherche pour arriver au syst\u00e8me magn\u00e9tique employ\u00e9,<br \/>\net une \u00e9troite collaboration avec un artisan ni\u00e7ois pour fabriquer la pi\u00e8ce m\u00e9tallique sur mesure.<br \/>\nLe principe du Spinner est le suivant : l\u2019\u00e9toile m\u00e9tallique fa\u00e7on boomerang \u00e0 trois pales est mont\u00e9e sur une vis inspir\u00e9e par les roues de skateboard.<br \/>\nElle comporte un aimant sous chaque pale dont la d\u00e9tection par le Sensor permet de transmettre la vitesse de rotation au circuit.<br \/>\nAinsi, lorsque vous donnez un coup de pied dans l\u2019\u00e9toile, l\u2019effet est affect\u00e9 selon un mode que vous aurez pr\u00e9alablement choisi via le switch \u00e0 l\u2019arri\u00e8re<br \/>\n(plac\u00e9 ici pour qu\u2019il ne se trouve pas sur le chemin de votre pied !).<\/p>\n<h3 style=\"text-align: center;\">toujours sous contr\u00f4le<\/h3>\n<p style=\"text-align: center;\">Vous pouvez choisir d&rsquo;acc\u00e9l\u00e9rer la vitesse de l\u2019effet jusqu\u2019\u00e0 ce que le Spinner ne s\u2019arr\u00eate de tourner,<br \/>\net \u00e0 ce moment-l\u00e0 la vitesse redevient celle que vous avez configur\u00e9 avec votre tap tempo classique.<br \/>\nVous pouvez \u00e0 l\u2019inverse choisir de ralentir l\u2019effet selon le m\u00eame fonctionnement.<br \/>\nEnfin, un mode killswitch permet de couper le son \u00e0 la vitesse de rotation du Spinner.<br \/>\nDans les deux premiers modes, vous pouvez m\u00eame donner un coup dans l\u2019\u00e9toile alors que votre p\u00e9dale principale est \u00e9teinte,<br \/>\net le Spinner enclenchera l\u2019effet de fa\u00e7on ponctuelle jusqu\u2019\u00e0 ce qu\u2019il ne tourne plus.<br \/>\nVous tenez un accord en fin de pont et vous cherchez \u00e0 lui donner une intensit\u00e9 dramatique ?<br \/>\nUn bon coup de tr\u00e9molo harmonique qui part \u00e0 toute vitesse et s\u2019arr\u00eate net devrait faire l\u2019affaire !<br \/>\nBien entendu, \u00e0 partir du moment o\u00f9 la rotation du Spinner est la source d\u2019expression,<br \/>\nvous pouvez tout \u00e0 fait le stopper au pied pour arr\u00eater l\u2019effet ou revenir \u00e0 votre vitesse d\u2019origine.<br \/>\nVous pouvez aussi mettre un aimant sur l\u2019emplacement Magnet et faire en sorte que le Spinner ralentisse plus vite :<br \/>\nson action devient alors plus courte dans le temps, et vous n\u2019avez plus \u00e0 l\u2019arr\u00eater avec le pied pour des passages sp\u00e9cifiques.<\/p>\n<p style=\"text-align: center;\">Il n\u2019y a pas de boutons en surface pour \u00e9viter les accidents, mais il vous suffit d\u2019ouvrir la p\u00e9dale pour contr\u00f4ler les trois param\u00e8tres utiles via des trimpots :<br \/>\nle seuil de vitesse \u00e0 partir duquel on active l\u2019effet si il \u00e9tait \u00e9teint,<br \/>\nle seuil \u00e0 partir duquel on d\u00e9sactive ce m\u00eame effet et le taux d\u2019acc\u00e9l\u00e9ration ou de d\u00e9c\u00e9l\u00e9ration de l\u2019effet.<\/p>\n<h3 style=\"text-align: center;\">ce n&rsquo;est que le d\u00e9but<\/h3>\n<p style=\"text-align: center;\">Pour l\u2019instant le Spinner est compatible avec notre p\u00e9dale de tr\u00e9molo et la p\u00e9dale de tr\u00e9molo harmonique Ages,<br \/>\net il en d\u00e9cuple les possibilit\u00e9s au point qu\u2019il en devient l\u2019indissociable compagnon.<br \/>\nMais vous connaissez Anasounds, il est fort probable que d\u2019autres effets compatibles sortent \u00e0 l\u2019avenir,<br \/>\nquand vous d\u00e9couvrirez les plaisirs du Spinner il y a fort \u00e0 parier que l\u2019envie vous prendra de l\u2019utiliser sur toutes vos p\u00e9dales !<\/p>\n<h3 style=\"text-align: center;\">qu&rsquo;est-ce qui est inclus ?<\/h3>\n<p style=\"text-align: center;\">Ce kit contient tout ce dont vous avez besoin pour fabriquer et faire fonctionner un Spinner.<br \/>\nIl n&rsquo;y a qu&rsquo;\u00e0 suivre les instructions d&rsquo;assemblage qui seront disponibles dans l&rsquo;article de blog en cours de d\u00e9veloppement.<br \/>\nNous livrons \u00e9galement 1 jack 3.5mm qui vous permettra de connecter le Spinner \u00e0 une de nos p\u00e9dales.<\/p>\n<\/div>\n<\/div>\n<\/div>\n<\/div>\n","protected":false},"excerpt":{"rendered":"<div class=\"page\" title=\"Page 1\">\n<div class=\"section\">\n<div class=\"layoutArea\">\n<div class=\"column\">\n<h3 style=\"text-align: center;\">exprimez-vous enfin !<\/h3>\n<p style=\"text-align: center;\">Jusqu\u2019ici, pour \u00e9tendre le champ d\u2019action de vos effets,<br \/>\nvous aviez la possibilit\u00e9 de leur adjoindre un footswitch de tap tempo<br \/>\nou une p\u00e9dale d\u2019expression.<br \/>\nMais en r\u00e9alit\u00e9, ce qu\u2019on appelait p\u00e9dale d\u2019expression jusque l\u00e0<br \/>\nn\u2019\u00e9tait qu\u2019une p\u00e9dale de contr\u00f4le\u00a0qui revient exactement au m\u00eame<br \/>\nque de tourner un potard avec le pied.<br \/>\nPratique, certes, mais pas tr\u00e8s cr\u00e9atif.<\/p>\n<p style=\"text-align: center;\">Avec le Spinner, voici la premi\u00e8re p\u00e9dale d\u2019expression digne de ce nom.<\/p>\n<h3 style=\"text-align: center;\">le spinner en kit \u00e0 assembler soit m\u00eame<\/h3>\n<\/div>\n<\/div>\n<\/div>\n<\/div>\n","protected":false},"featured_media":32251,"comment_status":"open","ping_status":"closed","template":"","meta":[],"product_brand":[],"product_cat":[267,521],"product_tag":[675,674,671],"class_list":{"0":"post-32158","1":"product","2":"type-product","3":"status-publish","4":"has-post-thumbnail","6":"product_cat-fx-teacher","7":"product_cat-kits","8":"product_tag-spin","9":"product_tag-spinner","10":"product_tag-tremolo","12":"first","13":"instock","14":"taxable","15":"shipping-taxable","16":"purchasable","17":"product-type-simple"},"supplier_id":83515,"supplier_sku":"","barcode":null,"atum_controlled":true,"out_stock_date":null,"out_stock_threshold":null,"inheritable":false,"inbound_stock":0,"stock_on_hold":0,"sold_today":0,"sales_last_days":0,"reserved_stock":0,"customer_returns":0,"warehouse_damage":0,"lost_in_post":0,"other_logs":0,"out_stock_days":0,"lost_sales":0,"has_location":false,"update_date":"2026-04-09T01:04:39","atum_locations":[],"atum_stock_status":"instock","restock_status":false,"low_stock_amount":"","sales_update_date":"2026-04-09T01:04:38","calc_backorders":0,"yoast_head":"<!-- This site is optimized with the Yoast SEO plugin v26.5 - https:\/\/yoast.com\/wordpress\/plugins\/seo\/ -->\n<title>Spinner | P\u00e9dale d&#039;expression | Version en kit | Anasounds<\/title>\n<meta name=\"description\" content=\"Avec le Spinner, voici la premi\u00e8re p\u00e9dale d\u2019expression digne de ce nom. Jusqu\u2019ici, pour \u00e9tendre le champ d\u2019action de vos effets,vous aviez la possibilit\u00e9...\" \/>\n<meta name=\"robots\" content=\"index, follow, max-snippet:-1, max-image-preview:large, max-video-preview:-1\" \/>\n<link rel=\"canonical\" href=\"https:\/\/anasounds.com\/fr\/produit\/spinner-pedale-dexpression-kit\/\" \/>\n<meta property=\"og:locale\" content=\"fr_FR\" \/>\n<meta property=\"og:type\" content=\"article\" \/>\n<meta property=\"og:title\" content=\"Spinner | P\u00e9dale d&#039;expression | Version en kit | Anasounds\" \/>\n<meta property=\"og:description\" content=\"Avec le Spinner, voici la premi\u00e8re p\u00e9dale d\u2019expression digne de ce nom. Jusqu\u2019ici, pour \u00e9tendre le champ d\u2019action de vos effets,vous aviez la possibilit\u00e9...\" \/>\n<meta property=\"og:url\" content=\"https:\/\/anasounds.com\/fr\/produit\/spinner-pedale-dexpression-kit\/\" \/>\n<meta property=\"og:site_name\" content=\"Anasounds\" \/>\n<meta property=\"article:publisher\" content=\"https:\/\/www.facebook.com\/AnasoundsFX\/\" \/>\n<meta property=\"article:modified_time\" content=\"2025-02-04T11:49:59+00:00\" \/>\n<meta property=\"og:image\" content=\"https:\/\/anasounds.com\/wp-content\/uploads\/2020\/01\/spinnerfaceweb-1.jpg\" \/>\n\t<meta property=\"og:image:width\" content=\"1000\" \/>\n\t<meta property=\"og:image:height\" content=\"1000\" \/>\n\t<meta property=\"og:image:type\" content=\"image\/jpeg\" \/>\n<meta name=\"twitter:card\" content=\"summary_large_image\" \/>\n<meta name=\"twitter:label1\" content=\"Dur\u00e9e de lecture estim\u00e9e\" \/>\n\t<meta name=\"twitter:data1\" content=\"4 minutes\" \/>\n<script type=\"application\/ld+json\" class=\"yoast-schema-graph\">{\"@context\":\"https:\/\/schema.org\",\"@graph\":[{\"@type\":\"WebPage\",\"@id\":\"https:\/\/anasounds.com\/fr\/produit\/spinner-pedale-dexpression-kit\/\",\"url\":\"https:\/\/anasounds.com\/fr\/produit\/spinner-pedale-dexpression-kit\/\",\"name\":\"Spinner | P\u00e9dale d'expression | Version en kit | Anasounds\",\"isPartOf\":{\"@id\":\"https:\/\/anasounds.com\/#website\"},\"primaryImageOfPage\":{\"@id\":\"https:\/\/anasounds.com\/fr\/produit\/spinner-pedale-dexpression-kit\/#primaryimage\"},\"image\":{\"@id\":\"https:\/\/anasounds.com\/fr\/produit\/spinner-pedale-dexpression-kit\/#primaryimage\"},\"thumbnailUrl\":\"https:\/\/anasounds.com\/wp-content\/uploads\/2020\/01\/spinnerfaceweb-1.jpg\",\"datePublished\":\"2020-01-13T18:51:51+00:00\",\"dateModified\":\"2025-02-04T11:49:59+00:00\",\"description\":\"Avec le Spinner, voici la premi\u00e8re p\u00e9dale d\u2019expression digne de ce nom. Jusqu\u2019ici, pour \u00e9tendre le champ d\u2019action de vos effets,vous aviez la possibilit\u00e9...\",\"breadcrumb\":{\"@id\":\"https:\/\/anasounds.com\/fr\/produit\/spinner-pedale-dexpression-kit\/#breadcrumb\"},\"inLanguage\":\"fr-FR\",\"potentialAction\":[{\"@type\":\"ReadAction\",\"target\":[\"https:\/\/anasounds.com\/fr\/produit\/spinner-pedale-dexpression-kit\/\"]}]},{\"@type\":\"ImageObject\",\"inLanguage\":\"fr-FR\",\"@id\":\"https:\/\/anasounds.com\/fr\/produit\/spinner-pedale-dexpression-kit\/#primaryimage\",\"url\":\"https:\/\/anasounds.com\/wp-content\/uploads\/2020\/01\/spinnerfaceweb-1.jpg\",\"contentUrl\":\"https:\/\/anasounds.com\/wp-content\/uploads\/2020\/01\/spinnerfaceweb-1.jpg\",\"width\":1000,\"height\":1000},{\"@type\":\"BreadcrumbList\",\"@id\":\"https:\/\/anasounds.com\/fr\/produit\/spinner-pedale-dexpression-kit\/#breadcrumb\",\"itemListElement\":[{\"@type\":\"ListItem\",\"position\":1,\"name\":\"Home\",\"item\":\"https:\/\/anasounds.com\/fr\/\"},{\"@type\":\"ListItem\",\"position\":2,\"name\":\"boutique\",\"item\":\"https:\/\/anasounds.com\/fr\/shop\/\"},{\"@type\":\"ListItem\",\"position\":3,\"name\":\"Spinner | P\u00e9dale d&rsquo;expression | Version en kit\"}]},{\"@type\":\"WebSite\",\"@id\":\"https:\/\/anasounds.com\/#website\",\"url\":\"https:\/\/anasounds.com\/\",\"name\":\"Anasounds\",\"description\":\"P\u00e9dales \u00e0 la Fran\u00e7aise\",\"publisher\":{\"@id\":\"https:\/\/anasounds.com\/#organization\"},\"potentialAction\":[{\"@type\":\"SearchAction\",\"target\":{\"@type\":\"EntryPoint\",\"urlTemplate\":\"https:\/\/anasounds.com\/?s={search_term_string}\"},\"query-input\":{\"@type\":\"PropertyValueSpecification\",\"valueRequired\":true,\"valueName\":\"search_term_string\"}}],\"inLanguage\":\"fr-FR\"},{\"@type\":\"Organization\",\"@id\":\"https:\/\/anasounds.com\/#organization\",\"name\":\"Anasounds\",\"url\":\"https:\/\/anasounds.com\/\",\"logo\":{\"@type\":\"ImageObject\",\"inLanguage\":\"fr-FR\",\"@id\":\"https:\/\/anasounds.com\/#\/schema\/logo\/image\/\",\"url\":\"https:\/\/anasounds.com\/wp-content\/uploads\/2017\/10\/Logomadeinfrnoirblc.png\",\"contentUrl\":\"https:\/\/anasounds.com\/wp-content\/uploads\/2017\/10\/Logomadeinfrnoirblc.png\",\"width\":300,\"height\":300,\"caption\":\"Anasounds\"},\"image\":{\"@id\":\"https:\/\/anasounds.com\/#\/schema\/logo\/image\/\"},\"sameAs\":[\"https:\/\/www.facebook.com\/AnasoundsFX\/\",\"https:\/\/www.instagram.com\/anasounds\/\",\"https:\/\/www.youtube.com\/user\/AnaSoundsFR\"]}]}<\/script>\n<!-- \/ Yoast SEO plugin. -->","yoast_head_json":{"title":"Spinner | P\u00e9dale d'expression | Version en kit | Anasounds","description":"Avec le Spinner, voici la premi\u00e8re p\u00e9dale d\u2019expression digne de ce nom. Jusqu\u2019ici, pour \u00e9tendre le champ d\u2019action de vos effets,vous aviez la possibilit\u00e9...","robots":{"index":"index","follow":"follow","max-snippet":"max-snippet:-1","max-image-preview":"max-image-preview:large","max-video-preview":"max-video-preview:-1"},"canonical":"https:\/\/anasounds.com\/fr\/produit\/spinner-pedale-dexpression-kit\/","og_locale":"fr_FR","og_type":"article","og_title":"Spinner | P\u00e9dale d'expression | Version en kit | Anasounds","og_description":"Avec le Spinner, voici la premi\u00e8re p\u00e9dale d\u2019expression digne de ce nom. Jusqu\u2019ici, pour \u00e9tendre le champ d\u2019action de vos effets,vous aviez la possibilit\u00e9...","og_url":"https:\/\/anasounds.com\/fr\/produit\/spinner-pedale-dexpression-kit\/","og_site_name":"Anasounds","article_publisher":"https:\/\/www.facebook.com\/AnasoundsFX\/","article_modified_time":"2025-02-04T11:49:59+00:00","og_image":[{"width":1000,"height":1000,"url":"https:\/\/anasounds.com\/wp-content\/uploads\/2020\/01\/spinnerfaceweb-1.jpg","type":"image\/jpeg"}],"twitter_card":"summary_large_image","twitter_misc":{"Dur\u00e9e de lecture estim\u00e9e":"4 minutes"},"schema":{"@context":"https:\/\/schema.org","@graph":[{"@type":"WebPage","@id":"https:\/\/anasounds.com\/fr\/produit\/spinner-pedale-dexpression-kit\/","url":"https:\/\/anasounds.com\/fr\/produit\/spinner-pedale-dexpression-kit\/","name":"Spinner | P\u00e9dale d'expression | Version en kit | Anasounds","isPartOf":{"@id":"https:\/\/anasounds.com\/#website"},"primaryImageOfPage":{"@id":"https:\/\/anasounds.com\/fr\/produit\/spinner-pedale-dexpression-kit\/#primaryimage"},"image":{"@id":"https:\/\/anasounds.com\/fr\/produit\/spinner-pedale-dexpression-kit\/#primaryimage"},"thumbnailUrl":"https:\/\/anasounds.com\/wp-content\/uploads\/2020\/01\/spinnerfaceweb-1.jpg","datePublished":"2020-01-13T18:51:51+00:00","dateModified":"2025-02-04T11:49:59+00:00","description":"Avec le Spinner, voici la premi\u00e8re p\u00e9dale d\u2019expression digne de ce nom. Jusqu\u2019ici, pour \u00e9tendre le champ d\u2019action de vos effets,vous aviez la possibilit\u00e9...","breadcrumb":{"@id":"https:\/\/anasounds.com\/fr\/produit\/spinner-pedale-dexpression-kit\/#breadcrumb"},"inLanguage":"fr-FR","potentialAction":[{"@type":"ReadAction","target":["https:\/\/anasounds.com\/fr\/produit\/spinner-pedale-dexpression-kit\/"]}]},{"@type":"ImageObject","inLanguage":"fr-FR","@id":"https:\/\/anasounds.com\/fr\/produit\/spinner-pedale-dexpression-kit\/#primaryimage","url":"https:\/\/anasounds.com\/wp-content\/uploads\/2020\/01\/spinnerfaceweb-1.jpg","contentUrl":"https:\/\/anasounds.com\/wp-content\/uploads\/2020\/01\/spinnerfaceweb-1.jpg","width":1000,"height":1000},{"@type":"BreadcrumbList","@id":"https:\/\/anasounds.com\/fr\/produit\/spinner-pedale-dexpression-kit\/#breadcrumb","itemListElement":[{"@type":"ListItem","position":1,"name":"Home","item":"https:\/\/anasounds.com\/fr\/"},{"@type":"ListItem","position":2,"name":"boutique","item":"https:\/\/anasounds.com\/fr\/shop\/"},{"@type":"ListItem","position":3,"name":"Spinner | P\u00e9dale d&rsquo;expression | Version en kit"}]},{"@type":"WebSite","@id":"https:\/\/anasounds.com\/#website","url":"https:\/\/anasounds.com\/","name":"Anasounds","description":"P\u00e9dales \u00e0 la Fran\u00e7aise","publisher":{"@id":"https:\/\/anasounds.com\/#organization"},"potentialAction":[{"@type":"SearchAction","target":{"@type":"EntryPoint","urlTemplate":"https:\/\/anasounds.com\/?s={search_term_string}"},"query-input":{"@type":"PropertyValueSpecification","valueRequired":true,"valueName":"search_term_string"}}],"inLanguage":"fr-FR"},{"@type":"Organization","@id":"https:\/\/anasounds.com\/#organization","name":"Anasounds","url":"https:\/\/anasounds.com\/","logo":{"@type":"ImageObject","inLanguage":"fr-FR","@id":"https:\/\/anasounds.com\/#\/schema\/logo\/image\/","url":"https:\/\/anasounds.com\/wp-content\/uploads\/2017\/10\/Logomadeinfrnoirblc.png","contentUrl":"https:\/\/anasounds.com\/wp-content\/uploads\/2017\/10\/Logomadeinfrnoirblc.png","width":300,"height":300,"caption":"Anasounds"},"image":{"@id":"https:\/\/anasounds.com\/#\/schema\/logo\/image\/"},"sameAs":["https:\/\/www.facebook.com\/AnasoundsFX\/","https:\/\/www.instagram.com\/anasounds\/","https:\/\/www.youtube.com\/user\/AnaSoundsFR"]}]}},"_links":{"self":[{"href":"https:\/\/anasounds.com\/fr\/wp-json\/wp\/v2\/product\/32158","targetHints":{"allow":["GET"]}}],"collection":[{"href":"https:\/\/anasounds.com\/fr\/wp-json\/wp\/v2\/product"}],"about":[{"href":"https:\/\/anasounds.com\/fr\/wp-json\/wp\/v2\/types\/product"}],"replies":[{"embeddable":true,"href":"https:\/\/anasounds.com\/fr\/wp-json\/wp\/v2\/comments?post=32158"}],"wp:featuredmedia":[{"embeddable":true,"href":"https:\/\/anasounds.com\/fr\/wp-json\/wp\/v2\/media\/32251"}],"wp:attachment":[{"href":"https:\/\/anasounds.com\/fr\/wp-json\/wp\/v2\/media?parent=32158"}],"wp:term":[{"taxonomy":"product_brand","embeddable":true,"href":"https:\/\/anasounds.com\/fr\/wp-json\/wp\/v2\/product_brand?post=32158"},{"taxonomy":"product_cat","embeddable":true,"href":"https:\/\/anasounds.com\/fr\/wp-json\/wp\/v2\/product_cat?post=32158"},{"taxonomy":"product_tag","embeddable":true,"href":"https:\/\/anasounds.com\/fr\/wp-json\/wp\/v2\/product_tag?post=32158"}],"curies":[{"name":"wp","href":"https:\/\/api.w.org\/{rel}","templated":true}]}}