{"id":32163,"date":"2020-01-13T20:30:39","date_gmt":"2020-01-13T19:30:39","guid":{"rendered":"https:\/\/anasounds.com\/?post_type=product&#038;p=32163"},"modified":"2025-12-27T16:28:25","modified_gmt":"2025-12-27T15:28:25","slug":"ages-tremolo-harmonique","status":"publish","type":"product","link":"https:\/\/anasounds.com\/fr\/produit\/ages-tremolo-harmonique\/","title":{"rendered":"Ages, tr\u00e9molo harmonique"},"content":{"rendered":"<div class=\"page\" title=\"Page 1\">\n<div class=\"section\">\n<div class=\"layoutArea\">\n<div class=\"column\">\n<h3 style=\"text-align: center;\">historique mais incompris<\/h3>\n<p style=\"text-align: center;\">Le tr\u00e9molo harmonique existe sous de nombreuses d\u00e9nominations :<br \/>\nvibrato, harmonic vibrato, harmonic tremolo, vibe, univibe, et ainsi de suite.<br \/>\nDans tous les cas, le but avou\u00e9 est le m\u00eame :\u00a0faire varier cycliquement la hauteur de vos notes<br \/>\n(plut\u00f4t que leur volume comme le fait un tremolo normal) en d\u00e9phasant les graves et les aigus.<br \/>\nCette s\u00e9paration des deux plages de fr\u00e9quence n\u2019est pas sans rappeler le fonctionnement des cabines Leslie, et ce n\u2019est pas un hasard :<br \/>\nles premiers tr\u00e9molos harmoniques, dont la Univibe ou le vibrato des amplis Magnatone, avaient pour but de reproduire l\u2019effet de la Leslie.<br \/>\nMais ces r\u00e9f\u00e9rences ont bien s\u00fbr impos\u00e9 leur propre couleur sonore, et quelques fabricants en ont depuis propos\u00e9 leur version.<\/p>\n<h3 style=\"text-align: center;\">notre vision du tr\u00e9molo harmonique<\/h3>\n<p style=\"text-align: center;\">Pourtant, il ne s\u2019agit pas d\u2019un effet si courant que \u00e7a et il reste tr\u00e8s rare de trouver une p\u00e9dale qui<br \/>\ncombine un gros son analogique avec les fonctionnalit\u00e9s pouss\u00e9es que seule la technologie num\u00e9rique permet.<br \/>\nC\u2019est la raison pour laquelle Anasounds a con\u00e7u la Ages,<br \/>\nune p\u00e9dale hybride riche en possibilit\u00e9s dont le son ne passe pourtant que par des composants analogiques.<br \/>\nTout a commenc\u00e9 par le son : nous avions une couleur bien pr\u00e9cise en t\u00eate et avons donc con\u00e7u nos propres filtres pour arriver \u00e0 une couleur in\u00e9dite.<\/p>\n<h3 style=\"text-align: center;\">un tr\u00e9molo harmonique complet et vivant<\/h3>\n<p style=\"text-align: center;\">Le r\u00e9glage de niveau de sortie Out est typique des circuits analogiques qui permettent d\u2019ajouter un l\u00e9ger halo de saturation si on le d\u00e9sire.<br \/>\nUne fois cet objectif atteint, nous avons tent\u00e9 de rendre l\u2019interface la plus simple possible tout en gardant une grande flexibilit\u00e9.<br \/>\nIl n\u2019y a pas de potard pour contr\u00f4ler la vitesse de l\u2019effet, tout se fait au tap tempo (avec trois subdivisions disponibles via le switch central).<br \/>\nMais la Ages se distingue encore plus par son d\u00e9tecteur d\u2019attaque int\u00e9gr\u00e9 qui peut fonctionner de deux fa\u00e7ons diff\u00e9rentes :<br \/>\nil peut permettre de faire varier la vitesse et la profondeur selon la force de votre attaque.<br \/>\nLes r\u00e9glages secondaires permettent d\u2019ajuster tous les param\u00e8tres de la fa\u00e7on la plus fine possible pour des r\u00e9sultats in\u00e9dits :<br \/>\nvous pouvez par exemple acc\u00e9l\u00e9rer l\u2019effet sur vos coups de m\u00e9diator les plus violents pour souligner les parties les plus intenses<br \/>\n(et la vitesse redescend automatiquement vers celle choisie au tap tempo),<br \/>\nou baisser la profondeur de l\u2019effet quand vous jouez plus fort pour ne pas noyer vos rythmiques.<\/p>\n<h3 style=\"text-align: center;\">sous le capot<\/h3>\n<p style=\"text-align: center;\">Et puis il y a toutes les fonctions que l\u2019on ne voit pas mais qui rendent la Ages encore plus riche et flexible.<br \/>\nEn restant appuy\u00e9 sur le footswitch de tap tempo, vous cr\u00e9ez une boucle qui fait partir le tr\u00e9molo harmonique en auto-oscillation,<br \/>\nun plaisir pour les aventuriers sonores.<br \/>\nEn restant appuy\u00e9 sur le footswitch de mise en marche, vous acc\u00e9dez au mode Trimpot qui assigne de nouvelles fonctions aux contr\u00f4les :<br \/>\nle switch central et le s\u00e9lecteur de filtre permettent d\u2019acc\u00e9der \u00e0 des LFO suppl\u00e9mentaires pour d\u2019autres colorations,<br \/>\nle r\u00e9glage de\u00a0tonalit\u00e9 d\u00e9termine si le filtre augmente ou r\u00e9duit l\u2019effet et dans quelles proportions,<br \/>\ntandis que Depth devient un seuil de d\u00e9clenchement du filtre.<br \/>\nEnfin, comme toujours chez Anasounds, vous pouvez ouvrir la p\u00e9dale et bidouiller les trimpots internes,<br \/>\nils permettent ici de d\u00e9terminer la bande passante en coupant les graves et les aigus \u00e0 des fr\u00e9quences strat\u00e9giques,<br \/>\nid\u00e9al pour ma\u00eetriser un effet qui bave trop sur un gros son satur\u00e9.<\/p>\n<h3 style=\"text-align: center;\">compatible avec le spinner<\/h3>\n<\/div>\n<\/div>\n<\/div>\n<\/div>\n<div class=\"page\" title=\"Page 2\">\n<div class=\"section\">\n<div class=\"layoutArea\">\n<div class=\"column\">\n<p style=\"text-align: center;\">Et bien s\u00fbr, si vous cherchez \u00e0 \u00e9tendre encore les possibilit\u00e9s de la Ages,<br \/>\nla p\u00e9dale d\u2019expression Spinner deviendra votre plus pr\u00e9cieuse alli\u00e9e.<\/p>\n<p style=\"text-align: center;\">Vous l\u2019aurez compris, la Ages sera forc\u00e9ment capable de produire le tr\u00e9molo harmonique que vous avez en t\u00eate,<br \/>\nmais il sera sans doute aussi une source d\u2019inspiration inattendue.<\/p>\n<\/div>\n<\/div>\n<\/div>\n<\/div>\n","protected":false},"excerpt":{"rendered":"<div class=\"page\" title=\"Page 1\">\n<div class=\"section\">\n<div class=\"layoutArea\">\n<div class=\"column\">\n<h3 style=\"text-align: center;\">un voyage sonore in\u00e9dit<\/h3>\n<p style=\"text-align: center;\">Le tr\u00e9molo harmonique fait partie des effets les plus rares<br \/>\net les plus int\u00e9ressants pour personnaliser votre son.<br \/>\nIl apporte un mouvement plus vivant qu\u2019un simple tr\u00e9molo,<br \/>\nil n\u2019a pas le caract\u00e8re dat\u00e9 du chorus,<br \/>\net envahit moins l\u2019espace qu\u2019un d\u00e9lai ou une reverb.<\/p>\n<p style=\"text-align: center;\">Que vous cherchiez \u00e0 donner un c\u00f4t\u00e9 hypnotisant \u00e0 vos arp\u00e8ges<br \/>\nou \u00e0 rajouter de l\u2019\u00e9paisseur \u00e0 vos lignes m\u00e9lodiques,<br \/>\nla Ages vous offre une nouvelle perspective sur la modulation.<\/p>\n<\/div>\n<\/div>\n<\/div>\n<\/div>\n","protected":false},"featured_media":32226,"comment_status":"open","ping_status":"closed","template":"","meta":[],"product_brand":[],"product_cat":[1555,268,668],"product_tag":[681,680,671],"class_list":{"0":"post-32163","1":"product","2":"type-product","3":"status-publish","4":"has-post-thumbnail","6":"product_cat-type-d-effet","7":"product_cat-pedales-anasounds","8":"product_cat-tremolo","9":"product_tag-harmonic","10":"product_tag-harmonique","11":"product_tag-tremolo","13":"first","14":"instock","15":"taxable","16":"shipping-taxable","17":"purchasable","18":"product-type-simple"},"supplier_id":83515,"supplier_sku":"","barcode":null,"atum_controlled":true,"out_stock_date":null,"out_stock_threshold":null,"inheritable":false,"inbound_stock":0,"stock_on_hold":0,"sold_today":0,"sales_last_days":0,"reserved_stock":0,"customer_returns":0,"warehouse_damage":0,"lost_in_post":0,"other_logs":0,"out_stock_days":0,"lost_sales":0,"has_location":false,"update_date":"2026-04-09T01:02:56","atum_locations":[],"atum_stock_status":"instock","restock_status":false,"low_stock_amount":"","sales_update_date":"2026-04-09T01:02:56","calc_backorders":0,"yoast_head":"<!-- This site is optimized with the Yoast SEO plugin v26.5 - https:\/\/yoast.com\/wordpress\/plugins\/seo\/ -->\n<title>Ages, tr\u00e9molo harmonique | Anasounds<\/title>\n<meta name=\"robots\" content=\"index, follow, max-snippet:-1, max-image-preview:large, max-video-preview:-1\" \/>\n<link rel=\"canonical\" href=\"https:\/\/anasounds.com\/fr\/produit\/ages-tremolo-harmonique\/\" \/>\n<meta property=\"og:locale\" content=\"fr_FR\" \/>\n<meta property=\"og:type\" content=\"article\" \/>\n<meta property=\"og:title\" content=\"Ages, tr\u00e9molo harmonique | Anasounds\" \/>\n<meta property=\"og:description\" content=\"un voyage sonore in\u00e9dit Le tr\u00e9molo harmonique fait partie des effets les plus rares et les plus int\u00e9ressants pour personnaliser votre son. Il apporte un mouvement plus vivant qu\u2019un simple tr\u00e9molo, il n\u2019a pas le caract\u00e8re dat\u00e9 du chorus, et envahit moins l\u2019espace qu\u2019un d\u00e9lai ou une reverb. Que vous cherchiez \u00e0 donner un c\u00f4t\u00e9 hypnotisant \u00e0 vos arp\u00e8ges ou \u00e0 rajouter de l\u2019\u00e9paisseur \u00e0 vos lignes m\u00e9lodiques, la Ages vous offre une nouvelle perspective sur la modulation.\" \/>\n<meta property=\"og:url\" content=\"https:\/\/anasounds.com\/fr\/produit\/ages-tremolo-harmonique\/\" \/>\n<meta property=\"og:site_name\" content=\"Anasounds\" \/>\n<meta property=\"article:publisher\" content=\"https:\/\/www.facebook.com\/AnasoundsFX\/\" \/>\n<meta property=\"article:modified_time\" content=\"2025-12-27T15:28:25+00:00\" \/>\n<meta property=\"og:image\" content=\"https:\/\/anasounds.com\/wp-content\/uploads\/2020\/01\/AGESFACEblanc.jpg\" \/>\n\t<meta property=\"og:image:width\" content=\"1000\" \/>\n\t<meta property=\"og:image:height\" content=\"1000\" \/>\n\t<meta property=\"og:image:type\" content=\"image\/jpeg\" \/>\n<meta name=\"twitter:card\" content=\"summary_large_image\" \/>\n<meta name=\"twitter:label1\" content=\"Dur\u00e9e de lecture estim\u00e9e\" \/>\n\t<meta name=\"twitter:data1\" content=\"4 minutes\" \/>\n<script type=\"application\/ld+json\" class=\"yoast-schema-graph\">{\"@context\":\"https:\/\/schema.org\",\"@graph\":[{\"@type\":\"WebPage\",\"@id\":\"https:\/\/anasounds.com\/fr\/produit\/ages-tremolo-harmonique\/\",\"url\":\"https:\/\/anasounds.com\/fr\/produit\/ages-tremolo-harmonique\/\",\"name\":\"Ages, tr\u00e9molo harmonique | Anasounds\",\"isPartOf\":{\"@id\":\"https:\/\/anasounds.com\/#website\"},\"primaryImageOfPage\":{\"@id\":\"https:\/\/anasounds.com\/fr\/produit\/ages-tremolo-harmonique\/#primaryimage\"},\"image\":{\"@id\":\"https:\/\/anasounds.com\/fr\/produit\/ages-tremolo-harmonique\/#primaryimage\"},\"thumbnailUrl\":\"https:\/\/anasounds.com\/wp-content\/uploads\/2020\/01\/AGESFACEblanc.jpg\",\"datePublished\":\"2020-01-13T19:30:39+00:00\",\"dateModified\":\"2025-12-27T15:28:25+00:00\",\"breadcrumb\":{\"@id\":\"https:\/\/anasounds.com\/fr\/produit\/ages-tremolo-harmonique\/#breadcrumb\"},\"inLanguage\":\"fr-FR\",\"potentialAction\":[{\"@type\":\"ReadAction\",\"target\":[\"https:\/\/anasounds.com\/fr\/produit\/ages-tremolo-harmonique\/\"]}]},{\"@type\":\"ImageObject\",\"inLanguage\":\"fr-FR\",\"@id\":\"https:\/\/anasounds.com\/fr\/produit\/ages-tremolo-harmonique\/#primaryimage\",\"url\":\"https:\/\/anasounds.com\/wp-content\/uploads\/2020\/01\/AGESFACEblanc.jpg\",\"contentUrl\":\"https:\/\/anasounds.com\/wp-content\/uploads\/2020\/01\/AGESFACEblanc.jpg\",\"width\":1000,\"height\":1000},{\"@type\":\"BreadcrumbList\",\"@id\":\"https:\/\/anasounds.com\/fr\/produit\/ages-tremolo-harmonique\/#breadcrumb\",\"itemListElement\":[{\"@type\":\"ListItem\",\"position\":1,\"name\":\"Home\",\"item\":\"https:\/\/anasounds.com\/fr\/\"},{\"@type\":\"ListItem\",\"position\":2,\"name\":\"boutique\",\"item\":\"https:\/\/anasounds.com\/fr\/shop\/\"},{\"@type\":\"ListItem\",\"position\":3,\"name\":\"Ages, tr\u00e9molo harmonique\"}]},{\"@type\":\"WebSite\",\"@id\":\"https:\/\/anasounds.com\/#website\",\"url\":\"https:\/\/anasounds.com\/\",\"name\":\"Anasounds\",\"description\":\"P\u00e9dales \u00e0 la Fran\u00e7aise\",\"publisher\":{\"@id\":\"https:\/\/anasounds.com\/#organization\"},\"potentialAction\":[{\"@type\":\"SearchAction\",\"target\":{\"@type\":\"EntryPoint\",\"urlTemplate\":\"https:\/\/anasounds.com\/?s={search_term_string}\"},\"query-input\":{\"@type\":\"PropertyValueSpecification\",\"valueRequired\":true,\"valueName\":\"search_term_string\"}}],\"inLanguage\":\"fr-FR\"},{\"@type\":\"Organization\",\"@id\":\"https:\/\/anasounds.com\/#organization\",\"name\":\"Anasounds\",\"url\":\"https:\/\/anasounds.com\/\",\"logo\":{\"@type\":\"ImageObject\",\"inLanguage\":\"fr-FR\",\"@id\":\"https:\/\/anasounds.com\/#\/schema\/logo\/image\/\",\"url\":\"https:\/\/anasounds.com\/wp-content\/uploads\/2017\/10\/Logomadeinfrnoirblc.png\",\"contentUrl\":\"https:\/\/anasounds.com\/wp-content\/uploads\/2017\/10\/Logomadeinfrnoirblc.png\",\"width\":300,\"height\":300,\"caption\":\"Anasounds\"},\"image\":{\"@id\":\"https:\/\/anasounds.com\/#\/schema\/logo\/image\/\"},\"sameAs\":[\"https:\/\/www.facebook.com\/AnasoundsFX\/\",\"https:\/\/www.instagram.com\/anasounds\/\",\"https:\/\/www.youtube.com\/user\/AnaSoundsFR\"]}]}<\/script>\n<!-- \/ Yoast SEO plugin. -->","yoast_head_json":{"title":"Ages, tr\u00e9molo harmonique | Anasounds","robots":{"index":"index","follow":"follow","max-snippet":"max-snippet:-1","max-image-preview":"max-image-preview:large","max-video-preview":"max-video-preview:-1"},"canonical":"https:\/\/anasounds.com\/fr\/produit\/ages-tremolo-harmonique\/","og_locale":"fr_FR","og_type":"article","og_title":"Ages, tr\u00e9molo harmonique | Anasounds","og_description":"un voyage sonore in\u00e9dit Le tr\u00e9molo harmonique fait partie des effets les plus rares et les plus int\u00e9ressants pour personnaliser votre son. Il apporte un mouvement plus vivant qu\u2019un simple tr\u00e9molo, il n\u2019a pas le caract\u00e8re dat\u00e9 du chorus, et envahit moins l\u2019espace qu\u2019un d\u00e9lai ou une reverb. Que vous cherchiez \u00e0 donner un c\u00f4t\u00e9 hypnotisant \u00e0 vos arp\u00e8ges ou \u00e0 rajouter de l\u2019\u00e9paisseur \u00e0 vos lignes m\u00e9lodiques, la Ages vous offre une nouvelle perspective sur la modulation.","og_url":"https:\/\/anasounds.com\/fr\/produit\/ages-tremolo-harmonique\/","og_site_name":"Anasounds","article_publisher":"https:\/\/www.facebook.com\/AnasoundsFX\/","article_modified_time":"2025-12-27T15:28:25+00:00","og_image":[{"width":1000,"height":1000,"url":"https:\/\/anasounds.com\/wp-content\/uploads\/2020\/01\/AGESFACEblanc.jpg","type":"image\/jpeg"}],"twitter_card":"summary_large_image","twitter_misc":{"Dur\u00e9e de lecture estim\u00e9e":"4 minutes"},"schema":{"@context":"https:\/\/schema.org","@graph":[{"@type":"WebPage","@id":"https:\/\/anasounds.com\/fr\/produit\/ages-tremolo-harmonique\/","url":"https:\/\/anasounds.com\/fr\/produit\/ages-tremolo-harmonique\/","name":"Ages, tr\u00e9molo harmonique | Anasounds","isPartOf":{"@id":"https:\/\/anasounds.com\/#website"},"primaryImageOfPage":{"@id":"https:\/\/anasounds.com\/fr\/produit\/ages-tremolo-harmonique\/#primaryimage"},"image":{"@id":"https:\/\/anasounds.com\/fr\/produit\/ages-tremolo-harmonique\/#primaryimage"},"thumbnailUrl":"https:\/\/anasounds.com\/wp-content\/uploads\/2020\/01\/AGESFACEblanc.jpg","datePublished":"2020-01-13T19:30:39+00:00","dateModified":"2025-12-27T15:28:25+00:00","breadcrumb":{"@id":"https:\/\/anasounds.com\/fr\/produit\/ages-tremolo-harmonique\/#breadcrumb"},"inLanguage":"fr-FR","potentialAction":[{"@type":"ReadAction","target":["https:\/\/anasounds.com\/fr\/produit\/ages-tremolo-harmonique\/"]}]},{"@type":"ImageObject","inLanguage":"fr-FR","@id":"https:\/\/anasounds.com\/fr\/produit\/ages-tremolo-harmonique\/#primaryimage","url":"https:\/\/anasounds.com\/wp-content\/uploads\/2020\/01\/AGESFACEblanc.jpg","contentUrl":"https:\/\/anasounds.com\/wp-content\/uploads\/2020\/01\/AGESFACEblanc.jpg","width":1000,"height":1000},{"@type":"BreadcrumbList","@id":"https:\/\/anasounds.com\/fr\/produit\/ages-tremolo-harmonique\/#breadcrumb","itemListElement":[{"@type":"ListItem","position":1,"name":"Home","item":"https:\/\/anasounds.com\/fr\/"},{"@type":"ListItem","position":2,"name":"boutique","item":"https:\/\/anasounds.com\/fr\/shop\/"},{"@type":"ListItem","position":3,"name":"Ages, tr\u00e9molo harmonique"}]},{"@type":"WebSite","@id":"https:\/\/anasounds.com\/#website","url":"https:\/\/anasounds.com\/","name":"Anasounds","description":"P\u00e9dales \u00e0 la Fran\u00e7aise","publisher":{"@id":"https:\/\/anasounds.com\/#organization"},"potentialAction":[{"@type":"SearchAction","target":{"@type":"EntryPoint","urlTemplate":"https:\/\/anasounds.com\/?s={search_term_string}"},"query-input":{"@type":"PropertyValueSpecification","valueRequired":true,"valueName":"search_term_string"}}],"inLanguage":"fr-FR"},{"@type":"Organization","@id":"https:\/\/anasounds.com\/#organization","name":"Anasounds","url":"https:\/\/anasounds.com\/","logo":{"@type":"ImageObject","inLanguage":"fr-FR","@id":"https:\/\/anasounds.com\/#\/schema\/logo\/image\/","url":"https:\/\/anasounds.com\/wp-content\/uploads\/2017\/10\/Logomadeinfrnoirblc.png","contentUrl":"https:\/\/anasounds.com\/wp-content\/uploads\/2017\/10\/Logomadeinfrnoirblc.png","width":300,"height":300,"caption":"Anasounds"},"image":{"@id":"https:\/\/anasounds.com\/#\/schema\/logo\/image\/"},"sameAs":["https:\/\/www.facebook.com\/AnasoundsFX\/","https:\/\/www.instagram.com\/anasounds\/","https:\/\/www.youtube.com\/user\/AnaSoundsFR"]}]}},"_links":{"self":[{"href":"https:\/\/anasounds.com\/fr\/wp-json\/wp\/v2\/product\/32163","targetHints":{"allow":["GET"]}}],"collection":[{"href":"https:\/\/anasounds.com\/fr\/wp-json\/wp\/v2\/product"}],"about":[{"href":"https:\/\/anasounds.com\/fr\/wp-json\/wp\/v2\/types\/product"}],"replies":[{"embeddable":true,"href":"https:\/\/anasounds.com\/fr\/wp-json\/wp\/v2\/comments?post=32163"}],"wp:featuredmedia":[{"embeddable":true,"href":"https:\/\/anasounds.com\/fr\/wp-json\/wp\/v2\/media\/32226"}],"wp:attachment":[{"href":"https:\/\/anasounds.com\/fr\/wp-json\/wp\/v2\/media?parent=32163"}],"wp:term":[{"taxonomy":"product_brand","embeddable":true,"href":"https:\/\/anasounds.com\/fr\/wp-json\/wp\/v2\/product_brand?post=32163"},{"taxonomy":"product_cat","embeddable":true,"href":"https:\/\/anasounds.com\/fr\/wp-json\/wp\/v2\/product_cat?post=32163"},{"taxonomy":"product_tag","embeddable":true,"href":"https:\/\/anasounds.com\/fr\/wp-json\/wp\/v2\/product_tag?post=32163"}],"curies":[{"name":"wp","href":"https:\/\/api.w.org\/{rel}","templated":true}]}}