{"id":32170,"date":"2020-01-13T21:15:19","date_gmt":"2020-01-13T20:15:19","guid":{"rendered":"https:\/\/anasounds.com\/?post_type=product&#038;p=32170"},"modified":"2023-11-25T22:45:56","modified_gmt":"2023-11-25T21:45:56","slug":"tap-tap-tempo-externe","status":"publish","type":"product","link":"https:\/\/anasounds.com\/fr\/produit\/tap-tap-tempo-externe\/","title":{"rendered":"Tap, tap tempo externe"},"content":{"rendered":"<h3 style=\"text-align: center;\">toujours dans les temps<\/h3>\n<p style=\"text-align: center;\">Notre nouvelle gamme de tr\u00e9molo ainsi que nos prochaines p\u00e9dales temporelles incluent cette fonction de tap tempo.<br \/>\nPour ceux qui changent r\u00e9guli\u00e8rement de tempo et qui pr\u00e9f\u00e8rent le sentir au pied plut\u00f4t qu&rsquo;au potard,<br \/>\nvous nous aviez demand\u00e9 maintes fois cette fonctionnalit\u00e9 et c&rsquo;est enfin chose faite.<\/p>\n<h3 style=\"text-align: center;\">plus simplement<\/h3>\n<p style=\"text-align: center;\">Depuis la p\u00e9dale elle-m\u00eame, on peut taper le tempo gr\u00e2ce au footswitch de gauche.<br \/>\nMais parfois selon l&#8217;emplacement de la p\u00e9dale en question dans le pedalboard,<br \/>\ncette p\u00e9dale se retrouve sur la 2\u00e8me rang\u00e9e et ce n&rsquo;est pas forc\u00e9ment pratique d&rsquo;utiliser un tap tempo aussi \u00e9loign\u00e9.<br \/>\nOu parfois, certains chaussent du 46 et risquent d&rsquo;appuyer les 2 footswitch en m\u00eame temps.<\/p>\n<h3 style=\"text-align: center;\">plus pratique<\/h3>\n<p style=\"text-align: center;\">Il \u00e9tait inconcevable pour nous d&rsquo;augmenter la taille de la p\u00e9dale \u00e0 cause de cette fonction.<br \/>\nAlors on s&rsquo;est dit qu&rsquo;il \u00e9tait plus int\u00e9ressant de proposer \u00e0 ceux qui veulent faire autrement, d&rsquo;ajouter ce petit accessoire !<br \/>\nOn peut le placer \u00e0 n&rsquo;importe quel endroit du pedalboard.<br \/>\nLe footswitch est momentan\u00e9 donc pas de \u00ab\u00a0clac\u00a0\u00bb pendant le tap.<\/p>\n<h3 style=\"text-align: center;\">connexion imm\u00e9diate<\/h3>\n<p style=\"text-align: center;\">Pour l&rsquo;utiliser, ouvrez votre p\u00e9dale et d\u00e9sactiver le mode Spinner pour privil\u00e9gier la lecture de Tap.<br \/>\nConnectez les 2 instruments \u00e0 l&rsquo;aide du jack 3.5mm fournie avec le Tap.<br \/>\nLe Tap et la p\u00e9dale communiquent entre elles librement gr\u00e2ce \u00e0 notre connectivit\u00e9.<\/p>\n<p style=\"text-align: center;\">Il ne reste plus qu&rsquo;\u00e0 profiter !<\/p>\n","protected":false},"excerpt":{"rendered":"<h3 style=\"text-align: center;\">pour taper du pied sans se prendre la t\u00eate<\/h3>\n<p style=\"text-align: center;\">Un tap tempo externe avec une prise jack 3.5mm.<br \/>\nDe quoi contr\u00f4ler le tempo de nos p\u00e9dales sans s&#8217;emm\u00ealer les footswitch !<\/p>\n","protected":false},"featured_media":33845,"comment_status":"open","ping_status":"closed","template":"","meta":[],"product_brand":[],"product_cat":[268,668,264,266],"product_tag":[685,684,686],"class_list":{"0":"post-32170","1":"product","2":"type-product","3":"status-publish","4":"has-post-thumbnail","6":"product_cat-pedales-anasounds","7":"product_cat-tremolo","8":"product_cat-utilitaires","9":"product_cat-switcher-fr","10":"product_tag-tap","11":"product_tag-tap-tempo","12":"product_tag-tempo","14":"first","15":"instock","16":"taxable","17":"shipping-taxable","18":"purchasable","19":"product-type-simple"},"supplier_id":83515,"supplier_sku":"","barcode":null,"atum_controlled":true,"out_stock_date":null,"out_stock_threshold":null,"inheritable":false,"inbound_stock":0,"stock_on_hold":0,"sold_today":0,"sales_last_days":0,"reserved_stock":0,"customer_returns":0,"warehouse_damage":0,"lost_in_post":0,"other_logs":0,"out_stock_days":0,"lost_sales":0,"has_location":false,"update_date":"2026-04-28T01:13:38","atum_locations":[],"atum_stock_status":"instock","restock_status":false,"low_stock_amount":"","sales_update_date":"2026-04-28T01:13:37","calc_backorders":0,"yoast_head":"<!-- This site is optimized with the Yoast SEO plugin v26.5 - https:\/\/yoast.com\/wordpress\/plugins\/seo\/ -->\n<title>Tap, tap tempo externe | Anasounds<\/title>\n<meta name=\"description\" content=\"Pour taper du pied sans se prendre la t\u00eate ! Un tap tempo externe avec une prise jack 3.5mm. De quoi contr\u00f4ler le tempo de nos p\u00e9dales...\" \/>\n<meta name=\"robots\" content=\"index, follow, max-snippet:-1, max-image-preview:large, max-video-preview:-1\" \/>\n<link rel=\"canonical\" href=\"https:\/\/anasounds.com\/fr\/produit\/tap-tap-tempo-externe\/\" \/>\n<meta property=\"og:locale\" content=\"fr_FR\" \/>\n<meta property=\"og:type\" content=\"article\" \/>\n<meta property=\"og:title\" content=\"Tap, tap tempo externe | Anasounds\" \/>\n<meta property=\"og:description\" content=\"Pour taper du pied sans se prendre la t\u00eate ! Un tap tempo externe avec une prise jack 3.5mm. De quoi contr\u00f4ler le tempo de nos p\u00e9dales...\" \/>\n<meta property=\"og:url\" content=\"https:\/\/anasounds.com\/fr\/produit\/tap-tap-tempo-externe\/\" \/>\n<meta property=\"og:site_name\" content=\"Anasounds\" \/>\n<meta property=\"article:publisher\" content=\"https:\/\/www.facebook.com\/AnasoundsFX\/\" \/>\n<meta property=\"article:modified_time\" content=\"2023-11-25T21:45:56+00:00\" \/>\n<meta property=\"og:image\" content=\"https:\/\/anasounds.com\/wp-content\/uploads\/2020\/01\/TAPd\u00e9tour\u00e9faceblanc.jpg\" \/>\n\t<meta property=\"og:image:width\" content=\"1000\" \/>\n\t<meta property=\"og:image:height\" content=\"1000\" \/>\n\t<meta property=\"og:image:type\" content=\"image\/jpeg\" \/>\n<meta name=\"twitter:card\" content=\"summary_large_image\" \/>\n<meta name=\"twitter:label1\" content=\"Dur\u00e9e de lecture estim\u00e9e\" \/>\n\t<meta name=\"twitter:data1\" content=\"2 minutes\" \/>\n<script type=\"application\/ld+json\" class=\"yoast-schema-graph\">{\"@context\":\"https:\/\/schema.org\",\"@graph\":[{\"@type\":\"WebPage\",\"@id\":\"https:\/\/anasounds.com\/fr\/produit\/tap-tap-tempo-externe\/\",\"url\":\"https:\/\/anasounds.com\/fr\/produit\/tap-tap-tempo-externe\/\",\"name\":\"Tap, tap tempo externe | Anasounds\",\"isPartOf\":{\"@id\":\"https:\/\/anasounds.com\/#website\"},\"primaryImageOfPage\":{\"@id\":\"https:\/\/anasounds.com\/fr\/produit\/tap-tap-tempo-externe\/#primaryimage\"},\"image\":{\"@id\":\"https:\/\/anasounds.com\/fr\/produit\/tap-tap-tempo-externe\/#primaryimage\"},\"thumbnailUrl\":\"https:\/\/anasounds.com\/wp-content\/uploads\/2020\/01\/TAPd\u00e9tour\u00e9faceblanc.jpg\",\"datePublished\":\"2020-01-13T20:15:19+00:00\",\"dateModified\":\"2023-11-25T21:45:56+00:00\",\"description\":\"Pour taper du pied sans se prendre la t\u00eate ! Un tap tempo externe avec une prise jack 3.5mm. De quoi contr\u00f4ler le tempo de nos p\u00e9dales...\",\"breadcrumb\":{\"@id\":\"https:\/\/anasounds.com\/fr\/produit\/tap-tap-tempo-externe\/#breadcrumb\"},\"inLanguage\":\"fr-FR\",\"potentialAction\":[{\"@type\":\"ReadAction\",\"target\":[\"https:\/\/anasounds.com\/fr\/produit\/tap-tap-tempo-externe\/\"]}]},{\"@type\":\"ImageObject\",\"inLanguage\":\"fr-FR\",\"@id\":\"https:\/\/anasounds.com\/fr\/produit\/tap-tap-tempo-externe\/#primaryimage\",\"url\":\"https:\/\/anasounds.com\/wp-content\/uploads\/2020\/01\/TAPd\u00e9tour\u00e9faceblanc.jpg\",\"contentUrl\":\"https:\/\/anasounds.com\/wp-content\/uploads\/2020\/01\/TAPd\u00e9tour\u00e9faceblanc.jpg\",\"width\":1000,\"height\":1000},{\"@type\":\"BreadcrumbList\",\"@id\":\"https:\/\/anasounds.com\/fr\/produit\/tap-tap-tempo-externe\/#breadcrumb\",\"itemListElement\":[{\"@type\":\"ListItem\",\"position\":1,\"name\":\"Home\",\"item\":\"https:\/\/anasounds.com\/fr\/\"},{\"@type\":\"ListItem\",\"position\":2,\"name\":\"boutique\",\"item\":\"https:\/\/anasounds.com\/fr\/shop\/\"},{\"@type\":\"ListItem\",\"position\":3,\"name\":\"Tap, tap tempo externe\"}]},{\"@type\":\"WebSite\",\"@id\":\"https:\/\/anasounds.com\/#website\",\"url\":\"https:\/\/anasounds.com\/\",\"name\":\"Anasounds\",\"description\":\"P\u00e9dales \u00e0 la Fran\u00e7aise\",\"publisher\":{\"@id\":\"https:\/\/anasounds.com\/#organization\"},\"potentialAction\":[{\"@type\":\"SearchAction\",\"target\":{\"@type\":\"EntryPoint\",\"urlTemplate\":\"https:\/\/anasounds.com\/?s={search_term_string}\"},\"query-input\":{\"@type\":\"PropertyValueSpecification\",\"valueRequired\":true,\"valueName\":\"search_term_string\"}}],\"inLanguage\":\"fr-FR\"},{\"@type\":\"Organization\",\"@id\":\"https:\/\/anasounds.com\/#organization\",\"name\":\"Anasounds\",\"url\":\"https:\/\/anasounds.com\/\",\"logo\":{\"@type\":\"ImageObject\",\"inLanguage\":\"fr-FR\",\"@id\":\"https:\/\/anasounds.com\/#\/schema\/logo\/image\/\",\"url\":\"https:\/\/anasounds.com\/wp-content\/uploads\/2017\/10\/Logomadeinfrnoirblc.png\",\"contentUrl\":\"https:\/\/anasounds.com\/wp-content\/uploads\/2017\/10\/Logomadeinfrnoirblc.png\",\"width\":300,\"height\":300,\"caption\":\"Anasounds\"},\"image\":{\"@id\":\"https:\/\/anasounds.com\/#\/schema\/logo\/image\/\"},\"sameAs\":[\"https:\/\/www.facebook.com\/AnasoundsFX\/\",\"https:\/\/www.instagram.com\/anasounds\/\",\"https:\/\/www.youtube.com\/user\/AnaSoundsFR\"]}]}<\/script>\n<!-- \/ Yoast SEO plugin. -->","yoast_head_json":{"title":"Tap, tap tempo externe | Anasounds","description":"Pour taper du pied sans se prendre la t\u00eate ! Un tap tempo externe avec une prise jack 3.5mm. De quoi contr\u00f4ler le tempo de nos p\u00e9dales...","robots":{"index":"index","follow":"follow","max-snippet":"max-snippet:-1","max-image-preview":"max-image-preview:large","max-video-preview":"max-video-preview:-1"},"canonical":"https:\/\/anasounds.com\/fr\/produit\/tap-tap-tempo-externe\/","og_locale":"fr_FR","og_type":"article","og_title":"Tap, tap tempo externe | Anasounds","og_description":"Pour taper du pied sans se prendre la t\u00eate ! Un tap tempo externe avec une prise jack 3.5mm. De quoi contr\u00f4ler le tempo de nos p\u00e9dales...","og_url":"https:\/\/anasounds.com\/fr\/produit\/tap-tap-tempo-externe\/","og_site_name":"Anasounds","article_publisher":"https:\/\/www.facebook.com\/AnasoundsFX\/","article_modified_time":"2023-11-25T21:45:56+00:00","og_image":[{"width":1000,"height":1000,"url":"https:\/\/anasounds.com\/wp-content\/uploads\/2020\/01\/TAPd\u00e9tour\u00e9faceblanc.jpg","type":"image\/jpeg"}],"twitter_card":"summary_large_image","twitter_misc":{"Dur\u00e9e de lecture estim\u00e9e":"2 minutes"},"schema":{"@context":"https:\/\/schema.org","@graph":[{"@type":"WebPage","@id":"https:\/\/anasounds.com\/fr\/produit\/tap-tap-tempo-externe\/","url":"https:\/\/anasounds.com\/fr\/produit\/tap-tap-tempo-externe\/","name":"Tap, tap tempo externe | Anasounds","isPartOf":{"@id":"https:\/\/anasounds.com\/#website"},"primaryImageOfPage":{"@id":"https:\/\/anasounds.com\/fr\/produit\/tap-tap-tempo-externe\/#primaryimage"},"image":{"@id":"https:\/\/anasounds.com\/fr\/produit\/tap-tap-tempo-externe\/#primaryimage"},"thumbnailUrl":"https:\/\/anasounds.com\/wp-content\/uploads\/2020\/01\/TAPd\u00e9tour\u00e9faceblanc.jpg","datePublished":"2020-01-13T20:15:19+00:00","dateModified":"2023-11-25T21:45:56+00:00","description":"Pour taper du pied sans se prendre la t\u00eate ! Un tap tempo externe avec une prise jack 3.5mm. De quoi contr\u00f4ler le tempo de nos p\u00e9dales...","breadcrumb":{"@id":"https:\/\/anasounds.com\/fr\/produit\/tap-tap-tempo-externe\/#breadcrumb"},"inLanguage":"fr-FR","potentialAction":[{"@type":"ReadAction","target":["https:\/\/anasounds.com\/fr\/produit\/tap-tap-tempo-externe\/"]}]},{"@type":"ImageObject","inLanguage":"fr-FR","@id":"https:\/\/anasounds.com\/fr\/produit\/tap-tap-tempo-externe\/#primaryimage","url":"https:\/\/anasounds.com\/wp-content\/uploads\/2020\/01\/TAPd\u00e9tour\u00e9faceblanc.jpg","contentUrl":"https:\/\/anasounds.com\/wp-content\/uploads\/2020\/01\/TAPd\u00e9tour\u00e9faceblanc.jpg","width":1000,"height":1000},{"@type":"BreadcrumbList","@id":"https:\/\/anasounds.com\/fr\/produit\/tap-tap-tempo-externe\/#breadcrumb","itemListElement":[{"@type":"ListItem","position":1,"name":"Home","item":"https:\/\/anasounds.com\/fr\/"},{"@type":"ListItem","position":2,"name":"boutique","item":"https:\/\/anasounds.com\/fr\/shop\/"},{"@type":"ListItem","position":3,"name":"Tap, tap tempo externe"}]},{"@type":"WebSite","@id":"https:\/\/anasounds.com\/#website","url":"https:\/\/anasounds.com\/","name":"Anasounds","description":"P\u00e9dales \u00e0 la Fran\u00e7aise","publisher":{"@id":"https:\/\/anasounds.com\/#organization"},"potentialAction":[{"@type":"SearchAction","target":{"@type":"EntryPoint","urlTemplate":"https:\/\/anasounds.com\/?s={search_term_string}"},"query-input":{"@type":"PropertyValueSpecification","valueRequired":true,"valueName":"search_term_string"}}],"inLanguage":"fr-FR"},{"@type":"Organization","@id":"https:\/\/anasounds.com\/#organization","name":"Anasounds","url":"https:\/\/anasounds.com\/","logo":{"@type":"ImageObject","inLanguage":"fr-FR","@id":"https:\/\/anasounds.com\/#\/schema\/logo\/image\/","url":"https:\/\/anasounds.com\/wp-content\/uploads\/2017\/10\/Logomadeinfrnoirblc.png","contentUrl":"https:\/\/anasounds.com\/wp-content\/uploads\/2017\/10\/Logomadeinfrnoirblc.png","width":300,"height":300,"caption":"Anasounds"},"image":{"@id":"https:\/\/anasounds.com\/#\/schema\/logo\/image\/"},"sameAs":["https:\/\/www.facebook.com\/AnasoundsFX\/","https:\/\/www.instagram.com\/anasounds\/","https:\/\/www.youtube.com\/user\/AnaSoundsFR"]}]}},"_links":{"self":[{"href":"https:\/\/anasounds.com\/fr\/wp-json\/wp\/v2\/product\/32170","targetHints":{"allow":["GET"]}}],"collection":[{"href":"https:\/\/anasounds.com\/fr\/wp-json\/wp\/v2\/product"}],"about":[{"href":"https:\/\/anasounds.com\/fr\/wp-json\/wp\/v2\/types\/product"}],"replies":[{"embeddable":true,"href":"https:\/\/anasounds.com\/fr\/wp-json\/wp\/v2\/comments?post=32170"}],"wp:featuredmedia":[{"embeddable":true,"href":"https:\/\/anasounds.com\/fr\/wp-json\/wp\/v2\/media\/33845"}],"wp:attachment":[{"href":"https:\/\/anasounds.com\/fr\/wp-json\/wp\/v2\/media?parent=32170"}],"wp:term":[{"taxonomy":"product_brand","embeddable":true,"href":"https:\/\/anasounds.com\/fr\/wp-json\/wp\/v2\/product_brand?post=32170"},{"taxonomy":"product_cat","embeddable":true,"href":"https:\/\/anasounds.com\/fr\/wp-json\/wp\/v2\/product_cat?post=32170"},{"taxonomy":"product_tag","embeddable":true,"href":"https:\/\/anasounds.com\/fr\/wp-json\/wp\/v2\/product_tag?post=32170"}],"curies":[{"name":"wp","href":"https:\/\/api.w.org\/{rel}","templated":true}]}}