{"id":3922,"date":"2017-10-08T16:09:13","date_gmt":"2017-10-08T14:09:13","guid":{"rendered":"https:\/\/anasounds.com\/?post_type=product&#038;p=3922"},"modified":"2025-01-17T14:59:55","modified_gmt":"2025-01-17T13:59:55","slug":"crankled-bitoun-fuzz","status":"publish","type":"product","link":"https:\/\/anasounds.com\/fr\/produit\/crankled-bitoun-fuzz\/","title":{"rendered":"crankled bitoun fuzz"},"content":{"rendered":"<h2 style=\"text-align: center;\">PLUS DE STOCK SUR NOTRE SITE INTERNET =&gt; IL EN RESTE CHEZ NOS REVENDEURS PARTENAIRES DEMANDEZ-LEUR!<\/h2>\n<h2 style=\"text-align: center;\">un son bien noisy sans sustain<\/h2>\n<p style=\"text-align: center;\">un jour, un appel de m julien bitoun, sa bitoun fuzz ne fonctionne plus&#8230;au boulot ! nous nous activons pour trouver la cause de la panne.<\/p>\n<p style=\"text-align: center;\">\u00e0 l&rsquo;ouverture du boitier, \u00ab\u00a0surprise\u00a0\u00bb tous les trimpots \u00e9taient \u00e0 fond !<\/p>\n<p style=\"text-align: center;\">en r\u00e9alit\u00e9, ce myst\u00e9rieux et irr\u00e9fl\u00e9chi r\u00e9glage nous a bien impressionn\u00e9!\u00a0le son \u00e9tait proche du cri d&rsquo;un ours re boucl\u00e9 dans une fuzz au germanium.<\/p>\n<p style=\"text-align: center;\">bien \u00e9videmment tous les probl\u00e8mes de bruit ont \u00e9t\u00e9 supprim\u00e9s et la crankled bitoun fuzz est n\u00e9e!<\/p>\n<h2 style=\"text-align: center;\">les r\u00e9glages<\/h2>\n<p style=\"text-align: center;\">nous voulions insister sur le fait de pouvoir contr\u00f4ler les 2 fuzz!<\/p>\n<p style=\"text-align: center;\">\u00ab\u00a0buzz\u00a0\u00bb pour la partie feed me et \u00ab\u00a0fuzz\u00a0\u00bb pour la superfuzz.<\/p>\n<p style=\"text-align: center;\">sur cette version, il est possible de pousser les 2 fuzz \u00e0 fond car le bias embrasse d\u00e9licatement les relents noisy et lisse le rendu final.<\/p>\n<p style=\"text-align: center;\">n&rsquo;ayez donc point peur de tout mettre \u00e0 fond sans vous soucier, sans perdre quelques dbs d&rsquo;audition.<\/p>\n<h2 style=\"text-align: center;\">\u00e9dition limit\u00e9e<\/h2>\n<p style=\"text-align: center;\">le son \u00e9tant tr\u00e8s sp\u00e9cifique et diff\u00e9rent, et la bitoun fuzz existant d\u00e9j\u00e0, nous avons d\u00e9cid\u00e9 de lancer une toute petite s\u00e9rie de 50 pi\u00e8ces seulement!<\/p>\n<p style=\"text-align: center;\">et voil\u00e0 l&rsquo;opportunit\u00e9 pour nos plus grands fans d&rsquo;avoir un produit unique en exclusivit\u00e9! alors vous attendez quoi ?<\/p>\n<p style=\"text-align: center;\">les r\u00e9glages internes, notamment le bias permettent de lib\u00e9rer la b\u00eate et de retourner au son classique d&rsquo;une bitoun fuzz comme vous pouvez le constater \u00e0 la fin de la vid\u00e9o de d\u00e9mo.<\/p>\n<h2 style=\"text-align: center;\">nouvelles fonctionnalit\u00e9s<\/h2>\n<p style=\"text-align: center;\">avec cette \u00e9dition limit\u00e9e, nous allons essayer ensemble 2 nouveaux \u00e9l\u00e9ments :<\/p>\n<p style=\"text-align: center;\">-un switch sans clic fait pour durer plus de 20.000 cycles et toujours true bypass gr\u00e2ce \u00e0 son relais<\/p>\n<p style=\"text-align: center;\">-un logo blanc r\u00e9tro\u00e9clair\u00e9 et taill\u00e9 dans le bambou<\/p>\n","protected":false},"excerpt":{"rendered":"<p style=\"text-align: center;\">apprenez \u00e0 ma\u00eetriser la b\u00eate!<\/p>\n<p style=\"text-align: center;\">seulement 50 pi\u00e8ces dans le monde.<\/p>\n<p style=\"text-align: center;\"><a href=\"https:\/\/www.google.fr\/shopping\/product\/12669125044998819728?q=crankled+bitoun+fuzz&amp;num=100&amp;client=safari&amp;rls=en&amp;dcr=0&amp;biw=1680&amp;bih=909&amp;prds=hsec:online,paur:ClkAsKraXx8iNeACOCR8BaL_ZgZ0-604VR0WWgZ6kWduOdVAAu9JiW_c2mh7_hCXEz5yDmO9ANOGb58EbfpmeEGnrF0eWM5cxxO4o3fjaKQvcLcwywrp85pseBIZAFPVH70TPMTfVhX6s7ehZocHZjnny7ceew&amp;sa=X&amp;ved=0ahUKEwjl6r6AgtDYAhWPr6QKHc3uBmkQ2SsIEA\">d&rsquo;autres en stock chez nos partenaires<\/a><\/p>\n","protected":false},"featured_media":3964,"comment_status":"open","ping_status":"closed","template":"","meta":[],"product_brand":[],"product_cat":[417],"product_tag":[72,404,405,67],"class_list":{"0":"post-3922","1":"product","2":"type-product","3":"status-publish","4":"has-post-thumbnail","6":"product_cat-just-arrived","7":"product_tag-bitoun-fuzz","8":"product_tag-crankled","9":"product_tag-crankled-bitoun-fuzz","10":"product_tag-fuzz","12":"first","13":"outofstock","14":"taxable","15":"shipping-taxable","16":"purchasable","17":"product-type-simple"},"supplier_id":83515,"supplier_sku":"","barcode":null,"atum_controlled":true,"out_stock_date":"2022-07-05 10:40:24","out_stock_threshold":null,"inheritable":false,"inbound_stock":0,"stock_on_hold":0,"sold_today":0,"sales_last_days":0,"reserved_stock":0,"customer_returns":0,"warehouse_damage":0,"lost_in_post":0,"other_logs":0,"out_stock_days":1379,"lost_sales":0,"has_location":false,"update_date":"2026-04-15T01:05:47","atum_locations":[],"atum_stock_status":"outofstock","restock_status":false,"low_stock_amount":"","sales_update_date":"2026-04-15T01:05:47","calc_backorders":null,"yoast_head":"<!-- This site is optimized with the Yoast SEO plugin v26.5 - https:\/\/yoast.com\/wordpress\/plugins\/seo\/ -->\n<title>crankled bitoun fuzz | Anasounds<\/title>\n<meta name=\"robots\" content=\"index, follow, max-snippet:-1, max-image-preview:large, max-video-preview:-1\" \/>\n<link rel=\"canonical\" href=\"https:\/\/anasounds.com\/fr\/produit\/crankled-bitoun-fuzz\/\" \/>\n<meta property=\"og:locale\" content=\"fr_FR\" \/>\n<meta property=\"og:type\" content=\"article\" \/>\n<meta property=\"og:title\" content=\"crankled bitoun fuzz | Anasounds\" \/>\n<meta property=\"og:description\" content=\"apprenez \u00e0 ma\u00eetriser la b\u00eate! seulement 50 pi\u00e8ces dans le monde. d&#039;autres en stock chez nos partenaires\" \/>\n<meta property=\"og:url\" content=\"https:\/\/anasounds.com\/fr\/produit\/crankled-bitoun-fuzz\/\" \/>\n<meta property=\"og:site_name\" content=\"Anasounds\" \/>\n<meta property=\"article:publisher\" content=\"https:\/\/www.facebook.com\/AnasoundsFX\/\" \/>\n<meta property=\"article:modified_time\" content=\"2025-01-17T13:59:55+00:00\" \/>\n<meta property=\"og:image\" content=\"https:\/\/anasounds.com\/wp-content\/uploads\/2017\/10\/crankled-face-web.png\" \/>\n\t<meta property=\"og:image:width\" content=\"1200\" \/>\n\t<meta property=\"og:image:height\" content=\"1200\" \/>\n\t<meta property=\"og:image:type\" content=\"image\/png\" \/>\n<meta name=\"twitter:card\" content=\"summary_large_image\" \/>\n<meta name=\"twitter:label1\" content=\"Dur\u00e9e de lecture estim\u00e9e\" \/>\n\t<meta name=\"twitter:data1\" content=\"2 minutes\" \/>\n<script type=\"application\/ld+json\" class=\"yoast-schema-graph\">{\"@context\":\"https:\/\/schema.org\",\"@graph\":[{\"@type\":\"WebPage\",\"@id\":\"https:\/\/anasounds.com\/fr\/produit\/crankled-bitoun-fuzz\/\",\"url\":\"https:\/\/anasounds.com\/fr\/produit\/crankled-bitoun-fuzz\/\",\"name\":\"crankled bitoun fuzz | Anasounds\",\"isPartOf\":{\"@id\":\"https:\/\/anasounds.com\/#website\"},\"primaryImageOfPage\":{\"@id\":\"https:\/\/anasounds.com\/fr\/produit\/crankled-bitoun-fuzz\/#primaryimage\"},\"image\":{\"@id\":\"https:\/\/anasounds.com\/fr\/produit\/crankled-bitoun-fuzz\/#primaryimage\"},\"thumbnailUrl\":\"https:\/\/anasounds.com\/wp-content\/uploads\/2017\/10\/crankled-face-web.png\",\"datePublished\":\"2017-10-08T14:09:13+00:00\",\"dateModified\":\"2025-01-17T13:59:55+00:00\",\"breadcrumb\":{\"@id\":\"https:\/\/anasounds.com\/fr\/produit\/crankled-bitoun-fuzz\/#breadcrumb\"},\"inLanguage\":\"fr-FR\",\"potentialAction\":[{\"@type\":\"ReadAction\",\"target\":[\"https:\/\/anasounds.com\/fr\/produit\/crankled-bitoun-fuzz\/\"]}]},{\"@type\":\"ImageObject\",\"inLanguage\":\"fr-FR\",\"@id\":\"https:\/\/anasounds.com\/fr\/produit\/crankled-bitoun-fuzz\/#primaryimage\",\"url\":\"https:\/\/anasounds.com\/wp-content\/uploads\/2017\/10\/crankled-face-web.png\",\"contentUrl\":\"https:\/\/anasounds.com\/wp-content\/uploads\/2017\/10\/crankled-face-web.png\",\"width\":1200,\"height\":1200},{\"@type\":\"BreadcrumbList\",\"@id\":\"https:\/\/anasounds.com\/fr\/produit\/crankled-bitoun-fuzz\/#breadcrumb\",\"itemListElement\":[{\"@type\":\"ListItem\",\"position\":1,\"name\":\"Home\",\"item\":\"https:\/\/anasounds.com\/fr\/\"},{\"@type\":\"ListItem\",\"position\":2,\"name\":\"boutique\",\"item\":\"https:\/\/anasounds.com\/fr\/shop\/\"},{\"@type\":\"ListItem\",\"position\":3,\"name\":\"crankled bitoun fuzz\"}]},{\"@type\":\"WebSite\",\"@id\":\"https:\/\/anasounds.com\/#website\",\"url\":\"https:\/\/anasounds.com\/\",\"name\":\"Anasounds\",\"description\":\"P\u00e9dales \u00e0 la Fran\u00e7aise\",\"publisher\":{\"@id\":\"https:\/\/anasounds.com\/#organization\"},\"potentialAction\":[{\"@type\":\"SearchAction\",\"target\":{\"@type\":\"EntryPoint\",\"urlTemplate\":\"https:\/\/anasounds.com\/?s={search_term_string}\"},\"query-input\":{\"@type\":\"PropertyValueSpecification\",\"valueRequired\":true,\"valueName\":\"search_term_string\"}}],\"inLanguage\":\"fr-FR\"},{\"@type\":\"Organization\",\"@id\":\"https:\/\/anasounds.com\/#organization\",\"name\":\"Anasounds\",\"url\":\"https:\/\/anasounds.com\/\",\"logo\":{\"@type\":\"ImageObject\",\"inLanguage\":\"fr-FR\",\"@id\":\"https:\/\/anasounds.com\/#\/schema\/logo\/image\/\",\"url\":\"https:\/\/anasounds.com\/wp-content\/uploads\/2017\/10\/Logomadeinfrnoirblc.png\",\"contentUrl\":\"https:\/\/anasounds.com\/wp-content\/uploads\/2017\/10\/Logomadeinfrnoirblc.png\",\"width\":300,\"height\":300,\"caption\":\"Anasounds\"},\"image\":{\"@id\":\"https:\/\/anasounds.com\/#\/schema\/logo\/image\/\"},\"sameAs\":[\"https:\/\/www.facebook.com\/AnasoundsFX\/\",\"https:\/\/www.instagram.com\/anasounds\/\",\"https:\/\/www.youtube.com\/user\/AnaSoundsFR\"]}]}<\/script>\n<!-- \/ Yoast SEO plugin. -->","yoast_head_json":{"title":"crankled bitoun fuzz | Anasounds","robots":{"index":"index","follow":"follow","max-snippet":"max-snippet:-1","max-image-preview":"max-image-preview:large","max-video-preview":"max-video-preview:-1"},"canonical":"https:\/\/anasounds.com\/fr\/produit\/crankled-bitoun-fuzz\/","og_locale":"fr_FR","og_type":"article","og_title":"crankled bitoun fuzz | Anasounds","og_description":"apprenez \u00e0 ma\u00eetriser la b\u00eate! seulement 50 pi\u00e8ces dans le monde. d'autres en stock chez nos partenaires","og_url":"https:\/\/anasounds.com\/fr\/produit\/crankled-bitoun-fuzz\/","og_site_name":"Anasounds","article_publisher":"https:\/\/www.facebook.com\/AnasoundsFX\/","article_modified_time":"2025-01-17T13:59:55+00:00","og_image":[{"width":1200,"height":1200,"url":"https:\/\/anasounds.com\/wp-content\/uploads\/2017\/10\/crankled-face-web.png","type":"image\/png"}],"twitter_card":"summary_large_image","twitter_misc":{"Dur\u00e9e de lecture estim\u00e9e":"2 minutes"},"schema":{"@context":"https:\/\/schema.org","@graph":[{"@type":"WebPage","@id":"https:\/\/anasounds.com\/fr\/produit\/crankled-bitoun-fuzz\/","url":"https:\/\/anasounds.com\/fr\/produit\/crankled-bitoun-fuzz\/","name":"crankled bitoun fuzz | Anasounds","isPartOf":{"@id":"https:\/\/anasounds.com\/#website"},"primaryImageOfPage":{"@id":"https:\/\/anasounds.com\/fr\/produit\/crankled-bitoun-fuzz\/#primaryimage"},"image":{"@id":"https:\/\/anasounds.com\/fr\/produit\/crankled-bitoun-fuzz\/#primaryimage"},"thumbnailUrl":"https:\/\/anasounds.com\/wp-content\/uploads\/2017\/10\/crankled-face-web.png","datePublished":"2017-10-08T14:09:13+00:00","dateModified":"2025-01-17T13:59:55+00:00","breadcrumb":{"@id":"https:\/\/anasounds.com\/fr\/produit\/crankled-bitoun-fuzz\/#breadcrumb"},"inLanguage":"fr-FR","potentialAction":[{"@type":"ReadAction","target":["https:\/\/anasounds.com\/fr\/produit\/crankled-bitoun-fuzz\/"]}]},{"@type":"ImageObject","inLanguage":"fr-FR","@id":"https:\/\/anasounds.com\/fr\/produit\/crankled-bitoun-fuzz\/#primaryimage","url":"https:\/\/anasounds.com\/wp-content\/uploads\/2017\/10\/crankled-face-web.png","contentUrl":"https:\/\/anasounds.com\/wp-content\/uploads\/2017\/10\/crankled-face-web.png","width":1200,"height":1200},{"@type":"BreadcrumbList","@id":"https:\/\/anasounds.com\/fr\/produit\/crankled-bitoun-fuzz\/#breadcrumb","itemListElement":[{"@type":"ListItem","position":1,"name":"Home","item":"https:\/\/anasounds.com\/fr\/"},{"@type":"ListItem","position":2,"name":"boutique","item":"https:\/\/anasounds.com\/fr\/shop\/"},{"@type":"ListItem","position":3,"name":"crankled bitoun fuzz"}]},{"@type":"WebSite","@id":"https:\/\/anasounds.com\/#website","url":"https:\/\/anasounds.com\/","name":"Anasounds","description":"P\u00e9dales \u00e0 la Fran\u00e7aise","publisher":{"@id":"https:\/\/anasounds.com\/#organization"},"potentialAction":[{"@type":"SearchAction","target":{"@type":"EntryPoint","urlTemplate":"https:\/\/anasounds.com\/?s={search_term_string}"},"query-input":{"@type":"PropertyValueSpecification","valueRequired":true,"valueName":"search_term_string"}}],"inLanguage":"fr-FR"},{"@type":"Organization","@id":"https:\/\/anasounds.com\/#organization","name":"Anasounds","url":"https:\/\/anasounds.com\/","logo":{"@type":"ImageObject","inLanguage":"fr-FR","@id":"https:\/\/anasounds.com\/#\/schema\/logo\/image\/","url":"https:\/\/anasounds.com\/wp-content\/uploads\/2017\/10\/Logomadeinfrnoirblc.png","contentUrl":"https:\/\/anasounds.com\/wp-content\/uploads\/2017\/10\/Logomadeinfrnoirblc.png","width":300,"height":300,"caption":"Anasounds"},"image":{"@id":"https:\/\/anasounds.com\/#\/schema\/logo\/image\/"},"sameAs":["https:\/\/www.facebook.com\/AnasoundsFX\/","https:\/\/www.instagram.com\/anasounds\/","https:\/\/www.youtube.com\/user\/AnaSoundsFR"]}]}},"_links":{"self":[{"href":"https:\/\/anasounds.com\/fr\/wp-json\/wp\/v2\/product\/3922","targetHints":{"allow":["GET"]}}],"collection":[{"href":"https:\/\/anasounds.com\/fr\/wp-json\/wp\/v2\/product"}],"about":[{"href":"https:\/\/anasounds.com\/fr\/wp-json\/wp\/v2\/types\/product"}],"replies":[{"embeddable":true,"href":"https:\/\/anasounds.com\/fr\/wp-json\/wp\/v2\/comments?post=3922"}],"wp:featuredmedia":[{"embeddable":true,"href":"https:\/\/anasounds.com\/fr\/wp-json\/wp\/v2\/media\/3964"}],"wp:attachment":[{"href":"https:\/\/anasounds.com\/fr\/wp-json\/wp\/v2\/media?parent=3922"}],"wp:term":[{"taxonomy":"product_brand","embeddable":true,"href":"https:\/\/anasounds.com\/fr\/wp-json\/wp\/v2\/product_brand?post=3922"},{"taxonomy":"product_cat","embeddable":true,"href":"https:\/\/anasounds.com\/fr\/wp-json\/wp\/v2\/product_cat?post=3922"},{"taxonomy":"product_tag","embeddable":true,"href":"https:\/\/anasounds.com\/fr\/wp-json\/wp\/v2\/product_tag?post=3922"}],"curies":[{"name":"wp","href":"https:\/\/api.w.org\/{rel}","templated":true}]}}