{"id":39270,"date":"2020-05-02T18:49:08","date_gmt":"2020-05-02T16:49:08","guid":{"rendered":"https:\/\/anasounds.com\/?post_type=product&#038;p=39270"},"modified":"2025-02-27T17:55:22","modified_gmt":"2025-02-27T16:55:22","slug":"outils-pour-pedales-deffet-set-complet-niveau-experimente","status":"publish","type":"product","link":"https:\/\/anasounds.com\/fr\/produit\/outils-pour-pedales-deffet-set-complet-niveau-experimente\/","title":{"rendered":"Outils pour p\u00e9dales d&rsquo;effet et c\u00e2bles jack, pack complet | Niveau : Exp\u00e9riment\u00e9"},"content":{"rendered":"<h2 style=\"text-align: center;\">je diy avec classe !<\/h2>\n<p style=\"text-align: center;\">Dans ce pack tu as des outils pour p\u00e9dale d&rsquo;effet te permettant de r\u00e9aliser la plupart de nos projets,<br \/>\net d\u00e9marrer ton aventure dans de bonnes conditions !<br \/>\nTu as aussi de quoi assembler tous les c\u00e2bles dont tu as besoin pour c\u00e2bler ton pedalboard.<br \/>\nTu peux retrouver nos s\u00e9lections dans cet <a href=\"https:\/\/anasounds.com\/fr\/notre-selection-doutils-pour-fabriquer-des-pedales-deffet\/\" target=\"_blank\" rel=\"noopener noreferrer\">article de blog.<\/a><\/p>\n<p style=\"text-align: center;\">Il est adapt\u00e9 pour une utilisation r\u00e9guli\u00e8re en labo de prototypage.<br \/>\nC&rsquo;est \u00e0 dire qu&rsquo;on le conseil pour un maker qui r\u00e9alise jusqu&rsquo;\u00e0 une dizaine de p\u00e9dales par semaine.<br \/>\nAu del\u00e0, en fait ce kit permettra toujours de faire de belles soudures et de bien assembler tes p\u00e9dales,<br \/>\nmais tu sentiras vite que les outils ne seront pas assez bien dimensionn\u00e9s pour aller plus vite et faire de plus grand volumes.<\/p>\n<p style=\"text-align: center;\">Bref, si \u00e0 l&rsquo;\u00e9poque quand je d\u00e9marrais j&rsquo;avais eu la chance de m&rsquo;offrir ce kit j&rsquo;aurais gagn\u00e9 beaucoup de temps \u00e0 faire du bon travail et \u00e0 \u00e9viter de jeter du mat\u00e9riel low cost trouv\u00e9 sur la toile.<\/p>\n<h2 style=\"text-align: center;\">contenu du kit : 21 articles !<\/h2>\n<p style=\"text-align: center;\">Un <a href=\"http:\/\/bit.ly\/2Xi11cu\" target=\"_blank\" rel=\"noopener noreferrer\">fer \u00e0 souder<\/a> de la marque Japonaise, Goot. 30W. Enti\u00e8rement d\u00e9montable, r\u00e9visable et garanti par notre fournisseur.<br \/>\nIl marche tr\u00e8s bien pour de la soudure sans plomb et les pannes tiennent dans le temps.<br \/>\nSa limite c&rsquo;est le temps de chauffe qui fait que les soudures sont plus longues \u00e0 r\u00e9aliser qu&rsquo;avec une vraie station professionnelle.<br \/>\nMais on l&rsquo;a choisi car la qualit\u00e9 est au rendez-vous !<br \/>\nC&rsquo;est beaucoup mieux que ces fers qui chauffent \u00e0 burne puis qu&rsquo;on retrouve 5min plus tard avec une panne toute cram\u00e9e.<\/p>\n<p style=\"text-align: center;\">De l&rsquo;<a href=\"https:\/\/anasounds.com\/produit\/100g-lead-free-tin\/\" target=\"_blank\" rel=\"noopener noreferrer\">\u00e9tain sans plomb, 100g<\/a>, Sn99.3 Cu0.7 de 1mm de diam\u00e8tre.<br \/>\nTest\u00e9 et approuv\u00e9 pour un bon r\u00e9sultat sans prise de t\u00eate.<\/p>\n<p style=\"text-align: center;\">Un <a href=\"https:\/\/anasounds.com\/fr\/produit\/support-de-fer-a-souder-2-en-1\/\" target=\"_blank\" rel=\"noopener noreferrer\">support de fer \u00e0 souder 2 en 1<\/a>. C&rsquo;est vital si on veut \u00e9viter de se cramer. Et il te permet de nettoyer la panne de ton fer !<\/p>\n<p style=\"text-align: center;\">Une <a href=\"https:\/\/anasounds.com\/fr\/produit\/pince-coupante-pro\/\" target=\"_blank\" rel=\"noopener noreferrer\">pince coupante pro<\/a>, on utilise la m\u00eame pour notre production sauf qu&rsquo;on l&rsquo;utilise tellement<br \/>\nqu&rsquo;on la change tous les trimestres. Mais bon pour du DIY tu l&rsquo;auras plusieurs ann\u00e9es !<\/p>\n<p style=\"text-align: center;\">Une <a href=\"https:\/\/anasounds.com\/fr\/produit\/pince-a-bec-coude-45\/\" target=\"_blank\" rel=\"noopener noreferrer\">pince \u00e0 bec<\/a> pli\u00e9e \u00e0 45\u00b0. Tr\u00e8s pratique pour attraper des fils et acc\u00e9der \u00e0 tous les recoins !<\/p>\n<p style=\"text-align: center;\">Un <a href=\"http:\/\/bit.ly\/2Lnab1S\" target=\"_blank\" rel=\"noopener noreferrer\">tournevis plat<\/a>. Un tournevis quoi. Tu dois d\u00e9j\u00e0 en avoir 10 ou 12 \u00e0 la maison mais \u00e7a se perd aussi vite que les m\u00e9diators !<\/p>\n<p style=\"text-align: center;\">Un <a href=\"http:\/\/bit.ly\/2WNy7wm\" target=\"_blank\" rel=\"noopener noreferrer\">tournevis Phillips<\/a> PHOO. Tu savais qu&rsquo;on dit souvent cruciforme \u00e0 tord, alors que c&rsquo;est une t\u00eate Phillips ?<\/p>\n<p style=\"text-align: center;\">Une <a href=\"https:\/\/anasounds.com\/fr\/produit\/panne-tournevis-de-rechange-pour-cxr41\/\" target=\"_blank\" rel=\"noopener noreferrer\">panne plate<\/a> pour ton <a href=\"https:\/\/anasounds.com\/fr\/produit\/fer-a-souder-pour-fx-maker-confirme\/\" target=\"_blank\" rel=\"noopener noreferrer\">fer \u00e0 souder CXR41<\/a> car on consid\u00e8re que c&rsquo;est vital !<\/p>\n<p style=\"text-align: center;\">Un <a href=\"https:\/\/anasounds.com\/fr\/produit\/testeur-methode-fx-teacher\/\" target=\"_blank\" rel=\"noopener noreferrer\">kit de testeur FX Teacher<\/a> pour profiter pleinement de l&rsquo;exp\u00e9rience !<\/p>\n<p style=\"text-align: center;\">Un <a href=\"https:\/\/anasounds.com\/fr\/produit\/support-rotatif-pour-pcb-niveau-tous\/\" target=\"_blank\" rel=\"noopener noreferrer\">support rotatif pour PCB<\/a> afin de souder dans le confort, la bonne humeur et sans erreurs !<\/p>\n<p style=\"text-align: center;\">Une <a href=\"https:\/\/anasounds.com\/fr\/produit\/cle-a-molette-ct026\/\" target=\"_blank\" rel=\"noopener noreferrer\">cl\u00e9 \u00e0 molette<\/a> pour faire du beau travail d&rsquo;assemblage et \u00e7a servira \u00e0 tous tes bricolages.<\/p>\n<p style=\"text-align: center;\">Un <a href=\"https:\/\/anasounds.com\/fr\/produit\/flux-renovateur-flux-pen\/\" target=\"_blank\" rel=\"noopener noreferrer\">stylo flux<\/a>, c&rsquo;est super pour reprendre une vieille soudure, un coup de stylo et la tresse pour faire son travail.<\/p>\n<p style=\"text-align: center;\">Tiens d&rsquo;ailleurs, il y a \u00e9galement un rouleau de <a href=\"https:\/\/anasounds.com\/fr\/produit\/tresse-etamee-ece02-2mm\/\" target=\"_blank\" rel=\"noopener noreferrer\">tresse \u00e0 dessouder<\/a> et une <a href=\"https:\/\/anasounds.com\/fr\/produit\/pompe-a-dessouder\/\">pompe \u00e0 dessouder<\/a>. Evidemment, pour r\u00e9parer les erreurs c&rsquo;est plut\u00f4t g\u00e9nial !<\/p>\n<p style=\"text-align: center;\">Un <a href=\"https:\/\/anasounds.com\/fr\/produit\/renovateur-de-panne-bs2\/\" target=\"_blank\" rel=\"noopener noreferrer\">r\u00e9novateur de panne<\/a>, car c&rsquo;est carr\u00e9ment essentiel pour faire une soudure parfaite et garder ta panne plus longtemps !<\/p>\n<p style=\"text-align: center;\">Une <a href=\"https:\/\/anasounds.com\/fr\/produit\/pince-a-denuder-multifonction-parfaite-pour-faire-ses-propres-cables-jack-et-patch\/\" target=\"_blank\" rel=\"noopener noreferrer\">pince \u00e0 d\u00e9nuder multifonctions<\/a>, pour pr\u00e9parer tranquillement ses fils et c\u00e2bles pour jacks avec un outil incassable !<\/p>\n<p style=\"text-align: center;\">Une <a href=\"https:\/\/anasounds.com\/fr\/produit\/3eme-main\/\" target=\"_blank\" rel=\"noopener noreferrer\">3\u00e8me main avec loupe<\/a>, \u00e7a aide \u00e0 c\u00e2bler, \u00e0 voir ce qu&rsquo;on fait quand les yeux fatiguent&#8230; Vraiment sympa !<\/p>\n<p style=\"text-align: center;\">Une <a href=\"https:\/\/anasounds.com\/fr\/produit\/1spot-alim9v\/\" target=\"_blank\" rel=\"noopener noreferrer\">alim 1 Spot<\/a> pour alimenter ta p\u00e9dale mais aussi et surtout le testeur FX Teacher ! La r\u00e9f\u00e9rence en alim individuelle 9V.<\/p>\n<p style=\"text-align: center;\">Une <a href=\"https:\/\/anasounds.com\/fr\/produit\/pince-coupante-solide-pour-couper-les-cables-de-guitare-et-patch-de-pedalboard\/\">pince coupante solide<\/a>, pour couper le gros c\u00e2ble de tes patchs jack DIY, ou tes cordes de guitare !<\/p>\n<p style=\"text-align: center;\">Un <a href=\"https:\/\/anasounds.com\/fr\/produit\/tournevis-cruciforme-ph2\/\">tournevis PH2<\/a>, pour les connecteurs jack pancake, et pleins d&rsquo;autres choses.<\/p>\n<p style=\"text-align: center;\">Un <a href=\"https:\/\/anasounds.com\/fr\/produit\/scalpel-pour-enlever-la-gaine-de-tes-cables-de-guitare-et-pedalboard\/\">scalpel<\/a>, utile aussi pour les jacks DIY !<\/p>\n<h2 style=\"text-align: center;\">origine des produits<\/h2>\n<p style=\"text-align: center;\">Les outils sont forc\u00e9ment fabriqu\u00e9s dans une usine asiatique mais l\u00e0 o\u00f9 on a fait fort,<br \/>\nc&rsquo;est que l&rsquo;importateur est en France et il assurera pour nous le SAV, ce qui montre leur engagement concernant la qualit\u00e9 de ce mat\u00e9riel.<\/p>\n<p style=\"text-align: center;\">Nous avons choisi ce kit car il contient le fer Goot <a href=\"http:\/\/bit.ly\/2Xi11cu\" target=\"_blank\" rel=\"noopener noreferrer\">CXR41<\/a> de 30W que nous avons test\u00e9 et compar\u00e9 avec pr\u00e8s d&rsquo;une douzaine de fers diff\u00e9rents.<br \/>\nIl est \u00e9galement accompagn\u00e9 d&rsquo;accessoires de qualit\u00e9 permettant de r\u00e9aliser tous nos kits sans soucis !<\/p>\n","protected":false},"excerpt":{"rendered":"<p style=\"text-align: left;\">Avec ce kit tu peux r\u00e9aliser la plupart de nos tutos et d\u00e9marrer avec du matos de qualit\u00e9 !<br \/>\nIl est adapt\u00e9 pour une utilisation r\u00e9guli\u00e8re, c&rsquo;est \u00e0 dire jusqu&rsquo;\u00e0 10 p\u00e9dales par semaine.<br \/>\nC&rsquo;est le matos qu&rsquo;on utilise dans notre labo de prototypage et pendant les masterclass !<\/p>\n","protected":false},"featured_media":19357,"comment_status":"open","ping_status":"closed","template":"","meta":[],"product_brand":[],"product_cat":[522,1047,1048,1049],"product_tag":[533,523,173,532,535,531,182,527,534,528],"class_list":{"0":"post-39270","1":"product","2":"type-product","3":"status-publish","4":"has-post-thumbnail","6":"product_cat-outils-fx-teacher","7":"product_cat-outils-pour-pedales","8":"product_cat-outils-pour-cables-diy","9":"product_cat-packs-doutils","10":"product_tag-etain","11":"product_tag-fer-a-souder","12":"product_tag-jack","13":"product_tag-kit-demarrage","14":"product_tag-mallette","15":"product_tag-outils","16":"product_tag-patch","17":"product_tag-pince","18":"product_tag-pompe","19":"product_tag-soudure","21":"first","22":"instock","23":"taxable","24":"shipping-taxable","25":"purchasable","26":"product-type-simple"},"supplier_id":83515,"supplier_sku":"","barcode":null,"atum_controlled":true,"out_stock_date":null,"out_stock_threshold":null,"inheritable":false,"inbound_stock":0,"stock_on_hold":0,"sold_today":0,"sales_last_days":0,"reserved_stock":0,"customer_returns":0,"warehouse_damage":0,"lost_in_post":0,"other_logs":0,"out_stock_days":0,"lost_sales":0,"has_location":false,"update_date":"2026-04-15T01:06:18","atum_locations":[],"atum_stock_status":"instock","restock_status":false,"low_stock_amount":"","sales_update_date":"2026-04-15T01:06:18","calc_backorders":0,"yoast_head":"<!-- This site is optimized with the Yoast SEO plugin v26.5 - https:\/\/yoast.com\/wordpress\/plugins\/seo\/ -->\n<title>Outils pour p\u00e9dale d&#039;effet, pack complet | Anasounds<\/title>\n<meta name=\"description\" content=\"Un pack contenant fer \u00e0 souder, pinces, pompe \u00e0 dessouder, \u00e9tain, etc... Tous les outils pour r\u00e9aliser ta premi\u00e8re p\u00e9dale d&#039;effet et bien plus...!\" \/>\n<meta name=\"robots\" content=\"index, follow, max-snippet:-1, max-image-preview:large, max-video-preview:-1\" \/>\n<link rel=\"canonical\" href=\"https:\/\/anasounds.com\/fr\/produit\/outils-pour-pedales-deffet-set-complet-niveau-experimente\/\" \/>\n<meta property=\"og:locale\" content=\"fr_FR\" \/>\n<meta property=\"og:type\" content=\"article\" \/>\n<meta property=\"og:title\" content=\"Outils pour p\u00e9dale d&#039;effet, pack complet | Anasounds\" \/>\n<meta property=\"og:description\" content=\"Un pack contenant fer \u00e0 souder, pinces, pompe \u00e0 dessouder, \u00e9tain, etc... Tous les outils pour r\u00e9aliser ta premi\u00e8re p\u00e9dale d&#039;effet et bien plus...!\" \/>\n<meta property=\"og:url\" content=\"https:\/\/anasounds.com\/fr\/produit\/outils-pour-pedales-deffet-set-complet-niveau-experimente\/\" \/>\n<meta property=\"og:site_name\" content=\"Anasounds\" \/>\n<meta property=\"article:publisher\" content=\"https:\/\/www.facebook.com\/AnasoundsFX\/\" \/>\n<meta property=\"article:modified_time\" content=\"2025-02-27T16:55:22+00:00\" \/>\n<meta property=\"og:image\" content=\"https:\/\/anasounds.com\/wp-content\/uploads\/2019\/07\/bench-cablages.jpg\" \/>\n\t<meta property=\"og:image:width\" content=\"1500\" \/>\n\t<meta property=\"og:image:height\" content=\"923\" \/>\n\t<meta property=\"og:image:type\" content=\"image\/jpeg\" \/>\n<meta name=\"twitter:card\" content=\"summary_large_image\" \/>\n<meta name=\"twitter:label1\" content=\"Dur\u00e9e de lecture estim\u00e9e\" \/>\n\t<meta name=\"twitter:data1\" content=\"4 minutes\" \/>\n<script type=\"application\/ld+json\" class=\"yoast-schema-graph\">{\"@context\":\"https:\/\/schema.org\",\"@graph\":[{\"@type\":\"WebPage\",\"@id\":\"https:\/\/anasounds.com\/fr\/produit\/outils-pour-pedales-deffet-set-complet-niveau-experimente\/\",\"url\":\"https:\/\/anasounds.com\/fr\/produit\/outils-pour-pedales-deffet-set-complet-niveau-experimente\/\",\"name\":\"Outils pour p\u00e9dale d'effet, pack complet | Anasounds\",\"isPartOf\":{\"@id\":\"https:\/\/anasounds.com\/#website\"},\"primaryImageOfPage\":{\"@id\":\"https:\/\/anasounds.com\/fr\/produit\/outils-pour-pedales-deffet-set-complet-niveau-experimente\/#primaryimage\"},\"image\":{\"@id\":\"https:\/\/anasounds.com\/fr\/produit\/outils-pour-pedales-deffet-set-complet-niveau-experimente\/#primaryimage\"},\"thumbnailUrl\":\"https:\/\/anasounds.com\/wp-content\/uploads\/2019\/07\/bench-cablages.jpg\",\"datePublished\":\"2020-05-02T16:49:08+00:00\",\"dateModified\":\"2025-02-27T16:55:22+00:00\",\"description\":\"Un pack contenant fer \u00e0 souder, pinces, pompe \u00e0 dessouder, \u00e9tain, etc... Tous les outils pour r\u00e9aliser ta premi\u00e8re p\u00e9dale d'effet et bien plus...!\",\"breadcrumb\":{\"@id\":\"https:\/\/anasounds.com\/fr\/produit\/outils-pour-pedales-deffet-set-complet-niveau-experimente\/#breadcrumb\"},\"inLanguage\":\"fr-FR\",\"potentialAction\":[{\"@type\":\"ReadAction\",\"target\":[\"https:\/\/anasounds.com\/fr\/produit\/outils-pour-pedales-deffet-set-complet-niveau-experimente\/\"]}]},{\"@type\":\"ImageObject\",\"inLanguage\":\"fr-FR\",\"@id\":\"https:\/\/anasounds.com\/fr\/produit\/outils-pour-pedales-deffet-set-complet-niveau-experimente\/#primaryimage\",\"url\":\"https:\/\/anasounds.com\/wp-content\/uploads\/2019\/07\/bench-cablages.jpg\",\"contentUrl\":\"https:\/\/anasounds.com\/wp-content\/uploads\/2019\/07\/bench-cablages.jpg\",\"width\":1500,\"height\":923},{\"@type\":\"BreadcrumbList\",\"@id\":\"https:\/\/anasounds.com\/fr\/produit\/outils-pour-pedales-deffet-set-complet-niveau-experimente\/#breadcrumb\",\"itemListElement\":[{\"@type\":\"ListItem\",\"position\":1,\"name\":\"Home\",\"item\":\"https:\/\/anasounds.com\/fr\/\"},{\"@type\":\"ListItem\",\"position\":2,\"name\":\"boutique\",\"item\":\"https:\/\/anasounds.com\/fr\/shop\/\"},{\"@type\":\"ListItem\",\"position\":3,\"name\":\"Outils pour p\u00e9dales d&#8217;effet et c\u00e2bles jack, pack complet | Niveau : Exp\u00e9riment\u00e9\"}]},{\"@type\":\"WebSite\",\"@id\":\"https:\/\/anasounds.com\/#website\",\"url\":\"https:\/\/anasounds.com\/\",\"name\":\"Anasounds\",\"description\":\"P\u00e9dales \u00e0 la Fran\u00e7aise\",\"publisher\":{\"@id\":\"https:\/\/anasounds.com\/#organization\"},\"potentialAction\":[{\"@type\":\"SearchAction\",\"target\":{\"@type\":\"EntryPoint\",\"urlTemplate\":\"https:\/\/anasounds.com\/?s={search_term_string}\"},\"query-input\":{\"@type\":\"PropertyValueSpecification\",\"valueRequired\":true,\"valueName\":\"search_term_string\"}}],\"inLanguage\":\"fr-FR\"},{\"@type\":\"Organization\",\"@id\":\"https:\/\/anasounds.com\/#organization\",\"name\":\"Anasounds\",\"url\":\"https:\/\/anasounds.com\/\",\"logo\":{\"@type\":\"ImageObject\",\"inLanguage\":\"fr-FR\",\"@id\":\"https:\/\/anasounds.com\/#\/schema\/logo\/image\/\",\"url\":\"https:\/\/anasounds.com\/wp-content\/uploads\/2017\/10\/Logomadeinfrnoirblc.png\",\"contentUrl\":\"https:\/\/anasounds.com\/wp-content\/uploads\/2017\/10\/Logomadeinfrnoirblc.png\",\"width\":300,\"height\":300,\"caption\":\"Anasounds\"},\"image\":{\"@id\":\"https:\/\/anasounds.com\/#\/schema\/logo\/image\/\"},\"sameAs\":[\"https:\/\/www.facebook.com\/AnasoundsFX\/\",\"https:\/\/www.instagram.com\/anasounds\/\",\"https:\/\/www.youtube.com\/user\/AnaSoundsFR\"]}]}<\/script>\n<!-- \/ Yoast SEO plugin. -->","yoast_head_json":{"title":"Outils pour p\u00e9dale d'effet, pack complet | Anasounds","description":"Un pack contenant fer \u00e0 souder, pinces, pompe \u00e0 dessouder, \u00e9tain, etc... Tous les outils pour r\u00e9aliser ta premi\u00e8re p\u00e9dale d'effet et bien plus...!","robots":{"index":"index","follow":"follow","max-snippet":"max-snippet:-1","max-image-preview":"max-image-preview:large","max-video-preview":"max-video-preview:-1"},"canonical":"https:\/\/anasounds.com\/fr\/produit\/outils-pour-pedales-deffet-set-complet-niveau-experimente\/","og_locale":"fr_FR","og_type":"article","og_title":"Outils pour p\u00e9dale d'effet, pack complet | Anasounds","og_description":"Un pack contenant fer \u00e0 souder, pinces, pompe \u00e0 dessouder, \u00e9tain, etc... Tous les outils pour r\u00e9aliser ta premi\u00e8re p\u00e9dale d'effet et bien plus...!","og_url":"https:\/\/anasounds.com\/fr\/produit\/outils-pour-pedales-deffet-set-complet-niveau-experimente\/","og_site_name":"Anasounds","article_publisher":"https:\/\/www.facebook.com\/AnasoundsFX\/","article_modified_time":"2025-02-27T16:55:22+00:00","og_image":[{"width":1500,"height":923,"url":"https:\/\/anasounds.com\/wp-content\/uploads\/2019\/07\/bench-cablages.jpg","type":"image\/jpeg"}],"twitter_card":"summary_large_image","twitter_misc":{"Dur\u00e9e de lecture estim\u00e9e":"4 minutes"},"schema":{"@context":"https:\/\/schema.org","@graph":[{"@type":"WebPage","@id":"https:\/\/anasounds.com\/fr\/produit\/outils-pour-pedales-deffet-set-complet-niveau-experimente\/","url":"https:\/\/anasounds.com\/fr\/produit\/outils-pour-pedales-deffet-set-complet-niveau-experimente\/","name":"Outils pour p\u00e9dale d'effet, pack complet | Anasounds","isPartOf":{"@id":"https:\/\/anasounds.com\/#website"},"primaryImageOfPage":{"@id":"https:\/\/anasounds.com\/fr\/produit\/outils-pour-pedales-deffet-set-complet-niveau-experimente\/#primaryimage"},"image":{"@id":"https:\/\/anasounds.com\/fr\/produit\/outils-pour-pedales-deffet-set-complet-niveau-experimente\/#primaryimage"},"thumbnailUrl":"https:\/\/anasounds.com\/wp-content\/uploads\/2019\/07\/bench-cablages.jpg","datePublished":"2020-05-02T16:49:08+00:00","dateModified":"2025-02-27T16:55:22+00:00","description":"Un pack contenant fer \u00e0 souder, pinces, pompe \u00e0 dessouder, \u00e9tain, etc... Tous les outils pour r\u00e9aliser ta premi\u00e8re p\u00e9dale d'effet et bien plus...!","breadcrumb":{"@id":"https:\/\/anasounds.com\/fr\/produit\/outils-pour-pedales-deffet-set-complet-niveau-experimente\/#breadcrumb"},"inLanguage":"fr-FR","potentialAction":[{"@type":"ReadAction","target":["https:\/\/anasounds.com\/fr\/produit\/outils-pour-pedales-deffet-set-complet-niveau-experimente\/"]}]},{"@type":"ImageObject","inLanguage":"fr-FR","@id":"https:\/\/anasounds.com\/fr\/produit\/outils-pour-pedales-deffet-set-complet-niveau-experimente\/#primaryimage","url":"https:\/\/anasounds.com\/wp-content\/uploads\/2019\/07\/bench-cablages.jpg","contentUrl":"https:\/\/anasounds.com\/wp-content\/uploads\/2019\/07\/bench-cablages.jpg","width":1500,"height":923},{"@type":"BreadcrumbList","@id":"https:\/\/anasounds.com\/fr\/produit\/outils-pour-pedales-deffet-set-complet-niveau-experimente\/#breadcrumb","itemListElement":[{"@type":"ListItem","position":1,"name":"Home","item":"https:\/\/anasounds.com\/fr\/"},{"@type":"ListItem","position":2,"name":"boutique","item":"https:\/\/anasounds.com\/fr\/shop\/"},{"@type":"ListItem","position":3,"name":"Outils pour p\u00e9dales d&#8217;effet et c\u00e2bles jack, pack complet | Niveau : Exp\u00e9riment\u00e9"}]},{"@type":"WebSite","@id":"https:\/\/anasounds.com\/#website","url":"https:\/\/anasounds.com\/","name":"Anasounds","description":"P\u00e9dales \u00e0 la Fran\u00e7aise","publisher":{"@id":"https:\/\/anasounds.com\/#organization"},"potentialAction":[{"@type":"SearchAction","target":{"@type":"EntryPoint","urlTemplate":"https:\/\/anasounds.com\/?s={search_term_string}"},"query-input":{"@type":"PropertyValueSpecification","valueRequired":true,"valueName":"search_term_string"}}],"inLanguage":"fr-FR"},{"@type":"Organization","@id":"https:\/\/anasounds.com\/#organization","name":"Anasounds","url":"https:\/\/anasounds.com\/","logo":{"@type":"ImageObject","inLanguage":"fr-FR","@id":"https:\/\/anasounds.com\/#\/schema\/logo\/image\/","url":"https:\/\/anasounds.com\/wp-content\/uploads\/2017\/10\/Logomadeinfrnoirblc.png","contentUrl":"https:\/\/anasounds.com\/wp-content\/uploads\/2017\/10\/Logomadeinfrnoirblc.png","width":300,"height":300,"caption":"Anasounds"},"image":{"@id":"https:\/\/anasounds.com\/#\/schema\/logo\/image\/"},"sameAs":["https:\/\/www.facebook.com\/AnasoundsFX\/","https:\/\/www.instagram.com\/anasounds\/","https:\/\/www.youtube.com\/user\/AnaSoundsFR"]}]}},"_links":{"self":[{"href":"https:\/\/anasounds.com\/fr\/wp-json\/wp\/v2\/product\/39270","targetHints":{"allow":["GET"]}}],"collection":[{"href":"https:\/\/anasounds.com\/fr\/wp-json\/wp\/v2\/product"}],"about":[{"href":"https:\/\/anasounds.com\/fr\/wp-json\/wp\/v2\/types\/product"}],"replies":[{"embeddable":true,"href":"https:\/\/anasounds.com\/fr\/wp-json\/wp\/v2\/comments?post=39270"}],"wp:featuredmedia":[{"embeddable":true,"href":"https:\/\/anasounds.com\/fr\/wp-json\/wp\/v2\/media\/19357"}],"wp:attachment":[{"href":"https:\/\/anasounds.com\/fr\/wp-json\/wp\/v2\/media?parent=39270"}],"wp:term":[{"taxonomy":"product_brand","embeddable":true,"href":"https:\/\/anasounds.com\/fr\/wp-json\/wp\/v2\/product_brand?post=39270"},{"taxonomy":"product_cat","embeddable":true,"href":"https:\/\/anasounds.com\/fr\/wp-json\/wp\/v2\/product_cat?post=39270"},{"taxonomy":"product_tag","embeddable":true,"href":"https:\/\/anasounds.com\/fr\/wp-json\/wp\/v2\/product_tag?post=39270"}],"curies":[{"name":"wp","href":"https:\/\/api.w.org\/{rel}","templated":true}]}}