{"id":4285,"date":"2017-10-31T15:47:59","date_gmt":"2017-10-31T14:47:59","guid":{"rendered":"https:\/\/anasounds.com\/?post_type=product&#038;p=4285"},"modified":"2022-07-05T12:24:08","modified_gmt":"2022-07-05T10:24:08","slug":"squicher-simple-switcher","status":"publish","type":"product","link":"https:\/\/anasounds.com\/fr\/produit\/squicher-simple-switcher\/","title":{"rendered":"squicher &#8211; simple switcher"},"content":{"rendered":"<h1 style=\"text-align: center;\">squicher<\/h1>\n<p style=\"text-align: center;\">simple d&rsquo;utilisation mais tr\u00e8s utile pour activer le canal d&rsquo;un ampli ou pour interagir avec ses p\u00e9dales sur sc\u00e8ne !<\/p>\n<p style=\"text-align: center;\">facile \u00e0 brancher, seulement un jack mono entre le squicher et le dispositif \u00e0 piloter puis une alimentation 9v si vous souhaitez que la led s&rsquo;\u00e9claire.<\/p>\n","protected":false},"excerpt":{"rendered":"<p style=\"text-align: center;\">simple d&rsquo;utilisation mais tr\u00e8s utile pour activer le canal d&rsquo;un ampli ou pour interagir avec ses p\u00e9dales sur sc\u00e8ne !<\/p>\n","protected":false},"featured_media":4280,"comment_status":"open","ping_status":"closed","template":"","meta":[],"product_brand":[],"product_cat":[264,266],"product_tag":[194],"class_list":{"0":"post-4285","1":"product","2":"type-product","3":"status-publish","4":"has-post-thumbnail","6":"product_cat-utilitaires","7":"product_cat-switcher-fr","8":"product_tag-switcher","10":"first","11":"outofstock","12":"taxable","13":"shipping-taxable","14":"purchasable","15":"product-type-simple"},"supplier_id":83515,"supplier_sku":"","barcode":null,"atum_controlled":true,"out_stock_date":"2022-07-05 10:24:08","out_stock_threshold":null,"inheritable":false,"inbound_stock":0,"stock_on_hold":0,"sold_today":0,"sales_last_days":0,"reserved_stock":0,"customer_returns":0,"warehouse_damage":0,"lost_in_post":0,"other_logs":0,"out_stock_days":1370,"lost_sales":0,"has_location":false,"update_date":"2026-04-06T01:01:16","atum_locations":[],"atum_stock_status":"outofstock","restock_status":false,"low_stock_amount":"","sales_update_date":"2026-04-06T01:01:15","calc_backorders":null,"yoast_head":"<!-- This site is optimized with the Yoast SEO plugin v26.5 - https:\/\/yoast.com\/wordpress\/plugins\/seo\/ -->\n<title>squicher - simple switcher | Anasounds<\/title>\n<meta name=\"robots\" content=\"index, follow, max-snippet:-1, max-image-preview:large, max-video-preview:-1\" \/>\n<link rel=\"canonical\" href=\"https:\/\/anasounds.com\/fr\/produit\/squicher-simple-switcher\/\" \/>\n<meta property=\"og:locale\" content=\"fr_FR\" \/>\n<meta property=\"og:type\" content=\"article\" \/>\n<meta property=\"og:title\" content=\"squicher - simple switcher | Anasounds\" \/>\n<meta property=\"og:description\" content=\"simple d&#039;utilisation mais tr\u00e8s utile pour activer le canal d&#039;un ampli ou pour interagir avec ses p\u00e9dales sur sc\u00e8ne !\" \/>\n<meta property=\"og:url\" content=\"https:\/\/anasounds.com\/fr\/produit\/squicher-simple-switcher\/\" \/>\n<meta property=\"og:site_name\" content=\"Anasounds\" \/>\n<meta property=\"article:publisher\" content=\"https:\/\/www.facebook.com\/AnasoundsFX\/\" \/>\n<meta property=\"article:modified_time\" content=\"2022-07-05T10:24:08+00:00\" \/>\n<meta property=\"og:image\" content=\"https:\/\/anasounds.com\/wp-content\/uploads\/2017\/10\/squicherfaced\u00e9tour\u00e9.jpg\" \/>\n\t<meta property=\"og:image:width\" content=\"2500\" \/>\n\t<meta property=\"og:image:height\" content=\"2503\" \/>\n\t<meta property=\"og:image:type\" content=\"image\/jpeg\" \/>\n<meta name=\"twitter:card\" content=\"summary_large_image\" \/>\n<script type=\"application\/ld+json\" class=\"yoast-schema-graph\">{\"@context\":\"https:\/\/schema.org\",\"@graph\":[{\"@type\":\"WebPage\",\"@id\":\"https:\/\/anasounds.com\/fr\/produit\/squicher-simple-switcher\/\",\"url\":\"https:\/\/anasounds.com\/fr\/produit\/squicher-simple-switcher\/\",\"name\":\"squicher - simple switcher | Anasounds\",\"isPartOf\":{\"@id\":\"https:\/\/anasounds.com\/#website\"},\"primaryImageOfPage\":{\"@id\":\"https:\/\/anasounds.com\/fr\/produit\/squicher-simple-switcher\/#primaryimage\"},\"image\":{\"@id\":\"https:\/\/anasounds.com\/fr\/produit\/squicher-simple-switcher\/#primaryimage\"},\"thumbnailUrl\":\"https:\/\/anasounds.com\/wp-content\/uploads\/2017\/10\/squicherfaced\u00e9tour\u00e9.jpg\",\"datePublished\":\"2017-10-31T14:47:59+00:00\",\"dateModified\":\"2022-07-05T10:24:08+00:00\",\"breadcrumb\":{\"@id\":\"https:\/\/anasounds.com\/fr\/produit\/squicher-simple-switcher\/#breadcrumb\"},\"inLanguage\":\"fr-FR\",\"potentialAction\":[{\"@type\":\"ReadAction\",\"target\":[\"https:\/\/anasounds.com\/fr\/produit\/squicher-simple-switcher\/\"]}]},{\"@type\":\"ImageObject\",\"inLanguage\":\"fr-FR\",\"@id\":\"https:\/\/anasounds.com\/fr\/produit\/squicher-simple-switcher\/#primaryimage\",\"url\":\"https:\/\/anasounds.com\/wp-content\/uploads\/2017\/10\/squicherfaced\u00e9tour\u00e9.jpg\",\"contentUrl\":\"https:\/\/anasounds.com\/wp-content\/uploads\/2017\/10\/squicherfaced\u00e9tour\u00e9.jpg\",\"width\":2500,\"height\":2503},{\"@type\":\"BreadcrumbList\",\"@id\":\"https:\/\/anasounds.com\/fr\/produit\/squicher-simple-switcher\/#breadcrumb\",\"itemListElement\":[{\"@type\":\"ListItem\",\"position\":1,\"name\":\"Home\",\"item\":\"https:\/\/anasounds.com\/fr\/\"},{\"@type\":\"ListItem\",\"position\":2,\"name\":\"boutique\",\"item\":\"https:\/\/anasounds.com\/fr\/shop\/\"},{\"@type\":\"ListItem\",\"position\":3,\"name\":\"squicher &#8211; simple switcher\"}]},{\"@type\":\"WebSite\",\"@id\":\"https:\/\/anasounds.com\/#website\",\"url\":\"https:\/\/anasounds.com\/\",\"name\":\"Anasounds\",\"description\":\"P\u00e9dales \u00e0 la Fran\u00e7aise\",\"publisher\":{\"@id\":\"https:\/\/anasounds.com\/#organization\"},\"potentialAction\":[{\"@type\":\"SearchAction\",\"target\":{\"@type\":\"EntryPoint\",\"urlTemplate\":\"https:\/\/anasounds.com\/?s={search_term_string}\"},\"query-input\":{\"@type\":\"PropertyValueSpecification\",\"valueRequired\":true,\"valueName\":\"search_term_string\"}}],\"inLanguage\":\"fr-FR\"},{\"@type\":\"Organization\",\"@id\":\"https:\/\/anasounds.com\/#organization\",\"name\":\"Anasounds\",\"url\":\"https:\/\/anasounds.com\/\",\"logo\":{\"@type\":\"ImageObject\",\"inLanguage\":\"fr-FR\",\"@id\":\"https:\/\/anasounds.com\/#\/schema\/logo\/image\/\",\"url\":\"https:\/\/anasounds.com\/wp-content\/uploads\/2017\/10\/Logomadeinfrnoirblc.png\",\"contentUrl\":\"https:\/\/anasounds.com\/wp-content\/uploads\/2017\/10\/Logomadeinfrnoirblc.png\",\"width\":300,\"height\":300,\"caption\":\"Anasounds\"},\"image\":{\"@id\":\"https:\/\/anasounds.com\/#\/schema\/logo\/image\/\"},\"sameAs\":[\"https:\/\/www.facebook.com\/AnasoundsFX\/\",\"https:\/\/www.instagram.com\/anasounds\/\",\"https:\/\/www.youtube.com\/user\/AnaSoundsFR\"]}]}<\/script>\n<!-- \/ Yoast SEO plugin. -->","yoast_head_json":{"title":"squicher - simple switcher | Anasounds","robots":{"index":"index","follow":"follow","max-snippet":"max-snippet:-1","max-image-preview":"max-image-preview:large","max-video-preview":"max-video-preview:-1"},"canonical":"https:\/\/anasounds.com\/fr\/produit\/squicher-simple-switcher\/","og_locale":"fr_FR","og_type":"article","og_title":"squicher - simple switcher | Anasounds","og_description":"simple d'utilisation mais tr\u00e8s utile pour activer le canal d'un ampli ou pour interagir avec ses p\u00e9dales sur sc\u00e8ne !","og_url":"https:\/\/anasounds.com\/fr\/produit\/squicher-simple-switcher\/","og_site_name":"Anasounds","article_publisher":"https:\/\/www.facebook.com\/AnasoundsFX\/","article_modified_time":"2022-07-05T10:24:08+00:00","og_image":[{"width":2500,"height":2503,"url":"https:\/\/anasounds.com\/wp-content\/uploads\/2017\/10\/squicherfaced\u00e9tour\u00e9.jpg","type":"image\/jpeg"}],"twitter_card":"summary_large_image","schema":{"@context":"https:\/\/schema.org","@graph":[{"@type":"WebPage","@id":"https:\/\/anasounds.com\/fr\/produit\/squicher-simple-switcher\/","url":"https:\/\/anasounds.com\/fr\/produit\/squicher-simple-switcher\/","name":"squicher - simple switcher | Anasounds","isPartOf":{"@id":"https:\/\/anasounds.com\/#website"},"primaryImageOfPage":{"@id":"https:\/\/anasounds.com\/fr\/produit\/squicher-simple-switcher\/#primaryimage"},"image":{"@id":"https:\/\/anasounds.com\/fr\/produit\/squicher-simple-switcher\/#primaryimage"},"thumbnailUrl":"https:\/\/anasounds.com\/wp-content\/uploads\/2017\/10\/squicherfaced\u00e9tour\u00e9.jpg","datePublished":"2017-10-31T14:47:59+00:00","dateModified":"2022-07-05T10:24:08+00:00","breadcrumb":{"@id":"https:\/\/anasounds.com\/fr\/produit\/squicher-simple-switcher\/#breadcrumb"},"inLanguage":"fr-FR","potentialAction":[{"@type":"ReadAction","target":["https:\/\/anasounds.com\/fr\/produit\/squicher-simple-switcher\/"]}]},{"@type":"ImageObject","inLanguage":"fr-FR","@id":"https:\/\/anasounds.com\/fr\/produit\/squicher-simple-switcher\/#primaryimage","url":"https:\/\/anasounds.com\/wp-content\/uploads\/2017\/10\/squicherfaced\u00e9tour\u00e9.jpg","contentUrl":"https:\/\/anasounds.com\/wp-content\/uploads\/2017\/10\/squicherfaced\u00e9tour\u00e9.jpg","width":2500,"height":2503},{"@type":"BreadcrumbList","@id":"https:\/\/anasounds.com\/fr\/produit\/squicher-simple-switcher\/#breadcrumb","itemListElement":[{"@type":"ListItem","position":1,"name":"Home","item":"https:\/\/anasounds.com\/fr\/"},{"@type":"ListItem","position":2,"name":"boutique","item":"https:\/\/anasounds.com\/fr\/shop\/"},{"@type":"ListItem","position":3,"name":"squicher &#8211; simple switcher"}]},{"@type":"WebSite","@id":"https:\/\/anasounds.com\/#website","url":"https:\/\/anasounds.com\/","name":"Anasounds","description":"P\u00e9dales \u00e0 la Fran\u00e7aise","publisher":{"@id":"https:\/\/anasounds.com\/#organization"},"potentialAction":[{"@type":"SearchAction","target":{"@type":"EntryPoint","urlTemplate":"https:\/\/anasounds.com\/?s={search_term_string}"},"query-input":{"@type":"PropertyValueSpecification","valueRequired":true,"valueName":"search_term_string"}}],"inLanguage":"fr-FR"},{"@type":"Organization","@id":"https:\/\/anasounds.com\/#organization","name":"Anasounds","url":"https:\/\/anasounds.com\/","logo":{"@type":"ImageObject","inLanguage":"fr-FR","@id":"https:\/\/anasounds.com\/#\/schema\/logo\/image\/","url":"https:\/\/anasounds.com\/wp-content\/uploads\/2017\/10\/Logomadeinfrnoirblc.png","contentUrl":"https:\/\/anasounds.com\/wp-content\/uploads\/2017\/10\/Logomadeinfrnoirblc.png","width":300,"height":300,"caption":"Anasounds"},"image":{"@id":"https:\/\/anasounds.com\/#\/schema\/logo\/image\/"},"sameAs":["https:\/\/www.facebook.com\/AnasoundsFX\/","https:\/\/www.instagram.com\/anasounds\/","https:\/\/www.youtube.com\/user\/AnaSoundsFR"]}]}},"_links":{"self":[{"href":"https:\/\/anasounds.com\/fr\/wp-json\/wp\/v2\/product\/4285","targetHints":{"allow":["GET"]}}],"collection":[{"href":"https:\/\/anasounds.com\/fr\/wp-json\/wp\/v2\/product"}],"about":[{"href":"https:\/\/anasounds.com\/fr\/wp-json\/wp\/v2\/types\/product"}],"replies":[{"embeddable":true,"href":"https:\/\/anasounds.com\/fr\/wp-json\/wp\/v2\/comments?post=4285"}],"wp:featuredmedia":[{"embeddable":true,"href":"https:\/\/anasounds.com\/fr\/wp-json\/wp\/v2\/media\/4280"}],"wp:attachment":[{"href":"https:\/\/anasounds.com\/fr\/wp-json\/wp\/v2\/media?parent=4285"}],"wp:term":[{"taxonomy":"product_brand","embeddable":true,"href":"https:\/\/anasounds.com\/fr\/wp-json\/wp\/v2\/product_brand?post=4285"},{"taxonomy":"product_cat","embeddable":true,"href":"https:\/\/anasounds.com\/fr\/wp-json\/wp\/v2\/product_cat?post=4285"},{"taxonomy":"product_tag","embeddable":true,"href":"https:\/\/anasounds.com\/fr\/wp-json\/wp\/v2\/product_tag?post=4285"}],"curies":[{"name":"wp","href":"https:\/\/api.w.org\/{rel}","templated":true}]}}