{"id":43126,"date":"2020-07-16T15:07:15","date_gmt":"2020-07-16T13:07:15","guid":{"rendered":"https:\/\/anasounds.com\/?post_type=product&#038;p=43126"},"modified":"2025-12-21T19:24:47","modified_gmt":"2025-12-21T18:24:47","slug":"aclam-psu-support-universal","status":"publish","type":"product","link":"https:\/\/anasounds.com\/fr\/produit\/aclam-psu-support-universal\/","title":{"rendered":"aclam support d&rsquo;alimentation &#8211; universal"},"content":{"rendered":"<h3 style=\"text-align: center;\">QUE FAIT LE SUPPORT D&rsquo;ALIMENTATION ?<\/h3>\n<p style=\"text-align: center;\">Ce support d&rsquo;alimentation <a href=\"https:\/\/www.aclamguitars.com\/\">Aclam<\/a> universel peut fixer et prot\u00e9ger en toute s\u00e9curit\u00e9 toute alimentation de p\u00e9dale qui ne d\u00e9passe pas<br \/>\n47 mm de hauteur ni 195 mm de largeur. Pour les mod\u00e8les non compatibles en raison des restrictions de taille,<br \/>\nconsultez notre <a href=\"https:\/\/anasounds.com\/fr\/produit\/aclam-support-dalimentation-simple\/\">support d&rsquo;alimentation universel simple<\/a> qui peut accueillir des alimentations \u00e9lectriques<br \/>\njusqu&rsquo;\u00e0 57 mm de hauteur.<br \/>\nCe support n&rsquo;est pas compatible avec les p\u00e9daliers XS1, car ils ne comportent pas de pieds r\u00e9glables par d\u00e9faut et restent \u00e0 plat sur le sol.<\/p>\n<p>&nbsp;<\/p>\n<h3 style=\"text-align: center;\">INT\u00c9GRATION MODULAIRE<\/h3>\n<p style=\"text-align: center;\">Con\u00e7u pour se fixer au p\u00e9dalier \u00e0 l&rsquo;aide des rainures existantes, il peut \u00eatre facilement mont\u00e9 et d\u00e9mont\u00e9 autant de fois que n\u00e9cessaire.<br \/>\nIl permet l&rsquo;utilisation simultan\u00e9e d&rsquo;autres accessoires tels que des <a href=\"\/?p=43016\">Uppers<\/a>, des \u00e9tuis et d&rsquo;autres <a href=\"https:\/\/anasounds.com\/fr\/produit\/aclam-support-dalimentation-simple\/\">supports d&rsquo;alimentation.<\/a><\/p>\n<p>&nbsp;<\/p>\n<h3 style=\"text-align: center;\">LE CONCEPT<\/h3>\n<p style=\"text-align: center;\">Fabriqu\u00e9 en aluminium, ce support d&rsquo;alimentation universel assure une protection robuste pour les meilleures alimentations de p\u00e9dales du march\u00e9.<\/p>\n<p style=\"text-align: center;\">Sa partie avant prot\u00e8ge le c\u00e2blage des d\u00e9connexions et des dommages. Tandis que les faces int\u00e9rieures<br \/>\nantid\u00e9rapantes maintiennent l&rsquo;alimentation de votre p\u00e9dale en toute s\u00e9curit\u00e9.<\/p>\n<p style=\"text-align: center;\">Le trou \u00e0 la base du support d&rsquo;alimentation vous permettra d&rsquo;acheminer les c\u00e2bles de mani\u00e8re ordonn\u00e9e. Vous pouvez \u00e9galement utiliser l&rsquo;une des options de<br \/>\nc\u00e2ble ordonn\u00e9 disponibles pour obtenir une gestion des c\u00e2bles plus propre et plus efficace pour votre p\u00e9dalier personnalis\u00e9.<br \/>\nCet accessoire maintient l&rsquo;alimentation du p\u00e9dalier en ajustant un \u00e9crou en plastique sur le goujon, qui s&rsquo;adaptera \u00e0 la hauteur de l&rsquo;appareil.<\/p>\n","protected":false},"excerpt":{"rendered":"<p style=\"text-align: center;\">Votre p\u00e9dalier est rempli de p\u00e9dales d&rsquo;effets et vous ne voulez pas gaspiller cet espace pr\u00e9cieux en y pla\u00e7ant une alimentation \u00e9lectrique. Le support d&rsquo;alimentation universelle est un must pour les concepteurs de p\u00e9daliers, car il vous permet de placer votre alimentation en toute s\u00e9curit\u00e9 sous le p\u00e9dalier !<\/p>\n","protected":false},"featured_media":43138,"comment_status":"open","ping_status":"closed","template":"","meta":[],"product_brand":[],"product_cat":[751,1054],"product_tag":[715,515,201],"class_list":{"0":"post-43126","1":"product","2":"type-product","3":"status-publish","4":"has-post-thumbnail","6":"product_cat-aclam","7":"product_cat-accessoires-fr-3","8":"product_tag-aclam","9":"product_tag-alimentation","10":"product_tag-pedalboard","12":"first","13":"outofstock","14":"taxable","15":"shipping-taxable","16":"purchasable","17":"product-type-simple"},"supplier_id":83522,"supplier_sku":"","barcode":null,"atum_controlled":true,"out_stock_date":"2025-12-21 19:24:47","out_stock_threshold":null,"inheritable":false,"inbound_stock":0,"stock_on_hold":0,"sold_today":0,"sales_last_days":0,"reserved_stock":0,"customer_returns":0,"warehouse_damage":0,"lost_in_post":0,"other_logs":0,"out_stock_days":119,"lost_sales":0,"has_location":false,"update_date":"2026-04-20T01:09:50","atum_locations":[],"atum_stock_status":"outofstock","restock_status":false,"low_stock_amount":"","sales_update_date":"2026-04-20T01:09:49","calc_backorders":null,"yoast_head":"<!-- This site is optimized with the Yoast SEO plugin v26.5 - https:\/\/yoast.com\/wordpress\/plugins\/seo\/ -->\n<title>aclam support d&#039;alimentation - universal | Anasounds<\/title>\n<meta name=\"description\" content=\"Installez et prot\u00e9gez votre bloc d&#039;alimentation pr\u00e9f\u00e9r\u00e9 sous votre p\u00e9dalier Aclam grace \u00e0 ce support, tout en gardant l&#039;espace au dessus pour vos p\u00e9dales.\" \/>\n<meta name=\"robots\" content=\"index, follow, max-snippet:-1, max-image-preview:large, max-video-preview:-1\" \/>\n<link rel=\"canonical\" href=\"https:\/\/anasounds.com\/fr\/produit\/aclam-psu-support-universal\/\" \/>\n<meta property=\"og:locale\" content=\"fr_FR\" \/>\n<meta property=\"og:type\" content=\"article\" \/>\n<meta property=\"og:title\" content=\"aclam support d&#039;alimentation - universal | Anasounds\" \/>\n<meta property=\"og:description\" content=\"Installez et prot\u00e9gez votre bloc d&#039;alimentation pr\u00e9f\u00e9r\u00e9 sous votre p\u00e9dalier Aclam grace \u00e0 ce support, tout en gardant l&#039;espace au dessus pour vos p\u00e9dales.\" \/>\n<meta property=\"og:url\" content=\"https:\/\/anasounds.com\/fr\/produit\/aclam-psu-support-universal\/\" \/>\n<meta property=\"og:site_name\" content=\"Anasounds\" \/>\n<meta property=\"article:publisher\" content=\"https:\/\/www.facebook.com\/AnasoundsFX\/\" \/>\n<meta property=\"article:modified_time\" content=\"2025-12-21T18:24:47+00:00\" \/>\n<meta property=\"og:image\" content=\"https:\/\/anasounds.com\/wp-content\/uploads\/2020\/07\/power-supply-support-universal.jpg\" \/>\n\t<meta property=\"og:image:width\" content=\"800\" \/>\n\t<meta property=\"og:image:height\" content=\"800\" \/>\n\t<meta property=\"og:image:type\" content=\"image\/jpeg\" \/>\n<meta name=\"twitter:card\" content=\"summary_large_image\" \/>\n<meta name=\"twitter:label1\" content=\"Dur\u00e9e de lecture estim\u00e9e\" \/>\n\t<meta name=\"twitter:data1\" content=\"2 minutes\" \/>\n<script type=\"application\/ld+json\" class=\"yoast-schema-graph\">{\"@context\":\"https:\/\/schema.org\",\"@graph\":[{\"@type\":\"WebPage\",\"@id\":\"https:\/\/anasounds.com\/fr\/produit\/aclam-psu-support-universal\/\",\"url\":\"https:\/\/anasounds.com\/fr\/produit\/aclam-psu-support-universal\/\",\"name\":\"aclam support d'alimentation - universal | Anasounds\",\"isPartOf\":{\"@id\":\"https:\/\/anasounds.com\/#website\"},\"primaryImageOfPage\":{\"@id\":\"https:\/\/anasounds.com\/fr\/produit\/aclam-psu-support-universal\/#primaryimage\"},\"image\":{\"@id\":\"https:\/\/anasounds.com\/fr\/produit\/aclam-psu-support-universal\/#primaryimage\"},\"thumbnailUrl\":\"https:\/\/anasounds.com\/wp-content\/uploads\/2020\/07\/power-supply-support-universal.jpg\",\"datePublished\":\"2020-07-16T13:07:15+00:00\",\"dateModified\":\"2025-12-21T18:24:47+00:00\",\"description\":\"Installez et prot\u00e9gez votre bloc d'alimentation pr\u00e9f\u00e9r\u00e9 sous votre p\u00e9dalier Aclam grace \u00e0 ce support, tout en gardant l'espace au dessus pour vos p\u00e9dales.\",\"breadcrumb\":{\"@id\":\"https:\/\/anasounds.com\/fr\/produit\/aclam-psu-support-universal\/#breadcrumb\"},\"inLanguage\":\"fr-FR\",\"potentialAction\":[{\"@type\":\"ReadAction\",\"target\":[\"https:\/\/anasounds.com\/fr\/produit\/aclam-psu-support-universal\/\"]}]},{\"@type\":\"ImageObject\",\"inLanguage\":\"fr-FR\",\"@id\":\"https:\/\/anasounds.com\/fr\/produit\/aclam-psu-support-universal\/#primaryimage\",\"url\":\"https:\/\/anasounds.com\/wp-content\/uploads\/2020\/07\/power-supply-support-universal.jpg\",\"contentUrl\":\"https:\/\/anasounds.com\/wp-content\/uploads\/2020\/07\/power-supply-support-universal.jpg\",\"width\":800,\"height\":800},{\"@type\":\"BreadcrumbList\",\"@id\":\"https:\/\/anasounds.com\/fr\/produit\/aclam-psu-support-universal\/#breadcrumb\",\"itemListElement\":[{\"@type\":\"ListItem\",\"position\":1,\"name\":\"Home\",\"item\":\"https:\/\/anasounds.com\/fr\/\"},{\"@type\":\"ListItem\",\"position\":2,\"name\":\"boutique\",\"item\":\"https:\/\/anasounds.com\/fr\/shop\/\"},{\"@type\":\"ListItem\",\"position\":3,\"name\":\"aclam support d&#8217;alimentation &#8211; universal\"}]},{\"@type\":\"WebSite\",\"@id\":\"https:\/\/anasounds.com\/#website\",\"url\":\"https:\/\/anasounds.com\/\",\"name\":\"Anasounds\",\"description\":\"P\u00e9dales \u00e0 la Fran\u00e7aise\",\"publisher\":{\"@id\":\"https:\/\/anasounds.com\/#organization\"},\"potentialAction\":[{\"@type\":\"SearchAction\",\"target\":{\"@type\":\"EntryPoint\",\"urlTemplate\":\"https:\/\/anasounds.com\/?s={search_term_string}\"},\"query-input\":{\"@type\":\"PropertyValueSpecification\",\"valueRequired\":true,\"valueName\":\"search_term_string\"}}],\"inLanguage\":\"fr-FR\"},{\"@type\":\"Organization\",\"@id\":\"https:\/\/anasounds.com\/#organization\",\"name\":\"Anasounds\",\"url\":\"https:\/\/anasounds.com\/\",\"logo\":{\"@type\":\"ImageObject\",\"inLanguage\":\"fr-FR\",\"@id\":\"https:\/\/anasounds.com\/#\/schema\/logo\/image\/\",\"url\":\"https:\/\/anasounds.com\/wp-content\/uploads\/2017\/10\/Logomadeinfrnoirblc.png\",\"contentUrl\":\"https:\/\/anasounds.com\/wp-content\/uploads\/2017\/10\/Logomadeinfrnoirblc.png\",\"width\":300,\"height\":300,\"caption\":\"Anasounds\"},\"image\":{\"@id\":\"https:\/\/anasounds.com\/#\/schema\/logo\/image\/\"},\"sameAs\":[\"https:\/\/www.facebook.com\/AnasoundsFX\/\",\"https:\/\/www.instagram.com\/anasounds\/\",\"https:\/\/www.youtube.com\/user\/AnaSoundsFR\"]}]}<\/script>\n<!-- \/ Yoast SEO plugin. -->","yoast_head_json":{"title":"aclam support d'alimentation - universal | Anasounds","description":"Installez et prot\u00e9gez votre bloc d'alimentation pr\u00e9f\u00e9r\u00e9 sous votre p\u00e9dalier Aclam grace \u00e0 ce support, tout en gardant l'espace au dessus pour vos p\u00e9dales.","robots":{"index":"index","follow":"follow","max-snippet":"max-snippet:-1","max-image-preview":"max-image-preview:large","max-video-preview":"max-video-preview:-1"},"canonical":"https:\/\/anasounds.com\/fr\/produit\/aclam-psu-support-universal\/","og_locale":"fr_FR","og_type":"article","og_title":"aclam support d'alimentation - universal | Anasounds","og_description":"Installez et prot\u00e9gez votre bloc d'alimentation pr\u00e9f\u00e9r\u00e9 sous votre p\u00e9dalier Aclam grace \u00e0 ce support, tout en gardant l'espace au dessus pour vos p\u00e9dales.","og_url":"https:\/\/anasounds.com\/fr\/produit\/aclam-psu-support-universal\/","og_site_name":"Anasounds","article_publisher":"https:\/\/www.facebook.com\/AnasoundsFX\/","article_modified_time":"2025-12-21T18:24:47+00:00","og_image":[{"width":800,"height":800,"url":"https:\/\/anasounds.com\/wp-content\/uploads\/2020\/07\/power-supply-support-universal.jpg","type":"image\/jpeg"}],"twitter_card":"summary_large_image","twitter_misc":{"Dur\u00e9e de lecture estim\u00e9e":"2 minutes"},"schema":{"@context":"https:\/\/schema.org","@graph":[{"@type":"WebPage","@id":"https:\/\/anasounds.com\/fr\/produit\/aclam-psu-support-universal\/","url":"https:\/\/anasounds.com\/fr\/produit\/aclam-psu-support-universal\/","name":"aclam support d'alimentation - universal | Anasounds","isPartOf":{"@id":"https:\/\/anasounds.com\/#website"},"primaryImageOfPage":{"@id":"https:\/\/anasounds.com\/fr\/produit\/aclam-psu-support-universal\/#primaryimage"},"image":{"@id":"https:\/\/anasounds.com\/fr\/produit\/aclam-psu-support-universal\/#primaryimage"},"thumbnailUrl":"https:\/\/anasounds.com\/wp-content\/uploads\/2020\/07\/power-supply-support-universal.jpg","datePublished":"2020-07-16T13:07:15+00:00","dateModified":"2025-12-21T18:24:47+00:00","description":"Installez et prot\u00e9gez votre bloc d'alimentation pr\u00e9f\u00e9r\u00e9 sous votre p\u00e9dalier Aclam grace \u00e0 ce support, tout en gardant l'espace au dessus pour vos p\u00e9dales.","breadcrumb":{"@id":"https:\/\/anasounds.com\/fr\/produit\/aclam-psu-support-universal\/#breadcrumb"},"inLanguage":"fr-FR","potentialAction":[{"@type":"ReadAction","target":["https:\/\/anasounds.com\/fr\/produit\/aclam-psu-support-universal\/"]}]},{"@type":"ImageObject","inLanguage":"fr-FR","@id":"https:\/\/anasounds.com\/fr\/produit\/aclam-psu-support-universal\/#primaryimage","url":"https:\/\/anasounds.com\/wp-content\/uploads\/2020\/07\/power-supply-support-universal.jpg","contentUrl":"https:\/\/anasounds.com\/wp-content\/uploads\/2020\/07\/power-supply-support-universal.jpg","width":800,"height":800},{"@type":"BreadcrumbList","@id":"https:\/\/anasounds.com\/fr\/produit\/aclam-psu-support-universal\/#breadcrumb","itemListElement":[{"@type":"ListItem","position":1,"name":"Home","item":"https:\/\/anasounds.com\/fr\/"},{"@type":"ListItem","position":2,"name":"boutique","item":"https:\/\/anasounds.com\/fr\/shop\/"},{"@type":"ListItem","position":3,"name":"aclam support d&#8217;alimentation &#8211; universal"}]},{"@type":"WebSite","@id":"https:\/\/anasounds.com\/#website","url":"https:\/\/anasounds.com\/","name":"Anasounds","description":"P\u00e9dales \u00e0 la Fran\u00e7aise","publisher":{"@id":"https:\/\/anasounds.com\/#organization"},"potentialAction":[{"@type":"SearchAction","target":{"@type":"EntryPoint","urlTemplate":"https:\/\/anasounds.com\/?s={search_term_string}"},"query-input":{"@type":"PropertyValueSpecification","valueRequired":true,"valueName":"search_term_string"}}],"inLanguage":"fr-FR"},{"@type":"Organization","@id":"https:\/\/anasounds.com\/#organization","name":"Anasounds","url":"https:\/\/anasounds.com\/","logo":{"@type":"ImageObject","inLanguage":"fr-FR","@id":"https:\/\/anasounds.com\/#\/schema\/logo\/image\/","url":"https:\/\/anasounds.com\/wp-content\/uploads\/2017\/10\/Logomadeinfrnoirblc.png","contentUrl":"https:\/\/anasounds.com\/wp-content\/uploads\/2017\/10\/Logomadeinfrnoirblc.png","width":300,"height":300,"caption":"Anasounds"},"image":{"@id":"https:\/\/anasounds.com\/#\/schema\/logo\/image\/"},"sameAs":["https:\/\/www.facebook.com\/AnasoundsFX\/","https:\/\/www.instagram.com\/anasounds\/","https:\/\/www.youtube.com\/user\/AnaSoundsFR"]}]}},"_links":{"self":[{"href":"https:\/\/anasounds.com\/fr\/wp-json\/wp\/v2\/product\/43126","targetHints":{"allow":["GET"]}}],"collection":[{"href":"https:\/\/anasounds.com\/fr\/wp-json\/wp\/v2\/product"}],"about":[{"href":"https:\/\/anasounds.com\/fr\/wp-json\/wp\/v2\/types\/product"}],"replies":[{"embeddable":true,"href":"https:\/\/anasounds.com\/fr\/wp-json\/wp\/v2\/comments?post=43126"}],"wp:featuredmedia":[{"embeddable":true,"href":"https:\/\/anasounds.com\/fr\/wp-json\/wp\/v2\/media\/43138"}],"wp:attachment":[{"href":"https:\/\/anasounds.com\/fr\/wp-json\/wp\/v2\/media?parent=43126"}],"wp:term":[{"taxonomy":"product_brand","embeddable":true,"href":"https:\/\/anasounds.com\/fr\/wp-json\/wp\/v2\/product_brand?post=43126"},{"taxonomy":"product_cat","embeddable":true,"href":"https:\/\/anasounds.com\/fr\/wp-json\/wp\/v2\/product_cat?post=43126"},{"taxonomy":"product_tag","embeddable":true,"href":"https:\/\/anasounds.com\/fr\/wp-json\/wp\/v2\/product_tag?post=43126"}],"curies":[{"name":"wp","href":"https:\/\/api.w.org\/{rel}","templated":true}]}}