{"id":43151,"date":"2020-07-16T15:25:25","date_gmt":"2020-07-16T13:25:25","guid":{"rendered":"https:\/\/anasounds.com\/?post_type=product&#038;p=43151"},"modified":"2025-12-21T19:24:47","modified_gmt":"2025-12-21T18:24:47","slug":"aclam-tidy-cables-pack","status":"publish","type":"product","link":"https:\/\/anasounds.com\/fr\/produit\/aclam-tidy-cables-pack\/","title":{"rendered":"aclam tidy cables pack &#8211; lot de 2*5"},"content":{"rendered":"<h3 style=\"text-align: center;\">UTILISER LES RAINURES<\/h3>\n<p style=\"text-align: center;\">Les rainures des p\u00e9daliers <a href=\"https:\/\/www.aclamguitars.com\/\">d&rsquo;Aclam<\/a> sont plus que de simples espaces o\u00f9 les fixations glissent et s&rsquo;accrochent.<br \/>\nCes espaces peuvent \u00eatre utilis\u00e9s pour g\u00e9rer votre c\u00e2blage sur toute la surface avec les Aclam Tidy Cables.<\/p>\n<p>&nbsp;<\/p>\n<h3 style=\"text-align: center;\">ORGANISATEUR DE C\u00c2BLES<\/h3>\n<p style=\"text-align: center;\">Fabriqu\u00e9 en polypropyl\u00e8ne, ce pack comprend cinq unit\u00e9s de <a href=\"https:\/\/anasounds.com\/fr\/produit\/aclam-tidy-cables\/\">Tidy Cables SE<\/a> et cinq unit\u00e9s de <a href=\"https:\/\/anasounds.com\/fr\/produit\/aclam-tidy-cables-duo\/\">Tidy Cables Duo<\/a>, afin que vous<br \/>\npuissiez couvrir vos besoins en c\u00e2blage sous n&rsquo;importe quel angle ; alors que la premi\u00e8re option permet de clipper les<br \/>\nc\u00e2bles horizontalement, la seconde tiendra les c\u00e2bles aussi bien verticalement qu&rsquo;horizontalement.<br \/>\nGr\u00e2ce \u00e0 sa conception, il se clipse facilement sur le p\u00e9dalier autant de fois que n\u00e9cessaire, donnant ainsi l&rsquo;aspect soign\u00e9<br \/>\nqu&rsquo;un p\u00e9dalier professionnel doit avoir.<br \/>\nGardez votre cha\u00eene de p\u00e9dales d&rsquo;effets bien d\u00e9gag\u00e9e pour d\u00e9tecter tout probl\u00e8me de connexion qui pourrait survenir,<br \/>\nfini de d\u00e9m\u00ealer des m\u00e8tres de c\u00e2bles avec cet organiseur de c\u00e2bles de guitare.<br \/>\nCes clips sont comme des agrafes que l&rsquo;on fixe en exer\u00e7ant une petite pression, comme pour les enlever, et qui peuvent<br \/>\nglisser le long de la rainure pour trouver l&rsquo;endroit id\u00e9al. \u00c9vitez d&rsquo;utiliser des colliers que vous devrez casser<br \/>\nchaque fois que vous repenserez votre disposition, un p\u00e9dalier reste rarement intact aussi longtemps.<\/p>\n<p>&nbsp;<\/p>\n<h3 style=\"text-align: center;\">RANGEZ VOTRE P\u00c9DALIER<\/h3>\n<p style=\"text-align: center;\">L&rsquo;organisation des c\u00e2bles ne vous donnera pas une meilleure tonalit\u00e9, mais donnera \u00e0 votre p\u00e9dalier une belle apparence,<br \/>\nm\u00eame avec une configuration de routage en haut. La disposition soign\u00e9e que vous obtiendrez rendra les options de passage<br \/>\nmoins efficaces. Essayez de d\u00e9tecter un probl\u00e8me de c\u00e2blage sous un p\u00e9dalier compl\u00e8tement charg\u00e9 avec tous les c\u00e2bles emm\u00eal\u00e9s<br \/>\nqui pendent du bas. Au fait, sur nos mod\u00e8les de routage gratuits, vous pouvez utiliser n&rsquo;importe laquelle des options de<br \/>\nl&rsquo;organiseur de c\u00e2bles de guitare d&rsquo;Aclam pour attaquer les c\u00e2bles en utilisant les rainures sous le p\u00e9dalier.<br \/>\nLe nombre d&rsquo;unit\u00e9s n\u00e9cessaires pour ranger votre p\u00e9dalier d\u00e9pendra de la taille du p\u00e9dalier et du nombre de p\u00e9dales utilis\u00e9es.<\/p>\n","protected":false},"excerpt":{"rendered":"<p style=\"text-align: center;\">Si vous avez besoin d&rsquo;un organiseur de c\u00e2bles de guitare pour votre p\u00e9dalier, le pack tidy cables vous ravira. Polyvalent et facile \u00e0 configurer. Gardez les c\u00e2bles cach\u00e9s !<\/p>\n","protected":false},"featured_media":43153,"comment_status":"open","ping_status":"closed","template":"","meta":[],"product_brand":[],"product_cat":[751,1054],"product_tag":[715,201,737],"class_list":{"0":"post-43151","1":"product","2":"type-product","3":"status-publish","4":"has-post-thumbnail","6":"product_cat-aclam","7":"product_cat-accessoires-fr-3","8":"product_tag-aclam","9":"product_tag-pedalboard","10":"product_tag-tidy","12":"first","13":"outofstock","14":"taxable","15":"shipping-taxable","16":"purchasable","17":"product-type-simple"},"supplier_id":83522,"supplier_sku":"","barcode":null,"atum_controlled":true,"out_stock_date":"2025-12-21 19:24:47","out_stock_threshold":null,"inheritable":false,"inbound_stock":0,"stock_on_hold":0,"sold_today":0,"sales_last_days":0,"reserved_stock":0,"customer_returns":0,"warehouse_damage":0,"lost_in_post":0,"other_logs":0,"out_stock_days":114,"lost_sales":0,"has_location":false,"update_date":"2026-04-15T01:06:35","atum_locations":[],"atum_stock_status":"outofstock","restock_status":false,"low_stock_amount":"","sales_update_date":"2026-04-15T01:06:34","calc_backorders":null,"yoast_head":"<!-- This site is optimized with the Yoast SEO plugin v26.5 - https:\/\/yoast.com\/wordpress\/plugins\/seo\/ -->\n<title>aclam tidy cables pack - lot de 2*5 | Anasounds<\/title>\n<meta name=\"description\" content=\"G\u00e9rez et cachez tous vos c\u00e2bles et faites des \u00e9conomies avec ce pack combin\u00e9 Tidy cables qui comprend les 2 sortes de clips.\" \/>\n<meta name=\"robots\" content=\"index, follow, max-snippet:-1, max-image-preview:large, max-video-preview:-1\" \/>\n<link rel=\"canonical\" href=\"https:\/\/anasounds.com\/fr\/produit\/aclam-tidy-cables-pack\/\" \/>\n<meta property=\"og:locale\" content=\"fr_FR\" \/>\n<meta property=\"og:type\" content=\"article\" \/>\n<meta property=\"og:title\" content=\"aclam tidy cables pack - lot de 2*5 | Anasounds\" \/>\n<meta property=\"og:description\" content=\"G\u00e9rez et cachez tous vos c\u00e2bles et faites des \u00e9conomies avec ce pack combin\u00e9 Tidy cables qui comprend les 2 sortes de clips.\" \/>\n<meta property=\"og:url\" content=\"https:\/\/anasounds.com\/fr\/produit\/aclam-tidy-cables-pack\/\" \/>\n<meta property=\"og:site_name\" content=\"Anasounds\" \/>\n<meta property=\"article:publisher\" content=\"https:\/\/www.facebook.com\/AnasoundsFX\/\" \/>\n<meta property=\"article:modified_time\" content=\"2025-12-21T18:24:47+00:00\" \/>\n<meta property=\"og:image\" content=\"https:\/\/anasounds.com\/wp-content\/uploads\/2020\/07\/tidy-cables-pack.jpg\" \/>\n\t<meta property=\"og:image:width\" content=\"800\" \/>\n\t<meta property=\"og:image:height\" content=\"800\" \/>\n\t<meta property=\"og:image:type\" content=\"image\/jpeg\" \/>\n<meta name=\"twitter:card\" content=\"summary_large_image\" \/>\n<meta name=\"twitter:label1\" content=\"Dur\u00e9e de lecture estim\u00e9e\" \/>\n\t<meta name=\"twitter:data1\" content=\"2 minutes\" \/>\n<script type=\"application\/ld+json\" class=\"yoast-schema-graph\">{\"@context\":\"https:\/\/schema.org\",\"@graph\":[{\"@type\":\"WebPage\",\"@id\":\"https:\/\/anasounds.com\/fr\/produit\/aclam-tidy-cables-pack\/\",\"url\":\"https:\/\/anasounds.com\/fr\/produit\/aclam-tidy-cables-pack\/\",\"name\":\"aclam tidy cables pack - lot de 2*5 | Anasounds\",\"isPartOf\":{\"@id\":\"https:\/\/anasounds.com\/#website\"},\"primaryImageOfPage\":{\"@id\":\"https:\/\/anasounds.com\/fr\/produit\/aclam-tidy-cables-pack\/#primaryimage\"},\"image\":{\"@id\":\"https:\/\/anasounds.com\/fr\/produit\/aclam-tidy-cables-pack\/#primaryimage\"},\"thumbnailUrl\":\"https:\/\/anasounds.com\/wp-content\/uploads\/2020\/07\/tidy-cables-pack.jpg\",\"datePublished\":\"2020-07-16T13:25:25+00:00\",\"dateModified\":\"2025-12-21T18:24:47+00:00\",\"description\":\"G\u00e9rez et cachez tous vos c\u00e2bles et faites des \u00e9conomies avec ce pack combin\u00e9 Tidy cables qui comprend les 2 sortes de clips.\",\"breadcrumb\":{\"@id\":\"https:\/\/anasounds.com\/fr\/produit\/aclam-tidy-cables-pack\/#breadcrumb\"},\"inLanguage\":\"fr-FR\",\"potentialAction\":[{\"@type\":\"ReadAction\",\"target\":[\"https:\/\/anasounds.com\/fr\/produit\/aclam-tidy-cables-pack\/\"]}]},{\"@type\":\"ImageObject\",\"inLanguage\":\"fr-FR\",\"@id\":\"https:\/\/anasounds.com\/fr\/produit\/aclam-tidy-cables-pack\/#primaryimage\",\"url\":\"https:\/\/anasounds.com\/wp-content\/uploads\/2020\/07\/tidy-cables-pack.jpg\",\"contentUrl\":\"https:\/\/anasounds.com\/wp-content\/uploads\/2020\/07\/tidy-cables-pack.jpg\",\"width\":800,\"height\":800},{\"@type\":\"BreadcrumbList\",\"@id\":\"https:\/\/anasounds.com\/fr\/produit\/aclam-tidy-cables-pack\/#breadcrumb\",\"itemListElement\":[{\"@type\":\"ListItem\",\"position\":1,\"name\":\"Home\",\"item\":\"https:\/\/anasounds.com\/fr\/\"},{\"@type\":\"ListItem\",\"position\":2,\"name\":\"boutique\",\"item\":\"https:\/\/anasounds.com\/fr\/shop\/\"},{\"@type\":\"ListItem\",\"position\":3,\"name\":\"aclam tidy cables pack &#8211; lot de 2*5\"}]},{\"@type\":\"WebSite\",\"@id\":\"https:\/\/anasounds.com\/#website\",\"url\":\"https:\/\/anasounds.com\/\",\"name\":\"Anasounds\",\"description\":\"P\u00e9dales \u00e0 la Fran\u00e7aise\",\"publisher\":{\"@id\":\"https:\/\/anasounds.com\/#organization\"},\"potentialAction\":[{\"@type\":\"SearchAction\",\"target\":{\"@type\":\"EntryPoint\",\"urlTemplate\":\"https:\/\/anasounds.com\/?s={search_term_string}\"},\"query-input\":{\"@type\":\"PropertyValueSpecification\",\"valueRequired\":true,\"valueName\":\"search_term_string\"}}],\"inLanguage\":\"fr-FR\"},{\"@type\":\"Organization\",\"@id\":\"https:\/\/anasounds.com\/#organization\",\"name\":\"Anasounds\",\"url\":\"https:\/\/anasounds.com\/\",\"logo\":{\"@type\":\"ImageObject\",\"inLanguage\":\"fr-FR\",\"@id\":\"https:\/\/anasounds.com\/#\/schema\/logo\/image\/\",\"url\":\"https:\/\/anasounds.com\/wp-content\/uploads\/2017\/10\/Logomadeinfrnoirblc.png\",\"contentUrl\":\"https:\/\/anasounds.com\/wp-content\/uploads\/2017\/10\/Logomadeinfrnoirblc.png\",\"width\":300,\"height\":300,\"caption\":\"Anasounds\"},\"image\":{\"@id\":\"https:\/\/anasounds.com\/#\/schema\/logo\/image\/\"},\"sameAs\":[\"https:\/\/www.facebook.com\/AnasoundsFX\/\",\"https:\/\/www.instagram.com\/anasounds\/\",\"https:\/\/www.youtube.com\/user\/AnaSoundsFR\"]}]}<\/script>\n<!-- \/ Yoast SEO plugin. -->","yoast_head_json":{"title":"aclam tidy cables pack - lot de 2*5 | Anasounds","description":"G\u00e9rez et cachez tous vos c\u00e2bles et faites des \u00e9conomies avec ce pack combin\u00e9 Tidy cables qui comprend les 2 sortes de clips.","robots":{"index":"index","follow":"follow","max-snippet":"max-snippet:-1","max-image-preview":"max-image-preview:large","max-video-preview":"max-video-preview:-1"},"canonical":"https:\/\/anasounds.com\/fr\/produit\/aclam-tidy-cables-pack\/","og_locale":"fr_FR","og_type":"article","og_title":"aclam tidy cables pack - lot de 2*5 | Anasounds","og_description":"G\u00e9rez et cachez tous vos c\u00e2bles et faites des \u00e9conomies avec ce pack combin\u00e9 Tidy cables qui comprend les 2 sortes de clips.","og_url":"https:\/\/anasounds.com\/fr\/produit\/aclam-tidy-cables-pack\/","og_site_name":"Anasounds","article_publisher":"https:\/\/www.facebook.com\/AnasoundsFX\/","article_modified_time":"2025-12-21T18:24:47+00:00","og_image":[{"width":800,"height":800,"url":"https:\/\/anasounds.com\/wp-content\/uploads\/2020\/07\/tidy-cables-pack.jpg","type":"image\/jpeg"}],"twitter_card":"summary_large_image","twitter_misc":{"Dur\u00e9e de lecture estim\u00e9e":"2 minutes"},"schema":{"@context":"https:\/\/schema.org","@graph":[{"@type":"WebPage","@id":"https:\/\/anasounds.com\/fr\/produit\/aclam-tidy-cables-pack\/","url":"https:\/\/anasounds.com\/fr\/produit\/aclam-tidy-cables-pack\/","name":"aclam tidy cables pack - lot de 2*5 | Anasounds","isPartOf":{"@id":"https:\/\/anasounds.com\/#website"},"primaryImageOfPage":{"@id":"https:\/\/anasounds.com\/fr\/produit\/aclam-tidy-cables-pack\/#primaryimage"},"image":{"@id":"https:\/\/anasounds.com\/fr\/produit\/aclam-tidy-cables-pack\/#primaryimage"},"thumbnailUrl":"https:\/\/anasounds.com\/wp-content\/uploads\/2020\/07\/tidy-cables-pack.jpg","datePublished":"2020-07-16T13:25:25+00:00","dateModified":"2025-12-21T18:24:47+00:00","description":"G\u00e9rez et cachez tous vos c\u00e2bles et faites des \u00e9conomies avec ce pack combin\u00e9 Tidy cables qui comprend les 2 sortes de clips.","breadcrumb":{"@id":"https:\/\/anasounds.com\/fr\/produit\/aclam-tidy-cables-pack\/#breadcrumb"},"inLanguage":"fr-FR","potentialAction":[{"@type":"ReadAction","target":["https:\/\/anasounds.com\/fr\/produit\/aclam-tidy-cables-pack\/"]}]},{"@type":"ImageObject","inLanguage":"fr-FR","@id":"https:\/\/anasounds.com\/fr\/produit\/aclam-tidy-cables-pack\/#primaryimage","url":"https:\/\/anasounds.com\/wp-content\/uploads\/2020\/07\/tidy-cables-pack.jpg","contentUrl":"https:\/\/anasounds.com\/wp-content\/uploads\/2020\/07\/tidy-cables-pack.jpg","width":800,"height":800},{"@type":"BreadcrumbList","@id":"https:\/\/anasounds.com\/fr\/produit\/aclam-tidy-cables-pack\/#breadcrumb","itemListElement":[{"@type":"ListItem","position":1,"name":"Home","item":"https:\/\/anasounds.com\/fr\/"},{"@type":"ListItem","position":2,"name":"boutique","item":"https:\/\/anasounds.com\/fr\/shop\/"},{"@type":"ListItem","position":3,"name":"aclam tidy cables pack &#8211; lot de 2*5"}]},{"@type":"WebSite","@id":"https:\/\/anasounds.com\/#website","url":"https:\/\/anasounds.com\/","name":"Anasounds","description":"P\u00e9dales \u00e0 la Fran\u00e7aise","publisher":{"@id":"https:\/\/anasounds.com\/#organization"},"potentialAction":[{"@type":"SearchAction","target":{"@type":"EntryPoint","urlTemplate":"https:\/\/anasounds.com\/?s={search_term_string}"},"query-input":{"@type":"PropertyValueSpecification","valueRequired":true,"valueName":"search_term_string"}}],"inLanguage":"fr-FR"},{"@type":"Organization","@id":"https:\/\/anasounds.com\/#organization","name":"Anasounds","url":"https:\/\/anasounds.com\/","logo":{"@type":"ImageObject","inLanguage":"fr-FR","@id":"https:\/\/anasounds.com\/#\/schema\/logo\/image\/","url":"https:\/\/anasounds.com\/wp-content\/uploads\/2017\/10\/Logomadeinfrnoirblc.png","contentUrl":"https:\/\/anasounds.com\/wp-content\/uploads\/2017\/10\/Logomadeinfrnoirblc.png","width":300,"height":300,"caption":"Anasounds"},"image":{"@id":"https:\/\/anasounds.com\/#\/schema\/logo\/image\/"},"sameAs":["https:\/\/www.facebook.com\/AnasoundsFX\/","https:\/\/www.instagram.com\/anasounds\/","https:\/\/www.youtube.com\/user\/AnaSoundsFR"]}]}},"_links":{"self":[{"href":"https:\/\/anasounds.com\/fr\/wp-json\/wp\/v2\/product\/43151","targetHints":{"allow":["GET"]}}],"collection":[{"href":"https:\/\/anasounds.com\/fr\/wp-json\/wp\/v2\/product"}],"about":[{"href":"https:\/\/anasounds.com\/fr\/wp-json\/wp\/v2\/types\/product"}],"replies":[{"embeddable":true,"href":"https:\/\/anasounds.com\/fr\/wp-json\/wp\/v2\/comments?post=43151"}],"wp:featuredmedia":[{"embeddable":true,"href":"https:\/\/anasounds.com\/fr\/wp-json\/wp\/v2\/media\/43153"}],"wp:attachment":[{"href":"https:\/\/anasounds.com\/fr\/wp-json\/wp\/v2\/media?parent=43151"}],"wp:term":[{"taxonomy":"product_brand","embeddable":true,"href":"https:\/\/anasounds.com\/fr\/wp-json\/wp\/v2\/product_brand?post=43151"},{"taxonomy":"product_cat","embeddable":true,"href":"https:\/\/anasounds.com\/fr\/wp-json\/wp\/v2\/product_cat?post=43151"},{"taxonomy":"product_tag","embeddable":true,"href":"https:\/\/anasounds.com\/fr\/wp-json\/wp\/v2\/product_tag?post=43151"}],"curies":[{"name":"wp","href":"https:\/\/api.w.org\/{rel}","templated":true}]}}