{"id":43189,"date":"2020-07-16T16:15:10","date_gmt":"2020-07-16T14:15:10","guid":{"rendered":"https:\/\/anasounds.com\/?post_type=product&#038;p=43189"},"modified":"2026-04-06T21:40:58","modified_gmt":"2026-04-06T19:40:58","slug":"aclam-support-dalimentation-simple","status":"publish","type":"product","link":"https:\/\/anasounds.com\/fr\/produit\/aclam-support-dalimentation-simple\/","title":{"rendered":"aclam support d&rsquo;alimentation &#8211; simple"},"content":{"rendered":"<h3 style=\"text-align: center;\">UN SUPPORT D&rsquo;ALIMENTATION QUI CONVIENT<\/h3>\n<p style=\"text-align: center;\">Ce support d&rsquo;alimentation \u00e9lectrique simple supportera plus ou moins n&rsquo;importe quel dispositif d&rsquo;alimentation des<br \/>\np\u00e9dales que vous pouvez nommer. Compatible avec les alimentations jusqu&rsquo;\u00e0 57 mm de hauteur, il s&rsquo;adapte \u00e0 toute alimentation<br \/>\nde p\u00e9dale qui ne peut pas \u00eatre g\u00e9r\u00e9e par le support d&rsquo;alimentation universelle.<br \/>\nCe support n&rsquo;est pas compatible avec les p\u00e9daliers XS1 par d\u00e9faut, car ce p\u00e9dalier <a href=\"https:\/\/www.aclamguitars.com\/\">Aclam<\/a> ne comporte pas de pieds r\u00e9glables,<br \/>\nce qui lui permet de rester \u00e0 plat sur le sol.<\/p>\n<p>&nbsp;<\/p>\n<h3 style=\"text-align: center;\">CONCEPTION MODULAIRE LOGIQUE<\/h3>\n<p style=\"text-align: center;\">Ce n&rsquo;est pas un secret que les p\u00e9daliers d&rsquo;Aclam ont \u00e9t\u00e9 con\u00e7us pour tirer parti des rainures creus\u00e9es dans la piste en aluminium.<br \/>\nMontez ou d\u00e9montez facilement le p\u00e9dalier par en dessous autant de fois que n\u00e9cessaire.<br \/>\nCe support n&rsquo;affectera aucun autre accessoire intelligent que vous pourriez utiliser,<br \/>\npermettant l&rsquo;utilisation d&rsquo;autres accessoires. Tels que les \u00e9tages, les \u00e9tuis et autres supports d&rsquo;alimentation pour p\u00e9dales.<\/p>\n<p>&nbsp;<\/p>\n<h3 style=\"text-align: center;\">DITES-M&rsquo;EN PLUS<\/h3>\n<p style=\"text-align: center;\">Fabriqu\u00e9 en acier inoxydable et en aluminium, il tiendra solidement votre alimentation pr\u00e9f\u00e9r\u00e9e.<br \/>\nSi vous avez besoin d&rsquo;une protection suppl\u00e9mentaire, jetez un coup d&rsquo;\u0153il \u00e0 notre support universel d&rsquo;alimentation \u00e0<br \/>\nl&rsquo;\u00e9preuve des balles.<br \/>\nLes coussinets antid\u00e9rapants emp\u00eacheront la p\u00e9dale de glisser du support, assurant ainsi que tout<br \/>\nreste en place.<br \/>\nCombinez cet accessoire avec le <a href=\"https:\/\/anasounds.com\/fr\/produit\/aclam-tidy-cables-duo\/\">Tidy Cables Duo<\/a> pour g\u00e9rer le c\u00e2blage de l&rsquo;alimentation de votre p\u00e9dale \u00e0 travers le p\u00e9dalier.<\/p>\n","protected":false},"excerpt":{"rendered":"<p style=\"text-align: center;\">Arr\u00eatez de gaspiller le pr\u00e9cieux espace disponible sur votre p\u00e9dalier Aclam. Le support d&rsquo;alimentation universel simple vous offre exactement ce que vous attendez, un support simple pour votre alimentation de p\u00e9dale. Laissez votre source d&rsquo;\u00e9nergie pr\u00e9f\u00e9r\u00e9e travailler dans l&rsquo;ombre, permettant \u00e0 vos p\u00e9dales d&rsquo;effets d&rsquo;\u00eatre les protagonistes du p\u00e9dalier.<\/p>\n","protected":false},"featured_media":43209,"comment_status":"open","ping_status":"closed","template":"","meta":[],"product_brand":[],"product_cat":[751,1054],"product_tag":[715,515,201],"class_list":{"0":"post-43189","1":"product","2":"type-product","3":"status-publish","4":"has-post-thumbnail","6":"product_cat-aclam","7":"product_cat-accessoires-fr-3","8":"product_tag-aclam","9":"product_tag-alimentation","10":"product_tag-pedalboard","12":"first","13":"outofstock","14":"taxable","15":"shipping-taxable","16":"purchasable","17":"product-type-variable"},"supplier_id":null,"supplier_sku":"","barcode":null,"atum_controlled":true,"out_stock_date":"2025-12-21 19:24:47","out_stock_threshold":null,"inheritable":true,"inbound_stock":0,"stock_on_hold":0,"sold_today":0,"sales_last_days":0,"reserved_stock":0,"customer_returns":0,"warehouse_damage":0,"lost_in_post":0,"other_logs":0,"out_stock_days":106,"lost_sales":0,"has_location":false,"update_date":"2026-04-07T01:04:06","atum_locations":[],"atum_stock_status":"outofstock","restock_status":false,"low_stock_amount":"","sales_update_date":"2026-04-07T01:04:06","calc_backorders":null,"yoast_head":"<!-- This site is optimized with the Yoast SEO plugin v26.5 - https:\/\/yoast.com\/wordpress\/plugins\/seo\/ -->\n<title>aclam support d&#039;alimentation - simple | Anasounds<\/title>\n<meta name=\"description\" content=\"Installez votre bloc d&#039;alimentation pr\u00e9f\u00e9r\u00e9 sous votre p\u00e9dalier Aclam avec ce support, tout en gardant l&#039;espace au dessus pour vos p\u00e9dales.\" \/>\n<meta name=\"robots\" content=\"index, follow, max-snippet:-1, max-image-preview:large, max-video-preview:-1\" \/>\n<link rel=\"canonical\" href=\"https:\/\/anasounds.com\/fr\/produit\/aclam-support-dalimentation-simple\/\" \/>\n<meta property=\"og:locale\" content=\"fr_FR\" \/>\n<meta property=\"og:type\" content=\"article\" \/>\n<meta property=\"og:title\" content=\"aclam support d&#039;alimentation - simple | Anasounds\" \/>\n<meta property=\"og:description\" content=\"Installez votre bloc d&#039;alimentation pr\u00e9f\u00e9r\u00e9 sous votre p\u00e9dalier Aclam avec ce support, tout en gardant l&#039;espace au dessus pour vos p\u00e9dales.\" \/>\n<meta property=\"og:url\" content=\"https:\/\/anasounds.com\/fr\/produit\/aclam-support-dalimentation-simple\/\" \/>\n<meta property=\"og:site_name\" content=\"Anasounds\" \/>\n<meta property=\"article:publisher\" content=\"https:\/\/www.facebook.com\/AnasoundsFX\/\" \/>\n<meta property=\"article:modified_time\" content=\"2026-04-06T19:40:58+00:00\" \/>\n<meta property=\"og:image\" content=\"https:\/\/anasounds.com\/wp-content\/uploads\/2020\/07\/power-supply-support-universal-s.jpg\" \/>\n\t<meta property=\"og:image:width\" content=\"800\" \/>\n\t<meta property=\"og:image:height\" content=\"800\" \/>\n\t<meta property=\"og:image:type\" content=\"image\/jpeg\" \/>\n<meta name=\"twitter:card\" content=\"summary_large_image\" \/>\n<meta name=\"twitter:label1\" content=\"Dur\u00e9e de lecture estim\u00e9e\" \/>\n\t<meta name=\"twitter:data1\" content=\"2 minutes\" \/>\n<script type=\"application\/ld+json\" class=\"yoast-schema-graph\">{\"@context\":\"https:\/\/schema.org\",\"@graph\":[{\"@type\":\"WebPage\",\"@id\":\"https:\/\/anasounds.com\/fr\/produit\/aclam-support-dalimentation-simple\/\",\"url\":\"https:\/\/anasounds.com\/fr\/produit\/aclam-support-dalimentation-simple\/\",\"name\":\"aclam support d'alimentation - simple | Anasounds\",\"isPartOf\":{\"@id\":\"https:\/\/anasounds.com\/#website\"},\"primaryImageOfPage\":{\"@id\":\"https:\/\/anasounds.com\/fr\/produit\/aclam-support-dalimentation-simple\/#primaryimage\"},\"image\":{\"@id\":\"https:\/\/anasounds.com\/fr\/produit\/aclam-support-dalimentation-simple\/#primaryimage\"},\"thumbnailUrl\":\"https:\/\/anasounds.com\/wp-content\/uploads\/2020\/07\/power-supply-support-universal-s.jpg\",\"datePublished\":\"2020-07-16T14:15:10+00:00\",\"dateModified\":\"2026-04-06T19:40:58+00:00\",\"description\":\"Installez votre bloc d'alimentation pr\u00e9f\u00e9r\u00e9 sous votre p\u00e9dalier Aclam avec ce support, tout en gardant l'espace au dessus pour vos p\u00e9dales.\",\"breadcrumb\":{\"@id\":\"https:\/\/anasounds.com\/fr\/produit\/aclam-support-dalimentation-simple\/#breadcrumb\"},\"inLanguage\":\"fr-FR\",\"potentialAction\":[{\"@type\":\"ReadAction\",\"target\":[\"https:\/\/anasounds.com\/fr\/produit\/aclam-support-dalimentation-simple\/\"]}]},{\"@type\":\"ImageObject\",\"inLanguage\":\"fr-FR\",\"@id\":\"https:\/\/anasounds.com\/fr\/produit\/aclam-support-dalimentation-simple\/#primaryimage\",\"url\":\"https:\/\/anasounds.com\/wp-content\/uploads\/2020\/07\/power-supply-support-universal-s.jpg\",\"contentUrl\":\"https:\/\/anasounds.com\/wp-content\/uploads\/2020\/07\/power-supply-support-universal-s.jpg\",\"width\":800,\"height\":800},{\"@type\":\"BreadcrumbList\",\"@id\":\"https:\/\/anasounds.com\/fr\/produit\/aclam-support-dalimentation-simple\/#breadcrumb\",\"itemListElement\":[{\"@type\":\"ListItem\",\"position\":1,\"name\":\"Home\",\"item\":\"https:\/\/anasounds.com\/fr\/\"},{\"@type\":\"ListItem\",\"position\":2,\"name\":\"boutique\",\"item\":\"https:\/\/anasounds.com\/fr\/shop\/\"},{\"@type\":\"ListItem\",\"position\":3,\"name\":\"aclam support d&#8217;alimentation &#8211; simple\"}]},{\"@type\":\"WebSite\",\"@id\":\"https:\/\/anasounds.com\/#website\",\"url\":\"https:\/\/anasounds.com\/\",\"name\":\"Anasounds\",\"description\":\"P\u00e9dales \u00e0 la Fran\u00e7aise\",\"publisher\":{\"@id\":\"https:\/\/anasounds.com\/#organization\"},\"potentialAction\":[{\"@type\":\"SearchAction\",\"target\":{\"@type\":\"EntryPoint\",\"urlTemplate\":\"https:\/\/anasounds.com\/?s={search_term_string}\"},\"query-input\":{\"@type\":\"PropertyValueSpecification\",\"valueRequired\":true,\"valueName\":\"search_term_string\"}}],\"inLanguage\":\"fr-FR\"},{\"@type\":\"Organization\",\"@id\":\"https:\/\/anasounds.com\/#organization\",\"name\":\"Anasounds\",\"url\":\"https:\/\/anasounds.com\/\",\"logo\":{\"@type\":\"ImageObject\",\"inLanguage\":\"fr-FR\",\"@id\":\"https:\/\/anasounds.com\/#\/schema\/logo\/image\/\",\"url\":\"https:\/\/anasounds.com\/wp-content\/uploads\/2017\/10\/Logomadeinfrnoirblc.png\",\"contentUrl\":\"https:\/\/anasounds.com\/wp-content\/uploads\/2017\/10\/Logomadeinfrnoirblc.png\",\"width\":300,\"height\":300,\"caption\":\"Anasounds\"},\"image\":{\"@id\":\"https:\/\/anasounds.com\/#\/schema\/logo\/image\/\"},\"sameAs\":[\"https:\/\/www.facebook.com\/AnasoundsFX\/\",\"https:\/\/www.instagram.com\/anasounds\/\",\"https:\/\/www.youtube.com\/user\/AnaSoundsFR\"]}]}<\/script>\n<!-- \/ Yoast SEO plugin. -->","yoast_head_json":{"title":"aclam support d'alimentation - simple | Anasounds","description":"Installez votre bloc d'alimentation pr\u00e9f\u00e9r\u00e9 sous votre p\u00e9dalier Aclam avec ce support, tout en gardant l'espace au dessus pour vos p\u00e9dales.","robots":{"index":"index","follow":"follow","max-snippet":"max-snippet:-1","max-image-preview":"max-image-preview:large","max-video-preview":"max-video-preview:-1"},"canonical":"https:\/\/anasounds.com\/fr\/produit\/aclam-support-dalimentation-simple\/","og_locale":"fr_FR","og_type":"article","og_title":"aclam support d'alimentation - simple | Anasounds","og_description":"Installez votre bloc d'alimentation pr\u00e9f\u00e9r\u00e9 sous votre p\u00e9dalier Aclam avec ce support, tout en gardant l'espace au dessus pour vos p\u00e9dales.","og_url":"https:\/\/anasounds.com\/fr\/produit\/aclam-support-dalimentation-simple\/","og_site_name":"Anasounds","article_publisher":"https:\/\/www.facebook.com\/AnasoundsFX\/","article_modified_time":"2026-04-06T19:40:58+00:00","og_image":[{"width":800,"height":800,"url":"https:\/\/anasounds.com\/wp-content\/uploads\/2020\/07\/power-supply-support-universal-s.jpg","type":"image\/jpeg"}],"twitter_card":"summary_large_image","twitter_misc":{"Dur\u00e9e de lecture estim\u00e9e":"2 minutes"},"schema":{"@context":"https:\/\/schema.org","@graph":[{"@type":"WebPage","@id":"https:\/\/anasounds.com\/fr\/produit\/aclam-support-dalimentation-simple\/","url":"https:\/\/anasounds.com\/fr\/produit\/aclam-support-dalimentation-simple\/","name":"aclam support d'alimentation - simple | Anasounds","isPartOf":{"@id":"https:\/\/anasounds.com\/#website"},"primaryImageOfPage":{"@id":"https:\/\/anasounds.com\/fr\/produit\/aclam-support-dalimentation-simple\/#primaryimage"},"image":{"@id":"https:\/\/anasounds.com\/fr\/produit\/aclam-support-dalimentation-simple\/#primaryimage"},"thumbnailUrl":"https:\/\/anasounds.com\/wp-content\/uploads\/2020\/07\/power-supply-support-universal-s.jpg","datePublished":"2020-07-16T14:15:10+00:00","dateModified":"2026-04-06T19:40:58+00:00","description":"Installez votre bloc d'alimentation pr\u00e9f\u00e9r\u00e9 sous votre p\u00e9dalier Aclam avec ce support, tout en gardant l'espace au dessus pour vos p\u00e9dales.","breadcrumb":{"@id":"https:\/\/anasounds.com\/fr\/produit\/aclam-support-dalimentation-simple\/#breadcrumb"},"inLanguage":"fr-FR","potentialAction":[{"@type":"ReadAction","target":["https:\/\/anasounds.com\/fr\/produit\/aclam-support-dalimentation-simple\/"]}]},{"@type":"ImageObject","inLanguage":"fr-FR","@id":"https:\/\/anasounds.com\/fr\/produit\/aclam-support-dalimentation-simple\/#primaryimage","url":"https:\/\/anasounds.com\/wp-content\/uploads\/2020\/07\/power-supply-support-universal-s.jpg","contentUrl":"https:\/\/anasounds.com\/wp-content\/uploads\/2020\/07\/power-supply-support-universal-s.jpg","width":800,"height":800},{"@type":"BreadcrumbList","@id":"https:\/\/anasounds.com\/fr\/produit\/aclam-support-dalimentation-simple\/#breadcrumb","itemListElement":[{"@type":"ListItem","position":1,"name":"Home","item":"https:\/\/anasounds.com\/fr\/"},{"@type":"ListItem","position":2,"name":"boutique","item":"https:\/\/anasounds.com\/fr\/shop\/"},{"@type":"ListItem","position":3,"name":"aclam support d&#8217;alimentation &#8211; simple"}]},{"@type":"WebSite","@id":"https:\/\/anasounds.com\/#website","url":"https:\/\/anasounds.com\/","name":"Anasounds","description":"P\u00e9dales \u00e0 la Fran\u00e7aise","publisher":{"@id":"https:\/\/anasounds.com\/#organization"},"potentialAction":[{"@type":"SearchAction","target":{"@type":"EntryPoint","urlTemplate":"https:\/\/anasounds.com\/?s={search_term_string}"},"query-input":{"@type":"PropertyValueSpecification","valueRequired":true,"valueName":"search_term_string"}}],"inLanguage":"fr-FR"},{"@type":"Organization","@id":"https:\/\/anasounds.com\/#organization","name":"Anasounds","url":"https:\/\/anasounds.com\/","logo":{"@type":"ImageObject","inLanguage":"fr-FR","@id":"https:\/\/anasounds.com\/#\/schema\/logo\/image\/","url":"https:\/\/anasounds.com\/wp-content\/uploads\/2017\/10\/Logomadeinfrnoirblc.png","contentUrl":"https:\/\/anasounds.com\/wp-content\/uploads\/2017\/10\/Logomadeinfrnoirblc.png","width":300,"height":300,"caption":"Anasounds"},"image":{"@id":"https:\/\/anasounds.com\/#\/schema\/logo\/image\/"},"sameAs":["https:\/\/www.facebook.com\/AnasoundsFX\/","https:\/\/www.instagram.com\/anasounds\/","https:\/\/www.youtube.com\/user\/AnaSoundsFR"]}]}},"_links":{"self":[{"href":"https:\/\/anasounds.com\/fr\/wp-json\/wp\/v2\/product\/43189","targetHints":{"allow":["GET"]}}],"collection":[{"href":"https:\/\/anasounds.com\/fr\/wp-json\/wp\/v2\/product"}],"about":[{"href":"https:\/\/anasounds.com\/fr\/wp-json\/wp\/v2\/types\/product"}],"replies":[{"embeddable":true,"href":"https:\/\/anasounds.com\/fr\/wp-json\/wp\/v2\/comments?post=43189"}],"wp:featuredmedia":[{"embeddable":true,"href":"https:\/\/anasounds.com\/fr\/wp-json\/wp\/v2\/media\/43209"}],"wp:attachment":[{"href":"https:\/\/anasounds.com\/fr\/wp-json\/wp\/v2\/media?parent=43189"}],"wp:term":[{"taxonomy":"product_brand","embeddable":true,"href":"https:\/\/anasounds.com\/fr\/wp-json\/wp\/v2\/product_brand?post=43189"},{"taxonomy":"product_cat","embeddable":true,"href":"https:\/\/anasounds.com\/fr\/wp-json\/wp\/v2\/product_cat?post=43189"},{"taxonomy":"product_tag","embeddable":true,"href":"https:\/\/anasounds.com\/fr\/wp-json\/wp\/v2\/product_tag?post=43189"}],"curies":[{"name":"wp","href":"https:\/\/api.w.org\/{rel}","templated":true}]}}