{"id":43224,"date":"2020-07-16T16:37:32","date_gmt":"2020-07-16T14:37:32","guid":{"rendered":"https:\/\/anasounds.com\/?post_type=product&#038;p=43224"},"modified":"2025-12-21T19:24:47","modified_gmt":"2025-12-21T18:24:47","slug":"aclam-tidy-cables-duo","status":"publish","type":"product","link":"https:\/\/anasounds.com\/fr\/produit\/aclam-tidy-cables-duo\/","title":{"rendered":"aclam tidy cables duo &#8211; lot de 5"},"content":{"rendered":"<h3 style=\"text-align: center;\">PROPRE DANS TOUTES LES DIRECTIONS<\/h3>\n<p style=\"text-align: center;\">Alors que le <a href=\"https:\/\/www.aclamguitars.com\/\">Aclam<\/a> <a href=\"https:\/\/anasounds.com\/fr\/produit\/aclam-tidy-cables\/\">Tidy Cables SE<\/a> offre une solution de gestion des c\u00e2bles qui peut g\u00e9rer les besoins de routage horizontal, le<br \/>\nTidy Cables Duo \u00e9largit les options pour fournir \u00e9galement un routage vertical. Gardez les c\u00e2bles bien rang\u00e9s !<\/p>\n<p>&nbsp;<\/p>\n<h3 style=\"text-align: center;\">GARDEZ DE L&rsquo;ORDRE<\/h3>\n<p style=\"text-align: center;\">Tidy Cables Duo et Tidy Cables SE se distinguent par la pince que le premier incorpore pour maintenir les c\u00e2bles et les<br \/>\nacheminer horizontalement. Cette solution permet de maintenir les c\u00e2bles en ordre de la m\u00eame mani\u00e8re qu&rsquo;un serre-c\u00e2ble,<br \/>\nmais avec l&rsquo;avantage de ne pas avoir \u00e0 le casser chaque fois que l&rsquo;on veut refaire le c\u00e2blage.<br \/>\nCe clip en polypropyl\u00e8ne r\u00e9sistant permet de maintenir les c\u00e2bles en ordre sur toute la longueur et peut \u00eatre plac\u00e9 et retir\u00e9<br \/>\nautant de fois que n\u00e9cessaire sans perdre sa principale caract\u00e9ristique.<br \/>\nLe Tidy Cables Duo comprend cinq unit\u00e9s de ces clips, consultez le <a href=\"https:\/\/anasounds.com\/fr\/produit\/aclam-tidy-cables-pack\/\">Tidy Cables Pack<\/a> si vous souhaitez combiner les deux diff\u00e9rentes<br \/>\noptions de rangement des c\u00e2bles.<\/p>\n<p>&nbsp;<\/p>\n<h3 style=\"text-align: center;\">PLANIFIER LE CHEMINEMENT<\/h3>\n<p style=\"text-align: center;\">Pr\u00e9voyez o\u00f9 vos p\u00e9dales iront, les c\u00e2bles de raccordement que vous utiliserez, l&#8217;emplacement de votre alimentation \u00e9lectrique et<br \/>\nd\u00e9couvrez \u00e0 quel point ces accessoires sont merveilleux pour garder les c\u00e2bles bien rang\u00e9s et un p\u00e9dalier de bonne qualit\u00e9.<br \/>\nLes Tidy Cables Duo sont excellents pour acheminer les c\u00e2bles sous le p\u00e9dalier, au cas o\u00f9 vous utiliseriez l&rsquo;un de nos supports<br \/>\npour les alimentations de p\u00e9dales, soit les p\u00e9daliers Top Routing, soit les options Free Routing.<br \/>\nD\u00e9tectez rapidement les probl\u00e8mes de p\u00e9dalier gr\u00e2ce \u00e0 des c\u00e2bles organis\u00e9s, \u00e9conomisez de l&rsquo;espace et prot\u00e9gez votre cha\u00eene sonore<br \/>\ncontre les d\u00e9connexions ind\u00e9sirables.<br \/>\nFixez-le au p\u00e9dalier \u00e0 l&rsquo;aide des rainures en appuyant simplement et enlevez-le d&rsquo;un simple tir, autant de fois que n\u00e9cessaire.<\/p>\n","protected":false},"excerpt":{"rendered":"<p style=\"text-align: center;\">Profitez d&rsquo;une configuration de p\u00e9dalier organis\u00e9e, soign\u00e9e et coh\u00e9rente gr\u00e2ce \u00e0 la solution de gestion des c\u00e2bles Tidy Cables Duo. Cet accessoire permettra d&rsquo;acheminer les c\u00e2bles verticalement, en plus des c\u00e2bles horizontaux que Tidy Cables SE propose. Con\u00e7u pour tous les p\u00e9daliers Aclam, habillez votre p\u00e9dalier parfait !<\/p>\n","protected":false},"featured_media":43227,"comment_status":"open","ping_status":"closed","template":"","meta":[],"product_brand":[],"product_cat":[751,1054],"product_tag":[715,201,737],"class_list":{"0":"post-43224","1":"product","2":"type-product","3":"status-publish","4":"has-post-thumbnail","6":"product_cat-aclam","7":"product_cat-accessoires-fr-3","8":"product_tag-aclam","9":"product_tag-pedalboard","10":"product_tag-tidy","12":"first","13":"outofstock","14":"taxable","15":"shipping-taxable","16":"purchasable","17":"product-type-simple"},"supplier_id":83522,"supplier_sku":"","barcode":null,"atum_controlled":true,"out_stock_date":"2025-12-21 19:24:47","out_stock_threshold":null,"inheritable":false,"inbound_stock":0,"stock_on_hold":0,"sold_today":0,"sales_last_days":0,"reserved_stock":0,"customer_returns":0,"warehouse_damage":0,"lost_in_post":0,"other_logs":0,"out_stock_days":115,"lost_sales":0,"has_location":false,"update_date":"2026-04-16T01:06:40","atum_locations":[],"atum_stock_status":"outofstock","restock_status":false,"low_stock_amount":"","sales_update_date":"2026-04-16T01:06:39","calc_backorders":null,"yoast_head":"<!-- This site is optimized with the Yoast SEO plugin v26.5 - https:\/\/yoast.com\/wordpress\/plugins\/seo\/ -->\n<title>aclam tidy cables duo - lot de 5 | Anasounds<\/title>\n<meta name=\"description\" content=\"Gr\u00e2ce aux clips en plastique tidy cables duo, acheminez et organisez vos c\u00e2bles en les cachants pour mettre en place un p\u00e9dalier bien rang\u00e9.\" \/>\n<meta name=\"robots\" content=\"index, follow, max-snippet:-1, max-image-preview:large, max-video-preview:-1\" \/>\n<link rel=\"canonical\" href=\"https:\/\/anasounds.com\/fr\/produit\/aclam-tidy-cables-duo\/\" \/>\n<meta property=\"og:locale\" content=\"fr_FR\" \/>\n<meta property=\"og:type\" content=\"article\" \/>\n<meta property=\"og:title\" content=\"aclam tidy cables duo - lot de 5 | Anasounds\" \/>\n<meta property=\"og:description\" content=\"Gr\u00e2ce aux clips en plastique tidy cables duo, acheminez et organisez vos c\u00e2bles en les cachants pour mettre en place un p\u00e9dalier bien rang\u00e9.\" \/>\n<meta property=\"og:url\" content=\"https:\/\/anasounds.com\/fr\/produit\/aclam-tidy-cables-duo\/\" \/>\n<meta property=\"og:site_name\" content=\"Anasounds\" \/>\n<meta property=\"article:publisher\" content=\"https:\/\/www.facebook.com\/AnasoundsFX\/\" \/>\n<meta property=\"article:modified_time\" content=\"2025-12-21T18:24:47+00:00\" \/>\n<meta property=\"og:image\" content=\"https:\/\/anasounds.com\/wp-content\/uploads\/2020\/07\/tidy-cables-duo.jpg\" \/>\n\t<meta property=\"og:image:width\" content=\"800\" \/>\n\t<meta property=\"og:image:height\" content=\"800\" \/>\n\t<meta property=\"og:image:type\" content=\"image\/jpeg\" \/>\n<meta name=\"twitter:card\" content=\"summary_large_image\" \/>\n<meta name=\"twitter:label1\" content=\"Dur\u00e9e de lecture estim\u00e9e\" \/>\n\t<meta name=\"twitter:data1\" content=\"2 minutes\" \/>\n<script type=\"application\/ld+json\" class=\"yoast-schema-graph\">{\"@context\":\"https:\/\/schema.org\",\"@graph\":[{\"@type\":\"WebPage\",\"@id\":\"https:\/\/anasounds.com\/fr\/produit\/aclam-tidy-cables-duo\/\",\"url\":\"https:\/\/anasounds.com\/fr\/produit\/aclam-tidy-cables-duo\/\",\"name\":\"aclam tidy cables duo - lot de 5 | Anasounds\",\"isPartOf\":{\"@id\":\"https:\/\/anasounds.com\/#website\"},\"primaryImageOfPage\":{\"@id\":\"https:\/\/anasounds.com\/fr\/produit\/aclam-tidy-cables-duo\/#primaryimage\"},\"image\":{\"@id\":\"https:\/\/anasounds.com\/fr\/produit\/aclam-tidy-cables-duo\/#primaryimage\"},\"thumbnailUrl\":\"https:\/\/anasounds.com\/wp-content\/uploads\/2020\/07\/tidy-cables-duo.jpg\",\"datePublished\":\"2020-07-16T14:37:32+00:00\",\"dateModified\":\"2025-12-21T18:24:47+00:00\",\"description\":\"Gr\u00e2ce aux clips en plastique tidy cables duo, acheminez et organisez vos c\u00e2bles en les cachants pour mettre en place un p\u00e9dalier bien rang\u00e9.\",\"breadcrumb\":{\"@id\":\"https:\/\/anasounds.com\/fr\/produit\/aclam-tidy-cables-duo\/#breadcrumb\"},\"inLanguage\":\"fr-FR\",\"potentialAction\":[{\"@type\":\"ReadAction\",\"target\":[\"https:\/\/anasounds.com\/fr\/produit\/aclam-tidy-cables-duo\/\"]}]},{\"@type\":\"ImageObject\",\"inLanguage\":\"fr-FR\",\"@id\":\"https:\/\/anasounds.com\/fr\/produit\/aclam-tidy-cables-duo\/#primaryimage\",\"url\":\"https:\/\/anasounds.com\/wp-content\/uploads\/2020\/07\/tidy-cables-duo.jpg\",\"contentUrl\":\"https:\/\/anasounds.com\/wp-content\/uploads\/2020\/07\/tidy-cables-duo.jpg\",\"width\":800,\"height\":800},{\"@type\":\"BreadcrumbList\",\"@id\":\"https:\/\/anasounds.com\/fr\/produit\/aclam-tidy-cables-duo\/#breadcrumb\",\"itemListElement\":[{\"@type\":\"ListItem\",\"position\":1,\"name\":\"Home\",\"item\":\"https:\/\/anasounds.com\/fr\/\"},{\"@type\":\"ListItem\",\"position\":2,\"name\":\"boutique\",\"item\":\"https:\/\/anasounds.com\/fr\/shop\/\"},{\"@type\":\"ListItem\",\"position\":3,\"name\":\"aclam tidy cables duo &#8211; lot de 5\"}]},{\"@type\":\"WebSite\",\"@id\":\"https:\/\/anasounds.com\/#website\",\"url\":\"https:\/\/anasounds.com\/\",\"name\":\"Anasounds\",\"description\":\"P\u00e9dales \u00e0 la Fran\u00e7aise\",\"publisher\":{\"@id\":\"https:\/\/anasounds.com\/#organization\"},\"potentialAction\":[{\"@type\":\"SearchAction\",\"target\":{\"@type\":\"EntryPoint\",\"urlTemplate\":\"https:\/\/anasounds.com\/?s={search_term_string}\"},\"query-input\":{\"@type\":\"PropertyValueSpecification\",\"valueRequired\":true,\"valueName\":\"search_term_string\"}}],\"inLanguage\":\"fr-FR\"},{\"@type\":\"Organization\",\"@id\":\"https:\/\/anasounds.com\/#organization\",\"name\":\"Anasounds\",\"url\":\"https:\/\/anasounds.com\/\",\"logo\":{\"@type\":\"ImageObject\",\"inLanguage\":\"fr-FR\",\"@id\":\"https:\/\/anasounds.com\/#\/schema\/logo\/image\/\",\"url\":\"https:\/\/anasounds.com\/wp-content\/uploads\/2017\/10\/Logomadeinfrnoirblc.png\",\"contentUrl\":\"https:\/\/anasounds.com\/wp-content\/uploads\/2017\/10\/Logomadeinfrnoirblc.png\",\"width\":300,\"height\":300,\"caption\":\"Anasounds\"},\"image\":{\"@id\":\"https:\/\/anasounds.com\/#\/schema\/logo\/image\/\"},\"sameAs\":[\"https:\/\/www.facebook.com\/AnasoundsFX\/\",\"https:\/\/www.instagram.com\/anasounds\/\",\"https:\/\/www.youtube.com\/user\/AnaSoundsFR\"]}]}<\/script>\n<!-- \/ Yoast SEO plugin. -->","yoast_head_json":{"title":"aclam tidy cables duo - lot de 5 | Anasounds","description":"Gr\u00e2ce aux clips en plastique tidy cables duo, acheminez et organisez vos c\u00e2bles en les cachants pour mettre en place un p\u00e9dalier bien rang\u00e9.","robots":{"index":"index","follow":"follow","max-snippet":"max-snippet:-1","max-image-preview":"max-image-preview:large","max-video-preview":"max-video-preview:-1"},"canonical":"https:\/\/anasounds.com\/fr\/produit\/aclam-tidy-cables-duo\/","og_locale":"fr_FR","og_type":"article","og_title":"aclam tidy cables duo - lot de 5 | Anasounds","og_description":"Gr\u00e2ce aux clips en plastique tidy cables duo, acheminez et organisez vos c\u00e2bles en les cachants pour mettre en place un p\u00e9dalier bien rang\u00e9.","og_url":"https:\/\/anasounds.com\/fr\/produit\/aclam-tidy-cables-duo\/","og_site_name":"Anasounds","article_publisher":"https:\/\/www.facebook.com\/AnasoundsFX\/","article_modified_time":"2025-12-21T18:24:47+00:00","og_image":[{"width":800,"height":800,"url":"https:\/\/anasounds.com\/wp-content\/uploads\/2020\/07\/tidy-cables-duo.jpg","type":"image\/jpeg"}],"twitter_card":"summary_large_image","twitter_misc":{"Dur\u00e9e de lecture estim\u00e9e":"2 minutes"},"schema":{"@context":"https:\/\/schema.org","@graph":[{"@type":"WebPage","@id":"https:\/\/anasounds.com\/fr\/produit\/aclam-tidy-cables-duo\/","url":"https:\/\/anasounds.com\/fr\/produit\/aclam-tidy-cables-duo\/","name":"aclam tidy cables duo - lot de 5 | Anasounds","isPartOf":{"@id":"https:\/\/anasounds.com\/#website"},"primaryImageOfPage":{"@id":"https:\/\/anasounds.com\/fr\/produit\/aclam-tidy-cables-duo\/#primaryimage"},"image":{"@id":"https:\/\/anasounds.com\/fr\/produit\/aclam-tidy-cables-duo\/#primaryimage"},"thumbnailUrl":"https:\/\/anasounds.com\/wp-content\/uploads\/2020\/07\/tidy-cables-duo.jpg","datePublished":"2020-07-16T14:37:32+00:00","dateModified":"2025-12-21T18:24:47+00:00","description":"Gr\u00e2ce aux clips en plastique tidy cables duo, acheminez et organisez vos c\u00e2bles en les cachants pour mettre en place un p\u00e9dalier bien rang\u00e9.","breadcrumb":{"@id":"https:\/\/anasounds.com\/fr\/produit\/aclam-tidy-cables-duo\/#breadcrumb"},"inLanguage":"fr-FR","potentialAction":[{"@type":"ReadAction","target":["https:\/\/anasounds.com\/fr\/produit\/aclam-tidy-cables-duo\/"]}]},{"@type":"ImageObject","inLanguage":"fr-FR","@id":"https:\/\/anasounds.com\/fr\/produit\/aclam-tidy-cables-duo\/#primaryimage","url":"https:\/\/anasounds.com\/wp-content\/uploads\/2020\/07\/tidy-cables-duo.jpg","contentUrl":"https:\/\/anasounds.com\/wp-content\/uploads\/2020\/07\/tidy-cables-duo.jpg","width":800,"height":800},{"@type":"BreadcrumbList","@id":"https:\/\/anasounds.com\/fr\/produit\/aclam-tidy-cables-duo\/#breadcrumb","itemListElement":[{"@type":"ListItem","position":1,"name":"Home","item":"https:\/\/anasounds.com\/fr\/"},{"@type":"ListItem","position":2,"name":"boutique","item":"https:\/\/anasounds.com\/fr\/shop\/"},{"@type":"ListItem","position":3,"name":"aclam tidy cables duo &#8211; lot de 5"}]},{"@type":"WebSite","@id":"https:\/\/anasounds.com\/#website","url":"https:\/\/anasounds.com\/","name":"Anasounds","description":"P\u00e9dales \u00e0 la Fran\u00e7aise","publisher":{"@id":"https:\/\/anasounds.com\/#organization"},"potentialAction":[{"@type":"SearchAction","target":{"@type":"EntryPoint","urlTemplate":"https:\/\/anasounds.com\/?s={search_term_string}"},"query-input":{"@type":"PropertyValueSpecification","valueRequired":true,"valueName":"search_term_string"}}],"inLanguage":"fr-FR"},{"@type":"Organization","@id":"https:\/\/anasounds.com\/#organization","name":"Anasounds","url":"https:\/\/anasounds.com\/","logo":{"@type":"ImageObject","inLanguage":"fr-FR","@id":"https:\/\/anasounds.com\/#\/schema\/logo\/image\/","url":"https:\/\/anasounds.com\/wp-content\/uploads\/2017\/10\/Logomadeinfrnoirblc.png","contentUrl":"https:\/\/anasounds.com\/wp-content\/uploads\/2017\/10\/Logomadeinfrnoirblc.png","width":300,"height":300,"caption":"Anasounds"},"image":{"@id":"https:\/\/anasounds.com\/#\/schema\/logo\/image\/"},"sameAs":["https:\/\/www.facebook.com\/AnasoundsFX\/","https:\/\/www.instagram.com\/anasounds\/","https:\/\/www.youtube.com\/user\/AnaSoundsFR"]}]}},"_links":{"self":[{"href":"https:\/\/anasounds.com\/fr\/wp-json\/wp\/v2\/product\/43224","targetHints":{"allow":["GET"]}}],"collection":[{"href":"https:\/\/anasounds.com\/fr\/wp-json\/wp\/v2\/product"}],"about":[{"href":"https:\/\/anasounds.com\/fr\/wp-json\/wp\/v2\/types\/product"}],"replies":[{"embeddable":true,"href":"https:\/\/anasounds.com\/fr\/wp-json\/wp\/v2\/comments?post=43224"}],"wp:featuredmedia":[{"embeddable":true,"href":"https:\/\/anasounds.com\/fr\/wp-json\/wp\/v2\/media\/43227"}],"wp:attachment":[{"href":"https:\/\/anasounds.com\/fr\/wp-json\/wp\/v2\/media?parent=43224"}],"wp:term":[{"taxonomy":"product_brand","embeddable":true,"href":"https:\/\/anasounds.com\/fr\/wp-json\/wp\/v2\/product_brand?post=43224"},{"taxonomy":"product_cat","embeddable":true,"href":"https:\/\/anasounds.com\/fr\/wp-json\/wp\/v2\/product_cat?post=43224"},{"taxonomy":"product_tag","embeddable":true,"href":"https:\/\/anasounds.com\/fr\/wp-json\/wp\/v2\/product_tag?post=43224"}],"curies":[{"name":"wp","href":"https:\/\/api.w.org\/{rel}","templated":true}]}}