{"id":43240,"date":"2020-07-16T16:55:44","date_gmt":"2020-07-16T14:55:44","guid":{"rendered":"https:\/\/anasounds.com\/?post_type=product&#038;p=43240"},"modified":"2026-04-06T21:40:58","modified_gmt":"2026-04-06T19:40:58","slug":"aclam-fasteners","status":"publish","type":"product","link":"https:\/\/anasounds.com\/fr\/produit\/aclam-fasteners\/","title":{"rendered":"aclam fasteners"},"content":{"rendered":"<h3 style=\"text-align: center;\">ALORS, QU&rsquo;EST-CE QUI NE VA PAS AVEC LE VELCRO\u00ae ?<\/h3>\n<p style=\"text-align: center;\">Le velcro\u00ae est tr\u00e8s bien, la gamme de p\u00e9daliers Evo Track\u00ae et Hybrid Track\u00ae <a href=\"https:\/\/www.aclamguitars.com\/\">d&rsquo;Aclam<\/a> comprend une version extra forte de ces<br \/>\npopulaires attaches \u00e0 boucles et crochets. L&rsquo;id\u00e9e derri\u00e8re les Aclam Fasteners est de changer la s\u00e9quence pression-tirage pour<br \/>\nun mouvement de vissage-d\u00e9vissage. Avec cette alternative au Velcro\u00ae, vous n&rsquo;aurez plus \u00e0 coller des trucs sur vos<br \/>\np\u00e9dales boutique, les gardant en parfait \u00e9tat et \u00e9galement fix\u00e9es \u00e0 la planche.<\/p>\n<p>&nbsp;<\/p>\n<h3 style=\"text-align: center;\">LES FASTENERS<\/h3>\n<p style=\"text-align: center;\">En polyamide, les fixations sont con\u00e7ues pour appliquer une pression sur les p\u00e9dales d&rsquo;effets afin de les maintenir en place.<br \/>\nLa surface antid\u00e9rapante en caoutchouc qui est en contact avec la p\u00e9dale d&rsquo;effet \u00e9vitera de la rayer ou de l&rsquo;endommager.<br \/>\nPour assurer une fixation solide, les Fasteners s&rsquo;inclinent contre la p\u00e9dale lors du vissage.<\/p>\n<p>&nbsp;<\/p>\n<h3 style=\"text-align: center;\">MODE D&rsquo;EMPLOI<\/h3>\n<p style=\"text-align: center;\">Il suffit de placer la p\u00e9dale d&rsquo;effets \u00e0 la position souhait\u00e9e. Tout en maintenant la p\u00e9dale en place, appuyez sur la fixation<br \/>\ncontre la p\u00e9dale et, \u00e0 l&rsquo;aide d&rsquo;un tournevis, fixez-la au p\u00e9dalier. Aclam recommande d&rsquo;utiliser quatre fixations par<br \/>\np\u00e9dale d&rsquo;effets, mais certaines petites p\u00e9dales d&rsquo;effets peuvent \u00eatre fix\u00e9es avec deux fixations, et d&rsquo;autres plus grandes<br \/>\npeuvent \u00eatre fix\u00e9es avec plus de quatre fixations si n\u00e9cessaire.<br \/>\nLes p\u00e9dales qui ont des formes non rectangulaires ou qui doivent \u00eatre fix\u00e9es par le haut et le bas, plut\u00f4t que par les c\u00f4t\u00e9s,<br \/>\nauront besoin de <a href=\"https:\/\/anasounds.com\/fr\/?post_type=product&#038;p=43175\">fixations \u00e0 360\u00ba<\/a> pour \u00eatre fix\u00e9es correctement au p\u00e9dalier.<br \/>\nDeux options de fixations sont disponibles sur notre boutique en ligne : un paquet pour une p\u00e9dale comprenant 4 pi\u00e8ces<br \/>\net un paquet pour cinq p\u00e9dales comprenant 20 unit\u00e9s.<\/p>\n","protected":false},"excerpt":{"rendered":"<p style=\"text-align: center;\">Le d\u00e9sir d&rsquo;offrir quelque chose de diff\u00e9rent de ce que les autres dizaines de fabricants de p\u00e9daliers faisaient \u00e9tait la pr\u00e9misse \u00e0 suivre d\u00e8s le d\u00e9but. Chez Aclam, nous avons vite remarqu\u00e9 que personne n&rsquo;avait \u00e9tudi\u00e9 un syst\u00e8me \u00e9volu\u00e9 pour fixer les p\u00e9dales au p\u00e9dalier, et nous avons donc lanc\u00e9 les Fasteners, la premi\u00e8re alternative fiable au Velcro\u00ae qui vous emp\u00eachera de coller des trucs \u00e0 vos co\u00fbteuses p\u00e9dales boutiques.<\/p>\n","protected":false},"featured_media":43256,"comment_status":"open","ping_status":"closed","template":"","meta":[],"product_brand":[],"product_cat":[751,1054],"product_tag":[715,739,201],"class_list":{"0":"post-43240","1":"product","2":"type-product","3":"status-publish","4":"has-post-thumbnail","6":"product_cat-aclam","7":"product_cat-accessoires-fr-3","8":"product_tag-aclam","9":"product_tag-fasteners","10":"product_tag-pedalboard","12":"first","13":"outofstock","14":"taxable","15":"shipping-taxable","16":"purchasable","17":"product-type-variable"},"supplier_id":null,"supplier_sku":"","barcode":null,"atum_controlled":true,"out_stock_date":"2025-12-21 19:24:46","out_stock_threshold":null,"inheritable":false,"inbound_stock":0,"stock_on_hold":0,"sold_today":0,"sales_last_days":0,"reserved_stock":0,"customer_returns":0,"warehouse_damage":0,"lost_in_post":0,"other_logs":0,"out_stock_days":112,"lost_sales":0,"has_location":false,"update_date":"2026-04-13T01:06:05","atum_locations":[],"atum_stock_status":"outofstock","restock_status":false,"low_stock_amount":"","sales_update_date":"2026-04-13T01:06:04","calc_backorders":null,"yoast_head":"<!-- This site is optimized with the Yoast SEO plugin v26.5 - https:\/\/yoast.com\/wordpress\/plugins\/seo\/ -->\n<title>aclam fasteners | Anasounds<\/title>\n<meta name=\"description\" content=\"Fixez vos p\u00e9dales d&#039;effets \u00e0 un p\u00e9dalier Aclam Smart Track, sans utiliser d&#039;adh\u00e9sifs ou de velcro qui peuvent abimer vos p\u00e9dales avec les fasteners.\" \/>\n<meta name=\"robots\" content=\"index, follow, max-snippet:-1, max-image-preview:large, max-video-preview:-1\" \/>\n<link rel=\"canonical\" href=\"https:\/\/anasounds.com\/fr\/produit\/aclam-fasteners\/\" \/>\n<meta property=\"og:locale\" content=\"fr_FR\" \/>\n<meta property=\"og:type\" content=\"article\" \/>\n<meta property=\"og:title\" content=\"aclam fasteners | Anasounds\" \/>\n<meta property=\"og:description\" content=\"Fixez vos p\u00e9dales d&#039;effets \u00e0 un p\u00e9dalier Aclam Smart Track, sans utiliser d&#039;adh\u00e9sifs ou de velcro qui peuvent abimer vos p\u00e9dales avec les fasteners.\" \/>\n<meta property=\"og:url\" content=\"https:\/\/anasounds.com\/fr\/produit\/aclam-fasteners\/\" \/>\n<meta property=\"og:site_name\" content=\"Anasounds\" \/>\n<meta property=\"article:publisher\" content=\"https:\/\/www.facebook.com\/AnasoundsFX\/\" \/>\n<meta property=\"article:modified_time\" content=\"2026-04-06T19:40:58+00:00\" \/>\n<meta property=\"og:image\" content=\"https:\/\/anasounds.com\/wp-content\/uploads\/2020\/07\/fasteners.jpg\" \/>\n\t<meta property=\"og:image:width\" content=\"800\" \/>\n\t<meta property=\"og:image:height\" content=\"800\" \/>\n\t<meta property=\"og:image:type\" content=\"image\/jpeg\" \/>\n<meta name=\"twitter:card\" content=\"summary_large_image\" \/>\n<meta name=\"twitter:label1\" content=\"Dur\u00e9e de lecture estim\u00e9e\" \/>\n\t<meta name=\"twitter:data1\" content=\"1 minute\" \/>\n<script type=\"application\/ld+json\" class=\"yoast-schema-graph\">{\"@context\":\"https:\/\/schema.org\",\"@graph\":[{\"@type\":\"WebPage\",\"@id\":\"https:\/\/anasounds.com\/fr\/produit\/aclam-fasteners\/\",\"url\":\"https:\/\/anasounds.com\/fr\/produit\/aclam-fasteners\/\",\"name\":\"aclam fasteners | Anasounds\",\"isPartOf\":{\"@id\":\"https:\/\/anasounds.com\/#website\"},\"primaryImageOfPage\":{\"@id\":\"https:\/\/anasounds.com\/fr\/produit\/aclam-fasteners\/#primaryimage\"},\"image\":{\"@id\":\"https:\/\/anasounds.com\/fr\/produit\/aclam-fasteners\/#primaryimage\"},\"thumbnailUrl\":\"https:\/\/anasounds.com\/wp-content\/uploads\/2020\/07\/fasteners.jpg\",\"datePublished\":\"2020-07-16T14:55:44+00:00\",\"dateModified\":\"2026-04-06T19:40:58+00:00\",\"description\":\"Fixez vos p\u00e9dales d'effets \u00e0 un p\u00e9dalier Aclam Smart Track, sans utiliser d'adh\u00e9sifs ou de velcro qui peuvent abimer vos p\u00e9dales avec les fasteners.\",\"breadcrumb\":{\"@id\":\"https:\/\/anasounds.com\/fr\/produit\/aclam-fasteners\/#breadcrumb\"},\"inLanguage\":\"fr-FR\",\"potentialAction\":[{\"@type\":\"ReadAction\",\"target\":[\"https:\/\/anasounds.com\/fr\/produit\/aclam-fasteners\/\"]}]},{\"@type\":\"ImageObject\",\"inLanguage\":\"fr-FR\",\"@id\":\"https:\/\/anasounds.com\/fr\/produit\/aclam-fasteners\/#primaryimage\",\"url\":\"https:\/\/anasounds.com\/wp-content\/uploads\/2020\/07\/fasteners.jpg\",\"contentUrl\":\"https:\/\/anasounds.com\/wp-content\/uploads\/2020\/07\/fasteners.jpg\",\"width\":800,\"height\":800},{\"@type\":\"BreadcrumbList\",\"@id\":\"https:\/\/anasounds.com\/fr\/produit\/aclam-fasteners\/#breadcrumb\",\"itemListElement\":[{\"@type\":\"ListItem\",\"position\":1,\"name\":\"Home\",\"item\":\"https:\/\/anasounds.com\/fr\/\"},{\"@type\":\"ListItem\",\"position\":2,\"name\":\"boutique\",\"item\":\"https:\/\/anasounds.com\/fr\/shop\/\"},{\"@type\":\"ListItem\",\"position\":3,\"name\":\"aclam fasteners\"}]},{\"@type\":\"WebSite\",\"@id\":\"https:\/\/anasounds.com\/#website\",\"url\":\"https:\/\/anasounds.com\/\",\"name\":\"Anasounds\",\"description\":\"P\u00e9dales \u00e0 la Fran\u00e7aise\",\"publisher\":{\"@id\":\"https:\/\/anasounds.com\/#organization\"},\"potentialAction\":[{\"@type\":\"SearchAction\",\"target\":{\"@type\":\"EntryPoint\",\"urlTemplate\":\"https:\/\/anasounds.com\/?s={search_term_string}\"},\"query-input\":{\"@type\":\"PropertyValueSpecification\",\"valueRequired\":true,\"valueName\":\"search_term_string\"}}],\"inLanguage\":\"fr-FR\"},{\"@type\":\"Organization\",\"@id\":\"https:\/\/anasounds.com\/#organization\",\"name\":\"Anasounds\",\"url\":\"https:\/\/anasounds.com\/\",\"logo\":{\"@type\":\"ImageObject\",\"inLanguage\":\"fr-FR\",\"@id\":\"https:\/\/anasounds.com\/#\/schema\/logo\/image\/\",\"url\":\"https:\/\/anasounds.com\/wp-content\/uploads\/2017\/10\/Logomadeinfrnoirblc.png\",\"contentUrl\":\"https:\/\/anasounds.com\/wp-content\/uploads\/2017\/10\/Logomadeinfrnoirblc.png\",\"width\":300,\"height\":300,\"caption\":\"Anasounds\"},\"image\":{\"@id\":\"https:\/\/anasounds.com\/#\/schema\/logo\/image\/\"},\"sameAs\":[\"https:\/\/www.facebook.com\/AnasoundsFX\/\",\"https:\/\/www.instagram.com\/anasounds\/\",\"https:\/\/www.youtube.com\/user\/AnaSoundsFR\"]}]}<\/script>\n<!-- \/ Yoast SEO plugin. -->","yoast_head_json":{"title":"aclam fasteners | Anasounds","description":"Fixez vos p\u00e9dales d'effets \u00e0 un p\u00e9dalier Aclam Smart Track, sans utiliser d'adh\u00e9sifs ou de velcro qui peuvent abimer vos p\u00e9dales avec les fasteners.","robots":{"index":"index","follow":"follow","max-snippet":"max-snippet:-1","max-image-preview":"max-image-preview:large","max-video-preview":"max-video-preview:-1"},"canonical":"https:\/\/anasounds.com\/fr\/produit\/aclam-fasteners\/","og_locale":"fr_FR","og_type":"article","og_title":"aclam fasteners | Anasounds","og_description":"Fixez vos p\u00e9dales d'effets \u00e0 un p\u00e9dalier Aclam Smart Track, sans utiliser d'adh\u00e9sifs ou de velcro qui peuvent abimer vos p\u00e9dales avec les fasteners.","og_url":"https:\/\/anasounds.com\/fr\/produit\/aclam-fasteners\/","og_site_name":"Anasounds","article_publisher":"https:\/\/www.facebook.com\/AnasoundsFX\/","article_modified_time":"2026-04-06T19:40:58+00:00","og_image":[{"width":800,"height":800,"url":"https:\/\/anasounds.com\/wp-content\/uploads\/2020\/07\/fasteners.jpg","type":"image\/jpeg"}],"twitter_card":"summary_large_image","twitter_misc":{"Dur\u00e9e de lecture estim\u00e9e":"1 minute"},"schema":{"@context":"https:\/\/schema.org","@graph":[{"@type":"WebPage","@id":"https:\/\/anasounds.com\/fr\/produit\/aclam-fasteners\/","url":"https:\/\/anasounds.com\/fr\/produit\/aclam-fasteners\/","name":"aclam fasteners | Anasounds","isPartOf":{"@id":"https:\/\/anasounds.com\/#website"},"primaryImageOfPage":{"@id":"https:\/\/anasounds.com\/fr\/produit\/aclam-fasteners\/#primaryimage"},"image":{"@id":"https:\/\/anasounds.com\/fr\/produit\/aclam-fasteners\/#primaryimage"},"thumbnailUrl":"https:\/\/anasounds.com\/wp-content\/uploads\/2020\/07\/fasteners.jpg","datePublished":"2020-07-16T14:55:44+00:00","dateModified":"2026-04-06T19:40:58+00:00","description":"Fixez vos p\u00e9dales d'effets \u00e0 un p\u00e9dalier Aclam Smart Track, sans utiliser d'adh\u00e9sifs ou de velcro qui peuvent abimer vos p\u00e9dales avec les fasteners.","breadcrumb":{"@id":"https:\/\/anasounds.com\/fr\/produit\/aclam-fasteners\/#breadcrumb"},"inLanguage":"fr-FR","potentialAction":[{"@type":"ReadAction","target":["https:\/\/anasounds.com\/fr\/produit\/aclam-fasteners\/"]}]},{"@type":"ImageObject","inLanguage":"fr-FR","@id":"https:\/\/anasounds.com\/fr\/produit\/aclam-fasteners\/#primaryimage","url":"https:\/\/anasounds.com\/wp-content\/uploads\/2020\/07\/fasteners.jpg","contentUrl":"https:\/\/anasounds.com\/wp-content\/uploads\/2020\/07\/fasteners.jpg","width":800,"height":800},{"@type":"BreadcrumbList","@id":"https:\/\/anasounds.com\/fr\/produit\/aclam-fasteners\/#breadcrumb","itemListElement":[{"@type":"ListItem","position":1,"name":"Home","item":"https:\/\/anasounds.com\/fr\/"},{"@type":"ListItem","position":2,"name":"boutique","item":"https:\/\/anasounds.com\/fr\/shop\/"},{"@type":"ListItem","position":3,"name":"aclam fasteners"}]},{"@type":"WebSite","@id":"https:\/\/anasounds.com\/#website","url":"https:\/\/anasounds.com\/","name":"Anasounds","description":"P\u00e9dales \u00e0 la Fran\u00e7aise","publisher":{"@id":"https:\/\/anasounds.com\/#organization"},"potentialAction":[{"@type":"SearchAction","target":{"@type":"EntryPoint","urlTemplate":"https:\/\/anasounds.com\/?s={search_term_string}"},"query-input":{"@type":"PropertyValueSpecification","valueRequired":true,"valueName":"search_term_string"}}],"inLanguage":"fr-FR"},{"@type":"Organization","@id":"https:\/\/anasounds.com\/#organization","name":"Anasounds","url":"https:\/\/anasounds.com\/","logo":{"@type":"ImageObject","inLanguage":"fr-FR","@id":"https:\/\/anasounds.com\/#\/schema\/logo\/image\/","url":"https:\/\/anasounds.com\/wp-content\/uploads\/2017\/10\/Logomadeinfrnoirblc.png","contentUrl":"https:\/\/anasounds.com\/wp-content\/uploads\/2017\/10\/Logomadeinfrnoirblc.png","width":300,"height":300,"caption":"Anasounds"},"image":{"@id":"https:\/\/anasounds.com\/#\/schema\/logo\/image\/"},"sameAs":["https:\/\/www.facebook.com\/AnasoundsFX\/","https:\/\/www.instagram.com\/anasounds\/","https:\/\/www.youtube.com\/user\/AnaSoundsFR"]}]}},"_links":{"self":[{"href":"https:\/\/anasounds.com\/fr\/wp-json\/wp\/v2\/product\/43240","targetHints":{"allow":["GET"]}}],"collection":[{"href":"https:\/\/anasounds.com\/fr\/wp-json\/wp\/v2\/product"}],"about":[{"href":"https:\/\/anasounds.com\/fr\/wp-json\/wp\/v2\/types\/product"}],"replies":[{"embeddable":true,"href":"https:\/\/anasounds.com\/fr\/wp-json\/wp\/v2\/comments?post=43240"}],"wp:featuredmedia":[{"embeddable":true,"href":"https:\/\/anasounds.com\/fr\/wp-json\/wp\/v2\/media\/43256"}],"wp:attachment":[{"href":"https:\/\/anasounds.com\/fr\/wp-json\/wp\/v2\/media?parent=43240"}],"wp:term":[{"taxonomy":"product_brand","embeddable":true,"href":"https:\/\/anasounds.com\/fr\/wp-json\/wp\/v2\/product_brand?post=43240"},{"taxonomy":"product_cat","embeddable":true,"href":"https:\/\/anasounds.com\/fr\/wp-json\/wp\/v2\/product_cat?post=43240"},{"taxonomy":"product_tag","embeddable":true,"href":"https:\/\/anasounds.com\/fr\/wp-json\/wp\/v2\/product_tag?post=43240"}],"curies":[{"name":"wp","href":"https:\/\/api.w.org\/{rel}","templated":true}]}}