{"id":43270,"date":"2020-07-16T17:12:28","date_gmt":"2020-07-16T15:12:28","guid":{"rendered":"https:\/\/anasounds.com\/?post_type=product&#038;p=43270"},"modified":"2025-12-21T19:24:46","modified_gmt":"2025-12-21T18:24:46","slug":"aclam-tidy-cables","status":"publish","type":"product","link":"https:\/\/anasounds.com\/fr\/produit\/aclam-tidy-cables\/","title":{"rendered":"aclam tidy cables &#8211; lot de 5"},"content":{"rendered":"<h3 style=\"text-align: center;\">CONCEPTION INTELLIGENTE<\/h3>\n<p style=\"text-align: center;\">Le design des p\u00e9daliers <a href=\"https:\/\/www.aclamguitars.com\/\">d&rsquo;Aclam<\/a> n&rsquo;est pas le fruit du hasard, chaque espace et chaque rainure ont \u00e9t\u00e9 pens\u00e9s pour une raison<br \/>\nparticuli\u00e8re, pour donner une capacit\u00e9 modulaire \u00e0 l&rsquo;ensemble du syst\u00e8me. Sp\u00e9cialement con\u00e7u comme une solution de gestion<br \/>\ndes c\u00e2bles, le Tidy Cables est un accessoire de base pour construire un p\u00e9dalier soign\u00e9 et efficace.<\/p>\n<p>&nbsp;<\/p>\n<h3 style=\"text-align: center;\">SOLUTION DE GESTION DES C\u00c2BLES<\/h3>\n<p style=\"text-align: center;\">Les Tidy Cables sont fabriqu\u00e9s en polypropyl\u00e8ne, une structure mol\u00e9culaire id\u00e9ale pour sa r\u00e9sistance et sa duret\u00e9,<br \/>\nce qui leur conf\u00e8re une grande durabilit\u00e9. Cette solution de gestion des c\u00e2bles peut \u00eatre plac\u00e9e et retir\u00e9e autant de fois<br \/>\nque n\u00e9cessaire sans s&rsquo;user ni perdre son adh\u00e9rence.<br \/>\nTidy Cables comprend cinq unit\u00e9s de ces clips, qui se fixent aux rainures de la planche par pression, et qui s&rsquo;enl\u00e8vent facilement<br \/>\nen les tirant.<br \/>\nPlacez les c\u00e2bles le long des rainures et utilisez la solution de gestion des c\u00e2bles d&rsquo;Aclam, les Tidy Cables, pour les<br \/>\nmaintenir en place. Si vous avez besoin de faire passer vos c\u00e2bles verticalement, consultez notre option <a href=\"https:\/\/anasounds.com\/fr\/produit\/aclam-tidy-cables-duo\/\">Tidy Cables Duo<\/a>,<br \/>\nou le <a href=\"https:\/\/anasounds.com\/fr\/produit\/aclam-tidy-cables-pack\/\">Tidy Cables Pack<\/a> qui comprend les deux alternatives de gestion des c\u00e2bles.<\/p>\n<p>&nbsp;<\/p>\n<h3 style=\"text-align: center;\">GARDER LES C\u00c2BLES BIEN RANG\u00c9S<\/h3>\n<p style=\"text-align: center;\">Il existe de nombreux autres avantages li\u00e9s \u00e0 une pr\u00e9sentation soign\u00e9e et ordonn\u00e9e du c\u00e2ble :<br \/>\nD\u00e9tection rapide des probl\u00e8mes en cas de dysfonctionnement d&rsquo;une p\u00e9dale d&rsquo;effets sp\u00e9cifiques, d&rsquo;un c\u00e2ble de raccordement ou d&rsquo;un c\u00e2blage d&rsquo;alimentation.<br \/>\nGain de place gr\u00e2ce \u00e0 des chemins de c\u00e2bles bien d\u00e9finis. En utilisant les rainures du p\u00e9dalier, vous \u00e9viterez d&rsquo;avoir de gros morceaux de c\u00e2blage g\u00eanants au-dessus du p\u00e9dalier.<br \/>\nUne protection suppl\u00e9mentaire contre les tiraillements et les coups de pied involontaires des c\u00e2bles.<\/p>\n<p style=\"text-align: center;\">Organisez votre p\u00e9dalier avant de d\u00e9cider du nombre de c\u00e2bles Tidy Cables dont vous aurez besoin pour couvrir l&rsquo;ensemble du p\u00e9dalier.<\/p>\n<p style=\"text-align: center;\">N&rsquo;oubliez pas que la solution de gestion des c\u00e2bles d&rsquo;Aclam peut \u00e9galement \u00eatre utilis\u00e9e sur les rainures sous<br \/>\nle p\u00e9dalier.<\/p>\n<p style=\"text-align: center;\">Ce qui est une excellente option pour garder les c\u00e2bles d&rsquo;alimentation en ordre si vous utilisez le<br \/>\nsupport d&rsquo;alimentation universel sur un mod\u00e8le de routage sup\u00e9rieur, ou pour les c\u00e2bles de raccordement.<\/p>\n","protected":false},"excerpt":{"rendered":"<p style=\"text-align: center;\">Un p\u00e9dalier soign\u00e9 et organis\u00e9 augmentera la fiabilit\u00e9, vous permettra de d\u00e9tecter les probl\u00e8mes plus rapidement et vous facilitera la vie lorsqu&rsquo;il s&rsquo;agira de refaire votre cha\u00eene de p\u00e9dales. Cette solution de gestion des c\u00e2bles con\u00e7ue pour les p\u00e9daliers d&rsquo;Aclam vous permettra de garder vos c\u00e2bles en place.<\/p>\n","protected":false},"featured_media":43273,"comment_status":"open","ping_status":"closed","template":"","meta":[],"product_brand":[],"product_cat":[751,1054],"product_tag":[715,201,737],"class_list":{"0":"post-43270","1":"product","2":"type-product","3":"status-publish","4":"has-post-thumbnail","6":"product_cat-aclam","7":"product_cat-accessoires-fr-3","8":"product_tag-aclam","9":"product_tag-pedalboard","10":"product_tag-tidy","12":"first","13":"outofstock","14":"taxable","15":"shipping-taxable","16":"purchasable","17":"product-type-simple"},"supplier_id":83522,"supplier_sku":"","barcode":null,"atum_controlled":true,"out_stock_date":"2025-12-21 19:24:46","out_stock_threshold":null,"inheritable":false,"inbound_stock":0,"stock_on_hold":0,"sold_today":0,"sales_last_days":0,"reserved_stock":0,"customer_returns":0,"warehouse_damage":0,"lost_in_post":0,"other_logs":0,"out_stock_days":104,"lost_sales":0,"has_location":false,"update_date":"2026-04-05T01:01:24","atum_locations":[],"atum_stock_status":"outofstock","restock_status":false,"low_stock_amount":"","sales_update_date":"2026-04-05T01:01:24","calc_backorders":null,"yoast_head":"<!-- This site is optimized with the Yoast SEO plugin v26.5 - https:\/\/yoast.com\/wordpress\/plugins\/seo\/ -->\n<title>aclam tidy cables - lot de 5 | Anasounds<\/title>\n<meta name=\"description\" content=\"Acheminez et organisez vos c\u00e2bles en les cachants pour mettre en place un p\u00e9dalier bien rang\u00e9 gr\u00e2ce aux clips en plastique Tidy Cables.\" \/>\n<meta name=\"robots\" content=\"index, follow, max-snippet:-1, max-image-preview:large, max-video-preview:-1\" \/>\n<link rel=\"canonical\" href=\"https:\/\/anasounds.com\/fr\/produit\/aclam-tidy-cables\/\" \/>\n<meta property=\"og:locale\" content=\"fr_FR\" \/>\n<meta property=\"og:type\" content=\"article\" \/>\n<meta property=\"og:title\" content=\"aclam tidy cables - lot de 5 | Anasounds\" \/>\n<meta property=\"og:description\" content=\"Acheminez et organisez vos c\u00e2bles en les cachants pour mettre en place un p\u00e9dalier bien rang\u00e9 gr\u00e2ce aux clips en plastique Tidy Cables.\" \/>\n<meta property=\"og:url\" content=\"https:\/\/anasounds.com\/fr\/produit\/aclam-tidy-cables\/\" \/>\n<meta property=\"og:site_name\" content=\"Anasounds\" \/>\n<meta property=\"article:publisher\" content=\"https:\/\/www.facebook.com\/AnasoundsFX\/\" \/>\n<meta property=\"article:modified_time\" content=\"2025-12-21T18:24:46+00:00\" \/>\n<meta property=\"og:image\" content=\"https:\/\/anasounds.com\/wp-content\/uploads\/2020\/07\/tidy-cables-smart-evo.jpg\" \/>\n\t<meta property=\"og:image:width\" content=\"800\" \/>\n\t<meta property=\"og:image:height\" content=\"800\" \/>\n\t<meta property=\"og:image:type\" content=\"image\/jpeg\" \/>\n<meta name=\"twitter:card\" content=\"summary_large_image\" \/>\n<meta name=\"twitter:label1\" content=\"Dur\u00e9e de lecture estim\u00e9e\" \/>\n\t<meta name=\"twitter:data1\" content=\"2 minutes\" \/>\n<script type=\"application\/ld+json\" class=\"yoast-schema-graph\">{\"@context\":\"https:\/\/schema.org\",\"@graph\":[{\"@type\":\"WebPage\",\"@id\":\"https:\/\/anasounds.com\/fr\/produit\/aclam-tidy-cables\/\",\"url\":\"https:\/\/anasounds.com\/fr\/produit\/aclam-tidy-cables\/\",\"name\":\"aclam tidy cables - lot de 5 | Anasounds\",\"isPartOf\":{\"@id\":\"https:\/\/anasounds.com\/#website\"},\"primaryImageOfPage\":{\"@id\":\"https:\/\/anasounds.com\/fr\/produit\/aclam-tidy-cables\/#primaryimage\"},\"image\":{\"@id\":\"https:\/\/anasounds.com\/fr\/produit\/aclam-tidy-cables\/#primaryimage\"},\"thumbnailUrl\":\"https:\/\/anasounds.com\/wp-content\/uploads\/2020\/07\/tidy-cables-smart-evo.jpg\",\"datePublished\":\"2020-07-16T15:12:28+00:00\",\"dateModified\":\"2025-12-21T18:24:46+00:00\",\"description\":\"Acheminez et organisez vos c\u00e2bles en les cachants pour mettre en place un p\u00e9dalier bien rang\u00e9 gr\u00e2ce aux clips en plastique Tidy Cables.\",\"breadcrumb\":{\"@id\":\"https:\/\/anasounds.com\/fr\/produit\/aclam-tidy-cables\/#breadcrumb\"},\"inLanguage\":\"fr-FR\",\"potentialAction\":[{\"@type\":\"ReadAction\",\"target\":[\"https:\/\/anasounds.com\/fr\/produit\/aclam-tidy-cables\/\"]}]},{\"@type\":\"ImageObject\",\"inLanguage\":\"fr-FR\",\"@id\":\"https:\/\/anasounds.com\/fr\/produit\/aclam-tidy-cables\/#primaryimage\",\"url\":\"https:\/\/anasounds.com\/wp-content\/uploads\/2020\/07\/tidy-cables-smart-evo.jpg\",\"contentUrl\":\"https:\/\/anasounds.com\/wp-content\/uploads\/2020\/07\/tidy-cables-smart-evo.jpg\",\"width\":800,\"height\":800},{\"@type\":\"BreadcrumbList\",\"@id\":\"https:\/\/anasounds.com\/fr\/produit\/aclam-tidy-cables\/#breadcrumb\",\"itemListElement\":[{\"@type\":\"ListItem\",\"position\":1,\"name\":\"Home\",\"item\":\"https:\/\/anasounds.com\/fr\/\"},{\"@type\":\"ListItem\",\"position\":2,\"name\":\"boutique\",\"item\":\"https:\/\/anasounds.com\/fr\/shop\/\"},{\"@type\":\"ListItem\",\"position\":3,\"name\":\"aclam tidy cables &#8211; lot de 5\"}]},{\"@type\":\"WebSite\",\"@id\":\"https:\/\/anasounds.com\/#website\",\"url\":\"https:\/\/anasounds.com\/\",\"name\":\"Anasounds\",\"description\":\"P\u00e9dales \u00e0 la Fran\u00e7aise\",\"publisher\":{\"@id\":\"https:\/\/anasounds.com\/#organization\"},\"potentialAction\":[{\"@type\":\"SearchAction\",\"target\":{\"@type\":\"EntryPoint\",\"urlTemplate\":\"https:\/\/anasounds.com\/?s={search_term_string}\"},\"query-input\":{\"@type\":\"PropertyValueSpecification\",\"valueRequired\":true,\"valueName\":\"search_term_string\"}}],\"inLanguage\":\"fr-FR\"},{\"@type\":\"Organization\",\"@id\":\"https:\/\/anasounds.com\/#organization\",\"name\":\"Anasounds\",\"url\":\"https:\/\/anasounds.com\/\",\"logo\":{\"@type\":\"ImageObject\",\"inLanguage\":\"fr-FR\",\"@id\":\"https:\/\/anasounds.com\/#\/schema\/logo\/image\/\",\"url\":\"https:\/\/anasounds.com\/wp-content\/uploads\/2017\/10\/Logomadeinfrnoirblc.png\",\"contentUrl\":\"https:\/\/anasounds.com\/wp-content\/uploads\/2017\/10\/Logomadeinfrnoirblc.png\",\"width\":300,\"height\":300,\"caption\":\"Anasounds\"},\"image\":{\"@id\":\"https:\/\/anasounds.com\/#\/schema\/logo\/image\/\"},\"sameAs\":[\"https:\/\/www.facebook.com\/AnasoundsFX\/\",\"https:\/\/www.instagram.com\/anasounds\/\",\"https:\/\/www.youtube.com\/user\/AnaSoundsFR\"]}]}<\/script>\n<!-- \/ Yoast SEO plugin. -->","yoast_head_json":{"title":"aclam tidy cables - lot de 5 | Anasounds","description":"Acheminez et organisez vos c\u00e2bles en les cachants pour mettre en place un p\u00e9dalier bien rang\u00e9 gr\u00e2ce aux clips en plastique Tidy Cables.","robots":{"index":"index","follow":"follow","max-snippet":"max-snippet:-1","max-image-preview":"max-image-preview:large","max-video-preview":"max-video-preview:-1"},"canonical":"https:\/\/anasounds.com\/fr\/produit\/aclam-tidy-cables\/","og_locale":"fr_FR","og_type":"article","og_title":"aclam tidy cables - lot de 5 | Anasounds","og_description":"Acheminez et organisez vos c\u00e2bles en les cachants pour mettre en place un p\u00e9dalier bien rang\u00e9 gr\u00e2ce aux clips en plastique Tidy Cables.","og_url":"https:\/\/anasounds.com\/fr\/produit\/aclam-tidy-cables\/","og_site_name":"Anasounds","article_publisher":"https:\/\/www.facebook.com\/AnasoundsFX\/","article_modified_time":"2025-12-21T18:24:46+00:00","og_image":[{"width":800,"height":800,"url":"https:\/\/anasounds.com\/wp-content\/uploads\/2020\/07\/tidy-cables-smart-evo.jpg","type":"image\/jpeg"}],"twitter_card":"summary_large_image","twitter_misc":{"Dur\u00e9e de lecture estim\u00e9e":"2 minutes"},"schema":{"@context":"https:\/\/schema.org","@graph":[{"@type":"WebPage","@id":"https:\/\/anasounds.com\/fr\/produit\/aclam-tidy-cables\/","url":"https:\/\/anasounds.com\/fr\/produit\/aclam-tidy-cables\/","name":"aclam tidy cables - lot de 5 | Anasounds","isPartOf":{"@id":"https:\/\/anasounds.com\/#website"},"primaryImageOfPage":{"@id":"https:\/\/anasounds.com\/fr\/produit\/aclam-tidy-cables\/#primaryimage"},"image":{"@id":"https:\/\/anasounds.com\/fr\/produit\/aclam-tidy-cables\/#primaryimage"},"thumbnailUrl":"https:\/\/anasounds.com\/wp-content\/uploads\/2020\/07\/tidy-cables-smart-evo.jpg","datePublished":"2020-07-16T15:12:28+00:00","dateModified":"2025-12-21T18:24:46+00:00","description":"Acheminez et organisez vos c\u00e2bles en les cachants pour mettre en place un p\u00e9dalier bien rang\u00e9 gr\u00e2ce aux clips en plastique Tidy Cables.","breadcrumb":{"@id":"https:\/\/anasounds.com\/fr\/produit\/aclam-tidy-cables\/#breadcrumb"},"inLanguage":"fr-FR","potentialAction":[{"@type":"ReadAction","target":["https:\/\/anasounds.com\/fr\/produit\/aclam-tidy-cables\/"]}]},{"@type":"ImageObject","inLanguage":"fr-FR","@id":"https:\/\/anasounds.com\/fr\/produit\/aclam-tidy-cables\/#primaryimage","url":"https:\/\/anasounds.com\/wp-content\/uploads\/2020\/07\/tidy-cables-smart-evo.jpg","contentUrl":"https:\/\/anasounds.com\/wp-content\/uploads\/2020\/07\/tidy-cables-smart-evo.jpg","width":800,"height":800},{"@type":"BreadcrumbList","@id":"https:\/\/anasounds.com\/fr\/produit\/aclam-tidy-cables\/#breadcrumb","itemListElement":[{"@type":"ListItem","position":1,"name":"Home","item":"https:\/\/anasounds.com\/fr\/"},{"@type":"ListItem","position":2,"name":"boutique","item":"https:\/\/anasounds.com\/fr\/shop\/"},{"@type":"ListItem","position":3,"name":"aclam tidy cables &#8211; lot de 5"}]},{"@type":"WebSite","@id":"https:\/\/anasounds.com\/#website","url":"https:\/\/anasounds.com\/","name":"Anasounds","description":"P\u00e9dales \u00e0 la Fran\u00e7aise","publisher":{"@id":"https:\/\/anasounds.com\/#organization"},"potentialAction":[{"@type":"SearchAction","target":{"@type":"EntryPoint","urlTemplate":"https:\/\/anasounds.com\/?s={search_term_string}"},"query-input":{"@type":"PropertyValueSpecification","valueRequired":true,"valueName":"search_term_string"}}],"inLanguage":"fr-FR"},{"@type":"Organization","@id":"https:\/\/anasounds.com\/#organization","name":"Anasounds","url":"https:\/\/anasounds.com\/","logo":{"@type":"ImageObject","inLanguage":"fr-FR","@id":"https:\/\/anasounds.com\/#\/schema\/logo\/image\/","url":"https:\/\/anasounds.com\/wp-content\/uploads\/2017\/10\/Logomadeinfrnoirblc.png","contentUrl":"https:\/\/anasounds.com\/wp-content\/uploads\/2017\/10\/Logomadeinfrnoirblc.png","width":300,"height":300,"caption":"Anasounds"},"image":{"@id":"https:\/\/anasounds.com\/#\/schema\/logo\/image\/"},"sameAs":["https:\/\/www.facebook.com\/AnasoundsFX\/","https:\/\/www.instagram.com\/anasounds\/","https:\/\/www.youtube.com\/user\/AnaSoundsFR"]}]}},"_links":{"self":[{"href":"https:\/\/anasounds.com\/fr\/wp-json\/wp\/v2\/product\/43270","targetHints":{"allow":["GET"]}}],"collection":[{"href":"https:\/\/anasounds.com\/fr\/wp-json\/wp\/v2\/product"}],"about":[{"href":"https:\/\/anasounds.com\/fr\/wp-json\/wp\/v2\/types\/product"}],"replies":[{"embeddable":true,"href":"https:\/\/anasounds.com\/fr\/wp-json\/wp\/v2\/comments?post=43270"}],"wp:featuredmedia":[{"embeddable":true,"href":"https:\/\/anasounds.com\/fr\/wp-json\/wp\/v2\/media\/43273"}],"wp:attachment":[{"href":"https:\/\/anasounds.com\/fr\/wp-json\/wp\/v2\/media?parent=43270"}],"wp:term":[{"taxonomy":"product_brand","embeddable":true,"href":"https:\/\/anasounds.com\/fr\/wp-json\/wp\/v2\/product_brand?post=43270"},{"taxonomy":"product_cat","embeddable":true,"href":"https:\/\/anasounds.com\/fr\/wp-json\/wp\/v2\/product_cat?post=43270"},{"taxonomy":"product_tag","embeddable":true,"href":"https:\/\/anasounds.com\/fr\/wp-json\/wp\/v2\/product_tag?post=43270"}],"curies":[{"name":"wp","href":"https:\/\/api.w.org\/{rel}","templated":true}]}}