{"id":43287,"date":"2020-07-16T17:34:27","date_gmt":"2020-07-16T15:34:27","guid":{"rendered":"https:\/\/anasounds.com\/?post_type=product&#038;p=43287"},"modified":"2025-12-21T19:24:46","modified_gmt":"2025-12-21T18:24:46","slug":"aclam-psu-support-t-rex-fuel-tank-jr","status":"publish","type":"product","link":"https:\/\/anasounds.com\/fr\/produit\/aclam-psu-support-t-rex-fuel-tank-jr\/","title":{"rendered":"aclam support d&rsquo;alimentation &#8211; t-rex fuel tank jr"},"content":{"rendered":"<h3 style=\"text-align: center;\"><strong>SP\u00c9CIFIQUE POUR FUEL TANK JR<\/strong><\/h3>\n<p style=\"text-align: center;\">Le support d&rsquo;alimentation <a href=\"https:\/\/www.aclamguitars.com\/\">Aclam<\/a> pour Fuel Tank Jr a \u00e9t\u00e9 con\u00e7u pour cette alimentation populaire, alors attendez-vous \u00e0 un ajustement parfait<br \/>\nsans perte d&rsquo;espace. Id\u00e9al pour les petits p\u00e9daliers, jusqu&rsquo;\u00e0 5 p\u00e9dales, car son profil bas permet un ajustement parfait sous<br \/>\nles mod\u00e8les avec moins d&rsquo;espace.<\/p>\n<p>&nbsp;<\/p>\n<h3 style=\"text-align: center;\"><strong>ROBUSTE<\/strong><\/h3>\n<p style=\"text-align: center;\">Fabriqu\u00e9 en aluminium anodis\u00e9, le support d&rsquo;alimentation Fuel Tank Jr prot\u00e9gera le bloc d&rsquo;alimentation gr\u00e2ce \u00e0 son bo\u00eetier adapt\u00e9,<br \/>\nqui permet d&rsquo;acheminer les c\u00e2bles en toute s\u00e9curit\u00e9. Toute la structure est l\u00e9g\u00e8re et compatible avec de nombreux accessoires<br \/>\nintelligents d&rsquo;Aclam, tels que la gestion des c\u00e2bles, les \u00e9tages et les bo\u00eetiers.<\/p>\n<p>&nbsp;<\/p>\n<h3 style=\"text-align: center;\">CONCEPT<\/h3>\n<p style=\"text-align: center;\">Comme la plupart des accessoires d&rsquo;Aclam, le support d&rsquo;alimentation Fuel Tank Jr se fixe sur les rainures du p\u00e9dalier \u00e0 l&rsquo;aide<br \/>\nde deux vis, ce qui permet de le placer, de le retirer ou m\u00eame de le faire glisser le long de la rainure jusqu&rsquo;\u00e0 la<br \/>\nposition souhait\u00e9e.<\/p>\n<p>&nbsp;<\/p>\n<h3 style=\"text-align: center;\">ALTERNATIVES<\/h3>\n<p style=\"text-align: center;\">Ce support pour Fuel Tank Jr est la meilleure option si vous en poss\u00e9dez ou avez l&rsquo;intention d&rsquo;en poss\u00e9der un, mais ce n&rsquo;est pas<br \/>\nle plus polyvalent, car il n&rsquo;est compatible qu&rsquo;avec ce dispositif sp\u00e9cifique.<br \/>\nSi vous avez l&rsquo;intention d&rsquo;agrandir votre collection de p\u00e9dales, en ajoutant des besoins de puissance \u00e0 l&rsquo;ensemble du p\u00e9dalier,<br \/>\nil est tr\u00e8s probable que vous devrez mettre \u00e0 niveau votre alimentation \u00e9lectrique. C&rsquo;est \u00e0 ce moment que les solutions<br \/>\nuniverselles d&rsquo;Aclam s&rsquo;av\u00e8rent pratiques, car vous pouvez tenir n&rsquo;importe quelle alimentation de p\u00e9dale (avec quelques restrictions)<br \/>\navec le <a href=\"https:\/\/anasounds.com\/fr\/produit\/aclam-psu-support-universal\/\">support PSU &#8211; Universel<\/a> et le <a href=\"https:\/\/anasounds.com\/fr\/produit\/aclam-support-dalimentation-simple\/\">support PSU &#8211; Universel Simple<\/a><\/p>\n","protected":false},"excerpt":{"rendered":"<p style=\"text-align: center;\">D\u00e9couvrez le support d&rsquo;alimentation sp\u00e9cifique T-Rex Fuel Tank Jr pour les p\u00e9daliers Aclam. Si vous poss\u00e9dez cette alimentation populaire, n&rsquo;y pensez pas \u00e0 deux fois, elle tiendra et prot\u00e9gera l&rsquo;appareil sans perte d&rsquo;espace. Sp\u00e9cialement con\u00e7u pour s&rsquo;adapter \u00e0 l&rsquo;alimentation Fuel Tank Jr, c&rsquo;est le choix pr\u00e9f\u00e9r\u00e9 des utilisateurs de p\u00e9daliers \u00e0 une piste (XS1 &amp; S1).<\/p>\n","protected":false},"featured_media":43295,"comment_status":"open","ping_status":"closed","template":"","meta":[],"product_brand":[],"product_cat":[751,1054],"product_tag":[715,515,201],"class_list":{"0":"post-43287","1":"product","2":"type-product","3":"status-publish","4":"has-post-thumbnail","6":"product_cat-aclam","7":"product_cat-accessoires-fr-3","8":"product_tag-aclam","9":"product_tag-alimentation","10":"product_tag-pedalboard","12":"first","13":"outofstock","14":"taxable","15":"shipping-taxable","16":"purchasable","17":"product-type-simple"},"supplier_id":83522,"supplier_sku":"","barcode":null,"atum_controlled":true,"out_stock_date":"2025-12-21 19:24:46","out_stock_threshold":null,"inheritable":false,"inbound_stock":0,"stock_on_hold":0,"sold_today":0,"sales_last_days":0,"reserved_stock":0,"customer_returns":0,"warehouse_damage":0,"lost_in_post":0,"other_logs":0,"out_stock_days":115,"lost_sales":0,"has_location":false,"update_date":"2026-04-16T01:06:42","atum_locations":[],"atum_stock_status":"outofstock","restock_status":false,"low_stock_amount":"","sales_update_date":"2026-04-16T01:06:42","calc_backorders":null,"yoast_head":"<!-- This site is optimized with the Yoast SEO plugin v26.5 - https:\/\/yoast.com\/wordpress\/plugins\/seo\/ -->\n<title>aclam support d&#039;alimentation - t-rex fuel tank jr | Anasounds<\/title>\n<meta name=\"description\" content=\"Montez et prot\u00e9gez votre Fuel Tank Jr sous votre p\u00e9dalier Aclam gr\u00e2ce \u00e0 ce support con\u00e7u sp\u00e9cialement pour cette alimentation !\" \/>\n<meta name=\"robots\" content=\"index, follow, max-snippet:-1, max-image-preview:large, max-video-preview:-1\" \/>\n<link rel=\"canonical\" href=\"https:\/\/anasounds.com\/fr\/produit\/aclam-psu-support-t-rex-fuel-tank-jr\/\" \/>\n<meta property=\"og:locale\" content=\"fr_FR\" \/>\n<meta property=\"og:type\" content=\"article\" \/>\n<meta property=\"og:title\" content=\"aclam support d&#039;alimentation - t-rex fuel tank jr | Anasounds\" \/>\n<meta property=\"og:description\" content=\"Montez et prot\u00e9gez votre Fuel Tank Jr sous votre p\u00e9dalier Aclam gr\u00e2ce \u00e0 ce support con\u00e7u sp\u00e9cialement pour cette alimentation !\" \/>\n<meta property=\"og:url\" content=\"https:\/\/anasounds.com\/fr\/produit\/aclam-psu-support-t-rex-fuel-tank-jr\/\" \/>\n<meta property=\"og:site_name\" content=\"Anasounds\" \/>\n<meta property=\"article:publisher\" content=\"https:\/\/www.facebook.com\/AnasoundsFX\/\" \/>\n<meta property=\"article:modified_time\" content=\"2025-12-21T18:24:46+00:00\" \/>\n<meta property=\"og:image\" content=\"https:\/\/anasounds.com\/wp-content\/uploads\/2020\/07\/power-supply-support-fuel-tank-jr.jpg\" \/>\n\t<meta property=\"og:image:width\" content=\"800\" \/>\n\t<meta property=\"og:image:height\" content=\"800\" \/>\n\t<meta property=\"og:image:type\" content=\"image\/jpeg\" \/>\n<meta name=\"twitter:card\" content=\"summary_large_image\" \/>\n<meta name=\"twitter:label1\" content=\"Dur\u00e9e de lecture estim\u00e9e\" \/>\n\t<meta name=\"twitter:data1\" content=\"2 minutes\" \/>\n<script type=\"application\/ld+json\" class=\"yoast-schema-graph\">{\"@context\":\"https:\/\/schema.org\",\"@graph\":[{\"@type\":\"WebPage\",\"@id\":\"https:\/\/anasounds.com\/fr\/produit\/aclam-psu-support-t-rex-fuel-tank-jr\/\",\"url\":\"https:\/\/anasounds.com\/fr\/produit\/aclam-psu-support-t-rex-fuel-tank-jr\/\",\"name\":\"aclam support d'alimentation - t-rex fuel tank jr | Anasounds\",\"isPartOf\":{\"@id\":\"https:\/\/anasounds.com\/#website\"},\"primaryImageOfPage\":{\"@id\":\"https:\/\/anasounds.com\/fr\/produit\/aclam-psu-support-t-rex-fuel-tank-jr\/#primaryimage\"},\"image\":{\"@id\":\"https:\/\/anasounds.com\/fr\/produit\/aclam-psu-support-t-rex-fuel-tank-jr\/#primaryimage\"},\"thumbnailUrl\":\"https:\/\/anasounds.com\/wp-content\/uploads\/2020\/07\/power-supply-support-fuel-tank-jr.jpg\",\"datePublished\":\"2020-07-16T15:34:27+00:00\",\"dateModified\":\"2025-12-21T18:24:46+00:00\",\"description\":\"Montez et prot\u00e9gez votre Fuel Tank Jr sous votre p\u00e9dalier Aclam gr\u00e2ce \u00e0 ce support con\u00e7u sp\u00e9cialement pour cette alimentation !\",\"breadcrumb\":{\"@id\":\"https:\/\/anasounds.com\/fr\/produit\/aclam-psu-support-t-rex-fuel-tank-jr\/#breadcrumb\"},\"inLanguage\":\"fr-FR\",\"potentialAction\":[{\"@type\":\"ReadAction\",\"target\":[\"https:\/\/anasounds.com\/fr\/produit\/aclam-psu-support-t-rex-fuel-tank-jr\/\"]}]},{\"@type\":\"ImageObject\",\"inLanguage\":\"fr-FR\",\"@id\":\"https:\/\/anasounds.com\/fr\/produit\/aclam-psu-support-t-rex-fuel-tank-jr\/#primaryimage\",\"url\":\"https:\/\/anasounds.com\/wp-content\/uploads\/2020\/07\/power-supply-support-fuel-tank-jr.jpg\",\"contentUrl\":\"https:\/\/anasounds.com\/wp-content\/uploads\/2020\/07\/power-supply-support-fuel-tank-jr.jpg\",\"width\":800,\"height\":800},{\"@type\":\"BreadcrumbList\",\"@id\":\"https:\/\/anasounds.com\/fr\/produit\/aclam-psu-support-t-rex-fuel-tank-jr\/#breadcrumb\",\"itemListElement\":[{\"@type\":\"ListItem\",\"position\":1,\"name\":\"Home\",\"item\":\"https:\/\/anasounds.com\/fr\/\"},{\"@type\":\"ListItem\",\"position\":2,\"name\":\"boutique\",\"item\":\"https:\/\/anasounds.com\/fr\/shop\/\"},{\"@type\":\"ListItem\",\"position\":3,\"name\":\"aclam support d&#8217;alimentation &#8211; t-rex fuel tank jr\"}]},{\"@type\":\"WebSite\",\"@id\":\"https:\/\/anasounds.com\/#website\",\"url\":\"https:\/\/anasounds.com\/\",\"name\":\"Anasounds\",\"description\":\"P\u00e9dales \u00e0 la Fran\u00e7aise\",\"publisher\":{\"@id\":\"https:\/\/anasounds.com\/#organization\"},\"potentialAction\":[{\"@type\":\"SearchAction\",\"target\":{\"@type\":\"EntryPoint\",\"urlTemplate\":\"https:\/\/anasounds.com\/?s={search_term_string}\"},\"query-input\":{\"@type\":\"PropertyValueSpecification\",\"valueRequired\":true,\"valueName\":\"search_term_string\"}}],\"inLanguage\":\"fr-FR\"},{\"@type\":\"Organization\",\"@id\":\"https:\/\/anasounds.com\/#organization\",\"name\":\"Anasounds\",\"url\":\"https:\/\/anasounds.com\/\",\"logo\":{\"@type\":\"ImageObject\",\"inLanguage\":\"fr-FR\",\"@id\":\"https:\/\/anasounds.com\/#\/schema\/logo\/image\/\",\"url\":\"https:\/\/anasounds.com\/wp-content\/uploads\/2017\/10\/Logomadeinfrnoirblc.png\",\"contentUrl\":\"https:\/\/anasounds.com\/wp-content\/uploads\/2017\/10\/Logomadeinfrnoirblc.png\",\"width\":300,\"height\":300,\"caption\":\"Anasounds\"},\"image\":{\"@id\":\"https:\/\/anasounds.com\/#\/schema\/logo\/image\/\"},\"sameAs\":[\"https:\/\/www.facebook.com\/AnasoundsFX\/\",\"https:\/\/www.instagram.com\/anasounds\/\",\"https:\/\/www.youtube.com\/user\/AnaSoundsFR\"]}]}<\/script>\n<!-- \/ Yoast SEO plugin. -->","yoast_head_json":{"title":"aclam support d'alimentation - t-rex fuel tank jr | Anasounds","description":"Montez et prot\u00e9gez votre Fuel Tank Jr sous votre p\u00e9dalier Aclam gr\u00e2ce \u00e0 ce support con\u00e7u sp\u00e9cialement pour cette alimentation !","robots":{"index":"index","follow":"follow","max-snippet":"max-snippet:-1","max-image-preview":"max-image-preview:large","max-video-preview":"max-video-preview:-1"},"canonical":"https:\/\/anasounds.com\/fr\/produit\/aclam-psu-support-t-rex-fuel-tank-jr\/","og_locale":"fr_FR","og_type":"article","og_title":"aclam support d'alimentation - t-rex fuel tank jr | Anasounds","og_description":"Montez et prot\u00e9gez votre Fuel Tank Jr sous votre p\u00e9dalier Aclam gr\u00e2ce \u00e0 ce support con\u00e7u sp\u00e9cialement pour cette alimentation !","og_url":"https:\/\/anasounds.com\/fr\/produit\/aclam-psu-support-t-rex-fuel-tank-jr\/","og_site_name":"Anasounds","article_publisher":"https:\/\/www.facebook.com\/AnasoundsFX\/","article_modified_time":"2025-12-21T18:24:46+00:00","og_image":[{"width":800,"height":800,"url":"https:\/\/anasounds.com\/wp-content\/uploads\/2020\/07\/power-supply-support-fuel-tank-jr.jpg","type":"image\/jpeg"}],"twitter_card":"summary_large_image","twitter_misc":{"Dur\u00e9e de lecture estim\u00e9e":"2 minutes"},"schema":{"@context":"https:\/\/schema.org","@graph":[{"@type":"WebPage","@id":"https:\/\/anasounds.com\/fr\/produit\/aclam-psu-support-t-rex-fuel-tank-jr\/","url":"https:\/\/anasounds.com\/fr\/produit\/aclam-psu-support-t-rex-fuel-tank-jr\/","name":"aclam support d'alimentation - t-rex fuel tank jr | Anasounds","isPartOf":{"@id":"https:\/\/anasounds.com\/#website"},"primaryImageOfPage":{"@id":"https:\/\/anasounds.com\/fr\/produit\/aclam-psu-support-t-rex-fuel-tank-jr\/#primaryimage"},"image":{"@id":"https:\/\/anasounds.com\/fr\/produit\/aclam-psu-support-t-rex-fuel-tank-jr\/#primaryimage"},"thumbnailUrl":"https:\/\/anasounds.com\/wp-content\/uploads\/2020\/07\/power-supply-support-fuel-tank-jr.jpg","datePublished":"2020-07-16T15:34:27+00:00","dateModified":"2025-12-21T18:24:46+00:00","description":"Montez et prot\u00e9gez votre Fuel Tank Jr sous votre p\u00e9dalier Aclam gr\u00e2ce \u00e0 ce support con\u00e7u sp\u00e9cialement pour cette alimentation !","breadcrumb":{"@id":"https:\/\/anasounds.com\/fr\/produit\/aclam-psu-support-t-rex-fuel-tank-jr\/#breadcrumb"},"inLanguage":"fr-FR","potentialAction":[{"@type":"ReadAction","target":["https:\/\/anasounds.com\/fr\/produit\/aclam-psu-support-t-rex-fuel-tank-jr\/"]}]},{"@type":"ImageObject","inLanguage":"fr-FR","@id":"https:\/\/anasounds.com\/fr\/produit\/aclam-psu-support-t-rex-fuel-tank-jr\/#primaryimage","url":"https:\/\/anasounds.com\/wp-content\/uploads\/2020\/07\/power-supply-support-fuel-tank-jr.jpg","contentUrl":"https:\/\/anasounds.com\/wp-content\/uploads\/2020\/07\/power-supply-support-fuel-tank-jr.jpg","width":800,"height":800},{"@type":"BreadcrumbList","@id":"https:\/\/anasounds.com\/fr\/produit\/aclam-psu-support-t-rex-fuel-tank-jr\/#breadcrumb","itemListElement":[{"@type":"ListItem","position":1,"name":"Home","item":"https:\/\/anasounds.com\/fr\/"},{"@type":"ListItem","position":2,"name":"boutique","item":"https:\/\/anasounds.com\/fr\/shop\/"},{"@type":"ListItem","position":3,"name":"aclam support d&#8217;alimentation &#8211; t-rex fuel tank jr"}]},{"@type":"WebSite","@id":"https:\/\/anasounds.com\/#website","url":"https:\/\/anasounds.com\/","name":"Anasounds","description":"P\u00e9dales \u00e0 la Fran\u00e7aise","publisher":{"@id":"https:\/\/anasounds.com\/#organization"},"potentialAction":[{"@type":"SearchAction","target":{"@type":"EntryPoint","urlTemplate":"https:\/\/anasounds.com\/?s={search_term_string}"},"query-input":{"@type":"PropertyValueSpecification","valueRequired":true,"valueName":"search_term_string"}}],"inLanguage":"fr-FR"},{"@type":"Organization","@id":"https:\/\/anasounds.com\/#organization","name":"Anasounds","url":"https:\/\/anasounds.com\/","logo":{"@type":"ImageObject","inLanguage":"fr-FR","@id":"https:\/\/anasounds.com\/#\/schema\/logo\/image\/","url":"https:\/\/anasounds.com\/wp-content\/uploads\/2017\/10\/Logomadeinfrnoirblc.png","contentUrl":"https:\/\/anasounds.com\/wp-content\/uploads\/2017\/10\/Logomadeinfrnoirblc.png","width":300,"height":300,"caption":"Anasounds"},"image":{"@id":"https:\/\/anasounds.com\/#\/schema\/logo\/image\/"},"sameAs":["https:\/\/www.facebook.com\/AnasoundsFX\/","https:\/\/www.instagram.com\/anasounds\/","https:\/\/www.youtube.com\/user\/AnaSoundsFR"]}]}},"_links":{"self":[{"href":"https:\/\/anasounds.com\/fr\/wp-json\/wp\/v2\/product\/43287","targetHints":{"allow":["GET"]}}],"collection":[{"href":"https:\/\/anasounds.com\/fr\/wp-json\/wp\/v2\/product"}],"about":[{"href":"https:\/\/anasounds.com\/fr\/wp-json\/wp\/v2\/types\/product"}],"replies":[{"embeddable":true,"href":"https:\/\/anasounds.com\/fr\/wp-json\/wp\/v2\/comments?post=43287"}],"wp:featuredmedia":[{"embeddable":true,"href":"https:\/\/anasounds.com\/fr\/wp-json\/wp\/v2\/media\/43295"}],"wp:attachment":[{"href":"https:\/\/anasounds.com\/fr\/wp-json\/wp\/v2\/media?parent=43287"}],"wp:term":[{"taxonomy":"product_brand","embeddable":true,"href":"https:\/\/anasounds.com\/fr\/wp-json\/wp\/v2\/product_brand?post=43287"},{"taxonomy":"product_cat","embeddable":true,"href":"https:\/\/anasounds.com\/fr\/wp-json\/wp\/v2\/product_cat?post=43287"},{"taxonomy":"product_tag","embeddable":true,"href":"https:\/\/anasounds.com\/fr\/wp-json\/wp\/v2\/product_tag?post=43287"}],"curies":[{"name":"wp","href":"https:\/\/api.w.org\/{rel}","templated":true}]}}