{"id":43547,"date":"2020-07-17T17:53:44","date_gmt":"2020-07-17T15:53:44","guid":{"rendered":"https:\/\/anasounds.com\/?post_type=product&#038;p=43547"},"modified":"2026-01-07T15:21:13","modified_gmt":"2026-01-07T14:21:13","slug":"anasounds-connecteur-droit-3-5mm-stereo-sommercable-embout-a-vis","status":"publish","type":"product","link":"https:\/\/anasounds.com\/fr\/produit\/anasounds-connecteur-droit-3-5mm-stereo-sommercable-embout-a-vis\/","title":{"rendered":"connecteur droit 3.5mm stereo sommercable avec filetage HI-J35S-SCREW-M"},"content":{"rendered":"<p style=\"text-align: center;\">Les connecteurs <a href=\"http:\/\/sommercable.com\" target=\"_blank\" rel=\"noopener noreferrer\">Sommercable<\/a> sont une r\u00e9f\u00e9rence dans l&rsquo;audio. Avec des performances parmi les meilleures du march\u00e9 et des contacts plaqu\u00e9s or !<\/p>\n<p style=\"text-align: center;\">Ce connecteur facile \u00e0 souder dispose d&rsquo;un filetage qui lui permet d&rsquo;\u00eatre verrouill\u00e9 et ne plus se d\u00e9brancher. Compatible avec les syst\u00e8mes Sennheiser ou un adaptateur 6.35mm par exemple.<\/p>\n<p style=\"text-align: center;\">On vous met \u00e0 disposition le mat\u00e9riel afin que vous puissiez faire vos propres c\u00e2bles et faire quelques \u00e9conomies au passage. le plus co\u00fbteux \u00e9tant la main d&rsquo;oeuvre.<\/p>\n<p style=\"text-align: center;\">Pour plus d&rsquo;infos, <a href=\"\/?page_id=2712\">visitez notre page de pr\u00e9sentation de jacks<\/a>.<\/p>\n<p style=\"text-align: center;\">Bient\u00f4t des tutos pour vous pr\u00e9senter comment on les fabrique.<\/p>\n","protected":false},"excerpt":{"rendered":"<p style=\"text-align: center;\">Connecteur jack droit 3.5mm st\u00e9r\u00e9o avec filetage Sommercable pour fabriquer ses propres c\u00e2bles soi-m\u00eame.<\/p>\n","protected":false},"featured_media":43549,"comment_status":"open","ping_status":"closed","template":"","meta":[],"product_brand":[],"product_cat":[259,261,1172],"product_tag":[177,173],"class_list":{"0":"post-43547","1":"product","2":"type-product","3":"status-publish","4":"has-post-thumbnail","6":"product_cat-jacks-fr","7":"product_cat-jacks-diy","8":"product_cat-jacks-35mm","9":"product_tag-connector","10":"product_tag-jack","12":"first","13":"instock","14":"taxable","15":"shipping-taxable","16":"purchasable","17":"product-type-simple"},"supplier_id":83519,"supplier_sku":"HI-J35S-SCREW-M","barcode":null,"atum_controlled":true,"out_stock_date":null,"out_stock_threshold":null,"inheritable":false,"inbound_stock":0,"stock_on_hold":0,"sold_today":0,"sales_last_days":0,"reserved_stock":0,"customer_returns":0,"warehouse_damage":0,"lost_in_post":0,"other_logs":0,"out_stock_days":0,"lost_sales":0,"has_location":false,"update_date":"2026-04-04T01:01:32","atum_locations":[],"atum_stock_status":"instock","restock_status":false,"low_stock_amount":"","sales_update_date":"2026-04-04T01:01:31","calc_backorders":0,"yoast_head":"<!-- This site is optimized with the Yoast SEO plugin v26.5 - https:\/\/yoast.com\/wordpress\/plugins\/seo\/ -->\n<title>Connecteur mini-jack 3.5mm droit st\u00e9r\u00e9o Sommercable | Anasounds<\/title>\n<meta name=\"description\" content=\"Les connecteurs Sommercable sont une r\u00e9f\u00e9rence dans l&#039;audio. Avec des performances parmi les meilleures du march\u00e9 et des contacts plaqu\u00e9s or !\" \/>\n<meta name=\"robots\" content=\"index, follow, max-snippet:-1, max-image-preview:large, max-video-preview:-1\" \/>\n<link rel=\"canonical\" href=\"https:\/\/anasounds.com\/fr\/produit\/anasounds-connecteur-droit-3-5mm-stereo-sommercable-embout-a-vis\/\" \/>\n<meta property=\"og:locale\" content=\"fr_FR\" \/>\n<meta property=\"og:type\" content=\"article\" \/>\n<meta property=\"og:title\" content=\"Connecteur mini-jack 3.5mm droit st\u00e9r\u00e9o Sommercable | Anasounds\" \/>\n<meta property=\"og:description\" content=\"Les connecteurs Sommercable sont une r\u00e9f\u00e9rence dans l&#039;audio. Avec des performances parmi les meilleures du march\u00e9 et des contacts plaqu\u00e9s or !\" \/>\n<meta property=\"og:url\" content=\"https:\/\/anasounds.com\/fr\/produit\/anasounds-connecteur-droit-3-5mm-stereo-sommercable-embout-a-vis\/\" \/>\n<meta property=\"og:site_name\" content=\"Anasounds\" \/>\n<meta property=\"article:publisher\" content=\"https:\/\/www.facebook.com\/AnasoundsFX\/\" \/>\n<meta property=\"article:modified_time\" content=\"2026-01-07T14:21:13+00:00\" \/>\n<meta property=\"og:image\" content=\"https:\/\/anasounds.com\/wp-content\/uploads\/2020\/07\/3.5-droit-stereo.jpg\" \/>\n\t<meta property=\"og:image:width\" content=\"520\" \/>\n\t<meta property=\"og:image:height\" content=\"520\" \/>\n\t<meta property=\"og:image:type\" content=\"image\/jpeg\" \/>\n<meta name=\"twitter:card\" content=\"summary_large_image\" \/>\n<meta name=\"twitter:label1\" content=\"Dur\u00e9e de lecture estim\u00e9e\" \/>\n\t<meta name=\"twitter:data1\" content=\"1 minute\" \/>\n<script type=\"application\/ld+json\" class=\"yoast-schema-graph\">{\"@context\":\"https:\/\/schema.org\",\"@graph\":[{\"@type\":\"WebPage\",\"@id\":\"https:\/\/anasounds.com\/fr\/produit\/anasounds-connecteur-droit-3-5mm-stereo-sommercable-embout-a-vis\/\",\"url\":\"https:\/\/anasounds.com\/fr\/produit\/anasounds-connecteur-droit-3-5mm-stereo-sommercable-embout-a-vis\/\",\"name\":\"Connecteur mini-jack 3.5mm droit st\u00e9r\u00e9o Sommercable | Anasounds\",\"isPartOf\":{\"@id\":\"https:\/\/anasounds.com\/#website\"},\"primaryImageOfPage\":{\"@id\":\"https:\/\/anasounds.com\/fr\/produit\/anasounds-connecteur-droit-3-5mm-stereo-sommercable-embout-a-vis\/#primaryimage\"},\"image\":{\"@id\":\"https:\/\/anasounds.com\/fr\/produit\/anasounds-connecteur-droit-3-5mm-stereo-sommercable-embout-a-vis\/#primaryimage\"},\"thumbnailUrl\":\"https:\/\/anasounds.com\/wp-content\/uploads\/2020\/07\/3.5-droit-stereo.jpg\",\"datePublished\":\"2020-07-17T15:53:44+00:00\",\"dateModified\":\"2026-01-07T14:21:13+00:00\",\"description\":\"Les connecteurs Sommercable sont une r\u00e9f\u00e9rence dans l'audio. Avec des performances parmi les meilleures du march\u00e9 et des contacts plaqu\u00e9s or !\",\"breadcrumb\":{\"@id\":\"https:\/\/anasounds.com\/fr\/produit\/anasounds-connecteur-droit-3-5mm-stereo-sommercable-embout-a-vis\/#breadcrumb\"},\"inLanguage\":\"fr-FR\",\"potentialAction\":[{\"@type\":\"ReadAction\",\"target\":[\"https:\/\/anasounds.com\/fr\/produit\/anasounds-connecteur-droit-3-5mm-stereo-sommercable-embout-a-vis\/\"]}]},{\"@type\":\"ImageObject\",\"inLanguage\":\"fr-FR\",\"@id\":\"https:\/\/anasounds.com\/fr\/produit\/anasounds-connecteur-droit-3-5mm-stereo-sommercable-embout-a-vis\/#primaryimage\",\"url\":\"https:\/\/anasounds.com\/wp-content\/uploads\/2020\/07\/3.5-droit-stereo.jpg\",\"contentUrl\":\"https:\/\/anasounds.com\/wp-content\/uploads\/2020\/07\/3.5-droit-stereo.jpg\",\"width\":520,\"height\":520},{\"@type\":\"BreadcrumbList\",\"@id\":\"https:\/\/anasounds.com\/fr\/produit\/anasounds-connecteur-droit-3-5mm-stereo-sommercable-embout-a-vis\/#breadcrumb\",\"itemListElement\":[{\"@type\":\"ListItem\",\"position\":1,\"name\":\"Home\",\"item\":\"https:\/\/anasounds.com\/fr\/\"},{\"@type\":\"ListItem\",\"position\":2,\"name\":\"boutique\",\"item\":\"https:\/\/anasounds.com\/fr\/shop\/\"},{\"@type\":\"ListItem\",\"position\":3,\"name\":\"connecteur droit 3.5mm stereo sommercable avec filetage HI-J35S-SCREW-M\"}]},{\"@type\":\"WebSite\",\"@id\":\"https:\/\/anasounds.com\/#website\",\"url\":\"https:\/\/anasounds.com\/\",\"name\":\"Anasounds\",\"description\":\"P\u00e9dales \u00e0 la Fran\u00e7aise\",\"publisher\":{\"@id\":\"https:\/\/anasounds.com\/#organization\"},\"potentialAction\":[{\"@type\":\"SearchAction\",\"target\":{\"@type\":\"EntryPoint\",\"urlTemplate\":\"https:\/\/anasounds.com\/?s={search_term_string}\"},\"query-input\":{\"@type\":\"PropertyValueSpecification\",\"valueRequired\":true,\"valueName\":\"search_term_string\"}}],\"inLanguage\":\"fr-FR\"},{\"@type\":\"Organization\",\"@id\":\"https:\/\/anasounds.com\/#organization\",\"name\":\"Anasounds\",\"url\":\"https:\/\/anasounds.com\/\",\"logo\":{\"@type\":\"ImageObject\",\"inLanguage\":\"fr-FR\",\"@id\":\"https:\/\/anasounds.com\/#\/schema\/logo\/image\/\",\"url\":\"https:\/\/anasounds.com\/wp-content\/uploads\/2017\/10\/Logomadeinfrnoirblc.png\",\"contentUrl\":\"https:\/\/anasounds.com\/wp-content\/uploads\/2017\/10\/Logomadeinfrnoirblc.png\",\"width\":300,\"height\":300,\"caption\":\"Anasounds\"},\"image\":{\"@id\":\"https:\/\/anasounds.com\/#\/schema\/logo\/image\/\"},\"sameAs\":[\"https:\/\/www.facebook.com\/AnasoundsFX\/\",\"https:\/\/www.instagram.com\/anasounds\/\",\"https:\/\/www.youtube.com\/user\/AnaSoundsFR\"]}]}<\/script>\n<!-- \/ Yoast SEO plugin. -->","yoast_head_json":{"title":"Connecteur mini-jack 3.5mm droit st\u00e9r\u00e9o Sommercable | Anasounds","description":"Les connecteurs Sommercable sont une r\u00e9f\u00e9rence dans l'audio. Avec des performances parmi les meilleures du march\u00e9 et des contacts plaqu\u00e9s or !","robots":{"index":"index","follow":"follow","max-snippet":"max-snippet:-1","max-image-preview":"max-image-preview:large","max-video-preview":"max-video-preview:-1"},"canonical":"https:\/\/anasounds.com\/fr\/produit\/anasounds-connecteur-droit-3-5mm-stereo-sommercable-embout-a-vis\/","og_locale":"fr_FR","og_type":"article","og_title":"Connecteur mini-jack 3.5mm droit st\u00e9r\u00e9o Sommercable | Anasounds","og_description":"Les connecteurs Sommercable sont une r\u00e9f\u00e9rence dans l'audio. Avec des performances parmi les meilleures du march\u00e9 et des contacts plaqu\u00e9s or !","og_url":"https:\/\/anasounds.com\/fr\/produit\/anasounds-connecteur-droit-3-5mm-stereo-sommercable-embout-a-vis\/","og_site_name":"Anasounds","article_publisher":"https:\/\/www.facebook.com\/AnasoundsFX\/","article_modified_time":"2026-01-07T14:21:13+00:00","og_image":[{"width":520,"height":520,"url":"https:\/\/anasounds.com\/wp-content\/uploads\/2020\/07\/3.5-droit-stereo.jpg","type":"image\/jpeg"}],"twitter_card":"summary_large_image","twitter_misc":{"Dur\u00e9e de lecture estim\u00e9e":"1 minute"},"schema":{"@context":"https:\/\/schema.org","@graph":[{"@type":"WebPage","@id":"https:\/\/anasounds.com\/fr\/produit\/anasounds-connecteur-droit-3-5mm-stereo-sommercable-embout-a-vis\/","url":"https:\/\/anasounds.com\/fr\/produit\/anasounds-connecteur-droit-3-5mm-stereo-sommercable-embout-a-vis\/","name":"Connecteur mini-jack 3.5mm droit st\u00e9r\u00e9o Sommercable | Anasounds","isPartOf":{"@id":"https:\/\/anasounds.com\/#website"},"primaryImageOfPage":{"@id":"https:\/\/anasounds.com\/fr\/produit\/anasounds-connecteur-droit-3-5mm-stereo-sommercable-embout-a-vis\/#primaryimage"},"image":{"@id":"https:\/\/anasounds.com\/fr\/produit\/anasounds-connecteur-droit-3-5mm-stereo-sommercable-embout-a-vis\/#primaryimage"},"thumbnailUrl":"https:\/\/anasounds.com\/wp-content\/uploads\/2020\/07\/3.5-droit-stereo.jpg","datePublished":"2020-07-17T15:53:44+00:00","dateModified":"2026-01-07T14:21:13+00:00","description":"Les connecteurs Sommercable sont une r\u00e9f\u00e9rence dans l'audio. Avec des performances parmi les meilleures du march\u00e9 et des contacts plaqu\u00e9s or !","breadcrumb":{"@id":"https:\/\/anasounds.com\/fr\/produit\/anasounds-connecteur-droit-3-5mm-stereo-sommercable-embout-a-vis\/#breadcrumb"},"inLanguage":"fr-FR","potentialAction":[{"@type":"ReadAction","target":["https:\/\/anasounds.com\/fr\/produit\/anasounds-connecteur-droit-3-5mm-stereo-sommercable-embout-a-vis\/"]}]},{"@type":"ImageObject","inLanguage":"fr-FR","@id":"https:\/\/anasounds.com\/fr\/produit\/anasounds-connecteur-droit-3-5mm-stereo-sommercable-embout-a-vis\/#primaryimage","url":"https:\/\/anasounds.com\/wp-content\/uploads\/2020\/07\/3.5-droit-stereo.jpg","contentUrl":"https:\/\/anasounds.com\/wp-content\/uploads\/2020\/07\/3.5-droit-stereo.jpg","width":520,"height":520},{"@type":"BreadcrumbList","@id":"https:\/\/anasounds.com\/fr\/produit\/anasounds-connecteur-droit-3-5mm-stereo-sommercable-embout-a-vis\/#breadcrumb","itemListElement":[{"@type":"ListItem","position":1,"name":"Home","item":"https:\/\/anasounds.com\/fr\/"},{"@type":"ListItem","position":2,"name":"boutique","item":"https:\/\/anasounds.com\/fr\/shop\/"},{"@type":"ListItem","position":3,"name":"connecteur droit 3.5mm stereo sommercable avec filetage HI-J35S-SCREW-M"}]},{"@type":"WebSite","@id":"https:\/\/anasounds.com\/#website","url":"https:\/\/anasounds.com\/","name":"Anasounds","description":"P\u00e9dales \u00e0 la Fran\u00e7aise","publisher":{"@id":"https:\/\/anasounds.com\/#organization"},"potentialAction":[{"@type":"SearchAction","target":{"@type":"EntryPoint","urlTemplate":"https:\/\/anasounds.com\/?s={search_term_string}"},"query-input":{"@type":"PropertyValueSpecification","valueRequired":true,"valueName":"search_term_string"}}],"inLanguage":"fr-FR"},{"@type":"Organization","@id":"https:\/\/anasounds.com\/#organization","name":"Anasounds","url":"https:\/\/anasounds.com\/","logo":{"@type":"ImageObject","inLanguage":"fr-FR","@id":"https:\/\/anasounds.com\/#\/schema\/logo\/image\/","url":"https:\/\/anasounds.com\/wp-content\/uploads\/2017\/10\/Logomadeinfrnoirblc.png","contentUrl":"https:\/\/anasounds.com\/wp-content\/uploads\/2017\/10\/Logomadeinfrnoirblc.png","width":300,"height":300,"caption":"Anasounds"},"image":{"@id":"https:\/\/anasounds.com\/#\/schema\/logo\/image\/"},"sameAs":["https:\/\/www.facebook.com\/AnasoundsFX\/","https:\/\/www.instagram.com\/anasounds\/","https:\/\/www.youtube.com\/user\/AnaSoundsFR"]}]}},"_links":{"self":[{"href":"https:\/\/anasounds.com\/fr\/wp-json\/wp\/v2\/product\/43547","targetHints":{"allow":["GET"]}}],"collection":[{"href":"https:\/\/anasounds.com\/fr\/wp-json\/wp\/v2\/product"}],"about":[{"href":"https:\/\/anasounds.com\/fr\/wp-json\/wp\/v2\/types\/product"}],"replies":[{"embeddable":true,"href":"https:\/\/anasounds.com\/fr\/wp-json\/wp\/v2\/comments?post=43547"}],"wp:featuredmedia":[{"embeddable":true,"href":"https:\/\/anasounds.com\/fr\/wp-json\/wp\/v2\/media\/43549"}],"wp:attachment":[{"href":"https:\/\/anasounds.com\/fr\/wp-json\/wp\/v2\/media?parent=43547"}],"wp:term":[{"taxonomy":"product_brand","embeddable":true,"href":"https:\/\/anasounds.com\/fr\/wp-json\/wp\/v2\/product_brand?post=43547"},{"taxonomy":"product_cat","embeddable":true,"href":"https:\/\/anasounds.com\/fr\/wp-json\/wp\/v2\/product_cat?post=43547"},{"taxonomy":"product_tag","embeddable":true,"href":"https:\/\/anasounds.com\/fr\/wp-json\/wp\/v2\/product_tag?post=43547"}],"curies":[{"name":"wp","href":"https:\/\/api.w.org\/{rel}","templated":true}]}}