{"id":43739,"date":"2020-07-20T10:57:18","date_gmt":"2020-07-20T08:57:18","guid":{"rendered":"https:\/\/anasounds.com\/?post_type=product&#038;p=43739"},"modified":"2026-03-23T07:31:41","modified_gmt":"2026-03-23T06:31:41","slug":"cable-3-5-mm-vers-rca-pour-element","status":"publish","type":"product","link":"https:\/\/anasounds.com\/fr\/produit\/cable-3-5-mm-vers-rca-pour-element\/","title":{"rendered":"cable mini-jack 3,5mm vers rca pour element"},"content":{"rendered":"<p style=\"text-align: center\">Le c\u00e2ble indispensable pour connecter votre tank \u00e0 votre Element !<\/p>\n<p style=\"text-align: center\">Maintenant disponible en plusieurs longueurs, pour pouvoir placer votre tank o\u00f9 vous voulez !<\/p>\n<p style=\"text-align: center\"><a href=\"https:\/\/anasounds.com\/fr\/element-spring-reverb\/\">Plus d&rsquo;infos sur la reverb Element.<\/a><\/p>\n<p style=\"text-align: center\"><a href=\"\/?product_cat=anasounds-origins-fr\/reverb-element\">Liste des tanks et accessoires disponibles.<\/a><\/p>\n","protected":false},"excerpt":{"rendered":"<p style=\"text-align: center\">C\u00e2ble mini-jack 3.5mm vers RCA<\/p>\n","protected":false},"featured_media":43748,"comment_status":"open","ping_status":"closed","template":"","meta":[],"product_brand":[],"product_cat":[259,868],"product_tag":[],"class_list":{"0":"post-43739","1":"product","2":"type-product","3":"status-publish","4":"has-post-thumbnail","6":"product_cat-jacks-fr","7":"product_cat-cables-assembles-en-usine","9":"first","10":"outofstock","11":"taxable","12":"shipping-taxable","13":"purchasable","14":"product-type-variable"},"supplier_id":null,"supplier_sku":"","barcode":null,"atum_controlled":true,"out_stock_date":"2025-06-18 11:16:35","out_stock_threshold":null,"inheritable":true,"inbound_stock":0,"stock_on_hold":0,"sold_today":0,"sales_last_days":0,"reserved_stock":0,"customer_returns":0,"warehouse_damage":0,"lost_in_post":0,"other_logs":0,"out_stock_days":303,"lost_sales":0,"has_location":false,"update_date":"2026-04-18T01:08:43","atum_locations":[],"atum_stock_status":"outofstock","restock_status":false,"low_stock_amount":"","sales_update_date":"2026-04-18T01:08:43","calc_backorders":null,"yoast_head":"<!-- This site is optimized with the Yoast SEO plugin v26.5 - https:\/\/yoast.com\/wordpress\/plugins\/seo\/ -->\n<title>cable mini-jack 3,5mm vers rca pour element | Anasounds<\/title>\n<meta name=\"description\" content=\"C\u00e2ble mini jack d&#039;un c\u00f4t\u00e9 et RCA de l&#039;autre.\" \/>\n<meta name=\"robots\" content=\"index, follow, max-snippet:-1, max-image-preview:large, max-video-preview:-1\" \/>\n<link rel=\"canonical\" href=\"https:\/\/anasounds.com\/fr\/produit\/cable-3-5-mm-vers-rca-pour-element\/\" \/>\n<meta property=\"og:locale\" content=\"fr_FR\" \/>\n<meta property=\"og:type\" content=\"article\" \/>\n<meta property=\"og:title\" content=\"cable mini-jack 3,5mm vers rca pour element | Anasounds\" \/>\n<meta property=\"og:description\" content=\"C\u00e2ble mini jack d&#039;un c\u00f4t\u00e9 et RCA de l&#039;autre.\" \/>\n<meta property=\"og:url\" content=\"https:\/\/anasounds.com\/fr\/produit\/cable-3-5-mm-vers-rca-pour-element\/\" \/>\n<meta property=\"og:site_name\" content=\"Anasounds\" \/>\n<meta property=\"article:publisher\" content=\"https:\/\/www.facebook.com\/AnasoundsFX\/\" \/>\n<meta property=\"article:modified_time\" content=\"2026-03-23T06:31:41+00:00\" \/>\n<meta property=\"og:image\" content=\"https:\/\/anasounds.com\/wp-content\/uploads\/2020\/07\/11094341_2000_p_0_lo.jpg\" \/>\n\t<meta property=\"og:image:width\" content=\"992\" \/>\n\t<meta property=\"og:image:height\" content=\"992\" \/>\n\t<meta property=\"og:image:type\" content=\"image\/jpeg\" \/>\n<meta name=\"twitter:card\" content=\"summary_large_image\" \/>\n<script type=\"application\/ld+json\" class=\"yoast-schema-graph\">{\"@context\":\"https:\/\/schema.org\",\"@graph\":[{\"@type\":\"WebPage\",\"@id\":\"https:\/\/anasounds.com\/fr\/produit\/cable-3-5-mm-vers-rca-pour-element\/\",\"url\":\"https:\/\/anasounds.com\/fr\/produit\/cable-3-5-mm-vers-rca-pour-element\/\",\"name\":\"cable mini-jack 3,5mm vers rca pour element | Anasounds\",\"isPartOf\":{\"@id\":\"https:\/\/anasounds.com\/#website\"},\"primaryImageOfPage\":{\"@id\":\"https:\/\/anasounds.com\/fr\/produit\/cable-3-5-mm-vers-rca-pour-element\/#primaryimage\"},\"image\":{\"@id\":\"https:\/\/anasounds.com\/fr\/produit\/cable-3-5-mm-vers-rca-pour-element\/#primaryimage\"},\"thumbnailUrl\":\"https:\/\/anasounds.com\/wp-content\/uploads\/2020\/07\/11094341_2000_p_0_lo.jpg\",\"datePublished\":\"2020-07-20T08:57:18+00:00\",\"dateModified\":\"2026-03-23T06:31:41+00:00\",\"description\":\"C\u00e2ble mini jack d'un c\u00f4t\u00e9 et RCA de l'autre.\",\"breadcrumb\":{\"@id\":\"https:\/\/anasounds.com\/fr\/produit\/cable-3-5-mm-vers-rca-pour-element\/#breadcrumb\"},\"inLanguage\":\"fr-FR\",\"potentialAction\":[{\"@type\":\"ReadAction\",\"target\":[\"https:\/\/anasounds.com\/fr\/produit\/cable-3-5-mm-vers-rca-pour-element\/\"]}]},{\"@type\":\"ImageObject\",\"inLanguage\":\"fr-FR\",\"@id\":\"https:\/\/anasounds.com\/fr\/produit\/cable-3-5-mm-vers-rca-pour-element\/#primaryimage\",\"url\":\"https:\/\/anasounds.com\/wp-content\/uploads\/2020\/07\/11094341_2000_p_0_lo.jpg\",\"contentUrl\":\"https:\/\/anasounds.com\/wp-content\/uploads\/2020\/07\/11094341_2000_p_0_lo.jpg\",\"width\":992,\"height\":992},{\"@type\":\"BreadcrumbList\",\"@id\":\"https:\/\/anasounds.com\/fr\/produit\/cable-3-5-mm-vers-rca-pour-element\/#breadcrumb\",\"itemListElement\":[{\"@type\":\"ListItem\",\"position\":1,\"name\":\"Home\",\"item\":\"https:\/\/anasounds.com\/fr\/\"},{\"@type\":\"ListItem\",\"position\":2,\"name\":\"boutique\",\"item\":\"https:\/\/anasounds.com\/fr\/shop\/\"},{\"@type\":\"ListItem\",\"position\":3,\"name\":\"cable mini-jack 3,5mm vers rca pour element\"}]},{\"@type\":\"WebSite\",\"@id\":\"https:\/\/anasounds.com\/#website\",\"url\":\"https:\/\/anasounds.com\/\",\"name\":\"Anasounds\",\"description\":\"P\u00e9dales \u00e0 la Fran\u00e7aise\",\"publisher\":{\"@id\":\"https:\/\/anasounds.com\/#organization\"},\"potentialAction\":[{\"@type\":\"SearchAction\",\"target\":{\"@type\":\"EntryPoint\",\"urlTemplate\":\"https:\/\/anasounds.com\/?s={search_term_string}\"},\"query-input\":{\"@type\":\"PropertyValueSpecification\",\"valueRequired\":true,\"valueName\":\"search_term_string\"}}],\"inLanguage\":\"fr-FR\"},{\"@type\":\"Organization\",\"@id\":\"https:\/\/anasounds.com\/#organization\",\"name\":\"Anasounds\",\"url\":\"https:\/\/anasounds.com\/\",\"logo\":{\"@type\":\"ImageObject\",\"inLanguage\":\"fr-FR\",\"@id\":\"https:\/\/anasounds.com\/#\/schema\/logo\/image\/\",\"url\":\"https:\/\/anasounds.com\/wp-content\/uploads\/2017\/10\/Logomadeinfrnoirblc.png\",\"contentUrl\":\"https:\/\/anasounds.com\/wp-content\/uploads\/2017\/10\/Logomadeinfrnoirblc.png\",\"width\":300,\"height\":300,\"caption\":\"Anasounds\"},\"image\":{\"@id\":\"https:\/\/anasounds.com\/#\/schema\/logo\/image\/\"},\"sameAs\":[\"https:\/\/www.facebook.com\/AnasoundsFX\/\",\"https:\/\/www.instagram.com\/anasounds\/\",\"https:\/\/www.youtube.com\/user\/AnaSoundsFR\"]}]}<\/script>\n<!-- \/ Yoast SEO plugin. -->","yoast_head_json":{"title":"cable mini-jack 3,5mm vers rca pour element | Anasounds","description":"C\u00e2ble mini jack d'un c\u00f4t\u00e9 et RCA de l'autre.","robots":{"index":"index","follow":"follow","max-snippet":"max-snippet:-1","max-image-preview":"max-image-preview:large","max-video-preview":"max-video-preview:-1"},"canonical":"https:\/\/anasounds.com\/fr\/produit\/cable-3-5-mm-vers-rca-pour-element\/","og_locale":"fr_FR","og_type":"article","og_title":"cable mini-jack 3,5mm vers rca pour element | Anasounds","og_description":"C\u00e2ble mini jack d'un c\u00f4t\u00e9 et RCA de l'autre.","og_url":"https:\/\/anasounds.com\/fr\/produit\/cable-3-5-mm-vers-rca-pour-element\/","og_site_name":"Anasounds","article_publisher":"https:\/\/www.facebook.com\/AnasoundsFX\/","article_modified_time":"2026-03-23T06:31:41+00:00","og_image":[{"width":992,"height":992,"url":"https:\/\/anasounds.com\/wp-content\/uploads\/2020\/07\/11094341_2000_p_0_lo.jpg","type":"image\/jpeg"}],"twitter_card":"summary_large_image","schema":{"@context":"https:\/\/schema.org","@graph":[{"@type":"WebPage","@id":"https:\/\/anasounds.com\/fr\/produit\/cable-3-5-mm-vers-rca-pour-element\/","url":"https:\/\/anasounds.com\/fr\/produit\/cable-3-5-mm-vers-rca-pour-element\/","name":"cable mini-jack 3,5mm vers rca pour element | Anasounds","isPartOf":{"@id":"https:\/\/anasounds.com\/#website"},"primaryImageOfPage":{"@id":"https:\/\/anasounds.com\/fr\/produit\/cable-3-5-mm-vers-rca-pour-element\/#primaryimage"},"image":{"@id":"https:\/\/anasounds.com\/fr\/produit\/cable-3-5-mm-vers-rca-pour-element\/#primaryimage"},"thumbnailUrl":"https:\/\/anasounds.com\/wp-content\/uploads\/2020\/07\/11094341_2000_p_0_lo.jpg","datePublished":"2020-07-20T08:57:18+00:00","dateModified":"2026-03-23T06:31:41+00:00","description":"C\u00e2ble mini jack d'un c\u00f4t\u00e9 et RCA de l'autre.","breadcrumb":{"@id":"https:\/\/anasounds.com\/fr\/produit\/cable-3-5-mm-vers-rca-pour-element\/#breadcrumb"},"inLanguage":"fr-FR","potentialAction":[{"@type":"ReadAction","target":["https:\/\/anasounds.com\/fr\/produit\/cable-3-5-mm-vers-rca-pour-element\/"]}]},{"@type":"ImageObject","inLanguage":"fr-FR","@id":"https:\/\/anasounds.com\/fr\/produit\/cable-3-5-mm-vers-rca-pour-element\/#primaryimage","url":"https:\/\/anasounds.com\/wp-content\/uploads\/2020\/07\/11094341_2000_p_0_lo.jpg","contentUrl":"https:\/\/anasounds.com\/wp-content\/uploads\/2020\/07\/11094341_2000_p_0_lo.jpg","width":992,"height":992},{"@type":"BreadcrumbList","@id":"https:\/\/anasounds.com\/fr\/produit\/cable-3-5-mm-vers-rca-pour-element\/#breadcrumb","itemListElement":[{"@type":"ListItem","position":1,"name":"Home","item":"https:\/\/anasounds.com\/fr\/"},{"@type":"ListItem","position":2,"name":"boutique","item":"https:\/\/anasounds.com\/fr\/shop\/"},{"@type":"ListItem","position":3,"name":"cable mini-jack 3,5mm vers rca pour element"}]},{"@type":"WebSite","@id":"https:\/\/anasounds.com\/#website","url":"https:\/\/anasounds.com\/","name":"Anasounds","description":"P\u00e9dales \u00e0 la Fran\u00e7aise","publisher":{"@id":"https:\/\/anasounds.com\/#organization"},"potentialAction":[{"@type":"SearchAction","target":{"@type":"EntryPoint","urlTemplate":"https:\/\/anasounds.com\/?s={search_term_string}"},"query-input":{"@type":"PropertyValueSpecification","valueRequired":true,"valueName":"search_term_string"}}],"inLanguage":"fr-FR"},{"@type":"Organization","@id":"https:\/\/anasounds.com\/#organization","name":"Anasounds","url":"https:\/\/anasounds.com\/","logo":{"@type":"ImageObject","inLanguage":"fr-FR","@id":"https:\/\/anasounds.com\/#\/schema\/logo\/image\/","url":"https:\/\/anasounds.com\/wp-content\/uploads\/2017\/10\/Logomadeinfrnoirblc.png","contentUrl":"https:\/\/anasounds.com\/wp-content\/uploads\/2017\/10\/Logomadeinfrnoirblc.png","width":300,"height":300,"caption":"Anasounds"},"image":{"@id":"https:\/\/anasounds.com\/#\/schema\/logo\/image\/"},"sameAs":["https:\/\/www.facebook.com\/AnasoundsFX\/","https:\/\/www.instagram.com\/anasounds\/","https:\/\/www.youtube.com\/user\/AnaSoundsFR"]}]}},"_links":{"self":[{"href":"https:\/\/anasounds.com\/fr\/wp-json\/wp\/v2\/product\/43739","targetHints":{"allow":["GET"]}}],"collection":[{"href":"https:\/\/anasounds.com\/fr\/wp-json\/wp\/v2\/product"}],"about":[{"href":"https:\/\/anasounds.com\/fr\/wp-json\/wp\/v2\/types\/product"}],"replies":[{"embeddable":true,"href":"https:\/\/anasounds.com\/fr\/wp-json\/wp\/v2\/comments?post=43739"}],"wp:featuredmedia":[{"embeddable":true,"href":"https:\/\/anasounds.com\/fr\/wp-json\/wp\/v2\/media\/43748"}],"wp:attachment":[{"href":"https:\/\/anasounds.com\/fr\/wp-json\/wp\/v2\/media?parent=43739"}],"wp:term":[{"taxonomy":"product_brand","embeddable":true,"href":"https:\/\/anasounds.com\/fr\/wp-json\/wp\/v2\/product_brand?post=43739"},{"taxonomy":"product_cat","embeddable":true,"href":"https:\/\/anasounds.com\/fr\/wp-json\/wp\/v2\/product_cat?post=43739"},{"taxonomy":"product_tag","embeddable":true,"href":"https:\/\/anasounds.com\/fr\/wp-json\/wp\/v2\/product_tag?post=43739"}],"curies":[{"name":"wp","href":"https:\/\/api.w.org\/{rel}","templated":true}]}}