{"id":44402,"date":"2020-08-03T15:06:07","date_gmt":"2020-08-03T13:06:07","guid":{"rendered":"https:\/\/anasounds.com\/?post_type=product&#038;p=44402"},"modified":"2025-09-11T21:51:00","modified_gmt":"2025-09-11T19:51:00","slug":"barefoot-buttons-v1-colored-acrylic-red","status":"publish","type":"product","link":"https:\/\/anasounds.com\/fr\/produit\/barefoot-buttons-v1-colored-acrylic-red\/","title":{"rendered":"barefoot buttons v1 colored acrylic red"},"content":{"rendered":"<p style=\"text-align: center;\">Suite aux nombreux probl\u00e8mes rencontr\u00e9s par un certain nombre de guitaristes, barefoot buttons (entreprise am\u00e9ricaine) a cr\u00e9\u00e9 ces toppers faciles \u00e0 installer sur n&rsquo;importe quelle p\u00e9dale ! Et devinez quoi ? C&rsquo;est Anasounds qui les distribue en France !<\/p>\n<p style=\"text-align: center;\">Suite aux nombreux probl\u00e8mes rencontr\u00e9s par un certain nombre de guitaristes, Barefoot Buttons (entreprise am\u00e9ricaine) a cr\u00e9\u00e9 ces toppers faciles \u00e0 installer sur n&rsquo;importe quelle p\u00e9dale !<br \/>\nEt devinez quoi ? c&rsquo;est Anasounds qui les distribue en France !<\/p>\n<p style=\"text-align: center;\">Le principe ? On a \u00e0 pr\u00e9sent plus de place et donc plus de confort sur sc\u00e8ne ou \u00e0 la maison pour switcher les p\u00e9dales.<br \/>\nOn peut y aller pieds nus, en tongues ou avec des grosses rangers, alors allez y l\u00e2chez vous, mais, on veut voir \u00e7a !<\/p>\n<p style=\"text-align: center;\">Le bouton skirtless existe dans les mod\u00e8les V1 et V2. Il est identique \u00e0 un bouton standard V1 ou V2, sauf que le bas du bouton a \u00e9t\u00e9 coup\u00e9 \u00e0 plat pour r\u00e9soudre les probl\u00e8mes de distance sur les p\u00e9dales qui ont des boutons mont\u00e9s bas ou des leds qui g\u00eanent l&rsquo;enfoncement d&rsquo;un bouton standard.<\/p>\n<p style=\"text-align: center;\"><img loading=\"lazy\" decoding=\"async\" class=\"alignnone size-full wp-image-7001\" src=\"https:\/\/anasounds.com\/wp-content\/uploads\/2018\/03\/product_version1A.png\" alt=\"\" width=\"341\" height=\"299\" \/>\u00a0\u00a0\u00a0\u00a0\u00a0\u00a0\u00a0\u00a0\u00a0\u00a0\u00a0\u00a0\u00a0\u00a0\u00a0 <img loading=\"lazy\" decoding=\"async\" class=\"alignnone size-full wp-image-7005\" src=\"https:\/\/anasounds.com\/wp-content\/uploads\/2018\/03\/product_version2.png\" alt=\"\" width=\"341\" height=\"299\" \/><\/p>\n<hr \/>\n<h2 style=\"text-align: center;\">Comment \u00e7a s&rsquo;installe ?<\/h2>\n<p style=\"text-align: center;\">Avec chaque topper est fourni une cl\u00e9 allen, on a 3 vis \u00e0 mettre autour du footswitch et en avant guingamp.<\/p>\n<p style=\"text-align: center;\"><strong>Attention si vous serez trop fort \u00e7a casse et nous ne serons pas tenu pour responsable et ne pouvons pas remplacer les produits cass\u00e9s.<\/strong><\/p>\n<hr \/>\n<h2 style=\"text-align: center;\"><span class=\"s2\">Est-ce qu&rsquo;on peut mettre un topper version 1 sur un switch de version 2 ?<\/span><\/h2>\n<p style=\"text-align: center;\"><span class=\"s2\">Oui ! On le fait d&rsquo;ailleurs. Et c&rsquo;est pourquoi on fournira principalement des v1 pour l&rsquo;instant.<br \/>\nMais c&rsquo;est vrai que le v2 \u00e9pouse parfaitement la forme du switch v2 et pour les plus bourrins d&rsquo;entre vous ce sera plus efficace.<\/span><\/p>\n<hr \/>\n<h2 style=\"text-align: center;\"><span class=\"s1\">Quel est le diam\u00e8tre de ce gros bouton ?<\/span><\/h2>\n<p style=\"text-align: center;\"><span class=\"s1\">Environ 28.5mm pour les 2 versions.<\/span><\/p>\n<hr \/>\n<h2 style=\"text-align: center;\">A quel point est grand ce tallboy ?<\/h2>\n<p style=\"text-align: center;\"><span class=\"s2\">Il mesure environ 22.2mm de haut, une fois qu&rsquo;on enl\u00e8ve la hauteur du footswitch, on sur\u00e9l\u00e8ve le tout d&rsquo;environ 12.7mm ! Sympa pour faire une deuxi\u00e8me rang\u00e9e dans un pedalboard.<\/span><\/p>\n","protected":false},"excerpt":{"rendered":"<p style=\"text-align: center;\">Suite aux nombreux probl\u00e8mes rencontr\u00e9s par un certain nombre de guitaristes, Barefoot Buttons (entreprise am\u00e9ricaine) a cr\u00e9\u00e9 ces toppers faciles \u00e0 installer sur n&rsquo;importe quelle p\u00e9dale !<br \/>\nEt devinez quoi ? C&rsquo;est Anasounds qui les distribue en France !<\/p>\n","protected":false},"featured_media":44404,"comment_status":"open","ping_status":"closed","template":"","meta":[],"product_brand":[],"product_cat":[418,878],"product_tag":[],"class_list":{"0":"post-44402","1":"product","2":"type-product","3":"status-publish","4":"has-post-thumbnail","6":"product_cat-barefoot-buttons-fr","7":"product_cat-barefoot-standard","9":"first","10":"instock","11":"taxable","12":"shipping-taxable","13":"purchasable","14":"product-type-simple"},"supplier_id":83521,"supplier_sku":"","barcode":null,"atum_controlled":true,"out_stock_date":null,"out_stock_threshold":null,"inheritable":false,"inbound_stock":0,"stock_on_hold":0,"sold_today":0,"sales_last_days":0,"reserved_stock":0,"customer_returns":0,"warehouse_damage":0,"lost_in_post":0,"other_logs":0,"out_stock_days":0,"lost_sales":0,"has_location":false,"update_date":"2026-04-12T01:03:44","atum_locations":[],"atum_stock_status":"instock","restock_status":false,"low_stock_amount":"","sales_update_date":"2026-04-12T01:03:43","calc_backorders":0,"yoast_head":"<!-- This site is optimized with the Yoast SEO plugin v26.5 - https:\/\/yoast.com\/wordpress\/plugins\/seo\/ -->\n<title>Barefoot Button - COLORED ACRYLIC RED | Stock\u00e9 en France !<\/title>\n<meta name=\"description\" content=\"Les toppers Barefoot Buttons sont enfin disponibles en France ! Construits dans un aluminium solide, fix\u00e9s gr\u00e2ce \u00e0 un syst\u00e8me rapide et pratique de vis. Retrouvez les en exclusivit\u00e9 sur notre site, nous sommes depuis 2017 distributeur exclusif en France ! Exp\u00e9dition rapide, s\u00e9rieuse et fiable.\" \/>\n<meta name=\"robots\" content=\"index, follow, max-snippet:-1, max-image-preview:large, max-video-preview:-1\" \/>\n<link rel=\"canonical\" href=\"https:\/\/anasounds.com\/produit\/barefoot-buttons-v1-colored-acrylic-red\/\" \/>\n<meta property=\"og:locale\" content=\"fr_FR\" \/>\n<meta property=\"og:type\" content=\"article\" \/>\n<meta property=\"og:title\" content=\"Barefoot Button - COLORED ACRYLIC RED | Stock\u00e9 en France !\" \/>\n<meta property=\"og:description\" content=\"Les toppers Barefoot Buttons sont enfin disponibles en France ! Construits dans un aluminium solide, fix\u00e9s gr\u00e2ce \u00e0 un syst\u00e8me rapide et pratique de vis. Retrouvez les en exclusivit\u00e9 sur notre site, nous sommes depuis 2017 distributeur exclusif en France ! Exp\u00e9dition rapide, s\u00e9rieuse et fiable.\" \/>\n<meta property=\"og:url\" content=\"https:\/\/anasounds.com\/produit\/barefoot-buttons-v1-colored-acrylic-red\/\" \/>\n<meta property=\"og:site_name\" content=\"Anasounds\" \/>\n<meta property=\"article:publisher\" content=\"https:\/\/www.facebook.com\/AnasoundsFX\/\" \/>\n<meta property=\"article:modified_time\" content=\"2025-09-11T19:51:00+00:00\" \/>\n<meta property=\"og:image\" content=\"https:\/\/anasounds.com\/wp-content\/uploads\/2020\/08\/PRODUCT-Acrylic_Red1.png\" \/>\n\t<meta property=\"og:image:width\" content=\"700\" \/>\n\t<meta property=\"og:image:height\" content=\"700\" \/>\n\t<meta property=\"og:image:type\" content=\"image\/png\" \/>\n<meta name=\"twitter:card\" content=\"summary_large_image\" \/>\n<meta name=\"twitter:label1\" content=\"Dur\u00e9e de lecture estim\u00e9e\" \/>\n\t<meta name=\"twitter:data1\" content=\"2 minutes\" \/>\n<script type=\"application\/ld+json\" class=\"yoast-schema-graph\">{\"@context\":\"https:\/\/schema.org\",\"@graph\":[{\"@type\":\"WebPage\",\"@id\":\"https:\/\/anasounds.com\/produit\/barefoot-buttons-v1-colored-acrylic-red\/\",\"url\":\"https:\/\/anasounds.com\/produit\/barefoot-buttons-v1-colored-acrylic-red\/\",\"name\":\"Barefoot Button - COLORED ACRYLIC RED | Stock\u00e9 en France !\",\"isPartOf\":{\"@id\":\"https:\/\/anasounds.com\/#website\"},\"primaryImageOfPage\":{\"@id\":\"https:\/\/anasounds.com\/produit\/barefoot-buttons-v1-colored-acrylic-red\/#primaryimage\"},\"image\":{\"@id\":\"https:\/\/anasounds.com\/produit\/barefoot-buttons-v1-colored-acrylic-red\/#primaryimage\"},\"thumbnailUrl\":\"https:\/\/anasounds.com\/wp-content\/uploads\/2020\/08\/PRODUCT-Acrylic_Red1.png\",\"datePublished\":\"2020-08-03T13:06:07+00:00\",\"dateModified\":\"2025-09-11T19:51:00+00:00\",\"description\":\"Les toppers Barefoot Buttons sont enfin disponibles en France ! Construits dans un aluminium solide, fix\u00e9s gr\u00e2ce \u00e0 un syst\u00e8me rapide et pratique de vis. Retrouvez les en exclusivit\u00e9 sur notre site, nous sommes depuis 2017 distributeur exclusif en France ! Exp\u00e9dition rapide, s\u00e9rieuse et fiable.\",\"breadcrumb\":{\"@id\":\"https:\/\/anasounds.com\/produit\/barefoot-buttons-v1-colored-acrylic-red\/#breadcrumb\"},\"inLanguage\":\"fr-FR\",\"potentialAction\":[{\"@type\":\"ReadAction\",\"target\":[\"https:\/\/anasounds.com\/produit\/barefoot-buttons-v1-colored-acrylic-red\/\"]}]},{\"@type\":\"ImageObject\",\"inLanguage\":\"fr-FR\",\"@id\":\"https:\/\/anasounds.com\/produit\/barefoot-buttons-v1-colored-acrylic-red\/#primaryimage\",\"url\":\"https:\/\/anasounds.com\/wp-content\/uploads\/2020\/08\/PRODUCT-Acrylic_Red1.png\",\"contentUrl\":\"https:\/\/anasounds.com\/wp-content\/uploads\/2020\/08\/PRODUCT-Acrylic_Red1.png\",\"width\":700,\"height\":700},{\"@type\":\"BreadcrumbList\",\"@id\":\"https:\/\/anasounds.com\/produit\/barefoot-buttons-v1-colored-acrylic-red\/#breadcrumb\",\"itemListElement\":[{\"@type\":\"ListItem\",\"position\":1,\"name\":\"Home\",\"item\":\"https:\/\/anasounds.com\/fr\/\"},{\"@type\":\"ListItem\",\"position\":2,\"name\":\"boutique\",\"item\":\"https:\/\/anasounds.com\/fr\/shop\/\"},{\"@type\":\"ListItem\",\"position\":3,\"name\":\"barefoot buttons v1 colored acrylic red\"}]},{\"@type\":\"WebSite\",\"@id\":\"https:\/\/anasounds.com\/#website\",\"url\":\"https:\/\/anasounds.com\/\",\"name\":\"Anasounds\",\"description\":\"P\u00e9dales \u00e0 la Fran\u00e7aise\",\"publisher\":{\"@id\":\"https:\/\/anasounds.com\/#organization\"},\"potentialAction\":[{\"@type\":\"SearchAction\",\"target\":{\"@type\":\"EntryPoint\",\"urlTemplate\":\"https:\/\/anasounds.com\/?s={search_term_string}\"},\"query-input\":{\"@type\":\"PropertyValueSpecification\",\"valueRequired\":true,\"valueName\":\"search_term_string\"}}],\"inLanguage\":\"fr-FR\"},{\"@type\":\"Organization\",\"@id\":\"https:\/\/anasounds.com\/#organization\",\"name\":\"Anasounds\",\"url\":\"https:\/\/anasounds.com\/\",\"logo\":{\"@type\":\"ImageObject\",\"inLanguage\":\"fr-FR\",\"@id\":\"https:\/\/anasounds.com\/#\/schema\/logo\/image\/\",\"url\":\"https:\/\/anasounds.com\/wp-content\/uploads\/2017\/10\/Logomadeinfrnoirblc.png\",\"contentUrl\":\"https:\/\/anasounds.com\/wp-content\/uploads\/2017\/10\/Logomadeinfrnoirblc.png\",\"width\":300,\"height\":300,\"caption\":\"Anasounds\"},\"image\":{\"@id\":\"https:\/\/anasounds.com\/#\/schema\/logo\/image\/\"},\"sameAs\":[\"https:\/\/www.facebook.com\/AnasoundsFX\/\",\"https:\/\/www.instagram.com\/anasounds\/\",\"https:\/\/www.youtube.com\/user\/AnaSoundsFR\"]}]}<\/script>\n<!-- \/ Yoast SEO plugin. -->","yoast_head_json":{"title":"Barefoot Button - COLORED ACRYLIC RED | Stock\u00e9 en France !","description":"Les toppers Barefoot Buttons sont enfin disponibles en France ! Construits dans un aluminium solide, fix\u00e9s gr\u00e2ce \u00e0 un syst\u00e8me rapide et pratique de vis. Retrouvez les en exclusivit\u00e9 sur notre site, nous sommes depuis 2017 distributeur exclusif en France ! Exp\u00e9dition rapide, s\u00e9rieuse et fiable.","robots":{"index":"index","follow":"follow","max-snippet":"max-snippet:-1","max-image-preview":"max-image-preview:large","max-video-preview":"max-video-preview:-1"},"canonical":"https:\/\/anasounds.com\/produit\/barefoot-buttons-v1-colored-acrylic-red\/","og_locale":"fr_FR","og_type":"article","og_title":"Barefoot Button - COLORED ACRYLIC RED | Stock\u00e9 en France !","og_description":"Les toppers Barefoot Buttons sont enfin disponibles en France ! Construits dans un aluminium solide, fix\u00e9s gr\u00e2ce \u00e0 un syst\u00e8me rapide et pratique de vis. Retrouvez les en exclusivit\u00e9 sur notre site, nous sommes depuis 2017 distributeur exclusif en France ! Exp\u00e9dition rapide, s\u00e9rieuse et fiable.","og_url":"https:\/\/anasounds.com\/produit\/barefoot-buttons-v1-colored-acrylic-red\/","og_site_name":"Anasounds","article_publisher":"https:\/\/www.facebook.com\/AnasoundsFX\/","article_modified_time":"2025-09-11T19:51:00+00:00","og_image":[{"width":700,"height":700,"url":"https:\/\/anasounds.com\/wp-content\/uploads\/2020\/08\/PRODUCT-Acrylic_Red1.png","type":"image\/png"}],"twitter_card":"summary_large_image","twitter_misc":{"Dur\u00e9e de lecture estim\u00e9e":"2 minutes"},"schema":{"@context":"https:\/\/schema.org","@graph":[{"@type":"WebPage","@id":"https:\/\/anasounds.com\/produit\/barefoot-buttons-v1-colored-acrylic-red\/","url":"https:\/\/anasounds.com\/produit\/barefoot-buttons-v1-colored-acrylic-red\/","name":"Barefoot Button - COLORED ACRYLIC RED | Stock\u00e9 en France !","isPartOf":{"@id":"https:\/\/anasounds.com\/#website"},"primaryImageOfPage":{"@id":"https:\/\/anasounds.com\/produit\/barefoot-buttons-v1-colored-acrylic-red\/#primaryimage"},"image":{"@id":"https:\/\/anasounds.com\/produit\/barefoot-buttons-v1-colored-acrylic-red\/#primaryimage"},"thumbnailUrl":"https:\/\/anasounds.com\/wp-content\/uploads\/2020\/08\/PRODUCT-Acrylic_Red1.png","datePublished":"2020-08-03T13:06:07+00:00","dateModified":"2025-09-11T19:51:00+00:00","description":"Les toppers Barefoot Buttons sont enfin disponibles en France ! Construits dans un aluminium solide, fix\u00e9s gr\u00e2ce \u00e0 un syst\u00e8me rapide et pratique de vis. Retrouvez les en exclusivit\u00e9 sur notre site, nous sommes depuis 2017 distributeur exclusif en France ! Exp\u00e9dition rapide, s\u00e9rieuse et fiable.","breadcrumb":{"@id":"https:\/\/anasounds.com\/produit\/barefoot-buttons-v1-colored-acrylic-red\/#breadcrumb"},"inLanguage":"fr-FR","potentialAction":[{"@type":"ReadAction","target":["https:\/\/anasounds.com\/produit\/barefoot-buttons-v1-colored-acrylic-red\/"]}]},{"@type":"ImageObject","inLanguage":"fr-FR","@id":"https:\/\/anasounds.com\/produit\/barefoot-buttons-v1-colored-acrylic-red\/#primaryimage","url":"https:\/\/anasounds.com\/wp-content\/uploads\/2020\/08\/PRODUCT-Acrylic_Red1.png","contentUrl":"https:\/\/anasounds.com\/wp-content\/uploads\/2020\/08\/PRODUCT-Acrylic_Red1.png","width":700,"height":700},{"@type":"BreadcrumbList","@id":"https:\/\/anasounds.com\/produit\/barefoot-buttons-v1-colored-acrylic-red\/#breadcrumb","itemListElement":[{"@type":"ListItem","position":1,"name":"Home","item":"https:\/\/anasounds.com\/fr\/"},{"@type":"ListItem","position":2,"name":"boutique","item":"https:\/\/anasounds.com\/fr\/shop\/"},{"@type":"ListItem","position":3,"name":"barefoot buttons v1 colored acrylic red"}]},{"@type":"WebSite","@id":"https:\/\/anasounds.com\/#website","url":"https:\/\/anasounds.com\/","name":"Anasounds","description":"P\u00e9dales \u00e0 la Fran\u00e7aise","publisher":{"@id":"https:\/\/anasounds.com\/#organization"},"potentialAction":[{"@type":"SearchAction","target":{"@type":"EntryPoint","urlTemplate":"https:\/\/anasounds.com\/?s={search_term_string}"},"query-input":{"@type":"PropertyValueSpecification","valueRequired":true,"valueName":"search_term_string"}}],"inLanguage":"fr-FR"},{"@type":"Organization","@id":"https:\/\/anasounds.com\/#organization","name":"Anasounds","url":"https:\/\/anasounds.com\/","logo":{"@type":"ImageObject","inLanguage":"fr-FR","@id":"https:\/\/anasounds.com\/#\/schema\/logo\/image\/","url":"https:\/\/anasounds.com\/wp-content\/uploads\/2017\/10\/Logomadeinfrnoirblc.png","contentUrl":"https:\/\/anasounds.com\/wp-content\/uploads\/2017\/10\/Logomadeinfrnoirblc.png","width":300,"height":300,"caption":"Anasounds"},"image":{"@id":"https:\/\/anasounds.com\/#\/schema\/logo\/image\/"},"sameAs":["https:\/\/www.facebook.com\/AnasoundsFX\/","https:\/\/www.instagram.com\/anasounds\/","https:\/\/www.youtube.com\/user\/AnaSoundsFR"]}]}},"_links":{"self":[{"href":"https:\/\/anasounds.com\/fr\/wp-json\/wp\/v2\/product\/44402","targetHints":{"allow":["GET"]}}],"collection":[{"href":"https:\/\/anasounds.com\/fr\/wp-json\/wp\/v2\/product"}],"about":[{"href":"https:\/\/anasounds.com\/fr\/wp-json\/wp\/v2\/types\/product"}],"replies":[{"embeddable":true,"href":"https:\/\/anasounds.com\/fr\/wp-json\/wp\/v2\/comments?post=44402"}],"wp:featuredmedia":[{"embeddable":true,"href":"https:\/\/anasounds.com\/fr\/wp-json\/wp\/v2\/media\/44404"}],"wp:attachment":[{"href":"https:\/\/anasounds.com\/fr\/wp-json\/wp\/v2\/media?parent=44402"}],"wp:term":[{"taxonomy":"product_brand","embeddable":true,"href":"https:\/\/anasounds.com\/fr\/wp-json\/wp\/v2\/product_brand?post=44402"},{"taxonomy":"product_cat","embeddable":true,"href":"https:\/\/anasounds.com\/fr\/wp-json\/wp\/v2\/product_cat?post=44402"},{"taxonomy":"product_tag","embeddable":true,"href":"https:\/\/anasounds.com\/fr\/wp-json\/wp\/v2\/product_tag?post=44402"}],"curies":[{"name":"wp","href":"https:\/\/api.w.org\/{rel}","templated":true}]}}