{"id":44458,"date":"2020-08-03T16:16:25","date_gmt":"2020-08-03T14:16:25","guid":{"rendered":"https:\/\/anasounds.com\/?post_type=product&#038;p=44458"},"modified":"2025-12-02T23:23:05","modified_gmt":"2025-12-02T22:23:05","slug":"switcher-de-tanks-pour-element","status":"publish","type":"product","link":"https:\/\/anasounds.com\/fr\/produit\/switcher-de-tanks-pour-element\/","title":{"rendered":"switcher de tanks pour element"},"content":{"rendered":"<h3 style=\"text-align: center;\">pour passer d&rsquo;un tank \u00e0 un autre<\/h3>\n<p>&nbsp;<\/p>\n<p style=\"text-align: center;\">Pour les fans de reverb qui poss\u00e8dent les 3 tanks le bon, la brute et le truand, ce switcher permet<br \/>\nde connecter 3 tanks \u00e0 une Element. Et ainsi pouvoir passer de l&rsquo;un \u00e0 l&rsquo;autre instantan\u00e9ment,<br \/>\nsans avoir \u00e0 refaire les branchements !<\/p>\n<p style=\"text-align: center;\">De la m\u00eame taille que la Element, ce switcher passe d&rsquo;un tank \u00e0 l&rsquo;autre \u00e0 chaque appui sur le switch,<br \/>\navec 3 leds pour visualiser quel tank est utilis\u00e9.<\/p>\n<p style=\"text-align: center;\"><a href=\"\/?product_cat=anasounds-origins-fr\/reverb-element\">D\u00e9couvrez nos tanks et les diff\u00e9rents accessoires.<\/a><\/p>\n<p>&nbsp;<\/p>\n<h3 style=\"text-align: center;\">utilisation du switcher avec les tanks<\/h3>\n<p>&nbsp;<\/p>\n<p style=\"text-align: center;\">Il suffit juste de relier le mini jack en bas du switcher \u00e0 la prise mini jack de la Element. Ensuite,<br \/>\non vient brancher chaque tank dans les 3 autres prises mini jack, avec des c\u00e2bles mini jack \/ RCA.<br \/>\nOn alimente tout, et voil\u00e0, on peut changer de tank \u00e0 l&rsquo;infini !<\/p>\n<p style=\"text-align: center;\">La Element envoyant des forts courants dans les tanks, le switcher peut g\u00e9n\u00e9rer un pop au moment du changement de tank si la Element est allum\u00e9e.<br \/>\npour meilleure utilisation, on vous conseille de bypasser la Element avant de switcher de tank.<\/p>\n<p style=\"text-align: center;\"><a href=\"https:\/\/anasounds.com\/fr\/element-spring-reverb\/\">Pour une pr\u00e9sentation compl\u00e8te de la p\u00e9dale Element.<\/a><\/p>\n<p>&nbsp;<\/p>\n<h3 style=\"text-align: center;\">inclus<\/h3>\n<p>&nbsp;<\/p>\n<p style=\"text-align: center;\">Tous les c\u00e2bles n\u00e9cessaires sont fournis avec le switcher de tanks.<\/p>\n<p style=\"text-align: center;\">On les fabrique \u00e0 la main dans nos locaux avec du c\u00e2ble <a href=\"https:\/\/www.sommercable.com\/fr\/\">Sommercable<\/a> et des connecteurs <a href=\"https:\/\/anasounds.com\/produit\/anasounds-sommercable-straight-3-5mm-stereo-jack\/\">Hi-con<\/a>. Le top du top !<\/p>\n<p>&nbsp;<\/p>\n<h3 style=\"text-align: center;\">dimensions<\/h3>\n<p>&nbsp;<\/p>\n<p style=\"text-align: center;\">La p\u00e9dale Element et le switcher : 12.5 x 6.5 x 5.7 cm.<br \/>\nLe Bon : 18 x 6 x 4 cm.<br \/>\nLa Brute : 23.5 x 8.4 x 4 cm.<br \/>\nLe Truand : 42.5 x 10.9 x 4 cm.<\/p>\n","protected":false},"excerpt":{"rendered":"<p style=\"text-align: center;\">Le switcher id\u00e9al pour changer les tanks de la Element sans avoir \u00e0 les d\u00e9brancher !<\/p>\n","protected":false},"featured_media":45347,"comment_status":"open","ping_status":"closed","template":"","meta":[],"product_brand":[],"product_cat":[466,264,266],"product_tag":[477,483,478,481,194,480,482],"class_list":{"0":"post-44458","1":"product","2":"type-product","3":"status-publish","4":"has-post-thumbnail","6":"product_cat-reverb-element","7":"product_cat-utilitaires","8":"product_cat-switcher-fr","9":"product_tag-element","10":"product_tag-ressort","11":"product_tag-reverb","12":"product_tag-spring-tank","13":"product_tag-switcher","14":"product_tag-tank","15":"product_tag-tank-ressort","17":"first","18":"instock","19":"taxable","20":"shipping-taxable","21":"purchasable","22":"product-type-simple"},"supplier_id":83515,"supplier_sku":"","barcode":null,"atum_controlled":true,"out_stock_date":null,"out_stock_threshold":null,"inheritable":false,"inbound_stock":0,"stock_on_hold":0,"sold_today":0,"sales_last_days":0,"reserved_stock":0,"customer_returns":0,"warehouse_damage":0,"lost_in_post":0,"other_logs":0,"out_stock_days":0,"lost_sales":0,"has_location":false,"update_date":"2026-04-04T01:02:26","atum_locations":[],"atum_stock_status":"instock","restock_status":false,"low_stock_amount":"","sales_update_date":"2026-04-04T01:02:25","calc_backorders":0,"yoast_head":"<!-- This site is optimized with the Yoast SEO plugin v26.5 - https:\/\/yoast.com\/wordpress\/plugins\/seo\/ -->\n<title>switcher de tanks pour element | Anasounds<\/title>\n<meta name=\"description\" content=\"Le switcher id\u00e9al pour changer les tanks de la Element sans avoir \u00e0 les d\u00e9brancher !\" \/>\n<meta name=\"robots\" content=\"index, follow, max-snippet:-1, max-image-preview:large, max-video-preview:-1\" \/>\n<link rel=\"canonical\" href=\"https:\/\/anasounds.com\/fr\/produit\/switcher-de-tanks-pour-element\/\" \/>\n<meta property=\"og:locale\" content=\"fr_FR\" \/>\n<meta property=\"og:type\" content=\"article\" \/>\n<meta property=\"og:title\" content=\"switcher de tanks pour element | Anasounds\" \/>\n<meta property=\"og:description\" content=\"Le switcher id\u00e9al pour changer les tanks de la Element sans avoir \u00e0 les d\u00e9brancher !\" \/>\n<meta property=\"og:url\" content=\"https:\/\/anasounds.com\/fr\/produit\/switcher-de-tanks-pour-element\/\" \/>\n<meta property=\"og:site_name\" content=\"Anasounds\" \/>\n<meta property=\"article:publisher\" content=\"https:\/\/www.facebook.com\/AnasoundsFX\/\" \/>\n<meta property=\"article:modified_time\" content=\"2025-12-02T22:23:05+00:00\" \/>\n<meta property=\"og:image\" content=\"https:\/\/anasounds.com\/wp-content\/uploads\/2020\/08\/75305209_2211281895836270_8141103352456174490_n.jpg\" \/>\n\t<meta property=\"og:image:width\" content=\"1080\" \/>\n\t<meta property=\"og:image:height\" content=\"1350\" \/>\n\t<meta property=\"og:image:type\" content=\"image\/jpeg\" \/>\n<meta name=\"twitter:card\" content=\"summary_large_image\" \/>\n<meta name=\"twitter:label1\" content=\"Dur\u00e9e de lecture estim\u00e9e\" \/>\n\t<meta name=\"twitter:data1\" content=\"2 minutes\" \/>\n<script type=\"application\/ld+json\" class=\"yoast-schema-graph\">{\"@context\":\"https:\/\/schema.org\",\"@graph\":[{\"@type\":\"WebPage\",\"@id\":\"https:\/\/anasounds.com\/fr\/produit\/switcher-de-tanks-pour-element\/\",\"url\":\"https:\/\/anasounds.com\/fr\/produit\/switcher-de-tanks-pour-element\/\",\"name\":\"switcher de tanks pour element | Anasounds\",\"isPartOf\":{\"@id\":\"https:\/\/anasounds.com\/#website\"},\"primaryImageOfPage\":{\"@id\":\"https:\/\/anasounds.com\/fr\/produit\/switcher-de-tanks-pour-element\/#primaryimage\"},\"image\":{\"@id\":\"https:\/\/anasounds.com\/fr\/produit\/switcher-de-tanks-pour-element\/#primaryimage\"},\"thumbnailUrl\":\"https:\/\/anasounds.com\/wp-content\/uploads\/2020\/08\/75305209_2211281895836270_8141103352456174490_n.jpg\",\"datePublished\":\"2020-08-03T14:16:25+00:00\",\"dateModified\":\"2025-12-02T22:23:05+00:00\",\"description\":\"Le switcher id\u00e9al pour changer les tanks de la Element sans avoir \u00e0 les d\u00e9brancher !\",\"breadcrumb\":{\"@id\":\"https:\/\/anasounds.com\/fr\/produit\/switcher-de-tanks-pour-element\/#breadcrumb\"},\"inLanguage\":\"fr-FR\",\"potentialAction\":[{\"@type\":\"ReadAction\",\"target\":[\"https:\/\/anasounds.com\/fr\/produit\/switcher-de-tanks-pour-element\/\"]}]},{\"@type\":\"ImageObject\",\"inLanguage\":\"fr-FR\",\"@id\":\"https:\/\/anasounds.com\/fr\/produit\/switcher-de-tanks-pour-element\/#primaryimage\",\"url\":\"https:\/\/anasounds.com\/wp-content\/uploads\/2020\/08\/75305209_2211281895836270_8141103352456174490_n.jpg\",\"contentUrl\":\"https:\/\/anasounds.com\/wp-content\/uploads\/2020\/08\/75305209_2211281895836270_8141103352456174490_n.jpg\",\"width\":1080,\"height\":1350},{\"@type\":\"BreadcrumbList\",\"@id\":\"https:\/\/anasounds.com\/fr\/produit\/switcher-de-tanks-pour-element\/#breadcrumb\",\"itemListElement\":[{\"@type\":\"ListItem\",\"position\":1,\"name\":\"Home\",\"item\":\"https:\/\/anasounds.com\/fr\/\"},{\"@type\":\"ListItem\",\"position\":2,\"name\":\"boutique\",\"item\":\"https:\/\/anasounds.com\/fr\/shop\/\"},{\"@type\":\"ListItem\",\"position\":3,\"name\":\"switcher de tanks pour element\"}]},{\"@type\":\"WebSite\",\"@id\":\"https:\/\/anasounds.com\/#website\",\"url\":\"https:\/\/anasounds.com\/\",\"name\":\"Anasounds\",\"description\":\"P\u00e9dales \u00e0 la Fran\u00e7aise\",\"publisher\":{\"@id\":\"https:\/\/anasounds.com\/#organization\"},\"potentialAction\":[{\"@type\":\"SearchAction\",\"target\":{\"@type\":\"EntryPoint\",\"urlTemplate\":\"https:\/\/anasounds.com\/?s={search_term_string}\"},\"query-input\":{\"@type\":\"PropertyValueSpecification\",\"valueRequired\":true,\"valueName\":\"search_term_string\"}}],\"inLanguage\":\"fr-FR\"},{\"@type\":\"Organization\",\"@id\":\"https:\/\/anasounds.com\/#organization\",\"name\":\"Anasounds\",\"url\":\"https:\/\/anasounds.com\/\",\"logo\":{\"@type\":\"ImageObject\",\"inLanguage\":\"fr-FR\",\"@id\":\"https:\/\/anasounds.com\/#\/schema\/logo\/image\/\",\"url\":\"https:\/\/anasounds.com\/wp-content\/uploads\/2017\/10\/Logomadeinfrnoirblc.png\",\"contentUrl\":\"https:\/\/anasounds.com\/wp-content\/uploads\/2017\/10\/Logomadeinfrnoirblc.png\",\"width\":300,\"height\":300,\"caption\":\"Anasounds\"},\"image\":{\"@id\":\"https:\/\/anasounds.com\/#\/schema\/logo\/image\/\"},\"sameAs\":[\"https:\/\/www.facebook.com\/AnasoundsFX\/\",\"https:\/\/www.instagram.com\/anasounds\/\",\"https:\/\/www.youtube.com\/user\/AnaSoundsFR\"]}]}<\/script>\n<!-- \/ Yoast SEO plugin. -->","yoast_head_json":{"title":"switcher de tanks pour element | Anasounds","description":"Le switcher id\u00e9al pour changer les tanks de la Element sans avoir \u00e0 les d\u00e9brancher !","robots":{"index":"index","follow":"follow","max-snippet":"max-snippet:-1","max-image-preview":"max-image-preview:large","max-video-preview":"max-video-preview:-1"},"canonical":"https:\/\/anasounds.com\/fr\/produit\/switcher-de-tanks-pour-element\/","og_locale":"fr_FR","og_type":"article","og_title":"switcher de tanks pour element | Anasounds","og_description":"Le switcher id\u00e9al pour changer les tanks de la Element sans avoir \u00e0 les d\u00e9brancher !","og_url":"https:\/\/anasounds.com\/fr\/produit\/switcher-de-tanks-pour-element\/","og_site_name":"Anasounds","article_publisher":"https:\/\/www.facebook.com\/AnasoundsFX\/","article_modified_time":"2025-12-02T22:23:05+00:00","og_image":[{"width":1080,"height":1350,"url":"https:\/\/anasounds.com\/wp-content\/uploads\/2020\/08\/75305209_2211281895836270_8141103352456174490_n.jpg","type":"image\/jpeg"}],"twitter_card":"summary_large_image","twitter_misc":{"Dur\u00e9e de lecture estim\u00e9e":"2 minutes"},"schema":{"@context":"https:\/\/schema.org","@graph":[{"@type":"WebPage","@id":"https:\/\/anasounds.com\/fr\/produit\/switcher-de-tanks-pour-element\/","url":"https:\/\/anasounds.com\/fr\/produit\/switcher-de-tanks-pour-element\/","name":"switcher de tanks pour element | Anasounds","isPartOf":{"@id":"https:\/\/anasounds.com\/#website"},"primaryImageOfPage":{"@id":"https:\/\/anasounds.com\/fr\/produit\/switcher-de-tanks-pour-element\/#primaryimage"},"image":{"@id":"https:\/\/anasounds.com\/fr\/produit\/switcher-de-tanks-pour-element\/#primaryimage"},"thumbnailUrl":"https:\/\/anasounds.com\/wp-content\/uploads\/2020\/08\/75305209_2211281895836270_8141103352456174490_n.jpg","datePublished":"2020-08-03T14:16:25+00:00","dateModified":"2025-12-02T22:23:05+00:00","description":"Le switcher id\u00e9al pour changer les tanks de la Element sans avoir \u00e0 les d\u00e9brancher !","breadcrumb":{"@id":"https:\/\/anasounds.com\/fr\/produit\/switcher-de-tanks-pour-element\/#breadcrumb"},"inLanguage":"fr-FR","potentialAction":[{"@type":"ReadAction","target":["https:\/\/anasounds.com\/fr\/produit\/switcher-de-tanks-pour-element\/"]}]},{"@type":"ImageObject","inLanguage":"fr-FR","@id":"https:\/\/anasounds.com\/fr\/produit\/switcher-de-tanks-pour-element\/#primaryimage","url":"https:\/\/anasounds.com\/wp-content\/uploads\/2020\/08\/75305209_2211281895836270_8141103352456174490_n.jpg","contentUrl":"https:\/\/anasounds.com\/wp-content\/uploads\/2020\/08\/75305209_2211281895836270_8141103352456174490_n.jpg","width":1080,"height":1350},{"@type":"BreadcrumbList","@id":"https:\/\/anasounds.com\/fr\/produit\/switcher-de-tanks-pour-element\/#breadcrumb","itemListElement":[{"@type":"ListItem","position":1,"name":"Home","item":"https:\/\/anasounds.com\/fr\/"},{"@type":"ListItem","position":2,"name":"boutique","item":"https:\/\/anasounds.com\/fr\/shop\/"},{"@type":"ListItem","position":3,"name":"switcher de tanks pour element"}]},{"@type":"WebSite","@id":"https:\/\/anasounds.com\/#website","url":"https:\/\/anasounds.com\/","name":"Anasounds","description":"P\u00e9dales \u00e0 la Fran\u00e7aise","publisher":{"@id":"https:\/\/anasounds.com\/#organization"},"potentialAction":[{"@type":"SearchAction","target":{"@type":"EntryPoint","urlTemplate":"https:\/\/anasounds.com\/?s={search_term_string}"},"query-input":{"@type":"PropertyValueSpecification","valueRequired":true,"valueName":"search_term_string"}}],"inLanguage":"fr-FR"},{"@type":"Organization","@id":"https:\/\/anasounds.com\/#organization","name":"Anasounds","url":"https:\/\/anasounds.com\/","logo":{"@type":"ImageObject","inLanguage":"fr-FR","@id":"https:\/\/anasounds.com\/#\/schema\/logo\/image\/","url":"https:\/\/anasounds.com\/wp-content\/uploads\/2017\/10\/Logomadeinfrnoirblc.png","contentUrl":"https:\/\/anasounds.com\/wp-content\/uploads\/2017\/10\/Logomadeinfrnoirblc.png","width":300,"height":300,"caption":"Anasounds"},"image":{"@id":"https:\/\/anasounds.com\/#\/schema\/logo\/image\/"},"sameAs":["https:\/\/www.facebook.com\/AnasoundsFX\/","https:\/\/www.instagram.com\/anasounds\/","https:\/\/www.youtube.com\/user\/AnaSoundsFR"]}]}},"_links":{"self":[{"href":"https:\/\/anasounds.com\/fr\/wp-json\/wp\/v2\/product\/44458","targetHints":{"allow":["GET"]}}],"collection":[{"href":"https:\/\/anasounds.com\/fr\/wp-json\/wp\/v2\/product"}],"about":[{"href":"https:\/\/anasounds.com\/fr\/wp-json\/wp\/v2\/types\/product"}],"replies":[{"embeddable":true,"href":"https:\/\/anasounds.com\/fr\/wp-json\/wp\/v2\/comments?post=44458"}],"wp:featuredmedia":[{"embeddable":true,"href":"https:\/\/anasounds.com\/fr\/wp-json\/wp\/v2\/media\/45347"}],"wp:attachment":[{"href":"https:\/\/anasounds.com\/fr\/wp-json\/wp\/v2\/media?parent=44458"}],"wp:term":[{"taxonomy":"product_brand","embeddable":true,"href":"https:\/\/anasounds.com\/fr\/wp-json\/wp\/v2\/product_brand?post=44458"},{"taxonomy":"product_cat","embeddable":true,"href":"https:\/\/anasounds.com\/fr\/wp-json\/wp\/v2\/product_cat?post=44458"},{"taxonomy":"product_tag","embeddable":true,"href":"https:\/\/anasounds.com\/fr\/wp-json\/wp\/v2\/product_tag?post=44458"}],"curies":[{"name":"wp","href":"https:\/\/api.w.org\/{rel}","templated":true}]}}