{"id":45589,"date":"2020-08-11T10:28:48","date_gmt":"2020-08-11T08:28:48","guid":{"rendered":"https:\/\/anasounds.com\/?post_type=product&#038;p=45589"},"modified":"2025-09-11T21:45:56","modified_gmt":"2025-09-11T19:45:56","slug":"barefoot-buttons-v1-silver-skirtless-copy","status":"publish","type":"product","link":"https:\/\/anasounds.com\/fr\/produit\/barefoot-buttons-v1-silver-skirtless-copy\/","title":{"rendered":"barefoot buttons glowcaps &#8211; clear"},"content":{"rendered":"<p style=\"text-align: center;\">Suite aux nombreux probl\u00e8mes rencontr\u00e9s par un certain nombre de guitaristes, Barefoot Buttons (entreprise am\u00e9ricaine) a cr\u00e9\u00e9 ces toppers faciles \u00e0 installer sur n&rsquo;importe quelle p\u00e9dale !<br \/>\nEt devinez quoi ? c&rsquo;est Anasounds qui les distribue en France !<\/p>\n<p style=\"text-align: center;\">Le principe ? On a \u00e0 pr\u00e9sent plus de place et donc plus de confort sur sc\u00e8ne ou \u00e0 la maison pour switcher les p\u00e9dales.<br \/>\nOn peut y aller pieds nus, en tongues ou avec des grosses rangers, alors allez y l\u00e2chez vous, mais, on veut voir \u00e7a !<\/p>\n<p style=\"text-align: center;\">Fabriqu\u00e9s en silicone souple et durable, les Barefoot Buttons glow caps ont \u00e9t\u00e9 con\u00e7us pour se glisser sur votre bouton standard ou skirtless V1 ou V2, vous offrant ainsi une surface de commutation<br \/>\nqui brille dans le noir pour vous permettre de pi\u00e9tiner pendant ces moments sombres sur sc\u00e8ne. Les utilisateurs de Barefoot appr\u00e9cieront \u00e9galement le confort suppl\u00e9mentaire qu&rsquo;offre le mat\u00e9riau en silicone souple.<\/p>\n<p style=\"text-align: center;\"><img loading=\"lazy\" decoding=\"async\" class=\"alignnone size-full wp-image-7001\" src=\"https:\/\/anasounds.com\/wp-content\/uploads\/2018\/03\/product_version1A.png\" alt=\"\" width=\"341\" height=\"299\" \/>\u00a0\u00a0\u00a0\u00a0\u00a0\u00a0\u00a0\u00a0\u00a0\u00a0\u00a0\u00a0\u00a0\u00a0\u00a0 <img loading=\"lazy\" decoding=\"async\" class=\"alignnone size-full wp-image-7005\" src=\"https:\/\/anasounds.com\/wp-content\/uploads\/2018\/03\/product_version2.png\" alt=\"\" width=\"341\" height=\"299\" \/><\/p>\n<hr \/>\n<h2 style=\"text-align: center;\">Comment \u00e7a s&rsquo;installe ?<\/h2>\n<p style=\"text-align: center;\">Avec chaque topper est fourni une cl\u00e9 allen, on a 3 vis \u00e0 mettre autour du footswitch et en avant guingamp.<\/p>\n<p style=\"text-align: center;\"><strong>Attention si vous serez trop fort \u00e7a casse et nous ne serons pas tenu pour responsable et ne pouvons pas remplacer les produits cass\u00e9s.<\/strong><\/p>\n<hr \/>\n<h2 style=\"text-align: center;\"><span class=\"s2\">Est-ce qu&rsquo;on peut mettre un topper version 1 sur un switch de version 2 ?<\/span><\/h2>\n<p style=\"text-align: center;\"><span class=\"s2\">Oui ! On le fait d&rsquo;ailleurs. Et c&rsquo;est pourquoi on fournira principalement des v1 pour l&rsquo;instant.<br \/>\nMais c&rsquo;est vrai que le v2 \u00e9pouse parfaitement la forme du switch v2 et pour les plus bourrins d&rsquo;entre vous ce sera plus efficace.<\/span><\/p>\n<hr \/>\n<h2 style=\"text-align: center;\"><span class=\"s1\">Quel est le diam\u00e8tre de ce gros bouton ?<\/span><\/h2>\n<p style=\"text-align: center;\"><span class=\"s1\">Environ 28.5mm pour les 2 versions.<\/span><\/p>\n<hr \/>\n<h2 style=\"text-align: center;\">A quel point est grand ce tallboy ?<\/h2>\n<p style=\"text-align: center;\"><span class=\"s2\">Il mesure environ 22.2mm de haut, une fois qu&rsquo;on enl\u00e8ve la hauteur du footswitch, on sur\u00e9l\u00e8ve le tout d&rsquo;environ 12.7mm ! Sympa pour faire une deuxi\u00e8me rang\u00e9e dans un pedalboard.<\/span><\/p>\n","protected":false},"excerpt":{"rendered":"<p style=\"text-align: center;\">Suite aux nombreux probl\u00e8mes rencontr\u00e9s par un certain nombre de guitaristes, Barefoot Buttons (entreprise am\u00e9ricaine) a cr\u00e9\u00e9 ces toppers faciles \u00e0 installer sur n&rsquo;importe quelle p\u00e9dale !<br \/>\nEt devinez quoi ? C&rsquo;est Anasounds qui les distribue en France !<\/p>\n","protected":false},"featured_media":45591,"comment_status":"open","ping_status":"closed","template":"","meta":[],"product_brand":[],"product_cat":[418,888],"product_tag":[],"class_list":{"0":"post-45589","1":"product","2":"type-product","3":"status-publish","4":"has-post-thumbnail","6":"product_cat-barefoot-buttons-fr","7":"product_cat-glowcaps","9":"first","10":"onbackorder","11":"taxable","12":"shipping-taxable","13":"purchasable","14":"product-type-simple"},"supplier_id":83521,"supplier_sku":"","barcode":null,"atum_controlled":true,"out_stock_date":"2025-09-11 21:45:56","out_stock_threshold":null,"inheritable":false,"inbound_stock":0,"stock_on_hold":0,"sold_today":0,"sales_last_days":0,"reserved_stock":0,"customer_returns":0,"warehouse_damage":0,"lost_in_post":0,"other_logs":0,"out_stock_days":212,"lost_sales":0,"has_location":false,"update_date":"2026-04-12T01:03:44","atum_locations":[],"atum_stock_status":"onbackorder","restock_status":false,"low_stock_amount":"","sales_update_date":"2026-04-12T01:03:44","calc_backorders":0,"yoast_head":"<!-- This site is optimized with the Yoast SEO plugin v26.5 - https:\/\/yoast.com\/wordpress\/plugins\/seo\/ -->\n<title>Barefoot Button - SILVER SKIRTLESS | Stock\u00e9 en France !<\/title>\n<meta name=\"description\" content=\"Les toppers Barefoot Buttons sont enfin disponibles en France ! Construits dans un aluminium solide, fix\u00e9s gr\u00e2ce \u00e0 un syst\u00e8me rapide et pratique de vis. Retrouvez les en exclusivit\u00e9 sur notre site, nous sommes depuis 2017 distributeur exclusif en France ! Exp\u00e9dition rapide, s\u00e9rieuse et fiable.\" \/>\n<meta name=\"robots\" content=\"index, follow, max-snippet:-1, max-image-preview:large, max-video-preview:-1\" \/>\n<link rel=\"canonical\" href=\"https:\/\/anasounds.com\/produit\/barefoot-buttons-glowcaps-clear\/\" \/>\n<meta property=\"og:locale\" content=\"fr_FR\" \/>\n<meta property=\"og:type\" content=\"article\" \/>\n<meta property=\"og:title\" content=\"Barefoot Button - SILVER SKIRTLESS | Stock\u00e9 en France !\" \/>\n<meta property=\"og:description\" content=\"Les toppers Barefoot Buttons sont enfin disponibles en France ! Construits dans un aluminium solide, fix\u00e9s gr\u00e2ce \u00e0 un syst\u00e8me rapide et pratique de vis. Retrouvez les en exclusivit\u00e9 sur notre site, nous sommes depuis 2017 distributeur exclusif en France ! Exp\u00e9dition rapide, s\u00e9rieuse et fiable.\" \/>\n<meta property=\"og:url\" content=\"https:\/\/anasounds.com\/produit\/barefoot-buttons-glowcaps-clear\/\" \/>\n<meta property=\"og:site_name\" content=\"Anasounds\" \/>\n<meta property=\"article:publisher\" content=\"https:\/\/www.facebook.com\/AnasoundsFX\/\" \/>\n<meta property=\"article:modified_time\" content=\"2025-09-11T19:45:56+00:00\" \/>\n<meta property=\"og:image\" content=\"https:\/\/anasounds.com\/wp-content\/uploads\/2020\/08\/PRODUCT-Acrylic_blue1-1.png\" \/>\n\t<meta property=\"og:image:width\" content=\"700\" \/>\n\t<meta property=\"og:image:height\" content=\"700\" \/>\n\t<meta property=\"og:image:type\" content=\"image\/png\" \/>\n<meta name=\"twitter:card\" content=\"summary_large_image\" \/>\n<meta name=\"twitter:label1\" content=\"Dur\u00e9e de lecture estim\u00e9e\" \/>\n\t<meta name=\"twitter:data1\" content=\"2 minutes\" \/>\n<script type=\"application\/ld+json\" class=\"yoast-schema-graph\">{\"@context\":\"https:\/\/schema.org\",\"@graph\":[{\"@type\":\"WebPage\",\"@id\":\"https:\/\/anasounds.com\/produit\/barefoot-buttons-glowcaps-clear\/\",\"url\":\"https:\/\/anasounds.com\/produit\/barefoot-buttons-glowcaps-clear\/\",\"name\":\"Barefoot Button - SILVER SKIRTLESS | Stock\u00e9 en France !\",\"isPartOf\":{\"@id\":\"https:\/\/anasounds.com\/#website\"},\"primaryImageOfPage\":{\"@id\":\"https:\/\/anasounds.com\/produit\/barefoot-buttons-glowcaps-clear\/#primaryimage\"},\"image\":{\"@id\":\"https:\/\/anasounds.com\/produit\/barefoot-buttons-glowcaps-clear\/#primaryimage\"},\"thumbnailUrl\":\"https:\/\/anasounds.com\/wp-content\/uploads\/2020\/08\/PRODUCT-Acrylic_blue1-1.png\",\"datePublished\":\"2020-08-11T08:28:48+00:00\",\"dateModified\":\"2025-09-11T19:45:56+00:00\",\"description\":\"Les toppers Barefoot Buttons sont enfin disponibles en France ! Construits dans un aluminium solide, fix\u00e9s gr\u00e2ce \u00e0 un syst\u00e8me rapide et pratique de vis. Retrouvez les en exclusivit\u00e9 sur notre site, nous sommes depuis 2017 distributeur exclusif en France ! Exp\u00e9dition rapide, s\u00e9rieuse et fiable.\",\"breadcrumb\":{\"@id\":\"https:\/\/anasounds.com\/produit\/barefoot-buttons-glowcaps-clear\/#breadcrumb\"},\"inLanguage\":\"fr-FR\",\"potentialAction\":[{\"@type\":\"ReadAction\",\"target\":[\"https:\/\/anasounds.com\/produit\/barefoot-buttons-glowcaps-clear\/\"]}]},{\"@type\":\"ImageObject\",\"inLanguage\":\"fr-FR\",\"@id\":\"https:\/\/anasounds.com\/produit\/barefoot-buttons-glowcaps-clear\/#primaryimage\",\"url\":\"https:\/\/anasounds.com\/wp-content\/uploads\/2020\/08\/PRODUCT-Acrylic_blue1-1.png\",\"contentUrl\":\"https:\/\/anasounds.com\/wp-content\/uploads\/2020\/08\/PRODUCT-Acrylic_blue1-1.png\",\"width\":700,\"height\":700},{\"@type\":\"BreadcrumbList\",\"@id\":\"https:\/\/anasounds.com\/produit\/barefoot-buttons-glowcaps-clear\/#breadcrumb\",\"itemListElement\":[{\"@type\":\"ListItem\",\"position\":1,\"name\":\"Home\",\"item\":\"https:\/\/anasounds.com\/fr\/\"},{\"@type\":\"ListItem\",\"position\":2,\"name\":\"boutique\",\"item\":\"https:\/\/anasounds.com\/fr\/shop\/\"},{\"@type\":\"ListItem\",\"position\":3,\"name\":\"barefoot buttons glowcaps &#8211; clear\"}]},{\"@type\":\"WebSite\",\"@id\":\"https:\/\/anasounds.com\/#website\",\"url\":\"https:\/\/anasounds.com\/\",\"name\":\"Anasounds\",\"description\":\"P\u00e9dales \u00e0 la Fran\u00e7aise\",\"publisher\":{\"@id\":\"https:\/\/anasounds.com\/#organization\"},\"potentialAction\":[{\"@type\":\"SearchAction\",\"target\":{\"@type\":\"EntryPoint\",\"urlTemplate\":\"https:\/\/anasounds.com\/?s={search_term_string}\"},\"query-input\":{\"@type\":\"PropertyValueSpecification\",\"valueRequired\":true,\"valueName\":\"search_term_string\"}}],\"inLanguage\":\"fr-FR\"},{\"@type\":\"Organization\",\"@id\":\"https:\/\/anasounds.com\/#organization\",\"name\":\"Anasounds\",\"url\":\"https:\/\/anasounds.com\/\",\"logo\":{\"@type\":\"ImageObject\",\"inLanguage\":\"fr-FR\",\"@id\":\"https:\/\/anasounds.com\/#\/schema\/logo\/image\/\",\"url\":\"https:\/\/anasounds.com\/wp-content\/uploads\/2017\/10\/Logomadeinfrnoirblc.png\",\"contentUrl\":\"https:\/\/anasounds.com\/wp-content\/uploads\/2017\/10\/Logomadeinfrnoirblc.png\",\"width\":300,\"height\":300,\"caption\":\"Anasounds\"},\"image\":{\"@id\":\"https:\/\/anasounds.com\/#\/schema\/logo\/image\/\"},\"sameAs\":[\"https:\/\/www.facebook.com\/AnasoundsFX\/\",\"https:\/\/www.instagram.com\/anasounds\/\",\"https:\/\/www.youtube.com\/user\/AnaSoundsFR\"]}]}<\/script>\n<!-- \/ Yoast SEO plugin. -->","yoast_head_json":{"title":"Barefoot Button - SILVER SKIRTLESS | Stock\u00e9 en France !","description":"Les toppers Barefoot Buttons sont enfin disponibles en France ! Construits dans un aluminium solide, fix\u00e9s gr\u00e2ce \u00e0 un syst\u00e8me rapide et pratique de vis. Retrouvez les en exclusivit\u00e9 sur notre site, nous sommes depuis 2017 distributeur exclusif en France ! Exp\u00e9dition rapide, s\u00e9rieuse et fiable.","robots":{"index":"index","follow":"follow","max-snippet":"max-snippet:-1","max-image-preview":"max-image-preview:large","max-video-preview":"max-video-preview:-1"},"canonical":"https:\/\/anasounds.com\/produit\/barefoot-buttons-glowcaps-clear\/","og_locale":"fr_FR","og_type":"article","og_title":"Barefoot Button - SILVER SKIRTLESS | Stock\u00e9 en France !","og_description":"Les toppers Barefoot Buttons sont enfin disponibles en France ! Construits dans un aluminium solide, fix\u00e9s gr\u00e2ce \u00e0 un syst\u00e8me rapide et pratique de vis. Retrouvez les en exclusivit\u00e9 sur notre site, nous sommes depuis 2017 distributeur exclusif en France ! Exp\u00e9dition rapide, s\u00e9rieuse et fiable.","og_url":"https:\/\/anasounds.com\/produit\/barefoot-buttons-glowcaps-clear\/","og_site_name":"Anasounds","article_publisher":"https:\/\/www.facebook.com\/AnasoundsFX\/","article_modified_time":"2025-09-11T19:45:56+00:00","og_image":[{"width":700,"height":700,"url":"https:\/\/anasounds.com\/wp-content\/uploads\/2020\/08\/PRODUCT-Acrylic_blue1-1.png","type":"image\/png"}],"twitter_card":"summary_large_image","twitter_misc":{"Dur\u00e9e de lecture estim\u00e9e":"2 minutes"},"schema":{"@context":"https:\/\/schema.org","@graph":[{"@type":"WebPage","@id":"https:\/\/anasounds.com\/produit\/barefoot-buttons-glowcaps-clear\/","url":"https:\/\/anasounds.com\/produit\/barefoot-buttons-glowcaps-clear\/","name":"Barefoot Button - SILVER SKIRTLESS | Stock\u00e9 en France !","isPartOf":{"@id":"https:\/\/anasounds.com\/#website"},"primaryImageOfPage":{"@id":"https:\/\/anasounds.com\/produit\/barefoot-buttons-glowcaps-clear\/#primaryimage"},"image":{"@id":"https:\/\/anasounds.com\/produit\/barefoot-buttons-glowcaps-clear\/#primaryimage"},"thumbnailUrl":"https:\/\/anasounds.com\/wp-content\/uploads\/2020\/08\/PRODUCT-Acrylic_blue1-1.png","datePublished":"2020-08-11T08:28:48+00:00","dateModified":"2025-09-11T19:45:56+00:00","description":"Les toppers Barefoot Buttons sont enfin disponibles en France ! Construits dans un aluminium solide, fix\u00e9s gr\u00e2ce \u00e0 un syst\u00e8me rapide et pratique de vis. Retrouvez les en exclusivit\u00e9 sur notre site, nous sommes depuis 2017 distributeur exclusif en France ! Exp\u00e9dition rapide, s\u00e9rieuse et fiable.","breadcrumb":{"@id":"https:\/\/anasounds.com\/produit\/barefoot-buttons-glowcaps-clear\/#breadcrumb"},"inLanguage":"fr-FR","potentialAction":[{"@type":"ReadAction","target":["https:\/\/anasounds.com\/produit\/barefoot-buttons-glowcaps-clear\/"]}]},{"@type":"ImageObject","inLanguage":"fr-FR","@id":"https:\/\/anasounds.com\/produit\/barefoot-buttons-glowcaps-clear\/#primaryimage","url":"https:\/\/anasounds.com\/wp-content\/uploads\/2020\/08\/PRODUCT-Acrylic_blue1-1.png","contentUrl":"https:\/\/anasounds.com\/wp-content\/uploads\/2020\/08\/PRODUCT-Acrylic_blue1-1.png","width":700,"height":700},{"@type":"BreadcrumbList","@id":"https:\/\/anasounds.com\/produit\/barefoot-buttons-glowcaps-clear\/#breadcrumb","itemListElement":[{"@type":"ListItem","position":1,"name":"Home","item":"https:\/\/anasounds.com\/fr\/"},{"@type":"ListItem","position":2,"name":"boutique","item":"https:\/\/anasounds.com\/fr\/shop\/"},{"@type":"ListItem","position":3,"name":"barefoot buttons glowcaps &#8211; clear"}]},{"@type":"WebSite","@id":"https:\/\/anasounds.com\/#website","url":"https:\/\/anasounds.com\/","name":"Anasounds","description":"P\u00e9dales \u00e0 la Fran\u00e7aise","publisher":{"@id":"https:\/\/anasounds.com\/#organization"},"potentialAction":[{"@type":"SearchAction","target":{"@type":"EntryPoint","urlTemplate":"https:\/\/anasounds.com\/?s={search_term_string}"},"query-input":{"@type":"PropertyValueSpecification","valueRequired":true,"valueName":"search_term_string"}}],"inLanguage":"fr-FR"},{"@type":"Organization","@id":"https:\/\/anasounds.com\/#organization","name":"Anasounds","url":"https:\/\/anasounds.com\/","logo":{"@type":"ImageObject","inLanguage":"fr-FR","@id":"https:\/\/anasounds.com\/#\/schema\/logo\/image\/","url":"https:\/\/anasounds.com\/wp-content\/uploads\/2017\/10\/Logomadeinfrnoirblc.png","contentUrl":"https:\/\/anasounds.com\/wp-content\/uploads\/2017\/10\/Logomadeinfrnoirblc.png","width":300,"height":300,"caption":"Anasounds"},"image":{"@id":"https:\/\/anasounds.com\/#\/schema\/logo\/image\/"},"sameAs":["https:\/\/www.facebook.com\/AnasoundsFX\/","https:\/\/www.instagram.com\/anasounds\/","https:\/\/www.youtube.com\/user\/AnaSoundsFR"]}]}},"_links":{"self":[{"href":"https:\/\/anasounds.com\/fr\/wp-json\/wp\/v2\/product\/45589","targetHints":{"allow":["GET"]}}],"collection":[{"href":"https:\/\/anasounds.com\/fr\/wp-json\/wp\/v2\/product"}],"about":[{"href":"https:\/\/anasounds.com\/fr\/wp-json\/wp\/v2\/types\/product"}],"replies":[{"embeddable":true,"href":"https:\/\/anasounds.com\/fr\/wp-json\/wp\/v2\/comments?post=45589"}],"wp:featuredmedia":[{"embeddable":true,"href":"https:\/\/anasounds.com\/fr\/wp-json\/wp\/v2\/media\/45591"}],"wp:attachment":[{"href":"https:\/\/anasounds.com\/fr\/wp-json\/wp\/v2\/media?parent=45589"}],"wp:term":[{"taxonomy":"product_brand","embeddable":true,"href":"https:\/\/anasounds.com\/fr\/wp-json\/wp\/v2\/product_brand?post=45589"},{"taxonomy":"product_cat","embeddable":true,"href":"https:\/\/anasounds.com\/fr\/wp-json\/wp\/v2\/product_cat?post=45589"},{"taxonomy":"product_tag","embeddable":true,"href":"https:\/\/anasounds.com\/fr\/wp-json\/wp\/v2\/product_tag?post=45589"}],"curies":[{"name":"wp","href":"https:\/\/api.w.org\/{rel}","templated":true}]}}