{"id":45628,"date":"2020-08-11T10:48:36","date_gmt":"2020-08-11T08:48:36","guid":{"rendered":"https:\/\/anasounds.com\/?post_type=product&#038;p=45628"},"modified":"2026-04-07T10:25:39","modified_gmt":"2026-04-07T08:25:39","slug":"bundle-true-tone-1-spot-9v-daisy-chain-8-la-solution-pas-chere-pour-alimenter-jusqua-8-pedales","status":"publish","type":"product","link":"https:\/\/anasounds.com\/fr\/produit\/bundle-true-tone-1-spot-9v-daisy-chain-8-la-solution-pas-chere-pour-alimenter-jusqua-8-pedales\/","title":{"rendered":"bundle true tone 1 spot | la solution pas ch\u00e8re pour alimenter jusqu&rsquo;\u00e0 8 p\u00e9dales !"},"content":{"rendered":"<h3 style=\"text-align: center;\">une alimentation 9v pour toutes vos p\u00e9dales<\/h3>\n<p style=\"text-align: center;\">Cette alimentation secteur d\u00e9velopp\u00e9e par True Tone aux USA est d\u00e9di\u00e9e aux p\u00e9dales d&rsquo;effet !<br \/>\nEn effet, elle permet de d\u00e9livrer un 9V stable jusqu&rsquo;\u00e0 1.7A. Ce qui est largement suffisant compar\u00e9 aux r\u00e9els besoins d&rsquo;une p\u00e9dale d&rsquo;effet.<\/p>\n<h3 style=\"text-align: center;\">comment bien s&rsquo;en servir<\/h3>\n<p style=\"text-align: center;\">On utilise en g\u00e9n\u00e9ral cette alimentation toute seule avec une p\u00e9dale puis si on a 2 p\u00e9dales on en rajoute une seconde etc&#8230;<br \/>\nC&rsquo;est le meilleur moyen d&rsquo;avoir des alimentations 100% isol\u00e9es.<\/p>\n<p style=\"text-align: center;\">Ce bundle contient aussi une <a href=\"https:\/\/anasounds.com\/fr\/produit\/1-alimentation-dc-pour-8-sorties-true-tone-cl-multi-8\/\">araign\u00e9e que la marque propose \u00e9galement<\/a>,<br \/>\nainsi que 2 adaptateurs mini jack 3,5mm, 2 adaptateurs pour piles pour les p\u00e9dales vintage qui n&rsquo;ont pas de connecteur d&rsquo;alimentation,<br \/>\net un adaptateur Line 6 et Digitech RP100.<br \/>\nL&rsquo;avantage c&rsquo;est qu&rsquo;en achetant ce bundle, on a pour un budget total de moins de 40\u20ac jusqu&rsquo;\u00e0 8 sorties de bonne qualit\u00e9 !<br \/>\nLe seul inconv\u00e9nient est que les 8 sorties sont en parall\u00e8le. Donc si une p\u00e9dale g\u00e9n\u00e8re du bruit, elle l&rsquo;offrira gentiment \u00e0 toutes les autres p\u00e9dales.<br \/>\nMais \u00e7a fonctionne en g\u00e9n\u00e9ral tr\u00e8s bien avec la plupart des p\u00e9dales analogiques !<\/p>\n<p style=\"text-align: center;\">Si on cherche une solution de meilleure qualit\u00e9, il faudra plus se tourner vers les blocs d&rsquo;alim \u00e0 plusieurs sorties.<br \/>\nPour \u00e7a, on a fait un\u00a0<a href=\"https:\/\/anasounds.com\/fr\/guide-pour-choisir-son-alimentation-de-pedales-effets\/\">article<\/a>\u00a0pour savoir exactement quel type d\u2019alimentation choisir selon les besoins, et trouver la solution id\u00e9ale pour alimenter un pedalboard.<\/p>\n","protected":false},"excerpt":{"rendered":"<p style=\"text-align: center;\">Une alimentation 9V tr\u00e8s performante que l&rsquo;on retrouve en tant qu&rsquo;outil indispensable d&rsquo;une guitariste !<\/p>\n","protected":false},"featured_media":61751,"comment_status":"open","ping_status":"closed","template":"","meta":[],"product_brand":[],"product_cat":[510,871],"product_tag":[511,512,514,515,516,517,513],"class_list":{"0":"post-45628","1":"product","2":"type-product","3":"status-publish","4":"has-post-thumbnail","6":"product_cat-alimentations","7":"product_cat-1-spot-fr","8":"product_tag-1-spot","9":"product_tag-1spot","10":"product_tag-alim-9v","11":"product_tag-alimentation","12":"product_tag-alimentation-9v","13":"product_tag-alimentation-secteur","14":"product_tag-truetone","16":"first","17":"instock","18":"taxable","19":"shipping-taxable","20":"purchasable","21":"product-type-simple"},"supplier_id":83731,"supplier_sku":"NW1CP2-E","barcode":"694336000515","atum_controlled":true,"out_stock_date":null,"out_stock_threshold":null,"inheritable":false,"inbound_stock":0,"stock_on_hold":0,"sold_today":0,"sales_last_days":0,"reserved_stock":0,"customer_returns":0,"warehouse_damage":0,"lost_in_post":0,"other_logs":0,"out_stock_days":0,"lost_sales":0,"has_location":false,"update_date":"2026-04-24T01:13:49","atum_locations":[],"atum_stock_status":"instock","restock_status":false,"low_stock_amount":"","sales_update_date":"2026-04-24T01:13:48","calc_backorders":0,"yoast_head":"<!-- This site is optimized with the Yoast SEO plugin v26.5 - https:\/\/yoast.com\/wordpress\/plugins\/seo\/ -->\n<title>bundle true tone 1 spot | la solution pas ch\u00e8re pour alimenter jusqu&#039;\u00e0 8 p\u00e9dales ! | Anasounds<\/title>\n<meta name=\"description\" content=\"Ce bundle True Tone 1 spot vous permet d&#039;alimenter jusqu&#039;\u00e0 8 p\u00e9dales analogiques 9V pour moins de 40\u20ac, et jusqu&#039;\u00e0 1,7A !\" \/>\n<meta name=\"robots\" content=\"index, follow, max-snippet:-1, max-image-preview:large, max-video-preview:-1\" \/>\n<link rel=\"canonical\" href=\"https:\/\/anasounds.com\/fr\/produit\/bundle-true-tone-1-spot-9v-daisy-chain-8-la-solution-pas-chere-pour-alimenter-jusqua-8-pedales\/\" \/>\n<meta property=\"og:locale\" content=\"fr_FR\" \/>\n<meta property=\"og:type\" content=\"article\" \/>\n<meta property=\"og:title\" content=\"bundle true tone 1 spot | la solution pas ch\u00e8re pour alimenter jusqu&#039;\u00e0 8 p\u00e9dales ! | Anasounds\" \/>\n<meta property=\"og:description\" content=\"Ce bundle True Tone 1 spot vous permet d&#039;alimenter jusqu&#039;\u00e0 8 p\u00e9dales analogiques 9V pour moins de 40\u20ac, et jusqu&#039;\u00e0 1,7A !\" \/>\n<meta property=\"og:url\" content=\"https:\/\/anasounds.com\/fr\/produit\/bundle-true-tone-1-spot-9v-daisy-chain-8-la-solution-pas-chere-pour-alimenter-jusqua-8-pedales\/\" \/>\n<meta property=\"og:site_name\" content=\"Anasounds\" \/>\n<meta property=\"article:publisher\" content=\"https:\/\/www.facebook.com\/AnasoundsFX\/\" \/>\n<meta property=\"article:modified_time\" content=\"2026-04-07T08:25:39+00:00\" \/>\n<meta property=\"og:image\" content=\"https:\/\/anasounds.com\/wp-content\/uploads\/2020\/08\/8048396_800.jpg\" \/>\n\t<meta property=\"og:image:width\" content=\"670\" \/>\n\t<meta property=\"og:image:height\" content=\"600\" \/>\n\t<meta property=\"og:image:type\" content=\"image\/jpeg\" \/>\n<meta name=\"twitter:card\" content=\"summary_large_image\" \/>\n<meta name=\"twitter:label1\" content=\"Dur\u00e9e de lecture estim\u00e9e\" \/>\n\t<meta name=\"twitter:data1\" content=\"1 minute\" \/>\n<script type=\"application\/ld+json\" class=\"yoast-schema-graph\">{\"@context\":\"https:\/\/schema.org\",\"@graph\":[{\"@type\":\"WebPage\",\"@id\":\"https:\/\/anasounds.com\/fr\/produit\/bundle-true-tone-1-spot-9v-daisy-chain-8-la-solution-pas-chere-pour-alimenter-jusqua-8-pedales\/\",\"url\":\"https:\/\/anasounds.com\/fr\/produit\/bundle-true-tone-1-spot-9v-daisy-chain-8-la-solution-pas-chere-pour-alimenter-jusqua-8-pedales\/\",\"name\":\"bundle true tone 1 spot | la solution pas ch\u00e8re pour alimenter jusqu'\u00e0 8 p\u00e9dales ! | Anasounds\",\"isPartOf\":{\"@id\":\"https:\/\/anasounds.com\/#website\"},\"primaryImageOfPage\":{\"@id\":\"https:\/\/anasounds.com\/fr\/produit\/bundle-true-tone-1-spot-9v-daisy-chain-8-la-solution-pas-chere-pour-alimenter-jusqua-8-pedales\/#primaryimage\"},\"image\":{\"@id\":\"https:\/\/anasounds.com\/fr\/produit\/bundle-true-tone-1-spot-9v-daisy-chain-8-la-solution-pas-chere-pour-alimenter-jusqua-8-pedales\/#primaryimage\"},\"thumbnailUrl\":\"https:\/\/anasounds.com\/wp-content\/uploads\/2020\/08\/8048396_800.jpg\",\"datePublished\":\"2020-08-11T08:48:36+00:00\",\"dateModified\":\"2026-04-07T08:25:39+00:00\",\"description\":\"Ce bundle True Tone 1 spot vous permet d'alimenter jusqu'\u00e0 8 p\u00e9dales analogiques 9V pour moins de 40\u20ac, et jusqu'\u00e0 1,7A !\",\"breadcrumb\":{\"@id\":\"https:\/\/anasounds.com\/fr\/produit\/bundle-true-tone-1-spot-9v-daisy-chain-8-la-solution-pas-chere-pour-alimenter-jusqua-8-pedales\/#breadcrumb\"},\"inLanguage\":\"fr-FR\",\"potentialAction\":[{\"@type\":\"ReadAction\",\"target\":[\"https:\/\/anasounds.com\/fr\/produit\/bundle-true-tone-1-spot-9v-daisy-chain-8-la-solution-pas-chere-pour-alimenter-jusqua-8-pedales\/\"]}]},{\"@type\":\"ImageObject\",\"inLanguage\":\"fr-FR\",\"@id\":\"https:\/\/anasounds.com\/fr\/produit\/bundle-true-tone-1-spot-9v-daisy-chain-8-la-solution-pas-chere-pour-alimenter-jusqua-8-pedales\/#primaryimage\",\"url\":\"https:\/\/anasounds.com\/wp-content\/uploads\/2020\/08\/8048396_800.jpg\",\"contentUrl\":\"https:\/\/anasounds.com\/wp-content\/uploads\/2020\/08\/8048396_800.jpg\",\"width\":670,\"height\":600},{\"@type\":\"BreadcrumbList\",\"@id\":\"https:\/\/anasounds.com\/fr\/produit\/bundle-true-tone-1-spot-9v-daisy-chain-8-la-solution-pas-chere-pour-alimenter-jusqua-8-pedales\/#breadcrumb\",\"itemListElement\":[{\"@type\":\"ListItem\",\"position\":1,\"name\":\"Home\",\"item\":\"https:\/\/anasounds.com\/fr\/\"},{\"@type\":\"ListItem\",\"position\":2,\"name\":\"boutique\",\"item\":\"https:\/\/anasounds.com\/fr\/shop\/\"},{\"@type\":\"ListItem\",\"position\":3,\"name\":\"bundle true tone 1 spot | la solution pas ch\u00e8re pour alimenter jusqu&#8217;\u00e0 8 p\u00e9dales !\"}]},{\"@type\":\"WebSite\",\"@id\":\"https:\/\/anasounds.com\/#website\",\"url\":\"https:\/\/anasounds.com\/\",\"name\":\"Anasounds\",\"description\":\"P\u00e9dales \u00e0 la Fran\u00e7aise\",\"publisher\":{\"@id\":\"https:\/\/anasounds.com\/#organization\"},\"potentialAction\":[{\"@type\":\"SearchAction\",\"target\":{\"@type\":\"EntryPoint\",\"urlTemplate\":\"https:\/\/anasounds.com\/?s={search_term_string}\"},\"query-input\":{\"@type\":\"PropertyValueSpecification\",\"valueRequired\":true,\"valueName\":\"search_term_string\"}}],\"inLanguage\":\"fr-FR\"},{\"@type\":\"Organization\",\"@id\":\"https:\/\/anasounds.com\/#organization\",\"name\":\"Anasounds\",\"url\":\"https:\/\/anasounds.com\/\",\"logo\":{\"@type\":\"ImageObject\",\"inLanguage\":\"fr-FR\",\"@id\":\"https:\/\/anasounds.com\/#\/schema\/logo\/image\/\",\"url\":\"https:\/\/anasounds.com\/wp-content\/uploads\/2017\/10\/Logomadeinfrnoirblc.png\",\"contentUrl\":\"https:\/\/anasounds.com\/wp-content\/uploads\/2017\/10\/Logomadeinfrnoirblc.png\",\"width\":300,\"height\":300,\"caption\":\"Anasounds\"},\"image\":{\"@id\":\"https:\/\/anasounds.com\/#\/schema\/logo\/image\/\"},\"sameAs\":[\"https:\/\/www.facebook.com\/AnasoundsFX\/\",\"https:\/\/www.instagram.com\/anasounds\/\",\"https:\/\/www.youtube.com\/user\/AnaSoundsFR\"]}]}<\/script>\n<!-- \/ Yoast SEO plugin. -->","yoast_head_json":{"title":"bundle true tone 1 spot | la solution pas ch\u00e8re pour alimenter jusqu'\u00e0 8 p\u00e9dales ! | Anasounds","description":"Ce bundle True Tone 1 spot vous permet d'alimenter jusqu'\u00e0 8 p\u00e9dales analogiques 9V pour moins de 40\u20ac, et jusqu'\u00e0 1,7A !","robots":{"index":"index","follow":"follow","max-snippet":"max-snippet:-1","max-image-preview":"max-image-preview:large","max-video-preview":"max-video-preview:-1"},"canonical":"https:\/\/anasounds.com\/fr\/produit\/bundle-true-tone-1-spot-9v-daisy-chain-8-la-solution-pas-chere-pour-alimenter-jusqua-8-pedales\/","og_locale":"fr_FR","og_type":"article","og_title":"bundle true tone 1 spot | la solution pas ch\u00e8re pour alimenter jusqu'\u00e0 8 p\u00e9dales ! | Anasounds","og_description":"Ce bundle True Tone 1 spot vous permet d'alimenter jusqu'\u00e0 8 p\u00e9dales analogiques 9V pour moins de 40\u20ac, et jusqu'\u00e0 1,7A !","og_url":"https:\/\/anasounds.com\/fr\/produit\/bundle-true-tone-1-spot-9v-daisy-chain-8-la-solution-pas-chere-pour-alimenter-jusqua-8-pedales\/","og_site_name":"Anasounds","article_publisher":"https:\/\/www.facebook.com\/AnasoundsFX\/","article_modified_time":"2026-04-07T08:25:39+00:00","og_image":[{"width":670,"height":600,"url":"https:\/\/anasounds.com\/wp-content\/uploads\/2020\/08\/8048396_800.jpg","type":"image\/jpeg"}],"twitter_card":"summary_large_image","twitter_misc":{"Dur\u00e9e de lecture estim\u00e9e":"1 minute"},"schema":{"@context":"https:\/\/schema.org","@graph":[{"@type":"WebPage","@id":"https:\/\/anasounds.com\/fr\/produit\/bundle-true-tone-1-spot-9v-daisy-chain-8-la-solution-pas-chere-pour-alimenter-jusqua-8-pedales\/","url":"https:\/\/anasounds.com\/fr\/produit\/bundle-true-tone-1-spot-9v-daisy-chain-8-la-solution-pas-chere-pour-alimenter-jusqua-8-pedales\/","name":"bundle true tone 1 spot | la solution pas ch\u00e8re pour alimenter jusqu'\u00e0 8 p\u00e9dales ! | Anasounds","isPartOf":{"@id":"https:\/\/anasounds.com\/#website"},"primaryImageOfPage":{"@id":"https:\/\/anasounds.com\/fr\/produit\/bundle-true-tone-1-spot-9v-daisy-chain-8-la-solution-pas-chere-pour-alimenter-jusqua-8-pedales\/#primaryimage"},"image":{"@id":"https:\/\/anasounds.com\/fr\/produit\/bundle-true-tone-1-spot-9v-daisy-chain-8-la-solution-pas-chere-pour-alimenter-jusqua-8-pedales\/#primaryimage"},"thumbnailUrl":"https:\/\/anasounds.com\/wp-content\/uploads\/2020\/08\/8048396_800.jpg","datePublished":"2020-08-11T08:48:36+00:00","dateModified":"2026-04-07T08:25:39+00:00","description":"Ce bundle True Tone 1 spot vous permet d'alimenter jusqu'\u00e0 8 p\u00e9dales analogiques 9V pour moins de 40\u20ac, et jusqu'\u00e0 1,7A !","breadcrumb":{"@id":"https:\/\/anasounds.com\/fr\/produit\/bundle-true-tone-1-spot-9v-daisy-chain-8-la-solution-pas-chere-pour-alimenter-jusqua-8-pedales\/#breadcrumb"},"inLanguage":"fr-FR","potentialAction":[{"@type":"ReadAction","target":["https:\/\/anasounds.com\/fr\/produit\/bundle-true-tone-1-spot-9v-daisy-chain-8-la-solution-pas-chere-pour-alimenter-jusqua-8-pedales\/"]}]},{"@type":"ImageObject","inLanguage":"fr-FR","@id":"https:\/\/anasounds.com\/fr\/produit\/bundle-true-tone-1-spot-9v-daisy-chain-8-la-solution-pas-chere-pour-alimenter-jusqua-8-pedales\/#primaryimage","url":"https:\/\/anasounds.com\/wp-content\/uploads\/2020\/08\/8048396_800.jpg","contentUrl":"https:\/\/anasounds.com\/wp-content\/uploads\/2020\/08\/8048396_800.jpg","width":670,"height":600},{"@type":"BreadcrumbList","@id":"https:\/\/anasounds.com\/fr\/produit\/bundle-true-tone-1-spot-9v-daisy-chain-8-la-solution-pas-chere-pour-alimenter-jusqua-8-pedales\/#breadcrumb","itemListElement":[{"@type":"ListItem","position":1,"name":"Home","item":"https:\/\/anasounds.com\/fr\/"},{"@type":"ListItem","position":2,"name":"boutique","item":"https:\/\/anasounds.com\/fr\/shop\/"},{"@type":"ListItem","position":3,"name":"bundle true tone 1 spot | la solution pas ch\u00e8re pour alimenter jusqu&#8217;\u00e0 8 p\u00e9dales !"}]},{"@type":"WebSite","@id":"https:\/\/anasounds.com\/#website","url":"https:\/\/anasounds.com\/","name":"Anasounds","description":"P\u00e9dales \u00e0 la Fran\u00e7aise","publisher":{"@id":"https:\/\/anasounds.com\/#organization"},"potentialAction":[{"@type":"SearchAction","target":{"@type":"EntryPoint","urlTemplate":"https:\/\/anasounds.com\/?s={search_term_string}"},"query-input":{"@type":"PropertyValueSpecification","valueRequired":true,"valueName":"search_term_string"}}],"inLanguage":"fr-FR"},{"@type":"Organization","@id":"https:\/\/anasounds.com\/#organization","name":"Anasounds","url":"https:\/\/anasounds.com\/","logo":{"@type":"ImageObject","inLanguage":"fr-FR","@id":"https:\/\/anasounds.com\/#\/schema\/logo\/image\/","url":"https:\/\/anasounds.com\/wp-content\/uploads\/2017\/10\/Logomadeinfrnoirblc.png","contentUrl":"https:\/\/anasounds.com\/wp-content\/uploads\/2017\/10\/Logomadeinfrnoirblc.png","width":300,"height":300,"caption":"Anasounds"},"image":{"@id":"https:\/\/anasounds.com\/#\/schema\/logo\/image\/"},"sameAs":["https:\/\/www.facebook.com\/AnasoundsFX\/","https:\/\/www.instagram.com\/anasounds\/","https:\/\/www.youtube.com\/user\/AnaSoundsFR"]}]}},"_links":{"self":[{"href":"https:\/\/anasounds.com\/fr\/wp-json\/wp\/v2\/product\/45628","targetHints":{"allow":["GET"]}}],"collection":[{"href":"https:\/\/anasounds.com\/fr\/wp-json\/wp\/v2\/product"}],"about":[{"href":"https:\/\/anasounds.com\/fr\/wp-json\/wp\/v2\/types\/product"}],"replies":[{"embeddable":true,"href":"https:\/\/anasounds.com\/fr\/wp-json\/wp\/v2\/comments?post=45628"}],"wp:featuredmedia":[{"embeddable":true,"href":"https:\/\/anasounds.com\/fr\/wp-json\/wp\/v2\/media\/61751"}],"wp:attachment":[{"href":"https:\/\/anasounds.com\/fr\/wp-json\/wp\/v2\/media?parent=45628"}],"wp:term":[{"taxonomy":"product_brand","embeddable":true,"href":"https:\/\/anasounds.com\/fr\/wp-json\/wp\/v2\/product_brand?post=45628"},{"taxonomy":"product_cat","embeddable":true,"href":"https:\/\/anasounds.com\/fr\/wp-json\/wp\/v2\/product_cat?post=45628"},{"taxonomy":"product_tag","embeddable":true,"href":"https:\/\/anasounds.com\/fr\/wp-json\/wp\/v2\/product_tag?post=45628"}],"curies":[{"name":"wp","href":"https:\/\/api.w.org\/{rel}","templated":true}]}}