{"id":45746,"date":"2020-08-12T10:30:15","date_gmt":"2020-08-12T08:30:15","guid":{"rendered":"https:\/\/anasounds.com\/?post_type=product&#038;p=45746"},"modified":"2026-03-31T08:46:40","modified_gmt":"2026-03-31T06:46:40","slug":"support-de-fer-a-souder-2-en-1","status":"publish","type":"product","link":"https:\/\/anasounds.com\/fr\/produit\/support-de-fer-a-souder-2-en-1\/","title":{"rendered":"support de fer \u00e0 souder 2 en 1 | pour \u00e0 la fois poser et nettoyer son fer"},"content":{"rendered":"<h3 style=\"text-align: center;\">support de fer \u00e0 souder<\/h3>\n<p style=\"text-align: center;\">Hop hop hop pas si vite, rien ne sert de courir il faut souder \u00e0 point (et sur le bon point).<br \/>\nOffre toi un peu plus de confort avec ce support de fer \u00e0 souder !<\/p>\n<p style=\"text-align: center;\">Ce nouveau support remplace notre ancien mod\u00e8le. Il a l&rsquo;avantage d&rsquo;\u00eatre plus stable et \u00e9l\u00e9gant !<br \/>\nCa t&rsquo;\u00e9vitera de te cramer en oubliant o\u00f9 tu avais pos\u00e9 ton fer,<br \/>\nou de te lancer malgr\u00e9 toi dans la pyrogravure de table du salon de madame !<\/p>\n<p style=\"text-align: center;\">Ce support est compatible avec la plupart des <a href=\"http:\/\/bit.ly\/2Xi11cu\" target=\"_blank\" rel=\"noopener noreferrer\">fers \u00e0 souder<\/a>.<\/p>\n<p>&nbsp;<\/p>\n<h3 style=\"text-align: center;\">mais aussi nettoyeur de panne !<\/h3>\n<p style=\"text-align: center;\">Ce support est 2 en 1, car il inclus aussi un bac de paille de laiton pour\u00a0nettoyer la panne de ton fer !<br \/>\nRien de mieux pour une soudure de qualit\u00e9 qu&rsquo;un nettoyeur de panne.<\/p>\n<p style=\"text-align: center;\">Quand on fabrique nos p\u00e9dales on l&rsquo;utilise tous les 3 \u00e0 5 soudures pour avoir un fer impeccable.<br \/>\nA chaud, tu trempes ton fer et tu frottes \u00e0 peine, il ressort tout neuf, propre et brillant !<br \/>\nComme c&rsquo;est conducteur, il n&rsquo;y aucun risque de choc thermique et donc d&rsquo;usure de ta panne.<\/p>\n<p style=\"text-align: center;\">La paille de laiton fournie avec est d&rsquo;excellente qualit\u00e9 et notre fournisseur propose \u00e9galement les <a href=\"http:\/\/bit.ly\/32mffbU\" target=\"_blank\" rel=\"noopener noreferrer\">pailles de remplacement<\/a> !<\/p>\n<p style=\"text-align: center;\">Cet outil est franchement indispensable et il ne faut pas h\u00e9siter un instant !<\/p>\n","protected":false},"excerpt":{"rendered":"<p style=\"text-align: center;\">Un soudeur sachant souder soude avec son support.<\/p>\n","protected":false},"featured_media":46560,"comment_status":"open","ping_status":"closed","template":"","meta":[],"product_brand":[],"product_cat":[522,1047,1048],"product_tag":[541,895,528,545],"class_list":{"0":"post-45746","1":"product","2":"type-product","3":"status-publish","4":"has-post-thumbnail","6":"product_cat-outils-fx-teacher","7":"product_cat-outils-pour-pedales","8":"product_cat-outils-pour-cables-diy","9":"product_tag-fx-maker","10":"product_tag-nettoyeur-de-panne","11":"product_tag-soudure","12":"product_tag-support-fer-a-souder","14":"first","15":"instock","16":"taxable","17":"shipping-taxable","18":"purchasable","19":"product-type-simple"},"supplier_id":84047,"supplier_sku":"","barcode":null,"atum_controlled":true,"out_stock_date":null,"out_stock_threshold":null,"inheritable":false,"inbound_stock":0,"stock_on_hold":0,"sold_today":0,"sales_last_days":0,"reserved_stock":0,"customer_returns":0,"warehouse_damage":0,"lost_in_post":0,"other_logs":0,"out_stock_days":0,"lost_sales":0,"has_location":false,"update_date":"2026-04-05T01:03:02","atum_locations":[],"atum_stock_status":"instock","restock_status":false,"low_stock_amount":"","sales_update_date":"2026-04-05T01:03:02","calc_backorders":0,"yoast_head":"<!-- This site is optimized with the Yoast SEO plugin v26.5 - https:\/\/yoast.com\/wordpress\/plugins\/seo\/ -->\n<title>support de fer \u00e0 souder 2 en 1 avec nettoyeur de panne<\/title>\n<meta name=\"description\" content=\"Support de fer \u00e0 souder 2 en 1 avec nettoyeur de panne. Compatible avec tous les fers que l&#039;on conseille dont notamment le CXR41 de Goot.\" \/>\n<meta name=\"robots\" content=\"index, follow, max-snippet:-1, max-image-preview:large, max-video-preview:-1\" \/>\n<link rel=\"canonical\" href=\"https:\/\/anasounds.com\/fr\/produit\/support-de-fer-a-souder-2-en-1\/\" \/>\n<meta property=\"og:locale\" content=\"fr_FR\" \/>\n<meta property=\"og:type\" content=\"article\" \/>\n<meta property=\"og:title\" content=\"support de fer \u00e0 souder 2 en 1 avec nettoyeur de panne\" \/>\n<meta property=\"og:description\" content=\"Support de fer \u00e0 souder 2 en 1 avec nettoyeur de panne. Compatible avec tous les fers que l&#039;on conseille dont notamment le CXR41 de Goot.\" \/>\n<meta property=\"og:url\" content=\"https:\/\/anasounds.com\/fr\/produit\/support-de-fer-a-souder-2-en-1\/\" \/>\n<meta property=\"og:site_name\" content=\"Anasounds\" \/>\n<meta property=\"article:publisher\" content=\"https:\/\/www.facebook.com\/AnasoundsFX\/\" \/>\n<meta property=\"article:modified_time\" content=\"2026-03-31T06:46:40+00:00\" \/>\n<meta property=\"og:image\" content=\"https:\/\/anasounds.com\/wp-content\/uploads\/2020\/08\/JN9A3413.jpg\" \/>\n\t<meta property=\"og:image:width\" content=\"2048\" \/>\n\t<meta property=\"og:image:height\" content=\"2048\" \/>\n\t<meta property=\"og:image:type\" content=\"image\/jpeg\" \/>\n<meta name=\"twitter:card\" content=\"summary_large_image\" \/>\n<meta name=\"twitter:label1\" content=\"Dur\u00e9e de lecture estim\u00e9e\" \/>\n\t<meta name=\"twitter:data1\" content=\"1 minute\" \/>\n<script type=\"application\/ld+json\" class=\"yoast-schema-graph\">{\"@context\":\"https:\/\/schema.org\",\"@graph\":[{\"@type\":\"WebPage\",\"@id\":\"https:\/\/anasounds.com\/fr\/produit\/support-de-fer-a-souder-2-en-1\/\",\"url\":\"https:\/\/anasounds.com\/fr\/produit\/support-de-fer-a-souder-2-en-1\/\",\"name\":\"support de fer \u00e0 souder 2 en 1 avec nettoyeur de panne\",\"isPartOf\":{\"@id\":\"https:\/\/anasounds.com\/#website\"},\"primaryImageOfPage\":{\"@id\":\"https:\/\/anasounds.com\/fr\/produit\/support-de-fer-a-souder-2-en-1\/#primaryimage\"},\"image\":{\"@id\":\"https:\/\/anasounds.com\/fr\/produit\/support-de-fer-a-souder-2-en-1\/#primaryimage\"},\"thumbnailUrl\":\"https:\/\/anasounds.com\/wp-content\/uploads\/2020\/08\/JN9A3413.jpg\",\"datePublished\":\"2020-08-12T08:30:15+00:00\",\"dateModified\":\"2026-03-31T06:46:40+00:00\",\"description\":\"Support de fer \u00e0 souder 2 en 1 avec nettoyeur de panne. Compatible avec tous les fers que l'on conseille dont notamment le CXR41 de Goot.\",\"breadcrumb\":{\"@id\":\"https:\/\/anasounds.com\/fr\/produit\/support-de-fer-a-souder-2-en-1\/#breadcrumb\"},\"inLanguage\":\"fr-FR\",\"potentialAction\":[{\"@type\":\"ReadAction\",\"target\":[\"https:\/\/anasounds.com\/fr\/produit\/support-de-fer-a-souder-2-en-1\/\"]}]},{\"@type\":\"ImageObject\",\"inLanguage\":\"fr-FR\",\"@id\":\"https:\/\/anasounds.com\/fr\/produit\/support-de-fer-a-souder-2-en-1\/#primaryimage\",\"url\":\"https:\/\/anasounds.com\/wp-content\/uploads\/2020\/08\/JN9A3413.jpg\",\"contentUrl\":\"https:\/\/anasounds.com\/wp-content\/uploads\/2020\/08\/JN9A3413.jpg\",\"width\":2048,\"height\":2048},{\"@type\":\"BreadcrumbList\",\"@id\":\"https:\/\/anasounds.com\/fr\/produit\/support-de-fer-a-souder-2-en-1\/#breadcrumb\",\"itemListElement\":[{\"@type\":\"ListItem\",\"position\":1,\"name\":\"Home\",\"item\":\"https:\/\/anasounds.com\/fr\/\"},{\"@type\":\"ListItem\",\"position\":2,\"name\":\"boutique\",\"item\":\"https:\/\/anasounds.com\/fr\/shop\/\"},{\"@type\":\"ListItem\",\"position\":3,\"name\":\"support de fer \u00e0 souder 2 en 1 | pour \u00e0 la fois poser et nettoyer son fer\"}]},{\"@type\":\"WebSite\",\"@id\":\"https:\/\/anasounds.com\/#website\",\"url\":\"https:\/\/anasounds.com\/\",\"name\":\"Anasounds\",\"description\":\"P\u00e9dales \u00e0 la Fran\u00e7aise\",\"publisher\":{\"@id\":\"https:\/\/anasounds.com\/#organization\"},\"potentialAction\":[{\"@type\":\"SearchAction\",\"target\":{\"@type\":\"EntryPoint\",\"urlTemplate\":\"https:\/\/anasounds.com\/?s={search_term_string}\"},\"query-input\":{\"@type\":\"PropertyValueSpecification\",\"valueRequired\":true,\"valueName\":\"search_term_string\"}}],\"inLanguage\":\"fr-FR\"},{\"@type\":\"Organization\",\"@id\":\"https:\/\/anasounds.com\/#organization\",\"name\":\"Anasounds\",\"url\":\"https:\/\/anasounds.com\/\",\"logo\":{\"@type\":\"ImageObject\",\"inLanguage\":\"fr-FR\",\"@id\":\"https:\/\/anasounds.com\/#\/schema\/logo\/image\/\",\"url\":\"https:\/\/anasounds.com\/wp-content\/uploads\/2017\/10\/Logomadeinfrnoirblc.png\",\"contentUrl\":\"https:\/\/anasounds.com\/wp-content\/uploads\/2017\/10\/Logomadeinfrnoirblc.png\",\"width\":300,\"height\":300,\"caption\":\"Anasounds\"},\"image\":{\"@id\":\"https:\/\/anasounds.com\/#\/schema\/logo\/image\/\"},\"sameAs\":[\"https:\/\/www.facebook.com\/AnasoundsFX\/\",\"https:\/\/www.instagram.com\/anasounds\/\",\"https:\/\/www.youtube.com\/user\/AnaSoundsFR\"]}]}<\/script>\n<!-- \/ Yoast SEO plugin. -->","yoast_head_json":{"title":"support de fer \u00e0 souder 2 en 1 avec nettoyeur de panne","description":"Support de fer \u00e0 souder 2 en 1 avec nettoyeur de panne. Compatible avec tous les fers que l'on conseille dont notamment le CXR41 de Goot.","robots":{"index":"index","follow":"follow","max-snippet":"max-snippet:-1","max-image-preview":"max-image-preview:large","max-video-preview":"max-video-preview:-1"},"canonical":"https:\/\/anasounds.com\/fr\/produit\/support-de-fer-a-souder-2-en-1\/","og_locale":"fr_FR","og_type":"article","og_title":"support de fer \u00e0 souder 2 en 1 avec nettoyeur de panne","og_description":"Support de fer \u00e0 souder 2 en 1 avec nettoyeur de panne. Compatible avec tous les fers que l'on conseille dont notamment le CXR41 de Goot.","og_url":"https:\/\/anasounds.com\/fr\/produit\/support-de-fer-a-souder-2-en-1\/","og_site_name":"Anasounds","article_publisher":"https:\/\/www.facebook.com\/AnasoundsFX\/","article_modified_time":"2026-03-31T06:46:40+00:00","og_image":[{"width":2048,"height":2048,"url":"https:\/\/anasounds.com\/wp-content\/uploads\/2020\/08\/JN9A3413.jpg","type":"image\/jpeg"}],"twitter_card":"summary_large_image","twitter_misc":{"Dur\u00e9e de lecture estim\u00e9e":"1 minute"},"schema":{"@context":"https:\/\/schema.org","@graph":[{"@type":"WebPage","@id":"https:\/\/anasounds.com\/fr\/produit\/support-de-fer-a-souder-2-en-1\/","url":"https:\/\/anasounds.com\/fr\/produit\/support-de-fer-a-souder-2-en-1\/","name":"support de fer \u00e0 souder 2 en 1 avec nettoyeur de panne","isPartOf":{"@id":"https:\/\/anasounds.com\/#website"},"primaryImageOfPage":{"@id":"https:\/\/anasounds.com\/fr\/produit\/support-de-fer-a-souder-2-en-1\/#primaryimage"},"image":{"@id":"https:\/\/anasounds.com\/fr\/produit\/support-de-fer-a-souder-2-en-1\/#primaryimage"},"thumbnailUrl":"https:\/\/anasounds.com\/wp-content\/uploads\/2020\/08\/JN9A3413.jpg","datePublished":"2020-08-12T08:30:15+00:00","dateModified":"2026-03-31T06:46:40+00:00","description":"Support de fer \u00e0 souder 2 en 1 avec nettoyeur de panne. Compatible avec tous les fers que l'on conseille dont notamment le CXR41 de Goot.","breadcrumb":{"@id":"https:\/\/anasounds.com\/fr\/produit\/support-de-fer-a-souder-2-en-1\/#breadcrumb"},"inLanguage":"fr-FR","potentialAction":[{"@type":"ReadAction","target":["https:\/\/anasounds.com\/fr\/produit\/support-de-fer-a-souder-2-en-1\/"]}]},{"@type":"ImageObject","inLanguage":"fr-FR","@id":"https:\/\/anasounds.com\/fr\/produit\/support-de-fer-a-souder-2-en-1\/#primaryimage","url":"https:\/\/anasounds.com\/wp-content\/uploads\/2020\/08\/JN9A3413.jpg","contentUrl":"https:\/\/anasounds.com\/wp-content\/uploads\/2020\/08\/JN9A3413.jpg","width":2048,"height":2048},{"@type":"BreadcrumbList","@id":"https:\/\/anasounds.com\/fr\/produit\/support-de-fer-a-souder-2-en-1\/#breadcrumb","itemListElement":[{"@type":"ListItem","position":1,"name":"Home","item":"https:\/\/anasounds.com\/fr\/"},{"@type":"ListItem","position":2,"name":"boutique","item":"https:\/\/anasounds.com\/fr\/shop\/"},{"@type":"ListItem","position":3,"name":"support de fer \u00e0 souder 2 en 1 | pour \u00e0 la fois poser et nettoyer son fer"}]},{"@type":"WebSite","@id":"https:\/\/anasounds.com\/#website","url":"https:\/\/anasounds.com\/","name":"Anasounds","description":"P\u00e9dales \u00e0 la Fran\u00e7aise","publisher":{"@id":"https:\/\/anasounds.com\/#organization"},"potentialAction":[{"@type":"SearchAction","target":{"@type":"EntryPoint","urlTemplate":"https:\/\/anasounds.com\/?s={search_term_string}"},"query-input":{"@type":"PropertyValueSpecification","valueRequired":true,"valueName":"search_term_string"}}],"inLanguage":"fr-FR"},{"@type":"Organization","@id":"https:\/\/anasounds.com\/#organization","name":"Anasounds","url":"https:\/\/anasounds.com\/","logo":{"@type":"ImageObject","inLanguage":"fr-FR","@id":"https:\/\/anasounds.com\/#\/schema\/logo\/image\/","url":"https:\/\/anasounds.com\/wp-content\/uploads\/2017\/10\/Logomadeinfrnoirblc.png","contentUrl":"https:\/\/anasounds.com\/wp-content\/uploads\/2017\/10\/Logomadeinfrnoirblc.png","width":300,"height":300,"caption":"Anasounds"},"image":{"@id":"https:\/\/anasounds.com\/#\/schema\/logo\/image\/"},"sameAs":["https:\/\/www.facebook.com\/AnasoundsFX\/","https:\/\/www.instagram.com\/anasounds\/","https:\/\/www.youtube.com\/user\/AnaSoundsFR"]}]}},"_links":{"self":[{"href":"https:\/\/anasounds.com\/fr\/wp-json\/wp\/v2\/product\/45746","targetHints":{"allow":["GET"]}}],"collection":[{"href":"https:\/\/anasounds.com\/fr\/wp-json\/wp\/v2\/product"}],"about":[{"href":"https:\/\/anasounds.com\/fr\/wp-json\/wp\/v2\/types\/product"}],"replies":[{"embeddable":true,"href":"https:\/\/anasounds.com\/fr\/wp-json\/wp\/v2\/comments?post=45746"}],"wp:featuredmedia":[{"embeddable":true,"href":"https:\/\/anasounds.com\/fr\/wp-json\/wp\/v2\/media\/46560"}],"wp:attachment":[{"href":"https:\/\/anasounds.com\/fr\/wp-json\/wp\/v2\/media?parent=45746"}],"wp:term":[{"taxonomy":"product_brand","embeddable":true,"href":"https:\/\/anasounds.com\/fr\/wp-json\/wp\/v2\/product_brand?post=45746"},{"taxonomy":"product_cat","embeddable":true,"href":"https:\/\/anasounds.com\/fr\/wp-json\/wp\/v2\/product_cat?post=45746"},{"taxonomy":"product_tag","embeddable":true,"href":"https:\/\/anasounds.com\/fr\/wp-json\/wp\/v2\/product_tag?post=45746"}],"curies":[{"name":"wp","href":"https:\/\/api.w.org\/{rel}","templated":true}]}}