{"id":47444,"date":"2020-08-27T12:28:27","date_gmt":"2020-08-27T10:28:27","guid":{"rendered":"https:\/\/anasounds.com\/?post_type=product&#038;p=47444"},"modified":"2025-12-05T18:27:17","modified_gmt":"2025-12-05T17:27:17","slug":"pince-coupante-solide-pour-couper-les-cables-de-guitare-et-patch-de-pedalboard","status":"publish","type":"product","link":"https:\/\/anasounds.com\/fr\/produit\/pince-coupante-solide-pour-couper-les-cables-de-guitare-et-patch-de-pedalboard\/","title":{"rendered":"Pince coupante solide | pour couper les c\u00e2bles de guitare et patch de pedalboard"},"content":{"rendered":"<h2 style=\"text-align: center;\">pince coupante ultra r\u00e9sistante !<\/h2>\n<p>&nbsp;<\/p>\n<p style=\"text-align: center;\">Tu as d\u00e9cid\u00e9 de te lancer dans le DIY de patchs pour c\u00e2bler proprement pour ton pedalboard ? C&rsquo;est la pince coupante qu&rsquo;il te faut pour<br \/>\ncouper les c\u00e2bles \u00e0 la bonne longueur et te faire un board sur mesure !<\/p>\n<p style=\"text-align: center;\">Cette pince est extr\u00eamement r\u00e9sistante, et peut te servir \u00e0 pleins d&rsquo;autres choses, comme couper tes cordes de guitare par exemple !<\/p>\n<p style=\"text-align: center;\">On utilise cette pince pour faire tous nos c\u00e2bles, jack, patch, mini jack, XLR, RCA&#8230;<br \/>\nSi toi aussi tu veux te lancer dans la fabrication de c\u00e2bles, n&rsquo;h\u00e9sites pas \u00e0 consulter nos articles sur <a href=\"https:\/\/anasounds.com\/fr\/fabriquer-ses-cables-jacks-et-patchs-pour-guitare\/\">comment les fabriquer correctement<\/a>\u00a0!<\/p>\n","protected":false},"excerpt":{"rendered":"<p>&nbsp;<\/p>\n<p style=\"text-align: center;\">Une pince coupante ultra r\u00e9sistante, que tu garderas longtemps avec toi !<\/p>\n","protected":false},"featured_media":47543,"comment_status":"open","ping_status":"closed","template":"","meta":[],"product_brand":[],"product_cat":[522,1048],"product_tag":[576,577,575],"class_list":{"0":"post-47444","1":"product","2":"type-product","3":"status-publish","4":"has-post-thumbnail","6":"product_cat-outils-fx-teacher","7":"product_cat-outils-pour-cables-diy","8":"product_tag-couper","9":"product_tag-fil","10":"product_tag-pince-coupante","12":"first","13":"instock","14":"taxable","15":"shipping-taxable","16":"purchasable","17":"product-type-simple"},"supplier_id":83520,"supplier_sku":"YT-21158","barcode":null,"atum_controlled":true,"out_stock_date":null,"out_stock_threshold":null,"inheritable":false,"inbound_stock":40,"stock_on_hold":0,"sold_today":0,"sales_last_days":0,"reserved_stock":0,"customer_returns":0,"warehouse_damage":0,"lost_in_post":0,"other_logs":0,"out_stock_days":0,"lost_sales":0,"has_location":false,"update_date":"2026-04-25T01:12:52","atum_locations":[],"atum_stock_status":"instock","restock_status":false,"low_stock_amount":"","sales_update_date":"2026-04-25T01:12:52","calc_backorders":0,"yoast_head":"<!-- This site is optimized with the Yoast SEO plugin v26.5 - https:\/\/yoast.com\/wordpress\/plugins\/seo\/ -->\n<title>Pince coupante pour composants \u00e9lectronique | Anasounds<\/title>\n<meta name=\"description\" content=\"Une pince coupante ultra r\u00e9sistante, qui te permettra de couper tes c\u00e2bles de guitare et patchs de pedalboard \u00e0 la bonne longueur et facilement !\" \/>\n<meta name=\"robots\" content=\"index, follow, max-snippet:-1, max-image-preview:large, max-video-preview:-1\" \/>\n<link rel=\"canonical\" href=\"https:\/\/anasounds.com\/fr\/produit\/pince-coupante-solide-pour-couper-les-cables-de-guitare-et-patch-de-pedalboard\/\" \/>\n<meta property=\"og:locale\" content=\"fr_FR\" \/>\n<meta property=\"og:type\" content=\"article\" \/>\n<meta property=\"og:title\" content=\"Pince coupante pour composants \u00e9lectronique | Anasounds\" \/>\n<meta property=\"og:description\" content=\"Une pince coupante ultra r\u00e9sistante, qui te permettra de couper tes c\u00e2bles de guitare et patchs de pedalboard \u00e0 la bonne longueur et facilement !\" \/>\n<meta property=\"og:url\" content=\"https:\/\/anasounds.com\/fr\/produit\/pince-coupante-solide-pour-couper-les-cables-de-guitare-et-patch-de-pedalboard\/\" \/>\n<meta property=\"og:site_name\" content=\"Anasounds\" \/>\n<meta property=\"article:publisher\" content=\"https:\/\/www.facebook.com\/AnasoundsFX\/\" \/>\n<meta property=\"article:modified_time\" content=\"2025-12-05T17:27:17+00:00\" \/>\n<meta property=\"og:image\" content=\"https:\/\/anasounds.com\/wp-content\/uploads\/2020\/08\/JN9A3688-1.jpg\" \/>\n\t<meta property=\"og:image:width\" content=\"2048\" \/>\n\t<meta property=\"og:image:height\" content=\"2048\" \/>\n\t<meta property=\"og:image:type\" content=\"image\/jpeg\" \/>\n<meta name=\"twitter:card\" content=\"summary_large_image\" \/>\n<meta name=\"twitter:label1\" content=\"Dur\u00e9e de lecture estim\u00e9e\" \/>\n\t<meta name=\"twitter:data1\" content=\"1 minute\" \/>\n<script type=\"application\/ld+json\" class=\"yoast-schema-graph\">{\"@context\":\"https:\/\/schema.org\",\"@graph\":[{\"@type\":\"WebPage\",\"@id\":\"https:\/\/anasounds.com\/fr\/produit\/pince-coupante-solide-pour-couper-les-cables-de-guitare-et-patch-de-pedalboard\/\",\"url\":\"https:\/\/anasounds.com\/fr\/produit\/pince-coupante-solide-pour-couper-les-cables-de-guitare-et-patch-de-pedalboard\/\",\"name\":\"Pince coupante pour composants \u00e9lectronique | Anasounds\",\"isPartOf\":{\"@id\":\"https:\/\/anasounds.com\/#website\"},\"primaryImageOfPage\":{\"@id\":\"https:\/\/anasounds.com\/fr\/produit\/pince-coupante-solide-pour-couper-les-cables-de-guitare-et-patch-de-pedalboard\/#primaryimage\"},\"image\":{\"@id\":\"https:\/\/anasounds.com\/fr\/produit\/pince-coupante-solide-pour-couper-les-cables-de-guitare-et-patch-de-pedalboard\/#primaryimage\"},\"thumbnailUrl\":\"https:\/\/anasounds.com\/wp-content\/uploads\/2020\/08\/JN9A3688-1.jpg\",\"datePublished\":\"2020-08-27T10:28:27+00:00\",\"dateModified\":\"2025-12-05T17:27:17+00:00\",\"description\":\"Une pince coupante ultra r\u00e9sistante, qui te permettra de couper tes c\u00e2bles de guitare et patchs de pedalboard \u00e0 la bonne longueur et facilement !\",\"breadcrumb\":{\"@id\":\"https:\/\/anasounds.com\/fr\/produit\/pince-coupante-solide-pour-couper-les-cables-de-guitare-et-patch-de-pedalboard\/#breadcrumb\"},\"inLanguage\":\"fr-FR\",\"potentialAction\":[{\"@type\":\"ReadAction\",\"target\":[\"https:\/\/anasounds.com\/fr\/produit\/pince-coupante-solide-pour-couper-les-cables-de-guitare-et-patch-de-pedalboard\/\"]}]},{\"@type\":\"ImageObject\",\"inLanguage\":\"fr-FR\",\"@id\":\"https:\/\/anasounds.com\/fr\/produit\/pince-coupante-solide-pour-couper-les-cables-de-guitare-et-patch-de-pedalboard\/#primaryimage\",\"url\":\"https:\/\/anasounds.com\/wp-content\/uploads\/2020\/08\/JN9A3688-1.jpg\",\"contentUrl\":\"https:\/\/anasounds.com\/wp-content\/uploads\/2020\/08\/JN9A3688-1.jpg\",\"width\":2048,\"height\":2048},{\"@type\":\"BreadcrumbList\",\"@id\":\"https:\/\/anasounds.com\/fr\/produit\/pince-coupante-solide-pour-couper-les-cables-de-guitare-et-patch-de-pedalboard\/#breadcrumb\",\"itemListElement\":[{\"@type\":\"ListItem\",\"position\":1,\"name\":\"Home\",\"item\":\"https:\/\/anasounds.com\/fr\/\"},{\"@type\":\"ListItem\",\"position\":2,\"name\":\"boutique\",\"item\":\"https:\/\/anasounds.com\/fr\/shop\/\"},{\"@type\":\"ListItem\",\"position\":3,\"name\":\"Pince coupante solide | pour couper les c\u00e2bles de guitare et patch de pedalboard\"}]},{\"@type\":\"WebSite\",\"@id\":\"https:\/\/anasounds.com\/#website\",\"url\":\"https:\/\/anasounds.com\/\",\"name\":\"Anasounds\",\"description\":\"P\u00e9dales \u00e0 la Fran\u00e7aise\",\"publisher\":{\"@id\":\"https:\/\/anasounds.com\/#organization\"},\"potentialAction\":[{\"@type\":\"SearchAction\",\"target\":{\"@type\":\"EntryPoint\",\"urlTemplate\":\"https:\/\/anasounds.com\/?s={search_term_string}\"},\"query-input\":{\"@type\":\"PropertyValueSpecification\",\"valueRequired\":true,\"valueName\":\"search_term_string\"}}],\"inLanguage\":\"fr-FR\"},{\"@type\":\"Organization\",\"@id\":\"https:\/\/anasounds.com\/#organization\",\"name\":\"Anasounds\",\"url\":\"https:\/\/anasounds.com\/\",\"logo\":{\"@type\":\"ImageObject\",\"inLanguage\":\"fr-FR\",\"@id\":\"https:\/\/anasounds.com\/#\/schema\/logo\/image\/\",\"url\":\"https:\/\/anasounds.com\/wp-content\/uploads\/2017\/10\/Logomadeinfrnoirblc.png\",\"contentUrl\":\"https:\/\/anasounds.com\/wp-content\/uploads\/2017\/10\/Logomadeinfrnoirblc.png\",\"width\":300,\"height\":300,\"caption\":\"Anasounds\"},\"image\":{\"@id\":\"https:\/\/anasounds.com\/#\/schema\/logo\/image\/\"},\"sameAs\":[\"https:\/\/www.facebook.com\/AnasoundsFX\/\",\"https:\/\/www.instagram.com\/anasounds\/\",\"https:\/\/www.youtube.com\/user\/AnaSoundsFR\"]}]}<\/script>\n<!-- \/ Yoast SEO plugin. -->","yoast_head_json":{"title":"Pince coupante pour composants \u00e9lectronique | Anasounds","description":"Une pince coupante ultra r\u00e9sistante, qui te permettra de couper tes c\u00e2bles de guitare et patchs de pedalboard \u00e0 la bonne longueur et facilement !","robots":{"index":"index","follow":"follow","max-snippet":"max-snippet:-1","max-image-preview":"max-image-preview:large","max-video-preview":"max-video-preview:-1"},"canonical":"https:\/\/anasounds.com\/fr\/produit\/pince-coupante-solide-pour-couper-les-cables-de-guitare-et-patch-de-pedalboard\/","og_locale":"fr_FR","og_type":"article","og_title":"Pince coupante pour composants \u00e9lectronique | Anasounds","og_description":"Une pince coupante ultra r\u00e9sistante, qui te permettra de couper tes c\u00e2bles de guitare et patchs de pedalboard \u00e0 la bonne longueur et facilement !","og_url":"https:\/\/anasounds.com\/fr\/produit\/pince-coupante-solide-pour-couper-les-cables-de-guitare-et-patch-de-pedalboard\/","og_site_name":"Anasounds","article_publisher":"https:\/\/www.facebook.com\/AnasoundsFX\/","article_modified_time":"2025-12-05T17:27:17+00:00","og_image":[{"width":2048,"height":2048,"url":"https:\/\/anasounds.com\/wp-content\/uploads\/2020\/08\/JN9A3688-1.jpg","type":"image\/jpeg"}],"twitter_card":"summary_large_image","twitter_misc":{"Dur\u00e9e de lecture estim\u00e9e":"1 minute"},"schema":{"@context":"https:\/\/schema.org","@graph":[{"@type":"WebPage","@id":"https:\/\/anasounds.com\/fr\/produit\/pince-coupante-solide-pour-couper-les-cables-de-guitare-et-patch-de-pedalboard\/","url":"https:\/\/anasounds.com\/fr\/produit\/pince-coupante-solide-pour-couper-les-cables-de-guitare-et-patch-de-pedalboard\/","name":"Pince coupante pour composants \u00e9lectronique | Anasounds","isPartOf":{"@id":"https:\/\/anasounds.com\/#website"},"primaryImageOfPage":{"@id":"https:\/\/anasounds.com\/fr\/produit\/pince-coupante-solide-pour-couper-les-cables-de-guitare-et-patch-de-pedalboard\/#primaryimage"},"image":{"@id":"https:\/\/anasounds.com\/fr\/produit\/pince-coupante-solide-pour-couper-les-cables-de-guitare-et-patch-de-pedalboard\/#primaryimage"},"thumbnailUrl":"https:\/\/anasounds.com\/wp-content\/uploads\/2020\/08\/JN9A3688-1.jpg","datePublished":"2020-08-27T10:28:27+00:00","dateModified":"2025-12-05T17:27:17+00:00","description":"Une pince coupante ultra r\u00e9sistante, qui te permettra de couper tes c\u00e2bles de guitare et patchs de pedalboard \u00e0 la bonne longueur et facilement !","breadcrumb":{"@id":"https:\/\/anasounds.com\/fr\/produit\/pince-coupante-solide-pour-couper-les-cables-de-guitare-et-patch-de-pedalboard\/#breadcrumb"},"inLanguage":"fr-FR","potentialAction":[{"@type":"ReadAction","target":["https:\/\/anasounds.com\/fr\/produit\/pince-coupante-solide-pour-couper-les-cables-de-guitare-et-patch-de-pedalboard\/"]}]},{"@type":"ImageObject","inLanguage":"fr-FR","@id":"https:\/\/anasounds.com\/fr\/produit\/pince-coupante-solide-pour-couper-les-cables-de-guitare-et-patch-de-pedalboard\/#primaryimage","url":"https:\/\/anasounds.com\/wp-content\/uploads\/2020\/08\/JN9A3688-1.jpg","contentUrl":"https:\/\/anasounds.com\/wp-content\/uploads\/2020\/08\/JN9A3688-1.jpg","width":2048,"height":2048},{"@type":"BreadcrumbList","@id":"https:\/\/anasounds.com\/fr\/produit\/pince-coupante-solide-pour-couper-les-cables-de-guitare-et-patch-de-pedalboard\/#breadcrumb","itemListElement":[{"@type":"ListItem","position":1,"name":"Home","item":"https:\/\/anasounds.com\/fr\/"},{"@type":"ListItem","position":2,"name":"boutique","item":"https:\/\/anasounds.com\/fr\/shop\/"},{"@type":"ListItem","position":3,"name":"Pince coupante solide | pour couper les c\u00e2bles de guitare et patch de pedalboard"}]},{"@type":"WebSite","@id":"https:\/\/anasounds.com\/#website","url":"https:\/\/anasounds.com\/","name":"Anasounds","description":"P\u00e9dales \u00e0 la Fran\u00e7aise","publisher":{"@id":"https:\/\/anasounds.com\/#organization"},"potentialAction":[{"@type":"SearchAction","target":{"@type":"EntryPoint","urlTemplate":"https:\/\/anasounds.com\/?s={search_term_string}"},"query-input":{"@type":"PropertyValueSpecification","valueRequired":true,"valueName":"search_term_string"}}],"inLanguage":"fr-FR"},{"@type":"Organization","@id":"https:\/\/anasounds.com\/#organization","name":"Anasounds","url":"https:\/\/anasounds.com\/","logo":{"@type":"ImageObject","inLanguage":"fr-FR","@id":"https:\/\/anasounds.com\/#\/schema\/logo\/image\/","url":"https:\/\/anasounds.com\/wp-content\/uploads\/2017\/10\/Logomadeinfrnoirblc.png","contentUrl":"https:\/\/anasounds.com\/wp-content\/uploads\/2017\/10\/Logomadeinfrnoirblc.png","width":300,"height":300,"caption":"Anasounds"},"image":{"@id":"https:\/\/anasounds.com\/#\/schema\/logo\/image\/"},"sameAs":["https:\/\/www.facebook.com\/AnasoundsFX\/","https:\/\/www.instagram.com\/anasounds\/","https:\/\/www.youtube.com\/user\/AnaSoundsFR"]}]}},"_links":{"self":[{"href":"https:\/\/anasounds.com\/fr\/wp-json\/wp\/v2\/product\/47444","targetHints":{"allow":["GET"]}}],"collection":[{"href":"https:\/\/anasounds.com\/fr\/wp-json\/wp\/v2\/product"}],"about":[{"href":"https:\/\/anasounds.com\/fr\/wp-json\/wp\/v2\/types\/product"}],"replies":[{"embeddable":true,"href":"https:\/\/anasounds.com\/fr\/wp-json\/wp\/v2\/comments?post=47444"}],"wp:featuredmedia":[{"embeddable":true,"href":"https:\/\/anasounds.com\/fr\/wp-json\/wp\/v2\/media\/47543"}],"wp:attachment":[{"href":"https:\/\/anasounds.com\/fr\/wp-json\/wp\/v2\/media?parent=47444"}],"wp:term":[{"taxonomy":"product_brand","embeddable":true,"href":"https:\/\/anasounds.com\/fr\/wp-json\/wp\/v2\/product_brand?post=47444"},{"taxonomy":"product_cat","embeddable":true,"href":"https:\/\/anasounds.com\/fr\/wp-json\/wp\/v2\/product_cat?post=47444"},{"taxonomy":"product_tag","embeddable":true,"href":"https:\/\/anasounds.com\/fr\/wp-json\/wp\/v2\/product_tag?post=47444"}],"curies":[{"name":"wp","href":"https:\/\/api.w.org\/{rel}","templated":true}]}}