{"id":47945,"date":"2020-09-09T13:49:47","date_gmt":"2020-09-09T11:49:47","guid":{"rendered":"https:\/\/anasounds.com\/?post_type=product&#038;p=47945"},"modified":"2026-04-08T10:09:23","modified_gmt":"2026-04-08T08:09:23","slug":"outils-pour-cables-diy-pack-complet-tout-pour-faire-nimporte-quel-type-de-cable","status":"publish","type":"product","link":"https:\/\/anasounds.com\/fr\/produit\/outils-pour-cables-diy-pack-complet-tout-pour-faire-nimporte-quel-type-de-cable\/","title":{"rendered":"Outils pour c\u00e2bles DIY, pack complet | Tout pour faire n&rsquo;importe quel type de c\u00e2ble !"},"content":{"rendered":"<h2 style=\"text-align: center;\">je diy avec classe !<\/h2>\n<p style=\"text-align: center;\">Dans ce pack tu as ce qu&rsquo;il faut pour assembler les c\u00e2bles dont tu as besoin pour c\u00e2bler ton pedalboard.<br \/>\nTu peux retrouver nos s\u00e9lections d&rsquo;outils dans cet <a href=\"https:\/\/anasounds.com\/fr\/notre-selection-doutils-pour-fabriquer-des-pedales-deffet\/\" target=\"_blank\" rel=\"noopener noreferrer\">article de blog.<\/a><\/p>\n<p style=\"text-align: center;\">Avec ce pack tu peux faire tous les types de c\u00e2ble, qu&rsquo;on te propose d&rsquo;assembler dans nos articles.<br \/>\nTu peux faire des <a href=\"https:\/\/anasounds.com\/fr\/fabriquer-ses-cables-jacks-et-patchs-pour-guitare\/\">patchs et c\u00e2ble jacks pour guitare<\/a>, mais aussi <a href=\"https:\/\/anasounds.com\/fr\/fabriquer-ses-cables-mini-jack-jack-stereo-xlr-et-rca\/\">jack st\u00e9r\u00e9o, mini jack, XLR et RCA<\/a> !<\/p>\n<p style=\"text-align: center;\">Il contient le n\u00e9cessaire pour souder, donc si tu d\u00e9cides par la suite de te lancer dans des kits DIY, tu auras d\u00e9j\u00e0 une bonne partie des outils !<\/p>\n<h2 style=\"text-align: center;\">contenu du kit : 10 articles !<\/h2>\n<p style=\"text-align: center;\">Un <a href=\"http:\/\/bit.ly\/2Xi11cu\" target=\"_blank\" rel=\"noopener noreferrer\">fer \u00e0 souder<\/a> de la marque Japonaise, Goot. 30W. Enti\u00e8rement d\u00e9montable, r\u00e9visable et garanti par notre fournisseur.<br \/>\nIl marche tr\u00e8s bien pour de la soudure sans plomb et les pannes tiennent dans le temps.<br \/>\nSa limite c&rsquo;est le temps de chauffe qui fait que les soudures sont plus longues \u00e0 r\u00e9aliser qu&rsquo;avec une vraie station professionnelle.<br \/>\nMais on l&rsquo;a choisi car la qualit\u00e9 est au rendez-vous !<br \/>\nC&rsquo;est beaucoup mieux que ces fers qui chauffent \u00e0 burne puis qu&rsquo;on retrouve 5min plus tard avec une panne toute cram\u00e9e.<\/p>\n<p style=\"text-align: center;\">De l&rsquo;<a href=\"https:\/\/anasounds.com\/fr\/produit\/etain-pour-fx-maker-50g-cuivre-esp011\/\" target=\"_blank\" rel=\"noopener noreferrer\">\u00e9tain sans plomb, 50g<\/a>, Sn99.3 Cu0.7 de 1mm de diam\u00e8tre.<br \/>\nTest\u00e9 et approuv\u00e9 pour un bon r\u00e9sultat sans prise de t\u00eate.<\/p>\n<p style=\"text-align: center;\">Un <a href=\"https:\/\/anasounds.com\/fr\/produit\/support-de-fer-a-souder-2-en-1\/\" target=\"_blank\" rel=\"noopener noreferrer\">support de fer \u00e0 souder 2 en 1<\/a>. C&rsquo;est vital si on veut \u00e9viter de se cramer. Et il te permet de nettoyer la panne de ton fer !<\/p>\n<p style=\"text-align: center;\">Une <a href=\"https:\/\/anasounds.com\/fr\/produit\/panne-tournevis-de-rechange-pour-cxr41\/\" target=\"_blank\" rel=\"noopener noreferrer\">panne plate<\/a> pour ton <a href=\"https:\/\/anasounds.com\/fr\/produit\/fer-a-souder-pour-fx-maker-confirme\/\" target=\"_blank\" rel=\"noopener noreferrer\">fer \u00e0 souder CXR41<\/a> car on consid\u00e8re que c&rsquo;est vital !<\/p>\n<p style=\"text-align: center;\">Un <a href=\"https:\/\/anasounds.com\/fr\/produit\/renovateur-de-panne-bs2\/\" target=\"_blank\" rel=\"noopener noreferrer\">r\u00e9novateur de panne<\/a>, car c&rsquo;est carr\u00e9ment essentiel pour faire une soudure parfaite et garder ta panne plus longtemps !<\/p>\n<p style=\"text-align: center;\">Une <a href=\"https:\/\/anasounds.com\/fr\/produit\/pince-a-denuder-multifonction-parfaite-pour-faire-ses-propres-cables-jack-et-patch\/\" target=\"_blank\" rel=\"noopener noreferrer\">pince \u00e0 d\u00e9nuder multifonctions<\/a>, pour pr\u00e9parer tranquillement ses fils et c\u00e2bles pour jacks avec un outil incassable !<\/p>\n<p style=\"text-align: center;\">Une <a href=\"https:\/\/anasounds.com\/fr\/produit\/3eme-main\/\" target=\"_blank\" rel=\"noopener noreferrer\">3\u00e8me main avec loupe<\/a>, \u00e7a aide \u00e0 c\u00e2bler, \u00e0 voir ce qu&rsquo;on fait quand les yeux fatiguent&#8230; Vraiment sympa !<\/p>\n<p style=\"text-align: center;\">Une <a href=\"https:\/\/anasounds.com\/fr\/produit\/pince-coupante-solide-pour-couper-les-cables-de-guitare-et-patch-de-pedalboard\/\">pince coupante solide<\/a>, pour couper le gros c\u00e2ble de tes patchs DIY, ou tes cordes de guitare !<\/p>\n<p style=\"text-align: center;\">Un <a href=\"https:\/\/anasounds.com\/fr\/produit\/tournevis-cruciforme-ph2\/\">tournevis PH2<\/a>, pour les connecteurs jack pancake, et pleins d&rsquo;autres choses.<\/p>\n<p style=\"text-align: center;\">Un <a href=\"https:\/\/anasounds.com\/fr\/produit\/scalpel-pour-enlever-la-gaine-de-tes-cables-de-guitare-et-pedalboard\/\">scalpel<\/a>, utile aussi pour les c\u00e2bles DIY !<\/p>\n<p style=\"text-align: center;\">Un autre \u00e9l\u00e9ment qui <strong>n&rsquo;est pas<\/strong> disponible sur notre site et donc pas inclus dans ce pack, mais qui sera utile, le<a href=\"https:\/\/amzn.to\/3aN3FLq\"> testeur de c\u00e2ble<\/a> !<br \/>\nIl permet d&rsquo;\u00eatre s\u00fbr que le c\u00e2ble conduit bien le signal comme il faut, et surtout qu&rsquo;il n&rsquo;y a pas de microcoupures, chose que tu ne verras pas avec un multim\u00e8tre !<\/p>\n<h2 style=\"text-align: center;\">origine des produits<\/h2>\n<p style=\"text-align: center;\">Les outils sont forc\u00e9ment fabriqu\u00e9s dans une usine asiatique mais l\u00e0 o\u00f9 on a fait fort,<br \/>\nc&rsquo;est que l&rsquo;importateur est en France et il assurera pour nous le SAV, ce qui montre leur engagement concernant la qualit\u00e9 de ce mat\u00e9riel.<\/p>\n<p style=\"text-align: center;\">Nous avons choisi ce kit car il contient le fer Goot <a href=\"http:\/\/bit.ly\/2Xi11cu\" target=\"_blank\" rel=\"noopener noreferrer\">CXR41<\/a> de 30W que nous avons test\u00e9 et compar\u00e9 avec pr\u00e8s d&rsquo;une douzaine de fers diff\u00e9rents.<br \/>\nIl est \u00e9galement accompagn\u00e9 d&rsquo;accessoires de qualit\u00e9 permettant de r\u00e9aliser tous nos kits sans soucis !<\/p>\n","protected":false},"excerpt":{"rendered":"<p style=\"text-align: left;\">Avec ce kit tu peux r\u00e9aliser tous les c\u00e2bles et patchs dont tu as besoin, avec du matos de qualit\u00e9 !<br \/>\nIl est adapt\u00e9 pour une utilisation r\u00e9guli\u00e8re, pour c\u00e2bler tout ton pedalboard et bien plus !<br \/>\nC&rsquo;est le matos qu&rsquo;on utilise dans nos locaux !<\/p>\n","protected":false},"featured_media":47365,"comment_status":"open","ping_status":"closed","template":"","meta":[],"product_brand":[],"product_cat":[522,1048,1049],"product_tag":[533,523,173,532,535,531,182,527,534,528],"class_list":{"0":"post-47945","1":"product","2":"type-product","3":"status-publish","4":"has-post-thumbnail","6":"product_cat-outils-fx-teacher","7":"product_cat-outils-pour-cables-diy","8":"product_cat-packs-doutils","9":"product_tag-etain","10":"product_tag-fer-a-souder","11":"product_tag-jack","12":"product_tag-kit-demarrage","13":"product_tag-mallette","14":"product_tag-outils","15":"product_tag-patch","16":"product_tag-pince","17":"product_tag-pompe","18":"product_tag-soudure","20":"first","21":"onbackorder","22":"taxable","23":"shipping-taxable","24":"purchasable","25":"product-type-simple"},"supplier_id":83515,"supplier_sku":"","barcode":null,"atum_controlled":true,"out_stock_date":"2026-04-08 10:09:23","out_stock_threshold":null,"inheritable":false,"inbound_stock":0,"stock_on_hold":0,"sold_today":0,"sales_last_days":0,"reserved_stock":0,"customer_returns":0,"warehouse_damage":0,"lost_in_post":0,"other_logs":0,"out_stock_days":9,"lost_sales":0,"has_location":false,"update_date":"2026-04-18T01:09:14","atum_locations":[],"atum_stock_status":"onbackorder","restock_status":false,"low_stock_amount":"","sales_update_date":"2026-04-18T01:09:14","calc_backorders":0,"yoast_head":"<!-- This site is optimized with the Yoast SEO plugin v26.5 - https:\/\/yoast.com\/wordpress\/plugins\/seo\/ -->\n<title>Outils pour c\u00e2bles et patchs DIY, pack complet | Anasounds<\/title>\n<meta name=\"description\" content=\"Un pack contenant fer \u00e0 souder, pince \u00e0 d\u00e9nuder, \u00e9tain, etc... Tous les outils pour r\u00e9aliser tes propres c\u00e2bles et patchs de pedalboard, et bien plus...!\" \/>\n<meta name=\"robots\" content=\"index, follow, max-snippet:-1, max-image-preview:large, max-video-preview:-1\" \/>\n<link rel=\"canonical\" href=\"https:\/\/anasounds.com\/fr\/produit\/outils-pour-cables-diy-pack-complet-tout-pour-faire-nimporte-quel-type-de-cable\/\" \/>\n<meta property=\"og:locale\" content=\"fr_FR\" \/>\n<meta property=\"og:type\" content=\"article\" \/>\n<meta property=\"og:title\" content=\"Outils pour c\u00e2bles et patchs DIY, pack complet | Anasounds\" \/>\n<meta property=\"og:description\" content=\"Un pack contenant fer \u00e0 souder, pince \u00e0 d\u00e9nuder, \u00e9tain, etc... Tous les outils pour r\u00e9aliser tes propres c\u00e2bles et patchs de pedalboard, et bien plus...!\" \/>\n<meta property=\"og:url\" content=\"https:\/\/anasounds.com\/fr\/produit\/outils-pour-cables-diy-pack-complet-tout-pour-faire-nimporte-quel-type-de-cable\/\" \/>\n<meta property=\"og:site_name\" content=\"Anasounds\" \/>\n<meta property=\"article:publisher\" content=\"https:\/\/www.facebook.com\/AnasoundsFX\/\" \/>\n<meta property=\"article:modified_time\" content=\"2026-04-08T08:09:23+00:00\" \/>\n<meta property=\"og:image\" content=\"https:\/\/anasounds.com\/wp-content\/uploads\/2020\/08\/JN9A3672.jpg\" \/>\n\t<meta property=\"og:image:width\" content=\"2048\" \/>\n\t<meta property=\"og:image:height\" content=\"1365\" \/>\n\t<meta property=\"og:image:type\" content=\"image\/jpeg\" \/>\n<meta name=\"twitter:card\" content=\"summary_large_image\" \/>\n<meta name=\"twitter:label1\" content=\"Dur\u00e9e de lecture estim\u00e9e\" \/>\n\t<meta name=\"twitter:data1\" content=\"3 minutes\" \/>\n<script type=\"application\/ld+json\" class=\"yoast-schema-graph\">{\"@context\":\"https:\/\/schema.org\",\"@graph\":[{\"@type\":\"WebPage\",\"@id\":\"https:\/\/anasounds.com\/fr\/produit\/outils-pour-cables-diy-pack-complet-tout-pour-faire-nimporte-quel-type-de-cable\/\",\"url\":\"https:\/\/anasounds.com\/fr\/produit\/outils-pour-cables-diy-pack-complet-tout-pour-faire-nimporte-quel-type-de-cable\/\",\"name\":\"Outils pour c\u00e2bles et patchs DIY, pack complet | Anasounds\",\"isPartOf\":{\"@id\":\"https:\/\/anasounds.com\/#website\"},\"primaryImageOfPage\":{\"@id\":\"https:\/\/anasounds.com\/fr\/produit\/outils-pour-cables-diy-pack-complet-tout-pour-faire-nimporte-quel-type-de-cable\/#primaryimage\"},\"image\":{\"@id\":\"https:\/\/anasounds.com\/fr\/produit\/outils-pour-cables-diy-pack-complet-tout-pour-faire-nimporte-quel-type-de-cable\/#primaryimage\"},\"thumbnailUrl\":\"https:\/\/anasounds.com\/wp-content\/uploads\/2020\/08\/JN9A3672.jpg\",\"datePublished\":\"2020-09-09T11:49:47+00:00\",\"dateModified\":\"2026-04-08T08:09:23+00:00\",\"description\":\"Un pack contenant fer \u00e0 souder, pince \u00e0 d\u00e9nuder, \u00e9tain, etc... Tous les outils pour r\u00e9aliser tes propres c\u00e2bles et patchs de pedalboard, et bien plus...!\",\"breadcrumb\":{\"@id\":\"https:\/\/anasounds.com\/fr\/produit\/outils-pour-cables-diy-pack-complet-tout-pour-faire-nimporte-quel-type-de-cable\/#breadcrumb\"},\"inLanguage\":\"fr-FR\",\"potentialAction\":[{\"@type\":\"ReadAction\",\"target\":[\"https:\/\/anasounds.com\/fr\/produit\/outils-pour-cables-diy-pack-complet-tout-pour-faire-nimporte-quel-type-de-cable\/\"]}]},{\"@type\":\"ImageObject\",\"inLanguage\":\"fr-FR\",\"@id\":\"https:\/\/anasounds.com\/fr\/produit\/outils-pour-cables-diy-pack-complet-tout-pour-faire-nimporte-quel-type-de-cable\/#primaryimage\",\"url\":\"https:\/\/anasounds.com\/wp-content\/uploads\/2020\/08\/JN9A3672.jpg\",\"contentUrl\":\"https:\/\/anasounds.com\/wp-content\/uploads\/2020\/08\/JN9A3672.jpg\",\"width\":2048,\"height\":1365},{\"@type\":\"BreadcrumbList\",\"@id\":\"https:\/\/anasounds.com\/fr\/produit\/outils-pour-cables-diy-pack-complet-tout-pour-faire-nimporte-quel-type-de-cable\/#breadcrumb\",\"itemListElement\":[{\"@type\":\"ListItem\",\"position\":1,\"name\":\"Home\",\"item\":\"https:\/\/anasounds.com\/fr\/\"},{\"@type\":\"ListItem\",\"position\":2,\"name\":\"boutique\",\"item\":\"https:\/\/anasounds.com\/fr\/shop\/\"},{\"@type\":\"ListItem\",\"position\":3,\"name\":\"Outils pour c\u00e2bles DIY, pack complet | Tout pour faire n&#8217;importe quel type de c\u00e2ble !\"}]},{\"@type\":\"WebSite\",\"@id\":\"https:\/\/anasounds.com\/#website\",\"url\":\"https:\/\/anasounds.com\/\",\"name\":\"Anasounds\",\"description\":\"P\u00e9dales \u00e0 la Fran\u00e7aise\",\"publisher\":{\"@id\":\"https:\/\/anasounds.com\/#organization\"},\"potentialAction\":[{\"@type\":\"SearchAction\",\"target\":{\"@type\":\"EntryPoint\",\"urlTemplate\":\"https:\/\/anasounds.com\/?s={search_term_string}\"},\"query-input\":{\"@type\":\"PropertyValueSpecification\",\"valueRequired\":true,\"valueName\":\"search_term_string\"}}],\"inLanguage\":\"fr-FR\"},{\"@type\":\"Organization\",\"@id\":\"https:\/\/anasounds.com\/#organization\",\"name\":\"Anasounds\",\"url\":\"https:\/\/anasounds.com\/\",\"logo\":{\"@type\":\"ImageObject\",\"inLanguage\":\"fr-FR\",\"@id\":\"https:\/\/anasounds.com\/#\/schema\/logo\/image\/\",\"url\":\"https:\/\/anasounds.com\/wp-content\/uploads\/2017\/10\/Logomadeinfrnoirblc.png\",\"contentUrl\":\"https:\/\/anasounds.com\/wp-content\/uploads\/2017\/10\/Logomadeinfrnoirblc.png\",\"width\":300,\"height\":300,\"caption\":\"Anasounds\"},\"image\":{\"@id\":\"https:\/\/anasounds.com\/#\/schema\/logo\/image\/\"},\"sameAs\":[\"https:\/\/www.facebook.com\/AnasoundsFX\/\",\"https:\/\/www.instagram.com\/anasounds\/\",\"https:\/\/www.youtube.com\/user\/AnaSoundsFR\"]}]}<\/script>\n<!-- \/ Yoast SEO plugin. -->","yoast_head_json":{"title":"Outils pour c\u00e2bles et patchs DIY, pack complet | Anasounds","description":"Un pack contenant fer \u00e0 souder, pince \u00e0 d\u00e9nuder, \u00e9tain, etc... Tous les outils pour r\u00e9aliser tes propres c\u00e2bles et patchs de pedalboard, et bien plus...!","robots":{"index":"index","follow":"follow","max-snippet":"max-snippet:-1","max-image-preview":"max-image-preview:large","max-video-preview":"max-video-preview:-1"},"canonical":"https:\/\/anasounds.com\/fr\/produit\/outils-pour-cables-diy-pack-complet-tout-pour-faire-nimporte-quel-type-de-cable\/","og_locale":"fr_FR","og_type":"article","og_title":"Outils pour c\u00e2bles et patchs DIY, pack complet | Anasounds","og_description":"Un pack contenant fer \u00e0 souder, pince \u00e0 d\u00e9nuder, \u00e9tain, etc... Tous les outils pour r\u00e9aliser tes propres c\u00e2bles et patchs de pedalboard, et bien plus...!","og_url":"https:\/\/anasounds.com\/fr\/produit\/outils-pour-cables-diy-pack-complet-tout-pour-faire-nimporte-quel-type-de-cable\/","og_site_name":"Anasounds","article_publisher":"https:\/\/www.facebook.com\/AnasoundsFX\/","article_modified_time":"2026-04-08T08:09:23+00:00","og_image":[{"width":2048,"height":1365,"url":"https:\/\/anasounds.com\/wp-content\/uploads\/2020\/08\/JN9A3672.jpg","type":"image\/jpeg"}],"twitter_card":"summary_large_image","twitter_misc":{"Dur\u00e9e de lecture estim\u00e9e":"3 minutes"},"schema":{"@context":"https:\/\/schema.org","@graph":[{"@type":"WebPage","@id":"https:\/\/anasounds.com\/fr\/produit\/outils-pour-cables-diy-pack-complet-tout-pour-faire-nimporte-quel-type-de-cable\/","url":"https:\/\/anasounds.com\/fr\/produit\/outils-pour-cables-diy-pack-complet-tout-pour-faire-nimporte-quel-type-de-cable\/","name":"Outils pour c\u00e2bles et patchs DIY, pack complet | Anasounds","isPartOf":{"@id":"https:\/\/anasounds.com\/#website"},"primaryImageOfPage":{"@id":"https:\/\/anasounds.com\/fr\/produit\/outils-pour-cables-diy-pack-complet-tout-pour-faire-nimporte-quel-type-de-cable\/#primaryimage"},"image":{"@id":"https:\/\/anasounds.com\/fr\/produit\/outils-pour-cables-diy-pack-complet-tout-pour-faire-nimporte-quel-type-de-cable\/#primaryimage"},"thumbnailUrl":"https:\/\/anasounds.com\/wp-content\/uploads\/2020\/08\/JN9A3672.jpg","datePublished":"2020-09-09T11:49:47+00:00","dateModified":"2026-04-08T08:09:23+00:00","description":"Un pack contenant fer \u00e0 souder, pince \u00e0 d\u00e9nuder, \u00e9tain, etc... Tous les outils pour r\u00e9aliser tes propres c\u00e2bles et patchs de pedalboard, et bien plus...!","breadcrumb":{"@id":"https:\/\/anasounds.com\/fr\/produit\/outils-pour-cables-diy-pack-complet-tout-pour-faire-nimporte-quel-type-de-cable\/#breadcrumb"},"inLanguage":"fr-FR","potentialAction":[{"@type":"ReadAction","target":["https:\/\/anasounds.com\/fr\/produit\/outils-pour-cables-diy-pack-complet-tout-pour-faire-nimporte-quel-type-de-cable\/"]}]},{"@type":"ImageObject","inLanguage":"fr-FR","@id":"https:\/\/anasounds.com\/fr\/produit\/outils-pour-cables-diy-pack-complet-tout-pour-faire-nimporte-quel-type-de-cable\/#primaryimage","url":"https:\/\/anasounds.com\/wp-content\/uploads\/2020\/08\/JN9A3672.jpg","contentUrl":"https:\/\/anasounds.com\/wp-content\/uploads\/2020\/08\/JN9A3672.jpg","width":2048,"height":1365},{"@type":"BreadcrumbList","@id":"https:\/\/anasounds.com\/fr\/produit\/outils-pour-cables-diy-pack-complet-tout-pour-faire-nimporte-quel-type-de-cable\/#breadcrumb","itemListElement":[{"@type":"ListItem","position":1,"name":"Home","item":"https:\/\/anasounds.com\/fr\/"},{"@type":"ListItem","position":2,"name":"boutique","item":"https:\/\/anasounds.com\/fr\/shop\/"},{"@type":"ListItem","position":3,"name":"Outils pour c\u00e2bles DIY, pack complet | Tout pour faire n&#8217;importe quel type de c\u00e2ble !"}]},{"@type":"WebSite","@id":"https:\/\/anasounds.com\/#website","url":"https:\/\/anasounds.com\/","name":"Anasounds","description":"P\u00e9dales \u00e0 la Fran\u00e7aise","publisher":{"@id":"https:\/\/anasounds.com\/#organization"},"potentialAction":[{"@type":"SearchAction","target":{"@type":"EntryPoint","urlTemplate":"https:\/\/anasounds.com\/?s={search_term_string}"},"query-input":{"@type":"PropertyValueSpecification","valueRequired":true,"valueName":"search_term_string"}}],"inLanguage":"fr-FR"},{"@type":"Organization","@id":"https:\/\/anasounds.com\/#organization","name":"Anasounds","url":"https:\/\/anasounds.com\/","logo":{"@type":"ImageObject","inLanguage":"fr-FR","@id":"https:\/\/anasounds.com\/#\/schema\/logo\/image\/","url":"https:\/\/anasounds.com\/wp-content\/uploads\/2017\/10\/Logomadeinfrnoirblc.png","contentUrl":"https:\/\/anasounds.com\/wp-content\/uploads\/2017\/10\/Logomadeinfrnoirblc.png","width":300,"height":300,"caption":"Anasounds"},"image":{"@id":"https:\/\/anasounds.com\/#\/schema\/logo\/image\/"},"sameAs":["https:\/\/www.facebook.com\/AnasoundsFX\/","https:\/\/www.instagram.com\/anasounds\/","https:\/\/www.youtube.com\/user\/AnaSoundsFR"]}]}},"_links":{"self":[{"href":"https:\/\/anasounds.com\/fr\/wp-json\/wp\/v2\/product\/47945","targetHints":{"allow":["GET"]}}],"collection":[{"href":"https:\/\/anasounds.com\/fr\/wp-json\/wp\/v2\/product"}],"about":[{"href":"https:\/\/anasounds.com\/fr\/wp-json\/wp\/v2\/types\/product"}],"replies":[{"embeddable":true,"href":"https:\/\/anasounds.com\/fr\/wp-json\/wp\/v2\/comments?post=47945"}],"wp:featuredmedia":[{"embeddable":true,"href":"https:\/\/anasounds.com\/fr\/wp-json\/wp\/v2\/media\/47365"}],"wp:attachment":[{"href":"https:\/\/anasounds.com\/fr\/wp-json\/wp\/v2\/media?parent=47945"}],"wp:term":[{"taxonomy":"product_brand","embeddable":true,"href":"https:\/\/anasounds.com\/fr\/wp-json\/wp\/v2\/product_brand?post=47945"},{"taxonomy":"product_cat","embeddable":true,"href":"https:\/\/anasounds.com\/fr\/wp-json\/wp\/v2\/product_cat?post=47945"},{"taxonomy":"product_tag","embeddable":true,"href":"https:\/\/anasounds.com\/fr\/wp-json\/wp\/v2\/product_tag?post=47945"}],"curies":[{"name":"wp","href":"https:\/\/api.w.org\/{rel}","templated":true}]}}