{"id":48434,"date":"2020-09-14T16:31:30","date_gmt":"2020-09-14T14:31:30","guid":{"rendered":"https:\/\/anasounds.com\/?post_type=product&#038;p=48434"},"modified":"2025-12-21T19:24:45","modified_gmt":"2025-12-21T18:24:45","slug":"fx-power-source-kit-4-sorties-12v-supplementaires","status":"publish","type":"product","link":"https:\/\/anasounds.com\/fr\/produit\/fx-power-source-kit-4-sorties-12v-supplementaires\/","title":{"rendered":"fx power source &#8211; kit 4 sorties 12v suppl\u00e9mentaires"},"content":{"rendered":"<h3 style=\"text-align: center;\">les bundles fx power source ne te suffisent pas ?<\/h3>\n<p>&nbsp;<\/p>\n<p style=\"text-align: center;\">Tu as un de nos <a href=\"\/?product_cat=bundle\">bundle FX Power Source<\/a>, mais tu as besoin de rajouter des sorties 12V parce que tu as rachet\u00e9 des p\u00e9dales ?<br \/>\nCe kit va te permettre de rajouter 4 sorties 12V \u00e0 ton alimentation !<br \/>\nCe n&rsquo;est pas la tension la plus courante dans les p\u00e9dales d&rsquo;effets, mais on sait jamais ! V\u00e9rifie bien quand m\u00eame la tension d&rsquo;alimentation de chacune de tes p\u00e9dales.<\/p>\n<p style=\"text-align: center;\">Si jamais tu as besoin d&rsquo;autres combinaisons de tensions, tu peux aller voir les autres kits suppl\u00e9mentaires. Il y a des mix de 9, 12 et 18V disponibles !<\/p>\n<p>&nbsp;<\/p>\n<h3 style=\"text-align: center;\">une alimentation ultra modulaire et performante !<\/h3>\n<p>&nbsp;<\/p>\n<p style=\"text-align: center;\">Le gros avantage de l&rsquo;alimentation FX Teacher, c&rsquo;est qu&rsquo;elle est constitu\u00e9e de cartes que tu peux connecter et enlever autant de fois que tu veux. Donc si tu agrandis ton board,<br \/>\npas besoin de changer ton bloc d&rsquo;alim, tu as juste \u00e0 rajouter une carte pour tes nouvelles p\u00e9dales !<br \/>\nTu peux en mettre jusqu&rsquo;\u00e0 30, soit 60 p\u00e9dales, tu as donc de la marge avant d&rsquo;\u00eatre limit\u00e9 !<\/p>\n<p style=\"text-align: center;\">En plus, c&rsquo;est un kit ludique qui te permettra de comprendre le fonctionnement d&rsquo;une alimentation.<br \/>\nOn a \u00e9crit des <a href=\"https:\/\/anasounds.com\/fr\/assembler-son-alimentation-fx-power-source\/\">articles<\/a> pour t&rsquo;aider \u00e0 l&rsquo;assembler en t&rsquo;expliquant en m\u00eame temps le r\u00f4le de chaque composant que tu soudes.<br \/>\nComme \u00e7a tu sais exactement ce que tu es en train d&rsquo;assembler !<\/p>\n<p style=\"text-align: center;\">Et si tu n&rsquo;es pas encore \u00e9quip\u00e9 pour assembler des kits, on te propose tout un tas <a href=\"https:\/\/anasounds.com\/fr\/categorie-produit\/fx-teacher\/\/outils-fx-teacher\">d&rsquo;outils<\/a> et de <a href=\"https:\/\/anasounds.com\/fr\/produit\/outils-pour-pedale-deffet\/\">packs complets<\/a> de qualit\u00e9, qu&rsquo;on utilise dans nos locaux pour fabriquer nos p\u00e9dales !<br \/>\nOu tu peux participer \u00e0 nos <a href=\"https:\/\/anasounds.com\/fr\/categorie-produit\/fx-teacher\/\/masterclass\">masterclass<\/a> si tu pr\u00e9f\u00e8res \u00eatre encadr\u00e9 et qu&rsquo;on te pr\u00eate les bons outils !<\/p>\n<p>&nbsp;<\/p>\n<h3 style=\"text-align: center;\">ce qu&rsquo;on peut faire avec un kit 12v suppl\u00e9mentaire<\/h3>\n<p>&nbsp;<\/p>\n<p style=\"text-align: center;\">Avec ce kit, tu vas pouvoir rajouter 4 sorties 12V \u00e0 ton alimentation FX Power Source. Chaque carte est limit\u00e9e \u00e0 200mA et dispose de 2 sorties.<br \/>\nCe qui veut dire que tu peux brancher 2 p\u00e9dales de 100mA, ou une p\u00e9dale qui consomme plus avec une autre peu gourmande.<br \/>\nCa parait peu, mais il faut savoir que la plupart des p\u00e9dales consomment moins de 60mA !<\/p>\n<p style=\"text-align: center;\">Si jamais tu as une p\u00e9dale qui consomme plus, tu peux mettre un c\u00e2ble en Y entre 2 cartes pour aller jusqu&rsquo;\u00e0 400mA.<br \/>\nEt si \u00e7a ne suffit toujours pas, il y a notre alimentation <a href=\"https:\/\/anasounds.com\/fr\/categorie-produit\/pedales-anasounds\/\/par-effet\/alimentation-k\/bundle-fr\">Anasounds K+ Power Source<\/a>. Avec une technologie permettant de sortir jusqu&rsquo;\u00e0 1A par sortie !<br \/>\nAvec \u00e7a tu peux alimenter les plus gourmands des pr\u00e9amps \u00e0 lampes !<\/p>\n<p style=\"text-align: center;\">Dans les bundles, il y a 2 <a href=\"https:\/\/anasounds.com\/fr\/produit\/kit-equerres-de-fixation-pour-pedalboard-anasounds-k-et-fx-power-source\/\">\u00e9querres<\/a>, qui te permettent de la fixer solidement \u00e0 ton pedalboard.<br \/>\nOn les a pens\u00e9 pour qu&rsquo;elles soient compatibles avec la plupart des pedalboards du march\u00e9 (<a href=\"\/?product_cat=pedalboards-fr\/pedaltrain\">Pedaltrain<\/a>, <a href=\"\/?product_cat=pedalboards-fr\/aclam\">Aclam<\/a>, <a href=\"https:\/\/www.templeaudio.com\/\">Temple Audio<\/a>, etc\u2026).<\/p>\n<p>&nbsp;<\/p>\n<h3 style=\"text-align: center;\">qu&rsquo;est ce qui est inclus ?<\/h3>\n<p>&nbsp;<\/p>\n<p style=\"text-align: center;\">2 sachets SUPPLY, et 2 sachets 12V. De quoi assembler 2 cartes pour rajouter 4 sorties 12V \u00e0 ton alimentation FX Power Source !<\/p>\n","protected":false},"excerpt":{"rendered":"<p>Pour rajouter 4 sorties 12V \u00e0 notre alimentation FX Power Source, jusqu&rsquo;\u00e0 200mA par sortie.<\/p>\n","protected":false},"featured_media":48553,"comment_status":"open","ping_status":"closed","template":"","meta":[],"product_brand":[],"product_cat":[661],"product_tag":[955,515,178,949],"class_list":{"0":"post-48434","1":"product","2":"type-product","3":"status-publish","4":"has-post-thumbnail","6":"product_cat-nouveau","7":"product_tag-12v","8":"product_tag-alimentation","9":"product_tag-diy","10":"product_tag-kit","12":"first","13":"outofstock","14":"taxable","15":"shipping-taxable","16":"purchasable","17":"product-type-simple"},"supplier_id":83515,"supplier_sku":"","barcode":null,"atum_controlled":true,"out_stock_date":"2025-12-21 19:24:45","out_stock_threshold":null,"inheritable":false,"inbound_stock":0,"stock_on_hold":0,"sold_today":0,"sales_last_days":0,"reserved_stock":0,"customer_returns":0,"warehouse_damage":0,"lost_in_post":0,"other_logs":0,"out_stock_days":104,"lost_sales":0,"has_location":false,"update_date":"2026-04-05T01:01:36","atum_locations":[],"atum_stock_status":"outofstock","restock_status":false,"low_stock_amount":"","sales_update_date":"2026-04-05T01:01:35","calc_backorders":null,"yoast_head":"<!-- This site is optimized with the Yoast SEO plugin v26.5 - https:\/\/yoast.com\/wordpress\/plugins\/seo\/ -->\n<title>fx power source - kit 4 sorties 12v suppl\u00e9mentaires | Anasounds<\/title>\n<meta name=\"description\" content=\"Avec ce kit 12V, tu as de quoi rajouter 4 sorties 12V \u00e0 ton alimentation FX Power Source, si jamais les bundles qu&#039;on propose ne te suffisent pas !\" \/>\n<meta name=\"robots\" content=\"index, follow, max-snippet:-1, max-image-preview:large, max-video-preview:-1\" \/>\n<link rel=\"canonical\" href=\"https:\/\/anasounds.com\/fr\/produit\/fx-power-source-kit-4-sorties-12v-supplementaires\/\" \/>\n<meta property=\"og:locale\" content=\"fr_FR\" \/>\n<meta property=\"og:type\" content=\"article\" \/>\n<meta property=\"og:title\" content=\"fx power source - kit 4 sorties 12v suppl\u00e9mentaires | Anasounds\" \/>\n<meta property=\"og:description\" content=\"Avec ce kit 12V, tu as de quoi rajouter 4 sorties 12V \u00e0 ton alimentation FX Power Source, si jamais les bundles qu&#039;on propose ne te suffisent pas !\" \/>\n<meta property=\"og:url\" content=\"https:\/\/anasounds.com\/fr\/produit\/fx-power-source-kit-4-sorties-12v-supplementaires\/\" \/>\n<meta property=\"og:site_name\" content=\"Anasounds\" \/>\n<meta property=\"article:publisher\" content=\"https:\/\/www.facebook.com\/AnasoundsFX\/\" \/>\n<meta property=\"article:modified_time\" content=\"2025-12-21T18:24:45+00:00\" \/>\n<meta property=\"og:image\" content=\"https:\/\/anasounds.com\/wp-content\/uploads\/2020\/09\/JN9A3876.jpg\" \/>\n\t<meta property=\"og:image:width\" content=\"2048\" \/>\n\t<meta property=\"og:image:height\" content=\"2048\" \/>\n\t<meta property=\"og:image:type\" content=\"image\/jpeg\" \/>\n<meta name=\"twitter:card\" content=\"summary_large_image\" \/>\n<meta name=\"twitter:label1\" content=\"Dur\u00e9e de lecture estim\u00e9e\" \/>\n\t<meta name=\"twitter:data1\" content=\"3 minutes\" \/>\n<script type=\"application\/ld+json\" class=\"yoast-schema-graph\">{\"@context\":\"https:\/\/schema.org\",\"@graph\":[{\"@type\":\"WebPage\",\"@id\":\"https:\/\/anasounds.com\/fr\/produit\/fx-power-source-kit-4-sorties-12v-supplementaires\/\",\"url\":\"https:\/\/anasounds.com\/fr\/produit\/fx-power-source-kit-4-sorties-12v-supplementaires\/\",\"name\":\"fx power source - kit 4 sorties 12v suppl\u00e9mentaires | Anasounds\",\"isPartOf\":{\"@id\":\"https:\/\/anasounds.com\/#website\"},\"primaryImageOfPage\":{\"@id\":\"https:\/\/anasounds.com\/fr\/produit\/fx-power-source-kit-4-sorties-12v-supplementaires\/#primaryimage\"},\"image\":{\"@id\":\"https:\/\/anasounds.com\/fr\/produit\/fx-power-source-kit-4-sorties-12v-supplementaires\/#primaryimage\"},\"thumbnailUrl\":\"https:\/\/anasounds.com\/wp-content\/uploads\/2020\/09\/JN9A3876.jpg\",\"datePublished\":\"2020-09-14T14:31:30+00:00\",\"dateModified\":\"2025-12-21T18:24:45+00:00\",\"description\":\"Avec ce kit 12V, tu as de quoi rajouter 4 sorties 12V \u00e0 ton alimentation FX Power Source, si jamais les bundles qu'on propose ne te suffisent pas !\",\"breadcrumb\":{\"@id\":\"https:\/\/anasounds.com\/fr\/produit\/fx-power-source-kit-4-sorties-12v-supplementaires\/#breadcrumb\"},\"inLanguage\":\"fr-FR\",\"potentialAction\":[{\"@type\":\"ReadAction\",\"target\":[\"https:\/\/anasounds.com\/fr\/produit\/fx-power-source-kit-4-sorties-12v-supplementaires\/\"]}]},{\"@type\":\"ImageObject\",\"inLanguage\":\"fr-FR\",\"@id\":\"https:\/\/anasounds.com\/fr\/produit\/fx-power-source-kit-4-sorties-12v-supplementaires\/#primaryimage\",\"url\":\"https:\/\/anasounds.com\/wp-content\/uploads\/2020\/09\/JN9A3876.jpg\",\"contentUrl\":\"https:\/\/anasounds.com\/wp-content\/uploads\/2020\/09\/JN9A3876.jpg\",\"width\":2048,\"height\":2048},{\"@type\":\"BreadcrumbList\",\"@id\":\"https:\/\/anasounds.com\/fr\/produit\/fx-power-source-kit-4-sorties-12v-supplementaires\/#breadcrumb\",\"itemListElement\":[{\"@type\":\"ListItem\",\"position\":1,\"name\":\"Home\",\"item\":\"https:\/\/anasounds.com\/fr\/\"},{\"@type\":\"ListItem\",\"position\":2,\"name\":\"boutique\",\"item\":\"https:\/\/anasounds.com\/fr\/shop\/\"},{\"@type\":\"ListItem\",\"position\":3,\"name\":\"fx power source &#8211; kit 4 sorties 12v suppl\u00e9mentaires\"}]},{\"@type\":\"WebSite\",\"@id\":\"https:\/\/anasounds.com\/#website\",\"url\":\"https:\/\/anasounds.com\/\",\"name\":\"Anasounds\",\"description\":\"P\u00e9dales \u00e0 la Fran\u00e7aise\",\"publisher\":{\"@id\":\"https:\/\/anasounds.com\/#organization\"},\"potentialAction\":[{\"@type\":\"SearchAction\",\"target\":{\"@type\":\"EntryPoint\",\"urlTemplate\":\"https:\/\/anasounds.com\/?s={search_term_string}\"},\"query-input\":{\"@type\":\"PropertyValueSpecification\",\"valueRequired\":true,\"valueName\":\"search_term_string\"}}],\"inLanguage\":\"fr-FR\"},{\"@type\":\"Organization\",\"@id\":\"https:\/\/anasounds.com\/#organization\",\"name\":\"Anasounds\",\"url\":\"https:\/\/anasounds.com\/\",\"logo\":{\"@type\":\"ImageObject\",\"inLanguage\":\"fr-FR\",\"@id\":\"https:\/\/anasounds.com\/#\/schema\/logo\/image\/\",\"url\":\"https:\/\/anasounds.com\/wp-content\/uploads\/2017\/10\/Logomadeinfrnoirblc.png\",\"contentUrl\":\"https:\/\/anasounds.com\/wp-content\/uploads\/2017\/10\/Logomadeinfrnoirblc.png\",\"width\":300,\"height\":300,\"caption\":\"Anasounds\"},\"image\":{\"@id\":\"https:\/\/anasounds.com\/#\/schema\/logo\/image\/\"},\"sameAs\":[\"https:\/\/www.facebook.com\/AnasoundsFX\/\",\"https:\/\/www.instagram.com\/anasounds\/\",\"https:\/\/www.youtube.com\/user\/AnaSoundsFR\"]}]}<\/script>\n<!-- \/ Yoast SEO plugin. -->","yoast_head_json":{"title":"fx power source - kit 4 sorties 12v suppl\u00e9mentaires | Anasounds","description":"Avec ce kit 12V, tu as de quoi rajouter 4 sorties 12V \u00e0 ton alimentation FX Power Source, si jamais les bundles qu'on propose ne te suffisent pas !","robots":{"index":"index","follow":"follow","max-snippet":"max-snippet:-1","max-image-preview":"max-image-preview:large","max-video-preview":"max-video-preview:-1"},"canonical":"https:\/\/anasounds.com\/fr\/produit\/fx-power-source-kit-4-sorties-12v-supplementaires\/","og_locale":"fr_FR","og_type":"article","og_title":"fx power source - kit 4 sorties 12v suppl\u00e9mentaires | Anasounds","og_description":"Avec ce kit 12V, tu as de quoi rajouter 4 sorties 12V \u00e0 ton alimentation FX Power Source, si jamais les bundles qu'on propose ne te suffisent pas !","og_url":"https:\/\/anasounds.com\/fr\/produit\/fx-power-source-kit-4-sorties-12v-supplementaires\/","og_site_name":"Anasounds","article_publisher":"https:\/\/www.facebook.com\/AnasoundsFX\/","article_modified_time":"2025-12-21T18:24:45+00:00","og_image":[{"width":2048,"height":2048,"url":"https:\/\/anasounds.com\/wp-content\/uploads\/2020\/09\/JN9A3876.jpg","type":"image\/jpeg"}],"twitter_card":"summary_large_image","twitter_misc":{"Dur\u00e9e de lecture estim\u00e9e":"3 minutes"},"schema":{"@context":"https:\/\/schema.org","@graph":[{"@type":"WebPage","@id":"https:\/\/anasounds.com\/fr\/produit\/fx-power-source-kit-4-sorties-12v-supplementaires\/","url":"https:\/\/anasounds.com\/fr\/produit\/fx-power-source-kit-4-sorties-12v-supplementaires\/","name":"fx power source - kit 4 sorties 12v suppl\u00e9mentaires | Anasounds","isPartOf":{"@id":"https:\/\/anasounds.com\/#website"},"primaryImageOfPage":{"@id":"https:\/\/anasounds.com\/fr\/produit\/fx-power-source-kit-4-sorties-12v-supplementaires\/#primaryimage"},"image":{"@id":"https:\/\/anasounds.com\/fr\/produit\/fx-power-source-kit-4-sorties-12v-supplementaires\/#primaryimage"},"thumbnailUrl":"https:\/\/anasounds.com\/wp-content\/uploads\/2020\/09\/JN9A3876.jpg","datePublished":"2020-09-14T14:31:30+00:00","dateModified":"2025-12-21T18:24:45+00:00","description":"Avec ce kit 12V, tu as de quoi rajouter 4 sorties 12V \u00e0 ton alimentation FX Power Source, si jamais les bundles qu'on propose ne te suffisent pas !","breadcrumb":{"@id":"https:\/\/anasounds.com\/fr\/produit\/fx-power-source-kit-4-sorties-12v-supplementaires\/#breadcrumb"},"inLanguage":"fr-FR","potentialAction":[{"@type":"ReadAction","target":["https:\/\/anasounds.com\/fr\/produit\/fx-power-source-kit-4-sorties-12v-supplementaires\/"]}]},{"@type":"ImageObject","inLanguage":"fr-FR","@id":"https:\/\/anasounds.com\/fr\/produit\/fx-power-source-kit-4-sorties-12v-supplementaires\/#primaryimage","url":"https:\/\/anasounds.com\/wp-content\/uploads\/2020\/09\/JN9A3876.jpg","contentUrl":"https:\/\/anasounds.com\/wp-content\/uploads\/2020\/09\/JN9A3876.jpg","width":2048,"height":2048},{"@type":"BreadcrumbList","@id":"https:\/\/anasounds.com\/fr\/produit\/fx-power-source-kit-4-sorties-12v-supplementaires\/#breadcrumb","itemListElement":[{"@type":"ListItem","position":1,"name":"Home","item":"https:\/\/anasounds.com\/fr\/"},{"@type":"ListItem","position":2,"name":"boutique","item":"https:\/\/anasounds.com\/fr\/shop\/"},{"@type":"ListItem","position":3,"name":"fx power source &#8211; kit 4 sorties 12v suppl\u00e9mentaires"}]},{"@type":"WebSite","@id":"https:\/\/anasounds.com\/#website","url":"https:\/\/anasounds.com\/","name":"Anasounds","description":"P\u00e9dales \u00e0 la Fran\u00e7aise","publisher":{"@id":"https:\/\/anasounds.com\/#organization"},"potentialAction":[{"@type":"SearchAction","target":{"@type":"EntryPoint","urlTemplate":"https:\/\/anasounds.com\/?s={search_term_string}"},"query-input":{"@type":"PropertyValueSpecification","valueRequired":true,"valueName":"search_term_string"}}],"inLanguage":"fr-FR"},{"@type":"Organization","@id":"https:\/\/anasounds.com\/#organization","name":"Anasounds","url":"https:\/\/anasounds.com\/","logo":{"@type":"ImageObject","inLanguage":"fr-FR","@id":"https:\/\/anasounds.com\/#\/schema\/logo\/image\/","url":"https:\/\/anasounds.com\/wp-content\/uploads\/2017\/10\/Logomadeinfrnoirblc.png","contentUrl":"https:\/\/anasounds.com\/wp-content\/uploads\/2017\/10\/Logomadeinfrnoirblc.png","width":300,"height":300,"caption":"Anasounds"},"image":{"@id":"https:\/\/anasounds.com\/#\/schema\/logo\/image\/"},"sameAs":["https:\/\/www.facebook.com\/AnasoundsFX\/","https:\/\/www.instagram.com\/anasounds\/","https:\/\/www.youtube.com\/user\/AnaSoundsFR"]}]}},"_links":{"self":[{"href":"https:\/\/anasounds.com\/fr\/wp-json\/wp\/v2\/product\/48434","targetHints":{"allow":["GET"]}}],"collection":[{"href":"https:\/\/anasounds.com\/fr\/wp-json\/wp\/v2\/product"}],"about":[{"href":"https:\/\/anasounds.com\/fr\/wp-json\/wp\/v2\/types\/product"}],"replies":[{"embeddable":true,"href":"https:\/\/anasounds.com\/fr\/wp-json\/wp\/v2\/comments?post=48434"}],"wp:featuredmedia":[{"embeddable":true,"href":"https:\/\/anasounds.com\/fr\/wp-json\/wp\/v2\/media\/48553"}],"wp:attachment":[{"href":"https:\/\/anasounds.com\/fr\/wp-json\/wp\/v2\/media?parent=48434"}],"wp:term":[{"taxonomy":"product_brand","embeddable":true,"href":"https:\/\/anasounds.com\/fr\/wp-json\/wp\/v2\/product_brand?post=48434"},{"taxonomy":"product_cat","embeddable":true,"href":"https:\/\/anasounds.com\/fr\/wp-json\/wp\/v2\/product_cat?post=48434"},{"taxonomy":"product_tag","embeddable":true,"href":"https:\/\/anasounds.com\/fr\/wp-json\/wp\/v2\/product_tag?post=48434"}],"curies":[{"name":"wp","href":"https:\/\/api.w.org\/{rel}","templated":true}]}}