{"id":48448,"date":"2020-09-14T18:18:04","date_gmt":"2020-09-14T16:18:04","guid":{"rendered":"https:\/\/anasounds.com\/?post_type=product&#038;p=48448"},"modified":"2025-12-02T23:23:05","modified_gmt":"2025-12-02T22:23:05","slug":"kit-equerres-de-fixation-pour-pedalboard-anasounds-k-et-fx-power-source","status":"publish","type":"product","link":"https:\/\/anasounds.com\/fr\/produit\/kit-equerres-de-fixation-pour-pedalboard-anasounds-k-et-fx-power-source\/","title":{"rendered":"kit d&rsquo;\u00e9querres de fixation pour pedalboard &#8211;  k+ et fx power source"},"content":{"rendered":"<h3 style=\"text-align: center;\">des \u00e9querres pens\u00e9es pour s&rsquo;adapter \u00e0 tous les pedalboards<\/h3>\n<p style=\"text-align: center;\">Ces \u00e9querres sont con\u00e7ues pour \u00eatre compatibles avec notre alimentation <a href=\"https:\/\/anasounds.com\/fr\/categorie-produit\/pedales-anasounds\/\/par-effet\/alimentation-k\/bundle-fr\">Anasounds K+<\/a>.<br \/>\nContrairement \u00e0 la FX Power Source, tu peux la fixer sur le dessus de ton board avec du velcros.<br \/>\nC&rsquo;est pour \u00e7a qu&rsquo;on les vend s\u00e9par\u00e9ment, tout le monde n&rsquo;en a pas besoin, mais ce sera quand m\u00eame plus propre et surtout plus s\u00fbr avec ces \u00e9querres !<\/p>\n<p style=\"text-align: center;\">On les a pens\u00e9 pour qu&rsquo;elles soient compatibles avec la plupart des pedalboards du march\u00e9 (<a href=\"\/?product_cat=pedalboards-fr\/pedaltrain\">Pedaltrain<\/a>, <a href=\"\/?product_cat=pedalboards-fr\/aclam\">Aclam<\/a>, <a href=\"https:\/\/www.templeaudio.com\/\">Temple Audio<\/a>, etc\u2026).<br \/>\nTu peux aller voir <a href=\"https:\/\/anasounds.com\/fr\/des-equerres-de-fixation-pour-nos-alims-compatible-avec-tous-les-pedalboards\/\">notre article<\/a> qui t&rsquo;apprend comment les fixer sur les diff\u00e9rents pedalboards qu&rsquo;on a test\u00e9.<\/p>\n<p style=\"text-align: center;\">Et en plus elles sont fabriqu\u00e9es localement, \u00e0 quelques kilom\u00e8tres de nos locaux ! On s&rsquo;occupe de la peinture et de la pr\u00e9paration en interne.<\/p>\n<p>&nbsp;<\/p>\n<h3 style=\"text-align: center;\">compatibles aussi avec la fx power source<\/h3>\n<p style=\"text-align: center;\">Tu as command\u00e9 des <a href=\"\/?product_cat=cartes-additionnelles#shop\">kit de cartes<\/a> 9, 12 ou 18V et le <a href=\"https:\/\/anasounds.com\/fr\/produit\/fx-power-source-kit-de-remplacement-24v-in-et-thru\/\">kit 24V IN et THRU<\/a> pour te faire ton alim FX Power Source sur mesure ? Ces \u00e9querres te seront utiles aussi !<\/p>\n<p style=\"text-align: center;\">Mais on te conseille quand m\u00eame de jeter un coup d&rsquo;oeil \u00e0 nos <a href=\"https:\/\/anasounds.com\/fr\/categorie-produit\/fx-teacher\/\/kits\/fx-power-source\/bundle\">bundles FX Power Source<\/a>. Elles sont d\u00e9j\u00e0 incluses dedans, il y a s\u00fbrement une configuration qui correspond \u00e0 tes besoins !<\/p>\n<p>&nbsp;<\/p>\n<h3 style=\"text-align: center;\">qu&rsquo;est ce qui est inclus ?<\/h3>\n<p style=\"text-align: center;\">2 \u00e9querres<br \/>\n4 vis de 15mm et 4 \u00e9crous M3<br \/>\n4 entretoises de 7mm pour sur\u00e9lever l&rsquo;alimentation<br \/>\n4 vis autoforeuses<\/p>\n","protected":false},"excerpt":{"rendered":"<p>Les \u00e9querres et la visserie n\u00e9cessaires pour fixer ton alimentation<br \/>\nFX Power Source ou Anasounds K+ \u00e0 ton pedalboard !<\/p>\n","protected":false},"featured_media":51445,"comment_status":"open","ping_status":"closed","template":"","meta":[],"product_brand":[],"product_cat":[510,986,873],"product_tag":[515,178,961,949],"class_list":{"0":"post-48448","1":"product","2":"type-product","3":"status-publish","4":"has-post-thumbnail","6":"product_cat-alimentations","7":"product_cat-anasounds-k","8":"product_cat-autres-alim","9":"product_tag-alimentation","10":"product_tag-diy","11":"product_tag-equerres","12":"product_tag-kit","14":"first","15":"instock","16":"taxable","17":"shipping-taxable","18":"purchasable","19":"product-type-simple"},"supplier_id":83515,"supplier_sku":"","barcode":null,"atum_controlled":true,"out_stock_date":null,"out_stock_threshold":null,"inheritable":false,"inbound_stock":0,"stock_on_hold":0,"sold_today":0,"sales_last_days":0,"reserved_stock":0,"customer_returns":0,"warehouse_damage":0,"lost_in_post":0,"other_logs":0,"out_stock_days":0,"lost_sales":0,"has_location":false,"update_date":"2026-04-22T01:10:53","atum_locations":[],"atum_stock_status":"instock","restock_status":false,"low_stock_amount":"","sales_update_date":"2026-04-22T01:10:53","calc_backorders":0,"yoast_head":"<!-- This site is optimized with the Yoast SEO plugin v26.5 - https:\/\/yoast.com\/wordpress\/plugins\/seo\/ -->\n<title>\u00e9querres de fixation pour pedalboard, compatible K+ et FX Power Source<\/title>\n<meta name=\"description\" content=\"Ce kit comprend les 2 \u00e9querres et les vis et \u00e9crous n\u00e9c\u00e9ssaires pour fixer nos alimentations FX Power Source et Anasounds K+ \u00e0 n&#039;importe quel pedalboard.\" \/>\n<meta name=\"robots\" content=\"index, follow, max-snippet:-1, max-image-preview:large, max-video-preview:-1\" \/>\n<link rel=\"canonical\" href=\"https:\/\/anasounds.com\/fr\/produit\/kit-equerres-de-fixation-pour-pedalboard-anasounds-k-et-fx-power-source\/\" \/>\n<meta property=\"og:locale\" content=\"fr_FR\" \/>\n<meta property=\"og:type\" content=\"article\" \/>\n<meta property=\"og:title\" content=\"\u00e9querres de fixation pour pedalboard, compatible K+ et FX Power Source\" \/>\n<meta property=\"og:description\" content=\"Ce kit comprend les 2 \u00e9querres et les vis et \u00e9crous n\u00e9c\u00e9ssaires pour fixer nos alimentations FX Power Source et Anasounds K+ \u00e0 n&#039;importe quel pedalboard.\" \/>\n<meta property=\"og:url\" content=\"https:\/\/anasounds.com\/fr\/produit\/kit-equerres-de-fixation-pour-pedalboard-anasounds-k-et-fx-power-source\/\" \/>\n<meta property=\"og:site_name\" content=\"Anasounds\" \/>\n<meta property=\"article:publisher\" content=\"https:\/\/www.facebook.com\/AnasoundsFX\/\" \/>\n<meta property=\"article:modified_time\" content=\"2025-12-02T22:23:05+00:00\" \/>\n<meta property=\"og:image\" content=\"https:\/\/anasounds.com\/wp-content\/uploads\/2020\/11\/K-pedalboard-brackets-1.jpg\" \/>\n\t<meta property=\"og:image:width\" content=\"1650\" \/>\n\t<meta property=\"og:image:height\" content=\"1100\" \/>\n\t<meta property=\"og:image:type\" content=\"image\/jpeg\" \/>\n<meta name=\"twitter:card\" content=\"summary_large_image\" \/>\n<meta name=\"twitter:label1\" content=\"Dur\u00e9e de lecture estim\u00e9e\" \/>\n\t<meta name=\"twitter:data1\" content=\"2 minutes\" \/>\n<script type=\"application\/ld+json\" class=\"yoast-schema-graph\">{\"@context\":\"https:\/\/schema.org\",\"@graph\":[{\"@type\":\"WebPage\",\"@id\":\"https:\/\/anasounds.com\/fr\/produit\/kit-equerres-de-fixation-pour-pedalboard-anasounds-k-et-fx-power-source\/\",\"url\":\"https:\/\/anasounds.com\/fr\/produit\/kit-equerres-de-fixation-pour-pedalboard-anasounds-k-et-fx-power-source\/\",\"name\":\"\u00e9querres de fixation pour pedalboard, compatible K+ et FX Power Source\",\"isPartOf\":{\"@id\":\"https:\/\/anasounds.com\/#website\"},\"primaryImageOfPage\":{\"@id\":\"https:\/\/anasounds.com\/fr\/produit\/kit-equerres-de-fixation-pour-pedalboard-anasounds-k-et-fx-power-source\/#primaryimage\"},\"image\":{\"@id\":\"https:\/\/anasounds.com\/fr\/produit\/kit-equerres-de-fixation-pour-pedalboard-anasounds-k-et-fx-power-source\/#primaryimage\"},\"thumbnailUrl\":\"https:\/\/anasounds.com\/wp-content\/uploads\/2020\/11\/K-pedalboard-brackets-1.jpg\",\"datePublished\":\"2020-09-14T16:18:04+00:00\",\"dateModified\":\"2025-12-02T22:23:05+00:00\",\"description\":\"Ce kit comprend les 2 \u00e9querres et les vis et \u00e9crous n\u00e9c\u00e9ssaires pour fixer nos alimentations FX Power Source et Anasounds K+ \u00e0 n'importe quel pedalboard.\",\"breadcrumb\":{\"@id\":\"https:\/\/anasounds.com\/fr\/produit\/kit-equerres-de-fixation-pour-pedalboard-anasounds-k-et-fx-power-source\/#breadcrumb\"},\"inLanguage\":\"fr-FR\",\"potentialAction\":[{\"@type\":\"ReadAction\",\"target\":[\"https:\/\/anasounds.com\/fr\/produit\/kit-equerres-de-fixation-pour-pedalboard-anasounds-k-et-fx-power-source\/\"]}]},{\"@type\":\"ImageObject\",\"inLanguage\":\"fr-FR\",\"@id\":\"https:\/\/anasounds.com\/fr\/produit\/kit-equerres-de-fixation-pour-pedalboard-anasounds-k-et-fx-power-source\/#primaryimage\",\"url\":\"https:\/\/anasounds.com\/wp-content\/uploads\/2020\/11\/K-pedalboard-brackets-1.jpg\",\"contentUrl\":\"https:\/\/anasounds.com\/wp-content\/uploads\/2020\/11\/K-pedalboard-brackets-1.jpg\",\"width\":1650,\"height\":1100},{\"@type\":\"BreadcrumbList\",\"@id\":\"https:\/\/anasounds.com\/fr\/produit\/kit-equerres-de-fixation-pour-pedalboard-anasounds-k-et-fx-power-source\/#breadcrumb\",\"itemListElement\":[{\"@type\":\"ListItem\",\"position\":1,\"name\":\"Home\",\"item\":\"https:\/\/anasounds.com\/fr\/\"},{\"@type\":\"ListItem\",\"position\":2,\"name\":\"boutique\",\"item\":\"https:\/\/anasounds.com\/fr\/shop\/\"},{\"@type\":\"ListItem\",\"position\":3,\"name\":\"kit d&rsquo;\u00e9querres de fixation pour pedalboard &#8211; k+ et fx power source\"}]},{\"@type\":\"WebSite\",\"@id\":\"https:\/\/anasounds.com\/#website\",\"url\":\"https:\/\/anasounds.com\/\",\"name\":\"Anasounds\",\"description\":\"P\u00e9dales \u00e0 la Fran\u00e7aise\",\"publisher\":{\"@id\":\"https:\/\/anasounds.com\/#organization\"},\"potentialAction\":[{\"@type\":\"SearchAction\",\"target\":{\"@type\":\"EntryPoint\",\"urlTemplate\":\"https:\/\/anasounds.com\/?s={search_term_string}\"},\"query-input\":{\"@type\":\"PropertyValueSpecification\",\"valueRequired\":true,\"valueName\":\"search_term_string\"}}],\"inLanguage\":\"fr-FR\"},{\"@type\":\"Organization\",\"@id\":\"https:\/\/anasounds.com\/#organization\",\"name\":\"Anasounds\",\"url\":\"https:\/\/anasounds.com\/\",\"logo\":{\"@type\":\"ImageObject\",\"inLanguage\":\"fr-FR\",\"@id\":\"https:\/\/anasounds.com\/#\/schema\/logo\/image\/\",\"url\":\"https:\/\/anasounds.com\/wp-content\/uploads\/2017\/10\/Logomadeinfrnoirblc.png\",\"contentUrl\":\"https:\/\/anasounds.com\/wp-content\/uploads\/2017\/10\/Logomadeinfrnoirblc.png\",\"width\":300,\"height\":300,\"caption\":\"Anasounds\"},\"image\":{\"@id\":\"https:\/\/anasounds.com\/#\/schema\/logo\/image\/\"},\"sameAs\":[\"https:\/\/www.facebook.com\/AnasoundsFX\/\",\"https:\/\/www.instagram.com\/anasounds\/\",\"https:\/\/www.youtube.com\/user\/AnaSoundsFR\"]}]}<\/script>\n<!-- \/ Yoast SEO plugin. -->","yoast_head_json":{"title":"\u00e9querres de fixation pour pedalboard, compatible K+ et FX Power Source","description":"Ce kit comprend les 2 \u00e9querres et les vis et \u00e9crous n\u00e9c\u00e9ssaires pour fixer nos alimentations FX Power Source et Anasounds K+ \u00e0 n'importe quel pedalboard.","robots":{"index":"index","follow":"follow","max-snippet":"max-snippet:-1","max-image-preview":"max-image-preview:large","max-video-preview":"max-video-preview:-1"},"canonical":"https:\/\/anasounds.com\/fr\/produit\/kit-equerres-de-fixation-pour-pedalboard-anasounds-k-et-fx-power-source\/","og_locale":"fr_FR","og_type":"article","og_title":"\u00e9querres de fixation pour pedalboard, compatible K+ et FX Power Source","og_description":"Ce kit comprend les 2 \u00e9querres et les vis et \u00e9crous n\u00e9c\u00e9ssaires pour fixer nos alimentations FX Power Source et Anasounds K+ \u00e0 n'importe quel pedalboard.","og_url":"https:\/\/anasounds.com\/fr\/produit\/kit-equerres-de-fixation-pour-pedalboard-anasounds-k-et-fx-power-source\/","og_site_name":"Anasounds","article_publisher":"https:\/\/www.facebook.com\/AnasoundsFX\/","article_modified_time":"2025-12-02T22:23:05+00:00","og_image":[{"width":1650,"height":1100,"url":"https:\/\/anasounds.com\/wp-content\/uploads\/2020\/11\/K-pedalboard-brackets-1.jpg","type":"image\/jpeg"}],"twitter_card":"summary_large_image","twitter_misc":{"Dur\u00e9e de lecture estim\u00e9e":"2 minutes"},"schema":{"@context":"https:\/\/schema.org","@graph":[{"@type":"WebPage","@id":"https:\/\/anasounds.com\/fr\/produit\/kit-equerres-de-fixation-pour-pedalboard-anasounds-k-et-fx-power-source\/","url":"https:\/\/anasounds.com\/fr\/produit\/kit-equerres-de-fixation-pour-pedalboard-anasounds-k-et-fx-power-source\/","name":"\u00e9querres de fixation pour pedalboard, compatible K+ et FX Power Source","isPartOf":{"@id":"https:\/\/anasounds.com\/#website"},"primaryImageOfPage":{"@id":"https:\/\/anasounds.com\/fr\/produit\/kit-equerres-de-fixation-pour-pedalboard-anasounds-k-et-fx-power-source\/#primaryimage"},"image":{"@id":"https:\/\/anasounds.com\/fr\/produit\/kit-equerres-de-fixation-pour-pedalboard-anasounds-k-et-fx-power-source\/#primaryimage"},"thumbnailUrl":"https:\/\/anasounds.com\/wp-content\/uploads\/2020\/11\/K-pedalboard-brackets-1.jpg","datePublished":"2020-09-14T16:18:04+00:00","dateModified":"2025-12-02T22:23:05+00:00","description":"Ce kit comprend les 2 \u00e9querres et les vis et \u00e9crous n\u00e9c\u00e9ssaires pour fixer nos alimentations FX Power Source et Anasounds K+ \u00e0 n'importe quel pedalboard.","breadcrumb":{"@id":"https:\/\/anasounds.com\/fr\/produit\/kit-equerres-de-fixation-pour-pedalboard-anasounds-k-et-fx-power-source\/#breadcrumb"},"inLanguage":"fr-FR","potentialAction":[{"@type":"ReadAction","target":["https:\/\/anasounds.com\/fr\/produit\/kit-equerres-de-fixation-pour-pedalboard-anasounds-k-et-fx-power-source\/"]}]},{"@type":"ImageObject","inLanguage":"fr-FR","@id":"https:\/\/anasounds.com\/fr\/produit\/kit-equerres-de-fixation-pour-pedalboard-anasounds-k-et-fx-power-source\/#primaryimage","url":"https:\/\/anasounds.com\/wp-content\/uploads\/2020\/11\/K-pedalboard-brackets-1.jpg","contentUrl":"https:\/\/anasounds.com\/wp-content\/uploads\/2020\/11\/K-pedalboard-brackets-1.jpg","width":1650,"height":1100},{"@type":"BreadcrumbList","@id":"https:\/\/anasounds.com\/fr\/produit\/kit-equerres-de-fixation-pour-pedalboard-anasounds-k-et-fx-power-source\/#breadcrumb","itemListElement":[{"@type":"ListItem","position":1,"name":"Home","item":"https:\/\/anasounds.com\/fr\/"},{"@type":"ListItem","position":2,"name":"boutique","item":"https:\/\/anasounds.com\/fr\/shop\/"},{"@type":"ListItem","position":3,"name":"kit d&rsquo;\u00e9querres de fixation pour pedalboard &#8211; k+ et fx power source"}]},{"@type":"WebSite","@id":"https:\/\/anasounds.com\/#website","url":"https:\/\/anasounds.com\/","name":"Anasounds","description":"P\u00e9dales \u00e0 la Fran\u00e7aise","publisher":{"@id":"https:\/\/anasounds.com\/#organization"},"potentialAction":[{"@type":"SearchAction","target":{"@type":"EntryPoint","urlTemplate":"https:\/\/anasounds.com\/?s={search_term_string}"},"query-input":{"@type":"PropertyValueSpecification","valueRequired":true,"valueName":"search_term_string"}}],"inLanguage":"fr-FR"},{"@type":"Organization","@id":"https:\/\/anasounds.com\/#organization","name":"Anasounds","url":"https:\/\/anasounds.com\/","logo":{"@type":"ImageObject","inLanguage":"fr-FR","@id":"https:\/\/anasounds.com\/#\/schema\/logo\/image\/","url":"https:\/\/anasounds.com\/wp-content\/uploads\/2017\/10\/Logomadeinfrnoirblc.png","contentUrl":"https:\/\/anasounds.com\/wp-content\/uploads\/2017\/10\/Logomadeinfrnoirblc.png","width":300,"height":300,"caption":"Anasounds"},"image":{"@id":"https:\/\/anasounds.com\/#\/schema\/logo\/image\/"},"sameAs":["https:\/\/www.facebook.com\/AnasoundsFX\/","https:\/\/www.instagram.com\/anasounds\/","https:\/\/www.youtube.com\/user\/AnaSoundsFR"]}]}},"_links":{"self":[{"href":"https:\/\/anasounds.com\/fr\/wp-json\/wp\/v2\/product\/48448","targetHints":{"allow":["GET"]}}],"collection":[{"href":"https:\/\/anasounds.com\/fr\/wp-json\/wp\/v2\/product"}],"about":[{"href":"https:\/\/anasounds.com\/fr\/wp-json\/wp\/v2\/types\/product"}],"replies":[{"embeddable":true,"href":"https:\/\/anasounds.com\/fr\/wp-json\/wp\/v2\/comments?post=48448"}],"wp:featuredmedia":[{"embeddable":true,"href":"https:\/\/anasounds.com\/fr\/wp-json\/wp\/v2\/media\/51445"}],"wp:attachment":[{"href":"https:\/\/anasounds.com\/fr\/wp-json\/wp\/v2\/media?parent=48448"}],"wp:term":[{"taxonomy":"product_brand","embeddable":true,"href":"https:\/\/anasounds.com\/fr\/wp-json\/wp\/v2\/product_brand?post=48448"},{"taxonomy":"product_cat","embeddable":true,"href":"https:\/\/anasounds.com\/fr\/wp-json\/wp\/v2\/product_cat?post=48448"},{"taxonomy":"product_tag","embeddable":true,"href":"https:\/\/anasounds.com\/fr\/wp-json\/wp\/v2\/product_tag?post=48448"}],"curies":[{"name":"wp","href":"https:\/\/api.w.org\/{rel}","templated":true}]}}