{"id":48480,"date":"2020-09-15T12:45:43","date_gmt":"2020-09-15T10:45:43","guid":{"rendered":"https:\/\/anasounds.com\/?post_type=product&#038;p=48480"},"modified":"2023-07-11T21:40:26","modified_gmt":"2023-07-11T19:40:26","slug":"bundle-de-cables-dc-jack-5-5-2-1mm-14-pieces-pour-nos-alimentations","status":"publish","type":"product","link":"https:\/\/anasounds.com\/fr\/produit\/bundle-de-cables-dc-jack-5-5-2-1mm-14-pieces-pour-nos-alimentations\/","title":{"rendered":"bundle de c\u00e2bles dc jack 5.5\/2.1mm 14 pi\u00e8ces &#8211; pour nos alimentations"},"content":{"rendered":"<h3 style=\"text-align: center;\">une gamme de c\u00e2bles dc pour alimenter ton pedalboard<\/h3>\n<p>&nbsp;<\/p>\n<p style=\"text-align: center;\">On te propose un bundle de c\u00e2bles DC de diff\u00e9rentes longueurs, pour brancher tes p\u00e9dales favorites \u00e0 nos alimentations <a href=\"https:\/\/anasounds.com\/fr\/categorie-produit\/fx-teacher\/\/kits\/fx-power-source\/bundle\">FX Power Source<\/a> et <a href=\"https:\/\/anasounds.com\/fr\/categorie-produit\/pedales-anasounds\/\/par-effet\/alimentation-k\/bundle-fr\">Anasounds K+<\/a>.<\/p>\n<p style=\"text-align: center;\">Ce bundle de c\u00e2bles est d\u00e9j\u00e0 fourni avec nos alimentations. Mais si \u00e7a ne te suffit pas, tu pourras trouver ce que tu veux ici. Il y a m\u00eame un c\u00e2ble avec polarit\u00e9 invers\u00e9e !<br \/>\nEt si tu as seulement besoin de 1 ou 2 c\u00e2bles suppl\u00e9mentaires, tu peux les trouver \u00e0 l&rsquo;unit\u00e9 <a href=\"https:\/\/anasounds.com\/fr\/produit\/cables-dc-jack-5-5-2-1mm-pour-connecter-tes-pedales-a-nos-alimentations\/\">ici<\/a>.<\/p>\n<p style=\"text-align: center;\">Ces c\u00e2bles peuvent aussi servir \u00e0 connecter 2 blocs d&rsquo;alim Anasounds ou FX Teacher ensemble, pour n&rsquo;utiliser qu&rsquo;un seul <a href=\"https:\/\/anasounds.com\/fr\/produit\/alimentation-24v-dc-2-5a-pour-fx-power-source-et-anasounds-k\/\">adaptateur secteur<\/a>.<br \/>\nTu as juste \u00e0 relier le 2\u00e8me bloc \u00e0 la prise 24V THRU du premier.<\/p>\n<p>&nbsp;<\/p>\n<h3 style=\"text-align: center;\">qu&rsquo;est ce qui est inclus ?<\/h3>\n<p style=\"text-align: center;\">2 c\u00e2bles de 25cm<br \/>\n6 c\u00e2bles de 35cm<br \/>\n2 c\u00e2bles de 45cm<br \/>\n2 c\u00e2bles de 60cm<br \/>\n1 c\u00e2ble de 90cm<br \/>\n1 c\u00e2ble de 60cm avec polarit\u00e9 invers\u00e9e<\/p>\n","protected":false},"excerpt":{"rendered":"<p>Un bundle de 14 c\u00e2bles dc 5.5\/2.1mm pour alimenter tes p\u00e9dales avec nos alimentations FX Power Source et Anasounds K+.<\/p>\n","protected":false},"featured_media":47983,"comment_status":"open","ping_status":"closed","template":"","meta":[],"product_brand":[],"product_cat":[267,986,873,259,868],"product_tag":[515,970,178,949],"class_list":{"0":"post-48480","1":"product","2":"type-product","3":"status-publish","4":"has-post-thumbnail","6":"product_cat-fx-teacher","7":"product_cat-anasounds-k","8":"product_cat-autres-alim","9":"product_cat-jacks-fr","10":"product_cat-cables-assembles-en-usine","11":"product_tag-alimentation","12":"product_tag-cables","13":"product_tag-diy","14":"product_tag-kit","16":"first","17":"outofstock","18":"taxable","19":"shipping-taxable","20":"purchasable","21":"product-type-simple"},"supplier_id":83515,"supplier_sku":"","barcode":null,"atum_controlled":true,"out_stock_date":"2023-07-11 19:40:26","out_stock_threshold":null,"inheritable":false,"inbound_stock":0,"stock_on_hold":0,"sold_today":0,"sales_last_days":0,"reserved_stock":0,"customer_returns":0,"warehouse_damage":0,"lost_in_post":0,"other_logs":0,"out_stock_days":1011,"lost_sales":0,"has_location":false,"update_date":"2026-04-18T01:05:17","atum_locations":[],"atum_stock_status":"outofstock","restock_status":false,"low_stock_amount":"","sales_update_date":"2026-04-18T01:05:17","calc_backorders":null,"yoast_head":"<!-- This site is optimized with the Yoast SEO plugin v26.5 - https:\/\/yoast.com\/wordpress\/plugins\/seo\/ -->\n<title>bundle c\u00e2bles 5.5\/2.1mm - FX Power Source - Anasounds K+ | Anasounds<\/title>\n<meta name=\"description\" content=\"Un bundle avec une gamme compl\u00e8te de 14 c\u00e2bles dc pour alimenter tes p\u00e9dales avec nos alimentations FX Power Source et Anasounds K+.\" \/>\n<meta name=\"robots\" content=\"index, follow, max-snippet:-1, max-image-preview:large, max-video-preview:-1\" \/>\n<link rel=\"canonical\" href=\"https:\/\/anasounds.com\/fr\/produit\/bundle-de-cables-dc-jack-5-5-2-1mm-14-pieces-pour-nos-alimentations\/\" \/>\n<meta property=\"og:locale\" content=\"fr_FR\" \/>\n<meta property=\"og:type\" content=\"article\" \/>\n<meta property=\"og:title\" content=\"bundle c\u00e2bles 5.5\/2.1mm - FX Power Source - Anasounds K+ | Anasounds\" \/>\n<meta property=\"og:description\" content=\"Un bundle avec une gamme compl\u00e8te de 14 c\u00e2bles dc pour alimenter tes p\u00e9dales avec nos alimentations FX Power Source et Anasounds K+.\" \/>\n<meta property=\"og:url\" content=\"https:\/\/anasounds.com\/fr\/produit\/bundle-de-cables-dc-jack-5-5-2-1mm-14-pieces-pour-nos-alimentations\/\" \/>\n<meta property=\"og:site_name\" content=\"Anasounds\" \/>\n<meta property=\"article:publisher\" content=\"https:\/\/www.facebook.com\/AnasoundsFX\/\" \/>\n<meta property=\"article:modified_time\" content=\"2023-07-11T19:40:26+00:00\" \/>\n<meta property=\"og:image\" content=\"https:\/\/anasounds.com\/wp-content\/uploads\/2020\/09\/c\u00e2bles-jacks-5.5-2.1.jpg\" \/>\n\t<meta property=\"og:image:width\" content=\"1000\" \/>\n\t<meta property=\"og:image:height\" content=\"1500\" \/>\n\t<meta property=\"og:image:type\" content=\"image\/jpeg\" \/>\n<meta name=\"twitter:card\" content=\"summary_large_image\" \/>\n<meta name=\"twitter:label1\" content=\"Dur\u00e9e de lecture estim\u00e9e\" \/>\n\t<meta name=\"twitter:data1\" content=\"1 minute\" \/>\n<script type=\"application\/ld+json\" class=\"yoast-schema-graph\">{\"@context\":\"https:\/\/schema.org\",\"@graph\":[{\"@type\":\"WebPage\",\"@id\":\"https:\/\/anasounds.com\/fr\/produit\/bundle-de-cables-dc-jack-5-5-2-1mm-14-pieces-pour-nos-alimentations\/\",\"url\":\"https:\/\/anasounds.com\/fr\/produit\/bundle-de-cables-dc-jack-5-5-2-1mm-14-pieces-pour-nos-alimentations\/\",\"name\":\"bundle c\u00e2bles 5.5\/2.1mm - FX Power Source - Anasounds K+ | Anasounds\",\"isPartOf\":{\"@id\":\"https:\/\/anasounds.com\/#website\"},\"primaryImageOfPage\":{\"@id\":\"https:\/\/anasounds.com\/fr\/produit\/bundle-de-cables-dc-jack-5-5-2-1mm-14-pieces-pour-nos-alimentations\/#primaryimage\"},\"image\":{\"@id\":\"https:\/\/anasounds.com\/fr\/produit\/bundle-de-cables-dc-jack-5-5-2-1mm-14-pieces-pour-nos-alimentations\/#primaryimage\"},\"thumbnailUrl\":\"https:\/\/anasounds.com\/wp-content\/uploads\/2020\/09\/c\u00e2bles-jacks-5.5-2.1.jpg\",\"datePublished\":\"2020-09-15T10:45:43+00:00\",\"dateModified\":\"2023-07-11T19:40:26+00:00\",\"description\":\"Un bundle avec une gamme compl\u00e8te de 14 c\u00e2bles dc pour alimenter tes p\u00e9dales avec nos alimentations FX Power Source et Anasounds K+.\",\"breadcrumb\":{\"@id\":\"https:\/\/anasounds.com\/fr\/produit\/bundle-de-cables-dc-jack-5-5-2-1mm-14-pieces-pour-nos-alimentations\/#breadcrumb\"},\"inLanguage\":\"fr-FR\",\"potentialAction\":[{\"@type\":\"ReadAction\",\"target\":[\"https:\/\/anasounds.com\/fr\/produit\/bundle-de-cables-dc-jack-5-5-2-1mm-14-pieces-pour-nos-alimentations\/\"]}]},{\"@type\":\"ImageObject\",\"inLanguage\":\"fr-FR\",\"@id\":\"https:\/\/anasounds.com\/fr\/produit\/bundle-de-cables-dc-jack-5-5-2-1mm-14-pieces-pour-nos-alimentations\/#primaryimage\",\"url\":\"https:\/\/anasounds.com\/wp-content\/uploads\/2020\/09\/c\u00e2bles-jacks-5.5-2.1.jpg\",\"contentUrl\":\"https:\/\/anasounds.com\/wp-content\/uploads\/2020\/09\/c\u00e2bles-jacks-5.5-2.1.jpg\",\"width\":1000,\"height\":1500},{\"@type\":\"BreadcrumbList\",\"@id\":\"https:\/\/anasounds.com\/fr\/produit\/bundle-de-cables-dc-jack-5-5-2-1mm-14-pieces-pour-nos-alimentations\/#breadcrumb\",\"itemListElement\":[{\"@type\":\"ListItem\",\"position\":1,\"name\":\"Home\",\"item\":\"https:\/\/anasounds.com\/fr\/\"},{\"@type\":\"ListItem\",\"position\":2,\"name\":\"boutique\",\"item\":\"https:\/\/anasounds.com\/fr\/shop\/\"},{\"@type\":\"ListItem\",\"position\":3,\"name\":\"bundle de c\u00e2bles dc jack 5.5\/2.1mm 14 pi\u00e8ces &#8211; pour nos alimentations\"}]},{\"@type\":\"WebSite\",\"@id\":\"https:\/\/anasounds.com\/#website\",\"url\":\"https:\/\/anasounds.com\/\",\"name\":\"Anasounds\",\"description\":\"P\u00e9dales \u00e0 la Fran\u00e7aise\",\"publisher\":{\"@id\":\"https:\/\/anasounds.com\/#organization\"},\"potentialAction\":[{\"@type\":\"SearchAction\",\"target\":{\"@type\":\"EntryPoint\",\"urlTemplate\":\"https:\/\/anasounds.com\/?s={search_term_string}\"},\"query-input\":{\"@type\":\"PropertyValueSpecification\",\"valueRequired\":true,\"valueName\":\"search_term_string\"}}],\"inLanguage\":\"fr-FR\"},{\"@type\":\"Organization\",\"@id\":\"https:\/\/anasounds.com\/#organization\",\"name\":\"Anasounds\",\"url\":\"https:\/\/anasounds.com\/\",\"logo\":{\"@type\":\"ImageObject\",\"inLanguage\":\"fr-FR\",\"@id\":\"https:\/\/anasounds.com\/#\/schema\/logo\/image\/\",\"url\":\"https:\/\/anasounds.com\/wp-content\/uploads\/2017\/10\/Logomadeinfrnoirblc.png\",\"contentUrl\":\"https:\/\/anasounds.com\/wp-content\/uploads\/2017\/10\/Logomadeinfrnoirblc.png\",\"width\":300,\"height\":300,\"caption\":\"Anasounds\"},\"image\":{\"@id\":\"https:\/\/anasounds.com\/#\/schema\/logo\/image\/\"},\"sameAs\":[\"https:\/\/www.facebook.com\/AnasoundsFX\/\",\"https:\/\/www.instagram.com\/anasounds\/\",\"https:\/\/www.youtube.com\/user\/AnaSoundsFR\"]}]}<\/script>\n<!-- \/ Yoast SEO plugin. -->","yoast_head_json":{"title":"bundle c\u00e2bles 5.5\/2.1mm - FX Power Source - Anasounds K+ | Anasounds","description":"Un bundle avec une gamme compl\u00e8te de 14 c\u00e2bles dc pour alimenter tes p\u00e9dales avec nos alimentations FX Power Source et Anasounds K+.","robots":{"index":"index","follow":"follow","max-snippet":"max-snippet:-1","max-image-preview":"max-image-preview:large","max-video-preview":"max-video-preview:-1"},"canonical":"https:\/\/anasounds.com\/fr\/produit\/bundle-de-cables-dc-jack-5-5-2-1mm-14-pieces-pour-nos-alimentations\/","og_locale":"fr_FR","og_type":"article","og_title":"bundle c\u00e2bles 5.5\/2.1mm - FX Power Source - Anasounds K+ | Anasounds","og_description":"Un bundle avec une gamme compl\u00e8te de 14 c\u00e2bles dc pour alimenter tes p\u00e9dales avec nos alimentations FX Power Source et Anasounds K+.","og_url":"https:\/\/anasounds.com\/fr\/produit\/bundle-de-cables-dc-jack-5-5-2-1mm-14-pieces-pour-nos-alimentations\/","og_site_name":"Anasounds","article_publisher":"https:\/\/www.facebook.com\/AnasoundsFX\/","article_modified_time":"2023-07-11T19:40:26+00:00","og_image":[{"width":1000,"height":1500,"url":"https:\/\/anasounds.com\/wp-content\/uploads\/2020\/09\/c\u00e2bles-jacks-5.5-2.1.jpg","type":"image\/jpeg"}],"twitter_card":"summary_large_image","twitter_misc":{"Dur\u00e9e de lecture estim\u00e9e":"1 minute"},"schema":{"@context":"https:\/\/schema.org","@graph":[{"@type":"WebPage","@id":"https:\/\/anasounds.com\/fr\/produit\/bundle-de-cables-dc-jack-5-5-2-1mm-14-pieces-pour-nos-alimentations\/","url":"https:\/\/anasounds.com\/fr\/produit\/bundle-de-cables-dc-jack-5-5-2-1mm-14-pieces-pour-nos-alimentations\/","name":"bundle c\u00e2bles 5.5\/2.1mm - FX Power Source - Anasounds K+ | Anasounds","isPartOf":{"@id":"https:\/\/anasounds.com\/#website"},"primaryImageOfPage":{"@id":"https:\/\/anasounds.com\/fr\/produit\/bundle-de-cables-dc-jack-5-5-2-1mm-14-pieces-pour-nos-alimentations\/#primaryimage"},"image":{"@id":"https:\/\/anasounds.com\/fr\/produit\/bundle-de-cables-dc-jack-5-5-2-1mm-14-pieces-pour-nos-alimentations\/#primaryimage"},"thumbnailUrl":"https:\/\/anasounds.com\/wp-content\/uploads\/2020\/09\/c\u00e2bles-jacks-5.5-2.1.jpg","datePublished":"2020-09-15T10:45:43+00:00","dateModified":"2023-07-11T19:40:26+00:00","description":"Un bundle avec une gamme compl\u00e8te de 14 c\u00e2bles dc pour alimenter tes p\u00e9dales avec nos alimentations FX Power Source et Anasounds K+.","breadcrumb":{"@id":"https:\/\/anasounds.com\/fr\/produit\/bundle-de-cables-dc-jack-5-5-2-1mm-14-pieces-pour-nos-alimentations\/#breadcrumb"},"inLanguage":"fr-FR","potentialAction":[{"@type":"ReadAction","target":["https:\/\/anasounds.com\/fr\/produit\/bundle-de-cables-dc-jack-5-5-2-1mm-14-pieces-pour-nos-alimentations\/"]}]},{"@type":"ImageObject","inLanguage":"fr-FR","@id":"https:\/\/anasounds.com\/fr\/produit\/bundle-de-cables-dc-jack-5-5-2-1mm-14-pieces-pour-nos-alimentations\/#primaryimage","url":"https:\/\/anasounds.com\/wp-content\/uploads\/2020\/09\/c\u00e2bles-jacks-5.5-2.1.jpg","contentUrl":"https:\/\/anasounds.com\/wp-content\/uploads\/2020\/09\/c\u00e2bles-jacks-5.5-2.1.jpg","width":1000,"height":1500},{"@type":"BreadcrumbList","@id":"https:\/\/anasounds.com\/fr\/produit\/bundle-de-cables-dc-jack-5-5-2-1mm-14-pieces-pour-nos-alimentations\/#breadcrumb","itemListElement":[{"@type":"ListItem","position":1,"name":"Home","item":"https:\/\/anasounds.com\/fr\/"},{"@type":"ListItem","position":2,"name":"boutique","item":"https:\/\/anasounds.com\/fr\/shop\/"},{"@type":"ListItem","position":3,"name":"bundle de c\u00e2bles dc jack 5.5\/2.1mm 14 pi\u00e8ces &#8211; pour nos alimentations"}]},{"@type":"WebSite","@id":"https:\/\/anasounds.com\/#website","url":"https:\/\/anasounds.com\/","name":"Anasounds","description":"P\u00e9dales \u00e0 la Fran\u00e7aise","publisher":{"@id":"https:\/\/anasounds.com\/#organization"},"potentialAction":[{"@type":"SearchAction","target":{"@type":"EntryPoint","urlTemplate":"https:\/\/anasounds.com\/?s={search_term_string}"},"query-input":{"@type":"PropertyValueSpecification","valueRequired":true,"valueName":"search_term_string"}}],"inLanguage":"fr-FR"},{"@type":"Organization","@id":"https:\/\/anasounds.com\/#organization","name":"Anasounds","url":"https:\/\/anasounds.com\/","logo":{"@type":"ImageObject","inLanguage":"fr-FR","@id":"https:\/\/anasounds.com\/#\/schema\/logo\/image\/","url":"https:\/\/anasounds.com\/wp-content\/uploads\/2017\/10\/Logomadeinfrnoirblc.png","contentUrl":"https:\/\/anasounds.com\/wp-content\/uploads\/2017\/10\/Logomadeinfrnoirblc.png","width":300,"height":300,"caption":"Anasounds"},"image":{"@id":"https:\/\/anasounds.com\/#\/schema\/logo\/image\/"},"sameAs":["https:\/\/www.facebook.com\/AnasoundsFX\/","https:\/\/www.instagram.com\/anasounds\/","https:\/\/www.youtube.com\/user\/AnaSoundsFR"]}]}},"_links":{"self":[{"href":"https:\/\/anasounds.com\/fr\/wp-json\/wp\/v2\/product\/48480","targetHints":{"allow":["GET"]}}],"collection":[{"href":"https:\/\/anasounds.com\/fr\/wp-json\/wp\/v2\/product"}],"about":[{"href":"https:\/\/anasounds.com\/fr\/wp-json\/wp\/v2\/types\/product"}],"replies":[{"embeddable":true,"href":"https:\/\/anasounds.com\/fr\/wp-json\/wp\/v2\/comments?post=48480"}],"wp:featuredmedia":[{"embeddable":true,"href":"https:\/\/anasounds.com\/fr\/wp-json\/wp\/v2\/media\/47983"}],"wp:attachment":[{"href":"https:\/\/anasounds.com\/fr\/wp-json\/wp\/v2\/media?parent=48480"}],"wp:term":[{"taxonomy":"product_brand","embeddable":true,"href":"https:\/\/anasounds.com\/fr\/wp-json\/wp\/v2\/product_brand?post=48480"},{"taxonomy":"product_cat","embeddable":true,"href":"https:\/\/anasounds.com\/fr\/wp-json\/wp\/v2\/product_cat?post=48480"},{"taxonomy":"product_tag","embeddable":true,"href":"https:\/\/anasounds.com\/fr\/wp-json\/wp\/v2\/product_tag?post=48480"}],"curies":[{"name":"wp","href":"https:\/\/api.w.org\/{rel}","templated":true}]}}