{"id":48490,"date":"2020-09-15T15:38:44","date_gmt":"2020-09-15T13:38:44","guid":{"rendered":"https:\/\/anasounds.com\/?post_type=product&#038;p=48490"},"modified":"2026-03-10T19:06:46","modified_gmt":"2026-03-10T18:06:46","slug":"alimentation-k-daughterboard-bundle","status":"publish","type":"product","link":"https:\/\/anasounds.com\/fr\/produit\/alimentation-k-daughterboard-bundle\/","title":{"rendered":"alimentation K+ daughterboard &#8211; bundle"},"content":{"rendered":"<h3 style=\"text-align: center;\">pourquoi le bundle K+ daughterboard ?<\/h3>\n<p>&nbsp;<\/p>\n<p style=\"text-align: center;\">Tu cherches une solution simple et performante pour alimenter ton pedalboard ? Ce bundle K+ daughterboard contient tout le n\u00e9cessaire pour alimenter<br \/>\njusqu&rsquo;\u00e0 6 p\u00e9dales 9V.<\/p>\n<p style=\"text-align: center;\">Si tu as besoin de plus de sorties ou de diff\u00e9rentes tensions, tu peux te tourner vers l&rsquo;<a href=\"https:\/\/anasounds.com\/fr\/produit\/alimentation-k-motherboard-bundle\/\">alimentation K+ motherboard<\/a>, qui propose 10 sorties, dont 2 ajustables \u00e0 9, 12, 15 ou 18V.<br \/>\nEt si tu as une usine \u00e0 gaz, on a aussi pens\u00e9 \u00e0 toi, on te propose un <a href=\"https:\/\/anasounds.com\/fr\/produit\/alimentation-k-power-source-premium-bundle\/\">bundle qui contient les 2 alims<\/a> !<\/p>\n<p style=\"text-align: center;\">Et si tu aimes le DIY et que souder une alim ne te fais pas peur, il y a notre alimentation <a href=\"https:\/\/anasounds.com\/fr\/categorie-produit\/fx-teacher\/\/kits\/fx-power-source\/bundle\">FX Power Source<\/a>. C&rsquo;est une alim ultra modulaire, avec des cartes que tu peux assembler et d\u00e9brancher<br \/>\nautant de fois que tu veux. Comme \u00e7a tu peux faire \u00e9voluer la taille et les sorties de ton alim au fur et \u00e0 mesure que ton board s&rsquo;agrandit !<\/p>\n<p>&nbsp;<\/p>\n<h3 style=\"text-align: center;\">les meilleures performances du march\u00e9 !<\/h3>\n<p>&nbsp;<\/p>\n<p style=\"text-align: center;\">Avec l&rsquo;alimentation K+ daughterboard, tu as 2 blocs de 3 sorties 9V. Chaque bloc est isol\u00e9 et peut fournir jusqu&rsquo;\u00e0 un amp\u00e8re !<br \/>\nC&rsquo;est tout simplement les meilleures perfs en terme de courants sur le march\u00e9 ! On a test\u00e9 avec des pr\u00e9amps \u00e0 lampes et on les a aliment\u00e9 sans aucun souci.<br \/>\nTu as de quoi alimenter 90% des p\u00e9dales du march\u00e9 !<\/p>\n<p style=\"text-align: center;\">Tu peux fixer l&rsquo;alim \u00e0 ton pedalboard avec du velcro. Mais si tu veux une fixation propre et solide, tu peux te procurer des <a href=\"https:\/\/anasounds.com\/fr\/produit\/kit-equerres-de-fixation-pour-pedalboard-anasounds-k-et-fx-power-source\/\">\u00e9querres<\/a> sp\u00e9cialement con\u00e7ues pour nos alims.<br \/>\nOn les a imagin\u00e9 pour \u00eatre compatibles avec la plupart des pedalboards du march\u00e9 (<a href=\"\/?product_cat=pedalboards-fr\/pedaltrain\">Pedaltrain<\/a>, <a href=\"\/?product_cat=pedalboards-fr\/aclam\">Aclam<\/a>, <a href=\"https:\/\/www.templeaudio.com\/\">Temple Audio<\/a>, etc\u2026).<\/p>\n<p>&nbsp;<\/p>\n<h3 style=\"text-align: center;\">qu&rsquo;est ce qui est inclus ?<\/h3>\n<p>&nbsp;<\/p>\n<p style=\"text-align: center;\">Dans ce bundle tu as donc :<\/p>\n<p style=\"text-align: center;\">L&rsquo;alimentation K+ daughterboard (dimensions : 102 x 80 x 35 mm, 4.02 x 3.15 x 1.38 inches)<br \/>\nUn bloc d&rsquo;alim secteur (diff\u00e9rentes prises secteur disponibles suivant le pays)<br \/>\n14 c\u00e2bles 2.1 x 5.5mm, pour connecter tes p\u00e9dales<br \/>\n(2 de 25cm, 6 de 35cm, 2 de 45cm, 2 de 60cm, 1 de 90cm et 1 avec polarit\u00e9 invers\u00e9e, 1 adaptateur 5.5\/2.1 \u00e0 5.5\/2.5)<\/p>\n","protected":false},"excerpt":{"rendered":"<p>Pour alimenter jusqu&rsquo;\u00e0 6 p\u00e9dales 9V, et jusqu&rsquo;\u00e0 1A !<\/p>\n","protected":false},"featured_media":81528,"comment_status":"open","ping_status":"closed","template":"","meta":[],"product_brand":[],"product_cat":[661,268,510,986],"product_tag":[1483,948,515],"class_list":{"0":"post-48490","1":"product","2":"type-product","3":"status-publish","4":"has-post-thumbnail","6":"product_cat-nouveau","7":"product_cat-pedales-anasounds","8":"product_cat-alimentations","9":"product_cat-anasounds-k","10":"product_tag-1a","11":"product_tag-9v","12":"product_tag-alimentation","14":"first","15":"onbackorder","16":"taxable","17":"shipping-taxable","18":"purchasable","19":"product-type-variable","20":"has-default-attributes"},"supplier_id":null,"supplier_sku":"","barcode":null,"atum_controlled":true,"out_stock_date":null,"out_stock_threshold":null,"inheritable":true,"inbound_stock":0,"stock_on_hold":0,"sold_today":0,"sales_last_days":0,"reserved_stock":0,"customer_returns":0,"warehouse_damage":0,"lost_in_post":0,"other_logs":0,"out_stock_days":0,"lost_sales":0,"has_location":false,"update_date":"2026-04-04T01:02:26","atum_locations":[],"atum_stock_status":"onbackorder","restock_status":false,"low_stock_amount":"","sales_update_date":"2026-04-04T01:02:26","calc_backorders":-3,"yoast_head":"<!-- This site is optimized with the Yoast SEO plugin v26.5 - https:\/\/yoast.com\/wordpress\/plugins\/seo\/ -->\n<title>alimentation K+ daughterboard - bundle | Anasounds<\/title>\n<meta name=\"description\" content=\"Avec ce bundle K+ daughterboard, tu as tout ce qu&#039;il faut pour alimenter jusqu&#039;\u00e0 6 p\u00e9dales 9V, et jusqu&#039;\u00e0 un amp\u00e8re ! De quoi alimenter 90% des p\u00e9dales !\" \/>\n<meta name=\"robots\" content=\"index, follow, max-snippet:-1, max-image-preview:large, max-video-preview:-1\" \/>\n<link rel=\"canonical\" href=\"https:\/\/anasounds.com\/fr\/produit\/alimentation-k-daughterboard-bundle\/\" \/>\n<meta property=\"og:locale\" content=\"fr_FR\" \/>\n<meta property=\"og:type\" content=\"article\" \/>\n<meta property=\"og:title\" content=\"alimentation K+ daughterboard - bundle | Anasounds\" \/>\n<meta property=\"og:description\" content=\"Avec ce bundle K+ daughterboard, tu as tout ce qu&#039;il faut pour alimenter jusqu&#039;\u00e0 6 p\u00e9dales 9V, et jusqu&#039;\u00e0 un amp\u00e8re ! De quoi alimenter 90% des p\u00e9dales !\" \/>\n<meta property=\"og:url\" content=\"https:\/\/anasounds.com\/fr\/produit\/alimentation-k-daughterboard-bundle\/\" \/>\n<meta property=\"og:site_name\" content=\"Anasounds\" \/>\n<meta property=\"article:publisher\" content=\"https:\/\/www.facebook.com\/AnasoundsFX\/\" \/>\n<meta property=\"article:modified_time\" content=\"2026-03-10T18:06:46+00:00\" \/>\n<meta property=\"og:image\" content=\"https:\/\/anasounds.com\/wp-content\/uploads\/2020\/09\/1-1.jpg\" \/>\n\t<meta property=\"og:image:width\" content=\"2048\" \/>\n\t<meta property=\"og:image:height\" content=\"2048\" \/>\n\t<meta property=\"og:image:type\" content=\"image\/jpeg\" \/>\n<meta name=\"twitter:card\" content=\"summary_large_image\" \/>\n<meta name=\"twitter:label1\" content=\"Dur\u00e9e de lecture estim\u00e9e\" \/>\n\t<meta name=\"twitter:data1\" content=\"2 minutes\" \/>\n<script type=\"application\/ld+json\" class=\"yoast-schema-graph\">{\"@context\":\"https:\/\/schema.org\",\"@graph\":[{\"@type\":\"WebPage\",\"@id\":\"https:\/\/anasounds.com\/fr\/produit\/alimentation-k-daughterboard-bundle\/\",\"url\":\"https:\/\/anasounds.com\/fr\/produit\/alimentation-k-daughterboard-bundle\/\",\"name\":\"alimentation K+ daughterboard - bundle | Anasounds\",\"isPartOf\":{\"@id\":\"https:\/\/anasounds.com\/#website\"},\"primaryImageOfPage\":{\"@id\":\"https:\/\/anasounds.com\/fr\/produit\/alimentation-k-daughterboard-bundle\/#primaryimage\"},\"image\":{\"@id\":\"https:\/\/anasounds.com\/fr\/produit\/alimentation-k-daughterboard-bundle\/#primaryimage\"},\"thumbnailUrl\":\"https:\/\/anasounds.com\/wp-content\/uploads\/2020\/09\/1-1.jpg\",\"datePublished\":\"2020-09-15T13:38:44+00:00\",\"dateModified\":\"2026-03-10T18:06:46+00:00\",\"description\":\"Avec ce bundle K+ daughterboard, tu as tout ce qu'il faut pour alimenter jusqu'\u00e0 6 p\u00e9dales 9V, et jusqu'\u00e0 un amp\u00e8re ! De quoi alimenter 90% des p\u00e9dales !\",\"breadcrumb\":{\"@id\":\"https:\/\/anasounds.com\/fr\/produit\/alimentation-k-daughterboard-bundle\/#breadcrumb\"},\"inLanguage\":\"fr-FR\",\"potentialAction\":[{\"@type\":\"ReadAction\",\"target\":[\"https:\/\/anasounds.com\/fr\/produit\/alimentation-k-daughterboard-bundle\/\"]}]},{\"@type\":\"ImageObject\",\"inLanguage\":\"fr-FR\",\"@id\":\"https:\/\/anasounds.com\/fr\/produit\/alimentation-k-daughterboard-bundle\/#primaryimage\",\"url\":\"https:\/\/anasounds.com\/wp-content\/uploads\/2020\/09\/1-1.jpg\",\"contentUrl\":\"https:\/\/anasounds.com\/wp-content\/uploads\/2020\/09\/1-1.jpg\",\"width\":2048,\"height\":2048},{\"@type\":\"BreadcrumbList\",\"@id\":\"https:\/\/anasounds.com\/fr\/produit\/alimentation-k-daughterboard-bundle\/#breadcrumb\",\"itemListElement\":[{\"@type\":\"ListItem\",\"position\":1,\"name\":\"Home\",\"item\":\"https:\/\/anasounds.com\/fr\/\"},{\"@type\":\"ListItem\",\"position\":2,\"name\":\"boutique\",\"item\":\"https:\/\/anasounds.com\/fr\/shop\/\"},{\"@type\":\"ListItem\",\"position\":3,\"name\":\"alimentation K+ daughterboard &#8211; bundle\"}]},{\"@type\":\"WebSite\",\"@id\":\"https:\/\/anasounds.com\/#website\",\"url\":\"https:\/\/anasounds.com\/\",\"name\":\"Anasounds\",\"description\":\"P\u00e9dales \u00e0 la Fran\u00e7aise\",\"publisher\":{\"@id\":\"https:\/\/anasounds.com\/#organization\"},\"potentialAction\":[{\"@type\":\"SearchAction\",\"target\":{\"@type\":\"EntryPoint\",\"urlTemplate\":\"https:\/\/anasounds.com\/?s={search_term_string}\"},\"query-input\":{\"@type\":\"PropertyValueSpecification\",\"valueRequired\":true,\"valueName\":\"search_term_string\"}}],\"inLanguage\":\"fr-FR\"},{\"@type\":\"Organization\",\"@id\":\"https:\/\/anasounds.com\/#organization\",\"name\":\"Anasounds\",\"url\":\"https:\/\/anasounds.com\/\",\"logo\":{\"@type\":\"ImageObject\",\"inLanguage\":\"fr-FR\",\"@id\":\"https:\/\/anasounds.com\/#\/schema\/logo\/image\/\",\"url\":\"https:\/\/anasounds.com\/wp-content\/uploads\/2017\/10\/Logomadeinfrnoirblc.png\",\"contentUrl\":\"https:\/\/anasounds.com\/wp-content\/uploads\/2017\/10\/Logomadeinfrnoirblc.png\",\"width\":300,\"height\":300,\"caption\":\"Anasounds\"},\"image\":{\"@id\":\"https:\/\/anasounds.com\/#\/schema\/logo\/image\/\"},\"sameAs\":[\"https:\/\/www.facebook.com\/AnasoundsFX\/\",\"https:\/\/www.instagram.com\/anasounds\/\",\"https:\/\/www.youtube.com\/user\/AnaSoundsFR\"]}]}<\/script>\n<!-- \/ Yoast SEO plugin. -->","yoast_head_json":{"title":"alimentation K+ daughterboard - bundle | Anasounds","description":"Avec ce bundle K+ daughterboard, tu as tout ce qu'il faut pour alimenter jusqu'\u00e0 6 p\u00e9dales 9V, et jusqu'\u00e0 un amp\u00e8re ! De quoi alimenter 90% des p\u00e9dales !","robots":{"index":"index","follow":"follow","max-snippet":"max-snippet:-1","max-image-preview":"max-image-preview:large","max-video-preview":"max-video-preview:-1"},"canonical":"https:\/\/anasounds.com\/fr\/produit\/alimentation-k-daughterboard-bundle\/","og_locale":"fr_FR","og_type":"article","og_title":"alimentation K+ daughterboard - bundle | Anasounds","og_description":"Avec ce bundle K+ daughterboard, tu as tout ce qu'il faut pour alimenter jusqu'\u00e0 6 p\u00e9dales 9V, et jusqu'\u00e0 un amp\u00e8re ! De quoi alimenter 90% des p\u00e9dales !","og_url":"https:\/\/anasounds.com\/fr\/produit\/alimentation-k-daughterboard-bundle\/","og_site_name":"Anasounds","article_publisher":"https:\/\/www.facebook.com\/AnasoundsFX\/","article_modified_time":"2026-03-10T18:06:46+00:00","og_image":[{"width":2048,"height":2048,"url":"https:\/\/anasounds.com\/wp-content\/uploads\/2020\/09\/1-1.jpg","type":"image\/jpeg"}],"twitter_card":"summary_large_image","twitter_misc":{"Dur\u00e9e de lecture estim\u00e9e":"2 minutes"},"schema":{"@context":"https:\/\/schema.org","@graph":[{"@type":"WebPage","@id":"https:\/\/anasounds.com\/fr\/produit\/alimentation-k-daughterboard-bundle\/","url":"https:\/\/anasounds.com\/fr\/produit\/alimentation-k-daughterboard-bundle\/","name":"alimentation K+ daughterboard - bundle | Anasounds","isPartOf":{"@id":"https:\/\/anasounds.com\/#website"},"primaryImageOfPage":{"@id":"https:\/\/anasounds.com\/fr\/produit\/alimentation-k-daughterboard-bundle\/#primaryimage"},"image":{"@id":"https:\/\/anasounds.com\/fr\/produit\/alimentation-k-daughterboard-bundle\/#primaryimage"},"thumbnailUrl":"https:\/\/anasounds.com\/wp-content\/uploads\/2020\/09\/1-1.jpg","datePublished":"2020-09-15T13:38:44+00:00","dateModified":"2026-03-10T18:06:46+00:00","description":"Avec ce bundle K+ daughterboard, tu as tout ce qu'il faut pour alimenter jusqu'\u00e0 6 p\u00e9dales 9V, et jusqu'\u00e0 un amp\u00e8re ! De quoi alimenter 90% des p\u00e9dales !","breadcrumb":{"@id":"https:\/\/anasounds.com\/fr\/produit\/alimentation-k-daughterboard-bundle\/#breadcrumb"},"inLanguage":"fr-FR","potentialAction":[{"@type":"ReadAction","target":["https:\/\/anasounds.com\/fr\/produit\/alimentation-k-daughterboard-bundle\/"]}]},{"@type":"ImageObject","inLanguage":"fr-FR","@id":"https:\/\/anasounds.com\/fr\/produit\/alimentation-k-daughterboard-bundle\/#primaryimage","url":"https:\/\/anasounds.com\/wp-content\/uploads\/2020\/09\/1-1.jpg","contentUrl":"https:\/\/anasounds.com\/wp-content\/uploads\/2020\/09\/1-1.jpg","width":2048,"height":2048},{"@type":"BreadcrumbList","@id":"https:\/\/anasounds.com\/fr\/produit\/alimentation-k-daughterboard-bundle\/#breadcrumb","itemListElement":[{"@type":"ListItem","position":1,"name":"Home","item":"https:\/\/anasounds.com\/fr\/"},{"@type":"ListItem","position":2,"name":"boutique","item":"https:\/\/anasounds.com\/fr\/shop\/"},{"@type":"ListItem","position":3,"name":"alimentation K+ daughterboard &#8211; bundle"}]},{"@type":"WebSite","@id":"https:\/\/anasounds.com\/#website","url":"https:\/\/anasounds.com\/","name":"Anasounds","description":"P\u00e9dales \u00e0 la Fran\u00e7aise","publisher":{"@id":"https:\/\/anasounds.com\/#organization"},"potentialAction":[{"@type":"SearchAction","target":{"@type":"EntryPoint","urlTemplate":"https:\/\/anasounds.com\/?s={search_term_string}"},"query-input":{"@type":"PropertyValueSpecification","valueRequired":true,"valueName":"search_term_string"}}],"inLanguage":"fr-FR"},{"@type":"Organization","@id":"https:\/\/anasounds.com\/#organization","name":"Anasounds","url":"https:\/\/anasounds.com\/","logo":{"@type":"ImageObject","inLanguage":"fr-FR","@id":"https:\/\/anasounds.com\/#\/schema\/logo\/image\/","url":"https:\/\/anasounds.com\/wp-content\/uploads\/2017\/10\/Logomadeinfrnoirblc.png","contentUrl":"https:\/\/anasounds.com\/wp-content\/uploads\/2017\/10\/Logomadeinfrnoirblc.png","width":300,"height":300,"caption":"Anasounds"},"image":{"@id":"https:\/\/anasounds.com\/#\/schema\/logo\/image\/"},"sameAs":["https:\/\/www.facebook.com\/AnasoundsFX\/","https:\/\/www.instagram.com\/anasounds\/","https:\/\/www.youtube.com\/user\/AnaSoundsFR"]}]}},"_links":{"self":[{"href":"https:\/\/anasounds.com\/fr\/wp-json\/wp\/v2\/product\/48490","targetHints":{"allow":["GET"]}}],"collection":[{"href":"https:\/\/anasounds.com\/fr\/wp-json\/wp\/v2\/product"}],"about":[{"href":"https:\/\/anasounds.com\/fr\/wp-json\/wp\/v2\/types\/product"}],"replies":[{"embeddable":true,"href":"https:\/\/anasounds.com\/fr\/wp-json\/wp\/v2\/comments?post=48490"}],"wp:featuredmedia":[{"embeddable":true,"href":"https:\/\/anasounds.com\/fr\/wp-json\/wp\/v2\/media\/81528"}],"wp:attachment":[{"href":"https:\/\/anasounds.com\/fr\/wp-json\/wp\/v2\/media?parent=48490"}],"wp:term":[{"taxonomy":"product_brand","embeddable":true,"href":"https:\/\/anasounds.com\/fr\/wp-json\/wp\/v2\/product_brand?post=48490"},{"taxonomy":"product_cat","embeddable":true,"href":"https:\/\/anasounds.com\/fr\/wp-json\/wp\/v2\/product_cat?post=48490"},{"taxonomy":"product_tag","embeddable":true,"href":"https:\/\/anasounds.com\/fr\/wp-json\/wp\/v2\/product_tag?post=48490"}],"curies":[{"name":"wp","href":"https:\/\/api.w.org\/{rel}","templated":true}]}}