{"id":48497,"date":"2020-09-15T17:05:10","date_gmt":"2020-09-15T15:05:10","guid":{"rendered":"https:\/\/anasounds.com\/?post_type=product&#038;p=48497"},"modified":"2025-02-14T19:40:08","modified_gmt":"2025-02-14T18:40:08","slug":"alimentation-k-motherboard-extension","status":"publish","type":"product","link":"https:\/\/anasounds.com\/fr\/produit\/alimentation-k-motherboard-extension\/","title":{"rendered":"alimentation K+ motherboard &#8211; extension"},"content":{"rendered":"<h3 style=\"text-align: center;\">pourquoi l&rsquo;extension K+ motherboard ?<\/h3>\n<p>&nbsp;<\/p>\n<p style=\"text-align: center;\">Tu poss\u00e8des d\u00e9j\u00e0 un bundle d&rsquo;alimentation K+, mais ce n&rsquo;est pas suffisant pour ton board ? On te propose ici une motherboard sans l&rsquo;adaptateur secteur,<br \/>\npour la connecter directement \u00e0 la sortie 24V THRU de ton autre alimentation K+ !<\/p>\n<p style=\"text-align: center;\">Avec l&rsquo;alimentation K+ motherboard, tu peux alimenter jusqu&rsquo;\u00e0 10 p\u00e9dales ! Avec 2 sorties ajustables en tension.<\/p>\n<p style=\"text-align: center;\">Si tu n&rsquo;as besoin que d&rsquo;un bloc d&rsquo;alimentation, tu peux te tourner vers les bundles <a href=\"https:\/\/anasounds.com\/fr\/produit\/alimentation-k-daughterboard-bundle\/\">K+ daughterboard<\/a>, <a href=\"https:\/\/anasounds.com\/fr\/produit\/alimentation-k-motherboard-bundle\/\">K+ motherboard<\/a> et <a href=\"https:\/\/anasounds.com\/fr\/produit\/alimentation-k-power-source-premium-bundle\/\">premium bundle<\/a>, qui incluent l&rsquo;adaptateur secteur.<\/p>\n<p style=\"text-align: center;\">Et si tu aimes le DIY et que souder une alim ne te fais pas peur, il y a notre alimentation <a href=\"https:\/\/anasounds.com\/fr\/categorie-produit\/fx-teacher\/\/kits\/fx-power-source\/bundle\">FX Power Source<\/a>. C&rsquo;est une alim ultra modulaire, avec des cartes que tu peux assembler et d\u00e9brancher<br \/>\nautant de fois que tu veux. Comme \u00e7a tu peux faire \u00e9voluer la taille et les sorties de ton alim au fur et \u00e0 mesure que ton board s&rsquo;agrandit !<\/p>\n<p>&nbsp;<\/p>\n<h3 style=\"text-align: center;\">les meilleures performances du march\u00e9 !<\/h3>\n<p>&nbsp;<\/p>\n<p style=\"text-align: center;\">Avec l&rsquo;alimentation K+ motherboard, tu as 2 blocs de 4 sorties 9V, et 2 sorties ajustables. Chaque bloc est isol\u00e9 et peut fournir jusqu&rsquo;\u00e0 un amp\u00e8re !<br \/>\nC&rsquo;est tout simplement les meilleures perfs en terme de courants sur le march\u00e9 ! On a test\u00e9 avec des pr\u00e9amps \u00e0 lampes et on les a aliment\u00e9 sans aucun souci !<\/p>\n<p style=\"text-align: center;\">Par rapport \u00e0 l&rsquo;alimentation K+ daughterboard, tu as 2 sorties ajustables. Il y a un petit switch sur chaque sortie, qui te permet de les passer<br \/>\n\u00e0 9, 12, 15 ou 18V. De quoi alimenter quasiment toutes les p\u00e9dales du march\u00e9 !<\/p>\n<p style=\"text-align: center;\">Tu peux fixer l&rsquo;alim \u00e0 ton pedalboard avec du velcro. Mais si tu veux une fixation propre et solide, tu peux te procurer des <a href=\"https:\/\/anasounds.com\/fr\/produit\/kit-equerres-de-fixation-pour-pedalboard-anasounds-k-et-fx-power-source\/\">\u00e9querres<\/a> sp\u00e9cialement con\u00e7ues pour nos alims.<br \/>\nOn les a imagin\u00e9 pour \u00eatre compatibles avec la plupart des pedalboards du march\u00e9 (<a href=\"\/?product_cat=pedalboards-fr\/pedaltrain\">Pedaltrain<\/a>, <a href=\"\/?product_cat=pedalboards-fr\/aclam\">Aclam<\/a>, <a href=\"https:\/\/www.templeaudio.com\/\">Temple Audio<\/a>, etc\u2026).<\/p>\n<p>&nbsp;<\/p>\n<h3 style=\"text-align: center;\">qu&rsquo;est ce qui est inclus ?<\/h3>\n<p>&nbsp;<\/p>\n<p style=\"text-align: center;\">L&rsquo;alimentation K+ motherboard (dimensions : 186 x 80 x 35 mm, 7.32 x 3.15 x 1.38 inches)<br \/>\n14 c\u00e2bles 2.1 x 5.5mm, pour connecter tes p\u00e9dales<br \/>\n(2 de 25cm, 6 de 35cm, 2 de 45cm, 2 de 60cm, 1 de 90cm et 1 avec polarit\u00e9 invers\u00e9e, adaptateur 5.5\/2.1 \u00e0 5.5\/2.5)<\/p>\n","protected":false},"excerpt":{"rendered":"<p>Pour rajouter 10 sorties \u00e0 une autre alimentation K+ Motherboard !<\/p>\n","protected":false},"featured_media":81512,"comment_status":"open","ping_status":"closed","template":"","meta":[],"product_brand":[],"product_cat":[986],"product_tag":[955,1484,956,1483,948,515],"class_list":{"0":"post-48497","1":"product","2":"type-product","3":"status-publish","4":"has-post-thumbnail","6":"product_cat-anasounds-k","7":"product_tag-12v","8":"product_tag-15v","9":"product_tag-18v","10":"product_tag-1a","11":"product_tag-9v","12":"product_tag-alimentation","14":"first","15":"onbackorder","16":"taxable","17":"shipping-taxable","18":"purchasable","19":"product-type-simple"},"supplier_id":83515,"supplier_sku":"","barcode":null,"atum_controlled":true,"out_stock_date":"2025-02-14 19:40:09","out_stock_threshold":null,"inheritable":false,"inbound_stock":0,"stock_on_hold":0,"sold_today":0,"sales_last_days":0,"reserved_stock":0,"customer_returns":0,"warehouse_damage":0,"lost_in_post":0,"other_logs":0,"out_stock_days":413,"lost_sales":0,"has_location":false,"update_date":"2026-04-04T00:58:47","atum_locations":[],"atum_stock_status":"onbackorder","restock_status":false,"low_stock_amount":"","sales_update_date":"2026-04-04T00:58:47","calc_backorders":0,"yoast_head":"<!-- This site is optimized with the Yoast SEO plugin v26.5 - https:\/\/yoast.com\/wordpress\/plugins\/seo\/ -->\n<title>alimentation K+ motherboard - extension | Anasounds<\/title>\n<meta name=\"description\" content=\"L&#039;alimentation K+ motherboard sans l&#039;adaptateur secteur, pour connecter \u00e0 la sortie 24V THRU d&#039;une autre motherboard et rajouter 10 sorties !\" \/>\n<meta name=\"robots\" content=\"index, follow, max-snippet:-1, max-image-preview:large, max-video-preview:-1\" \/>\n<link rel=\"canonical\" href=\"https:\/\/anasounds.com\/fr\/produit\/alimentation-k-motherboard-extension\/\" \/>\n<meta property=\"og:locale\" content=\"fr_FR\" \/>\n<meta property=\"og:type\" content=\"article\" \/>\n<meta property=\"og:title\" content=\"alimentation K+ motherboard - extension | Anasounds\" \/>\n<meta property=\"og:description\" content=\"L&#039;alimentation K+ motherboard sans l&#039;adaptateur secteur, pour connecter \u00e0 la sortie 24V THRU d&#039;une autre motherboard et rajouter 10 sorties !\" \/>\n<meta property=\"og:url\" content=\"https:\/\/anasounds.com\/fr\/produit\/alimentation-k-motherboard-extension\/\" \/>\n<meta property=\"og:site_name\" content=\"Anasounds\" \/>\n<meta property=\"article:publisher\" content=\"https:\/\/www.facebook.com\/AnasoundsFX\/\" \/>\n<meta property=\"article:modified_time\" content=\"2025-02-14T18:40:08+00:00\" \/>\n<meta property=\"og:image\" content=\"https:\/\/anasounds.com\/wp-content\/uploads\/2020\/09\/3.jpg\" \/>\n\t<meta property=\"og:image:width\" content=\"1500\" \/>\n\t<meta property=\"og:image:height\" content=\"1500\" \/>\n\t<meta property=\"og:image:type\" content=\"image\/jpeg\" \/>\n<meta name=\"twitter:card\" content=\"summary_large_image\" \/>\n<meta name=\"twitter:label1\" content=\"Dur\u00e9e de lecture estim\u00e9e\" \/>\n\t<meta name=\"twitter:data1\" content=\"2 minutes\" \/>\n<script type=\"application\/ld+json\" class=\"yoast-schema-graph\">{\"@context\":\"https:\/\/schema.org\",\"@graph\":[{\"@type\":\"WebPage\",\"@id\":\"https:\/\/anasounds.com\/fr\/produit\/alimentation-k-motherboard-extension\/\",\"url\":\"https:\/\/anasounds.com\/fr\/produit\/alimentation-k-motherboard-extension\/\",\"name\":\"alimentation K+ motherboard - extension | Anasounds\",\"isPartOf\":{\"@id\":\"https:\/\/anasounds.com\/#website\"},\"primaryImageOfPage\":{\"@id\":\"https:\/\/anasounds.com\/fr\/produit\/alimentation-k-motherboard-extension\/#primaryimage\"},\"image\":{\"@id\":\"https:\/\/anasounds.com\/fr\/produit\/alimentation-k-motherboard-extension\/#primaryimage\"},\"thumbnailUrl\":\"https:\/\/anasounds.com\/wp-content\/uploads\/2020\/09\/3.jpg\",\"datePublished\":\"2020-09-15T15:05:10+00:00\",\"dateModified\":\"2025-02-14T18:40:08+00:00\",\"description\":\"L'alimentation K+ motherboard sans l'adaptateur secteur, pour connecter \u00e0 la sortie 24V THRU d'une autre motherboard et rajouter 10 sorties !\",\"breadcrumb\":{\"@id\":\"https:\/\/anasounds.com\/fr\/produit\/alimentation-k-motherboard-extension\/#breadcrumb\"},\"inLanguage\":\"fr-FR\",\"potentialAction\":[{\"@type\":\"ReadAction\",\"target\":[\"https:\/\/anasounds.com\/fr\/produit\/alimentation-k-motherboard-extension\/\"]}]},{\"@type\":\"ImageObject\",\"inLanguage\":\"fr-FR\",\"@id\":\"https:\/\/anasounds.com\/fr\/produit\/alimentation-k-motherboard-extension\/#primaryimage\",\"url\":\"https:\/\/anasounds.com\/wp-content\/uploads\/2020\/09\/3.jpg\",\"contentUrl\":\"https:\/\/anasounds.com\/wp-content\/uploads\/2020\/09\/3.jpg\",\"width\":1500,\"height\":1500},{\"@type\":\"BreadcrumbList\",\"@id\":\"https:\/\/anasounds.com\/fr\/produit\/alimentation-k-motherboard-extension\/#breadcrumb\",\"itemListElement\":[{\"@type\":\"ListItem\",\"position\":1,\"name\":\"Home\",\"item\":\"https:\/\/anasounds.com\/fr\/\"},{\"@type\":\"ListItem\",\"position\":2,\"name\":\"boutique\",\"item\":\"https:\/\/anasounds.com\/fr\/shop\/\"},{\"@type\":\"ListItem\",\"position\":3,\"name\":\"alimentation K+ motherboard &#8211; extension\"}]},{\"@type\":\"WebSite\",\"@id\":\"https:\/\/anasounds.com\/#website\",\"url\":\"https:\/\/anasounds.com\/\",\"name\":\"Anasounds\",\"description\":\"P\u00e9dales \u00e0 la Fran\u00e7aise\",\"publisher\":{\"@id\":\"https:\/\/anasounds.com\/#organization\"},\"potentialAction\":[{\"@type\":\"SearchAction\",\"target\":{\"@type\":\"EntryPoint\",\"urlTemplate\":\"https:\/\/anasounds.com\/?s={search_term_string}\"},\"query-input\":{\"@type\":\"PropertyValueSpecification\",\"valueRequired\":true,\"valueName\":\"search_term_string\"}}],\"inLanguage\":\"fr-FR\"},{\"@type\":\"Organization\",\"@id\":\"https:\/\/anasounds.com\/#organization\",\"name\":\"Anasounds\",\"url\":\"https:\/\/anasounds.com\/\",\"logo\":{\"@type\":\"ImageObject\",\"inLanguage\":\"fr-FR\",\"@id\":\"https:\/\/anasounds.com\/#\/schema\/logo\/image\/\",\"url\":\"https:\/\/anasounds.com\/wp-content\/uploads\/2017\/10\/Logomadeinfrnoirblc.png\",\"contentUrl\":\"https:\/\/anasounds.com\/wp-content\/uploads\/2017\/10\/Logomadeinfrnoirblc.png\",\"width\":300,\"height\":300,\"caption\":\"Anasounds\"},\"image\":{\"@id\":\"https:\/\/anasounds.com\/#\/schema\/logo\/image\/\"},\"sameAs\":[\"https:\/\/www.facebook.com\/AnasoundsFX\/\",\"https:\/\/www.instagram.com\/anasounds\/\",\"https:\/\/www.youtube.com\/user\/AnaSoundsFR\"]}]}<\/script>\n<!-- \/ Yoast SEO plugin. -->","yoast_head_json":{"title":"alimentation K+ motherboard - extension | Anasounds","description":"L'alimentation K+ motherboard sans l'adaptateur secteur, pour connecter \u00e0 la sortie 24V THRU d'une autre motherboard et rajouter 10 sorties !","robots":{"index":"index","follow":"follow","max-snippet":"max-snippet:-1","max-image-preview":"max-image-preview:large","max-video-preview":"max-video-preview:-1"},"canonical":"https:\/\/anasounds.com\/fr\/produit\/alimentation-k-motherboard-extension\/","og_locale":"fr_FR","og_type":"article","og_title":"alimentation K+ motherboard - extension | Anasounds","og_description":"L'alimentation K+ motherboard sans l'adaptateur secteur, pour connecter \u00e0 la sortie 24V THRU d'une autre motherboard et rajouter 10 sorties !","og_url":"https:\/\/anasounds.com\/fr\/produit\/alimentation-k-motherboard-extension\/","og_site_name":"Anasounds","article_publisher":"https:\/\/www.facebook.com\/AnasoundsFX\/","article_modified_time":"2025-02-14T18:40:08+00:00","og_image":[{"width":1500,"height":1500,"url":"https:\/\/anasounds.com\/wp-content\/uploads\/2020\/09\/3.jpg","type":"image\/jpeg"}],"twitter_card":"summary_large_image","twitter_misc":{"Dur\u00e9e de lecture estim\u00e9e":"2 minutes"},"schema":{"@context":"https:\/\/schema.org","@graph":[{"@type":"WebPage","@id":"https:\/\/anasounds.com\/fr\/produit\/alimentation-k-motherboard-extension\/","url":"https:\/\/anasounds.com\/fr\/produit\/alimentation-k-motherboard-extension\/","name":"alimentation K+ motherboard - extension | Anasounds","isPartOf":{"@id":"https:\/\/anasounds.com\/#website"},"primaryImageOfPage":{"@id":"https:\/\/anasounds.com\/fr\/produit\/alimentation-k-motherboard-extension\/#primaryimage"},"image":{"@id":"https:\/\/anasounds.com\/fr\/produit\/alimentation-k-motherboard-extension\/#primaryimage"},"thumbnailUrl":"https:\/\/anasounds.com\/wp-content\/uploads\/2020\/09\/3.jpg","datePublished":"2020-09-15T15:05:10+00:00","dateModified":"2025-02-14T18:40:08+00:00","description":"L'alimentation K+ motherboard sans l'adaptateur secteur, pour connecter \u00e0 la sortie 24V THRU d'une autre motherboard et rajouter 10 sorties !","breadcrumb":{"@id":"https:\/\/anasounds.com\/fr\/produit\/alimentation-k-motherboard-extension\/#breadcrumb"},"inLanguage":"fr-FR","potentialAction":[{"@type":"ReadAction","target":["https:\/\/anasounds.com\/fr\/produit\/alimentation-k-motherboard-extension\/"]}]},{"@type":"ImageObject","inLanguage":"fr-FR","@id":"https:\/\/anasounds.com\/fr\/produit\/alimentation-k-motherboard-extension\/#primaryimage","url":"https:\/\/anasounds.com\/wp-content\/uploads\/2020\/09\/3.jpg","contentUrl":"https:\/\/anasounds.com\/wp-content\/uploads\/2020\/09\/3.jpg","width":1500,"height":1500},{"@type":"BreadcrumbList","@id":"https:\/\/anasounds.com\/fr\/produit\/alimentation-k-motherboard-extension\/#breadcrumb","itemListElement":[{"@type":"ListItem","position":1,"name":"Home","item":"https:\/\/anasounds.com\/fr\/"},{"@type":"ListItem","position":2,"name":"boutique","item":"https:\/\/anasounds.com\/fr\/shop\/"},{"@type":"ListItem","position":3,"name":"alimentation K+ motherboard &#8211; extension"}]},{"@type":"WebSite","@id":"https:\/\/anasounds.com\/#website","url":"https:\/\/anasounds.com\/","name":"Anasounds","description":"P\u00e9dales \u00e0 la Fran\u00e7aise","publisher":{"@id":"https:\/\/anasounds.com\/#organization"},"potentialAction":[{"@type":"SearchAction","target":{"@type":"EntryPoint","urlTemplate":"https:\/\/anasounds.com\/?s={search_term_string}"},"query-input":{"@type":"PropertyValueSpecification","valueRequired":true,"valueName":"search_term_string"}}],"inLanguage":"fr-FR"},{"@type":"Organization","@id":"https:\/\/anasounds.com\/#organization","name":"Anasounds","url":"https:\/\/anasounds.com\/","logo":{"@type":"ImageObject","inLanguage":"fr-FR","@id":"https:\/\/anasounds.com\/#\/schema\/logo\/image\/","url":"https:\/\/anasounds.com\/wp-content\/uploads\/2017\/10\/Logomadeinfrnoirblc.png","contentUrl":"https:\/\/anasounds.com\/wp-content\/uploads\/2017\/10\/Logomadeinfrnoirblc.png","width":300,"height":300,"caption":"Anasounds"},"image":{"@id":"https:\/\/anasounds.com\/#\/schema\/logo\/image\/"},"sameAs":["https:\/\/www.facebook.com\/AnasoundsFX\/","https:\/\/www.instagram.com\/anasounds\/","https:\/\/www.youtube.com\/user\/AnaSoundsFR"]}]}},"_links":{"self":[{"href":"https:\/\/anasounds.com\/fr\/wp-json\/wp\/v2\/product\/48497","targetHints":{"allow":["GET"]}}],"collection":[{"href":"https:\/\/anasounds.com\/fr\/wp-json\/wp\/v2\/product"}],"about":[{"href":"https:\/\/anasounds.com\/fr\/wp-json\/wp\/v2\/types\/product"}],"replies":[{"embeddable":true,"href":"https:\/\/anasounds.com\/fr\/wp-json\/wp\/v2\/comments?post=48497"}],"wp:featuredmedia":[{"embeddable":true,"href":"https:\/\/anasounds.com\/fr\/wp-json\/wp\/v2\/media\/81512"}],"wp:attachment":[{"href":"https:\/\/anasounds.com\/fr\/wp-json\/wp\/v2\/media?parent=48497"}],"wp:term":[{"taxonomy":"product_brand","embeddable":true,"href":"https:\/\/anasounds.com\/fr\/wp-json\/wp\/v2\/product_brand?post=48497"},{"taxonomy":"product_cat","embeddable":true,"href":"https:\/\/anasounds.com\/fr\/wp-json\/wp\/v2\/product_cat?post=48497"},{"taxonomy":"product_tag","embeddable":true,"href":"https:\/\/anasounds.com\/fr\/wp-json\/wp\/v2\/product_tag?post=48497"}],"curies":[{"name":"wp","href":"https:\/\/api.w.org\/{rel}","templated":true}]}}